{"id":6226,"date":"2025-11-15T08:06:44","date_gmt":"2025-11-15T08:06:44","guid":{"rendered":"https:\/\/pgvape.com\/?post_type=product&#038;p=6226"},"modified":"2026-04-18T15:31:11","modified_gmt":"2026-04-18T15:31:11","slug":"bang-leader-32000-32k-bouffees-double-saveurs-expedition-de-vape-jetable-depuis-lue-livraison-gratuite-vape-usine-directe","status":"publish","type":"product","link":"https:\/\/pgvape.com\/fr\/produit\/bang-leader-32000-32k-bouffees-double-saveurs-expedition-de-vape-jetable-depuis-lue-livraison-gratuite-vape-usine-directe\/","title":{"rendered":"Bang Leader 32000 | 32K Puffs Vape jetable \u00e0 double saveur | Exp\u00e9dition depuis l'UE | Livraison gratuite | Vape Factory Direct"},"content":{"rendered":"<p><strong data-sourcepos=\"4:5-4:59\">Bang Leader 32K Puffs Vape jetable \u00e0 double saveur<\/strong>\u00a0red\u00e9finit la polyvalence avec\u00a0<strong data-sourcepos=\"4:87-4:103\">32 000 bouff\u00e9es<\/strong>\u00a0et un\u00a0<strong data-sourcepos=\"4:110-4:129\">syst\u00e8me \u00e0 double module<\/strong>\u00a0(28 ml + 28 ml).\u00a0<strong data-sourcepos=\"4:153-4:172\">bobines \u00e0 double maille<\/strong>\u00a0pour\u00a0<strong data-sourcepos=\"4:177-4:196\">saveur am\u00e9lior\u00e9e<\/strong>,  et\u00a0<strong data-sourcepos=\"4:245-4:271\">18 combinaisons de saveurs<\/strong>.\u00a0<strong data-sourcepos=\"4:288-4:317\">m\u00e9canisme coulissant pour interrupteur<\/strong>\u00a0permet des changements de saveur instantan\u00e9s, tandis que le\u00a0<strong data-sourcepos=\"4:359-4:390\">Batterie rechargeable de 650 mAh<\/strong>\u00a0avec\u00a0<strong data-sourcepos=\"4:396-4:415\">Chargement de type C<\/strong>\u00a0garantit une utilisation ininterrompue.\u00a0<strong data-sourcepos=\"4:452-4:472\">10 unit\u00e9s par bo\u00eete<\/strong> pour plus de commodit\u00e9 au d\u00e9tail.Bang Leader 32K Exp\u00e9di\u00e9 directement depuis notre entrep\u00f4t dans l'UE, le\u00a0 garantit une livraison rapide et hors taxes et l'authenticit\u00e9 100%, vous offrant une exp\u00e9rience de vapotage de premier ordre directement \u00e0 votre porte.<\/p>\n<p>&nbsp;<\/p>\n<h2><span style=\"font-size: 90%;\">Bang Leader 32000 |\u00a0<strong data-sourcepos=\"6:5-6:27\">Caract\u00e9ristiques<\/strong><\/span><\/h2>\n<p><strong data-sourcepos=\"7:3-7:17\">Nombre de bouff\u00e9es<\/strong>:\u00a0<strong data-sourcepos=\"7:19-7:35\">32 000 bouff\u00e9es<\/strong><\/p>\n<p><strong data-sourcepos=\"8:3-8:15\">E-Liquide<\/strong>:\u00a0<strong data-sourcepos=\"8:17-8:31\">56 ml au total<\/strong>\u00a0(28 ml x 2 dosettes)<\/p>\n<p><strong data-sourcepos=\"9:3-9:15\">Nicotine<\/strong>: <strong data-sourcepos=\"9:17-9:38\">2%<\/strong><\/p>\n<p><strong data-sourcepos=\"10:3-10:11\">Bobine<\/strong>:\u00a0<strong data-sourcepos=\"10:13-10:31\">Bobine \u00e0 double maille<\/strong>\u00a0(1,0\u03a9)<\/p>\n<p><strong data-sourcepos=\"11:3-11:14\">Batterie<\/strong>:\u00a0<strong data-sourcepos=\"11:16-11:39\">650 mAh rechargeable<\/strong><\/p>\n<p><strong data-sourcepos=\"12:3-12:15\">Chargement<\/strong>:\u00a0<strong data-sourcepos=\"12:17-12:41\">Chargement rapide de type C<\/strong><\/p>\n<p><strong data-sourcepos=\"13:3-13:20\">Changement de saveur<\/strong>:\u00a0<strong data-sourcepos=\"13:22-13:41\">M\u00e9canisme coulissant<\/strong><\/p>\n<p><strong data-sourcepos=\"14:3-14:14\">Saveurs<\/strong>:\u00a0<strong data-sourcepos=\"14:16-14:35\">18 combinaisons<\/strong><\/p>\n<p><strong data-sourcepos=\"15:3-15:16\">Conditionnement<\/strong>:\u00a0<strong data-sourcepos=\"15:18-15:40\">10 pi\u00e8ces\/bo\u00eete d'affichage<\/strong><\/p>\n<p><strong data-sourcepos=\"15:3-15:28\">Exp\u00e9dition en entrep\u00f4t dans l'UE<\/strong>\u00a0\u2013 Livraison rapide et hors taxes<\/p>\n<p>&nbsp;<\/p>\n<h3><span style=\"font-size: 90%;\">Bang Leader 32000 |\u00a0<strong data-start=\"786\" data-end=\"804\" data-is-only-node=\"\">Vari\u00e9t\u00e9 de saveur<\/strong><\/span><\/h3>\n<p>1. Glace \u00e0 la past\u00e8que et menthe aux bleuets<\/p>\n<p>2. Glace \u00e0 la past\u00e8que, fraise et mangue<\/p>\n<p>3. Fraise, past\u00e8que et kiwi, fruit de la passion, goyave<\/p>\n<p>4. Glace aux fraises, past\u00e8que et raisin<\/p>\n<p>5. Myrtille Framboise &amp; P\u00eache Mangue Past\u00e8que<\/p>\n<p>6. Myrtille, past\u00e8que et fraise mangue<\/p>\n<p>7. Glace aux bleuets et glace au dragon noir<\/p>\n<p>8.Glace aux bleuets, fraise et banane<\/p>\n<p>9. Past\u00e8que Red Bull et myrtille<\/p>\n<p>10. Bonbons \u00e0 bulles Red Bull et past\u00e8que<\/p>\n<p>11. Glace aux fraises, kiwi et p\u00eache<\/p>\n<p>12.Fraise Kiwi &amp; Pomme Aigre Framboise<\/p>\n<p>13. Glace \u00e0 la banane et cerise aux bleuets<\/p>\n<p>14. Glace \u00e0 l'avocat et citron vert<\/p>\n<p>15. Glace Cola &amp; Cerise Canneberge<\/p>\n<p>16.Glace \u00e0 l'ananas et triple mangue<\/p>\n<p>17.Lychee Ice &amp; Mangue P\u00eache Ananas<\/p>\n<p>18. Melon miel et framboise past\u00e8que<img loading=\"lazy\" decoding=\"async\" class=\"alignnone wp-image-6231 size-full\" src=\"https:\/\/pgvape.com\/wp-content\/uploads\/2025\/11\/pgvape-Bang-Leader-32000-32k-Puffs-Dual-Flavors-Disposable-Vape-Shipment-from-EU-Free-Shipping-3.png\" alt=\"Douze appareils de vape jetables \u00e0 d\u00e9grad\u00e9 color\u00e9 \u00e9tiquet\u00e9s BANG LEADER et 32 \u200b\u200b000 bouff\u00e9es dispos\u00e9es en grille sur un fond pastel fum\u00e9, chacune accompagn\u00e9e d&#039;ic\u00f4nes de fruits, de glace ou de boisson indiquant des saveurs comme la past\u00e8que, la myrtille, la fraise, la mangue, le kiwi, le fruit de la passion, le raisin, la banane, le Red Bull, le bonbon \u00e0 bulles, la p\u00eache et la framboise.\" width=\"1500\" height=\"1568\" srcset=\"https:\/\/pgvape.com\/wp-content\/uploads\/2025\/11\/pgvape-Bang-Leader-32000-32k-Puffs-Dual-Flavors-Disposable-Vape-Shipment-from-EU-Free-Shipping-3.png 1500w, https:\/\/pgvape.com\/wp-content\/uploads\/2025\/11\/pgvape-Bang-Leader-32000-32k-Puffs-Dual-Flavors-Disposable-Vape-Shipment-from-EU-Free-Shipping-3-344x360.png 344w, https:\/\/pgvape.com\/wp-content\/uploads\/2025\/11\/pgvape-Bang-Leader-32000-32k-Puffs-Dual-Flavors-Disposable-Vape-Shipment-from-EU-Free-Shipping-3-595x622.png 595w, https:\/\/pgvape.com\/wp-content\/uploads\/2025\/11\/pgvape-Bang-Leader-32000-32k-Puffs-Dual-Flavors-Disposable-Vape-Shipment-from-EU-Free-Shipping-3-383x400.png 383w, https:\/\/pgvape.com\/wp-content\/uploads\/2025\/11\/pgvape-Bang-Leader-32000-32k-Puffs-Dual-Flavors-Disposable-Vape-Shipment-from-EU-Free-Shipping-3-768x803.png 768w, https:\/\/pgvape.com\/wp-content\/uploads\/2025\/11\/pgvape-Bang-Leader-32000-32k-Puffs-Dual-Flavors-Disposable-Vape-Shipment-from-EU-Free-Shipping-3-1469x1536.png 1469w, https:\/\/pgvape.com\/wp-content\/uploads\/2025\/11\/pgvape-Bang-Leader-32000-32k-Puffs-Dual-Flavors-Disposable-Vape-Shipment-from-EU-Free-Shipping-3-11x12.png 11w, https:\/\/pgvape.com\/wp-content\/uploads\/2025\/11\/pgvape-Bang-Leader-32000-32k-Puffs-Dual-Flavors-Disposable-Vape-Shipment-from-EU-Free-Shipping-3-600x627.png 600w, https:\/\/pgvape.com\/wp-content\/uploads\/2025\/11\/pgvape-Bang-Leader-32000-32k-Puffs-Dual-Flavors-Disposable-Vape-Shipment-from-EU-Free-Shipping-3-38x40.png 38w\" sizes=\"auto, (max-width: 1500px) 100vw, 1500px\" \/><\/p>\n<p>&nbsp;<\/p>\n<h3><span style=\"font-size: 90%;\">Bang Leader 32000 |\u00a0<strong>Vid\u00e9o<\/strong>:<\/span><\/h3>\n<p>&nbsp;<\/p>\n<h3 class=\"auto-hide-last-sibling-br paragraph-pP9ZLC paragraph-element br-paragraph-space\"><span style=\"font-size: 90%;\">Pourquoi choisir l'entrep\u00f4t europ\u00e9en PGVape\u00a0?<\/span><\/h3>\n<p>Exp\u00e9dition rapide : livraison dans la plupart des pays de l\u2019UE sous 3 \u00e0 7 jours ouvrables.<\/p>\n<p>Livraison hors taxes : le stock local de l\u2019UE garantit une exp\u00e9dition fluide et hors taxes.<\/p>\n<p>Garantie authentique 100%\u00a0: v\u00e9ritables cigarettes \u00e9lectroniques Bang Leader provenant de fournisseurs certifi\u00e9s.<\/p>\n<p>Inventaire frais\u00a0: stock\u00e9 dans des conditions contr\u00f4l\u00e9es pour garantir une qualit\u00e9 optimale.<\/p>\n<p>Approuv\u00e9 par les Europ\u00e9ens\u00a0: des milliers de clients b\u00e9n\u00e9ficient des services de cigarettes \u00e9lectroniques rapides et s\u00e9curis\u00e9s de PGVape.<\/p>\n<p>&nbsp;<\/p>\n<h2><span style=\"font-size: 90%;\">FAQ sur Bang Leader 32000 | Vape jetable \u00e0 double saveurs 32 000 bouff\u00e9es<\/span><\/h2>\n<p data-sourcepos=\"30:1-31:102\">\u2753\u00a0<strong data-sourcepos=\"30:3-30:41\">Comment fonctionne le m\u00e9canisme coulissant ?<\/strong><br \/>\n\u2705\u00a0Simplement\u00a0<strong data-sourcepos=\"31:10-31:30\">glisser vers la gauche\/droite<\/strong>\u00a0pour basculer instantan\u00e9ment entre\u00a0<strong data-sourcepos=\"31:59-31:74\">deux saveurs<\/strong>\u00a0sans changer d'appareil.<\/p>\n<p data-sourcepos=\"33:1-34:91\">\u2753\u00a0<strong data-sourcepos=\"33:3-33:45\">Qu\u2019est-ce qui rend la qualit\u00e9 de la vapeur sup\u00e9rieure\u00a0?<\/strong><br \/>\n\u2705\u00a0<strong data-sourcepos=\"34:3-34:22\">Bobines \u00e0 double maille<\/strong>\u00a0fournir\u00a0<strong data-sourcepos=\"34:31-34:50\">40% plus de saveur<\/strong>\u00a0que les jetables standard \u00e0 simple bobine.<\/p>\n<p data-sourcepos=\"36:1-37:98\">\u2753\u00a0<strong data-sourcepos=\"36:3-36:38\">Combien de temps dure la batterie ?<\/strong><br \/>\n\u2705\u00a0<strong data-sourcepos=\"37:3-37:21\">Batterie 650 mAh<\/strong>\u00a0prend en charge\u00a0<strong data-sourcepos=\"37:31-37:43\">5-7 jours<\/strong>\u00a0d'usage mod\u00e9r\u00e9;\u00a0<strong data-sourcepos=\"37:80-37:95\">~60 minutes<\/strong>.<\/p>\n<p data-sourcepos=\"39:1-40:99\">\u2753\u00a0<strong data-sourcepos=\"39:3-39:38\">Est-ce adapt\u00e9 aux d\u00e9taillants\u00a0?<\/strong><br \/>\n\u2705\u00a0<strong data-sourcepos=\"40:3-40:41\">Bo\u00eetes de pr\u00e9sentation attrayantes de 10 unit\u00e9s<\/strong>\u00a0avec\u00a0<strong data-sourcepos=\"40:47-40:74\">\u00e9tiquetage des ar\u00f4mes de qualit\u00e9 sup\u00e9rieure<\/strong>\u00a0maximiser l'attrait en rayon.<\/p>\n<p data-sourcepos=\"39:1-40:99\">\u2753\u00a0<strong data-sourcepos=\"50:3-50:42\">D'o\u00f9 ce produit est-il exp\u00e9di\u00e9\u00a0?<\/strong><br \/>\n\u2705\u00a0Directement de\u00a0<strong data-sourcepos=\"51:15-51:32\">Entrep\u00f4ts de l'UE<\/strong>\u00a0pour\u00a0<strong data-sourcepos=\"51:37-51:64\">livraison rapide et hors taxes<\/strong>.<\/p>\n<p>&nbsp;<\/p>\n<h3 id=\"brxe-najhln\" class=\"brxe-heading\">Foire aux questions (FAQ)<\/h3>\n<div id=\"brxe-rajiac\" class=\"brxe-text\">\n<p><strong>Q : Quels modes de paiement acceptez-vous ?<\/strong><br \/>\nR\u00a0: Nous acceptons PayPal, Stripe, les virements bancaires (pris en charge par SEPA), les principales cartes de cr\u00e9dit (Visa, MasterCard, American Express) et les paiements en crypto-monnaie.<\/p>\n<p><strong>Q : Combien de temps prend la pr\u00e9paration d\u2019une commande ?<\/strong><br \/>\nR : La pr\u00e9paration de la commande prend 1 \u00e0 3 jours ouvrables.<\/p>\n<p><strong>Q : Quel est le d\u00e9lai de livraison ?<\/strong><br \/>\nR : Le d\u00e9lai de livraison est de 7 \u00e0 14 jours ouvrables, selon votre emplacement. Les marchandises exp\u00e9di\u00e9es depuis des entrep\u00f4ts europ\u00e9ens prennent g\u00e9n\u00e9ralement 3 \u00e0 6 jours ouvrables pour \u00eatre livr\u00e9es.<\/p>\n<p><strong>Q : Comment puis-je suivre ma commande ?<\/strong><br \/>\nR : Apr\u00e8s l'exp\u00e9dition, vous recevrez un e-mail de confirmation avec un num\u00e9ro de suivi pour un suivi en temps r\u00e9el.<\/p>\n<p><strong>Q : Quelle est votre politique de retour ?<\/strong><br \/>\nR : Nous proposons une politique de retour de 30 jours pour les remboursements ou les \u00e9changes. .<\/p>\n<p><strong>Q : Y aura-t-il des probl\u00e8mes douaniers ?<br \/>\n<\/strong>Nous prenons en charge toutes les proc\u00e9dures de d\u00e9douanement pour vous garantir une exp\u00e9rience sans tracas. .<\/p>\n<p><strong>Q : Quelles m\u00e9thodes d\u2019exp\u00e9dition sont utilis\u00e9es ?<\/strong><br \/>\nNous coop\u00e9rons avec UPS\/DHL\/FEDEX\/DPD, etc. Nous choisirons l'option d'exp\u00e9dition appropri\u00e9e en fonction du pays de livraison pour garantir que vous recevez vos produits le plus rapidement possible.<\/p>\n<p><a href=\"https:\/\/pgvape.com\/fr\/faq\/\">Cliquez ici pour plus de FAQ<\/a><\/p>\n<p>Chers clients, Si vous avez des questions concernant votre commande ou l'arriv\u00e9e des marchandises, n'h\u00e9sitez pas \u00e0 contacter notre service client. Merci !<\/p>\n<h3 data-sourcepos=\"73:1-73:21\"><strong data-sourcepos=\"73:7-73:21\">Contactez-nous<\/strong><\/h3>\n<div id=\"text-2419739398\" class=\"text\">\n<p><strong data-sourcepos=\"75:3-75:12\">E-mail<\/strong>:\u00a0<a href=\"mailto:support@pgvape.com\"><strong>support@pgvape.com<\/strong><\/a><\/p>\n<p><strong data-sourcepos=\"76:3-76:15\">WhatsApp<\/strong>:\u00a0<a href=\"https:\/\/wa.me\/+8618128481258\"><strong>+86 18128481258<\/strong><\/a><br \/>\n<strong>(R\u00e9ponse sous 24h les jours ouvr\u00e9s)<\/strong><\/p>\n<\/div>\n<h3><strong>Merci d'avoir choisi pgvape.com ! .<\/strong><\/h3>\n<\/div>","protected":false},"excerpt":{"rendered":"<p><strong data-sourcepos=\"43:5-43:30\">Bang Leader 32 000 bouff\u00e9es<\/strong>\u00a0combine\u00a0<strong data-sourcepos=\"43:40-43:70\">capacit\u00e9 \u00e9tendue \u00e0 deux modules<\/strong>,\u00a0<strong data-sourcepos=\"43:72-43:100\">changement de saveur instantan\u00e9<\/strong>, et\u00a0<strong data-sourcepos=\"43:106-43:139\">performances de bobine de maille haut de gamme<\/strong>\u00a0avec\u00a0<strong data-sourcepos=\"43:145-43:164\">18 paires de saveurs<\/strong>\u00a0pour une polyvalence de vapotage ultime.<\/p>","protected":false},"featured_media":6230,"comment_status":"open","ping_status":"closed","template":"","meta":{"_seopress_robots_primary_cat":"none","_seopress_titles_title":"%%post_title%% %%sep%% %%sitetitle%%","_seopress_titles_desc":"","_seopress_robots_index":""},"product_brand":[54,516],"product_cat":[515,461,362],"product_tag":[364,363,90,66,459,203],"class_list":{"0":"post-6226","1":"product","2":"type-product","3":"status-publish","4":"has-post-thumbnail","6":"product_brand-bang-leader-vape","7":"product_brand-disposable-vape","8":"product_cat-disposable-vape","9":"product_cat-bang-leader-vape-eu","10":"product_cat-32k-puffs-vape","11":"product_tag-32k-puffs-vape","12":"product_tag-bang-leader-32000","13":"product_tag-disposable-vape","14":"product_tag-dual-flavors","15":"product_tag-free-shipping","16":"product_tag-shipment-from-eu","18":"first","19":"instock","20":"sale","21":"shipping-taxable","22":"purchasable","23":"product-type-variable"},"_links":{"self":[{"href":"https:\/\/pgvape.com\/fr\/wp-json\/wp\/v2\/product\/6226","targetHints":{"allow":["GET"]}}],"collection":[{"href":"https:\/\/pgvape.com\/fr\/wp-json\/wp\/v2\/product"}],"about":[{"href":"https:\/\/pgvape.com\/fr\/wp-json\/wp\/v2\/types\/product"}],"replies":[{"embeddable":true,"href":"https:\/\/pgvape.com\/fr\/wp-json\/wp\/v2\/comments?post=6226"}],"wp:featuredmedia":[{"embeddable":true,"href":"https:\/\/pgvape.com\/fr\/wp-json\/wp\/v2\/media\/6230"}],"wp:attachment":[{"href":"https:\/\/pgvape.com\/fr\/wp-json\/wp\/v2\/media?parent=6226"}],"wp:term":[{"taxonomy":"product_brand","embeddable":true,"href":"https:\/\/pgvape.com\/fr\/wp-json\/wp\/v2\/product_brand?post=6226"},{"taxonomy":"product_cat","embeddable":true,"href":"https:\/\/pgvape.com\/fr\/wp-json\/wp\/v2\/product_cat?post=6226"},{"taxonomy":"product_tag","embeddable":true,"href":"https:\/\/pgvape.com\/fr\/wp-json\/wp\/v2\/product_tag?post=6226"}],"curies":[{"name":"wp","href":"https:\/\/api.w.org\/{rel}","templated":true}]}}