{"id":6153,"date":"2025-11-15T05:52:26","date_gmt":"2025-11-15T05:52:26","guid":{"rendered":"https:\/\/pgvape.com\/?post_type=product&#038;p=6153"},"modified":"2026-04-18T17:02:15","modified_gmt":"2026-04-18T17:02:15","slug":"bang-leader-45000-45k-bouffees-double-saveurs-expedition-de-vape-jetable-depuis-lue-livraison-gratuite-vape-usine-directe","status":"publish","type":"product","link":"https:\/\/pgvape.com\/fr\/produit\/bang-leader-45000-45k-bouffees-double-saveurs-expedition-de-vape-jetable-depuis-lue-livraison-gratuite-vape-usine-directe\/","title":{"rendered":"Bang Leader 45000 | 45k Puffs Vape jetable \u00e0 double saveur | Exp\u00e9dition depuis l'UE | Livraison gratuite | Vape Factory Direct"},"content":{"rendered":"<p><strong data-sourcepos=\"4:5-4:46\">Vape jetable Bang Leader 45K Puffs<\/strong>\u00a0livre\u00a0<strong data-sourcepos=\"4:56-4:88\">satisfaction de vapotage prolong\u00e9e<\/strong>\u00a0avec\u00a0<strong data-sourcepos=\"4:94-4:110\">45 000 bouff\u00e9es<\/strong>\u00a0et un\u00a0<strong data-sourcepos=\"4:117-4:139\">syst\u00e8me \u00e0 deux saveurs<\/strong>.\u00a0<strong data-sourcepos=\"4:151-4:170\">bobines \u00e0 double maille<\/strong>\u00a0pour\u00a0<strong data-sourcepos=\"4:175-4:204\">production de vapeur am\u00e9lior\u00e9e<\/strong>, et\u00a0<strong data-sourcepos=\"4:253-4:287\">12 combinaisons de saveurs haut de gamme<\/strong>.\u00a0<strong data-sourcepos=\"4:293-4:324\">Batterie rechargeable de 650 mAh<\/strong>\u00a0avec\u00a0<strong data-sourcepos=\"4:330-4:349\">Chargement de type C<\/strong>\u00a0et\u00a0<strong data-sourcepos=\"4:354-4:377\">Affichage num\u00e9rique LED<\/strong>\u00a0garantit une utilisation pratique et ininterrompue.\u00a0<strong data-sourcepos=\"4:426-4:446\">10 unit\u00e9s par bo\u00eete<\/strong>\u00a0pour la commodit\u00e9 du commerce de d\u00e9tail.<br \/>\nBang Leader 45K Exp\u00e9di\u00e9 directement depuis notre entrep\u00f4t dans l'UE, le\u00a0 garantit une livraison rapide et hors taxes et l'authenticit\u00e9 100%, vous offrant une exp\u00e9rience de vapotage de haut niveau directement \u00e0 votre porte.<\/p>\n<p>&nbsp;<\/p>\n<h2><span style=\"font-size: 90%;\">Bang Leader 45000 | Vape jetable \u00e0 double saveurs 45 000 bouff\u00e9es\u00a0<strong data-sourcepos=\"6:5-6:27\">Caract\u00e9ristiques<\/strong><\/span><\/h2>\n<p><strong data-sourcepos=\"7:3-7:17\">Nombre de bouff\u00e9es<\/strong>:\u00a0<strong data-sourcepos=\"7:19-7:35\">45 000 bouff\u00e9es<\/strong><\/p>\n<p><strong data-sourcepos=\"8:3-8:20\">Syst\u00e8me de saveur<\/strong>:\u00a0<strong data-sourcepos=\"8:22-8:47\">Commutation \u00e0 deux saveurs<\/strong><\/p>\n<p><strong data-sourcepos=\"9:3-9:15\">Nicotine<\/strong>: <strong data-sourcepos=\"9:17-9:38\">2%<\/strong><\/p>\n<p><strong data-sourcepos=\"10:3-10:11\">Bobine<\/strong>:\u00a0<strong data-sourcepos=\"10:13-10:38\">Bobine \u00e0 double maille (1,0 \u03a9)<\/strong><\/p>\n<p><strong data-sourcepos=\"11:3-11:14\">Batterie<\/strong>:\u00a0<strong data-sourcepos=\"11:16-11:39\">650 mAh rechargeable<\/strong><\/p>\n<p><strong data-sourcepos=\"12:3-12:15\">Chargement<\/strong>:\u00a0<strong data-sourcepos=\"12:17-12:41\">Chargement rapide de type C<\/strong><\/p>\n<p><strong data-sourcepos=\"13:3-13:14\">Afficher<\/strong>:\u00a0<strong data-sourcepos=\"13:16-13:38\">\u00c9cran num\u00e9rique LED<\/strong><\/p>\n<p><strong data-sourcepos=\"14:3-14:14\">Saveurs<\/strong>:\u00a0<strong data-sourcepos=\"14:16-14:38\">12 options s\u00e9lectionn\u00e9es<\/strong><\/p>\n<p><strong data-sourcepos=\"15:3-15:16\">Conditionnement<\/strong>:\u00a0<strong data-sourcepos=\"15:18-15:40\">10 pi\u00e8ces\/bo\u00eete d'affichage<\/strong><\/p>\n<p><strong data-sourcepos=\"15:3-15:28\">Exp\u00e9dition en entrep\u00f4t dans l'UE<\/strong>\u00a0\u2013 Livraison rapide et hors taxes<\/p>\n<p>&nbsp;<\/p>\n<h3><span style=\"font-size: 90%;\">Bang Leader 45000 | Vape jetable \u00e0 double saveurs 45 000 bouff\u00e9es\u00a0<strong data-sourcepos=\"17:5-17:28\">Combinaisons de saveurs<\/strong><\/span><\/h3>\n<p><strong>1. Glace aux bleuets et glace au dragon noir<\/strong><\/p>\n<p><strong>2. Glace aux bleuets, fraise et banane<\/strong><\/p>\n<p><strong>3. Myrtille Framboise &amp; P\u00eache Mangue Past\u00e8que<\/strong><\/p>\n<p><strong>4. Myrtille, past\u00e8que et fraise mangue<\/strong><\/p>\n<p><strong>5. Glace Cola &amp; Cerise Canneberge<\/strong><\/p>\n<p><strong>6. Glace \u00e0 l'ananas et triple mangue<\/strong><\/p>\n<p><strong>7. Past\u00e8que Red Bull et myrtille<\/strong><\/p>\n<p><strong>8. Bonbons \u00e0 bulles Red Bull et past\u00e8que<\/strong><\/p>\n<p><strong>9. Glace aux fraises, kiwi et p\u00eache<\/strong><\/p>\n<p><strong>10. Glace aux fraises, past\u00e8que et raisin<\/strong><\/p>\n<p><strong>11.Fraise Past\u00e8que &amp; Kiwi Fruit de la Passion Goyave<\/strong><\/p>\n<p><strong>12.Glace \u00e0 la past\u00e8que, fraise et mangue<\/strong><\/p>\n<p><strong>13.Cr\u00e8me glac\u00e9e aux fraises et glace au citron rose<\/strong><\/p>\n<p><strong>14.Cherry Cola et Bubblegum \u00e0 la past\u00e8que<\/strong><\/p>\n<p><strong>15. Glace aux cerises et glace aux fraises et aux canneberges<\/strong><\/p>\n<p><strong>16.Citron, citron vert et bleu Razzle<\/strong><\/p>\n<p><strong>17.Mojito Framboise Glace P\u00eache &amp; Pomme Poire<\/strong><\/p>\n<p><strong>18. Glace au litchi et confiture de melon<img loading=\"lazy\" decoding=\"async\" class=\"alignnone wp-image-6158 size-full\" src=\"https:\/\/pgvape.com\/wp-content\/uploads\/2025\/11\/pgvape-Bang-Leader-45000-45k-Puffs-Dual-Flavors-Disposable-Vape-Shipment-from-EU-Free-Shipping-3.png\" alt=\"Publicit\u00e9 color\u00e9e pour les vapes jetables Bang Leader montrant deux appareils \u00e0 grand d\u00e9grad\u00e9 et une grille d&#039;appareils plus petits avec un dessin distinctif repr\u00e9sentant un visage d&#039;animal, l&#039;affirmation audacieuse &quot; 45 000 bouff\u00e9es &quot;, le nom de la marque, une charge de type C et plus de 21 ic\u00f4nes, ainsi qu&#039;un arri\u00e8re-plan dynamique de piste de course.\" width=\"1920\" height=\"1080\" srcset=\"https:\/\/pgvape.com\/wp-content\/uploads\/2025\/11\/pgvape-Bang-Leader-45000-45k-Puffs-Dual-Flavors-Disposable-Vape-Shipment-from-EU-Free-Shipping-3.png 1920w, https:\/\/pgvape.com\/wp-content\/uploads\/2025\/11\/pgvape-Bang-Leader-45000-45k-Puffs-Dual-Flavors-Disposable-Vape-Shipment-from-EU-Free-Shipping-3-555x312.png 555w, https:\/\/pgvape.com\/wp-content\/uploads\/2025\/11\/pgvape-Bang-Leader-45000-45k-Puffs-Dual-Flavors-Disposable-Vape-Shipment-from-EU-Free-Shipping-3-595x335.png 595w, https:\/\/pgvape.com\/wp-content\/uploads\/2025\/11\/pgvape-Bang-Leader-45000-45k-Puffs-Dual-Flavors-Disposable-Vape-Shipment-from-EU-Free-Shipping-3-400x225.png 400w, https:\/\/pgvape.com\/wp-content\/uploads\/2025\/11\/pgvape-Bang-Leader-45000-45k-Puffs-Dual-Flavors-Disposable-Vape-Shipment-from-EU-Free-Shipping-3-768x432.png 768w, https:\/\/pgvape.com\/wp-content\/uploads\/2025\/11\/pgvape-Bang-Leader-45000-45k-Puffs-Dual-Flavors-Disposable-Vape-Shipment-from-EU-Free-Shipping-3-1536x864.png 1536w, https:\/\/pgvape.com\/wp-content\/uploads\/2025\/11\/pgvape-Bang-Leader-45000-45k-Puffs-Dual-Flavors-Disposable-Vape-Shipment-from-EU-Free-Shipping-3-18x10.png 18w, https:\/\/pgvape.com\/wp-content\/uploads\/2025\/11\/pgvape-Bang-Leader-45000-45k-Puffs-Dual-Flavors-Disposable-Vape-Shipment-from-EU-Free-Shipping-3-600x338.png 600w, https:\/\/pgvape.com\/wp-content\/uploads\/2025\/11\/pgvape-Bang-Leader-45000-45k-Puffs-Dual-Flavors-Disposable-Vape-Shipment-from-EU-Free-Shipping-3-60x34.png 60w\" sizes=\"auto, (max-width: 1920px) 100vw, 1920px\" \/><\/strong><\/p>\n<p>&nbsp;<\/p>\n<h3><span style=\"font-size: 90%;\">Bang Leader 45000 | Vape jetable \u00e0 double saveurs 45 000 bouff\u00e9es\u00a0<strong>Vid\u00e9o<\/strong>:<\/span><\/h3>\n<p>&nbsp;<\/p>\n<h3 class=\"auto-hide-last-sibling-br paragraph-pP9ZLC paragraph-element br-paragraph-space\"><span style=\"font-size: 90%;\">Pourquoi choisir l'entrep\u00f4t europ\u00e9en PGVape\u00a0?<\/span><\/h3>\n<p>Exp\u00e9dition rapide : livraison dans la plupart des pays de l\u2019UE sous 3 \u00e0 7 jours ouvrables.<\/p>\n<p>Livraison hors taxes : le stock local de l\u2019UE garantit une exp\u00e9dition fluide et hors taxes.<\/p>\n<p>Garantie authentique 100%\u00a0: v\u00e9ritables cigarettes \u00e9lectroniques Bang Leader provenant de fournisseurs certifi\u00e9s.<\/p>\n<p>Inventaire frais\u00a0: stock\u00e9 dans des conditions contr\u00f4l\u00e9es pour garantir une qualit\u00e9 optimale.<\/p>\n<p>Approuv\u00e9 par les Europ\u00e9ens\u00a0: des milliers de clients b\u00e9n\u00e9ficient des services de cigarettes \u00e9lectroniques rapides et s\u00e9curis\u00e9s de PGVape.<\/p>\n<p>&nbsp;<\/p>\n<h2><span style=\"font-size: 90%;\">FAQ sur Bang Leader 45000 | Vape jetable \u00e0 double saveurs de 45 000 bouff\u00e9es<\/span><\/h2>\n<p data-sourcepos=\"30:1-31:104\">\u2753\u00a0<strong data-sourcepos=\"30:3-30:44\">Comment fonctionne le syst\u00e8me bi-saveur ?<\/strong><br \/>\n\u2705\u00a0Basculez instantan\u00e9ment entre\u00a0<strong data-sourcepos=\"31:28-31:52\">deux saveurs distinctes<\/strong>\u00a0avec une simple pression sur un bouton ou une rotation automatique.<\/p>\n<p data-sourcepos=\"33:1-34:91\">\u2753\u00a0<strong data-sourcepos=\"33:3-33:40\">Qu'est-ce qui garantit la long\u00e9vit\u00e9 de 45 000 bouff\u00e9es ?<\/strong><br \/>\n\u2705\u00a0<strong data-sourcepos=\"34:3-34:37\">Technologie \u00e0 double bobine optimis\u00e9e<\/strong>\u00a0maximise l'efficacit\u00e9 du e-liquide pour\u00a0<strong data-sourcepos=\"34:72-34:88\">utilisation prolong\u00e9e<\/strong>.<\/p>\n<p data-sourcepos=\"36:1-37:103\">\u2753\u00a0<strong data-sourcepos=\"36:3-36:42\">La production de vapeur est-elle impressionnante ?<\/strong><br \/>\n\u2705\u00a0<strong data-sourcepos=\"37:3-37:22\">Bobines \u00e0 double maille<\/strong>\u00a0livrer\u00a0<strong data-sourcepos=\"37:31-37:52\">40% nuages \u200b\u200bplus denses<\/strong>\u00a0et\u00a0<strong data-sourcepos=\"37:57-37:74\">saveur plus riche<\/strong>\u00a0que les produits jetables standards.<\/p>\n<p data-sourcepos=\"39:1-40:86\">\u2753\u00a0<strong data-sourcepos=\"39:3-39:41\">L\u2019affichage LED est-il pratique\u00a0?<br \/>\n<\/strong>\u2705\u00a0Surveiller\u00a0<strong data-sourcepos=\"40:11-40:30\">bouff\u00e9es restantes<\/strong>,\u00a0<strong data-sourcepos=\"40:32-40:48\">dur\u00e9e de vie de la batterie<\/strong>, et\u00a0<strong data-sourcepos=\"40:54-40:71\">saveur active<\/strong>\u00a0en un coup d'\u0153il.<\/p>\n<p data-sourcepos=\"39:1-40:86\">\u2753\u00a0<strong data-sourcepos=\"50:3-50:42\">D'o\u00f9 ce produit est-il exp\u00e9di\u00e9\u00a0?<\/strong><br \/>\n\u2705\u00a0Directement de\u00a0<strong data-sourcepos=\"51:15-51:32\">Entrep\u00f4ts de l'UE<\/strong>\u00a0pour\u00a0<strong data-sourcepos=\"51:37-51:64\">livraison rapide et hors taxes<\/strong>.<\/p>\n<p>&nbsp;<\/p>\n<h3 id=\"brxe-najhln\" class=\"brxe-heading\">Foire aux questions (FAQ)<\/h3>\n<div id=\"brxe-rajiac\" class=\"brxe-text\">\n<p><strong>Q : Quels modes de paiement acceptez-vous ?<\/strong><br \/>\nR\u00a0: Nous acceptons PayPal, Stripe, les virements bancaires (pris en charge par SEPA), les principales cartes de cr\u00e9dit (Visa, MasterCard, American Express) et les paiements en crypto-monnaie.<\/p>\n<p><strong>Q : Combien de temps prend la pr\u00e9paration d\u2019une commande ?<\/strong><br \/>\nR : La pr\u00e9paration de la commande prend 1 \u00e0 3 jours ouvrables.<\/p>\n<p><strong>Q : Quel est le d\u00e9lai de livraison ?<\/strong><br \/>\nR : Le d\u00e9lai de livraison est de 7 \u00e0 14 jours ouvrables, selon votre emplacement. Les marchandises exp\u00e9di\u00e9es depuis des entrep\u00f4ts europ\u00e9ens prennent g\u00e9n\u00e9ralement 3 \u00e0 6 jours ouvrables pour \u00eatre livr\u00e9es.<\/p>\n<p><strong>Q : Comment puis-je suivre ma commande ?<\/strong><br \/>\nR : Apr\u00e8s l'exp\u00e9dition, vous recevrez un e-mail de confirmation avec un num\u00e9ro de suivi pour un suivi en temps r\u00e9el.<\/p>\n<p><strong>Q : Quelle est votre politique de retour ?<\/strong><br \/>\nR : Nous proposons une politique de retour de 30 jours pour les remboursements ou les \u00e9changes. .<\/p>\n<p><strong>Q : Y aura-t-il des probl\u00e8mes douaniers ?<br \/>\n<\/strong>Nous prenons en charge toutes les proc\u00e9dures de d\u00e9douanement pour vous garantir une exp\u00e9rience sans tracas. .<\/p>\n<p><strong>Q : Quelles m\u00e9thodes d\u2019exp\u00e9dition sont utilis\u00e9es ?<\/strong><br \/>\nNous coop\u00e9rons avec UPS\/DHL\/FEDEX\/DPD, etc. Nous choisirons l'option d'exp\u00e9dition appropri\u00e9e en fonction du pays de livraison pour garantir que vous recevez vos produits le plus rapidement possible.<\/p>\n<p><a href=\"https:\/\/pgvape.com\/fr\/faq\/\">Cliquez ici pour plus de FAQ<\/a><\/p>\n<p>Chers clients, Si vous avez des questions concernant votre commande ou l'arriv\u00e9e des marchandises, n'h\u00e9sitez pas \u00e0 contacter notre service client. Merci !<\/p>\n<h3 data-sourcepos=\"73:1-73:21\"><strong data-sourcepos=\"73:7-73:21\">Contactez-nous<\/strong><\/h3>\n<div id=\"text-2419739398\" class=\"text\">\n<p><strong data-sourcepos=\"75:3-75:12\">E-mail<\/strong>:\u00a0<a href=\"mailto:support@pgvape.com\"><strong>support@pgvape.com<\/strong><\/a><\/p>\n<p><strong data-sourcepos=\"76:3-76:15\">WhatsApp<\/strong>:\u00a0<a href=\"https:\/\/wa.me\/+8618128481258\"><strong>+86 18128481258<\/strong><\/a><br \/>\n<strong>(R\u00e9ponse sous 24h les jours ouvr\u00e9s)<\/strong><\/p>\n<\/div>\n<h3><strong>Merci d'avoir choisi pgvape.com ! .<\/strong><\/h3>\n<\/div>","protected":false},"excerpt":{"rendered":"<p>Le\u00a0<strong data-sourcepos=\"43:5-43:30\">Bang Leader 45 000 bouff\u00e9es<\/strong>\u00a0combine\u00a0<strong data-sourcepos=\"43:40-43:69\">performances de grande capacit\u00e9<\/strong>,\u00a0<strong data-sourcepos=\"43:71-43:98\">polyvalence \u00e0 deux saveurs<\/strong>, et\u00a0<strong data-sourcepos=\"43:104-43:131\">technologie de bobine haut de gamme<\/strong>\u00a0avec\u00a0<strong data-sourcepos=\"43:137-43:156\">12 paires de saveurs<\/strong>\u00a0pour une satisfaction ultime du vapotage.<\/p>","protected":false},"featured_media":6157,"comment_status":"open","ping_status":"closed","template":"","meta":{"_seopress_robots_primary_cat":"none","_seopress_titles_title":"","_seopress_titles_desc":"","_seopress_robots_index":""},"product_brand":[54,516],"product_cat":[515,461,308],"product_tag":[310,365,90,66,459,203],"class_list":{"0":"post-6153","1":"product","2":"type-product","3":"status-publish","4":"has-post-thumbnail","6":"product_brand-bang-leader-vape","7":"product_brand-disposable-vape","8":"product_cat-disposable-vape","9":"product_cat-bang-leader-vape-eu","10":"product_cat-45k-puffs-vape","11":"product_tag-45k-puffs-vape","12":"product_tag-bang-leader-45000","13":"product_tag-disposable-vape","14":"product_tag-dual-flavors","15":"product_tag-free-shipping","16":"product_tag-shipment-from-eu","18":"first","19":"instock","20":"sale","21":"shipping-taxable","22":"purchasable","23":"product-type-variable"},"_links":{"self":[{"href":"https:\/\/pgvape.com\/fr\/wp-json\/wp\/v2\/product\/6153","targetHints":{"allow":["GET"]}}],"collection":[{"href":"https:\/\/pgvape.com\/fr\/wp-json\/wp\/v2\/product"}],"about":[{"href":"https:\/\/pgvape.com\/fr\/wp-json\/wp\/v2\/types\/product"}],"replies":[{"embeddable":true,"href":"https:\/\/pgvape.com\/fr\/wp-json\/wp\/v2\/comments?post=6153"}],"wp:featuredmedia":[{"embeddable":true,"href":"https:\/\/pgvape.com\/fr\/wp-json\/wp\/v2\/media\/6157"}],"wp:attachment":[{"href":"https:\/\/pgvape.com\/fr\/wp-json\/wp\/v2\/media?parent=6153"}],"wp:term":[{"taxonomy":"product_brand","embeddable":true,"href":"https:\/\/pgvape.com\/fr\/wp-json\/wp\/v2\/product_brand?post=6153"},{"taxonomy":"product_cat","embeddable":true,"href":"https:\/\/pgvape.com\/fr\/wp-json\/wp\/v2\/product_cat?post=6153"},{"taxonomy":"product_tag","embeddable":true,"href":"https:\/\/pgvape.com\/fr\/wp-json\/wp\/v2\/product_tag?post=6153"}],"curies":[{"name":"wp","href":"https:\/\/api.w.org\/{rel}","templated":true}]}}