{"id":6121,"date":"2025-11-14T13:29:33","date_gmt":"2025-11-14T13:29:33","guid":{"rendered":"https:\/\/pgvape.com\/?post_type=product&#038;p=6121"},"modified":"2026-04-18T15:31:10","modified_gmt":"2026-04-18T15:31:10","slug":"bang-leader-80000-80k-bouffees-3-en-1-triple-saveurs-expedition-de-vape-jetable-depuis-lue-livraison-gratuite-vape-usine-directe","status":"publish","type":"product","link":"https:\/\/pgvape.com\/fr\/produit\/bang-leader-80000-80k-bouffees-3-en-1-triple-saveurs-expedition-de-vape-jetable-depuis-lue-livraison-gratuite-vape-usine-directe\/","title":{"rendered":"Bang Leader 80000 | 80K Puffs 3 en 1 Triple Saveurs Vape jetable | Exp\u00e9dition depuis l'UE | Livraison gratuite | Vape Factory Direct"},"content":{"rendered":"<p><strong>Vape jetable Bang Leader 80000 80K Puffs<\/strong> est le choix ultime pour ceux qui recherchent de la vari\u00e9t\u00e9, de la long\u00e9vit\u00e9 et des performances de premier ordre. .<br \/>\nBang Leader 80K Exp\u00e9di\u00e9 directement depuis notre entrep\u00f4t dans l'UE, le\u00a0garantit une livraison rapide et hors taxe et l'authenticit\u00e9 100%, vous offrant une exp\u00e9rience de vapotage de haut niveau directement \u00e0 votre porte.<\/p>\n<p>&nbsp;<\/p>\n<h2><span style=\"font-size: 90%;\">Bang Leader 80000 | 80K Puffs 3 en 1 Vape jetable triple saveurs Sp\u00e9cifications du produit\u00a0:<\/span><\/h2>\n<p><strong>Capacit\u00e9 de bouff\u00e9e\u00a0:<\/strong>\u00a0Jusqu'\u00e0 80 000 bouff\u00e9es<\/p>\n<p><strong>Capacit\u00e9 e-liquide :<\/strong>\u00a078 ml pr\u00e9remplis (3 dosettes de 26 ml chacune)<\/p>\n<p><strong>Type de bobine\u00a0:<\/strong>\u00a0Bobine de maille de 1,0 \u03a9<\/p>\n<p><strong>Capacit\u00e9 de la batterie\u00a0:<\/strong>\u00a0Batterie rechargeable de 850 mAh<\/p>\n<p><strong>Port de chargement\u00a0:<\/strong>\u00a0Chargement rapide de type C<\/p>\n<p><strong>Options nicotiniques\u00a0:<\/strong>,2%<\/p>\n<p><strong>Syst\u00e8me de saveur\u00a0:<\/strong>\u00a0Configuration triple saveur 3 en 1<\/p>\n<p><strong>Saveurs disponibles\u00a0:<\/strong>\u00a012 combinaisons de saveurs dynamiques<\/p>\n<p><strong>Portabilit\u00e9:<\/strong>\u00a0Conception compacte et ergonomique pour une utilisation en d\u00e9placement<\/p>\n<p><strong data-sourcepos=\"15:3-15:28\">Exp\u00e9dition en entrep\u00f4t dans l'UE<\/strong>\u00a0\u2013 Livraison rapide et hors taxes<\/p>\n<p>&nbsp;<\/p>\n<h3><span style=\"font-size: 90%;\">Bang Leader 80000 | 80K Puffs 3 en 1 Triple Saveurs Liste des saveurs de vape jetables\u00a0:<\/span><\/h3>\n<p><strong>1. Glace past\u00e8que + fraise et mangue + banane<\/strong><\/p>\n<p><strong>2.Framboise Mojito P\u00eache Glace + Fraise Et Past\u00e8que Kiwi Fruit De La Passion Goyave<\/strong><\/p>\n<p><strong>3. Fraise et past\u00e8que + glace au raisin + bonbons arc-en-ciel<\/strong><\/p>\n<p><strong>4.Cola Ice + Myrtille Framboise + P\u00eache Mangue Past\u00e8que<\/strong><\/p>\n<p><strong>5.Myrtille Past\u00e8que + Fraise Mangue + Cassis<\/strong><\/p>\n<p><strong>6. Glace aux bleuets + glace au dragon noir + p\u00eache \u00e0 la mangue<\/strong><\/p>\n<p><strong>7. Glace aux bleuets + fraise et banane + baies m\u00e9lang\u00e9es<\/strong><\/p>\n<p><strong>8. Red Bull + Myrtille Past\u00e8que Pomme Poire<\/strong><\/p>\n<p><strong>9.Red Bull + Bonbons \u00e0 bulles de past\u00e8que + Glace \u00e0 la fraise<\/strong><\/p>\n<p><strong>10. Kiwi aux fraises + glace \u00e0 la p\u00eache + cola aux cerises<\/strong><\/p>\n<p><strong>11.Kiwi Passion + Glace Litchi + Mangue P\u00eache Pin<\/strong><\/p>\n<p><strong>12. Glace \u00e0 l'avocat + Citron Lime + Past\u00e8que Framboise<img loading=\"lazy\" decoding=\"async\" class=\"alignnone wp-image-6133 size-full\" src=\"https:\/\/pgvape.com\/wp-content\/uploads\/2025\/11\/Pgvape-Bang-Leader-80000-80K-Puffs-3-in-1-Triple-Flavors-Disposable-Vape-Shipment-from-EU-Free-Shipping-4.png\" alt=\"Affiche de produit color\u00e9e repr\u00e9sentant douze appareils de vapotage jetables Bang Leader \u00e0 d\u00e9grad\u00e9, chacun avec un logo de singe de dessin anim\u00e9 et une \u00e9tiquette &#039; 80\u00a0000 bouff\u00e9es &#039;, faisant la promotion des &#039; saveurs triples 3 en 1 &#039; et r\u00e9pertoriant diverses combinaisons de saveurs de fruits ainsi que des ic\u00f4nes pour le type C, 80\u00a0000 bouff\u00e9es et le double maillage.\" width=\"1900\" height=\"1900\" srcset=\"https:\/\/pgvape.com\/wp-content\/uploads\/2025\/11\/Pgvape-Bang-Leader-80000-80K-Puffs-3-in-1-Triple-Flavors-Disposable-Vape-Shipment-from-EU-Free-Shipping-4.png 1900w, https:\/\/pgvape.com\/wp-content\/uploads\/2025\/11\/Pgvape-Bang-Leader-80000-80K-Puffs-3-in-1-Triple-Flavors-Disposable-Vape-Shipment-from-EU-Free-Shipping-4-360x360.png 360w, https:\/\/pgvape.com\/wp-content\/uploads\/2025\/11\/Pgvape-Bang-Leader-80000-80K-Puffs-3-in-1-Triple-Flavors-Disposable-Vape-Shipment-from-EU-Free-Shipping-4-595x595.png 595w, https:\/\/pgvape.com\/wp-content\/uploads\/2025\/11\/Pgvape-Bang-Leader-80000-80K-Puffs-3-in-1-Triple-Flavors-Disposable-Vape-Shipment-from-EU-Free-Shipping-4-400x400.png 400w, https:\/\/pgvape.com\/wp-content\/uploads\/2025\/11\/Pgvape-Bang-Leader-80000-80K-Puffs-3-in-1-Triple-Flavors-Disposable-Vape-Shipment-from-EU-Free-Shipping-4-768x768.png 768w, https:\/\/pgvape.com\/wp-content\/uploads\/2025\/11\/Pgvape-Bang-Leader-80000-80K-Puffs-3-in-1-Triple-Flavors-Disposable-Vape-Shipment-from-EU-Free-Shipping-4-1536x1536.png 1536w, https:\/\/pgvape.com\/wp-content\/uploads\/2025\/11\/Pgvape-Bang-Leader-80000-80K-Puffs-3-in-1-Triple-Flavors-Disposable-Vape-Shipment-from-EU-Free-Shipping-4-12x12.png 12w, https:\/\/pgvape.com\/wp-content\/uploads\/2025\/11\/Pgvape-Bang-Leader-80000-80K-Puffs-3-in-1-Triple-Flavors-Disposable-Vape-Shipment-from-EU-Free-Shipping-4-300x300.png 300w, https:\/\/pgvape.com\/wp-content\/uploads\/2025\/11\/Pgvape-Bang-Leader-80000-80K-Puffs-3-in-1-Triple-Flavors-Disposable-Vape-Shipment-from-EU-Free-Shipping-4-600x600.png 600w, https:\/\/pgvape.com\/wp-content\/uploads\/2025\/11\/Pgvape-Bang-Leader-80000-80K-Puffs-3-in-1-Triple-Flavors-Disposable-Vape-Shipment-from-EU-Free-Shipping-4-100x100.png 100w, https:\/\/pgvape.com\/wp-content\/uploads\/2025\/11\/Pgvape-Bang-Leader-80000-80K-Puffs-3-in-1-Triple-Flavors-Disposable-Vape-Shipment-from-EU-Free-Shipping-4-40x40.png 40w\" sizes=\"auto, (max-width: 1900px) 100vw, 1900px\" \/><\/strong><\/p>\n<p>&nbsp;<\/p>\n<h3><span style=\"font-size: 90%;\">Bang Leader 80000 | 80K Puffs 3 en 1 Vape jetable triple saveurs\u00a0<strong>Vid\u00e9o:<\/strong><\/span><\/h3>\n<p><iframe loading=\"lazy\" title=\"Bang Leader 80K Puffs 3 en 1 Saveurs Vape jetable avec usine de vape rechargeable en gros pgvape\" width=\"563\" height=\"1000\" src=\"https:\/\/www.youtube.com\/embed\/-_eUSKzsdRY?feature=oembed\" frameborder=\"0\" allow=\"accelerometer; autoplay; clipboard-write; encrypted-media; gyroscope; picture-in-picture; web-share\" referrerpolicy=\"strict-origin-when-cross-origin\" allowfullscreen><\/iframe><\/p>\n<p>&nbsp;<\/p>\n<h3 class=\"auto-hide-last-sibling-br paragraph-pP9ZLC paragraph-element br-paragraph-space\"><span style=\"font-size: 90%;\">Pourquoi choisir l'entrep\u00f4t europ\u00e9en PGVape\u00a0?<\/span><\/h3>\n<p>Exp\u00e9dition rapide : livraison dans la plupart des pays de l\u2019UE sous 3 \u00e0 7 jours ouvrables.<\/p>\n<p>Livraison hors taxes : le stock local de l\u2019UE garantit une exp\u00e9dition fluide et hors taxes.<\/p>\n<p>Garantie authentique 100%\u00a0: v\u00e9ritables cigarettes \u00e9lectroniques Bang Leader provenant de fournisseurs certifi\u00e9s.<\/p>\n<p>Inventaire frais\u00a0: stock\u00e9 dans des conditions contr\u00f4l\u00e9es pour garantir une qualit\u00e9 optimale.<\/p>\n<p>Approuv\u00e9 par les Europ\u00e9ens\u00a0: des milliers de clients b\u00e9n\u00e9ficient des services de cigarettes \u00e9lectroniques rapides et s\u00e9curis\u00e9s de PGVape.<\/p>\n<p>&nbsp;<\/p>\n<h2><span style=\"font-size: 90%;\">FAQ sur Bang Leader 80000 | 80K Puffs 3 en 1 Vape jetable triple saveurs<\/span><\/h2>\n<p data-sourcepos=\"33:1-34:75\">\u2753 <strong data-sourcepos=\"33:3-33:39\">Comment fonctionne le syst\u00e8me 3 en 1 ?<br \/>\n<\/strong> \u2705 Trois dosettes s\u00e9par\u00e9es de 26 ml permettent un changement instantan\u00e9 de saveur dans un seul appareil.<\/p>\n<p data-sourcepos=\"36:1-37:75\">\u2753 <strong data-sourcepos=\"36:3-36:47\">La batterie est-elle suffisante pour 80 000 bouff\u00e9es ?<\/strong><br \/>\n\u2705Le <strong data-sourcepos=\"37:7-37:25\">Batterie 850 mAh<\/strong> avec <strong data-sourcepos=\"37:31-37:50\">Chargement de type C<\/strong> prend en charge une utilisation prolong\u00e9e.<\/p>\n<p data-sourcepos=\"39:1-40:73\">\u2753 <strong data-sourcepos=\"39:3-39:40\">Qu\u2019est-ce qui rend la bobine maill\u00e9e sp\u00e9ciale\u00a0?<br \/>\n<\/strong> \u2705 <strong data-sourcepos=\"40:3-40:21\">Bobine de maille de 1,0 \u03a9<\/strong> livre <strong data-sourcepos=\"40:31-40:50\">50% plus de saveur<\/strong> que les bobines standards.<\/p>\n<p>\u2753\u00a0<strong data-sourcepos=\"50:3-50:42\">D'o\u00f9 ce produit est-il exp\u00e9di\u00e9\u00a0?<\/strong><br \/>\n\u2705\u00a0Directement de\u00a0<strong data-sourcepos=\"51:15-51:32\">Entrep\u00f4ts de l'UE<\/strong>\u00a0pour\u00a0<strong data-sourcepos=\"51:37-51:64\">livraison rapide et hors taxes<\/strong>.<\/p>\n<p data-sourcepos=\"45:1-46:65\">\u2753 <strong data-sourcepos=\"45:3-45:36\">Les saveurs sont-elles personnalisables ?<br \/>\n<\/strong> \u2705 Combinaisons premium pr\u00e9d\u00e9finies \u2013 parfaites pour les explorateurs de saveurs\u00a0!<\/p>\n<p>&nbsp;<\/p>\n<h3 id=\"brxe-najhln\" class=\"brxe-heading\">Foire aux questions (FAQ)<\/h3>\n<div id=\"brxe-rajiac\" class=\"brxe-text\">\n<p><strong>Q : Quels modes de paiement acceptez-vous ?<\/strong><br \/>\nR\u00a0: Nous acceptons PayPal, Stripe, les virements bancaires (pris en charge par SEPA), les principales cartes de cr\u00e9dit (Visa, MasterCard, American Express) et les paiements en crypto-monnaie.<\/p>\n<p><strong>Q : Combien de temps prend la pr\u00e9paration d\u2019une commande ?<\/strong><br \/>\nR : La pr\u00e9paration de la commande prend 1 \u00e0 3 jours ouvrables.<\/p>\n<p><strong>Q : Quel est le d\u00e9lai de livraison ?<\/strong><br \/>\nR : Le d\u00e9lai de livraison est de 7 \u00e0 14 jours ouvrables, selon votre emplacement. Les marchandises exp\u00e9di\u00e9es depuis des entrep\u00f4ts europ\u00e9ens prennent g\u00e9n\u00e9ralement 3 \u00e0 6 jours ouvrables pour \u00eatre livr\u00e9es.<\/p>\n<p><strong>Q : Comment puis-je suivre ma commande ?<\/strong><br \/>\nR : Apr\u00e8s l'exp\u00e9dition, vous recevrez un e-mail de confirmation avec un num\u00e9ro de suivi pour un suivi en temps r\u00e9el.<\/p>\n<p><strong>Q : Quelle est votre politique de retour ?<\/strong><br \/>\nR : Nous proposons une politique de retour de 30 jours pour les remboursements ou les \u00e9changes. .<\/p>\n<p><strong>Q : Y aura-t-il des probl\u00e8mes douaniers ?<br \/>\n<\/strong>Nous prenons en charge toutes les proc\u00e9dures de d\u00e9douanement pour vous garantir une exp\u00e9rience sans tracas. .<\/p>\n<p><strong>Q : Quelles m\u00e9thodes d\u2019exp\u00e9dition sont utilis\u00e9es ?<\/strong><br \/>\nNous coop\u00e9rons avec UPS\/DHL\/FEDEX\/DPD, etc. Nous choisirons l'option d'exp\u00e9dition appropri\u00e9e en fonction du pays de livraison pour garantir que vous recevez vos produits le plus rapidement possible.<\/p>\n<p><a href=\"https:\/\/pgvape.com\/fr\/faq\/\">Cliquez ici pour plus de FAQ<\/a><\/p>\n<p>Chers clients, Si vous avez des questions concernant votre commande ou l'arriv\u00e9e des marchandises, n'h\u00e9sitez pas \u00e0 contacter notre service client. Merci !<\/p>\n<h3 data-sourcepos=\"73:1-73:21\"><strong data-sourcepos=\"73:7-73:21\">Contactez-nous<\/strong><\/h3>\n<div id=\"text-2419739398\" class=\"text\">\n<p><strong data-sourcepos=\"75:3-75:12\">E-mail<\/strong>:\u00a0<a href=\"mailto:support@pgvape.com\"><strong>support@pgvape.com<\/strong><\/a><\/p>\n<p><strong data-sourcepos=\"76:3-76:15\">WhatsApp<\/strong>:\u00a0<a href=\"https:\/\/wa.me\/+8618128481258\"><strong>+86 18128481258<\/strong><\/a><br \/>\n<strong>(R\u00e9ponse sous 24h les jours ouvr\u00e9s)<\/strong><\/p>\n<\/div>\n<h3><strong>Merci d'avoir choisi pgvape.com ! .<\/strong><\/h3>\n<\/div>","protected":false},"excerpt":{"rendered":"<p>\u201c Ne vous ennuyez jamais avec <strong data-sourcepos=\"49:23-49:48\">trois saveurs premium<\/strong> dans un seul appareil \u00e9l\u00e9gant\u00a0! <strong data-sourcepos=\"49:74-49:98\">Capacit\u00e9 de 80 000 bouff\u00e9es<\/strong> dure des semaines, tandis que le <strong data-sourcepos=\"49:122-49:135\">bobine de maille<\/strong> garantit un maximum de saveur. \u201d<\/p>","protected":false},"featured_media":6130,"comment_status":"open","ping_status":"closed","template":"","meta":{"_seopress_robots_primary_cat":"none","_seopress_titles_title":"","_seopress_titles_desc":"","_seopress_robots_index":""},"product_brand":[54,516],"product_cat":[515,461,41],"product_tag":[56,465,55,90,459,203],"class_list":{"0":"post-6121","1":"product","2":"type-product","3":"status-publish","4":"has-post-thumbnail","6":"product_brand-bang-leader-vape","7":"product_brand-disposable-vape","8":"product_cat-disposable-vape","9":"product_cat-bang-leader-vape-eu","10":"product_cat-80k-puffs-vape","11":"product_tag-3-in-1-triple-flavors","12":"product_tag-80k-puffs-vape","13":"product_tag-bang-leader-80000","14":"product_tag-disposable-vape","15":"product_tag-free-shipping","16":"product_tag-shipment-from-eu","18":"first","19":"instock","20":"sale","21":"shipping-taxable","22":"purchasable","23":"product-type-variable"},"_links":{"self":[{"href":"https:\/\/pgvape.com\/fr\/wp-json\/wp\/v2\/product\/6121","targetHints":{"allow":["GET"]}}],"collection":[{"href":"https:\/\/pgvape.com\/fr\/wp-json\/wp\/v2\/product"}],"about":[{"href":"https:\/\/pgvape.com\/fr\/wp-json\/wp\/v2\/types\/product"}],"replies":[{"embeddable":true,"href":"https:\/\/pgvape.com\/fr\/wp-json\/wp\/v2\/comments?post=6121"}],"wp:featuredmedia":[{"embeddable":true,"href":"https:\/\/pgvape.com\/fr\/wp-json\/wp\/v2\/media\/6130"}],"wp:attachment":[{"href":"https:\/\/pgvape.com\/fr\/wp-json\/wp\/v2\/media?parent=6121"}],"wp:term":[{"taxonomy":"product_brand","embeddable":true,"href":"https:\/\/pgvape.com\/fr\/wp-json\/wp\/v2\/product_brand?post=6121"},{"taxonomy":"product_cat","embeddable":true,"href":"https:\/\/pgvape.com\/fr\/wp-json\/wp\/v2\/product_cat?post=6121"},{"taxonomy":"product_tag","embeddable":true,"href":"https:\/\/pgvape.com\/fr\/wp-json\/wp\/v2\/product_tag?post=6121"}],"curies":[{"name":"wp","href":"https:\/\/api.w.org\/{rel}","templated":true}]}}