{"id":6086,"date":"2025-11-14T11:45:53","date_gmt":"2025-11-14T11:45:53","guid":{"rendered":"https:\/\/pgvape.com\/?post_type=product&#038;p=6086"},"modified":"2026-04-18T15:31:11","modified_gmt":"2026-04-18T15:31:11","slug":"bang-leader-50000-50k-bouffees-double-saveurs-expedition-de-vape-jetable-depuis-lue-livraison-gratuite-vape-usine-directe","status":"publish","type":"product","link":"https:\/\/pgvape.com\/fr\/produit\/bang-leader-50000-50k-bouffees-double-saveurs-expedition-de-vape-jetable-depuis-lue-livraison-gratuite-vape-usine-directe\/","title":{"rendered":"Bang Leader 50000 | 50K Puffs Vape jetable \u00e0 double saveur | Exp\u00e9dition depuis l'UE | Livraison gratuite | Vape Factory Direct"},"content":{"rendered":"<p><strong data-sourcepos=\"6:5-6:59\">Bang Leader 50K Puffs Vape jetable \u00e0 double saveur<\/strong>\u00a0red\u00e9finit le vapotage prolong\u00e9 avec\u00a0<strong data-sourcepos=\"6:91-6:107\">50 000 bouff\u00e9es<\/strong>\u00a0d'un massif\u00a0<strong data-sourcepos=\"6:123-6:149\">Capacit\u00e9 e-liquide de 36 ml<\/strong>, aliment\u00e9 par un\u00a0<strong data-sourcepos=\"6:164-6:195\">Batterie rechargeable de 650 mAh<\/strong><span class=\"CustomP_animated_char__m3r9w\">.<\/span><span class=\"CustomP_animated_char__m3r9w\">\u00a0<\/span><span class=\"CustomP_animated_char__m3r9w\">Mettant en vedette<\/span><span class=\"CustomP_animated_char__m3r9w\">\u00a0<\/span><strong data-sourcepos=\"6:207-6:226\">bobines \u00e0 double maille<\/strong>\u00a0et\u00a0<strong data-sourcepos=\"6:231-6:253\">puissance r\u00e9glable<\/strong>, il d\u00e9livre une vapeur riche et douce.\u00a0<strong data-sourcepos=\"6:291-6:315\">Chargement rapide de type C<\/strong><span class=\"CustomP_animated_char__m3r9w\">\u00a0<\/span><span class=\"CustomP_animated_char__m3r9w\">et<\/span><span class=\"CustomP_animated_char__m3r9w\">\u00a0<\/span><strong data-sourcepos=\"6:320-6:337\">affichage intelligent<\/strong><span class=\"CustomP_animated_char__m3r9w\">\u00a0<\/span><span class=\"CustomP_animated_char__m3r9w\">(<\/span><span class=\"CustomP_animated_char__m3r9w\">montrant<\/span><span class=\"CustomP_animated_char__m3r9w\">\u00a0<\/span><span class=\"CustomP_animated_char__m3r9w\">batterie<\/span><span class=\"CustomP_animated_char__m3r9w\">\/<\/span><span class=\"CustomP_animated_char__m3r9w\">e<\/span><span class=\"CustomP_animated_char__m3r9w\">\u2013<\/span><span class=\"CustomP_animated_char__m3r9w\">liquide<\/span><span class=\"CustomP_animated_char__m3r9w\">\u00a0<\/span><span class=\"CustomP_animated_char__m3r9w\">niveaux<\/span><span class=\"CustomP_animated_char__m3r9w\">)<\/span><span class=\"CustomP_animated_char__m3r9w\">\u00a0<\/span><span class=\"CustomP_animated_char__m3r9w\">assurer<\/span><span class=\"CustomP_animated_char__m3r9w\">\u00a0<\/span><span class=\"CustomP_animated_char__m3r9w\">commodit\u00e9<\/span><span class=\"CustomP_animated_char__m3r9w\">,<\/span><span class=\"CustomP_animated_char__m3r9w\">\u00a0<\/span><span class=\"CustomP_animated_char__m3r9w\">alors que<\/span><span class=\"CustomP_animated_char__m3r9w\">\u00a0<\/span><strong data-sourcepos=\"6:398-6:429\">12 combinaisons \u00e0 deux saveurs<\/strong><span class=\"CustomP_animated_char__m3r9w\">\u00a0<\/span><span class=\"CustomP_animated_char__m3r9w\">offre<\/span><span class=\"CustomP_animated_char__m3r9w\">\u00a0<\/span><span class=\"CustomP_animated_char__m3r9w\">incomparable<\/span><span class=\"CustomP_animated_char__m3r9w\">\u00a0<\/span><span class=\"CustomP_animated_char__m3r9w\">vari\u00e9t\u00e9<\/span><span class=\"CustomP_animated_char__m3r9w\">\u2013<\/span><span class=\"CustomP_animated_char__m3r9w\">saveur<\/span><span class=\"CustomP_animated_char__m3r9w\">\u00a0<\/span><span class=\"CustomP_animated_char__m3r9w\">combinaisons<\/span><span class=\"CustomP_animated_char__m3r9w\">*<\/span><span class=\"CustomP_animated_char__m3r9w\">*<\/span><span class=\"CustomP_animated_char__m3r9w\">\u00a0<\/span><span class=\"CustomP_animated_char__m3r9w\">offre<\/span><span class=\"CustomP_animated_char__m3r9w\">\u00a0<\/span><span class=\"CustomP_animated_char__m3r9w\">incomparable<\/span><span class=\"CustomP_animated_char__m3r9w\">\u00a0<\/span><span class=\"CustomP_animated_char__m3r9w\">vari\u00e9t\u00e9<\/span><span class=\"CustomP_animated_char__m3r9w\">.<\/span><span class=\"CustomP_animated_char__m3r9w\">\u00a0<\/span><span class=\"CustomP_animated_char__m3r9w\">Emball\u00e9<\/span><span class=\"CustomP_animated_char__m3r9w\">\u00a0<\/span><strong data-sourcepos=\"6:510-6:531\">10 pi\u00e8ces par bo\u00eete<\/strong><span class=\"CustomP_animated_char__m3r9w\">,<\/span><span class=\"CustomP_animated_char__m3r9w\">\u00a0<\/span><span class=\"CustomP_animated_char__m3r9w\">il<\/span><span class=\"CustomP_animated_char__m3r9w\">\u2018<\/span><span class=\"CustomP_animated_char__m3r9w\">s<\/span><span class=\"CustomP_animated_char__m3r9w\">\u00a0<\/span><span class=\"CustomP_animated_char__m3r9w\">parfait<\/span><span class=\"CustomP_animated_char__m3r9w\">\u00a0<\/span><span class=\"CustomP_animated_char__m3r9w\">pour<\/span><span class=\"CustomP_animated_char__m3r9w\">\u00a0<\/span><span class=\"CustomP_animated_char__m3r9w\">d\u00e9taillants<\/span><span class=\"CustomP_animated_char__m3r9w\">\u00a0<\/span><span class=\"CustomP_animated_char__m3r9w\">et<\/span><span class=\"CustomP_animated_char__m3r9w\">\u00a0<\/span><span class=\"CustomP_animated_char__m3r9w\">saveur<\/span><span class=\"CustomP_animated_char__m3r9w\">*<\/span><span class=\"CustomP_animated_char__m3r9w\">*<\/span><span class=\"CustomP_animated_char__m3r9w\">,<\/span><span class=\"CustomP_animated_char__m3r9w\">\u00a0<\/span><span class=\"CustomP_animated_char__m3r9w\">il<\/span><span class=\"CustomP_animated_char__m3r9w\">\u2018<\/span><span class=\"CustomP_animated_char__m3r9w\">s<\/span><span class=\"CustomP_animated_char__m3r9w\">\u00a0<\/span><span class=\"CustomP_animated_char__m3r9w\">parfait<\/span><span class=\"CustomP_animated_char__m3r9w\">\u00a0<\/span><span class=\"CustomP_animated_char__m3r9w\">pour<\/span><span class=\"CustomP_animated_char__m3r9w\">\u00a0<\/span><span class=\"CustomP_animated_char__m3r9w\">d\u00e9taillants<\/span><span class=\"CustomP_animated_char__m3r9w\">\u00a0<\/span><span class=\"CustomP_animated_char__m3r9w\">et<\/span><span class=\"CustomP_animated_char__m3r9w\">\u00a0<\/span><span class=\"CustomP_animated_char__m3r9w\">saveur<\/span><span class=\"CustomP_animated_char__m3r9w\">\u2013<\/span><span class=\"CustomP_animated_char__m3r9w\">en cherchant<\/span><span class=\"CustomP_animated_char__m3r9w\">\u00a0<\/span><span class=\"CustomP_animated_char__m3r9w\">vapoteurs<\/span><span class=\"CustomP_animated_char__m3r9w\">.<br \/>\nBang Leader 50K Exp\u00e9di\u00e9 directement depuis notre entrep\u00f4t dans l'UE, le\u00a0 garantit une livraison rapide et hors taxes et l'authenticit\u00e9 100%, vous offrant une exp\u00e9rience de vapotage de haut niveau directement \u00e0 votre porte.<br \/>\n<\/span><\/p>\n<p>&nbsp;<\/p>\n<h2><span style=\"font-size: 90%;\">Bang Leader 50000 | 50K Puffs Vape jetable \u00e0 double saveur Sp\u00e9cifications du produit<\/span><\/h2>\n<p><strong data-sourcepos=\"11:3-11:24\">Options nicotiniques\u00a0:<\/strong> <strong data-sourcepos=\"11:25-11:46\">2%<\/strong><\/p>\n<p><strong data-sourcepos=\"12:3-12:18\">Nombre de bouff\u00e9es\u00a0:<\/strong>\u00a0<strong data-sourcepos=\"12:19-12:35\">50 000 bouff\u00e9es<\/strong><span class=\"CustomP_animated_char__m3r9w\">\u00a0<\/span><span class=\"CustomP_animated_char__m3r9w\">(<\/span><span class=\"CustomP_animated_char__m3r9w\">Ult<\/span><span class=\"CustomP_animated_char__m3r9w\">ra<\/span><span class=\"CustomP_animated_char__m3r9w\">\u2013<\/span><span class=\"CustomP_animated_char__m3r9w\">long<\/span><span class=\"CustomP_animated_char__m3r9w\">\u00a0<\/span><span class=\"CustomP_animated_char__m3r9w\">dur\u00e9e de vie<\/span><span class=\"CustomP_animated_char__m3r9w\">)<\/span><\/p>\n<p><strong data-sourcepos=\"13:3-13:25\">Capacit\u00e9 e-liquide\u00a0:<\/strong>\u00a0<strong data-sourcepos=\"13:26-13:34\">36 ml<\/strong><span class=\"CustomP_animated_char__m3r9w\">\u00a0<\/span><span class=\"CustomP_animated_char__m3r9w\">(<\/span><span class=\"CustomP_animated_char__m3r9w\">Industrie<\/span><span class=\"CustomP_animated_char__m3r9w\">\u2013<\/span><span class=\"CustomP_animated_char__m3r9w\">menant<\/span><span class=\"CustomP_animated_char__m3r9w\">\u00a0<\/span><span class=\"CustomP_animated_char__m3r9w\">volume<\/span><span class=\"CustomP_animated_char__m3r9w\">)<\/span><\/p>\n<p><strong data-sourcepos=\"14:3-14:15\">Batterie:<\/strong>\u00a0<strong data-sourcepos=\"14:16-14:39\">650mAh rechargeable<\/strong>\u00a0+\u00a0<strong data-sourcepos=\"14:42-14:66\">Chargement rapide de type C<\/strong><\/p>\n<p><strong data-sourcepos=\"15:3-15:12\">Bobine:<\/strong>\u00a0<strong data-sourcepos=\"15:13-15:26\">Double maille<\/strong><span class=\"CustomP_animated_char__m3r9w\">\u00a0<\/span><span class=\"CustomP_animated_char__m3r9w\">(<\/span><span class=\"CustomP_animated_char__m3r9w\">Am\u00e9lior\u00e9<\/span><span class=\"CustomP_animated_char__m3r9w\">\u00a0<\/span><span class=\"CustomP_animated_char__m3r9w\">saveur<\/span><span class=\"CustomP_animated_char__m3r9w\">\u00a0<\/span><span class=\"CustomP_animated_char__m3r9w\">&amp;<\/span><span class=\"CustomP_animated_char__m3r9w\">\u00a0<\/span><span class=\"CustomP_animated_char__m3r9w\">vapeur<\/span><span class=\"CustomP_animated_char__m3r9w\">\u00a0<\/span><span class=\"CustomP_animated_char__m3r9w\">densit\u00e9<\/span><span class=\"CustomP_animated_char__m3r9w\">)<\/span><\/p>\n<p><strong data-sourcepos=\"16:3-16:21\">Personnalisation\u00a0:<\/strong>\u00a0<strong data-sourcepos=\"16:22-16:44\">Puissance r\u00e9glable<\/strong><span class=\"CustomP_animated_char__m3r9w\">\u00a0<\/span><span class=\"CustomP_animated_char__m3r9w\">(<\/span><span class=\"CustomP_animated_char__m3r9w\">Queue<\/span><span class=\"CustomP_animated_char__m3r9w\">ou<\/span><span class=\"CustomP_animated_char__m3r9w\">\u00a0<\/span><span class=\"CustomP_animated_char__m3r9w\">ton<\/span><span class=\"CustomP_animated_char__m3r9w\">\u00a0<\/span><span class=\"CustomP_animated_char__m3r9w\">vapoter<\/span><span class=\"CustomP_animated_char__m3r9w\">\u00a0<\/span><span class=\"CustomP_animated_char__m3r9w\">intensit\u00e9<\/span><span class=\"CustomP_animated_char__m3r9w\">)<\/span><\/p>\n<p><strong data-sourcepos=\"17:3-17:15\">Afficher:<\/strong>\u00a0<strong data-sourcepos=\"17:16-17:59\">Surveillance en temps r\u00e9el de la batterie et des e-liquides<\/strong><\/p>\n<p><strong data-sourcepos=\"18:3-18:21\">Syst\u00e8me de saveur\u00a0:<\/strong>\u00a0<strong data-sourcepos=\"18:22-18:53\">12 combinaisons \u00e0 deux saveurs<\/strong><span class=\"CustomP_animated_char__m3r9w\">\u00a0<\/span><span class=\"CustomP_animated_char__m3r9w\">(<\/span><span class=\"CustomP_animated_char__m3r9w\">M\u00e9langer<\/span><span class=\"CustomP_animated_char__m3r9w\">\u00a0<\/span><span class=\"CustomP_animated_char__m3r9w\">&amp;<\/span><span class=\"CustomP_animated_char__m3r9w\">\u00a0<\/span><span class=\"CustomP_animated_char__m3r9w\">correspondre<\/span><span class=\"CustomP_animated_char__m3r9w\">\u00a0<\/span><span class=\"CustomP_animated_char__m3r9w\">profils<\/span><span class=\"CustomP_animated_char__m3r9w\">)<\/span><\/p>\n<p><strong data-sourcepos=\"19:3-19:17\">Conditionnement:<\/strong>\u00a0<strong data-sourcepos=\"19:18-19:32\">10 pi\u00e8ces\/bo\u00eete<\/strong><span class=\"CustomP_animated_char__m3r9w\">\u00a0<\/span><span class=\"CustomP_animated_char__m3r9w\">(<\/span><span class=\"CustomP_animated_char__m3r9w\">Vente au d\u00e9tail<\/span><span class=\"CustomP_animated_char__m3r9w\">\u2013<\/span><span class=\"CustomP_animated_char__m3r9w\">pr\u00eat<\/span><span class=\"CustomP_animated_char__m3r9w\">)<\/span><\/p>\n<p><strong data-sourcepos=\"15:3-15:28\">Exp\u00e9dition en entrep\u00f4t dans l'UE<\/strong>\u00a0\u2013 Livraison rapide et hors taxes<\/p>\n<p>&nbsp;<\/p>\n<h3><span style=\"font-size: 90%;\">Bang Leader 50000 |<\/span><\/h3>\n<p>1.Glace Fraise Framboise Cerise \/ Cerise<\/p>\n<p>2. Past\u00e8que Fraise \/ Past\u00e8que<\/p>\n<p>3. Raisin noir\/raisin vert<\/p>\n<p>4.Pomme Poire \/ Kiwi Passion Goyave<\/p>\n<p>5. Limonade Sour Ananas \/ Citron Lime<\/p>\n<p>6.Glace Banane \/ Mangue<\/p>\n<p>7.Blueberry Sour Framboise \/ Myrtille<\/p>\n<p>8.Cherry Cola \/ Limonade Rose<\/p>\n<p>9. Limonade aux bleuets et aux framboises \/ Glace aux fraises, aux framboises et aux cerises<\/p>\n<p>10.Fraise Kiwi \/ Glace Fraise<\/p>\n<p>11.Ananas Passion\/Glace Ananas<\/p>\n<p>12.Mojito Framboise \/ Cerise Framboise Citron Vert<img loading=\"lazy\" decoding=\"async\" class=\"alignnone wp-image-6108 size-full\" src=\"https:\/\/pgvape.com\/wp-content\/uploads\/2025\/11\/Pgvape-Bang-eader-50000-50K-Puffs-Dual-Flavors-Disposable-Vape-Shipment-from-EU-Free-Shipping-2.png\" alt=\"Grille d&#039;appareils compacts color\u00e9s de style vape dispos\u00e9s en rang\u00e9es sur un fond bleu sur le th\u00e8me de l&#039;espace, chaque unit\u00e9 \u00e0 corps hexagonal comportant un \u00e9cran central noir avec des indicateurs num\u00e9riques et \u00e0 barres et un petit personnage graphique ou un logo sur le corps.\" width=\"1500\" height=\"1054\" srcset=\"https:\/\/pgvape.com\/wp-content\/uploads\/2025\/11\/Pgvape-Bang-eader-50000-50K-Puffs-Dual-Flavors-Disposable-Vape-Shipment-from-EU-Free-Shipping-2.png 1500w, https:\/\/pgvape.com\/wp-content\/uploads\/2025\/11\/Pgvape-Bang-eader-50000-50K-Puffs-Dual-Flavors-Disposable-Vape-Shipment-from-EU-Free-Shipping-2-512x360.png 512w, https:\/\/pgvape.com\/wp-content\/uploads\/2025\/11\/Pgvape-Bang-eader-50000-50K-Puffs-Dual-Flavors-Disposable-Vape-Shipment-from-EU-Free-Shipping-2-595x418.png 595w, https:\/\/pgvape.com\/wp-content\/uploads\/2025\/11\/Pgvape-Bang-eader-50000-50K-Puffs-Dual-Flavors-Disposable-Vape-Shipment-from-EU-Free-Shipping-2-400x281.png 400w, https:\/\/pgvape.com\/wp-content\/uploads\/2025\/11\/Pgvape-Bang-eader-50000-50K-Puffs-Dual-Flavors-Disposable-Vape-Shipment-from-EU-Free-Shipping-2-768x540.png 768w, https:\/\/pgvape.com\/wp-content\/uploads\/2025\/11\/Pgvape-Bang-eader-50000-50K-Puffs-Dual-Flavors-Disposable-Vape-Shipment-from-EU-Free-Shipping-2-18x12.png 18w, https:\/\/pgvape.com\/wp-content\/uploads\/2025\/11\/Pgvape-Bang-eader-50000-50K-Puffs-Dual-Flavors-Disposable-Vape-Shipment-from-EU-Free-Shipping-2-600x422.png 600w, https:\/\/pgvape.com\/wp-content\/uploads\/2025\/11\/Pgvape-Bang-eader-50000-50K-Puffs-Dual-Flavors-Disposable-Vape-Shipment-from-EU-Free-Shipping-2-57x40.png 57w\" sizes=\"auto, (max-width: 1500px) 100vw, 1500px\" \/><\/p>\n<p>&nbsp;<\/p>\n<h3><span style=\"font-size: 90%;\">Bang Leader 50000 |\u00a0<strong>Vid\u00e9o:<\/strong><\/span><\/h3>\n<p><iframe loading=\"lazy\" title=\"Bang Leader 50K Puffs Vape jetable \u00e0 double saveur avec \u00e9cran d&#039;affichage Vape Factory Wholesale pgvape\" width=\"563\" height=\"1000\" src=\"https:\/\/www.youtube.com\/embed\/dgqkXChaUXk?feature=oembed\" frameborder=\"0\" allow=\"accelerometer; autoplay; clipboard-write; encrypted-media; gyroscope; picture-in-picture; web-share\" referrerpolicy=\"strict-origin-when-cross-origin\" allowfullscreen><\/iframe><\/p>\n<p>&nbsp;<\/p>\n<h3 class=\"auto-hide-last-sibling-br paragraph-pP9ZLC paragraph-element br-paragraph-space\"><span style=\"font-size: 90%;\">Pourquoi choisir l'entrep\u00f4t europ\u00e9en PGVape\u00a0?<\/span><\/h3>\n<p>Exp\u00e9dition rapide : livraison dans la plupart des pays de l\u2019UE sous 3 \u00e0 7 jours ouvrables.<\/p>\n<p>Livraison hors taxes : le stock local de l\u2019UE garantit une exp\u00e9dition fluide et hors taxes.<\/p>\n<p>Garantie authentique 100% : v\u00e9ritables cigarettes \u00e9lectroniques Bang Leader provenant de fournisseurs certifi\u00e9s.<\/p>\n<p>Inventaire frais\u00a0: stock\u00e9 dans des conditions contr\u00f4l\u00e9es pour garantir une qualit\u00e9 optimale.<\/p>\n<p>Approuv\u00e9 par les Europ\u00e9ens\u00a0: des milliers de clients b\u00e9n\u00e9ficient des services de cigarettes \u00e9lectroniques rapides et s\u00e9curis\u00e9s de PGVape.<\/p>\n<p>&nbsp;<\/p>\n<h2><span style=\"font-size: 90%;\">FAQ sur Bang Leader 50000 |<\/span><\/h2>\n<p data-sourcepos=\"40:1-41:74\">\u2753\u00a0<strong data-sourcepos=\"40:3-40:37\">Comment obtient-il 50 000 bouff\u00e9es\u00a0?<\/strong><br \/>\n\u2705\u00a0<strong data-sourcepos=\"41:3-41:20\">36 ml d'e-liquide<\/strong>\u00a0+\u00a0<strong data-sourcepos=\"41:23-41:52\">bobines efficaces \u00e0 double maille<\/strong>\u00a0maximiser la long\u00e9vit\u00e9.<\/p>\n<p data-sourcepos=\"43:1-44:107\">\u2753\u00a0<strong data-sourcepos=\"43:3-43:43\">Puis-je basculer facilement entre les saveurs ?<\/strong><br \/>\n\u2705\u00a0Oui\u00a0!\u00a0<strong data-sourcepos=\"44:8-44:43\">12 combos pr\u00e9-m\u00e9lang\u00e9s \u00e0 deux saveurs<\/strong>\u00a0vous permettent de basculer entre les go\u00fbts (par exemple,\u00a0<strong data-sourcepos=\"44:81-44:103\">Glace \u00e0 la banane \u2192 Mangue<\/strong>).<\/p>\n<p data-sourcepos=\"46:1-47:93\">\u2753\u00a0<strong data-sourcepos=\"46:3-46:31\">La batterie est-elle fiable ?<\/strong><br \/>\n\u2705\u00a0Le\u00a0<strong data-sourcepos=\"47:7-47:25\">Batterie 650 mAh<\/strong>\u00a0prend en charge une utilisation toute la journ\u00e9e, avec\u00a0<strong data-sourcepos=\"47:53-47:72\">Chargement de type C<\/strong>\u00a0pour des ravitaillements rapides.<\/p>\n<p data-sourcepos=\"49:1-50:109\">\u2753\u00a0<strong data-sourcepos=\"49:3-49:26\">Pour qui est-ce le mieux ?<br \/>\n<\/strong>\u2705\u00a0Les vapoteurs veulent\u00a0<strong data-sourcepos=\"50:18-50:34\">utilisation prolong\u00e9e<\/strong>\u00a0+\u00a0<strong data-sourcepos=\"50:37-50:55\">vari\u00e9t\u00e9 de saveurs<\/strong>, et les d\u00e9taillants recherchant\u00a0<strong data-sourcepos=\"50:79-50:106\">produits jetables tr\u00e8s demand\u00e9s<\/strong>.<\/p>\n<p data-sourcepos=\"49:1-50:109\">\u2753\u00a0<strong data-sourcepos=\"50:3-50:42\">D'o\u00f9 ce produit est-il exp\u00e9di\u00e9\u00a0?<\/strong><br \/>\n\u2705\u00a0Directement de\u00a0<strong data-sourcepos=\"51:15-51:32\">Entrep\u00f4ts de l'UE<\/strong>\u00a0pour\u00a0<strong data-sourcepos=\"51:37-51:64\">livraison rapide et hors taxes<\/strong>.<\/p>\n<p>&nbsp;<\/p>\n<h3 id=\"brxe-najhln\" class=\"brxe-heading\">Foire aux questions (FAQ)<\/h3>\n<div id=\"brxe-rajiac\" class=\"brxe-text\">\n<p><strong>Q : Quels modes de paiement acceptez-vous ?<\/strong><br \/>\nR\u00a0: Nous acceptons PayPal, Stripe, les virements bancaires (pris en charge par SEPA), les principales cartes de cr\u00e9dit (Visa, MasterCard, American Express) et les paiements en crypto-monnaie.<\/p>\n<p><strong>Q : Combien de temps prend la pr\u00e9paration d\u2019une commande ?<\/strong><br \/>\nR : La pr\u00e9paration de la commande prend 1 \u00e0 3 jours ouvrables.<\/p>\n<p><strong>Q : Quel est le d\u00e9lai de livraison ?<\/strong><br \/>\nR : Le d\u00e9lai de livraison est de 7 \u00e0 14 jours ouvrables, selon votre emplacement. Les marchandises exp\u00e9di\u00e9es depuis des entrep\u00f4ts europ\u00e9ens prennent g\u00e9n\u00e9ralement 3 \u00e0 6 jours ouvrables pour \u00eatre livr\u00e9es.<\/p>\n<p><strong>Q : Comment puis-je suivre ma commande ?<\/strong><br \/>\nR : Apr\u00e8s l'exp\u00e9dition, vous recevrez un e-mail de confirmation avec un num\u00e9ro de suivi pour un suivi en temps r\u00e9el.<\/p>\n<p><strong>Q : Quelle est votre politique de retour ?<\/strong><br \/>\nR : Nous proposons une politique de retour de 30 jours pour les remboursements ou les \u00e9changes. .<\/p>\n<p><strong>Q : Y aura-t-il des probl\u00e8mes douaniers ?<br \/>\n<\/strong>Nous prenons en charge toutes les proc\u00e9dures de d\u00e9douanement pour vous garantir une exp\u00e9rience sans tracas. .<\/p>\n<p><strong>Q : Quelles m\u00e9thodes d\u2019exp\u00e9dition sont utilis\u00e9es ?<\/strong><br \/>\nNous coop\u00e9rons avec UPS\/DHL\/FEDEX\/DPD, etc. Nous choisirons l'option d'exp\u00e9dition appropri\u00e9e en fonction du pays de livraison pour garantir que vous recevez vos produits le plus rapidement possible.<\/p>\n<p><a href=\"https:\/\/pgvape.com\/fr\/faq\/\">Cliquez ici pour plus de FAQ<\/a><\/p>\n<p>Chers clients, Si vous avez des questions concernant votre commande ou l'arriv\u00e9e des marchandises, n'h\u00e9sitez pas \u00e0 contacter notre service client. Merci !<\/p>\n<h3 data-sourcepos=\"73:1-73:21\"><strong data-sourcepos=\"73:7-73:21\">Contactez-nous<\/strong><\/h3>\n<div id=\"text-2419739398\" class=\"text\">\n<p><strong data-sourcepos=\"75:3-75:12\">E-mail<\/strong>:\u00a0<a href=\"mailto:support@pgvape.com\"><strong>support@pgvape.com<\/strong><\/a><\/p>\n<p><strong data-sourcepos=\"76:3-76:15\">WhatsApp<\/strong>:\u00a0<a href=\"https:\/\/wa.me\/+8618128481258\"><strong>+86 18128481258<\/strong><\/a><br \/>\n<strong>(R\u00e9ponse sous 24h les jours ouvr\u00e9s)<\/strong><\/p>\n<\/div>\n<h3><strong>Merci d'avoir choisi pgvape.com ! .<\/strong><\/h3>\n<\/div>","protected":false},"excerpt":{"rendered":"<p>Avec\u00a0<strong data-sourcepos=\"55:6-55:19\">50 000 bouff\u00e9es<\/strong>,\u00a0<strong data-sourcepos=\"55:21-55:48\">flexibilit\u00e9 \u00e0 deux saveurs<\/strong>, et\u00a0<strong data-sourcepos=\"55:54-55:76\">bobines de maille haut de gamme<\/strong>, le\u00a0<strong data-sourcepos=\"55:82-55:101\">Bang Leader 50K<\/strong>\u00a0est une centrale \u00e9lectrique pour les amateurs de saveurs.\u00a0<strong data-sourcepos=\"55:142-55:164\">Emballage de 10 pi\u00e8ces<\/strong>\u00a0garantit l'attrait du commerce de d\u00e9tail.<\/p>","protected":false},"featured_media":6107,"comment_status":"open","ping_status":"closed","template":"","meta":{"_seopress_robots_primary_cat":"none","_seopress_titles_title":"","_seopress_titles_desc":"","_seopress_robots_index":""},"product_brand":[54],"product_cat":[515,461,61],"product_tag":[318,63,90,66,459,203],"class_list":{"0":"post-6086","1":"product","2":"type-product","3":"status-publish","4":"has-post-thumbnail","6":"product_brand-bang-leader-vape","7":"product_cat-disposable-vape","8":"product_cat-bang-leader-vape-eu","9":"product_cat-50k-puffs-vape","10":"product_tag-50k-puffs-vape","11":"product_tag-bang-leader-50000","12":"product_tag-disposable-vape","13":"product_tag-dual-flavors","14":"product_tag-free-shipping","15":"product_tag-shipment-from-eu","17":"first","18":"instock","19":"sale","20":"shipping-taxable","21":"purchasable","22":"product-type-variable"},"_links":{"self":[{"href":"https:\/\/pgvape.com\/fr\/wp-json\/wp\/v2\/product\/6086","targetHints":{"allow":["GET"]}}],"collection":[{"href":"https:\/\/pgvape.com\/fr\/wp-json\/wp\/v2\/product"}],"about":[{"href":"https:\/\/pgvape.com\/fr\/wp-json\/wp\/v2\/types\/product"}],"replies":[{"embeddable":true,"href":"https:\/\/pgvape.com\/fr\/wp-json\/wp\/v2\/comments?post=6086"}],"wp:featuredmedia":[{"embeddable":true,"href":"https:\/\/pgvape.com\/fr\/wp-json\/wp\/v2\/media\/6107"}],"wp:attachment":[{"href":"https:\/\/pgvape.com\/fr\/wp-json\/wp\/v2\/media?parent=6086"}],"wp:term":[{"taxonomy":"product_brand","embeddable":true,"href":"https:\/\/pgvape.com\/fr\/wp-json\/wp\/v2\/product_brand?post=6086"},{"taxonomy":"product_cat","embeddable":true,"href":"https:\/\/pgvape.com\/fr\/wp-json\/wp\/v2\/product_cat?post=6086"},{"taxonomy":"product_tag","embeddable":true,"href":"https:\/\/pgvape.com\/fr\/wp-json\/wp\/v2\/product_tag?post=6086"}],"curies":[{"name":"wp","href":"https:\/\/api.w.org\/{rel}","templated":true}]}}