{"id":6058,"date":"2025-11-14T10:25:52","date_gmt":"2025-11-14T10:25:52","guid":{"rendered":"https:\/\/pgvape.com\/?post_type=product&#038;p=6058"},"modified":"2026-04-18T15:31:11","modified_gmt":"2026-04-18T15:31:11","slug":"bang-leader-110000-110k-bouffees-6-en-1-saveurs-vape-jetable-expedition-depuis-lue-livraison-gratuite-vape-usine-directe","status":"publish","type":"product","link":"https:\/\/pgvape.com\/fr\/produit\/bang-leader-110000-110k-bouffees-6-en-1-saveurs-vape-jetable-expedition-depuis-lue-livraison-gratuite-vape-usine-directe\/","title":{"rendered":"Bang Leader 110000 | 110k Puffs 6 en 1 Saveurs Vape jetable | Exp\u00e9dition depuis l'UE | Livraison gratuite | Vape Factory Direct"},"content":{"rendered":"<p><strong data-sourcepos=\"6:5-6:47\">Vape jetable Bang Leader 110K Puffs<\/strong>\u00a0r\u00e9volutionne le vapotage \u00e0 long terme avec un leader de l'industrie\u00a0<strong data-sourcepos=\"6:105-6:135\">100 000 \u00e0 110 000 bouff\u00e9es<\/strong>, propuls\u00e9 par un syst\u00e8me innovant\u00a0<strong data-sourcepos=\"6:162-6:184\">syst\u00e8me \u00e0 trois r\u00e9servoirs<\/strong>\u00a0et\u00a0<strong data-sourcepos=\"6:189-6:209\">bobine \u00e0 triple maille<\/strong>\u00a0technologie.\u00a0<strong data-sourcepos=\"6:232-6:263\">6 modes de saveur personnalisables<\/strong> (saveurs simples ou m\u00e9lang\u00e9es),\u00a0et un\u00a0<strong data-sourcepos=\"6:337-6:368\">Batterie rechargeable de 850 mAh<\/strong>\u00a0avec\u00a0<strong data-sourcepos=\"6:374-6:398\">Chargement rapide de type C<\/strong>, cet appareil offre une polyvalence in\u00e9gal\u00e9e.\u00a0<strong data-sourcepos=\"6:451-6:465\">\u00c9cran LED<\/strong>\u00a0fournit une surveillance en temps r\u00e9el de la batterie et de son utilisation, tout en\u00a0<strong data-sourcepos=\"6:524-6:556\">Emballage en gros de 10 pi\u00e8ces<\/strong>\u00a0le rend id\u00e9al pour les d\u00e9taillants.<br \/>\nBang Leader 110K Exp\u00e9di\u00e9 directement de notre <b>Entrep\u00f4t de l'UE<\/b>, les garanties <b>livraison rapide et hors taxes<\/b>\u00a0et l'authenticit\u00e9 100%, vous offrant une exp\u00e9rience de vapotage de premier ordre directement \u00e0 votre porte.<\/p>\n<p>&nbsp;<\/p>\n<h2><span style=\"font-size: 90%;\">Bang Leader 110000 | 110k Puffs 6 en 1 Saveurs Vape jetable Sp\u00e9cifications du produit<\/span><\/h2>\n<p><strong data-sourcepos=\"11:3-11:18\">Nombre de bouff\u00e9es\u00a0:<\/strong>\u00a0<strong data-sourcepos=\"11:19-11:44\">100 000 \u00e0 110 000 bouff\u00e9es<\/strong>\u00a0(Long\u00e9vit\u00e9 in\u00e9gal\u00e9e)<\/p>\n<p><strong data-sourcepos=\"12:3-12:16\">Nicotine:<\/strong>\u00a0<strong data-sourcepos=\"12:17-12:33\">2%\u00a0<\/strong><\/p>\n<p><strong data-sourcepos=\"13:3-13:21\">Syst\u00e8me de saveur\u00a0:<\/strong><strong data-sourcepos=\"14:5-14:17\">6 modes\u00a0:<\/strong>\u00a0<strong data-sourcepos=\"14:18-14:44\">A, B, C, A+B, A+C, B+C<\/strong>\u00a0(M\u00e9langer et assortir les saveurs)<\/p>\n<p><strong data-sourcepos=\"15:5-15:25\">R\u00e9servoirs d'huile triples<\/strong>\u00a0(R\u00e9servoirs d'huile suppl\u00e9mentaires** (prend en charge les combinaisons multi-saveurs)<\/p>\n<p><strong data-sourcepos=\"16:3-16:12\">Bobine:<\/strong>\u00a0<strong data-sourcepos=\"16:13-16:33\">Bobine \u00e0 triple maille<\/strong>\u00a0(Chauffage plus rapide, vapeur plus riche)<\/p>\n<p><strong data-sourcepos=\"17:3-17:15\">Batterie:<\/strong>\u00a0<strong data-sourcepos=\"17:16-17:39\">850mAh rechargeable<\/strong>\u00a0(Avec\u00a0<strong data-sourcepos=\"17:46-17:56\">Type-C<\/strong>\u00a0charge rapide)<\/p>\n<p><strong data-sourcepos=\"18:3-18:15\">Afficher:<\/strong>\u00a0<strong data-sourcepos=\"18:16-18:30\">\u00c9cran LED<\/strong>\u00a0(Nombre de bouff\u00e9es et indicateur de batterie)<\/p>\n<p><strong data-sourcepos=\"19:3-19:17\">Conditionnement:<\/strong>\u00a0<strong data-sourcepos=\"19:18-19:33\">10 pi\u00e8ces\/paquet<\/strong>\u00a0(Pr\u00eat pour la vente au d\u00e9tail)<\/p>\n<p><strong data-sourcepos=\"15:3-15:28\">Exp\u00e9dition en entrep\u00f4t dans l'UE<\/strong>\u00a0\u2013 Livraison rapide et hors taxes<\/p>\n<p>&nbsp;<\/p>\n<h3><span style=\"font-size: 90%;\">Bang Leader 110000 | 110k Puffs 6 en 1 Saveurs Liste des saveurs de vape jetables<\/span><\/h3>\n<p>1. Glace \u00e0 la past\u00e8que \/ Fraise Mamba \/ Fraise Past\u00e8que \/ Glace \u00e0 la past\u00e8que Fraise Mamba \/ Glace \u00e0 la past\u00e8que Fraise Past\u00e8que \/ Fraise Mamba Fraise Past\u00e8que<\/p>\n<p>2.Fuji Ice \/ Pomme Raisin \/ Cerise Grenade \/ Fuji Ice Pomme Raisin \/ Fuji Ice Cherry Grenade \/ Pomme Raisin Cerise Grenade<\/p>\n<p>3. Glace aux myrtilles \/ Citron framboise \/ Bubblegum past\u00e8que \/ Glace aux myrtilles Citron framboise \/ Bubblegum past\u00e8que glac\u00e9e aux myrtilles \/ Bubblegum framboise citron past\u00e8que<\/p>\n<p>4. Bleuets Framboises \/ Ananas aigres Oranges \/ Framboises Past\u00e8ques \/ Myrtilles Framboises Ananas aigres Oranges \/ Myrtilles Framboises Framboises Past\u00e8ques \/ Ananas aigres Oranges Framboises Past\u00e8que<\/p>\n<p>5. Raisin glac\u00e9\/mangue p\u00eache\/myrtille past\u00e8que\/raisin glace mangue p\u00eache\/raisin glace myrtille past\u00e8que\/mangue p\u00eache myrtille past\u00e8que<\/p>\n<p>6. Glace aux fraises \/ P\u00eache Citron \/ Kiwi Fruit de la passion Goyave \/ Glace aux fraises P\u00eache Citron \/ Glace aux fraises Kiwi Fruit de la passion Goyave \/ P\u00eache Citron Kiwi Fruit de la passion Goyave<\/p>\n<p>7. Ananas noix de coco\/myrtille Red Bull\/glace past\u00e8que\/ananas noix de coco myrtille Red Bull\/ananas noix de coco glace past\u00e8que\/myrtille Red Bull glace past\u00e8que<\/p>\n<p>8. Fraise Kiwi \/ Myrtille noix de coco \/ Baies m\u00e9lang\u00e9es \/ Fraise Kiwi Myrtille noix de coco \/ Fraise Kiwi Baies m\u00e9lang\u00e9es \/ Baies m\u00e9lang\u00e9es myrtille noix de coco<\/p>\n<p>9. Romance Citron \/ Myrtille Framboise \/ P\u00eache Menthol \/ Romance Citron Myrtille Framboise \/ Romance Citron P\u00eache Menthol \/ Myrtille Framboise P\u00eache Menthol<\/p>\n<p>10. Glace p\u00eache \/ Glace cassis ananas \/ Glace pomme verte kiwi \/ Glace p\u00eache Glace cassis ananas \/ Glace p\u00eache pomme verte kiwi \/ Glace cassis ananas pomme verte kiwi<img loading=\"lazy\" decoding=\"async\" class=\"alignnone wp-image-6063 size-full\" src=\"https:\/\/pgvape.com\/wp-content\/uploads\/2025\/11\/Pgvape-Bang-Leader-110k-Puffs-6-in-1-Flavors-Disposable-Vape-Shipment-from-EU-Free-Shipping-3.png\" alt=\"Une grille de douze appareils de vape jetables \u00e0 d\u00e9grad\u00e9 color\u00e9 \u00e9tiquet\u00e9s \u201c 6in1 \u201d, chacun avec une illustration de singe de dessin anim\u00e9, des ic\u00f4nes d&#039;affichage num\u00e9rique et de petites \u00e9tiquettes multi-saveurs en dessous, pr\u00e9sent\u00e9es sur un fond bleu glac\u00e9.\" width=\"1080\" height=\"1080\" srcset=\"https:\/\/pgvape.com\/wp-content\/uploads\/2025\/11\/Pgvape-Bang-Leader-110k-Puffs-6-in-1-Flavors-Disposable-Vape-Shipment-from-EU-Free-Shipping-3.png 1080w, https:\/\/pgvape.com\/wp-content\/uploads\/2025\/11\/Pgvape-Bang-Leader-110k-Puffs-6-in-1-Flavors-Disposable-Vape-Shipment-from-EU-Free-Shipping-3-360x360.png 360w, https:\/\/pgvape.com\/wp-content\/uploads\/2025\/11\/Pgvape-Bang-Leader-110k-Puffs-6-in-1-Flavors-Disposable-Vape-Shipment-from-EU-Free-Shipping-3-595x595.png 595w, https:\/\/pgvape.com\/wp-content\/uploads\/2025\/11\/Pgvape-Bang-Leader-110k-Puffs-6-in-1-Flavors-Disposable-Vape-Shipment-from-EU-Free-Shipping-3-400x400.png 400w, https:\/\/pgvape.com\/wp-content\/uploads\/2025\/11\/Pgvape-Bang-Leader-110k-Puffs-6-in-1-Flavors-Disposable-Vape-Shipment-from-EU-Free-Shipping-3-768x768.png 768w, https:\/\/pgvape.com\/wp-content\/uploads\/2025\/11\/Pgvape-Bang-Leader-110k-Puffs-6-in-1-Flavors-Disposable-Vape-Shipment-from-EU-Free-Shipping-3-12x12.png 12w, https:\/\/pgvape.com\/wp-content\/uploads\/2025\/11\/Pgvape-Bang-Leader-110k-Puffs-6-in-1-Flavors-Disposable-Vape-Shipment-from-EU-Free-Shipping-3-300x300.png 300w, https:\/\/pgvape.com\/wp-content\/uploads\/2025\/11\/Pgvape-Bang-Leader-110k-Puffs-6-in-1-Flavors-Disposable-Vape-Shipment-from-EU-Free-Shipping-3-600x600.png 600w, https:\/\/pgvape.com\/wp-content\/uploads\/2025\/11\/Pgvape-Bang-Leader-110k-Puffs-6-in-1-Flavors-Disposable-Vape-Shipment-from-EU-Free-Shipping-3-100x100.png 100w, https:\/\/pgvape.com\/wp-content\/uploads\/2025\/11\/Pgvape-Bang-Leader-110k-Puffs-6-in-1-Flavors-Disposable-Vape-Shipment-from-EU-Free-Shipping-3-40x40.png 40w\" sizes=\"auto, (max-width: 1080px) 100vw, 1080px\" \/><\/p>\n<p>&nbsp;<\/p>\n<h3><span style=\"font-size: 90%;\">Bang Leader 110000 | 110k Puffs 6 en 1 Saveurs Vape jetable\u00a0<strong>Vid\u00e9o:<\/strong><\/span><\/h3>\n<p><iframe loading=\"lazy\" title=\"Bang Leader 110k Puffs 6 en 1 Saveurs Vape jetables Modes de saveur r\u00e9glables avec \u00e9cran LED pgvape\" width=\"563\" height=\"1000\" src=\"https:\/\/www.youtube.com\/embed\/RcaN8oRy9z4?feature=oembed\" frameborder=\"0\" allow=\"accelerometer; autoplay; clipboard-write; encrypted-media; gyroscope; picture-in-picture; web-share\" referrerpolicy=\"strict-origin-when-cross-origin\" allowfullscreen><\/iframe><\/p>\n<p>&nbsp;<\/p>\n<h3 class=\"auto-hide-last-sibling-br paragraph-pP9ZLC paragraph-element br-paragraph-space\"><span style=\"font-size: 90%;\">Pourquoi choisir l'entrep\u00f4t europ\u00e9en PGVape\u00a0?<\/span><\/h3>\n<p>Exp\u00e9dition rapide : livraison dans la plupart des pays de l\u2019UE sous 3 \u00e0 7 jours ouvrables.<\/p>\n<p>Livraison hors taxes : le stock local de l\u2019UE garantit une exp\u00e9dition fluide et hors taxes.<\/p>\n<p>Garantie authentique 100% : v\u00e9ritables cigarettes \u00e9lectroniques Bang Leader provenant de fournisseurs certifi\u00e9s.<\/p>\n<p>Inventaire frais\u00a0: stock\u00e9 dans des conditions contr\u00f4l\u00e9es pour garantir une qualit\u00e9 optimale.<\/p>\n<p>Approuv\u00e9 par les Europ\u00e9ens\u00a0: des milliers de clients b\u00e9n\u00e9ficient des services de cigarettes \u00e9lectroniques rapides et s\u00e9curis\u00e9s de PGVape.<\/p>\n<p>&nbsp;<\/p>\n<h2 class=\"header-vfC6AV auto-hide-last-sibling-br\"><span style=\"font-size: 90%;\">FAQ sur Bang Leader 110000 | 110k Puffs 6 en 1 Saveurs Vape jetable<\/span><\/h2>\n<p data-sourcepos=\"38:1-39:92\">\u2753\u00a0<strong data-sourcepos=\"38:3-38:38\">Comment obtient-il 110 000 bouff\u00e9es ?<\/strong><br \/>\n\u2705\u00a0<strong data-sourcepos=\"39:3-39:23\">R\u00e9servoirs d'huile triples<\/strong>\u00a0+\u00a0<strong data-sourcepos=\"39:26-39:44\">Batterie 850 mAh<\/strong>\u00a0+\u00a0<strong data-sourcepos=\"39:47-39:71\">bobines de maille efficaces<\/strong>\u00a0maximiser la dur\u00e9e de vie.<\/p>\n<p data-sourcepos=\"41:1-42:124\">\u2753\u00a0<strong data-sourcepos=\"41:3-41:25\">Puis-je m\u00e9langer les saveurs ?<\/strong><br \/>\n\u2705\u00a0Oui\u00a0!\u00a0<strong data-sourcepos=\"42:16-42:35\">2-3 saveurs au choix<\/strong>\u00a0des r\u00e9servoirs pour\u00a0<strong data-sourcepos=\"42:55-42:72\">m\u00e9langes personnalis\u00e9s<\/strong>\u00a0(par exemple,\u00a0<strong data-sourcepos=\"42:80-42:120\">Glace aux bleuets + Bubblegum \u00e0 la past\u00e8que<\/strong>).<\/p>\n<p data-sourcepos=\"44:1-45:86\">\u2753\u00a0<strong data-sourcepos=\"44:3-44:27\">Est-ce convivial ?<\/strong><br \/>\n\u2705\u00a0Le\u00a0<strong data-sourcepos=\"45:7-45:21\">\u00c9cran LED<\/strong>\u00a0suit l'utilisation, et\u00a0<strong data-sourcepos=\"45:40-45:59\">Chargement de type C<\/strong>\u00a0assure des mises sous tension rapides.<\/p>\n<p data-sourcepos=\"47:1-48:88\">\u2753\u00a0<strong data-sourcepos=\"47:3-47:26\">Pour qui est-ce le mieux ?<\/strong><br \/>\n\u2705\u00a0Les gros vapoteurs veulent\u00a0<strong data-sourcepos=\"48:24-48:37\">long\u00e9vit\u00e9<\/strong>\u00a0+ d\u00e9taillants recherchant\u00a0<strong data-sourcepos=\"48:58-48:85\">produits jetables \u00e0 forte marge<\/strong>.<\/p>\n<p>\u2753\u00a0<strong data-sourcepos=\"50:3-50:42\">D'o\u00f9 ce produit est-il exp\u00e9di\u00e9\u00a0?<\/strong><br \/>\n\u2705\u00a0Directement de\u00a0<strong data-sourcepos=\"51:15-51:32\">Entrep\u00f4ts de l'UE<\/strong>\u00a0pour\u00a0<strong data-sourcepos=\"51:37-51:64\">livraison rapide et hors taxes<\/strong>.<\/p>\n<p>&nbsp;<\/p>\n<h3 id=\"brxe-najhln\" class=\"brxe-heading\">Foire aux questions (FAQ)<\/h3>\n<div id=\"brxe-rajiac\" class=\"brxe-text\">\n<p><strong>Q : Quels modes de paiement acceptez-vous ?<\/strong><br \/>\nR\u00a0: Nous acceptons PayPal, Stripe, les virements bancaires (pris en charge par SEPA), les principales cartes de cr\u00e9dit (Visa, MasterCard, American Express) et les paiements en crypto-monnaie.<\/p>\n<p><strong>Q : Combien de temps prend la pr\u00e9paration d\u2019une commande ?<\/strong><br \/>\nR : La pr\u00e9paration de la commande prend 1 \u00e0 3 jours ouvrables.<\/p>\n<p><strong>Q : Quel est le d\u00e9lai de livraison ?<\/strong><br \/>\nR : Le d\u00e9lai de livraison est de 7 \u00e0 14 jours ouvrables, selon votre emplacement. Les marchandises exp\u00e9di\u00e9es depuis des entrep\u00f4ts europ\u00e9ens prennent g\u00e9n\u00e9ralement 3 \u00e0 6 jours ouvrables pour \u00eatre livr\u00e9es.<\/p>\n<p><strong>Q : Comment puis-je suivre ma commande ?<\/strong><br \/>\nR : Apr\u00e8s l'exp\u00e9dition, vous recevrez un e-mail de confirmation avec un num\u00e9ro de suivi pour un suivi en temps r\u00e9el.<\/p>\n<p><strong>Q : Quelle est votre politique de retour ?<\/strong><br \/>\nR : Nous proposons une politique de retour de 30 jours pour les remboursements ou les \u00e9changes. .<\/p>\n<p><strong>Q : Y aura-t-il des probl\u00e8mes douaniers ?<br \/>\n<\/strong>Nous prenons en charge toutes les proc\u00e9dures de d\u00e9douanement pour vous garantir une exp\u00e9rience sans tracas. .<\/p>\n<p><strong>Q : Quelles m\u00e9thodes d\u2019exp\u00e9dition sont utilis\u00e9es ?<\/strong><br \/>\nNous coop\u00e9rons avec UPS\/DHL\/FEDEX\/DPD, etc. Nous choisirons l'option d'exp\u00e9dition appropri\u00e9e en fonction du pays de livraison pour garantir que vous recevez vos produits le plus rapidement possible.<\/p>\n<p><a href=\"https:\/\/pgvape.com\/fr\/faq\/\">Cliquez ici pour plus de FAQ<\/a><\/p>\n<p>Chers clients, Si vous avez des questions concernant votre commande ou l'arriv\u00e9e des marchandises, n'h\u00e9sitez pas \u00e0 contacter notre service client. Merci !<\/p>\n<h3 data-sourcepos=\"73:1-73:21\"><strong data-sourcepos=\"73:7-73:21\">Contactez-nous<\/strong><\/h3>\n<div id=\"text-2419739398\" class=\"text\">\n<p><strong data-sourcepos=\"75:3-75:12\">E-mail<\/strong>:\u00a0<a href=\"mailto:support@pgvape.com\"><strong>support@pgvape.com<\/strong><\/a><\/p>\n<p><strong data-sourcepos=\"76:3-76:15\">WhatsApp<\/strong>:\u00a0<a href=\"https:\/\/wa.me\/+8618128481258\"><strong>+86 18128481258<\/strong><\/a><br \/>\n<strong>(R\u00e9ponse sous 24h les jours ouvr\u00e9s)<\/strong><\/p>\n<\/div>\n<h3><strong>Merci d'avoir choisi pgvape.com ! .<\/strong><\/h3>\n<\/div>","protected":false},"excerpt":{"rendered":"<p>Avec\u00a0<strong data-sourcepos=\"53:6-53:20\">110 000 bouff\u00e9es<\/strong>,\u00a0<strong data-sourcepos=\"53:22-53:53\">personnalisation triple saveur<\/strong>, et\u00a0<strong data-sourcepos=\"53:59-53:81\">bobines de maille haut de gamme<\/strong>, le\u00a0<strong data-sourcepos=\"53:87-53:107\">Bang Leader 110K<\/strong>\u00a0domine le march\u00e9 de la vape de grande capacit\u00e9.\u00a0<strong data-sourcepos=\"53:159-53:189\">Id\u00e9al pour<\/strong>\u00a0et\u00a0<strong data-sourcepos=\"53:194-53:213\">amateurs de saveurs<\/strong>.<\/p>","protected":false},"featured_media":6061,"comment_status":"open","ping_status":"closed","template":"","meta":{"_seopress_robots_primary_cat":"none","_seopress_titles_title":"","_seopress_titles_desc":"","_seopress_robots_index":""},"product_brand":[54],"product_cat":[515,461,119],"product_tag":[361,253,460,90,459,203],"class_list":{"0":"post-6058","1":"product","2":"type-product","3":"status-publish","4":"has-post-thumbnail","6":"product_brand-bang-leader-vape","7":"product_cat-disposable-vape","8":"product_cat-bang-leader-vape-eu","9":"product_cat-110k-puffs-vape","10":"product_tag-110k-puffs-vape","11":"product_tag-6-in-1-flavors","12":"product_tag-bang-leader-110000","13":"product_tag-disposable-vape","14":"product_tag-free-shipping","15":"product_tag-shipment-from-eu","17":"first","18":"instock","19":"sale","20":"shipping-taxable","21":"purchasable","22":"product-type-variable"},"_links":{"self":[{"href":"https:\/\/pgvape.com\/fr\/wp-json\/wp\/v2\/product\/6058","targetHints":{"allow":["GET"]}}],"collection":[{"href":"https:\/\/pgvape.com\/fr\/wp-json\/wp\/v2\/product"}],"about":[{"href":"https:\/\/pgvape.com\/fr\/wp-json\/wp\/v2\/types\/product"}],"replies":[{"embeddable":true,"href":"https:\/\/pgvape.com\/fr\/wp-json\/wp\/v2\/comments?post=6058"}],"wp:featuredmedia":[{"embeddable":true,"href":"https:\/\/pgvape.com\/fr\/wp-json\/wp\/v2\/media\/6061"}],"wp:attachment":[{"href":"https:\/\/pgvape.com\/fr\/wp-json\/wp\/v2\/media?parent=6058"}],"wp:term":[{"taxonomy":"product_brand","embeddable":true,"href":"https:\/\/pgvape.com\/fr\/wp-json\/wp\/v2\/product_brand?post=6058"},{"taxonomy":"product_cat","embeddable":true,"href":"https:\/\/pgvape.com\/fr\/wp-json\/wp\/v2\/product_cat?post=6058"},{"taxonomy":"product_tag","embeddable":true,"href":"https:\/\/pgvape.com\/fr\/wp-json\/wp\/v2\/product_tag?post=6058"}],"curies":[{"name":"wp","href":"https:\/\/api.w.org\/{rel}","templated":true}]}}