{"id":6033,"date":"2025-11-14T09:15:57","date_gmt":"2025-11-14T09:15:57","guid":{"rendered":"https:\/\/pgvape.com\/?post_type=product&#038;p=6033"},"modified":"2026-04-18T15:31:11","modified_gmt":"2026-04-18T15:31:11","slug":"bang-king-25000-25k-bouffees-double-entrepot-vape-jetable-expedition-depuis-lue-livraison-gratuite-vape-usine-directe","status":"publish","type":"product","link":"https:\/\/pgvape.com\/fr\/produit\/bang-king-25000-25k-bouffees-double-entrepot-vape-jetable-expedition-depuis-lue-livraison-gratuite-vape-usine-directe\/","title":{"rendered":"Bang King 25000 | 25K Puffs Double Warehouse Vape jetable | Exp\u00e9dition depuis l'UE | Livraison gratuite | Vape Factory Direct"},"content":{"rendered":"<p><strong data-sourcepos=\"4:5-4:67\">Bang King 25000 Puffs Double Warehouse Vape Pod jetable<\/strong>\u00a0livre\u00a0<strong data-sourcepos=\"4:77-4:109\">satisfaction de vapotage prolong\u00e9e<\/strong>\u00a0avec son\u00a0<strong data-sourcepos=\"4:119-4:138\">syst\u00e8me \u00e0 double module<\/strong>\u00a0et\u00a0<strong data-sourcepos=\"4:143-4:167\">Capacit\u00e9 de 25 000 bouff\u00e9es<\/strong>.\u00a0<strong data-sourcepos=\"4:179-4:220\">deux dosettes pr\u00e9remplies de 23 ml (46 ml au total)<\/strong>,\u00a0<strong data-sourcepos=\"4:222-4:242\">Bobine de maille de 1,0 ohm<\/strong>, et\u00a0<strong data-sourcepos=\"4:248-4:279\">Batterie rechargeable de 650 mAh<\/strong>, Le\u00a0<strong data-sourcepos=\"4:351-4:375\">Port de chargement de type C<\/strong>\u00a0assure des mises sous tension pratiques.<br \/>\nExp\u00e9di\u00e9 directement de notre\u00a0<b>Entrep\u00f4t de l'UE<\/b>, le Bang king 25K garantit <b>livraison rapide et hors taxes<\/b>\u00a0et l'authenticit\u00e9 100%, vous offrant une exp\u00e9rience de vapotage de premier ordre directement \u00e0 votre porte.<\/p>\n<p>&nbsp;<\/p>\n<h2><span style=\"font-size: 90%;\">Bang King 25000 | 25K Puffs Double Warehouse Vape jetable Sp\u00e9cifications du produit<\/span><\/h2>\n<p><strong data-sourcepos=\"7:3-7:17\">Nombre de bouff\u00e9es<\/strong>: 25 000 bouff\u00e9es<\/p>\n<p><strong data-sourcepos=\"8:3-8:24\">Capacit\u00e9 e-liquide<\/strong>: 46ml (23ml x 2 dosettes)<\/p>\n<p><strong data-sourcepos=\"9:3-9:11\">Bobine<\/strong>: Bobine de maille de 1,0 ohm<\/p>\n<p><strong data-sourcepos=\"10:3-10:25\">Points forts de la nicotine<\/strong>: 2%<\/p>\n<p><strong data-sourcepos=\"11:3-11:14\">Batterie<\/strong>: 650mAh rechargeable<\/p>\n<p><strong data-sourcepos=\"12:3-12:15\">Chargement<\/strong>: Port de type C<\/p>\n<p><strong data-sourcepos=\"13:3-13:17\">Syst\u00e8me de dosettes<\/strong>: Deux dosettes pr\u00e9-remplies<\/p>\n<p><strong data-sourcepos=\"14:3-14:21\">Options de saveur<\/strong>: 12 vari\u00e9t\u00e9s<\/p>\n<p><strong data-sourcepos=\"15:3-15:28\">Exp\u00e9dition en entrep\u00f4t dans l'UE<\/strong>\u00a0\u2013 Livraison rapide et hors taxes<\/p>\n<p>&nbsp;<\/p>\n<h3><span style=\"font-size: 90%;\">Bang King 25000 | 25K Puffs Double Warehouse S\u00e9lection de saveurs de vape jetables<\/span><\/h3>\n<p><strong data-sourcepos=\"17:4-17:21\">1. Glace Razz bleue<\/strong><\/p>\n<p><strong data-sourcepos=\"18:4-18:23\">2. Glace juteuse \u00e0 la p\u00eache<\/strong><\/p>\n<p><strong data-sourcepos=\"19:4-19:29\">3. Past\u00e8que aux fraises<\/strong><\/p>\n<p><strong data-sourcepos=\"20:4-20:22\">4. Glace \u00e0 la past\u00e8que<\/strong><\/p>\n<p><strong data-sourcepos=\"21:4-21:25\">5.Fraise Banane<\/strong><\/p>\n<p><strong data-sourcepos=\"22:4-22:22\">6. Glace aux pommes aigre<\/strong><\/p>\n<p><strong data-sourcepos=\"23:4-23:24\">7. Glace aux trois baies<\/strong><\/p>\n<p><strong data-sourcepos=\"24:4-24:22\">8. Fruits tropicaux<\/strong><\/p>\n<p><strong data-sourcepos=\"25:4-25:19\">9. Bombe cerise<\/strong><\/p>\n<p><strong data-sourcepos=\"26:5-26:18\">10. Glace aux raisins<\/strong><\/p>\n<p><strong data-sourcepos=\"27:5-27:20\">11.P\u00eache Mangue<\/strong><\/p>\n<p><strong data-sourcepos=\"28:5-28:25\">12.Fraise Mangue<img loading=\"lazy\" decoding=\"async\" class=\"alignnone wp-image-6045 size-full\" src=\"https:\/\/pgvape.com\/wp-content\/uploads\/2025\/11\/pgvape-Bang-King-25000-25K-Puffs-Double-Warehouse-Disposable-VapeShipment-from-EU-Free-Shipping-10.png\" alt=\"Publicit\u00e9 au n\u00e9on pr\u00e9sentant douze appareils de vapotage jetables rectangulaires aux couleurs vives sur deux rang\u00e9es, chacun portant un logo de couronne et marqu\u00e9 &#039; 25 000 PUFFS &#039;, avec un grand titre magenta &#039; 25 000 PUFFS &#039;, des badges &#039; Livraison gratuite &#039; et &#039; Exp\u00e9dition depuis l&#039;UE &#039;, et un arri\u00e8re-plan vif de style graffiti.\" width=\"1500\" height=\"967\" srcset=\"https:\/\/pgvape.com\/wp-content\/uploads\/2025\/11\/pgvape-Bang-King-25000-25K-Puffs-Double-Warehouse-Disposable-VapeShipment-from-EU-Free-Shipping-10.png 1500w, https:\/\/pgvape.com\/wp-content\/uploads\/2025\/11\/pgvape-Bang-King-25000-25K-Puffs-Double-Warehouse-Disposable-VapeShipment-from-EU-Free-Shipping-10-555x358.png 555w, https:\/\/pgvape.com\/wp-content\/uploads\/2025\/11\/pgvape-Bang-King-25000-25K-Puffs-Double-Warehouse-Disposable-VapeShipment-from-EU-Free-Shipping-10-595x384.png 595w, https:\/\/pgvape.com\/wp-content\/uploads\/2025\/11\/pgvape-Bang-King-25000-25K-Puffs-Double-Warehouse-Disposable-VapeShipment-from-EU-Free-Shipping-10-400x258.png 400w, https:\/\/pgvape.com\/wp-content\/uploads\/2025\/11\/pgvape-Bang-King-25000-25K-Puffs-Double-Warehouse-Disposable-VapeShipment-from-EU-Free-Shipping-10-768x495.png 768w, https:\/\/pgvape.com\/wp-content\/uploads\/2025\/11\/pgvape-Bang-King-25000-25K-Puffs-Double-Warehouse-Disposable-VapeShipment-from-EU-Free-Shipping-10-18x12.png 18w, https:\/\/pgvape.com\/wp-content\/uploads\/2025\/11\/pgvape-Bang-King-25000-25K-Puffs-Double-Warehouse-Disposable-VapeShipment-from-EU-Free-Shipping-10-600x387.png 600w, https:\/\/pgvape.com\/wp-content\/uploads\/2025\/11\/pgvape-Bang-King-25000-25K-Puffs-Double-Warehouse-Disposable-VapeShipment-from-EU-Free-Shipping-10-60x40.png 60w\" sizes=\"auto, (max-width: 1500px) 100vw, 1500px\" \/><\/strong><\/p>\n<p>&nbsp;<\/p>\n<h3><span style=\"font-size: 90%;\">Vid\u00e9o de vape jetable Bang King 25000 | 25 000 bouff\u00e9es \u00e0 double entrep\u00f4t\u00a0:<\/span><\/h3>\n<p>&nbsp;<\/p>\n<h3 class=\"auto-hide-last-sibling-br paragraph-pP9ZLC paragraph-element br-paragraph-space\"><span style=\"font-size: 90%;\">Pourquoi choisir l'entrep\u00f4t europ\u00e9en PGVape\u00a0?<\/span><\/h3>\n<p>Exp\u00e9dition rapide : livraison dans la plupart des pays de l\u2019UE sous 3 \u00e0 7 jours ouvrables.<\/p>\n<p>Livraison hors taxes : le stock local de l\u2019UE garantit une exp\u00e9dition fluide et hors taxes.<\/p>\n<p>Garantie authentique 100% : v\u00e9ritables cigarettes \u00e9lectroniques Bang King provenant de fournisseurs certifi\u00e9s.<\/p>\n<p>Inventaire frais\u00a0: stock\u00e9 dans des conditions contr\u00f4l\u00e9es pour garantir une qualit\u00e9 optimale.<\/p>\n<p>Approuv\u00e9 par les Europ\u00e9ens\u00a0: des milliers de clients b\u00e9n\u00e9ficient des services de cigarettes \u00e9lectroniques rapides et s\u00e9curis\u00e9s de PGVape.<\/p>\n<p>&nbsp;<\/p>\n<h2><span style=\"font-size: 90%;\">FAQ sur Bang King 25000 | Vape jetable \u00e0 double entrep\u00f4t de 25 000 bouff\u00e9es<\/span><\/h2>\n<p data-sourcepos=\"31:1-32:87\">\u2753\u00a0<strong data-sourcepos=\"31:3-31:41\">Comment fonctionne le syst\u00e8me dual-pod ?<\/strong><br \/>\n\u2705\u00a0Caract\u00e9ristiques\u00a0<strong data-sourcepos=\"32:12-32:40\">deux dosettes pr\u00e9remplies de 23 ml<\/strong>\u00a0pour\u00a0<strong data-sourcepos=\"32:45-32:61\">utilisation prolong\u00e9e<\/strong>\u00a0et\u00a0<strong data-sourcepos=\"32:66-32:84\">vari\u00e9t\u00e9 de saveurs<\/strong>.<\/p>\n<p data-sourcepos=\"34:1-35:74\">\u2753\u00a0<strong data-sourcepos=\"34:3-34:48\">Qu\u2019est-ce qui rend la qualit\u00e9 de la vapeur exceptionnelle ?<\/strong><br \/>\n\u2705\u00a0<strong data-sourcepos=\"35:3-35:23\">Bobine de maille de 1,0 ohm<\/strong>\u00a0livre\u00a0<strong data-sourcepos=\"35:33-35:71\">production de vapeur douce et savoureuse<\/strong>.<\/p>\n<p data-sourcepos=\"37:1-38:75\">\u2753\u00a0<strong data-sourcepos=\"37:3-37:38\">Combien de temps dure la batterie ?<\/strong><br \/>\n\u2705\u00a0<strong data-sourcepos=\"38:3-38:34\">Batterie rechargeable de 650 mAh<\/strong>\u00a0prend en charge\u00a0<strong data-sourcepos=\"38:44-38:72\">s\u00e9ances de vapotage prolong\u00e9es<\/strong>.<\/p>\n<p data-sourcepos=\"40:1-41:66\">\u2753\u00a0<strong data-sourcepos=\"40:3-40:28\">Est-ce facile \u00e0 charger ?<\/strong><br \/>\n\u2705\u00a0<strong data-sourcepos=\"41:3-41:22\">Chargement de type C<\/strong>\u00a0fournit\u00a0<strong data-sourcepos=\"41:32-41:63\">des mises sous tension rapides et pratiques<\/strong>.<\/p>\n<p data-sourcepos=\"43:1-44:52\">\u2753\u00a0<strong data-sourcepos=\"43:3-43:43\">Quelles options de nicotine sont disponibles ?<br \/>\n<\/strong>\u2705\u00a0Choisissez parmi\u00a0<strong data-sourcepos=\"44:15-44:49\">Points forts de la nicotine 0%\/2%\/3%\/5%<\/strong>.<\/p>\n<p data-sourcepos=\"43:1-44:52\">\u2753\u00a0<strong data-sourcepos=\"50:3-50:42\">D'o\u00f9 ce produit est-il exp\u00e9di\u00e9\u00a0?<\/strong><br \/>\n\u2705\u00a0Directement de\u00a0<strong data-sourcepos=\"51:15-51:32\">Entrep\u00f4ts de l'UE<\/strong>\u00a0pour\u00a0<strong data-sourcepos=\"51:37-51:64\">livraison rapide et hors taxes<\/strong>.<\/p>\n<p>&nbsp;<\/p>\n<h3 id=\"brxe-najhln\" class=\"brxe-heading\">Foire aux questions (FAQ)<\/h3>\n<div id=\"brxe-rajiac\" class=\"brxe-text\">\n<p><strong>Q : Quels modes de paiement acceptez-vous ?<\/strong><br \/>\nR\u00a0: Nous acceptons PayPal, Stripe, les virements bancaires (pris en charge par SEPA), les principales cartes de cr\u00e9dit (Visa, MasterCard, American Express) et les paiements en crypto-monnaie.<\/p>\n<p><strong>Q : Combien de temps prend la pr\u00e9paration d\u2019une commande ?<\/strong><br \/>\nR : La pr\u00e9paration de la commande prend 1 \u00e0 3 jours ouvrables.<\/p>\n<p><strong>Q : Quel est le d\u00e9lai de livraison ?<\/strong><br \/>\nR : Le d\u00e9lai de livraison est de 7 \u00e0 14 jours ouvrables, selon votre emplacement. Les marchandises exp\u00e9di\u00e9es depuis des entrep\u00f4ts europ\u00e9ens prennent g\u00e9n\u00e9ralement 3 \u00e0 6 jours ouvrables pour \u00eatre livr\u00e9es.<\/p>\n<p><strong>Q : Comment puis-je suivre ma commande ?<\/strong><br \/>\nR : Apr\u00e8s l'exp\u00e9dition, vous recevrez un e-mail de confirmation avec un num\u00e9ro de suivi pour un suivi en temps r\u00e9el.<\/p>\n<p><strong>Q : Quelle est votre politique de retour ?<\/strong><br \/>\nR : Nous proposons une politique de retour de 30 jours pour les remboursements ou les \u00e9changes. .<\/p>\n<p><strong>Q : Y aura-t-il des probl\u00e8mes douaniers ?<br \/>\n<\/strong>Nous prenons en charge toutes les proc\u00e9dures de d\u00e9douanement pour vous garantir une exp\u00e9rience sans tracas. .<\/p>\n<p><strong>Q : Quelles m\u00e9thodes d\u2019exp\u00e9dition sont utilis\u00e9es ?<\/strong><br \/>\nNous coop\u00e9rons avec UPS\/DHL\/FEDEX\/DPD, etc. Nous choisirons l'option d'exp\u00e9dition appropri\u00e9e en fonction du pays de livraison pour garantir que vous recevez vos produits le plus rapidement possible.<\/p>\n<p><a href=\"https:\/\/pgvape.com\/fr\/faq\/\">Cliquez ici pour plus de FAQ<\/a><\/p>\n<p>Chers clients, Si vous avez des questions concernant votre commande ou l'arriv\u00e9e des marchandises, n'h\u00e9sitez pas \u00e0 contacter notre service client. Merci !<\/p>\n<h3 data-sourcepos=\"73:1-73:21\"><strong data-sourcepos=\"73:7-73:21\">Contactez-nous<\/strong><\/h3>\n<div id=\"text-2419739398\" class=\"text\">\n<p><strong data-sourcepos=\"75:3-75:12\">E-mail<\/strong>:\u00a0<a href=\"mailto:support@pgvape.com\"><strong>support@pgvape.com<\/strong><\/a><\/p>\n<p><strong data-sourcepos=\"76:3-76:15\">WhatsApp<\/strong>:\u00a0<a href=\"https:\/\/wa.me\/+8618128481258\"><strong>+86 18128481258<\/strong><\/a><br \/>\n<strong>(R\u00e9ponse sous 24h les jours ouvr\u00e9s)<\/strong><\/p>\n<\/div>\n<h3><strong>Merci d'avoir choisi pgvape.com ! .<\/strong><\/h3>\n<\/div>","protected":false},"excerpt":{"rendered":"<p><strong data-sourcepos=\"47:5-47:30\">Bang King 25 000 bouff\u00e9es<\/strong>\u00a0offres\u00a0<strong data-sourcepos=\"47:38-47:62\">commodit\u00e9 du double module<\/strong>,\u00a0<strong data-sourcepos=\"47:64-47:90\">capacit\u00e9 \u00e9tendue de 46 ml<\/strong>, et\u00a0<strong data-sourcepos=\"47:96-47:120\">technologie de bobine de maille<\/strong>\u00a0avec\u00a0<strong data-sourcepos=\"47:126-47:147\">12 options de saveurs<\/strong>\u00a0pour une exp\u00e9rience de vapotage satisfaisante.<\/p>","protected":false},"featured_media":6044,"comment_status":"open","ping_status":"closed","template":"","meta":{"_seopress_robots_primary_cat":"none","_seopress_titles_title":"","_seopress_titles_desc":"","_seopress_robots_index":""},"product_brand":[19,516],"product_cat":[515,462,94],"product_tag":[351,350,90,322,459,203],"class_list":{"0":"post-6033","1":"product","2":"type-product","3":"status-publish","4":"has-post-thumbnail","6":"product_brand-bang-king-vape","7":"product_brand-disposable-vape","8":"product_cat-disposable-vape","9":"product_cat-bang-king-vape-eu","10":"product_cat-25k-puffs-vape","11":"product_tag-25k-puffs-vape","12":"product_tag-bang-king-25000","13":"product_tag-disposable-vape","14":"product_tag-double-warehouse","15":"product_tag-free-shipping","16":"product_tag-shipment-from-eu","17":"product_shipping_class-overseas-warehouse","19":"first","20":"instock","21":"sale","22":"shipping-taxable","23":"purchasable","24":"product-type-variable"},"_links":{"self":[{"href":"https:\/\/pgvape.com\/fr\/wp-json\/wp\/v2\/product\/6033","targetHints":{"allow":["GET"]}}],"collection":[{"href":"https:\/\/pgvape.com\/fr\/wp-json\/wp\/v2\/product"}],"about":[{"href":"https:\/\/pgvape.com\/fr\/wp-json\/wp\/v2\/types\/product"}],"replies":[{"embeddable":true,"href":"https:\/\/pgvape.com\/fr\/wp-json\/wp\/v2\/comments?post=6033"}],"wp:featuredmedia":[{"embeddable":true,"href":"https:\/\/pgvape.com\/fr\/wp-json\/wp\/v2\/media\/6044"}],"wp:attachment":[{"href":"https:\/\/pgvape.com\/fr\/wp-json\/wp\/v2\/media?parent=6033"}],"wp:term":[{"taxonomy":"product_brand","embeddable":true,"href":"https:\/\/pgvape.com\/fr\/wp-json\/wp\/v2\/product_brand?post=6033"},{"taxonomy":"product_cat","embeddable":true,"href":"https:\/\/pgvape.com\/fr\/wp-json\/wp\/v2\/product_cat?post=6033"},{"taxonomy":"product_tag","embeddable":true,"href":"https:\/\/pgvape.com\/fr\/wp-json\/wp\/v2\/product_tag?post=6033"}],"curies":[{"name":"wp","href":"https:\/\/api.w.org\/{rel}","templated":true}]}}