{"id":5953,"date":"2025-11-14T08:07:02","date_gmt":"2025-11-14T08:07:02","guid":{"rendered":"https:\/\/pgvape.com\/?post_type=product&#038;p=5953"},"modified":"2026-04-18T17:02:14","modified_gmt":"2026-04-18T17:02:14","slug":"bang-king-30000-30k-bouffees-double-gout-vape-jetable-expedition-depuis-lue-livraison-gratuite-vape-usine-directe","status":"publish","type":"product","link":"https:\/\/pgvape.com\/fr\/produit\/bang-king-30000-30k-bouffees-double-gout-vape-jetable-expedition-depuis-lue-livraison-gratuite-vape-usine-directe\/","title":{"rendered":"Bang King 30000 | Vape jetable \u00e0 double go\u00fbt de 30 000 bouff\u00e9es | Exp\u00e9dition depuis l'UE | Livraison gratuite | Vape Factory Direct"},"content":{"rendered":"<p><strong data-sourcepos=\"4:5-4:58\">Bang King 30000Puffs Vape jetable \u00e0 double go\u00fbt<\/strong>\u00a0livre\u00a0<strong data-sourcepos=\"4:68-4:96\">plaisir de vapotage prolong\u00e9<\/strong>\u00a0avec son\u00a0<strong data-sourcepos=\"4:106-4:128\">syst\u00e8me \u00e0 deux saveurs<\/strong>\u00a0et\u00a0<strong data-sourcepos=\"4:133-4:157\">Capacit\u00e9 de 30 000 bouff\u00e9es<\/strong>.\u00a0<strong data-sourcepos=\"4:171-4:191\">Bobine de maille de 1,0 ohm<\/strong>\u00a0pour\u00a0<strong data-sourcepos=\"4:196-4:223\">production de vapeur douce<\/strong>\u00a0et\u00a0<strong data-sourcepos=\"4:228-4:254\">Capacit\u00e9 e-liquide 36 ml<\/strong>, Le\u00a0<strong data-sourcepos=\"4:334-4:365\">Batterie rechargeable de 550 mAh<\/strong>\u00a0avec\u00a0<strong data-sourcepos=\"4:371-4:390\">Chargement de type C<\/strong>\u00a0et\u00a0<strong data-sourcepos=\"4:395-4:410\">Affichage LED<\/strong>\u00a0assure une utilisation pratique.<br \/>\nExp\u00e9di\u00e9 directement de notre\u00a0<b>Entrep\u00f4t de l'UE<\/b>, le Bang king 50K garantit\u00a0<b>livraison rapide et hors taxes<\/b>\u00a0et l'authenticit\u00e9 100%, vous offrant une exp\u00e9rience de vapotage de premier ordre directement \u00e0 votre porte.<\/p>\n<p>&nbsp;<\/p>\n<h2><span style=\"font-size: 90%;\">Bang King 30000 | 30K Puffs Vape jetable \u00e0 double go\u00fbt Sp\u00e9cifications du produit<\/span><\/h2>\n<p><strong data-sourcepos=\"7:3-7:17\">Nombre de bouff\u00e9es<\/strong>: 30 000 bouff\u00e9es<\/p>\n<p><strong data-sourcepos=\"8:3-8:11\">Bobine<\/strong>: Bobine de maille de 1,0 ohm<\/p>\n<p><strong data-sourcepos=\"9:3-9:24\">Capacit\u00e9 e-liquide<\/strong>: 36 ml<\/p>\n<p><strong data-sourcepos=\"10:3-10:25\">Points forts de la nicotine<\/strong>: 2%<\/p>\n<p><strong data-sourcepos=\"11:3-11:14\">Batterie<\/strong>: 550mAh rechargeable<\/p>\n<p><strong data-sourcepos=\"12:3-12:15\">Chargement<\/strong>: Port de type C<\/p>\n<p><strong data-sourcepos=\"13:3-13:14\">Afficher<\/strong>: \u00c9cran num\u00e9rique LED<\/p>\n<p><strong data-sourcepos=\"14:3-14:14\">Fonctionnalit\u00e9<\/strong>: Technologie double go\u00fbt<\/p>\n<p><strong data-sourcepos=\"15:3-15:16\">Conditionnement<\/strong>: 10 pi\u00e8ces\/bo\u00eete de pr\u00e9sentation<\/p>\n<p><strong data-sourcepos=\"15:3-15:28\">Exp\u00e9dition en entrep\u00f4t dans l'UE<\/strong>\u00a0\u2013 Livraison rapide et hors taxes<\/p>\n<p>&nbsp;<\/p>\n<h3><span style=\"font-size: 90%;\">Bang King 30000 | 30K Puffs Combinaisons de saveurs de vape jetables \u00e0 double go\u00fbt<\/span><\/h3>\n<p><strong data-sourcepos=\"18:4-18:39\">1. Glace \u00e0 la past\u00e8que et menthe aux bleuets<\/strong><\/p>\n<p><strong data-sourcepos=\"19:4-19:41\">2. Glace past\u00e8que et fraise mangue<\/strong><\/p>\n<p><strong data-sourcepos=\"20:4-20:56\">3.Fraise, past\u00e8que et kiwi, fruit de la passion, goyave<\/strong><\/p>\n<p><strong data-sourcepos=\"21:4-21:41\">4. Glace \u00e0 la fraise, \u00e0 la past\u00e8que et au raisin<\/strong><\/p>\n<p><strong data-sourcepos=\"22:4-22:40\">5. Glace aux bleuets et glace au dragon noir<\/strong><\/p>\n<p><strong data-sourcepos=\"23:4-23:41\">6. Glace aux bleuets et banane aux fraises<\/strong><\/p>\n<p><strong data-sourcepos=\"24:4-24:39\">7. Past\u00e8que Red Bull et myrtille<\/strong><\/p>\n<p><strong data-sourcepos=\"25:4-25:42\">8. Bonbons \u00e0 bulles Red Bull et past\u00e8que<\/strong><\/p>\n<p><strong data-sourcepos=\"26:4-26:52\">9. Myrtille Framboise &amp; P\u00eache Mangue Past\u00e8que<\/strong><\/p>\n<p><strong data-sourcepos=\"27:5-27:42\">10. Myrtille, Framboise et Fruits M\u00e9lang\u00e9s<\/strong><\/p>\n<p><strong data-sourcepos=\"28:5-28:36\">11. Glace aux fraises, kiwi et p\u00eache<\/strong><\/p>\n<p><strong data-sourcepos=\"29:5-29:47\">12.Fraise Kiwi &amp; Pomme Aigre Framboise<br \/>\n<img loading=\"lazy\" decoding=\"async\" class=\"alignnone wp-image-5962 size-full\" src=\"https:\/\/pgvape.com\/wp-content\/uploads\/2025\/11\/pgvape-Bang-King-30000-30K-Puffs-Double-Taste-Disposable-Vape-Shipment-from-EU-Free-Shipping-3.png\" alt=\"Douze appareils de vapotage jetables Bang King aux couleurs vives dispos\u00e9s en grille, chacun avec une bande de marque noire verticale, un graphique d&#039;animal ou de singe stylis\u00e9 sur le devant, des arri\u00e8re-plans d\u00e9grad\u00e9s et de petites ic\u00f4nes de fruits en dessous indiquant diff\u00e9rentes saveurs.\" width=\"1000\" height=\"1639\" srcset=\"https:\/\/pgvape.com\/wp-content\/uploads\/2025\/11\/pgvape-Bang-King-30000-30K-Puffs-Double-Taste-Disposable-Vape-Shipment-from-EU-Free-Shipping-3.png 1000w, https:\/\/pgvape.com\/wp-content\/uploads\/2025\/11\/pgvape-Bang-King-30000-30K-Puffs-Double-Taste-Disposable-Vape-Shipment-from-EU-Free-Shipping-3-220x360.png 220w, https:\/\/pgvape.com\/wp-content\/uploads\/2025\/11\/pgvape-Bang-King-30000-30K-Puffs-Double-Taste-Disposable-Vape-Shipment-from-EU-Free-Shipping-3-595x975.png 595w, https:\/\/pgvape.com\/wp-content\/uploads\/2025\/11\/pgvape-Bang-King-30000-30K-Puffs-Double-Taste-Disposable-Vape-Shipment-from-EU-Free-Shipping-3-244x400.png 244w, https:\/\/pgvape.com\/wp-content\/uploads\/2025\/11\/pgvape-Bang-King-30000-30K-Puffs-Double-Taste-Disposable-Vape-Shipment-from-EU-Free-Shipping-3-768x1259.png 768w, https:\/\/pgvape.com\/wp-content\/uploads\/2025\/11\/pgvape-Bang-King-30000-30K-Puffs-Double-Taste-Disposable-Vape-Shipment-from-EU-Free-Shipping-3-937x1536.png 937w, https:\/\/pgvape.com\/wp-content\/uploads\/2025\/11\/pgvape-Bang-King-30000-30K-Puffs-Double-Taste-Disposable-Vape-Shipment-from-EU-Free-Shipping-3-7x12.png 7w, https:\/\/pgvape.com\/wp-content\/uploads\/2025\/11\/pgvape-Bang-King-30000-30K-Puffs-Double-Taste-Disposable-Vape-Shipment-from-EU-Free-Shipping-3-600x983.png 600w, https:\/\/pgvape.com\/wp-content\/uploads\/2025\/11\/pgvape-Bang-King-30000-30K-Puffs-Double-Taste-Disposable-Vape-Shipment-from-EU-Free-Shipping-3-24x40.png 24w\" sizes=\"auto, (max-width: 1000px) 100vw, 1000px\" \/><\/strong><\/p>\n<p>&nbsp;<\/p>\n<h3><span style=\"font-size: 90%;\">Vid\u00e9o de vape jetable \u00e0 double go\u00fbt Bang King 30000 | 30 000 bouff\u00e9es\u00a0:<\/span><\/h3>\n<p>&nbsp;<\/p>\n<h3 class=\"auto-hide-last-sibling-br paragraph-pP9ZLC paragraph-element br-paragraph-space\">Pourquoi choisir l'entrep\u00f4t europ\u00e9en PGVape\u00a0?<\/h3>\n<p>Exp\u00e9dition rapide : livraison dans la plupart des pays de l\u2019UE sous 3 \u00e0 7 jours ouvrables.<\/p>\n<p>Livraison hors taxes : le stock local de l\u2019UE garantit une exp\u00e9dition fluide et hors taxes.<\/p>\n<p>Garantie authentique 100% : v\u00e9ritables cigarettes \u00e9lectroniques Bang King 30K provenant de fournisseurs certifi\u00e9s.<\/p>\n<p>Inventaire frais\u00a0: stock\u00e9 dans des conditions contr\u00f4l\u00e9es pour garantir une qualit\u00e9 optimale.<\/p>\n<p>Approuv\u00e9 par les Europ\u00e9ens\u00a0: des milliers de clients b\u00e9n\u00e9ficient des services de cigarettes \u00e9lectroniques rapides et s\u00e9curis\u00e9s de PGVape.<\/p>\n<p>&nbsp;<\/p>\n<h2><span style=\"font-size: 90%;\">FAQ sur Bang King 30000 | Vape jetable \u00e0 double go\u00fbt de 30 000 bouff\u00e9es<\/span><\/h2>\n<p data-sourcepos=\"32:1-33:79\">\u2753\u00a0<strong data-sourcepos=\"32:3-32:46\">Comment fonctionne la fonction double go\u00fbt\u00a0?<\/strong><br \/>\n\u2705\u00a0Basculez facilement entre\u00a0<strong data-sourcepos=\"33:25-33:50\">deux saveurs diff\u00e9rentes<\/strong>\u00a0dans un seul appareil pour plus de vari\u00e9t\u00e9.<\/p>\n<p data-sourcepos=\"35:1-36:75\">\u2753\u00a0<strong data-sourcepos=\"35:3-35:36\">Combien de temps durera cette vape ?<\/strong><br \/>\n\u2705\u00a0Avec\u00a0<strong data-sourcepos=\"36:8-36:24\">30 000 bouff\u00e9es<\/strong>\u00a0et\u00a0<strong data-sourcepos=\"36:29-36:46\">Capacit\u00e9 de 36 ml<\/strong>, il permet une utilisation prolong\u00e9e.<\/p>\n<p data-sourcepos=\"38:1-39:73\">\u2753\u00a0<strong data-sourcepos=\"38:3-38:41\">Qu\u2019est-ce qui rend la qualit\u00e9 de la vapeur bonne\u00a0?<\/strong><br \/>\n\u2705\u00a0Le\u00a0<strong data-sourcepos=\"39:7-39:27\">Bobine de maille de 1,0 ohm<\/strong>\u00a0assure une production de vapeur douce et savoureuse.<\/p>\n<p data-sourcepos=\"41:1-42:69\">\u2753\u00a0<strong data-sourcepos=\"41:3-41:47\">Puis-je v\u00e9rifier les niveaux de batterie et d\u2019e-liquide ?<\/strong><br \/>\n\u2705\u00a0Le\u00a0<strong data-sourcepos=\"42:7-42:22\">Affichage LED<\/strong>\u00a0affiche les niveaux restants de la batterie et du e-liquide.<\/p>\n<p data-sourcepos=\"44:1-45:74\">\u2753\u00a0<strong data-sourcepos=\"44:3-44:30\">Est-ce facile de recharger ?<br \/>\n<\/strong>\u2705\u00a0Le\u00a0<strong data-sourcepos=\"45:7-45:31\">Port de chargement de type C<\/strong>\u00a0permet une recharge rapide et pratique.<\/p>\n<p>\u2753\u00a0<strong data-sourcepos=\"50:3-50:42\">D'o\u00f9 ce produit est-il exp\u00e9di\u00e9\u00a0?<\/strong><br \/>\n\u2705\u00a0Directement de\u00a0<strong data-sourcepos=\"51:15-51:32\">Entrep\u00f4ts de l'UE<\/strong>\u00a0pour\u00a0<strong data-sourcepos=\"51:37-51:64\">livraison rapide et hors taxes<\/strong>.<\/p>\n<p>&nbsp;<\/p>\n<h3 id=\"brxe-najhln\" class=\"brxe-heading\">Foire aux questions (FAQ)<\/h3>\n<div id=\"brxe-rajiac\" class=\"brxe-text\">\n<p><strong>Q : Quels modes de paiement acceptez-vous ?<\/strong><br \/>\nR\u00a0: Nous acceptons PayPal, Stripe, les virements bancaires (pris en charge par SEPA), les principales cartes de cr\u00e9dit (Visa, MasterCard, American Express) et les paiements en crypto-monnaie.<\/p>\n<p><strong>Q : Combien de temps prend la pr\u00e9paration d\u2019une commande ?<\/strong><br \/>\nR : La pr\u00e9paration de la commande prend 1 \u00e0 3 jours ouvrables.<\/p>\n<p><strong>Q : Quel est le d\u00e9lai de livraison ?<\/strong><br \/>\nR : Le d\u00e9lai de livraison est de 7 \u00e0 14 jours ouvrables, selon votre emplacement. Les marchandises exp\u00e9di\u00e9es depuis des entrep\u00f4ts europ\u00e9ens prennent g\u00e9n\u00e9ralement 3 \u00e0 6 jours ouvrables pour \u00eatre livr\u00e9es.<\/p>\n<p><strong>Q : Comment puis-je suivre ma commande ?<\/strong><br \/>\nR : Apr\u00e8s l'exp\u00e9dition, vous recevrez un e-mail de confirmation avec un num\u00e9ro de suivi pour un suivi en temps r\u00e9el.<\/p>\n<p><strong>Q : Quelle est votre politique de retour ?<\/strong><br \/>\nR : Nous proposons une politique de retour de 30 jours pour les remboursements ou les \u00e9changes. .<\/p>\n<p><strong>Q : Y aura-t-il des probl\u00e8mes douaniers ?<br \/>\n<\/strong>Nous prenons en charge toutes les proc\u00e9dures de d\u00e9douanement pour vous garantir une exp\u00e9rience sans tracas. .<\/p>\n<p><strong>Q : Quelles m\u00e9thodes d\u2019exp\u00e9dition sont utilis\u00e9es ?<\/strong><br \/>\nNous coop\u00e9rons avec UPS\/DHL\/FEDEX\/DPD, etc. Nous choisirons l'option d'exp\u00e9dition appropri\u00e9e en fonction du pays de livraison pour garantir que vous recevez vos produits le plus rapidement possible.<\/p>\n<p><a href=\"https:\/\/pgvape.com\/fr\/faq\/\">Cliquez ici pour plus de FAQ<\/a><\/p>\n<p>Chers clients, Si vous avez des questions concernant votre commande ou l'arriv\u00e9e des marchandises, n'h\u00e9sitez pas \u00e0 contacter notre service client. Merci !<\/p>\n<h3 data-sourcepos=\"73:1-73:21\"><strong data-sourcepos=\"73:7-73:21\">Contactez-nous<\/strong><\/h3>\n<div id=\"text-2419739398\" class=\"text\">\n<p><strong data-sourcepos=\"75:3-75:12\">E-mail<\/strong>:\u00a0<a href=\"mailto:support@pgvape.com\"><strong>support@pgvape.com<\/strong><\/a><\/p>\n<p><strong data-sourcepos=\"76:3-76:15\">WhatsApp<\/strong>:\u00a0<a href=\"https:\/\/wa.me\/+8618128481258\"><strong>+86 18128481258<\/strong><\/a><br \/>\n<strong>(R\u00e9ponse sous 24h les jours ouvr\u00e9s)<\/strong><\/p>\n<\/div>\n<h3><strong>Merci d'avoir choisi pgvape.com ! .<\/strong><\/h3>\n<\/div>","protected":false},"excerpt":{"rendered":"<p><strong data-sourcepos=\"48:5-48:29\">Bang King 30000Puffs<\/strong>\u00a0offres\u00a0<strong data-sourcepos=\"48:37-48:64\">polyvalence \u00e0 deux saveurs<\/strong>,\u00a0<strong data-sourcepos=\"48:66-48:92\">capacit\u00e9 \u00e9tendue de 36 ml<\/strong>, et\u00a0<strong data-sourcepos=\"48:98-48:122\">technologie de bobine de maille<\/strong>\u00a0pour une exp\u00e9rience de vape satisfaisante avec\u00a0<strong data-sourcepos=\"48:163-48:189\">12 combinaisons de saveurs<\/strong><\/p>","protected":false},"featured_media":5963,"comment_status":"open","ping_status":"closed","template":"","meta":{"_seopress_robots_primary_cat":"none","_seopress_titles_title":"","_seopress_titles_desc":"","_seopress_robots_index":""},"product_brand":[19,516],"product_cat":[515,462,35],"product_tag":[349,348,90,68,459,203],"class_list":{"0":"post-5953","1":"product","2":"type-product","3":"status-publish","4":"has-post-thumbnail","6":"product_brand-bang-king-vape","7":"product_brand-disposable-vape","8":"product_cat-disposable-vape","9":"product_cat-bang-king-vape-eu","10":"product_cat-30k-puffs-vape","11":"product_tag-30k-puffs-vape","12":"product_tag-bang-king-30000","13":"product_tag-disposable-vape","14":"product_tag-double-taste","15":"product_tag-free-shipping","16":"product_tag-shipment-from-eu","18":"first","19":"instock","20":"sale","21":"shipping-taxable","22":"purchasable","23":"product-type-variable"},"_links":{"self":[{"href":"https:\/\/pgvape.com\/fr\/wp-json\/wp\/v2\/product\/5953","targetHints":{"allow":["GET"]}}],"collection":[{"href":"https:\/\/pgvape.com\/fr\/wp-json\/wp\/v2\/product"}],"about":[{"href":"https:\/\/pgvape.com\/fr\/wp-json\/wp\/v2\/types\/product"}],"replies":[{"embeddable":true,"href":"https:\/\/pgvape.com\/fr\/wp-json\/wp\/v2\/comments?post=5953"}],"wp:featuredmedia":[{"embeddable":true,"href":"https:\/\/pgvape.com\/fr\/wp-json\/wp\/v2\/media\/5963"}],"wp:attachment":[{"href":"https:\/\/pgvape.com\/fr\/wp-json\/wp\/v2\/media?parent=5953"}],"wp:term":[{"taxonomy":"product_brand","embeddable":true,"href":"https:\/\/pgvape.com\/fr\/wp-json\/wp\/v2\/product_brand?post=5953"},{"taxonomy":"product_cat","embeddable":true,"href":"https:\/\/pgvape.com\/fr\/wp-json\/wp\/v2\/product_cat?post=5953"},{"taxonomy":"product_tag","embeddable":true,"href":"https:\/\/pgvape.com\/fr\/wp-json\/wp\/v2\/product_tag?post=5953"}],"curies":[{"name":"wp","href":"https:\/\/api.w.org\/{rel}","templated":true}]}}