{"id":5885,"date":"2025-11-14T06:43:27","date_gmt":"2025-11-14T06:43:27","guid":{"rendered":"https:\/\/pgvape.com\/?post_type=product&#038;p=5885"},"modified":"2026-04-18T15:31:11","modified_gmt":"2026-04-18T15:31:11","slug":"bang-king-50000-50k-bouffees-double-saveur-vape-jetable-expedition-depuis-lue-livraison-gratuite-vape-usine-directe","status":"publish","type":"product","link":"https:\/\/pgvape.com\/fr\/produit\/bang-king-50000-50k-bouffees-double-saveur-vape-jetable-expedition-depuis-lue-livraison-gratuite-vape-usine-directe\/","title":{"rendered":"Bang King 50000 | 50K Puffs Vape jetable double saveur | Exp\u00e9dition depuis l'UE | Livraison gratuite | Vape Factory Direct"},"content":{"rendered":"<p><strong data-sourcepos=\"4:5-4:22\">Bang Roi 50K<\/strong> red\u00e9finit le vapotage jetable avec <strong data-sourcepos=\"4:56-4:83\">50 000 bouff\u00e9es ultra-longues<\/strong>, <strong data-sourcepos=\"4:85-4:111\">Capacit\u00e9 de 50 ml d'e-liquide<\/strong>, et <strong data-sourcepos=\"4:117-4:143\">technologie \u00e0 double saveur<\/strong>. <strong data-sourcepos=\"4:158-4:189\">Batterie rechargeable de 850 mAh<\/strong>, <strong data-sourcepos=\"4:191-4:209\">Bobine de maille de 1,0 \u03a9<\/strong>, et <strong data-sourcepos=\"4:215-4:237\">d\u00e9bit d'air r\u00e9glable<\/strong>, cet appareil offre <strong data-sourcepos=\"4:260-4:285\">une polyvalence in\u00e9gal\u00e9e<\/strong> et <strong data-sourcepos=\"4:290-4:313\">performances haut de gamme<\/strong> dans un emballage \u00e9l\u00e9gant.<br \/>\nExp\u00e9di\u00e9 directement de notre\u00a0<b>Entrep\u00f4t de l'UE<\/b>, le Bang king 50K garantit <b>livraison rapide et hors taxes<\/b>\u00a0et l'authenticit\u00e9 100%, vous offrant une exp\u00e9rience de vapotage de premier ordre directement \u00e0 votre porte.<\/p>\n<p>&nbsp;<\/p>\n<h2><span style=\"font-size: 90%;\">Bang King 50000 | 50K Puffs Vape jetable \u00e0 double saveur\u00a0<strong data-sourcepos=\"10:5-10:27\">Caract\u00e9ristiques<\/strong><\/span><\/h2>\n<p><strong data-sourcepos=\"18:3-18:17\">Nombre de bouff\u00e9es<\/strong>: 50 000 bouff\u00e9es<\/p>\n<p><strong data-sourcepos=\"19:3-19:15\">E-Liquide<\/strong>: 50mL (2 saveurs par appareil)<\/p>\n<p><strong data-sourcepos=\"20:3-20:14\">Batterie<\/strong>: 850 mAh (rechargeable de type C)<\/p>\n<p><strong data-sourcepos=\"21:3-21:11\">Bobine<\/strong>: maille 1.0\u03a9<\/p>\n<p><strong data-sourcepos=\"22:3-22:15\">Nicotine<\/strong>: 2%<\/p>\n<p><strong data-sourcepos=\"23:3-23:14\">Flux d'air<\/strong>: Ajustable<\/p>\n<p><strong data-sourcepos=\"24:3-24:14\">Afficher<\/strong>: Indicateurs batterie &amp; e-liquide<\/p>\n<p><strong data-sourcepos=\"15:3-15:28\">Exp\u00e9dition en entrep\u00f4t dans l'UE<\/strong> \u2013 Livraison rapide et hors taxes<\/p>\n<p>&nbsp;<\/p>\n<h3><span style=\"font-size: 90%;\">Bang King 50000 | 50K Puffs Vape jetable \u00e0 double saveur\u00a0<strong data-sourcepos=\"23:5-23:28\">Duos de saveurs<\/strong><\/span><\/h3>\n<p><strong data-sourcepos=\"24:4-24:39\">1.Glace past\u00e8que | Myrtille Menthe<\/strong><\/p>\n<p><strong data-sourcepos=\"25:4-25:41\">2.Glace \u00e0 la past\u00e8que | Myrtille Cerise<\/strong><\/p>\n<p><strong data-sourcepos=\"26:4-26:46\">3.Glace aux bleuets | P\u00eache Mangue Past\u00e8que<\/strong><\/p>\n<p><strong data-sourcepos=\"27:4-27:33\">4.Glace aux bleuets | Glace \u00e0 la p\u00eache<\/strong><\/p>\n<p><strong data-sourcepos=\"28:4-28:41\">5. Myrtille Framboise | Baies m\u00e9lang\u00e9es<\/strong><\/p>\n<p><strong data-sourcepos=\"29:4-29:39\">6.Blueberry Framboise | Glace au Raisin<\/strong><\/p>\n<p><strong data-sourcepos=\"30:4-30:36\">7.Red Bull | Fraise Banane<\/strong><\/p>\n<p><strong data-sourcepos=\"31:4-31:39\">8.Red Bull | Past\u00e8que aux bleuets<\/strong><\/p>\n<p><strong data-sourcepos=\"32:4-32:48\">9.Fraise Mangue | Bubble Gum Past\u00e8que<\/strong><\/p>\n<p><strong data-sourcepos=\"33:5-33:43\">10.Fraise Mangue | Fraise Kiwi<\/strong><\/p>\n<p><strong data-sourcepos=\"34:5-34:49\">11. Past\u00e8que aux fraises | Glace du dragon noir<\/strong><\/p>\n<p><strong data-sourcepos=\"35:5-35:57\">12.Fraise Past\u00e8que | Kiwi Fruit de la Passion Goyave<img loading=\"lazy\" decoding=\"async\" class=\"alignnone wp-image-5891 size-full\" src=\"https:\/\/pgvape.com\/wp-content\/uploads\/2025\/11\/pgvape-Bang-King-50000-50K-Puffs-Double-Flavor-Disposable-Vape-12Tastes-with-Airflow-Control-Shipment-from-EU-Free-Shipping-4.png\" alt=\"Grille de dispositifs de vapotage jetables color\u00e9s pr\u00e9sent\u00e9s dans des designs \u00e0 double saveur sur un fond d\u00e9grad\u00e9 bleu avec un grand titre \u201c 50 000 PUFFS \u201d, des ic\u00f4nes pour le d\u00e9bit d&#039;air r\u00e9glable, un \u00e9cran num\u00e9rique et une bobine en maille, des \u00e9tiquettes indiquant 50 ml, 850 mAh et TYPE-C, un logo double saveur et une petite note \u2018 Exp\u00e9dition depuis l&#039;UE \u2013 Livraison gratuite \u2019.\" width=\"1000\" height=\"1000\" srcset=\"https:\/\/pgvape.com\/wp-content\/uploads\/2025\/11\/pgvape-Bang-King-50000-50K-Puffs-Double-Flavor-Disposable-Vape-12Tastes-with-Airflow-Control-Shipment-from-EU-Free-Shipping-4.png 1000w, https:\/\/pgvape.com\/wp-content\/uploads\/2025\/11\/pgvape-Bang-King-50000-50K-Puffs-Double-Flavor-Disposable-Vape-12Tastes-with-Airflow-Control-Shipment-from-EU-Free-Shipping-4-360x360.png 360w, https:\/\/pgvape.com\/wp-content\/uploads\/2025\/11\/pgvape-Bang-King-50000-50K-Puffs-Double-Flavor-Disposable-Vape-12Tastes-with-Airflow-Control-Shipment-from-EU-Free-Shipping-4-595x595.png 595w, https:\/\/pgvape.com\/wp-content\/uploads\/2025\/11\/pgvape-Bang-King-50000-50K-Puffs-Double-Flavor-Disposable-Vape-12Tastes-with-Airflow-Control-Shipment-from-EU-Free-Shipping-4-400x400.png 400w, https:\/\/pgvape.com\/wp-content\/uploads\/2025\/11\/pgvape-Bang-King-50000-50K-Puffs-Double-Flavor-Disposable-Vape-12Tastes-with-Airflow-Control-Shipment-from-EU-Free-Shipping-4-768x768.png 768w, https:\/\/pgvape.com\/wp-content\/uploads\/2025\/11\/pgvape-Bang-King-50000-50K-Puffs-Double-Flavor-Disposable-Vape-12Tastes-with-Airflow-Control-Shipment-from-EU-Free-Shipping-4-12x12.png 12w, https:\/\/pgvape.com\/wp-content\/uploads\/2025\/11\/pgvape-Bang-King-50000-50K-Puffs-Double-Flavor-Disposable-Vape-12Tastes-with-Airflow-Control-Shipment-from-EU-Free-Shipping-4-300x300.png 300w, https:\/\/pgvape.com\/wp-content\/uploads\/2025\/11\/pgvape-Bang-King-50000-50K-Puffs-Double-Flavor-Disposable-Vape-12Tastes-with-Airflow-Control-Shipment-from-EU-Free-Shipping-4-600x600.png 600w, https:\/\/pgvape.com\/wp-content\/uploads\/2025\/11\/pgvape-Bang-King-50000-50K-Puffs-Double-Flavor-Disposable-Vape-12Tastes-with-Airflow-Control-Shipment-from-EU-Free-Shipping-4-100x100.png 100w, https:\/\/pgvape.com\/wp-content\/uploads\/2025\/11\/pgvape-Bang-King-50000-50K-Puffs-Double-Flavor-Disposable-Vape-12Tastes-with-Airflow-Control-Shipment-from-EU-Free-Shipping-4-40x40.png 40w\" sizes=\"auto, (max-width: 1000px) 100vw, 1000px\" \/><\/strong><\/p>\n<p>&nbsp;<\/p>\n<h3><span style=\"font-size: 90%;\">Vid\u00e9o de vape jetable \u00e0 double saveur Bang King 50000 | 50 000 bouff\u00e9es\u00a0:<\/span><\/h3>\n<p>&nbsp;<\/p>\n<h3 class=\"auto-hide-last-sibling-br paragraph-pP9ZLC paragraph-element br-paragraph-space\"><span style=\"font-size: 90%;\">Pourquoi choisir l'entrep\u00f4t europ\u00e9en PGVape\u00a0?<\/span><\/h3>\n<p>Exp\u00e9dition rapide : livraison dans la plupart des pays de l\u2019UE sous 3 \u00e0 7 jours ouvrables.<\/p>\n<p>Livraison hors taxes : le stock local de l\u2019UE garantit une exp\u00e9dition fluide et hors taxes.<\/p>\n<p>Garantie authentique 100% : v\u00e9ritables cigarettes \u00e9lectroniques Bang King 50K provenant de fournisseurs certifi\u00e9s.<\/p>\n<p>Inventaire frais\u00a0: stock\u00e9 dans des conditions contr\u00f4l\u00e9es pour garantir une qualit\u00e9 optimale.<\/p>\n<p>Approuv\u00e9 par les Europ\u00e9ens\u00a0: des milliers de clients b\u00e9n\u00e9ficient des services de cigarettes \u00e9lectroniques rapides et s\u00e9curis\u00e9s de PGVape.<\/p>\n<p>&nbsp;<\/p>\n<h2><span style=\"font-size: 90%;\">FAQ sur Bang King 50000 | Vape jetable \u00e0 double saveur de 50 000 bouff\u00e9es<\/span><\/h2>\n<p data-sourcepos=\"41:1-42:80\">\u2753 <strong data-sourcepos=\"41:3-41:44\">Comment fonctionne le syst\u00e8me bi-saveur ?<\/strong><br \/>\n\u2705 Basculez facilement entre <strong data-sourcepos=\"42:25-42:51\">deux saveurs pr\u00e9charg\u00e9es<\/strong> dans un seul appareil pour plus de vari\u00e9t\u00e9.<\/p>\n<p data-sourcepos=\"44:1-45:78\">\u2753 <strong data-sourcepos=\"44:3-44:47\">La batterie est-elle suffisante pour 50 000 bouff\u00e9es ?<\/strong><br \/>\n\u2705Le <strong data-sourcepos=\"45:7-45:25\">Batterie 850 mAh<\/strong> est rechargeable via <strong data-sourcepos=\"45:46-45:56\">Type-C<\/strong> pour une utilisation continue.<\/p>\n<p data-sourcepos=\"47:1-48:61\">\u2753 <strong data-sourcepos=\"47:3-47:32\">Puis-je r\u00e9gler le d\u00e9bit d'air ?<\/strong><br \/>\n\u2705Oui ! <strong data-sourcepos=\"48:33-48:58\">MTL serr\u00e9 \u00e0 DTL a\u00e9r\u00e9<\/strong>.<\/p>\n<p data-sourcepos=\"50:1-51:67\">\u2753 <strong data-sourcepos=\"50:3-50:42\">D'o\u00f9 ce produit est-il exp\u00e9di\u00e9\u00a0?<\/strong><br \/>\n\u2705 Directement de <strong data-sourcepos=\"51:15-51:32\">Entrep\u00f4ts de l'UE<\/strong> pour <strong data-sourcepos=\"51:37-51:64\">livraison rapide et hors taxes<\/strong>.<\/p>\n<p data-sourcepos=\"53:1-54:77\">\u2753 <strong data-sourcepos=\"53:3-53:42\">Quelle combinaison de saveurs est la plus populaire ?<\/strong><br \/>\n\u2705 <strong data-sourcepos=\"54:3-54:21\">M\u00e9langes Red Bull<\/strong> et <strong data-sourcepos=\"54:26-54:58\">M\u00e9langes fraise et past\u00e8que<\/strong> sont les meilleurs vendeurs.<\/p>\n<p>&nbsp;<\/p>\n<h3 id=\"brxe-najhln\" class=\"brxe-heading\">Foire aux questions (FAQ)<\/h3>\n<div id=\"brxe-rajiac\" class=\"brxe-text\">\n<p><strong>Q : Quels modes de paiement acceptez-vous ?<\/strong><br \/>\nR\u00a0: Nous acceptons PayPal, Stripe, les virements bancaires (pris en charge par SEPA), les principales cartes de cr\u00e9dit (Visa, MasterCard, American Express) et les paiements en crypto-monnaie.<\/p>\n<p><strong>Q : Combien de temps prend la pr\u00e9paration d\u2019une commande ?<\/strong><br \/>\nR : La pr\u00e9paration de la commande prend 1 \u00e0 3 jours ouvrables.<\/p>\n<p><strong>Q : Quel est le d\u00e9lai de livraison ?<\/strong><br \/>\nR : Le d\u00e9lai de livraison est de 7 \u00e0 14 jours ouvrables, selon votre emplacement. Les marchandises exp\u00e9di\u00e9es depuis des entrep\u00f4ts europ\u00e9ens prennent g\u00e9n\u00e9ralement 3 \u00e0 6 jours ouvrables pour \u00eatre livr\u00e9es.<\/p>\n<p><strong>Q : Comment puis-je suivre ma commande ?<\/strong><br \/>\nR : Apr\u00e8s l'exp\u00e9dition, vous recevrez un e-mail de confirmation avec un num\u00e9ro de suivi pour un suivi en temps r\u00e9el.<\/p>\n<p><strong>Q : Quelle est votre politique de retour ?<\/strong><br \/>\nR : Nous proposons une politique de retour de 30 jours pour les remboursements ou les \u00e9changes. .<\/p>\n<p><strong>Q : Y aura-t-il des probl\u00e8mes douaniers ?<br \/>\n<\/strong>Nous prenons en charge toutes les proc\u00e9dures de d\u00e9douanement pour vous garantir une exp\u00e9rience sans tracas. .<\/p>\n<p><strong>Q : Quelles m\u00e9thodes d\u2019exp\u00e9dition sont utilis\u00e9es ?<\/strong><br \/>\nNous coop\u00e9rons avec UPS\/DHL\/FEDEX\/DPD, etc. Nous choisirons l'option d'exp\u00e9dition appropri\u00e9e en fonction du pays de livraison pour garantir que vous recevez vos produits le plus rapidement possible.<\/p>\n<p><a href=\"https:\/\/pgvape.com\/fr\/faq\/\">Cliquez ici pour plus de FAQ<\/a><\/p>\n<p>Chers clients, Si vous avez des questions concernant votre commande ou l'arriv\u00e9e des marchandises, n'h\u00e9sitez pas \u00e0 contacter notre service client. Merci !<\/p>\n<h3 data-sourcepos=\"73:1-73:21\"><strong data-sourcepos=\"73:7-73:21\">Contactez-nous<\/strong><\/h3>\n<div id=\"text-2419739398\" class=\"text\">\n<p><strong data-sourcepos=\"75:3-75:12\">E-mail<\/strong>:\u00a0<a href=\"mailto:support@pgvape.com\"><strong>support@pgvape.com<\/strong><\/a><\/p>\n<p><strong data-sourcepos=\"76:3-76:15\">WhatsApp<\/strong>:\u00a0<a href=\"https:\/\/wa.me\/+8618128481258\"><strong>+86 18128481258<\/strong><\/a><br \/>\n<strong>(R\u00e9ponse sous 24h les jours ouvr\u00e9s)<\/strong><\/p>\n<\/div>\n<h3><strong>Merci d'avoir choisi pgvape.com ! .<\/strong><\/h3>\n<\/div>","protected":false},"excerpt":{"rendered":"<p><strong data-sourcepos=\"57:5-57:22\">Bang Roi 50K<\/strong> offres <strong data-sourcepos=\"57:30-57:46\">50 000 bouff\u00e9es<\/strong>, <strong data-sourcepos=\"57:48-57:78\">deux saveurs dans un seul appareil<\/strong>, et <strong data-sourcepos=\"57:84-57:106\">d\u00e9bit d'air r\u00e9glable<\/strong> \u2013 parfait pour <strong data-sourcepos=\"57:121-57:138\">amateurs de saveurs<\/strong> qui exigent <strong data-sourcepos=\"57:150-57:177\">vari\u00e9t\u00e9 et performance<\/strong>.<\/p>","protected":false},"featured_media":5888,"comment_status":"open","ping_status":"closed","template":"","meta":{"_seopress_robots_primary_cat":"none","_seopress_titles_title":"","_seopress_titles_desc":"","_seopress_robots_index":""},"product_brand":[19,516],"product_cat":[515,462,61],"product_tag":[318,338,90,339,459,203],"class_list":{"0":"post-5885","1":"product","2":"type-product","3":"status-publish","4":"has-post-thumbnail","6":"product_brand-bang-king-vape","7":"product_brand-disposable-vape","8":"product_cat-disposable-vape","9":"product_cat-bang-king-vape-eu","10":"product_cat-50k-puffs-vape","11":"product_tag-50k-puffs-vape","12":"product_tag-bang-king-50000","13":"product_tag-disposable-vape","14":"product_tag-double-flavor","15":"product_tag-free-shipping","16":"product_tag-shipment-from-eu","18":"first","19":"instock","20":"sale","21":"shipping-taxable","22":"purchasable","23":"product-type-variable"},"_links":{"self":[{"href":"https:\/\/pgvape.com\/fr\/wp-json\/wp\/v2\/product\/5885","targetHints":{"allow":["GET"]}}],"collection":[{"href":"https:\/\/pgvape.com\/fr\/wp-json\/wp\/v2\/product"}],"about":[{"href":"https:\/\/pgvape.com\/fr\/wp-json\/wp\/v2\/types\/product"}],"replies":[{"embeddable":true,"href":"https:\/\/pgvape.com\/fr\/wp-json\/wp\/v2\/comments?post=5885"}],"wp:featuredmedia":[{"embeddable":true,"href":"https:\/\/pgvape.com\/fr\/wp-json\/wp\/v2\/media\/5888"}],"wp:attachment":[{"href":"https:\/\/pgvape.com\/fr\/wp-json\/wp\/v2\/media?parent=5885"}],"wp:term":[{"taxonomy":"product_brand","embeddable":true,"href":"https:\/\/pgvape.com\/fr\/wp-json\/wp\/v2\/product_brand?post=5885"},{"taxonomy":"product_cat","embeddable":true,"href":"https:\/\/pgvape.com\/fr\/wp-json\/wp\/v2\/product_cat?post=5885"},{"taxonomy":"product_tag","embeddable":true,"href":"https:\/\/pgvape.com\/fr\/wp-json\/wp\/v2\/product_tag?post=5885"}],"curies":[{"name":"wp","href":"https:\/\/api.w.org\/{rel}","templated":true}]}}