{"id":5852,"date":"2025-11-14T05:17:37","date_gmt":"2025-11-14T05:17:37","guid":{"rendered":"https:\/\/pgvape.com\/?post_type=product&#038;p=5852"},"modified":"2026-04-18T15:31:12","modified_gmt":"2026-04-18T15:31:12","slug":"bang-blaze-60000-60k-bouffees-4-en-1-saveurs-expedition-de-vape-jetable-depuis-lue-livraison-gratuite-vape-usine-directe","status":"publish","type":"product","link":"https:\/\/pgvape.com\/fr\/produit\/bang-blaze-60000-60k-bouffees-4-en-1-saveurs-expedition-de-vape-jetable-depuis-lue-livraison-gratuite-vape-usine-directe\/","title":{"rendered":"Bang Blaze 60000 | 60k Puffs 4 en 1 Saveurs Vape jetable | Exp\u00e9dition depuis l'UE | Livraison gratuite | Vape Factory Direct"},"content":{"rendered":"<p><strong>Vape jetable Bang Blaze 60000<\/strong> Pen red\u00e9finit la polyvalence avec son <strong>Saveur 4 en 1<\/strong> mode, vous permettant de basculer sans effort entre quatre saveurs uniques. <strong>E-liquide pr\u00e9rempli 60 ml<\/strong> capacit\u00e9, il d\u00e9livre jusqu'\u00e0 <strong>60 000 bouff\u00e9es<\/strong> pour un plaisir prolong\u00e9 sans recharges fr\u00e9quentes. <strong>Bobine de maille de 1,0 \u03a9<\/strong> fournit une vapeur douce et riche et une saveur pr\u00e9cise. <strong>650 mAh rechargeable<\/strong> batterie avec rapide <strong>Type-C<\/strong> En charge et dot\u00e9 d'un \u00e9cran num\u00e9rique intelligent pour la surveillance en temps r\u00e9el de la batterie et des liquides, cet appareil \u00e9l\u00e9gant offre une exp\u00e9rience de vapotage personnalisable et haut de gamme avec 12 combinaisons de saveurs passionnantes.<br \/>\nExp\u00e9di\u00e9 directement de notre\u00a0<b>Entrep\u00f4t de l'UE<\/b>, le Bang Blaze 60K garantit\u00a0<b>livraison rapide et hors taxes<\/b>\u00a0et l'authenticit\u00e9 100%, vous offrant une exp\u00e9rience de vapotage de premier ordre directement \u00e0 votre porte.<\/p>\n<p>&nbsp;<\/p>\n<h2><span style=\"font-size: 90%;\">Bang Blaze 60000 | 60k Puffs 4 en 1 Saveurs Vape jetable Sp\u00e9cifications du produit\u00a0:<\/span><\/h2>\n<p><strong>Capacit\u00e9 de bouff\u00e9e\u00a0:<\/strong>\u00a0Jusqu'\u00e0 60 000 bouff\u00e9es<\/p>\n<p><strong>Capacit\u00e9 e-liquide\u00a0:<\/strong>\u00a0R\u00e9servoir pr\u00e9rempli de 60 ml<\/p>\n<p><strong>Type de bobine\u00a0:<\/strong>\u00a0Bobine de maille de 1,0 \u03a9<\/p>\n<p><strong>Batterie:<\/strong>\u00a0Batterie rechargeable de 650 mAh<\/p>\n<p><strong>Port de chargement\u00a0:<\/strong>\u00a0Chargement rapide de type C<\/p>\n<p><strong>Points forts de la nicotine\u00a0:<\/strong>\u00a0 2%,<\/p>\n<p><strong>Afficher:<\/strong>\u00a0\u00c9cran num\u00e9rique intelligent pour la batterie et le niveau d'e-liquide<\/p>\n<p><strong>Syst\u00e8me de saveur\u00a0:<\/strong>\u00a0Mode saveur 4 en 1 (basculez entre quatre saveurs)<\/p>\n<p><strong>Dimensions:<\/strong>\u00a0Conception compacte et portable<\/p>\n<p><strong>Options de saveur\u00a0:<\/strong>\u00a012 combinaisons de saveurs haut de gamme<\/p>\n<p>&nbsp;<\/p>\n<h3><span style=\"font-size: 90%;\">Bang Blaze 60000 | 60k Puffs 4 en 1 Saveurs Liste des saveurs de vape jetables\u00a0:<\/span><\/h3>\n<p>1. Glace \u00e0 la past\u00e8que et \u00e0 la menthe aux bleuets et romance \u00e0 la glace et au citron vert Fuji<\/p>\n<p>2. Glace \u00e0 la past\u00e8que et cerise aux myrtilles et heure d'\u00e9t\u00e9 et ananas \u00e0 la mangue aigre<\/p>\n<p>3. Glace aux bleuets et glace \u00e0 la p\u00eache et bonbons arc-en-ciel et citron aigre-orange<\/p>\n<p>4. Glace aux bleuets et p\u00eache, mangue, past\u00e8que, baiser de la passion et pomme melon<\/p>\n<p>5. Myrtille Framboise &amp; Baies Mixtes &amp; Cerise de Californie &amp; Fruit de la Passion Mangue<\/p>\n<p>6. Glace aux bleuets, framboises et raisins et glace aux baies et alo\u00e8s mangue melon<\/p>\n<p>7. Boisson \u00e9nergisante &amp; Fraise Banane &amp; Mangue P\u00eache Abricot &amp; Fruit de la Passion Kiwi Lime<\/p>\n<p>8. Boisson \u00e9nergisante et myrtille, past\u00e8que, pomme aigre, framboise et ours gommeux<\/p>\n<p>9. Bubble Gum Fraise Mangue &amp; Past\u00e8que &amp; Mojito Rouge &amp; Love66<\/p>\n<p>10.Fraise Mangue &amp; Fraise Kiwi &amp; Pomme Raisin &amp; Past\u00e8que Fruit du Dragon<\/p>\n<p>11. Past\u00e8que aux fraises et glace noire et treize melon et raisin aux canneberges<\/p>\n<p>12.Fraise Past\u00e8que &amp; Kiwi Fruit de la Passion Goyave &amp; Mangue Glace &amp; Past\u00e8que Aigre-P\u00eache<img loading=\"lazy\" decoding=\"async\" class=\"alignnone wp-image-5870 size-full\" src=\"https:\/\/pgvape.com\/wp-content\/uploads\/2025\/11\/Bang-Blaze-60000-60k-Puffs-4-in-1-Flavors-Disposable-Vape-With-Digital-Screen-Vape-Factory-Wholesale-16.png\" alt=\"Grille de douze appareils de vape Bang Blaze jetables color\u00e9s avec corps d\u00e9grad\u00e9s et logo couronne, chacun marqu\u00e9 &quot; 60000 4in1 &quot; et comportant un personnage de singe de dessin anim\u00e9 et des noms de petits ar\u00f4mes de fruits (past\u00e8que, myrtille, mangue et autres ar\u00f4mes m\u00e9lang\u00e9s) ci-dessous.\" width=\"1800\" height=\"1546\" srcset=\"https:\/\/pgvape.com\/wp-content\/uploads\/2025\/11\/Bang-Blaze-60000-60k-Puffs-4-in-1-Flavors-Disposable-Vape-With-Digital-Screen-Vape-Factory-Wholesale-16.png 1800w, https:\/\/pgvape.com\/wp-content\/uploads\/2025\/11\/Bang-Blaze-60000-60k-Puffs-4-in-1-Flavors-Disposable-Vape-With-Digital-Screen-Vape-Factory-Wholesale-16-419x360.png 419w, https:\/\/pgvape.com\/wp-content\/uploads\/2025\/11\/Bang-Blaze-60000-60k-Puffs-4-in-1-Flavors-Disposable-Vape-With-Digital-Screen-Vape-Factory-Wholesale-16-595x511.png 595w, https:\/\/pgvape.com\/wp-content\/uploads\/2025\/11\/Bang-Blaze-60000-60k-Puffs-4-in-1-Flavors-Disposable-Vape-With-Digital-Screen-Vape-Factory-Wholesale-16-400x344.png 400w, https:\/\/pgvape.com\/wp-content\/uploads\/2025\/11\/Bang-Blaze-60000-60k-Puffs-4-in-1-Flavors-Disposable-Vape-With-Digital-Screen-Vape-Factory-Wholesale-16-768x660.png 768w, https:\/\/pgvape.com\/wp-content\/uploads\/2025\/11\/Bang-Blaze-60000-60k-Puffs-4-in-1-Flavors-Disposable-Vape-With-Digital-Screen-Vape-Factory-Wholesale-16-1536x1319.png 1536w, https:\/\/pgvape.com\/wp-content\/uploads\/2025\/11\/Bang-Blaze-60000-60k-Puffs-4-in-1-Flavors-Disposable-Vape-With-Digital-Screen-Vape-Factory-Wholesale-16-14x12.png 14w, https:\/\/pgvape.com\/wp-content\/uploads\/2025\/11\/Bang-Blaze-60000-60k-Puffs-4-in-1-Flavors-Disposable-Vape-With-Digital-Screen-Vape-Factory-Wholesale-16-600x515.png 600w, https:\/\/pgvape.com\/wp-content\/uploads\/2025\/11\/Bang-Blaze-60000-60k-Puffs-4-in-1-Flavors-Disposable-Vape-With-Digital-Screen-Vape-Factory-Wholesale-16-47x40.png 47w\" sizes=\"auto, (max-width: 1800px) 100vw, 1800px\" \/><\/p>\n<p>&nbsp;<\/p>\n<h3><span style=\"font-size: 90%;\">Bang Blaze 60000 | 60k Puffs 4 en 1 Saveurs Vape jetable <strong>Vid\u00e9o:<\/strong><\/span><\/h3>\n<p>&nbsp;<\/p>\n<p><iframe loading=\"lazy\" title=\"Bang Blaze 60k Puffs 4 en 1 Saveurs Vape jetable avec \u00e9cran num\u00e9rique Vape Factory Direct pgvape\" width=\"1020\" height=\"574\" src=\"https:\/\/www.youtube.com\/embed\/BCQx90cI-OI?feature=oembed\" frameborder=\"0\" allow=\"accelerometer; autoplay; clipboard-write; encrypted-media; gyroscope; picture-in-picture; web-share\" referrerpolicy=\"strict-origin-when-cross-origin\" allowfullscreen><\/iframe><\/p>\n<p>&nbsp;<\/p>\n<h3 class=\"auto-hide-last-sibling-br paragraph-pP9ZLC paragraph-element br-paragraph-space\"><span style=\"font-size: 90%;\">Pourquoi choisir l'entrep\u00f4t europ\u00e9en PGVape\u00a0?<\/span><\/h3>\n<p>Exp\u00e9dition rapide : livraison dans la plupart des pays de l\u2019UE sous 3 \u00e0 7 jours ouvrables.<\/p>\n<p>Livraison hors taxes : le stock local de l\u2019UE garantit une exp\u00e9dition fluide et hors taxes.<\/p>\n<p>Garantie authentique 100%\u00a0: authentique <strong>Bang Blaze 60000<\/strong> cigarettes \u00e9lectroniques provenant de fournisseurs certifi\u00e9s.<\/p>\n<p>Inventaire frais\u00a0: stock\u00e9 dans des conditions contr\u00f4l\u00e9es pour garantir une qualit\u00e9 optimale.<\/p>\n<p>Approuv\u00e9 par les Europ\u00e9ens\u00a0: des milliers de clients b\u00e9n\u00e9ficient des services de cigarette \u00e9lectronique rapides et s\u00e9curis\u00e9s de <span style=\"background-color: #c0c0c0; color: #0000ff;\"><a style=\"background-color: #c0c0c0; color: #0000ff;\" href=\"https:\/\/wa.me\/18128481258\">PGVape.<\/a><\/span><\/p>\n<p>&nbsp;<\/p>\n<h2><span style=\"font-size: 90%;\">FAQ sur Bang Blaze 60000 | 60\u00a0000 bouff\u00e9es, saveurs 4 en 1, vape jetable<\/span><\/h2>\n<p dir=\"auto\"><strong>Q1\u00a0: Combien de bouff\u00e9es puis-je obtenir avec le Bang Blaze 60000\u00a0?<\/strong><br \/>\nA1\u00a0:\u00a0Jusqu\u2019\u00e0 60\u00a0000 bouff\u00e9es par appareil.<\/p>\n<p dir=\"auto\"><strong>Q2\u00a0: Qu'est-ce que le mode saveur 4 en 1\u00a0?<\/strong><br \/>\nA2 : Il vous permet de basculer entre quatre saveurs int\u00e9gr\u00e9es distinctes pour une exp\u00e9rience de vapotage vari\u00e9e.<\/p>\n<p dir=\"auto\"><strong>Q3\u00a0: Quelle bobine l\u2019appareil utilise-t-il\u00a0?<\/strong><br \/>\nA3 : Une bobine de maille de 1,0 \u03a9 qui produit une vapeur douce et une saveur riche.<\/p>\n<p dir=\"auto\"><strong>Q4\u00a0: Quelle est la capacit\u00e9 du e-liquide\u00a0?<\/strong><br \/>\nA4 : Le r\u00e9servoir pr\u00e9rempli contient 60 ml d\u2019e-liquide, r\u00e9duisant ainsi la fr\u00e9quence de remplissage.<\/p>\n<p dir=\"auto\"><strong>Q5 : La batterie est-elle rechargeable ?<\/strong><br \/>\nA5 : Oui, il dispose d\u2019une batterie rechargeable de 650 mAh avec une charge rapide de type C.<\/p>\n<p dir=\"auto\"><strong>Q6\u00a0: Comment puis-je surveiller les niveaux de batterie et d\u2019e-liquide\u00a0?<\/strong><br \/>\nA6 : L'\u00e9cran num\u00e9rique intelligent affiche les niveaux de batterie et de liquide en temps r\u00e9el.<\/p>\n<p dir=\"auto\"><strong>Q7\u00a0:\u00a0L'appareil est-il portable\u00a0?<\/strong><br \/>\nA7 : Oui, il a un design compact et ergonomique, id\u00e9al pour vapoter en d\u00e9placement.<\/p>\n<p>&nbsp;<\/p>\n<h3 id=\"brxe-najhln\" class=\"brxe-heading\">Foire aux questions (FAQ)<\/h3>\n<div id=\"brxe-rajiac\" class=\"brxe-text\">\n<p><strong>Q : Quels modes de paiement acceptez-vous ?<\/strong><br \/>\nR\u00a0: Nous acceptons PayPal, Stripe, les virements bancaires (pris en charge par SEPA), les principales cartes de cr\u00e9dit (Visa, MasterCard, American Express) et les paiements en crypto-monnaie.<\/p>\n<p><strong>Q : Combien de temps prend la pr\u00e9paration d\u2019une commande ?<\/strong><br \/>\nR : La pr\u00e9paration de la commande prend 1 \u00e0 3 jours ouvrables.<\/p>\n<p><strong>Q : Quel est le d\u00e9lai de livraison ?<\/strong><br \/>\nR : Le d\u00e9lai de livraison est de 7 \u00e0 14 jours ouvrables, selon votre emplacement. Les marchandises exp\u00e9di\u00e9es depuis des entrep\u00f4ts europ\u00e9ens prennent g\u00e9n\u00e9ralement 3 \u00e0 6 jours ouvrables pour \u00eatre livr\u00e9es.<\/p>\n<p><strong>Q : Comment puis-je suivre ma commande ?<\/strong><br \/>\nR : Apr\u00e8s l'exp\u00e9dition, vous recevrez un e-mail de confirmation avec un num\u00e9ro de suivi pour un suivi en temps r\u00e9el.<\/p>\n<p><strong>Q : Quelle est votre politique de retour ?<\/strong><br \/>\nR : Nous proposons une politique de retour de 30 jours pour les remboursements ou les \u00e9changes. .<\/p>\n<p><strong>Q : Y aura-t-il des probl\u00e8mes douaniers ?<br \/>\n<\/strong>Nous prenons en charge toutes les proc\u00e9dures de d\u00e9douanement pour vous garantir une exp\u00e9rience sans tracas. .<\/p>\n<p><strong>Q : Quelles m\u00e9thodes d\u2019exp\u00e9dition sont utilis\u00e9es ?<\/strong><br \/>\nNous coop\u00e9rons avec UPS\/DHL\/FEDEX\/DPD, etc. Nous choisirons l'option d'exp\u00e9dition appropri\u00e9e en fonction du pays de livraison pour garantir que vous recevez vos produits le plus rapidement possible.<\/p>\n<p><a href=\"https:\/\/pgvape.com\/fr\/faq\/\">Cliquez ici pour plus de FAQ<\/a><\/p>\n<p>Chers clients, Si vous avez des questions concernant votre commande ou l'arriv\u00e9e des marchandises, n'h\u00e9sitez pas \u00e0 contacter notre service client. Merci !<\/p>\n<h3 data-sourcepos=\"73:1-73:21\"><strong data-sourcepos=\"73:7-73:21\">Contactez-nous<\/strong><\/h3>\n<div id=\"text-2419739398\" class=\"text\">\n<p><strong data-sourcepos=\"75:3-75:12\">E-mail<\/strong>:\u00a0<a href=\"mailto:support@pgvape.com\"><strong>support@pgvape.com<\/strong><\/a><\/p>\n<p><strong data-sourcepos=\"76:3-76:15\">WhatsApp<\/strong>:\u00a0<a href=\"https:\/\/wa.me\/+8618128481258\"><strong>+86 18128481258<\/strong><\/a><br \/>\n<strong>(R\u00e9ponse sous 24h les jours ouvr\u00e9s)<\/strong><\/p>\n<\/div>\n<h3><strong>Merci d'avoir choisi pgvape.com ! .<\/strong><\/h3>\n<\/div>","protected":false},"excerpt":{"rendered":"<p><strong>Vape jetable Bang Blaze 60000<\/strong> Pen offre jusqu'\u00e0 <strong>60 000 bouff\u00e9es<\/strong> et <strong>Saveur 4 en 1<\/strong> polyvalence avec un <strong>60 ml<\/strong> r\u00e9servoir pr\u00e9rempli et un <strong>Bobine de maille de 1,0 \u03a9<\/strong>. <strong>650 mAh rechargeable<\/strong> batterie, <strong>Type-C<\/strong> et un \u00e9cran num\u00e9rique intelligent, il offre une exp\u00e9rience de vapotage fluide et personnalisable avec 12 combinaisons de saveurs haut de gamme et des options de nicotine allant de 0% \u00e0 5%.<\/p>","protected":false},"featured_media":5867,"comment_status":"open","ping_status":"closed","template":"","meta":{"_seopress_robots_primary_cat":"none","_seopress_titles_title":"","_seopress_titles_desc":"","_seopress_robots_index":""},"product_brand":[49,516],"product_cat":[515,463,48],"product_tag":[53,315,50,90,459,203],"class_list":{"0":"post-5852","1":"product","2":"type-product","3":"status-publish","4":"has-post-thumbnail","6":"product_brand-bang-blaze-vape","7":"product_brand-disposable-vape","8":"product_cat-disposable-vape","9":"product_cat-bang-blaze-vape-eu","10":"product_cat-60k-puffs-vape","11":"product_tag-4-in-1-flavors","12":"product_tag-60k-puffs-vape","13":"product_tag-bang-blaze-60000","14":"product_tag-disposable-vape","15":"product_tag-free-shipping","16":"product_tag-shipment-from-eu","18":"first","19":"instock","20":"sale","21":"shipping-taxable","22":"purchasable","23":"product-type-variable"},"_links":{"self":[{"href":"https:\/\/pgvape.com\/fr\/wp-json\/wp\/v2\/product\/5852","targetHints":{"allow":["GET"]}}],"collection":[{"href":"https:\/\/pgvape.com\/fr\/wp-json\/wp\/v2\/product"}],"about":[{"href":"https:\/\/pgvape.com\/fr\/wp-json\/wp\/v2\/types\/product"}],"replies":[{"embeddable":true,"href":"https:\/\/pgvape.com\/fr\/wp-json\/wp\/v2\/comments?post=5852"}],"wp:featuredmedia":[{"embeddable":true,"href":"https:\/\/pgvape.com\/fr\/wp-json\/wp\/v2\/media\/5867"}],"wp:attachment":[{"href":"https:\/\/pgvape.com\/fr\/wp-json\/wp\/v2\/media?parent=5852"}],"wp:term":[{"taxonomy":"product_brand","embeddable":true,"href":"https:\/\/pgvape.com\/fr\/wp-json\/wp\/v2\/product_brand?post=5852"},{"taxonomy":"product_cat","embeddable":true,"href":"https:\/\/pgvape.com\/fr\/wp-json\/wp\/v2\/product_cat?post=5852"},{"taxonomy":"product_tag","embeddable":true,"href":"https:\/\/pgvape.com\/fr\/wp-json\/wp\/v2\/product_tag?post=5852"}],"curies":[{"name":"wp","href":"https:\/\/api.w.org\/{rel}","templated":true}]}}