{"id":5819,"date":"2025-11-13T12:00:02","date_gmt":"2025-11-13T12:00:02","guid":{"rendered":"https:\/\/pgvape.com\/?post_type=product&#038;p=5819"},"modified":"2026-03-15T13:27:28","modified_gmt":"2026-03-15T13:27:28","slug":"uor-120000-120k-bouffees-4-en-1-saveurs-vape-jetable-expedition-depuis-lue-livraison-gratuite-vape-usine-directe","status":"publish","type":"product","link":"https:\/\/pgvape.com\/fr\/produit\/uor-120000-120k-bouffees-4-en-1-saveurs-vape-jetable-expedition-depuis-lue-livraison-gratuite-vape-usine-directe\/","title":{"rendered":"UOR 120000 | 120k Puffs 4 en 1 Saveurs Vape jetable | Exp\u00e9dition depuis l'UE | Livraison gratuite | Vape Factory Direct"},"content":{"rendered":"<p><strong data-sourcepos=\"6:5-6:46\">Vape jetable UOR 120000 120K bouff\u00e9es<\/strong>\u00a0red\u00e9finit le vapotage avec\u00a0<strong data-sourcepos=\"6:69-6:97\">120 000 bouff\u00e9es ultra-longues<\/strong>\u00a0et\u00a0<strong data-sourcepos=\"6:102-6:126\">4 saveurs r\u00e9glables<\/strong>\u00a0dans un seul appareil.\u00a0<strong data-sourcepos=\"6:154-6:180\">Capacit\u00e9 e-liquide 64 ml<\/strong>\u00a0(r\u00e9servoirs 16 ml \u00d7 4) et\u00a0<strong data-sourcepos=\"6:200-6:231\">Batterie rechargeable de 650 mAh<\/strong>, il livre\u00a0<strong data-sourcepos=\"6:245-6:267\">vapeur riche et douce<\/strong>\u00a0via son\u00a0<strong data-sourcepos=\"6:276-6:289\">bobine de maille<\/strong>\u00a0technologie.\u00a0<strong data-sourcepos=\"6:306-6:321\">Affichage LED<\/strong>\u00a0suit la dur\u00e9e de vie et l'utilisation de la batterie, tout en\u00a0<strong data-sourcepos=\"6:359-6:383\">Chargement rapide de type C<\/strong>\u00a0assure des mises sous tension rapides.\u00a0<strong data-sourcepos=\"6:421-6:451\">10 quatuors de saveurs premium<\/strong>\u00a0avec\u00a0<strong data-sourcepos=\"6:457-6:478\">Nicotine 2% ou 5%<\/strong>\u00a0options pour une satisfaction personnalis\u00e9e.UOR 120K <strong>Entrep\u00f4t de l'UE<\/strong>, l'UOR 120K garantit <strong>livraison rapide et hors taxes<\/strong> et l'authenticit\u00e9 100%, vous offrant une exp\u00e9rience de vapotage de premier ordre directement \u00e0 votre porte.<\/p>\n<p>&nbsp;<\/p>\n<h2><span style=\"font-size: 90%;\">UOR 120000 | 120k Puffs 4 en 1 saveurs Vape jetable\u00a0<strong data-sourcepos=\"10:5-10:31\">Sp\u00e9cifications du produit<\/strong><\/span><\/h2>\n<p><strong data-sourcepos=\"11:3-11:17\">Nombre de bouff\u00e9es<\/strong>:\u00a0<strong data-sourcepos=\"11:19-11:36\">120 000 bouff\u00e9es<\/strong><\/p>\n<p><strong data-sourcepos=\"12:3-12:15\">E-liquide<\/strong>:\u00a0<strong data-sourcepos=\"12:17-12:48\">R\u00e9servoirs de 16 ml \u00d7 4 (64 ml au total)<\/strong><\/p>\n<p><strong data-sourcepos=\"13:3-13:15\">Nicotine<\/strong>:\u00a0<strong data-sourcepos=\"13:17-13:28\">2%\u00a0<\/strong><\/p>\n<p><strong data-sourcepos=\"14:3-14:14\">Batterie<\/strong>:\u00a0<strong data-sourcepos=\"14:16-14:39\">650 mAh rechargeable<\/strong><\/p>\n<p><strong data-sourcepos=\"15:3-15:11\">Bobine<\/strong>:\u00a0<strong data-sourcepos=\"15:13-15:26\">Bobine de maille<\/strong><\/p>\n<p><strong data-sourcepos=\"16:3-16:15\">Chargement<\/strong>:\u00a0<strong data-sourcepos=\"16:17-16:41\">Chargement rapide de type C<\/strong><\/p>\n<p><strong data-sourcepos=\"17:3-17:14\">Afficher<\/strong>:\u00a0<strong data-sourcepos=\"17:16-17:30\">\u00c9cran LED<\/strong>\u00a0(batterie\/nombre de bouff\u00e9es\/mode saveur)<\/p>\n<p><strong data-sourcepos=\"18:3-18:19\">Modes de saveur<\/strong>:\u00a0<strong data-sourcepos=\"18:21-18:45\">4 saveurs r\u00e9glables<\/strong><\/p>\n<p><strong data-sourcepos=\"19:3-19:16\">Conditionnement<\/strong>:\u00a0<strong data-sourcepos=\"19:18-19:32\">10 pi\u00e8ces\/bo\u00eete<\/strong><\/p>\n<p>&nbsp;<\/p>\n<h3><span style=\"font-size: 90%;\">UOR 120000 | 120k Puffs 4 en 1 saveurs Vape jetable\u00a0<strong data-sourcepos=\"23:5-23:24\">Quatuors de saveurs<\/strong><\/span><\/h3>\n<p>1. Watermelon Ice &amp; Blueberry Mint &amp; Fuji Apple Ice &amp; Lime Romance<\/p>\n<p>2. Glace \u00e0 la past\u00e8que et cerise aux bleuets et heure d'\u00e9t\u00e9 et ananas \u00e0 la mangue aigre<\/p>\n<p>3. Glace aux myrtilles et glace \u00e0 la p\u00eache et bonbons arc-en-ciel et orange aigre au citron<\/p>\n<p>4. Myrtille Framboise &amp; M\u00e9lange de Baies &amp; Cerise de Californie &amp; Fruit de la Passion Mangue<\/p>\n<p>5. Glace aux myrtilles, framboises et raisins et glace aux baies et alo\u00e8s mangue melon<\/p>\n<p>6. Boisson \u00e9nergisante et myrtille, past\u00e8que, pomme aigre, framboise et ours gommeux<\/p>\n<p>7. Fraise Past\u00e8que &amp; Black Ice &amp; Triple Melon &amp; Raisin Canneberge<\/p>\n<p>8. Fraise Past\u00e8que &amp; Kiwi Fruit de la Passion Goyave &amp; Mangue Glace &amp; Past\u00e8que Aigre-P\u00eache<\/p>\n<p>9. Glace aux myrtilles et p\u00eache, mangue, past\u00e8que, baiser de la passion et pomme melon<\/p>\n<p>10. Strawberry Mango &amp; Watermelon Bubble Gum &amp; Red Mojito &amp; LOVE66<\/p>\n<p>&nbsp;<\/p>\n<h3><span style=\"font-size: 90%;\">UOR 120000 | 120 000 bouff\u00e9es 4 en 1, saveurs jetables, vid\u00e9o sur vape\u00a0:<\/span><\/h3>\n<p><iframe loading=\"lazy\" title=\"UOR 120000 | 120k Puffs 4 en 1 Saveurs Vape jetable | 10 Go\u00fbts | Avec affichage LED pgvape\" width=\"563\" height=\"1000\" src=\"https:\/\/www.youtube.com\/embed\/VymLw_XwTJ8?feature=oembed\" frameborder=\"0\" allow=\"accelerometer; autoplay; clipboard-write; encrypted-media; gyroscope; picture-in-picture; web-share\" referrerpolicy=\"strict-origin-when-cross-origin\" allowfullscreen><\/iframe><\/p>\n<p>&nbsp;<\/p>\n<h3 class=\"auto-hide-last-sibling-br paragraph-pP9ZLC paragraph-element br-paragraph-space\"><span style=\"font-size: 90%;\">Pourquoi choisir l'entrep\u00f4t europ\u00e9en PGVape\u00a0?<\/span><\/h3>\n<p>Exp\u00e9dition rapide : livraison dans la plupart des pays de l\u2019UE sous 3 \u00e0 7 jours ouvrables.<\/p>\n<p>Livraison hors taxes : le stock local de l\u2019UE garantit une exp\u00e9dition fluide et hors taxes.<\/p>\n<p>Garantie authentique 100% : v\u00e9ritables cigarettes \u00e9lectroniques UOR 120000 provenant de fournisseurs certifi\u00e9s.<\/p>\n<p>Inventaire frais\u00a0: stock\u00e9 dans des conditions contr\u00f4l\u00e9es pour garantir une qualit\u00e9 optimale.<\/p>\n<p>Approuv\u00e9 par les Europ\u00e9ens\u00a0: des milliers de clients b\u00e9n\u00e9ficient des services de cigarettes \u00e9lectroniques rapides et s\u00e9curis\u00e9s de PGVape.<\/p>\n<p>&nbsp;<\/p>\n<h2><span style=\"font-size: 90%;\">FAQ sur l'UOR 120000 | 120 000 bouff\u00e9es 4 en 1, saveurs vape jetable<\/span><\/h2>\n<p data-sourcepos=\"39:1-40:94\">\u2753\u00a0<strong data-sourcepos=\"39:3-39:41\">Comment fonctionne le syst\u00e8me des 4 saveurs ?<\/strong><br \/>\n\u2705\u00a0Rotation\u00a0<strong data-sourcepos=\"40:18-40:41\">quatre saveurs pr\u00e9d\u00e9finies<\/strong>\u00a0avec une simple pression sur un bouton ou une commutation automatique.<\/p>\n<p data-sourcepos=\"42:1-43:95\">\u2753\u00a0<strong data-sourcepos=\"42:3-42:34\">Qu\u2019est-ce qui garantit la qualit\u00e9 de la vapeur ?<\/strong><br \/>\n\u2705\u00a0Le\u00a0<strong data-sourcepos=\"43:7-43:20\">bobine de maille<\/strong>\u00a0fournit\u00a0<strong data-sourcepos=\"43:30-43:49\">30% plus de saveur<\/strong>\u00a0et\u00a0<strong data-sourcepos=\"43:54-43:72\">des tirages plus fluides<\/strong>\u00a0que les bobines standards.<\/p>\n<p data-sourcepos=\"45:1-46:90\">\u2753\u00a0<strong data-sourcepos=\"45:3-45:38\">Combien de temps dure la batterie ?<\/strong><br \/>\n\u2705\u00a0<strong data-sourcepos=\"46:3-46:21\">Batterie 650 mAh<\/strong>\u00a0prend en charge\u00a0<strong data-sourcepos=\"46:31-46:46\">jours d'utilisation<\/strong>;\u00a0<strong data-sourcepos=\"46:48-46:58\">Type-C<\/strong>\u00a0se recharge en\u00a0<strong data-sourcepos=\"46:72-46:87\">~50 minutes<\/strong>.<\/p>\n<p data-sourcepos=\"48:1-49:87\">\u2753\u00a0<strong data-sourcepos=\"48:3-48:36\">Est-ce adapt\u00e9 aux d\u00e9taillants ?<\/strong><br \/>\n\u2705\u00a0<strong data-sourcepos=\"49:3-49:25\">Emballage de 10 pi\u00e8ces<\/strong>\u00a0et\u00a0<strong data-sourcepos=\"49:30-49:49\">nombre \u00e9lev\u00e9 de bouff\u00e9es<\/strong>\u00a0le rendent id\u00e9al pour la vente au d\u00e9tail\/en gros.<\/p>\n<p data-sourcepos=\"51:1-52:92\">\u2753\u00a0<strong data-sourcepos=\"51:3-51:25\">Puis-je suivre l'utilisation\u00a0?<br \/>\n<\/strong>\u2705\u00a0Le\u00a0<strong data-sourcepos=\"52:7-52:22\">Affichage LED<\/strong>\u00a0montre\u00a0<strong data-sourcepos=\"52:29-52:50\">batterie en temps r\u00e9el<\/strong>,\u00a0<strong data-sourcepos=\"52:52-52:66\">nombre de bouff\u00e9es<\/strong>, et\u00a0<strong data-sourcepos=\"52:72-52:89\">saveur active<\/strong>.<\/p>\n<p>&nbsp;<\/p>\n<h3 id=\"brxe-najhln\" class=\"brxe-heading\">Foire aux questions (FAQ)<\/h3>\n<div id=\"brxe-rajiac\" class=\"brxe-text\">\n<p><strong>Q : Quels modes de paiement acceptez-vous ?<\/strong><br \/>\nR\u00a0: Nous acceptons PayPal, Stripe, les virements bancaires (pris en charge par SEPA), les principales cartes de cr\u00e9dit (Visa, MasterCard, American Express) et les paiements en crypto-monnaie.<\/p>\n<p><strong>Q : Combien de temps prend la pr\u00e9paration d\u2019une commande ?<\/strong><br \/>\nR : La pr\u00e9paration de la commande prend 1 \u00e0 3 jours ouvrables.<\/p>\n<p><strong>Q : Quel est le d\u00e9lai de livraison ?<\/strong><br \/>\nR : Le d\u00e9lai de livraison est de 7 \u00e0 14 jours ouvrables, selon votre emplacement. Les marchandises exp\u00e9di\u00e9es depuis des entrep\u00f4ts europ\u00e9ens prennent g\u00e9n\u00e9ralement 3 \u00e0 6 jours ouvrables pour \u00eatre livr\u00e9es.<\/p>\n<p><strong>Q : Comment puis-je suivre ma commande ?<\/strong><br \/>\nR : Apr\u00e8s l'exp\u00e9dition, vous recevrez un e-mail de confirmation avec un num\u00e9ro de suivi pour un suivi en temps r\u00e9el.<\/p>\n<p><strong>Q : Quelle est votre politique de retour ?<\/strong><br \/>\nR : Nous proposons une politique de retour de 30 jours pour les remboursements ou les \u00e9changes. .<\/p>\n<p><strong>Q : Y aura-t-il des probl\u00e8mes douaniers ?<br \/>\n<\/strong>Nous prenons en charge toutes les proc\u00e9dures de d\u00e9douanement pour vous garantir une exp\u00e9rience sans tracas. .<\/p>\n<p><strong>Q : Quelles m\u00e9thodes d\u2019exp\u00e9dition sont utilis\u00e9es ?<\/strong><br \/>\nNous coop\u00e9rons avec UPS\/DHL\/FEDEX\/DPD, etc. Nous choisirons l'option d'exp\u00e9dition appropri\u00e9e en fonction du pays de livraison pour garantir que vous recevez vos produits le plus rapidement possible.<\/p>\n<p><a href=\"https:\/\/pgvape.com\/fr\/faq\/\">Cliquez ici pour plus de FAQ<\/a><\/p>\n<p>Chers clients, Si vous avez des questions concernant votre commande ou l'arriv\u00e9e des marchandises, n'h\u00e9sitez pas \u00e0 contacter notre service client. Merci !<\/p>\n<h3 data-sourcepos=\"73:1-73:21\"><strong data-sourcepos=\"73:7-73:21\">Contactez-nous<\/strong><\/h3>\n<div id=\"text-2419739398\" class=\"text\">\n<p><strong data-sourcepos=\"75:3-75:12\">E-mail<\/strong>:\u00a0<a href=\"mailto:support@pgvape.com\"><strong>support@pgvape.com<\/strong><\/a><\/p>\n<p><strong data-sourcepos=\"76:3-76:15\">WhatsApp<\/strong>:\u00a0<a href=\"https:\/\/wa.me\/+8618128481258\"><strong>+86 18128481258<\/strong><\/a><br \/>\n<strong>(R\u00e9ponse sous 24h les jours ouvr\u00e9s)<\/strong><\/p>\n<\/div>\n<h3><strong>Merci d'avoir choisi pgvape.com ! .<\/strong><\/h3>\n<\/div>","protected":false},"excerpt":{"rendered":"<p>Avec <strong data-sourcepos=\"57:6-57:20\">120 000 bouff\u00e9es<\/strong>, <strong data-sourcepos=\"57:22-57:46\">Flexibilit\u00e9 \u00e0 4 saveurs<\/strong>, et <strong data-sourcepos=\"57:52-57:69\">Capacit\u00e9 de 64 ml<\/strong>, le <strong data-sourcepos=\"57:75-57:89\">UOR 120000<\/strong> domine le march\u00e9 du jetable haut de gamme. <strong data-sourcepos=\"57:131-57:149\">10 sets de saveurs<\/strong> et <strong data-sourcepos=\"57:154-57:176\">suivi intelligent des LED<\/strong> offrent une vari\u00e9t\u00e9 in\u00e9gal\u00e9e.<\/p>","protected":false},"featured_media":5822,"comment_status":"open","ping_status":"closed","template":"","meta":{"_seopress_robots_primary_cat":"none","_seopress_titles_title":"","_seopress_titles_desc":"","_seopress_robots_index":""},"product_brand":[516,345],"product_cat":[69,515,464],"product_tag":[354,53,459,490,203,346,220],"class_list":{"0":"post-5819","1":"product","2":"type-product","3":"status-publish","4":"has-post-thumbnail","6":"product_brand-disposable-vape","7":"product_brand-uor-vape","8":"product_cat-120k-puffs-vape","9":"product_cat-disposable-vape","10":"product_cat-uor-vape-eu","11":"product_tag-120k-puffs-vape","12":"product_tag-4-in-1-flavors","13":"product_tag-free-shipping","14":"product_tag-minimum-2-pieces","15":"product_tag-shipment-from-eu","16":"product_tag-uor-120000","17":"product_tag-with-led-display","18":"product_shipping_class-overseas-warehouse","20":"first","21":"instock","22":"sale","23":"shipping-taxable","24":"purchasable","25":"product-type-variable"},"_links":{"self":[{"href":"https:\/\/pgvape.com\/fr\/wp-json\/wp\/v2\/product\/5819","targetHints":{"allow":["GET"]}}],"collection":[{"href":"https:\/\/pgvape.com\/fr\/wp-json\/wp\/v2\/product"}],"about":[{"href":"https:\/\/pgvape.com\/fr\/wp-json\/wp\/v2\/types\/product"}],"replies":[{"embeddable":true,"href":"https:\/\/pgvape.com\/fr\/wp-json\/wp\/v2\/comments?post=5819"}],"wp:featuredmedia":[{"embeddable":true,"href":"https:\/\/pgvape.com\/fr\/wp-json\/wp\/v2\/media\/5822"}],"wp:attachment":[{"href":"https:\/\/pgvape.com\/fr\/wp-json\/wp\/v2\/media?parent=5819"}],"wp:term":[{"taxonomy":"product_brand","embeddable":true,"href":"https:\/\/pgvape.com\/fr\/wp-json\/wp\/v2\/product_brand?post=5819"},{"taxonomy":"product_cat","embeddable":true,"href":"https:\/\/pgvape.com\/fr\/wp-json\/wp\/v2\/product_cat?post=5819"},{"taxonomy":"product_tag","embeddable":true,"href":"https:\/\/pgvape.com\/fr\/wp-json\/wp\/v2\/product_tag?post=5819"}],"curies":[{"name":"wp","href":"https:\/\/api.w.org\/{rel}","templated":true}]}}