{"id":5587,"date":"2025-11-04T13:05:35","date_gmt":"2025-11-04T13:05:35","guid":{"rendered":"https:\/\/pgvape.com\/?post_type=product&#038;p=5587"},"modified":"2026-03-31T06:09:59","modified_gmt":"2026-03-31T06:09:59","slug":"bang-blaze-bc-5000-5k-bouffees-vape-jetable-type-c-charge-rapide-vape-direct-usine","status":"publish","type":"product","link":"https:\/\/pgvape.com\/fr\/produit\/bang-blaze-bc-5000-5k-bouffees-vape-jetable-type-c-charge-rapide-vape-direct-usine\/","title":{"rendered":"Bang Blaze BC 5000 | 5K Puffs Vape jetable Type-C Charge rapide | Vape Factory Direct"},"content":{"rendered":"<p><strong data-sourcepos=\"6:5-6:26\">Bang Blaze BC5000<\/strong> livre <strong data-sourcepos=\"6:36-6:59\">5 000 bouff\u00e9es premium<\/strong> avec <strong data-sourcepos=\"6:65-6:93\">13 ml de e-liquide pr\u00e9rempli<\/strong> et un <strong data-sourcepos=\"6:100-6:131\">Batterie rechargeable de 650 mAh<\/strong>. <strong data-sourcepos=\"6:143-6:172\">Technologie de bobine maill\u00e9e de 1,2 \u03a9<\/strong> et <strong data-sourcepos=\"6:177-6:201\">Chargement rapide de type C<\/strong>, cet appareil am\u00e9lior\u00e9 offre <strong data-sourcepos=\"6:231-6:248\">saveur douce<\/strong> et <strong data-sourcepos=\"6:253-6:276\">performance toute la journ\u00e9e<\/strong> dans un design \u00e9l\u00e9gant et portable.<\/p>\n<p>&nbsp;<\/p>\n<h2><span style=\"font-size: 90%;\">Vape jetable Bang Blaze BC5000 Puffs <strong data-sourcepos=\"10:5-10:31\">Caract\u00e9ristiques<\/strong><\/span><\/h2>\n<p><strong data-sourcepos=\"17:3-17:17\">Nombre de bouff\u00e9es<\/strong>: 5 000 bouff\u00e9es<\/p>\n<p><strong data-sourcepos=\"18:3-18:15\">E-Liquide<\/strong>: 13ml (sel de nicotine 5%)<\/p>\n<p><strong data-sourcepos=\"19:3-19:14\">Batterie<\/strong>: 650mAh (Type-C)<\/p>\n<p><strong data-sourcepos=\"20:3-20:11\">Bobine<\/strong>: maille 1,2\u03a9<\/p>\n<p><strong data-sourcepos=\"21:3-21:13\">Poids<\/strong>: 52g<\/p>\n<p><strong data-sourcepos=\"22:3-22:18\">Taille du carton<\/strong>: 52,3\u00d738\u00d728,5 cm (300 pi\u00e8ces\/16,5 kg)<\/p>\n<p>&nbsp;<\/p>\n<h3><span style=\"font-size: 90%;\">Vape jetable Bang Blaze BC5000 Puffs <strong data-sourcepos=\"22:5-22:20\">Liste des saveurs<\/strong><\/span><\/h3>\n<p><strong data-sourcepos=\"25:4-25:24\">1.Fraise Mangue<\/strong>\u00a0\u2013 M\u00e9lange de fruits tropicaux<\/p>\n<p><strong data-sourcepos=\"26:4-26:28\">2.Cr\u00e8me glac\u00e9e aux fraises<\/strong>\u00a0\u2013 Dessert cr\u00e9meux<\/p>\n<p><strong data-sourcepos=\"27:4-27:22\">3. Glace \u00e0 la past\u00e8que<\/strong>\u00a0\u2013 Fra\u00eecheur estivale rafra\u00eechissante<\/p>\n<p><strong data-sourcepos=\"28:4-28:31\">4. Glace aux bleuets et aux framboises<\/strong>\u00a0\u2013 Gel\u00e9e de baies<\/p>\n<p><strong data-sourcepos=\"29:4-29:23\">5.Kiwi aux fraises<\/strong>\u00a0\u2013 Duo acidul\u00e9<\/p>\n<p><strong data-sourcepos=\"30:4-30:20\">6. Boisson \u00e9nergisante<\/strong>\u00a0\u2013 Un coup de pouce audacieux aux agrumes<\/p>\n<p><strong data-sourcepos=\"31:4-31:30\">7.P\u00eache Mangue Past\u00e8que<\/strong>\u00a0\u2013 Trio juteux<\/p>\n<p><strong data-sourcepos=\"32:4-32:21\">8. Glace aux bleuets<\/strong>\u00a0\u2013 Un \u00e9clat de baies fra\u00eeches<\/p>\n<p><strong data-sourcepos=\"33:4-33:25\">9.Fraise Banane<\/strong>\u00a0\u2013 Coup de c\u0153ur cr\u00e9meux<\/p>\n<p><strong data-sourcepos=\"34:5-34:33\">10. Goyave Kiwi Fruit de la Passion<\/strong>\u00a0\u2013 M\u00e9lange tropical<\/p>\n<p><strong data-sourcepos=\"35:5-35:20\">11. Fruits m\u00e9lang\u00e9s<\/strong>\u00a0\u2013 Explosion de fruits<\/p>\n<p><strong data-sourcepos=\"36:5-36:30\">12. Past\u00e8que aux fraises<\/strong>\u00a0\u2013 Combinaison classique<br \/>\n<img loading=\"lazy\" decoding=\"async\" class=\"alignnone wp-image-5603 size-full\" src=\"https:\/\/pgvape.com\/wp-content\/uploads\/2025\/11\/pgvape-Bang-Blaze-BC5000-Puffs-Disposable-Vape-14.png\" alt=\"Douze dispositifs de vapotage jetables Bang Blaze BC 5000 \u00e0 d\u00e9grad\u00e9 color\u00e9 dispos\u00e9s dans une grille, chacun \u00e9tant pr\u00e9sent\u00e9 avec des arri\u00e8re-plans assortis de fruits ou de boissons et des saveurs \u00e9tiquet\u00e9es telles que fraise mangue, glace \u00e0 la fraise, glace \u00e0 la past\u00e8que, glace \u00e0 la framboise et \u00e0 la myrtille, kiwi \u00e0 la fraise, boisson \u00e9nergisante, past\u00e8que \u00e0 la p\u00eache et \u00e0 la mangue, glace \u00e0 la myrtille, fraise banane, kiwi, fruit de la passion, goyave, fruits m\u00e9lang\u00e9s et past\u00e8que \u00e0 la fraise.\" width=\"1200\" height=\"1411\" srcset=\"https:\/\/pgvape.com\/wp-content\/uploads\/2025\/11\/pgvape-Bang-Blaze-BC5000-Puffs-Disposable-Vape-14.png 1200w, https:\/\/pgvape.com\/wp-content\/uploads\/2025\/11\/pgvape-Bang-Blaze-BC5000-Puffs-Disposable-Vape-14-306x360.png 306w, https:\/\/pgvape.com\/wp-content\/uploads\/2025\/11\/pgvape-Bang-Blaze-BC5000-Puffs-Disposable-Vape-14-595x700.png 595w, https:\/\/pgvape.com\/wp-content\/uploads\/2025\/11\/pgvape-Bang-Blaze-BC5000-Puffs-Disposable-Vape-14-340x400.png 340w, https:\/\/pgvape.com\/wp-content\/uploads\/2025\/11\/pgvape-Bang-Blaze-BC5000-Puffs-Disposable-Vape-14-768x903.png 768w, https:\/\/pgvape.com\/wp-content\/uploads\/2025\/11\/pgvape-Bang-Blaze-BC5000-Puffs-Disposable-Vape-14-10x12.png 10w, https:\/\/pgvape.com\/wp-content\/uploads\/2025\/11\/pgvape-Bang-Blaze-BC5000-Puffs-Disposable-Vape-14-600x706.png 600w, https:\/\/pgvape.com\/wp-content\/uploads\/2025\/11\/pgvape-Bang-Blaze-BC5000-Puffs-Disposable-Vape-14-34x40.png 34w\" sizes=\"auto, (max-width: 1200px) 100vw, 1200px\" \/><\/p>\n<p>&nbsp;<\/p>\n<h3><span style=\"font-size: 90%;\">Vape jetable Bang Blaze BC5000 Puffs <strong>Vid\u00e9o<\/strong>\uff1a<\/span><\/h3>\n<p>&nbsp;<\/p>\n<h2>FAQ sur la vape jetable Bang Blaze BC5000 Puffs<\/h2>\n<p data-sourcepos=\"39:1-40:76\">\u2753 <strong data-sourcepos=\"39:3-39:40\">Comment cela se compare-t-il \u00e0 la 1\u00e8re g\u00e9n\u00e9ration\u00a0?<\/strong><br \/>\n\u2705 <strong data-sourcepos=\"40:3-40:28\">Dur\u00e9e de vie de la batterie am\u00e9lior\u00e9e<\/strong> et <strong data-sourcepos=\"40:33-40:52\">saveur am\u00e9lior\u00e9e<\/strong> \u00e0 partir d'une bobine de maille am\u00e9lior\u00e9e<\/p>\n<p data-sourcepos=\"42:1-43:89\">\u2753 <strong data-sourcepos=\"42:3-42:36\">Quelle est la force de la nicotine ?<br \/>\n<\/strong> \u2705 Contient <strong data-sourcepos=\"43:12-43:32\">Sel de nicotine 5%<\/strong> pour des hits satisfaisantsSel de nicotine %** pour des hits satisfaisants<\/p>\n<p data-sourcepos=\"45:1-46:67\">\u2753 <strong data-sourcepos=\"45:3-45:38\">Combien de temps dure la batterie ?<\/strong><br \/>\n\u2705 <strong data-sourcepos=\"46:3-46:21\">Batterie 650 mAh<\/strong> prend en charge une utilisation toute la journ\u00e9e avec <strong data-sourcepos=\"46:48-46:67\">Chargement de type C<\/strong><\/p>\n<p data-sourcepos=\"48:1-49:81\">\u2753 <strong data-sourcepos=\"48:3-48:38\">Quelles saveurs sont les plus populaires ?<\/strong><br \/>\n\u2705 <strong data-sourcepos=\"49:3-49:23\">Fraise Mangue<\/strong>, <strong data-sourcepos=\"49:25-49:43\">Glace \u00e0 la past\u00e8que<\/strong>, et <strong data-sourcepos=\"49:49-49:65\">Boisson \u00e9nergisante<\/strong> sont les meilleurs vendeurs<\/p>\n<p data-sourcepos=\"51:1-52:56\">\u2753 <strong data-sourcepos=\"51:3-51:31\">Cet appareil est-il portable ?<br \/>\n<\/strong> \u2705 Ultra l\u00e9ger \u00e0 seulement <strong data-sourcepos=\"52:23-52:30\">52g<\/strong> avec un format de poche<\/p>\n<p>&nbsp;<\/p>\n<h3 id=\"brxe-najhln\" class=\"brxe-heading\">Foire aux questions (FAQ)<\/h3>\n<div id=\"brxe-rajiac\" class=\"brxe-text\">\n<p><strong>Q : Quels modes de paiement acceptez-vous ?<\/strong><br \/>\nR\u00a0: Nous acceptons PayPal, Stripe, les virements bancaires (pris en charge par SEPA), les principales cartes de cr\u00e9dit (Visa, MasterCard, American Express) et les paiements en crypto-monnaie.<\/p>\n<p><strong>Q : Combien de temps prend la pr\u00e9paration d\u2019une commande ?<\/strong><br \/>\nR : La pr\u00e9paration de la commande prend 1 \u00e0 3 jours ouvrables.<\/p>\n<p><strong>Q : Quel est le d\u00e9lai de livraison ?<\/strong><br \/>\nR : Le d\u00e9lai de livraison est de 7 \u00e0 14 jours ouvrables, selon votre emplacement.<\/p>\n<p><strong>Q : Comment puis-je suivre ma commande ?<\/strong><br \/>\nR : Apr\u00e8s l'exp\u00e9dition, vous recevrez un e-mail de confirmation avec un num\u00e9ro de suivi pour un suivi en temps r\u00e9el.<\/p>\n<p><strong>Q : Quelle est votre politique de retour ?<\/strong><br \/>\nR : Nous proposons une politique de retour de 30 jours pour les remboursements ou les \u00e9changes. .<\/p>\n<p><strong>Q : Y aura-t-il des probl\u00e8mes douaniers ?<br \/>\n<\/strong>Nous prenons en charge toutes les proc\u00e9dures de d\u00e9douanement pour vous garantir une exp\u00e9rience sans tracas. .<\/p>\n<p><strong>Q : Quelles m\u00e9thodes d\u2019exp\u00e9dition sont utilis\u00e9es ?<\/strong><br \/>\nNous coop\u00e9rons avec UPS\/DHL\/FEDEX\/DPD, etc. Nous choisirons l'option d'exp\u00e9dition appropri\u00e9e en fonction du pays de livraison pour garantir que vous recevez vos produits le plus rapidement possible.<\/p>\n<p><a href=\"https:\/\/pgvape.com\/fr\/faq\/\">Cliquez ici pour plus de FAQ<\/a><\/p>\n<p>Chers clients, Si vous avez des questions concernant votre commande ou l'arriv\u00e9e des marchandises, n'h\u00e9sitez pas \u00e0 contacter notre service client. Merci !<\/p>\n<h3 data-sourcepos=\"73:1-73:21\"><strong data-sourcepos=\"73:7-73:21\">Contactez-nous<\/strong><\/h3>\n<div id=\"text-2419739398\" class=\"text\">\n<p><strong data-sourcepos=\"75:3-75:12\">E-mail<\/strong>:\u00a0<a href=\"mailto:support@pgvape.com\"><strong>support@pgvape.com<\/strong><\/a><\/p>\n<p><strong data-sourcepos=\"76:3-76:15\">WhatsApp<\/strong>:\u00a0<a href=\"https:\/\/wa.me\/+8618128481258\"><strong>+86 18128481258<\/strong><\/a><br \/>\n<strong>(R\u00e9ponse sous 24h les jours ouvr\u00e9s)<\/strong><\/p>\n<\/div>\n<h3><strong>Merci d'avoir choisi pgvape.com ! .<\/strong><\/h3>\n<\/div>","protected":false},"excerpt":{"rendered":"<p><strong data-sourcepos=\"57:5-57:36\">Bang Blaze BC5000 (2e g\u00e9n\u00e9ration)<\/strong> livre <strong data-sourcepos=\"57:46-57:61\">5 000 bouff\u00e9es<\/strong>, <strong data-sourcepos=\"57:63-57:80\">Capacit\u00e9 de 13 ml<\/strong>, et <strong data-sourcepos=\"57:86-57:100\">12 saveurs<\/strong> dans un <strong data-sourcepos=\"57:106-57:128\">compact \u00e0 usage unique<\/strong> avec <strong data-sourcepos=\"57:134-57:153\">Chargement de type C<\/strong> \u2013 parfait pour <strong data-sourcepos=\"57:168-57:188\">vapoteurs nomades<\/strong>.<\/p>","protected":false},"featured_media":5602,"comment_status":"open","ping_status":"closed","template":"","meta":{"_seopress_robots_primary_cat":"none","_seopress_titles_title":"%%post_title%% %%sep%% %%sitetitle%%","_seopress_titles_desc":"","_seopress_robots_index":""},"product_brand":[49,516],"product_cat":[443,33,515],"product_tag":[447,445,444,90,446,204],"class_list":{"0":"post-5587","1":"product","2":"type-product","3":"status-publish","4":"has-post-thumbnail","6":"product_brand-bang-blaze-vape","7":"product_brand-disposable-vape","8":"product_cat-5k-puffs-vape","9":"product_cat-bang-blaze-vape","10":"product_cat-disposable-vape","11":"product_tag-1-2-mesh-coil","12":"product_tag-5k-puffs-vape","13":"product_tag-bang-blaze-bc-5000","14":"product_tag-disposable-vape","15":"product_tag-type-c-fast-charging","16":"product_tag-vape-factory-direct","18":"first","19":"instock","20":"sale","21":"shipping-taxable","22":"purchasable","23":"product-type-variable"},"_links":{"self":[{"href":"https:\/\/pgvape.com\/fr\/wp-json\/wp\/v2\/product\/5587","targetHints":{"allow":["GET"]}}],"collection":[{"href":"https:\/\/pgvape.com\/fr\/wp-json\/wp\/v2\/product"}],"about":[{"href":"https:\/\/pgvape.com\/fr\/wp-json\/wp\/v2\/types\/product"}],"replies":[{"embeddable":true,"href":"https:\/\/pgvape.com\/fr\/wp-json\/wp\/v2\/comments?post=5587"}],"wp:featuredmedia":[{"embeddable":true,"href":"https:\/\/pgvape.com\/fr\/wp-json\/wp\/v2\/media\/5602"}],"wp:attachment":[{"href":"https:\/\/pgvape.com\/fr\/wp-json\/wp\/v2\/media?parent=5587"}],"wp:term":[{"taxonomy":"product_brand","embeddable":true,"href":"https:\/\/pgvape.com\/fr\/wp-json\/wp\/v2\/product_brand?post=5587"},{"taxonomy":"product_cat","embeddable":true,"href":"https:\/\/pgvape.com\/fr\/wp-json\/wp\/v2\/product_cat?post=5587"},{"taxonomy":"product_tag","embeddable":true,"href":"https:\/\/pgvape.com\/fr\/wp-json\/wp\/v2\/product_tag?post=5587"}],"curies":[{"name":"wp","href":"https:\/\/api.w.org\/{rel}","templated":true}]}}