{"id":5424,"date":"2025-11-03T11:44:20","date_gmt":"2025-11-03T11:44:20","guid":{"rendered":"https:\/\/pgvape.com\/?post_type=product&#038;p=5424"},"modified":"2026-03-27T11:36:33","modified_gmt":"2026-03-27T11:36:33","slug":"bang-36000-bouffees-vape-jetable-led-lumiere-de-couleur-vape-directe-dusine","status":"publish","type":"product","link":"https:\/\/pgvape.com\/fr\/produit\/bang-36000-bouffees-vape-jetable-led-lumiere-de-couleur-vape-directe-dusine\/","title":{"rendered":"Bang 36000 Puffs Vape jetable LED Couleur Lumi\u00e8re | Vape Factory Direct"},"content":{"rendered":"<p><strong data-sourcepos=\"6:5-6:19\">Coup 36000<\/strong> livre <strong data-sourcepos=\"6:29-6:56\">36 000 bouff\u00e9es ultra-longues<\/strong> avec un <strong data-sourcepos=\"6:65-6:96\">syst\u00e8me innovant \u00e0 double r\u00e9servoir<\/strong> holding <strong data-sourcepos=\"6:105-6:136\">40 ml de e-liquide pr\u00e9-rempli<\/strong>. <strong data-sourcepos=\"6:150-6:171\">Bobine sub-ohm de 0,6 \u03a9<\/strong> pour <strong data-sourcepos=\"6:176-6:190\">Vapotage DTL<\/strong>, <strong data-sourcepos=\"6:192-6:223\">Batterie rechargeable de 650 mAh<\/strong>, et <strong data-sourcepos=\"6:229-6:251\">12 saveurs haut de gamme<\/strong>, cet appareil offre <strong data-sourcepos=\"6:272-6:295\">performances maximales<\/strong> avec <strong data-sourcepos=\"6:301-6:325\">\u00e9clairage LED \u00e9l\u00e9gant<\/strong>.<\/p>\n<p>&nbsp;<\/p>\n<h2><span style=\"font-size: 90%;\">Bang 36000 | Vape jetable 36 000 bouff\u00e9es <strong data-sourcepos=\"10:5-10:31\">Caract\u00e9ristiques<\/strong><\/span><\/h2>\n<p><strong data-sourcepos=\"18:3-18:17\">Nombre de bouff\u00e9es<\/strong>: 36 000 bouff\u00e9es<\/p>\n<p><strong data-sourcepos=\"19:3-19:15\">E-Liquide<\/strong>: 40 ml (double chambre)<\/p>\n<p><strong data-sourcepos=\"20:3-20:14\">Batterie<\/strong>: 650 mAh (rechargeable de type C)<\/p>\n<p><strong data-sourcepos=\"21:3-21:11\">Bobine<\/strong>: maille sub-ohm de 0,6 \u03a9<\/p>\n<p><strong data-sourcepos=\"22:3-22:15\">Nicotine<\/strong>: 0%\/2%\/3%\/5%<\/p>\n<p><strong data-sourcepos=\"23:3-23:16\">Conditionnement<\/strong>: 8 appareils\/bo\u00eetier d'affichage<\/p>\n<p>&nbsp;<\/p>\n<h3><span style=\"font-size: 90%;\">Bang 36000 | Vape jetable 36 000 bouff\u00e9es <strong data-sourcepos=\"22:5-22:20\">Liste des saveurs<\/strong><\/span><\/h3>\n<p>1.Kiwi aux fraises<\/p>\n<p>2.P\u00eache Mangue Past\u00e8que<\/p>\n<p>3. Fruits m\u00e9lang\u00e9s<\/p>\n<p>4. Glace \u00e0 la menthe<\/p>\n<p>5.P\u00eache Mangue<\/p>\n<p>6. Glace au raisin<\/p>\n<p>7.Doubles pommes<\/p>\n<p>8. Myrtille Framboise<\/p>\n<p>9. Glace aux bleuets<\/p>\n<p>10. Past\u00e8que aux fraises<\/p>\n<p>11. Glace \u00e0 la past\u00e8que<\/p>\n<p>12.Fraise Mangue<br \/>\n<img loading=\"lazy\" decoding=\"async\" class=\"alignnone wp-image-5443 size-full\" src=\"https:\/\/pgvape.com\/wp-content\/uploads\/2025\/11\/pgvape-Bang-36000-36K-Puffs-Disposable-Vape-17.jpg\" alt=\"\" width=\"1003\" height=\"1500\" srcset=\"https:\/\/pgvape.com\/wp-content\/uploads\/2025\/11\/pgvape-Bang-36000-36K-Puffs-Disposable-Vape-17.jpg 1003w, https:\/\/pgvape.com\/wp-content\/uploads\/2025\/11\/pgvape-Bang-36000-36K-Puffs-Disposable-Vape-17-241x360.jpg 241w, https:\/\/pgvape.com\/wp-content\/uploads\/2025\/11\/pgvape-Bang-36000-36K-Puffs-Disposable-Vape-17-595x890.jpg 595w, https:\/\/pgvape.com\/wp-content\/uploads\/2025\/11\/pgvape-Bang-36000-36K-Puffs-Disposable-Vape-17-267x400.jpg 267w, https:\/\/pgvape.com\/wp-content\/uploads\/2025\/11\/pgvape-Bang-36000-36K-Puffs-Disposable-Vape-17-768x1149.jpg 768w, https:\/\/pgvape.com\/wp-content\/uploads\/2025\/11\/pgvape-Bang-36000-36K-Puffs-Disposable-Vape-17-8x12.jpg 8w, https:\/\/pgvape.com\/wp-content\/uploads\/2025\/11\/pgvape-Bang-36000-36K-Puffs-Disposable-Vape-17-600x897.jpg 600w, https:\/\/pgvape.com\/wp-content\/uploads\/2025\/11\/pgvape-Bang-36000-36K-Puffs-Disposable-Vape-17-27x40.jpg 27w\" sizes=\"auto, (max-width: 1003px) 100vw, 1003px\" \/><\/p>\n<p>&nbsp;<\/p>\n<h3><span style=\"font-size: 90%;\">Bang 36000 | Vape jetable 36 000 bouff\u00e9es <strong>Vid\u00e9o<\/strong>\uff1a<\/span><\/h3>\n<p>&nbsp;<\/p>\n<h2>FAQ sur la vape jetable Bang 36000 | 36 000 bouff\u00e9es<\/h2>\n<p data-sourcepos=\"40:1-41:77\">\u2753 <strong data-sourcepos=\"40:3-40:47\">Qu'est-ce qui rend le syst\u00e8me \u00e0 double r\u00e9servoir sp\u00e9cial\u00a0?<\/strong><br \/>\n\u2705 Deux chambres s\u00e9par\u00e9es maintiennent <strong data-sourcepos=\"41:34-41:51\">puret\u00e9 de la saveur<\/strong> et <strong data-sourcepos=\"41:56-41:74\">emp\u00eacher le m\u00e9lange<\/strong>.<\/p>\n<p data-sourcepos=\"43:1-44:82\">\u2753 <strong data-sourcepos=\"43:3-43:38\">En quoi le vapotage sub-ohm diff\u00e8re-t-il ?<\/strong><br \/>\n\u2705Le <strong data-sourcepos=\"44:7-44:20\">Bobine 0,6\u03a9<\/strong> produit <strong data-sourcepos=\"44:30-44:55\">des nuages \u200b\u200bplus gros et plus chauds<\/strong> pour les inspirations directes par les poumons.<\/p>\n<p data-sourcepos=\"46:1-47:78\">\u2753 <strong data-sourcepos=\"46:3-46:47\">La batterie est-elle suffisante pour 36 000 bouff\u00e9es ?<\/strong><br \/>\n\u2705Le <strong data-sourcepos=\"47:7-47:25\">Batterie 650 mAh<\/strong> est rechargeable via <strong data-sourcepos=\"47:46-47:56\">Type-C<\/strong> pour une utilisation continue.<\/p>\n<p data-sourcepos=\"49:1-50:87\">\u2753 <strong data-sourcepos=\"49:3-49:38\">Quelles saveurs sont les plus populaires ?<br \/>\n<\/strong> \u2705 <strong data-sourcepos=\"50:3-50:28\">Past\u00e8que Fraise<\/strong>, <strong data-sourcepos=\"50:30-50:47\">Glace aux bleuets<\/strong>, et <strong data-sourcepos=\"50:53-50:68\">P\u00eache Mangue<\/strong> sont les meilleurs choix.<\/p>\n<p data-sourcepos=\"52:1-53:71\">\u2753 <strong data-sourcepos=\"52:3-52:42\">Qu'est-ce qui est unique dans les lumi\u00e8res LED ?<br \/>\n<\/strong> \u2705 Des LED \u00e0 couleurs changeantes indiquent <strong data-sourcepos=\"53:32-53:50\">\u00e9tat de la batterie<\/strong> et <strong data-sourcepos=\"53:55-53:68\">ajouter du style<\/strong>.<\/p>\n<p>&nbsp;<\/p>\n<h3 id=\"brxe-najhln\" class=\"brxe-heading\">Foire aux questions (FAQ)<\/h3>\n<div id=\"brxe-rajiac\" class=\"brxe-text\">\n<p><strong>Q : Quels modes de paiement acceptez-vous ?<\/strong><br \/>\nR\u00a0: Nous acceptons PayPal, Stripe, les virements bancaires (pris en charge par SEPA), les principales cartes de cr\u00e9dit (Visa, MasterCard, American Express) et les paiements en crypto-monnaie.<\/p>\n<p><strong>Q : Combien de temps prend la pr\u00e9paration d\u2019une commande ?<\/strong><br \/>\nR : La pr\u00e9paration de la commande prend 1 \u00e0 3 jours ouvrables.<\/p>\n<p><strong>Q : Quel est le d\u00e9lai de livraison ?<\/strong><br \/>\nR : Le d\u00e9lai de livraison est de 7 \u00e0 14 jours ouvrables, selon votre emplacement.<\/p>\n<p><strong>Q : Comment puis-je suivre ma commande ?<\/strong><br \/>\nR : Apr\u00e8s l'exp\u00e9dition, vous recevrez un e-mail de confirmation avec un num\u00e9ro de suivi pour un suivi en temps r\u00e9el.<\/p>\n<p><strong>Q : Quelle est votre politique de retour ?<\/strong><br \/>\nR : Nous proposons une politique de retour de 30 jours pour les remboursements ou les \u00e9changes. .<\/p>\n<p><strong>Q : Y aura-t-il des probl\u00e8mes douaniers ?<br \/>\n<\/strong>Nous prenons en charge toutes les proc\u00e9dures de d\u00e9douanement pour vous garantir une exp\u00e9rience sans tracas. .<\/p>\n<p><strong>Q : Quelles m\u00e9thodes d\u2019exp\u00e9dition sont utilis\u00e9es ?<\/strong><br \/>\nNous coop\u00e9rons avec UPS\/DHL\/FEDEX\/DPD, etc. Nous choisirons l'option d'exp\u00e9dition appropri\u00e9e en fonction du pays de livraison pour garantir que vous recevez vos produits le plus rapidement possible.<\/p>\n<p><a href=\"https:\/\/pgvape.com\/fr\/faq\/\">Cliquez ici pour plus de FAQ<\/a><\/p>\n<p>Chers clients, Si vous avez des questions concernant votre commande ou l'arriv\u00e9e des marchandises, n'h\u00e9sitez pas \u00e0 contacter notre service client. Merci !<\/p>\n<h3 data-sourcepos=\"73:1-73:21\"><strong data-sourcepos=\"73:7-73:21\">Contactez-nous<\/strong><\/h3>\n<div id=\"text-2419739398\" class=\"text\">\n<p><strong data-sourcepos=\"75:3-75:12\">E-mail<\/strong>:\u00a0<a href=\"mailto:support@pgvape.com\"><strong>support@pgvape.com<\/strong><\/a><\/p>\n<p><strong data-sourcepos=\"76:3-76:15\">WhatsApp<\/strong>:\u00a0<a href=\"https:\/\/wa.me\/+8618128481258\"><strong>+86 18128481258<\/strong><\/a><br \/>\n<strong>(R\u00e9ponse sous 24h les jours ouvr\u00e9s)<\/strong><\/p>\n<\/div>\n<h3><strong>Merci d'avoir choisi pgvape.com ! .<\/strong><\/h3>\n<\/div>","protected":false},"excerpt":{"rendered":"<p><strong data-sourcepos=\"56:5-56:19\">Coup 36000<\/strong> combine <strong data-sourcepos=\"56:29-56:60\">capacit\u00e9 de bouff\u00e9e in\u00e9gal\u00e9e de 36 000 bouff\u00e9es<\/strong>, <strong data-sourcepos=\"56:62-56:86\">technologie \u00e0 double r\u00e9servoir<\/strong>, et <strong data-sourcepos=\"56:92-56:120\">12 saveurs optimis\u00e9es pour le DTL<\/strong> dans un <strong data-sourcepos=\"56:126-56:153\">rechargeable jetable<\/strong> avec <strong data-sourcepos=\"56:159-56:180\">LED accrocheuses<\/strong>.<\/p>","protected":false},"featured_media":5428,"comment_status":"open","ping_status":"closed","template":"","meta":{"_seopress_robots_primary_cat":"none","_seopress_titles_title":"%%post_title%% %%sep%% %%sitetitle%%","_seopress_titles_desc":"","_seopress_robots_index":""},"product_brand":[36,516],"product_cat":[398,25,515],"product_tag":[400,429,90,432,490,204],"class_list":{"0":"post-5424","1":"product","2":"type-product","3":"status-publish","4":"has-post-thumbnail","6":"product_brand-bang-vape","7":"product_brand-disposable-vape","8":"product_cat-36k-puffs-vape","9":"product_cat-bang-vape","10":"product_cat-disposable-vape","11":"product_tag-36k-puffs-vape","12":"product_tag-bang-36000","13":"product_tag-disposable-vape","14":"product_tag-led-color-light","15":"product_tag-minimum-2-pieces","16":"product_tag-vape-factory-direct","18":"first","19":"outofstock","20":"sale","21":"shipping-taxable","22":"purchasable","23":"product-type-variable"},"_links":{"self":[{"href":"https:\/\/pgvape.com\/fr\/wp-json\/wp\/v2\/product\/5424","targetHints":{"allow":["GET"]}}],"collection":[{"href":"https:\/\/pgvape.com\/fr\/wp-json\/wp\/v2\/product"}],"about":[{"href":"https:\/\/pgvape.com\/fr\/wp-json\/wp\/v2\/types\/product"}],"replies":[{"embeddable":true,"href":"https:\/\/pgvape.com\/fr\/wp-json\/wp\/v2\/comments?post=5424"}],"wp:featuredmedia":[{"embeddable":true,"href":"https:\/\/pgvape.com\/fr\/wp-json\/wp\/v2\/media\/5428"}],"wp:attachment":[{"href":"https:\/\/pgvape.com\/fr\/wp-json\/wp\/v2\/media?parent=5424"}],"wp:term":[{"taxonomy":"product_brand","embeddable":true,"href":"https:\/\/pgvape.com\/fr\/wp-json\/wp\/v2\/product_brand?post=5424"},{"taxonomy":"product_cat","embeddable":true,"href":"https:\/\/pgvape.com\/fr\/wp-json\/wp\/v2\/product_cat?post=5424"},{"taxonomy":"product_tag","embeddable":true,"href":"https:\/\/pgvape.com\/fr\/wp-json\/wp\/v2\/product_tag?post=5424"}],"curies":[{"name":"wp","href":"https:\/\/api.w.org\/{rel}","templated":true}]}}