{"id":5375,"date":"2025-11-03T09:09:42","date_gmt":"2025-11-03T09:09:42","guid":{"rendered":"https:\/\/pgvape.com\/?post_type=product&#038;p=5375"},"modified":"2026-03-15T13:09:58","modified_gmt":"2026-03-15T13:09:58","slug":"bang-36000-niveau-lce-36k-bouffees-vape-jetable-intelligent-plein-ecran-vape-direct-usine","status":"publish","type":"product","link":"https:\/\/pgvape.com\/fr\/produit\/bang-36000-niveau-lce-36k-bouffees-vape-jetable-intelligent-plein-ecran-vape-direct-usine\/","title":{"rendered":"Bang 36000 Lce niveau 36K bouff\u00e9es jetables Vape Smart plein \u00e9cran Vape usine directe"},"content":{"rendered":"<p><strong data-sourcepos=\"6:5-6:29\">Niveau de glace Bang 36000<\/strong> red\u00e9finit le vapotage avec <strong data-sourcepos=\"6:52-6:79\">36 000 bouff\u00e9es ultra-longues<\/strong> et <strong data-sourcepos=\"6:84-6:113\">technologie de glace r\u00e9glable<\/strong>. <strong data-sourcepos=\"6:127-6:153\">Capacit\u00e9 e-liquide 36 ml<\/strong> et <strong data-sourcepos=\"6:158-6:189\">Batterie rechargeable de 850 mAh<\/strong>, cet appareil offre <strong data-sourcepos=\"6:212-6:246\">intensit\u00e9 de refroidissement personnalisable<\/strong> et <strong data-sourcepos=\"6:251-6:275\">profils de saveur riches<\/strong>. <strong data-sourcepos=\"6:281-6:310\">affichage intelligent plein \u00e9cran<\/strong> fournit une surveillance en temps r\u00e9el, ce qui le rend parfait pour les vapoteurs qui souhaitent <strong data-sourcepos=\"6:380-6:407\">contr\u00f4le et commodit\u00e9<\/strong>.<\/p>\n<p>&nbsp;<\/p>\n<h2><span style=\"font-size: 90%;\">Bang 36000 Niveau Lce | Vape jetable 36K Puffs <strong data-sourcepos=\"10:5-10:31\">Caract\u00e9ristiques<\/strong><\/span><\/h2>\n<p><strong data-sourcepos=\"18:3-18:17\">Nombre de bouff\u00e9es<\/strong>: 36 000 bouff\u00e9es<\/p>\n<p><strong data-sourcepos=\"19:3-19:15\">E-Liquide<\/strong>: 36ml pr\u00e9-rempli<\/p>\n<p><strong data-sourcepos=\"20:3-20:14\">Batterie<\/strong>: 850mAh (rechargeable)<\/p>\n<p><strong data-sourcepos=\"21:3-21:15\">Nicotine<\/strong>: 0%\/2%\/3%\/5%<\/p>\n<p><strong data-sourcepos=\"22:3-22:14\">Afficher<\/strong>: Affichage intelligent plein \u00e9cran<\/p>\n<p><strong data-sourcepos=\"23:3-23:16\">Conditionnement<\/strong>: 10 appareils\/bo\u00eete<\/p>\n<p>&nbsp;<\/p>\n<h3><span style=\"font-size: 90%;\">Bang 36000 Niveau Lce | Vape jetable 36K Puffs <strong data-sourcepos=\"22:5-22:20\">Liste des saveurs<\/strong><\/span><\/h3>\n<p>1. Past\u00e8que aux fraises<\/p>\n<p>2. Glace \u00e0 la past\u00e8que<\/p>\n<p>3.Amour 66<\/p>\n<p>4.Ananas et noix de coco<\/p>\n<p>5. Myrtille Framboise<\/p>\n<p>6. Past\u00e8que aux fraises<\/p>\n<p>7. Glace aux fraises<\/p>\n<p>8. Glace aux bleuets<\/p>\n<p>9.Triple Baie<\/p>\n<p>10.Kiwi aux fraises<\/p>\n<p>11.Fraise Mangue<\/p>\n<p>12.Red Bull<br \/>\n<img loading=\"lazy\" decoding=\"async\" class=\"alignnone wp-image-5359 size-full\" src=\"https:\/\/pgvape.com\/wp-content\/uploads\/2025\/11\/pgvape-Bang-36000-Lce-Level-36K-Puffs-Disposable-Vape-2.jpg\" alt=\"Gamme d&#039;appareils de vapotage jetables color\u00e9s de la marque &#039;\u00a0Bang\u00a0&#039; dispos\u00e9s en rang\u00e9es, chacun avec un petit \u00e9cran num\u00e9rique, des illustrations de personnages de dessins anim\u00e9s et des \u00e9tiquettes de saveur comme Strawberry Banana, Love66, Pineapple Coconut, Blueberry Raspberry, Strawberry Watermelon, Strawberry Ice, Blueberry Ice, Triple Berry, Strawberry Kiwi, Strawberry Mango, Red Bull et Watermelon Ice sur un fond bleu nuageux.\" width=\"1500\" height=\"1232\" srcset=\"https:\/\/pgvape.com\/wp-content\/uploads\/2025\/11\/pgvape-Bang-36000-Lce-Level-36K-Puffs-Disposable-Vape-2.jpg 1500w, https:\/\/pgvape.com\/wp-content\/uploads\/2025\/11\/pgvape-Bang-36000-Lce-Level-36K-Puffs-Disposable-Vape-2-438x360.jpg 438w, https:\/\/pgvape.com\/wp-content\/uploads\/2025\/11\/pgvape-Bang-36000-Lce-Level-36K-Puffs-Disposable-Vape-2-595x489.jpg 595w, https:\/\/pgvape.com\/wp-content\/uploads\/2025\/11\/pgvape-Bang-36000-Lce-Level-36K-Puffs-Disposable-Vape-2-400x329.jpg 400w, https:\/\/pgvape.com\/wp-content\/uploads\/2025\/11\/pgvape-Bang-36000-Lce-Level-36K-Puffs-Disposable-Vape-2-768x631.jpg 768w, https:\/\/pgvape.com\/wp-content\/uploads\/2025\/11\/pgvape-Bang-36000-Lce-Level-36K-Puffs-Disposable-Vape-2-15x12.jpg 15w, https:\/\/pgvape.com\/wp-content\/uploads\/2025\/11\/pgvape-Bang-36000-Lce-Level-36K-Puffs-Disposable-Vape-2-600x493.jpg 600w, https:\/\/pgvape.com\/wp-content\/uploads\/2025\/11\/pgvape-Bang-36000-Lce-Level-36K-Puffs-Disposable-Vape-2-49x40.jpg 49w\" sizes=\"auto, (max-width: 1500px) 100vw, 1500px\" \/><\/p>\n<p>&nbsp;<\/p>\n<h3><span style=\"font-size: 90%;\">Bang 36000 Niveau Lce | Vape jetable 36K Puffs <strong>Vid\u00e9o<\/strong>\uff1a<\/span><\/h3>\n<p>&nbsp;<\/p>\n<h2>FAQ sur le vape jetable Bang 36000 Lce Level | 36K Puffs<\/h2>\n<p data-sourcepos=\"39:1-40:96\">\u2753 <strong data-sourcepos=\"39:3-39:46\">Comment fonctionne le niveau de glace r\u00e9glable ?<\/strong><br \/>\n\u2705 Choisissez votre intensit\u00e9 de refroidissement pr\u00e9f\u00e9r\u00e9e parmi <strong data-sourcepos=\"40:48-40:67\">l\u00e9ger \u00e0 extr\u00eame<\/strong> pour une satisfaction personnalis\u00e9e.<\/p>\n<p data-sourcepos=\"42:1-43:81\">\u2753 <strong data-sourcepos=\"42:3-42:43\">Quelles options de nicotine sont disponibles ?<\/strong><br \/>\n\u2705 S\u00e9lectionnez parmi <strong data-sourcepos=\"43:15-43:32\">0% (sans carte r\u00e9seau)<\/strong>, <strong data-sourcepos=\"43:34-43:47\">2% (20 mg)<\/strong>, <strong data-sourcepos=\"43:49-43:62\">3% (30 mg)<\/strong>, ou <strong data-sourcepos=\"43:67-43:80\">5% (50 mg)<\/strong>.<\/p>\n<p data-sourcepos=\"45:1-46:64\">\u2753 <strong data-sourcepos=\"45:3-45:38\">Combien de temps dure la batterie ?<\/strong><br \/>\n\u2705Le <strong data-sourcepos=\"46:7-46:25\">Batterie 850 mAh<\/strong> permet une utilisation prolong\u00e9e entre les charges.<\/p>\n<p data-sourcepos=\"48:1-49:86\">\u2753 <strong data-sourcepos=\"48:3-48:30\">L'affichage est-il utile\u00a0?<br \/>\n<\/strong> \u2705Le <strong data-sourcepos=\"49:7-49:30\">affichage plein \u00e9cran<\/strong> montre clairement <strong data-sourcepos=\"49:45-49:61\">dur\u00e9e de vie de la batterie<\/strong> et <strong data-sourcepos=\"49:66-49:85\">niveaux d'e-liquide<\/strong>.<\/p>\n<p data-sourcepos=\"51:1-52:90\">\u2753 <strong data-sourcepos=\"51:3-51:38\">Quelles saveurs sont les plus populaires ?<br \/>\n<\/strong> \u2705 <strong data-sourcepos=\"52:3-52:28\">Past\u00e8que Fraise<\/strong>, <strong data-sourcepos=\"52:30-52:48\">Glace \u00e0 la past\u00e8que<\/strong>, et <strong data-sourcepos=\"52:54-52:66\">Taureau Rouge<\/strong> sont les favoris des clients.<\/p>\n<p>&nbsp;<\/p>\n<h3 id=\"brxe-najhln\" class=\"brxe-heading\">Foire aux questions (FAQ)<\/h3>\n<div id=\"brxe-rajiac\" class=\"brxe-text\">\n<p><strong>Q : Quels modes de paiement acceptez-vous ?<\/strong><br \/>\nR\u00a0: Nous acceptons PayPal, Stripe, les virements bancaires (pris en charge par SEPA), les principales cartes de cr\u00e9dit (Visa, MasterCard, American Express) et les paiements en crypto-monnaie.<\/p>\n<p><strong>Q : Combien de temps prend la pr\u00e9paration d\u2019une commande ?<\/strong><br \/>\nR : La pr\u00e9paration de la commande prend 1 \u00e0 3 jours ouvrables.<\/p>\n<p><strong>Q : Quel est le d\u00e9lai de livraison ?<\/strong><br \/>\nR : Le d\u00e9lai de livraison est de 7 \u00e0 14 jours ouvrables, selon votre emplacement.<\/p>\n<p><strong>Q : Comment puis-je suivre ma commande ?<\/strong><br \/>\nR : Apr\u00e8s l'exp\u00e9dition, vous recevrez un e-mail de confirmation avec un num\u00e9ro de suivi pour un suivi en temps r\u00e9el.<\/p>\n<p><strong>Q : Quelle est votre politique de retour ?<\/strong><br \/>\nR : Nous proposons une politique de retour de 30 jours pour les remboursements ou les \u00e9changes. .<\/p>\n<p><strong>Q : Y aura-t-il des probl\u00e8mes douaniers ?<br \/>\n<\/strong>Nous prenons en charge toutes les proc\u00e9dures de d\u00e9douanement pour vous garantir une exp\u00e9rience sans tracas. .<\/p>\n<p><strong>Q : Quelles m\u00e9thodes d\u2019exp\u00e9dition sont utilis\u00e9es ?<\/strong><br \/>\nNous coop\u00e9rons avec UPS\/DHL\/FEDEX\/DPD, etc. Nous choisirons l'option d'exp\u00e9dition appropri\u00e9e en fonction du pays de livraison pour garantir que vous recevez vos produits le plus rapidement possible.<\/p>\n<p><a href=\"https:\/\/pgvape.com\/fr\/faq\/\">Cliquez ici pour plus de FAQ<\/a><\/p>\n<p>Chers clients, Si vous avez des questions concernant votre commande ou l'arriv\u00e9e des marchandises, n'h\u00e9sitez pas \u00e0 contacter notre service client. Merci !<\/p>\n<h3 data-sourcepos=\"73:1-73:21\"><strong data-sourcepos=\"73:7-73:21\">Contactez-nous<\/strong><\/h3>\n<div id=\"text-2419739398\" class=\"text\">\n<p><strong data-sourcepos=\"75:3-75:12\">E-mail<\/strong>:\u00a0<a href=\"mailto:support@pgvape.com\"><strong>support@pgvape.com<\/strong><\/a><\/p>\n<p><strong data-sourcepos=\"76:3-76:15\">WhatsApp<\/strong>:\u00a0<a href=\"https:\/\/wa.me\/+8618128481258\"><strong>+86 18128481258<\/strong><\/a><br \/>\n<strong>(R\u00e9ponse sous 24h les jours ouvr\u00e9s)<\/strong><\/p>\n<\/div>\n<h3><strong>Merci d'avoir choisi pgvape.com ! .<\/strong><\/h3>\n<\/div>","protected":false},"excerpt":{"rendered":"<p><strong data-sourcepos=\"55:5-55:29\">Niveau de glace Bang 36000<\/strong> offres <strong data-sourcepos=\"55:37-55:64\">personnalisation in\u00e9gal\u00e9e<\/strong> avec <strong data-sourcepos=\"55:70-55:92\">refroidissement r\u00e9glable<\/strong>, <strong data-sourcepos=\"55:94-55:110\">36 000 bouff\u00e9es<\/strong>, et <strong data-sourcepos=\"55:116-55:138\">11 saveurs haut de gamme<\/strong> \u2013 parfait pour les vapoteurs qui veulent <strong data-sourcepos=\"55:169-55:194\">contr\u00f4le et long\u00e9vit\u00e9<\/strong>.<\/p>","protected":false},"featured_media":5360,"comment_status":"open","ping_status":"closed","template":"","meta":{"_seopress_robots_primary_cat":"none","_seopress_titles_title":"%%post_title%% %%sep%% %%sitetitle%%","_seopress_titles_desc":"","_seopress_robots_index":""},"product_brand":[36,516],"product_cat":[398,25,515],"product_tag":[400,429,90,430,264,204],"class_list":{"0":"post-5375","1":"product","2":"type-product","3":"status-publish","4":"has-post-thumbnail","6":"product_brand-bang-vape","7":"product_brand-disposable-vape","8":"product_cat-36k-puffs-vape","9":"product_cat-bang-vape","10":"product_cat-disposable-vape","11":"product_tag-36k-puffs-vape","12":"product_tag-bang-36000","13":"product_tag-disposable-vape","14":"product_tag-lce-level","15":"product_tag-smart-full-screen","16":"product_tag-vape-factory-direct","18":"first","19":"instock","20":"sale","21":"shipping-taxable","22":"purchasable","23":"product-type-variable"},"_links":{"self":[{"href":"https:\/\/pgvape.com\/fr\/wp-json\/wp\/v2\/product\/5375","targetHints":{"allow":["GET"]}}],"collection":[{"href":"https:\/\/pgvape.com\/fr\/wp-json\/wp\/v2\/product"}],"about":[{"href":"https:\/\/pgvape.com\/fr\/wp-json\/wp\/v2\/types\/product"}],"replies":[{"embeddable":true,"href":"https:\/\/pgvape.com\/fr\/wp-json\/wp\/v2\/comments?post=5375"}],"wp:featuredmedia":[{"embeddable":true,"href":"https:\/\/pgvape.com\/fr\/wp-json\/wp\/v2\/media\/5360"}],"wp:attachment":[{"href":"https:\/\/pgvape.com\/fr\/wp-json\/wp\/v2\/media?parent=5375"}],"wp:term":[{"taxonomy":"product_brand","embeddable":true,"href":"https:\/\/pgvape.com\/fr\/wp-json\/wp\/v2\/product_brand?post=5375"},{"taxonomy":"product_cat","embeddable":true,"href":"https:\/\/pgvape.com\/fr\/wp-json\/wp\/v2\/product_cat?post=5375"},{"taxonomy":"product_tag","embeddable":true,"href":"https:\/\/pgvape.com\/fr\/wp-json\/wp\/v2\/product_tag?post=5375"}],"curies":[{"name":"wp","href":"https:\/\/api.w.org\/{rel}","templated":true}]}}