{"id":521,"date":"2025-07-16T11:57:14","date_gmt":"2025-07-16T11:57:14","guid":{"rendered":"https:\/\/pgvape.com\/?post_type=product&#038;p=521"},"modified":"2025-12-15T13:40:41","modified_gmt":"2025-12-15T13:40:41","slug":"bang-leader-80000-80k-bouffees-3-en-1-triple-saveurs-vape-jetable-avec-vape-rechargeable-usine-en-gros","status":"publish","type":"product","link":"https:\/\/pgvape.com\/fr\/produit\/bang-leader-80000-80k-bouffees-3-en-1-triple-saveurs-vape-jetable-avec-vape-rechargeable-usine-en-gros\/","title":{"rendered":"Bang Leader 80000 |"},"content":{"rendered":"<p><strong>Vape jetable Bang Leader 80000 80K Puffs<\/strong> est le choix ultime pour ceux qui recherchent de la vari\u00e9t\u00e9, de la long\u00e9vit\u00e9 et des performances de premier ordre. .<\/p>\n<p>&nbsp;<\/p>\n<h2><span style=\"font-size: 90%;\">Bang Leader 80000 | 80K Puffs 3 en 1 Vape jetable triple saveurs Sp\u00e9cifications du produit\u00a0:<\/span><\/h2>\n<p><strong>Capacit\u00e9 de bouff\u00e9e\u00a0:<\/strong>\u00a0Jusqu'\u00e0 80 000 bouff\u00e9es<\/p>\n<p><strong>Capacit\u00e9 e-liquide :<\/strong>\u00a078 ml pr\u00e9remplis (3 dosettes de 26 ml chacune)<\/p>\n<p><strong>Type de bobine\u00a0:<\/strong>\u00a0Bobine de maille de 1,0 \u03a9<\/p>\n<p><strong>Capacit\u00e9 de la batterie\u00a0:<\/strong>\u00a0Batterie rechargeable de 850 mAh<\/p>\n<p><strong>Port de chargement\u00a0:<\/strong>\u00a0Chargement rapide de type C<\/p>\n<p><strong>Options nicotiniques\u00a0:<\/strong>\u00a00%, 2%, 3%, 5%<\/p>\n<p><strong>Syst\u00e8me de saveur\u00a0:<\/strong>\u00a0Configuration triple saveur 3 en 1<\/p>\n<p><strong>Saveurs disponibles\u00a0:<\/strong>\u00a012 combinaisons de saveurs dynamiques<\/p>\n<p><strong>Portabilit\u00e9:<\/strong>\u00a0Conception compacte et ergonomique pour une utilisation en d\u00e9placement<\/p>\n<p>&nbsp;<\/p>\n<h3><span style=\"font-size: 90%;\">Bang Leader 80000 | 80K Puffs 3 en 1 Triple Saveurs Liste des saveurs de vape jetables\u00a0:<\/span><\/h3>\n<p><strong>1. Glace past\u00e8que + fraise et mangue + banane<\/strong><\/p>\n<p><strong>2.Framboise Mojito P\u00eache Glace + Fraise Et Past\u00e8que Kiwi Fruit De La Passion Goyave<\/strong><\/p>\n<p><strong>3. Fraise et past\u00e8que + glace au raisin + bonbons arc-en-ciel<\/strong><\/p>\n<p><strong>4.Cola Ice + Myrtille Framboise + P\u00eache Mangue Past\u00e8que<\/strong><\/p>\n<p><strong>5.Myrtille Past\u00e8que + Fraise Mangue + Cassis<\/strong><\/p>\n<p><strong>6. Glace aux bleuets + glace au dragon noir + p\u00eache \u00e0 la mangue<\/strong><\/p>\n<p><strong>7. Glace aux bleuets + fraise et banane + baies m\u00e9lang\u00e9es<\/strong><\/p>\n<p><strong>8. Red Bull + Myrtille Past\u00e8que Pomme Poire<\/strong><\/p>\n<p><strong>9Red Bull + Bonbons \u00e0 bulles de past\u00e8que + Glace \u00e0 la fraise<\/strong><\/p>\n<p><strong>10. Kiwi aux fraises + glace \u00e0 la p\u00eache + cola aux cerises<\/strong><\/p>\n<p><strong>11.Kiwi Passion + Glace Litchi + Mangue P\u00eache Pin<\/strong><\/p>\n<p><strong>12. Glace \u00e0 l'avocat + Citron Lime + Past\u00e8que Framboise<img loading=\"lazy\" decoding=\"async\" class=\"alignnone wp-image-531 size-full\" src=\"https:\/\/pgvape.com\/wp-content\/uploads\/2025\/07\/Bang-Leader-80000-80K-Puffs-3-in-1-Triple-Flavors-Disposable-Vape-With-Rechargeable-Vape-Factory-Wholesale-8.png\" alt=\"\" width=\"1900\" height=\"1900\" srcset=\"https:\/\/pgvape.com\/wp-content\/uploads\/2025\/07\/Bang-Leader-80000-80K-Puffs-3-in-1-Triple-Flavors-Disposable-Vape-With-Rechargeable-Vape-Factory-Wholesale-8.png 1900w, https:\/\/pgvape.com\/wp-content\/uploads\/2025\/07\/Bang-Leader-80000-80K-Puffs-3-in-1-Triple-Flavors-Disposable-Vape-With-Rechargeable-Vape-Factory-Wholesale-8-360x360.png 360w, https:\/\/pgvape.com\/wp-content\/uploads\/2025\/07\/Bang-Leader-80000-80K-Puffs-3-in-1-Triple-Flavors-Disposable-Vape-With-Rechargeable-Vape-Factory-Wholesale-8-595x595.png 595w, https:\/\/pgvape.com\/wp-content\/uploads\/2025\/07\/Bang-Leader-80000-80K-Puffs-3-in-1-Triple-Flavors-Disposable-Vape-With-Rechargeable-Vape-Factory-Wholesale-8-400x400.png 400w, https:\/\/pgvape.com\/wp-content\/uploads\/2025\/07\/Bang-Leader-80000-80K-Puffs-3-in-1-Triple-Flavors-Disposable-Vape-With-Rechargeable-Vape-Factory-Wholesale-8-768x768.png 768w, https:\/\/pgvape.com\/wp-content\/uploads\/2025\/07\/Bang-Leader-80000-80K-Puffs-3-in-1-Triple-Flavors-Disposable-Vape-With-Rechargeable-Vape-Factory-Wholesale-8-1536x1536.png 1536w, https:\/\/pgvape.com\/wp-content\/uploads\/2025\/07\/Bang-Leader-80000-80K-Puffs-3-in-1-Triple-Flavors-Disposable-Vape-With-Rechargeable-Vape-Factory-Wholesale-8-12x12.png 12w, https:\/\/pgvape.com\/wp-content\/uploads\/2025\/07\/Bang-Leader-80000-80K-Puffs-3-in-1-Triple-Flavors-Disposable-Vape-With-Rechargeable-Vape-Factory-Wholesale-8-300x300.png 300w, https:\/\/pgvape.com\/wp-content\/uploads\/2025\/07\/Bang-Leader-80000-80K-Puffs-3-in-1-Triple-Flavors-Disposable-Vape-With-Rechargeable-Vape-Factory-Wholesale-8-600x600.png 600w, https:\/\/pgvape.com\/wp-content\/uploads\/2025\/07\/Bang-Leader-80000-80K-Puffs-3-in-1-Triple-Flavors-Disposable-Vape-With-Rechargeable-Vape-Factory-Wholesale-8-100x100.png 100w, https:\/\/pgvape.com\/wp-content\/uploads\/2025\/07\/Bang-Leader-80000-80K-Puffs-3-in-1-Triple-Flavors-Disposable-Vape-With-Rechargeable-Vape-Factory-Wholesale-8-32x32.png 32w, https:\/\/pgvape.com\/wp-content\/uploads\/2025\/07\/Bang-Leader-80000-80K-Puffs-3-in-1-Triple-Flavors-Disposable-Vape-With-Rechargeable-Vape-Factory-Wholesale-8-40x40.png 40w\" sizes=\"auto, (max-width: 1900px) 100vw, 1900px\" \/><\/strong><\/p>\n<h3><span style=\"font-size: 90%;\">Bang Leader 80000 | 80K Puffs 3 en 1 Vape jetable triple saveurs <\/span><strong>Vid\u00e9o:<br \/>\n<iframe loading=\"lazy\" title=\"Bang Leader 80K Puffs 3 en 1 Saveurs Vape jetable avec usine de vape rechargeable en gros pgvape\" width=\"563\" height=\"1000\" src=\"https:\/\/www.youtube.com\/embed\/-_eUSKzsdRY?feature=oembed\" frameborder=\"0\" allow=\"accelerometer; autoplay; clipboard-write; encrypted-media; gyroscope; picture-in-picture; web-share\" referrerpolicy=\"strict-origin-when-cross-origin\" allowfullscreen><\/iframe><br \/>\n<\/strong><\/h3>\n<p>&nbsp;<\/p>\n<h2><span style=\"font-size: 90%;\">FAQ sur Bang Leader 80000 | 80K Puffs 3 en 1 Vape jetable triple saveurs<\/span><\/h2>\n<p dir=\"auto\"><strong>Q1\u00a0: Combien de bouff\u00e9es le Bang Leader 80000 propose-t-il\u00a0?<\/strong><br \/>\nA1 : Jusqu'\u00e0 80 000 bouff\u00e9es par appareil, garantissant une utilisation durable.<\/p>\n<p dir=\"auto\"><strong>Q2\u00a0:\u00a0Qu'est-ce que la configuration des saveurs 3-en-1\u00a0?<\/strong><br \/>\nA2 : L'appareil contient trois dosettes distinctes, chacune contenant 26 ml d'e-liquide, vous offrant trois saveurs diff\u00e9rentes \u00e0 d\u00e9guster dans un seul appareil.<\/p>\n<p dir=\"auto\"><strong>Q3\u00a0: Quel type de bobine est utilis\u00e9 dans l\u2019appareil\u00a0?<\/strong><br \/>\nA3 : Il utilise une bobine maill\u00e9e de 1,0 \u03a9, fournissant une vapeur douce et une saveur riche \u00e0 chaque bouff\u00e9e.<\/p>\n<p dir=\"auto\"><strong>Q4\u00a0: Combien de temps dure la batterie\u00a0?<\/strong><br \/>\nA4 : La batterie rechargeable de 850 mAh garantit une alimentation longue dur\u00e9e et la charge rapide de type C minimise les temps d'arr\u00eat.<\/p>\n<p dir=\"auto\"><strong>Q5\u00a0: Quelles saveurs sont disponibles\u00a0?<\/strong><br \/>\nA5 : Il existe 12 combinaisons de saveurs uniques et passionnantes disponibles, y compris des options comme Past\u00e8que glac\u00e9e + Fraise et Mangue + Banane.<\/p>\n<p dir=\"auto\"><strong>Q6 : L'appareil peut-il \u00eatre recharg\u00e9 ?<\/strong><br \/>\nA6 : Oui, l'appareil dispose d'une batterie rechargeable de 850 mAh et dispose d'une charge rapide de type C.<\/p>\n<p dir=\"auto\"><strong>Q7\u00a0: Quels sont les dosages de nicotine disponibles\u00a0?<\/strong><br \/>\nR7\u00a0: Le Bang Leader 80000 est disponible dans les concentrations de nicotine 0%, 2%, 3% et 5% pour correspondre \u00e0 vos pr\u00e9f\u00e9rences.<\/p>\n<p>&nbsp;<\/p>\n<h3 id=\"brxe-najhln\" class=\"brxe-heading\">Foire aux questions (FAQ)<\/h3>\n<div id=\"brxe-rajiac\" class=\"brxe-text\">\n<p><strong>Q : Quels modes de paiement acceptez-vous ?<\/strong><br \/>\nR\u00a0: Nous acceptons PayPal, Stripe, les virements bancaires (pris en charge par SEPA), les principales cartes de cr\u00e9dit (Visa, MasterCard, American Express) et les paiements en crypto-monnaie.<\/p>\n<p><strong>Q : Combien de temps prend la pr\u00e9paration d\u2019une commande ?<\/strong><br \/>\nR : La pr\u00e9paration de la commande prend 1 \u00e0 3 jours ouvrables.<\/p>\n<p><strong>Q : Quel est le d\u00e9lai de livraison ?<\/strong><br \/>\nR : Le d\u00e9lai de livraison est de 7 \u00e0 14 jours ouvrables, selon votre emplacement.<\/p>\n<p><strong>Q : Comment puis-je suivre ma commande ?<\/strong><br \/>\nR : Apr\u00e8s l'exp\u00e9dition, vous recevrez un e-mail de confirmation avec un num\u00e9ro de suivi pour un suivi en temps r\u00e9el.<\/p>\n<p><strong>Q : Quelle est votre politique de retour ?<\/strong><br \/>\nR : Nous proposons une politique de retour de 30 jours pour les remboursements ou les \u00e9changes. .<\/p>\n<p><strong>Q : Y aura-t-il des probl\u00e8mes douaniers ?<br \/>\n<\/strong>Nous prenons en charge toutes les proc\u00e9dures de d\u00e9douanement pour vous garantir une exp\u00e9rience sans tracas. .<\/p>\n<p><strong>Q : Quelles m\u00e9thodes d\u2019exp\u00e9dition sont utilis\u00e9es ?<\/strong><br \/>\nNous coop\u00e9rons avec UPS\/DHL\/FEDEX\/DPD, etc. Nous choisirons l'option d'exp\u00e9dition appropri\u00e9e en fonction du pays de livraison pour garantir que vous recevez vos produits le plus rapidement possible.<\/p>\n<p><a href=\"https:\/\/pgvape.com\/fr\/faq\/\"><span style=\"font-size: 100%;\">Cliquez ici pour plus de FAQ<\/span><\/a><\/p>\n<p>Chers clients, Si vous avez des questions concernant votre commande ou l'arriv\u00e9e des marchandises, n'h\u00e9sitez pas \u00e0 contacter notre service client. Merci !<\/p>\n<h3 data-sourcepos=\"73:1-73:21\"><span style=\"font-size: 90%;\"><strong data-sourcepos=\"73:7-73:21\">Contactez-nous<\/strong><\/span><\/h3>\n<div id=\"text-2419739398\" class=\"text\">\n<p><strong data-sourcepos=\"75:3-75:12\">E-mail<\/strong>:\u00a0<a href=\"mailto:support@pgvape.com\"><strong>support@pgvape.com<\/strong><\/a><\/p>\n<p><strong data-sourcepos=\"76:3-76:15\">WhatsApp<\/strong>: <a href=\"https:\/\/wa.me\/+8618128481258\"><strong>+86 18128481258<\/strong><\/a><br \/>\n<strong>(R\u00e9ponse sous 24h les jours ouvr\u00e9s)<\/strong><\/p>\n<\/div>\n<h3><strong><span style=\"font-size: 80%;\">Merci d'avoir choisi pgvape.com ! .<\/span><\/strong><\/h3>\n<\/div>","protected":false},"excerpt":{"rendered":"<p><strong>Vape jetable Bang Leader 80000<\/strong> livre jusqu'\u00e0 <strong>80 000 bouff\u00e9es<\/strong> et un <strong>Triple saveur 3 en 1<\/strong> exp\u00e9rience. <strong>78mL de e-liquide pr\u00e9-rempli<\/strong>, un <strong>Bobine de maille de 1,0 \u03a9<\/strong>, <strong>850 mAh rechargeable<\/strong> batterie, et <strong>Type-C<\/strong> charge rapide, il garantit une vapeur douce et riche et une utilisation prolong\u00e9e.<strong>0%, 2%, 3%, 5%<\/strong>) pour une exp\u00e9rience de vape personnalis\u00e9e.<\/p>","protected":false},"featured_media":524,"comment_status":"open","ping_status":"closed","template":"","meta":{"_seopress_robots_primary_cat":"none","_seopress_titles_title":"","_seopress_titles_desc":"","_seopress_robots_index":""},"product_brand":[54,516],"product_cat":[41,32,515],"product_tag":[56,44,45,55,490],"class_list":{"0":"post-521","1":"product","2":"type-product","3":"status-publish","4":"has-post-thumbnail","6":"product_brand-bang-leader-vape","7":"product_brand-disposable-vape","8":"product_cat-80k-puffs-vape","9":"product_cat-bang-leader-vape","10":"product_cat-disposable-vape","11":"product_tag-3-in-1-triple-flavors","12":"product_tag-80k-puffs","13":"product_tag-80k-vape","14":"product_tag-bang-leader-80000","15":"product_tag-minimum-2-pieces","17":"first","18":"instock","19":"sale","20":"shipping-taxable","21":"purchasable","22":"product-type-variable"},"_links":{"self":[{"href":"https:\/\/pgvape.com\/fr\/wp-json\/wp\/v2\/product\/521","targetHints":{"allow":["GET"]}}],"collection":[{"href":"https:\/\/pgvape.com\/fr\/wp-json\/wp\/v2\/product"}],"about":[{"href":"https:\/\/pgvape.com\/fr\/wp-json\/wp\/v2\/types\/product"}],"replies":[{"embeddable":true,"href":"https:\/\/pgvape.com\/fr\/wp-json\/wp\/v2\/comments?post=521"}],"wp:featuredmedia":[{"embeddable":true,"href":"https:\/\/pgvape.com\/fr\/wp-json\/wp\/v2\/media\/524"}],"wp:attachment":[{"href":"https:\/\/pgvape.com\/fr\/wp-json\/wp\/v2\/media?parent=521"}],"wp:term":[{"taxonomy":"product_brand","embeddable":true,"href":"https:\/\/pgvape.com\/fr\/wp-json\/wp\/v2\/product_brand?post=521"},{"taxonomy":"product_cat","embeddable":true,"href":"https:\/\/pgvape.com\/fr\/wp-json\/wp\/v2\/product_cat?post=521"},{"taxonomy":"product_tag","embeddable":true,"href":"https:\/\/pgvape.com\/fr\/wp-json\/wp\/v2\/product_tag?post=521"}],"curies":[{"name":"wp","href":"https:\/\/api.w.org\/{rel}","templated":true}]}}