{"id":5086,"date":"2025-11-02T05:03:19","date_gmt":"2025-11-02T05:03:19","guid":{"rendered":"https:\/\/pgvape.com\/?post_type=product&#038;p=5086"},"modified":"2026-01-27T07:58:26","modified_gmt":"2026-01-27T07:58:26","slug":"vozol-star-40000-40k-bouffees-double-mode-vape-jetable-ecran-led-incurve-vape-direct-usine","status":"publish","type":"product","link":"https:\/\/pgvape.com\/fr\/produit\/vozol-star-40000-40k-bouffees-double-mode-vape-jetable-ecran-led-incurve-vape-direct-usine\/","title":{"rendered":"Vozol Star 40000 40K Puffs Vape jetable double mode \u00c9cran LED incurv\u00e9 Vape Direct usine"},"content":{"rendered":"<p><strong data-sourcepos=\"8:5-8:39\">Vape jetable Vozol Star 40K<\/strong> est le <strong data-sourcepos=\"8:47-8:93\">choix de gros ultime pour les fournisseurs de l\u2019UE<\/strong>, offrant <strong data-sourcepos=\"8:104-8:120\">40 000 bouff\u00e9es<\/strong> (Mode \u00c9co) et <strong data-sourcepos=\"8:136-8:152\">20 000 bouff\u00e9es<\/strong> (Mode puissance). <strong data-sourcepos=\"8:180-8:212\">Batterie rechargeable 1000 mAh<\/strong> avec <strong data-sourcepos=\"8:218-8:242\">Chargement rapide de type C<\/strong>, il comporte <strong data-sourcepos=\"8:256-8:275\">bobines \u00e0 double maille<\/strong> avec <strong data-sourcepos=\"8:281-8:300\">Technologie VAMT<\/strong> pour <strong data-sourcepos=\"8:305-8:323\">saveur intense<\/strong> et <strong data-sourcepos=\"8:328-8:344\">vapeur douce<\/strong>. <strong data-sourcepos=\"8:350-8:372\">d\u00e9bit d'air r\u00e9glable<\/strong> et <strong data-sourcepos=\"8:377-8:403\">\u00e9cran LED incurv\u00e9 ondul\u00e9<\/strong> (affichant la batterie, le nombre de bouff\u00e9es et le mode) en font un <strong data-sourcepos=\"8:454-8:480\">jetable le plus vendu<\/strong> pour les d\u00e9taillants.<img loading=\"lazy\" decoding=\"async\" class=\"alignnone wp-image-5114 size-full\" src=\"https:\/\/pgvape.com\/wp-content\/uploads\/2025\/11\/pgvape-Vozol-Star-40000-Puffs-Dual-Mode-Disposable-Vape-8.jpg\" alt=\"Rang\u00e9e d&#039;appareils portables Vozol Star 40000 color\u00e9s avec des \u00e9crans lumineux ondul\u00e9s verticaux distinctifs et des poign\u00e9es en boucle, r\u00e9fl\u00e9chis sur une surface ondulante semblable \u00e0 de l&#039;eau sur un fond architectural ondul\u00e9 bleu futuriste et un grand titre indiquant \u201c Le premier \u00e9cran ondul\u00e9 de tous les temps \u201d.\" width=\"1800\" height=\"899\" srcset=\"https:\/\/pgvape.com\/wp-content\/uploads\/2025\/11\/pgvape-Vozol-Star-40000-Puffs-Dual-Mode-Disposable-Vape-8.jpg 1800w, https:\/\/pgvape.com\/wp-content\/uploads\/2025\/11\/pgvape-Vozol-Star-40000-Puffs-Dual-Mode-Disposable-Vape-8-555x277.jpg 555w, https:\/\/pgvape.com\/wp-content\/uploads\/2025\/11\/pgvape-Vozol-Star-40000-Puffs-Dual-Mode-Disposable-Vape-8-595x297.jpg 595w, https:\/\/pgvape.com\/wp-content\/uploads\/2025\/11\/pgvape-Vozol-Star-40000-Puffs-Dual-Mode-Disposable-Vape-8-400x200.jpg 400w, https:\/\/pgvape.com\/wp-content\/uploads\/2025\/11\/pgvape-Vozol-Star-40000-Puffs-Dual-Mode-Disposable-Vape-8-768x384.jpg 768w, https:\/\/pgvape.com\/wp-content\/uploads\/2025\/11\/pgvape-Vozol-Star-40000-Puffs-Dual-Mode-Disposable-Vape-8-1536x767.jpg 1536w, https:\/\/pgvape.com\/wp-content\/uploads\/2025\/11\/pgvape-Vozol-Star-40000-Puffs-Dual-Mode-Disposable-Vape-8-18x9.jpg 18w, https:\/\/pgvape.com\/wp-content\/uploads\/2025\/11\/pgvape-Vozol-Star-40000-Puffs-Dual-Mode-Disposable-Vape-8-600x300.jpg 600w, https:\/\/pgvape.com\/wp-content\/uploads\/2025\/11\/pgvape-Vozol-Star-40000-Puffs-Dual-Mode-Disposable-Vape-8-60x30.jpg 60w\" sizes=\"auto, (max-width: 1800px) 100vw, 1800px\" \/><\/p>\n<p>&nbsp;<\/p>\n<h2><span style=\"font-size: 90%;\">Vozol Star 40000 bouff\u00e9es Vape jetable double mode <strong data-sourcepos=\"10:5-10:31\">Caract\u00e9ristiques<\/strong><\/span><\/h2>\n<p><strong data-sourcepos=\"18:3-18:17\">Nombre de bouff\u00e9es<\/strong>:\u00a0<strong data-sourcepos=\"18:19-18:40\">40 000 (mode \u00e9co)<\/strong>\u00a0\/\u00a0<strong data-sourcepos=\"18:43-18:66\">20 000 (mode puissance)<\/strong><\/p>\n<p><strong data-sourcepos=\"19:3-19:14\">Batterie<\/strong>:\u00a0<strong data-sourcepos=\"19:16-19:40\">1000MAH rechargeable<\/strong>\u00a0(<strong data-sourcepos=\"19:42-19:66\">Chargement rapide de type C<\/strong>)<\/p>\n<p><strong data-sourcepos=\"20:3-20:11\">Bobine<\/strong>:\u00a0<strong data-sourcepos=\"20:13-20:39\">Double maille avec technologie VAMT<\/strong>\u00a0(Saveur et vapeur am\u00e9lior\u00e9es)<\/p>\n<p><strong data-sourcepos=\"21:3-21:14\">Flux d'air<\/strong>:\u00a0<strong data-sourcepos=\"21:16-21:30\">R\u00e9glable<\/strong>\u00a0(Personnalisation MTL\/DTL)<\/p>\n<p><strong data-sourcepos=\"22:3-22:14\">Afficher<\/strong>:\u00a0<strong data-sourcepos=\"22:16-22:37\">\u00c9cran LED incurv\u00e9<\/strong>\u00a0(Batterie %, nombre de bouff\u00e9es, mode)<\/p>\n<p><strong data-sourcepos=\"23:3-23:15\">Nicotine<\/strong>:\u00a0<strong data-sourcepos=\"23:17-23:30\">5% (50MG)<\/strong>\u00a0ou\u00a0<strong data-sourcepos=\"23:34-23:47\">2% (20MG)<\/strong><\/p>\n<p><strong data-sourcepos=\"24:3-24:14\">Saveurs<\/strong>:\u00a0<strong data-sourcepos=\"24:16-24:38\">25 options premium<\/strong>\u00a0(Fruit\u00e9, Menthol, Dessert)<\/p>\n<p>&nbsp;<\/p>\n<h3><span style=\"font-size: 90%;\">Vozol Star 40000 bouff\u00e9es Vape jetable double mode <strong data-sourcepos=\"22:5-22:20\">Liste des saveurs<\/strong><\/span><\/h3>\n<p><strong data-sourcepos=\"29:4-29:21\">1. Glace Razz bleue<\/strong><\/p>\n<p><strong data-sourcepos=\"30:4-30:21\">2. Glace aux bleuets<\/strong><\/p>\n<p><strong data-sourcepos=\"31:4-31:22\">3. Menthe myrtille<\/strong><\/p>\n<p><strong data-sourcepos=\"32:4-32:28\">4. Past\u00e8que aux bleuets<\/strong><\/p>\n<p><strong data-sourcepos=\"33:4-33:36\">5. Baies de pamplemousse cherimoya<\/strong><\/p>\n<p><strong data-sourcepos=\"34:4-34:19\">6. Cola aux cerises<\/strong><\/p>\n<p><strong data-sourcepos=\"35:4-35:17\">7. Menthe fra\u00eeche<\/strong><\/p>\n<p><strong data-sourcepos=\"36:4-36:17\">8. Glace aux raisins<\/strong><\/p>\n<p><strong data-sourcepos=\"37:4-37:17\">9. Glace \u00e0 la mangue<\/strong><\/p>\n<p><strong data-sourcepos=\"38:5-38:20\">10.Mangue P\u00eache<\/strong><\/p>\n<p><strong data-sourcepos=\"39:5-39:18\">11. Gomme de melon<\/strong><\/p>\n<p><strong data-sourcepos=\"40:5-40:18\">12. Glace au melon<\/strong><\/p>\n<p><strong data-sourcepos=\"41:5-41:18\">13. Glace \u00e0 la p\u00eache<\/strong><\/p>\n<p><strong data-sourcepos=\"42:5-42:23\">14. Glace aux pommes aigre<\/strong><\/p>\n<p><strong data-sourcepos=\"43:5-43:23\">15. Glace aux fraises<\/strong><\/p>\n<p><strong data-sourcepos=\"44:5-44:24\">16.Kiwi aux fraises<\/strong><\/p>\n<p><strong data-sourcepos=\"45:5-45:30\">17. Past\u00e8que aux fraises<\/strong><\/p>\n<p><strong data-sourcepos=\"46:5-46:25\">18. P\u00eache \u00e0 la past\u00e8que<\/strong><\/p>\n<p><strong data-sourcepos=\"47:5-47:23\">19.Tabac<\/strong><\/p>\n<p><strong data-sourcepos=\"48:5-48:15\">20.Vzbull<\/strong>\u00a0(Boisson \u00e9nergisante)<\/p>\n<p><strong data-sourcepos=\"49:5-49:30\">21. Bubble-gum \u00e0 la past\u00e8que<\/strong><\/p>\n<p><strong data-sourcepos=\"50:5-50:37\">22. M\u00fbre de Boysen, raisin et past\u00e8que<\/strong><\/p>\n<p><strong data-sourcepos=\"51:5-51:23\">23. Glace \u00e0 la past\u00e8que<\/strong><\/p>\n<p><strong data-sourcepos=\"52:5-52:30\">24. P\u00eache aigre \u00e0 la past\u00e8que<\/strong><\/p>\n<p><strong data-sourcepos=\"53:5-53:30\">25.Framboise P\u00eache Blanche<img loading=\"lazy\" decoding=\"async\" class=\"alignnone wp-image-5112 size-full\" src=\"https:\/\/pgvape.com\/wp-content\/uploads\/2025\/11\/pgvape-Vozol-Star-40000-Puffs-Dual-Mode-Disposable-Vape-6.jpg\" alt=\"Affiche promotionnelle pour les appareils de vape jetables VOZOL STAR 40000 montrant des rang\u00e9es d&#039;appareils rectangulaires blancs avec des embouts color\u00e9s et des noms de saveurs (par exemple, glace \u00e0 la past\u00e8que, glace au raisin, glace \u00e0 la mangue, glace \u00e0 la p\u00eache, glace \u00e0 la fraise, pomme aigre, glace \u00e0 la myrtille, menthe fra\u00eeche, cerise cola, tabac, gomme de melon) et sp\u00e9cifications haut de gamme indiquant \u00e9cran incurv\u00e9 ondul\u00e9, bobine \u00e0 double maille, 40 000\/25 000 .\" width=\"1800\" height=\"873\" srcset=\"https:\/\/pgvape.com\/wp-content\/uploads\/2025\/11\/pgvape-Vozol-Star-40000-Puffs-Dual-Mode-Disposable-Vape-6.jpg 1800w, https:\/\/pgvape.com\/wp-content\/uploads\/2025\/11\/pgvape-Vozol-Star-40000-Puffs-Dual-Mode-Disposable-Vape-6-555x269.jpg 555w, https:\/\/pgvape.com\/wp-content\/uploads\/2025\/11\/pgvape-Vozol-Star-40000-Puffs-Dual-Mode-Disposable-Vape-6-595x289.jpg 595w, https:\/\/pgvape.com\/wp-content\/uploads\/2025\/11\/pgvape-Vozol-Star-40000-Puffs-Dual-Mode-Disposable-Vape-6-400x194.jpg 400w, https:\/\/pgvape.com\/wp-content\/uploads\/2025\/11\/pgvape-Vozol-Star-40000-Puffs-Dual-Mode-Disposable-Vape-6-768x372.jpg 768w, https:\/\/pgvape.com\/wp-content\/uploads\/2025\/11\/pgvape-Vozol-Star-40000-Puffs-Dual-Mode-Disposable-Vape-6-1536x745.jpg 1536w, https:\/\/pgvape.com\/wp-content\/uploads\/2025\/11\/pgvape-Vozol-Star-40000-Puffs-Dual-Mode-Disposable-Vape-6-18x9.jpg 18w, https:\/\/pgvape.com\/wp-content\/uploads\/2025\/11\/pgvape-Vozol-Star-40000-Puffs-Dual-Mode-Disposable-Vape-6-600x291.jpg 600w, https:\/\/pgvape.com\/wp-content\/uploads\/2025\/11\/pgvape-Vozol-Star-40000-Puffs-Dual-Mode-Disposable-Vape-6-60x29.jpg 60w\" sizes=\"auto, (max-width: 1800px) 100vw, 1800px\" \/><\/strong><\/p>\n<p>&nbsp;<\/p>\n<h3><span style=\"font-size: 90%;\">Vozol Star 40000 bouff\u00e9es Vape jetable double mode <strong>Vid\u00e9o<\/strong>\uff1a<\/span><\/h3>\n<p>&nbsp;<\/p>\n<h2>FAQ sur la vape jetable double mode Vozol Star 40 000 bouff\u00e9es<\/h2>\n<p data-sourcepos=\"58:1-61:72\">\u2753 <strong data-sourcepos=\"58:3-58:35\">Pourquoi choisir cela pour ma boutique ?<\/strong><br \/>\n\u2705 <strong data-sourcepos=\"59:3-59:26\">Marges b\u00e9n\u00e9ficiaires \u00e9lev\u00e9es<\/strong> \u2013 Produits jetables longue dur\u00e9e = clients fid\u00e8les<br \/>\n\u2705 <strong data-sourcepos=\"60:3-60:27\">Stock UE = pas de retard<\/strong> \u2013 \u00c9vitez les taxes d\u2019importation et les tracas d\u2019exp\u00e9dition<br \/>\n\u2705 <strong data-sourcepos=\"61:3-61:17\">25 saveurs<\/strong> attirer des acheteurs diversifi\u00e9s (amateurs de fruits, de glaces, de desserts)<\/p>\n<p data-sourcepos=\"63:1-64:91\">\u2753 <strong data-sourcepos=\"63:3-63:40\">Comment la technologie VAMT am\u00e9liore-t-elle les ventes ?<br \/>\n<\/strong> \u2705 <strong data-sourcepos=\"64:3-64:42\">Serpentins double maille + chauffage optimis\u00e9<\/strong> = <strong data-sourcepos=\"64:45-64:74\">30% plus de r\u00e9tention de saveur<\/strong> contre les concurrents<\/p>\n<p data-sourcepos=\"66:1-67:73\">\u2753 <strong data-sourcepos=\"66:3-66:36\">L'\u00e9cran incurv\u00e9 est-il utile ?<br \/>\n<\/strong> \u2705 Les clients adorent le <strong data-sourcepos=\"67:22-67:38\">aspect haut de gamme<\/strong> et <strong data-sourcepos=\"67:43-67:71\">suivi de l'utilisation en temps r\u00e9el<\/strong><\/p>\n<p data-sourcepos=\"69:1-70:80\">\u2753 <strong data-sourcepos=\"69:3-69:34\">Quelles saveurs se vendent le plus rapidement ?<br \/>\n<\/strong> \u2705 <strong data-sourcepos=\"70:3-70:20\">Top 3 des vendeurs<\/strong>: <strong data-sourcepos=\"70:22-70:39\">Glace Razz bleue<\/strong>, <strong data-sourcepos=\"70:41-70:66\">Past\u00e8que Fraise<\/strong>, <strong data-sourcepos=\"70:68-70:78\">Vzbull<\/strong><\/p>\n<p>&nbsp;<\/p>\n<h3 id=\"brxe-najhln\" class=\"brxe-heading\">Foire aux questions (FAQ)<\/h3>\n<div id=\"brxe-rajiac\" class=\"brxe-text\">\n<p><strong>Q : Quels modes de paiement acceptez-vous ?<\/strong><br \/>\nR\u00a0: Nous acceptons PayPal, Stripe, les virements bancaires (pris en charge par SEPA), les principales cartes de cr\u00e9dit (Visa, MasterCard, American Express) et les paiements en crypto-monnaie.<\/p>\n<p><strong>Q : Combien de temps prend la pr\u00e9paration d\u2019une commande ?<\/strong><br \/>\nR : La pr\u00e9paration de la commande prend 1 \u00e0 3 jours ouvrables.<\/p>\n<p><strong>Q : Quel est le d\u00e9lai de livraison ?<\/strong><br \/>\nR : Le d\u00e9lai de livraison est de 7 \u00e0 14 jours ouvrables, selon votre emplacement.<\/p>\n<p><strong>Q : Comment puis-je suivre ma commande ?<\/strong><br \/>\nR : Apr\u00e8s l'exp\u00e9dition, vous recevrez un e-mail de confirmation avec un num\u00e9ro de suivi pour un suivi en temps r\u00e9el.<\/p>\n<p><strong>Q : Quelle est votre politique de retour ?<\/strong><br \/>\nR : Nous proposons une politique de retour de 30 jours pour les remboursements ou les \u00e9changes. .<\/p>\n<p><strong>Q : Y aura-t-il des probl\u00e8mes douaniers ?<br \/>\n<\/strong>Nous prenons en charge toutes les proc\u00e9dures de d\u00e9douanement pour vous garantir une exp\u00e9rience sans tracas. .<\/p>\n<p><strong>Q : Quelles m\u00e9thodes d\u2019exp\u00e9dition sont utilis\u00e9es ?<\/strong><br \/>\nNous coop\u00e9rons avec UPS\/DHL\/FEDEX\/DPD, etc. Nous choisirons l'option d'exp\u00e9dition appropri\u00e9e en fonction du pays de livraison pour garantir que vous recevez vos produits le plus rapidement possible.<\/p>\n<p><a href=\"https:\/\/pgvape.com\/fr\/faq\/\">Cliquez ici pour plus de FAQ<\/a><\/p>\n<p>Chers clients, Si vous avez des questions concernant votre commande ou l'arriv\u00e9e des marchandises, n'h\u00e9sitez pas \u00e0 contacter notre service client. Merci !<\/p>\n<h3 data-sourcepos=\"73:1-73:21\"><strong data-sourcepos=\"73:7-73:21\">Contactez-nous<\/strong><\/h3>\n<div id=\"text-2419739398\" class=\"text\">\n<p><strong data-sourcepos=\"75:3-75:12\">E-mail<\/strong>:\u00a0<a href=\"mailto:support@pgvape.com\"><strong>support@pgvape.com<\/strong><\/a><\/p>\n<p><strong data-sourcepos=\"76:3-76:15\">WhatsApp<\/strong>:\u00a0<a href=\"https:\/\/wa.me\/+8618128481258\"><strong>+86 18128481258<\/strong><\/a><br \/>\n<strong>(R\u00e9ponse sous 24h les jours ouvr\u00e9s)<\/strong><\/p>\n<\/div>\n<h3><strong>Merci d'avoir choisi pgvape.com ! .<\/strong><\/h3>\n<\/div>","protected":false},"excerpt":{"rendered":"<p data-sourcepos=\"75:1-75:221\"><strong data-sourcepos=\"75:5-75:23\">Vozol \u00c9toile 40K<\/strong> est un <strong data-sourcepos=\"75:29-75:53\">Vente en gros centrale \u00e9lectrique<\/strong>, combinant <strong data-sourcepos=\"75:65-75:78\">40 000 bouff\u00e9es<\/strong>, <strong data-sourcepos=\"75:80-75:105\">technologie de saveur \u00e0 double maille<\/strong>, et <strong data-sourcepos=\"75:111-75:134\">25 vari\u00e9t\u00e9s de saveurs<\/strong> dans un jetable \u00e9l\u00e9gant et rechargeable. <strong data-sourcepos=\"75:172-75:219\">Stock UE = livraison rapide et d\u00e9taillants satisfaits\u00a0!<\/strong><\/p>","protected":false},"featured_media":5107,"comment_status":"open","ping_status":"closed","template":"","meta":{"_seopress_robots_primary_cat":"none","_seopress_titles_title":"%%post_title%% %%sep%% %%sitetitle%%","_seopress_titles_desc":"","_seopress_robots_index":""},"product_brand":[516,411],"product_cat":[103,515,410],"product_tag":[413,416,90,415,203,204,414],"class_list":{"0":"post-5086","1":"product","2":"type-product","3":"status-publish","4":"has-post-thumbnail","6":"product_brand-disposable-vape","7":"product_brand-vozol-vape","8":"product_cat-40k-puffs-vape","9":"product_cat-disposable-vape","10":"product_cat-vozol-vape","11":"product_tag-40k-puffs-vape","12":"product_tag-curved-led-screen","13":"product_tag-disposable-vape","14":"product_tag-dual-mode","15":"product_tag-shipment-from-eu","16":"product_tag-vape-factory-direct","17":"product_tag-vozol-star-40000","19":"first","20":"instock","21":"sale","22":"shipping-taxable","23":"purchasable","24":"product-type-variable"},"_links":{"self":[{"href":"https:\/\/pgvape.com\/fr\/wp-json\/wp\/v2\/product\/5086","targetHints":{"allow":["GET"]}}],"collection":[{"href":"https:\/\/pgvape.com\/fr\/wp-json\/wp\/v2\/product"}],"about":[{"href":"https:\/\/pgvape.com\/fr\/wp-json\/wp\/v2\/types\/product"}],"replies":[{"embeddable":true,"href":"https:\/\/pgvape.com\/fr\/wp-json\/wp\/v2\/comments?post=5086"}],"wp:featuredmedia":[{"embeddable":true,"href":"https:\/\/pgvape.com\/fr\/wp-json\/wp\/v2\/media\/5107"}],"wp:attachment":[{"href":"https:\/\/pgvape.com\/fr\/wp-json\/wp\/v2\/media?parent=5086"}],"wp:term":[{"taxonomy":"product_brand","embeddable":true,"href":"https:\/\/pgvape.com\/fr\/wp-json\/wp\/v2\/product_brand?post=5086"},{"taxonomy":"product_cat","embeddable":true,"href":"https:\/\/pgvape.com\/fr\/wp-json\/wp\/v2\/product_cat?post=5086"},{"taxonomy":"product_tag","embeddable":true,"href":"https:\/\/pgvape.com\/fr\/wp-json\/wp\/v2\/product_tag?post=5086"}],"curies":[{"name":"wp","href":"https:\/\/api.w.org\/{rel}","templated":true}]}}