{"id":483,"date":"2025-07-16T09:48:06","date_gmt":"2025-07-16T09:48:06","guid":{"rendered":"https:\/\/pgvape.com\/?post_type=product&#038;p=483"},"modified":"2025-12-15T13:41:12","modified_gmt":"2025-12-15T13:41:12","slug":"bang-blaze-60000-60k-bouffees-4-en-1-saveurs-vape-jetable-avec-ecran-numerique-vape-usine-en-gros","status":"publish","type":"product","link":"https:\/\/pgvape.com\/fr\/produit\/bang-blaze-60000-60k-bouffees-4-en-1-saveurs-vape-jetable-avec-ecran-numerique-vape-usine-en-gros\/","title":{"rendered":"Bang Blaze 60000 | 60k Puffs 4 en 1 Saveurs Vape jetable avec \u00e9cran num\u00e9rique | Vape Factory Wholesale"},"content":{"rendered":"<p><strong>Vape jetable Bang Blaze 60000<\/strong> Pen red\u00e9finit la polyvalence avec son <strong>Saveur 4 en 1<\/strong> mode, vous permettant de basculer sans effort entre quatre saveurs uniques. <strong>E-liquide pr\u00e9rempli 60 ml<\/strong> capacit\u00e9, il d\u00e9livre jusqu'\u00e0 <strong>60 000 bouff\u00e9es<\/strong> pour un plaisir prolong\u00e9 sans recharges fr\u00e9quentes. <strong>Bobine de maille de 1,0 \u03a9<\/strong> fournit une vapeur douce et riche et une saveur pr\u00e9cise.<strong>0%, 2%, 3%, 5%<\/strong>) s\u2019adressent aussi bien aux vapoteurs d\u00e9butants qu\u2019aux confirm\u00e9s. <strong>650 mAh rechargeable<\/strong> batterie avec rapide <strong>Type-C<\/strong> En charge et dot\u00e9 d'un \u00e9cran num\u00e9rique intelligent pour la surveillance en temps r\u00e9el de la batterie et des liquides, cet appareil \u00e9l\u00e9gant offre une exp\u00e9rience de vapotage personnalisable et haut de gamme avec 12 combinaisons de saveurs passionnantes.<\/p>\n<p>&nbsp;<\/p>\n<h2><span style=\"font-size: 90%;\">Bang Blaze 60000 | 60k Puffs 4 en 1 Saveurs Vape jetable Sp\u00e9cifications du produit\u00a0:<\/span><\/h2>\n<p><strong>Capacit\u00e9 de bouff\u00e9e\u00a0:<\/strong>\u00a0Jusqu'\u00e0 60 000 bouff\u00e9es<\/p>\n<p><strong>Capacit\u00e9 e-liquide\u00a0:<\/strong>\u00a0R\u00e9servoir pr\u00e9rempli de 60 ml<\/p>\n<p><strong>Type de bobine\u00a0:<\/strong>\u00a0Bobine de maille de 1,0 \u03a9<\/p>\n<p><strong>Batterie:<\/strong>\u00a0Batterie rechargeable de 650 mAh<\/p>\n<p><strong>Port de chargement\u00a0:<\/strong>\u00a0Chargement rapide de type C<\/p>\n<p><strong>Points forts de la nicotine\u00a0:<\/strong>\u00a00%, 2%, 3%, 5%<\/p>\n<p><strong>Afficher:<\/strong>\u00a0\u00c9cran num\u00e9rique intelligent pour la batterie et le niveau d'e-liquide<\/p>\n<p><strong>Syst\u00e8me de saveur\u00a0:<\/strong>\u00a0Mode saveur 4 en 1 (basculez entre quatre saveurs)<\/p>\n<p><strong>Dimensions:<\/strong>\u00a0Conception compacte et portable<\/p>\n<p><strong>Options de saveur\u00a0:<\/strong>\u00a012 combinaisons de saveurs haut de gamme<\/p>\n<p>&nbsp;<\/p>\n<h3><span style=\"font-size: 90%;\">Bang Blaze 60000 | 60k Puffs 4 en 1 Saveurs Liste des saveurs de vape jetables\u00a0:<\/span><\/h3>\n<p>1. Glace \u00e0 la past\u00e8que et \u00e0 la menthe aux bleuets et romance \u00e0 la glace et au citron vert Fuji<\/p>\n<p>2. Glace \u00e0 la past\u00e8que et cerise aux myrtilles et heure d'\u00e9t\u00e9 et ananas \u00e0 la mangue aigre<\/p>\n<p>3. Glace aux bleuets et glace \u00e0 la p\u00eache et bonbons arc-en-ciel et citron aigre-orange<\/p>\n<p>4. Glace aux bleuets et p\u00eache, mangue, past\u00e8que, baiser de la passion et pomme melon<\/p>\n<p>5. Myrtille Framboise &amp; Baies Mixtes &amp; Cerise de Californie &amp; Fruit de la Passion Mangue<\/p>\n<p>6. Glace aux bleuets, framboises et raisins et glace aux baies et alo\u00e8s mangue melon<\/p>\n<p>7. Boisson \u00e9nergisante &amp; Fraise Banane &amp; Mangue P\u00eache Abricot &amp; Fruit de la Passion Kiwi Lime<\/p>\n<p>8. Boisson \u00e9nergisante et myrtille, past\u00e8que, pomme aigre, framboise et ours gommeux<\/p>\n<p>9. Bubble Gum Fraise Mangue &amp; Past\u00e8que &amp; Mojito Rouge &amp; Love66<\/p>\n<p>10.Fraise Mangue &amp; Fraise Kiwi &amp; Pomme Raisin &amp; Past\u00e8que Fruit du Dragon<\/p>\n<p>11. Past\u00e8que aux fraises et glace noire et treize melon et raisin aux canneberges<\/p>\n<p>12.Fraise Past\u00e8que &amp; Kiwi Fruit de la Passion Goyave &amp; Mangue Glace &amp; Past\u00e8que Aigre-P\u00eache<\/p>\n<p><img loading=\"lazy\" decoding=\"async\" class=\"alignnone wp-image-502 size-full\" src=\"https:\/\/pgvape.com\/wp-content\/uploads\/2025\/07\/Bang-Blaze-60000-60k-Puffs-4-in-1-Flavors-Disposable-Vape-With-Digital-Screen-Vape-Factory-Wholesale-14.png\" alt=\"\" width=\"2000\" height=\"1000\" srcset=\"https:\/\/pgvape.com\/wp-content\/uploads\/2025\/07\/Bang-Blaze-60000-60k-Puffs-4-in-1-Flavors-Disposable-Vape-With-Digital-Screen-Vape-Factory-Wholesale-14.png 2000w, https:\/\/pgvape.com\/wp-content\/uploads\/2025\/07\/Bang-Blaze-60000-60k-Puffs-4-in-1-Flavors-Disposable-Vape-With-Digital-Screen-Vape-Factory-Wholesale-14-555x278.png 555w, https:\/\/pgvape.com\/wp-content\/uploads\/2025\/07\/Bang-Blaze-60000-60k-Puffs-4-in-1-Flavors-Disposable-Vape-With-Digital-Screen-Vape-Factory-Wholesale-14-595x298.png 595w, https:\/\/pgvape.com\/wp-content\/uploads\/2025\/07\/Bang-Blaze-60000-60k-Puffs-4-in-1-Flavors-Disposable-Vape-With-Digital-Screen-Vape-Factory-Wholesale-14-400x200.png 400w, https:\/\/pgvape.com\/wp-content\/uploads\/2025\/07\/Bang-Blaze-60000-60k-Puffs-4-in-1-Flavors-Disposable-Vape-With-Digital-Screen-Vape-Factory-Wholesale-14-768x384.png 768w, https:\/\/pgvape.com\/wp-content\/uploads\/2025\/07\/Bang-Blaze-60000-60k-Puffs-4-in-1-Flavors-Disposable-Vape-With-Digital-Screen-Vape-Factory-Wholesale-14-1536x768.png 1536w, https:\/\/pgvape.com\/wp-content\/uploads\/2025\/07\/Bang-Blaze-60000-60k-Puffs-4-in-1-Flavors-Disposable-Vape-With-Digital-Screen-Vape-Factory-Wholesale-14-18x9.png 18w, https:\/\/pgvape.com\/wp-content\/uploads\/2025\/07\/Bang-Blaze-60000-60k-Puffs-4-in-1-Flavors-Disposable-Vape-With-Digital-Screen-Vape-Factory-Wholesale-14-600x300.png 600w, https:\/\/pgvape.com\/wp-content\/uploads\/2025\/07\/Bang-Blaze-60000-60k-Puffs-4-in-1-Flavors-Disposable-Vape-With-Digital-Screen-Vape-Factory-Wholesale-14-60x30.png 60w\" sizes=\"auto, (max-width: 2000px) 100vw, 2000px\" \/><\/p>\n<p>&nbsp;<\/p>\n<h3><span style=\"font-size: 90%;\">Bang Blaze 60000 | 60k Puffs 4 en 1 Saveurs Vape jetable <strong>Vid\u00e9o:<br \/>\n<iframe loading=\"lazy\" title=\"Bang Blaze 60k Puffs 4 en 1 Saveurs Vape jetable avec \u00e9cran num\u00e9rique Vape Factory Direct pgvape\" width=\"1020\" height=\"574\" src=\"https:\/\/www.youtube.com\/embed\/BCQx90cI-OI?feature=oembed\" frameborder=\"0\" allow=\"accelerometer; autoplay; clipboard-write; encrypted-media; gyroscope; picture-in-picture; web-share\" referrerpolicy=\"strict-origin-when-cross-origin\" allowfullscreen><\/iframe><br \/>\n<\/strong><\/span><\/h3>\n<p>&nbsp;<\/p>\n<h2><span style=\"font-size: 90%;\">FAQ sur Bang Blaze 60000 | 60\u00a0000 bouff\u00e9es, saveurs 4 en 1, vape jetable<\/span><\/h2>\n<p dir=\"auto\"><strong>Q1\u00a0: Combien de bouff\u00e9es puis-je obtenir avec le Bang Blaze 60000\u00a0?<\/strong><br \/>\nA1\u00a0:\u00a0Jusqu\u2019\u00e0 60\u00a0000 bouff\u00e9es par appareil.<\/p>\n<p dir=\"auto\"><strong>Q2\u00a0: Qu'est-ce que le mode saveur 4 en 1\u00a0?<\/strong><br \/>\nA2 : Il vous permet de basculer entre quatre saveurs int\u00e9gr\u00e9es distinctes pour une exp\u00e9rience de vapotage vari\u00e9e.<\/p>\n<p dir=\"auto\"><strong>Q3\u00a0: Quels sont les dosages de nicotine disponibles\u00a0?<\/strong><br \/>\nA3\u00a0:\u00a0L'appareil est disponible en options de nicotine 0%, 2%, 3% et 5%.<\/p>\n<p dir=\"auto\"><strong>Q4\u00a0:\u00a0Quelle bobine l\u2019appareil utilise-t-il\u00a0?<\/strong><br \/>\nA4 : Une bobine de maille de 1,0 \u03a9 qui produit une vapeur douce et une saveur riche.<\/p>\n<p dir=\"auto\"><strong>Q5 : Quelle est la capacit\u00e9 du e-liquide ?<\/strong><br \/>\nA5 : Le r\u00e9servoir pr\u00e9rempli contient 60 ml d\u2019e-liquide, r\u00e9duisant ainsi la fr\u00e9quence de remplissage.<\/p>\n<p dir=\"auto\"><strong>Q6 : La batterie est-elle rechargeable ?<\/strong><br \/>\nA6 : Oui, il dispose d\u2019une batterie rechargeable de 650 mAh avec une charge rapide de type C.<\/p>\n<p dir=\"auto\"><strong>Q7\u00a0: Comment puis-je surveiller les niveaux de batterie et d\u2019e-liquide\u00a0?<\/strong><br \/>\nA7 : L'\u00e9cran num\u00e9rique intelligent affiche les niveaux de batterie et de liquide en temps r\u00e9el.<\/p>\n<p dir=\"auto\"><strong>Q8 : L'appareil est-il portable ?<\/strong><br \/>\nA8 : Oui, il a un design compact et ergonomique, id\u00e9al pour vapoter en d\u00e9placement.<\/p>\n<p>&nbsp;<\/p>\n<h3 id=\"brxe-najhln\" class=\"brxe-heading\">Foire aux questions (FAQ)<\/h3>\n<div id=\"brxe-rajiac\" class=\"brxe-text\">\n<p><strong>Q : Quels modes de paiement acceptez-vous ?<\/strong><br \/>\nR\u00a0: Nous acceptons PayPal, Stripe, les virements bancaires (pris en charge par SEPA), les principales cartes de cr\u00e9dit (Visa, MasterCard, American Express) et les paiements en crypto-monnaie.<\/p>\n<p><strong>Q : Combien de temps prend la pr\u00e9paration d\u2019une commande ?<\/strong><br \/>\nR : La pr\u00e9paration de la commande prend 1 \u00e0 3 jours ouvrables.<\/p>\n<p><strong>Q : Quel est le d\u00e9lai de livraison ?<\/strong><br \/>\nR : Le d\u00e9lai de livraison est de 7 \u00e0 14 jours ouvrables, selon votre emplacement.<\/p>\n<p><strong>Q : Comment puis-je suivre ma commande ?<\/strong><br \/>\nR : Apr\u00e8s l'exp\u00e9dition, vous recevrez un e-mail de confirmation avec un num\u00e9ro de suivi pour un suivi en temps r\u00e9el.<\/p>\n<p><strong>Q : Quelle est votre politique de retour ?<\/strong><br \/>\nR : Nous proposons une politique de retour de 30 jours pour les remboursements ou les \u00e9changes. .<\/p>\n<p><strong>Q : Y aura-t-il des probl\u00e8mes douaniers ?<br \/>\n<\/strong>Nous prenons en charge toutes les proc\u00e9dures de d\u00e9douanement pour vous garantir une exp\u00e9rience sans tracas. .<\/p>\n<p><strong>Q : Quelles m\u00e9thodes d\u2019exp\u00e9dition sont utilis\u00e9es ?<\/strong><br \/>\nNous coop\u00e9rons avec UPS\/DHL\/FEDEX\/DPD, etc. Nous choisirons l'option d'exp\u00e9dition appropri\u00e9e en fonction du pays de livraison pour garantir que vous recevez vos produits le plus rapidement possible.<\/p>\n<p><a href=\"https:\/\/pgvape.com\/fr\/faq\/\"><span style=\"font-size: 100%;\">Cliquez ici pour plus de FAQ<\/span><\/a><\/p>\n<p>Chers clients, Si vous avez des questions concernant votre commande ou l'arriv\u00e9e des marchandises, n'h\u00e9sitez pas \u00e0 contacter notre service client. Merci !<\/p>\n<h3 data-sourcepos=\"73:1-73:21\"><span style=\"font-size: 90%;\"><strong data-sourcepos=\"73:7-73:21\">Contactez-nous<\/strong><\/span><\/h3>\n<div id=\"text-2419739398\" class=\"text\">\n<p><strong data-sourcepos=\"75:3-75:12\">E-mail<\/strong>:\u00a0<a href=\"mailto:support@pgvape.com\"><strong>support@pgvape.com<\/strong><\/a><\/p>\n<p><strong data-sourcepos=\"76:3-76:15\">WhatsApp<\/strong>: <a href=\"https:\/\/wa.me\/+8618128481258\"><strong>+86 18128481258<\/strong><\/a><br \/>\n<strong>(R\u00e9ponse sous 24h les jours ouvr\u00e9s)<\/strong><\/p>\n<\/div>\n<h3><strong><span style=\"font-size: 80%;\">Merci d'avoir choisi pgvape.com ! .<\/span><\/strong><\/h3>\n<\/div>","protected":false},"excerpt":{"rendered":"<p><strong>Vape jetable Bang Blaze 60000<\/strong> Pen offre jusqu'\u00e0 <strong>60 000 bouff\u00e9es<\/strong> et <strong>Saveur 4 en 1<\/strong> polyvalence avec un <strong>60 ml<\/strong> r\u00e9servoir pr\u00e9rempli et un <strong>Bobine de maille de 1,0 \u03a9<\/strong>. <strong>650 mAh rechargeable<\/strong> batterie, <strong>Type-C<\/strong> et un \u00e9cran num\u00e9rique intelligent, il offre une exp\u00e9rience de vapotage fluide et personnalisable avec 12 combinaisons de saveurs haut de gamme et des options de nicotine allant de 0% \u00e0 5%.<\/p>","protected":false},"featured_media":488,"comment_status":"open","ping_status":"closed","template":"","meta":{"_seopress_robots_primary_cat":"none","_seopress_titles_title":"","_seopress_titles_desc":"","_seopress_robots_index":""},"product_brand":[49,516],"product_cat":[48,33,515],"product_tag":[53,51,52,50],"class_list":{"0":"post-483","1":"product","2":"type-product","3":"status-publish","4":"has-post-thumbnail","6":"product_brand-bang-blaze-vape","7":"product_brand-disposable-vape","8":"product_cat-60k-puffs-vape","9":"product_cat-bang-blaze-vape","10":"product_cat-disposable-vape","11":"product_tag-4-in-1-flavors","12":"product_tag-60k-puffs","13":"product_tag-60k-vape","14":"product_tag-bang-blaze-60000","16":"first","17":"instock","18":"sale","19":"shipping-taxable","20":"purchasable","21":"product-type-variable"},"_links":{"self":[{"href":"https:\/\/pgvape.com\/fr\/wp-json\/wp\/v2\/product\/483","targetHints":{"allow":["GET"]}}],"collection":[{"href":"https:\/\/pgvape.com\/fr\/wp-json\/wp\/v2\/product"}],"about":[{"href":"https:\/\/pgvape.com\/fr\/wp-json\/wp\/v2\/types\/product"}],"replies":[{"embeddable":true,"href":"https:\/\/pgvape.com\/fr\/wp-json\/wp\/v2\/comments?post=483"}],"wp:featuredmedia":[{"embeddable":true,"href":"https:\/\/pgvape.com\/fr\/wp-json\/wp\/v2\/media\/488"}],"wp:attachment":[{"href":"https:\/\/pgvape.com\/fr\/wp-json\/wp\/v2\/media?parent=483"}],"wp:term":[{"taxonomy":"product_brand","embeddable":true,"href":"https:\/\/pgvape.com\/fr\/wp-json\/wp\/v2\/product_brand?post=483"},{"taxonomy":"product_cat","embeddable":true,"href":"https:\/\/pgvape.com\/fr\/wp-json\/wp\/v2\/product_cat?post=483"},{"taxonomy":"product_tag","embeddable":true,"href":"https:\/\/pgvape.com\/fr\/wp-json\/wp\/v2\/product_tag?post=483"}],"curies":[{"name":"wp","href":"https:\/\/api.w.org\/{rel}","templated":true}]}}