{"id":4823,"date":"2025-10-30T12:57:08","date_gmt":"2025-10-30T12:57:08","guid":{"rendered":"https:\/\/pgvape.com\/?post_type=product&#038;p=4823"},"modified":"2025-12-15T12:20:47","modified_gmt":"2025-12-15T12:20:47","slug":"uzy-quatre-saveurs-100000-100k-bouffees-cristal-4-en-1-saveurs-vape-jetable-affichage-intelligent-vape-usine-directe","status":"publish","type":"product","link":"https:\/\/pgvape.com\/fr\/produit\/uzy-quatre-saveurs-100000-100k-bouffees-cristal-4-en-1-saveurs-vape-jetable-affichage-intelligent-vape-usine-directe\/","title":{"rendered":"UZY quatre saveurs 100000 100K bouff\u00e9es cristal 4 en 1 saveurs jetables Vape affichage intelligent Vape usine directe"},"content":{"rendered":"<p><strong data-sourcepos=\"4:5-4:60\">Vape jetable en cristal de bouff\u00e9es 100K de quatre saveurs d'UZY<\/strong> R\u00e9volutionne le vapotage avec <strong data-sourcepos=\"4:88-4:116\">100 000 bouff\u00e9es ultra longues<\/strong> Et <strong data-sourcepos=\"4:121-4:149\">Technologie de saveur 4 en 1<\/strong>. <strong data-sourcepos=\"4:161-4:193\">Quatre r\u00e9servoirs de 14 ml (60 ml au total)<\/strong>, il offre <strong data-sourcepos=\"4:205-4:234\">Options de nicotine 2%\/3%\/5%<\/strong> Et un <strong data-sourcepos=\"4:241-4:259\">Bobine \u00e0 quatre mailles<\/strong> Pour une intensit\u00e9 de saveur maximale. <strong data-sourcepos=\"4:294-4:325\">Batterie rechargeable 650 mAh.<\/strong> Avec <strong data-sourcepos=\"4:331-4:350\">Chargement de type C<\/strong> Et <strong data-sourcepos=\"4:355-4:370\">Affichage LED<\/strong> Garantit des performances ininterrompues partout <strong data-sourcepos=\"4:412-4:446\">10 combinaisons de saveurs haut de gamme<\/strong>.<img loading=\"lazy\" decoding=\"async\" class=\"alignnone wp-image-4829 size-full\" src=\"https:\/\/pgvape.com\/wp-content\/uploads\/2025\/10\/pgvape-UZY-Four-Flavors-100K-Puffs-Disposable-Vape-4.jpg\" alt=\"Rang\u00e9e d&#039;appareils de vapotage jetables 4-en-1 UZY Crystal color\u00e9s avec une illustration d&#039;astronaute sur fond bleu, devant le grand texte \u201c 10000 PUFFS \u201d et le nom de la marque, avec des ic\u00f4nes indiquant une bobine \u00e0 quatre mailles, 56 ml, 650 mAh, une saveur 4-en-1 et un port de type C.\" width=\"1800\" height=\"1001\" srcset=\"https:\/\/pgvape.com\/wp-content\/uploads\/2025\/10\/pgvape-UZY-Four-Flavors-100K-Puffs-Disposable-Vape-4.jpg 1800w, https:\/\/pgvape.com\/wp-content\/uploads\/2025\/10\/pgvape-UZY-Four-Flavors-100K-Puffs-Disposable-Vape-4-555x309.jpg 555w, https:\/\/pgvape.com\/wp-content\/uploads\/2025\/10\/pgvape-UZY-Four-Flavors-100K-Puffs-Disposable-Vape-4-595x331.jpg 595w, https:\/\/pgvape.com\/wp-content\/uploads\/2025\/10\/pgvape-UZY-Four-Flavors-100K-Puffs-Disposable-Vape-4-400x222.jpg 400w, https:\/\/pgvape.com\/wp-content\/uploads\/2025\/10\/pgvape-UZY-Four-Flavors-100K-Puffs-Disposable-Vape-4-768x427.jpg 768w, https:\/\/pgvape.com\/wp-content\/uploads\/2025\/10\/pgvape-UZY-Four-Flavors-100K-Puffs-Disposable-Vape-4-1536x854.jpg 1536w, https:\/\/pgvape.com\/wp-content\/uploads\/2025\/10\/pgvape-UZY-Four-Flavors-100K-Puffs-Disposable-Vape-4-18x10.jpg 18w, https:\/\/pgvape.com\/wp-content\/uploads\/2025\/10\/pgvape-UZY-Four-Flavors-100K-Puffs-Disposable-Vape-4-600x334.jpg 600w, https:\/\/pgvape.com\/wp-content\/uploads\/2025\/10\/pgvape-UZY-Four-Flavors-100K-Puffs-Disposable-Vape-4-60x33.jpg 60w\" sizes=\"auto, (max-width: 1800px) 100vw, 1800px\" \/><\/p>\n<p>&nbsp;<\/p>\n<h2><span style=\"font-size: 90%;\">UZY quatre saveurs 100000 | 100K bouff\u00e9es cristal 4 en 1 saveurs Vape jetable <strong data-sourcepos=\"10:5-10:31\">Caract\u00e9ristiques<\/strong><\/span><\/h2>\n<p><strong data-sourcepos=\"7:3-7:17\">Nombre de bouff\u00e9es<\/strong>:\u00a0<strong data-sourcepos=\"7:19-7:36\">100 000 bouff\u00e9es<\/strong><\/p>\n<p><strong data-sourcepos=\"8:3-8:15\">E-Liquide<\/strong>:\u00a0<strong data-sourcepos=\"8:17-8:48\">R\u00e9servoirs 14ML \u00d7 4 (60ML au total)<\/strong><\/p>\n<p><strong data-sourcepos=\"9:3-9:15\">Nicotine<\/strong>:\u00a0<strong data-sourcepos=\"9:17-9:33\">2% \/ 3% \/ 5%<\/strong><\/p>\n<p><strong data-sourcepos=\"10:3-10:14\">Batterie<\/strong>:\u00a0<strong data-sourcepos=\"10:16-10:39\">650MAH rechargeable<\/strong><\/p>\n<p><strong data-sourcepos=\"11:3-11:11\">Bobine<\/strong>:\u00a0<strong data-sourcepos=\"11:13-11:38\">Syst\u00e8me de bobines \u00e0 quatre mailles<\/strong><\/p>\n<p><strong data-sourcepos=\"12:3-12:15\">Chargement<\/strong>:\u00a0<strong data-sourcepos=\"12:17-12:39\">Charge rapide de type C<\/strong><\/p>\n<p><strong data-sourcepos=\"13:3-13:14\">Afficher<\/strong>:\u00a0<strong data-sourcepos=\"13:16-13:30\">\u00c9cran LED<\/strong><\/p>\n<p><strong data-sourcepos=\"14:3-14:19\">Modes de saveur<\/strong>:\u00a0<strong data-sourcepos=\"14:21-14:41\">Commutation 4 en 1<\/strong><\/p>\n<p><strong data-sourcepos=\"15:3-15:16\">Conditionnement<\/strong>:\u00a0<strong data-sourcepos=\"15:18-15:36\">10 appareils\/bo\u00eete<\/strong><\/p>\n<p>&nbsp;<\/p>\n<h3><span style=\"font-size: 90%;\">UZY quatre saveurs 100000 | 100K bouff\u00e9es cristal 4 en 1 saveurs Vape jetable <strong data-sourcepos=\"22:5-22:20\">Liste des saveurs<\/strong><\/span><\/h3>\n<p>1. Glace aux fraises, past\u00e8que et bleu Razz, myrtille, framboise, cerise et glace p\u00e9tillante \u00e0 la cerise<\/p>\n<p>2. Glace \u00e0 la p\u00eache, cerise aux myrtilles, boisson \u00e9nergisante et litchi \u00e0 la past\u00e8que<\/p>\n<p>3. Glace aux bleuets et banane aux fraises et deux pommes et quilles<\/p>\n<p>4.Glace Cerise &amp; Glace Raisin &amp; Fruit de la Passion Mangue &amp; Amour 66<\/p>\n<p>5. Glace aux bleuets &amp; mangue p\u00eache abricot &amp; kiwi fruit de la passion goyave &amp; p\u00eache blanche Razz<\/p>\n<p>6. P\u00eache Mangue Ananas &amp; Myrtille Framboise &amp; Citron Lime &amp; Past\u00e8que Bubblegum<\/p>\n<p>7.M\u00e9lange de baies et de fruits de la passion, kiwi, citron vert, canneberge, raisin et fraise, kiwi<\/p>\n<p>8. Glace aux fraises et ours gommeux et fruit du dragon \u00e0 la past\u00e8que et kiwi aux bleuets<\/p>\n<p>9. Past\u00e8que glac\u00e9e et cerise bleue Razz et past\u00e8que, p\u00eache aigre et kiwi aux fruits de la passion<\/p>\n<p>10.Fraise Mangue &amp; Mr Blue &amp; Glace \u00e0 la p\u00eache d'\u00e9t\u00e9 &amp; Glace noire<br \/>\n<img loading=\"lazy\" decoding=\"async\" class=\"alignnone wp-image-4830 size-full\" src=\"https:\/\/pgvape.com\/wp-content\/uploads\/2025\/10\/pgvape-UZY-Four-Flavors-100K-Puffs-Disposable-Vape-5.jpg\" alt=\"Affiche publicitaire avec le texte en gras &#039; CRYSTAL 4IN1 100000 PUFFS &#039; pr\u00e9sentant des rang\u00e9es d&#039;appareils de vape jetables UZY color\u00e9s, des emballages en bo\u00eete et plusieurs listes de saveurs sur un fond d\u00e9grad\u00e9 arc-en-ciel.\" width=\"1200\" height=\"1199\" srcset=\"https:\/\/pgvape.com\/wp-content\/uploads\/2025\/10\/pgvape-UZY-Four-Flavors-100K-Puffs-Disposable-Vape-5.jpg 1200w, https:\/\/pgvape.com\/wp-content\/uploads\/2025\/10\/pgvape-UZY-Four-Flavors-100K-Puffs-Disposable-Vape-5-360x360.jpg 360w, https:\/\/pgvape.com\/wp-content\/uploads\/2025\/10\/pgvape-UZY-Four-Flavors-100K-Puffs-Disposable-Vape-5-595x595.jpg 595w, https:\/\/pgvape.com\/wp-content\/uploads\/2025\/10\/pgvape-UZY-Four-Flavors-100K-Puffs-Disposable-Vape-5-400x400.jpg 400w, https:\/\/pgvape.com\/wp-content\/uploads\/2025\/10\/pgvape-UZY-Four-Flavors-100K-Puffs-Disposable-Vape-5-768x767.jpg 768w, https:\/\/pgvape.com\/wp-content\/uploads\/2025\/10\/pgvape-UZY-Four-Flavors-100K-Puffs-Disposable-Vape-5-12x12.jpg 12w, https:\/\/pgvape.com\/wp-content\/uploads\/2025\/10\/pgvape-UZY-Four-Flavors-100K-Puffs-Disposable-Vape-5-300x300.jpg 300w, https:\/\/pgvape.com\/wp-content\/uploads\/2025\/10\/pgvape-UZY-Four-Flavors-100K-Puffs-Disposable-Vape-5-600x600.jpg 600w, https:\/\/pgvape.com\/wp-content\/uploads\/2025\/10\/pgvape-UZY-Four-Flavors-100K-Puffs-Disposable-Vape-5-100x100.jpg 100w, https:\/\/pgvape.com\/wp-content\/uploads\/2025\/10\/pgvape-UZY-Four-Flavors-100K-Puffs-Disposable-Vape-5-40x40.jpg 40w\" sizes=\"auto, (max-width: 1200px) 100vw, 1200px\" \/><\/p>\n<p>&nbsp;<\/p>\n<h3><span style=\"font-size: 90%;\">UZY quatre saveurs 100000 | 100K bouff\u00e9es cristal 4 en 1 saveurs Vape jetable <strong>Vid\u00e9o<\/strong>\uff1a<\/span><\/h3>\n<p>&nbsp;<\/p>\n<h2>FAQ sur UZY Four Flavors 100000 | 100K Puffs Crystal 4 en 1 Saveurs Vape jetable<\/h2>\n<p data-sourcepos=\"25:1-26:85\">\u2753 <strong data-sourcepos=\"25:3-25:45\">Comment fonctionne le changement de saveur 4 en 1\u00a0?<\/strong><br \/>\n\u2705 Cycle instantan\u00e9 entre <strong data-sourcepos=\"26:27-26:54\">Quatre saveurs pr\u00e9charg\u00e9es<\/strong> Avec des commandes de boutons simples.<\/p>\n<p data-sourcepos=\"28:1-29:80\">\u2753 <strong data-sourcepos=\"28:3-28:38\">Qu'est-ce qui rend 100 000 bouff\u00e9es possibles ?<\/strong><br \/>\n\u2705 <strong data-sourcepos=\"29:3-29:38\">Capacit\u00e9 combin\u00e9e d'e-liquide de 60 ml<\/strong> + <strong data-sourcepos=\"29:41-29:77\">Syst\u00e8me \u00e0 quatre bobines \u00e0 haute efficacit\u00e9<\/strong>.<\/p>\n<p data-sourcepos=\"31:1-32:81\">\u2753 <strong data-sourcepos=\"31:3-31:38\">La production de vapeur est-elle impressionnante\u00a0?<\/strong><br \/>\n\u2705 <strong data-sourcepos=\"32:3-32:22\">Quatre bobines de maille<\/strong> Livrer <strong data-sourcepos=\"32:31-32:52\">50% Nuages \u200b\u200bplus denses<\/strong> Que les produits jetables standards.<\/p>\n<p data-sourcepos=\"34:1-35:66\">\u2753 <strong data-sourcepos=\"34:3-34:34\">Dans quelle mesure la recharge est-elle pratique\u00a0?<\/strong><br \/>\n\u2705 <strong data-sourcepos=\"35:3-35:18\">Port de type C<\/strong> Fournit une charge compl\u00e8te sous <strong data-sourcepos=\"35:49-35:63\">45 minutes<\/strong>.<\/p>\n<p data-sourcepos=\"37:1-38:73\">\u2753 <strong data-sourcepos=\"37:3-37:29\">Pour qui est-ce id\u00e9al ?<\/strong><br \/>\n\u2705 Les vapoteurs veulent <strong data-sourcepos=\"38:18-38:37\">Vari\u00e9t\u00e9 maximale<\/strong> + <strong data-sourcepos=\"38:40-38:56\">Utilisation prolong\u00e9e<\/strong> Dans un seul appareil.<\/p>\n<p>&nbsp;<\/p>\n<h3 id=\"brxe-najhln\" class=\"brxe-heading\">Foire aux questions (FAQ)<\/h3>\n<div id=\"brxe-rajiac\" class=\"brxe-text\">\n<p><strong>Q : Quels modes de paiement acceptez-vous ?<\/strong><br \/>\nR\u00a0: Nous acceptons PayPal, Stripe, les virements bancaires (pris en charge par SEPA), les principales cartes de cr\u00e9dit (Visa, MasterCard, American Express) et les paiements en crypto-monnaie.<\/p>\n<p><strong>Q : Combien de temps prend la pr\u00e9paration d\u2019une commande ?<\/strong><br \/>\nR : La pr\u00e9paration de la commande prend 1 \u00e0 3 jours ouvrables.<\/p>\n<p><strong>Q : Quel est le d\u00e9lai de livraison ?<\/strong><br \/>\nR : Le d\u00e9lai de livraison est de 7 \u00e0 14 jours ouvrables, selon votre emplacement.<\/p>\n<p><strong>Q : Comment puis-je suivre ma commande ?<\/strong><br \/>\nR : Apr\u00e8s l'exp\u00e9dition, vous recevrez un e-mail de confirmation avec un num\u00e9ro de suivi pour un suivi en temps r\u00e9el.<\/p>\n<p><strong>Q : Quelle est votre politique de retour ?<\/strong><br \/>\nR : Nous proposons une politique de retour de 30 jours pour les remboursements ou les \u00e9changes. .<\/p>\n<p><strong>Q : Y aura-t-il des probl\u00e8mes douaniers ?<br \/>\n<\/strong>Nous prenons en charge toutes les proc\u00e9dures de d\u00e9douanement pour vous garantir une exp\u00e9rience sans tracas. .<\/p>\n<p><strong>Q : Quelles m\u00e9thodes d\u2019exp\u00e9dition sont utilis\u00e9es ?<\/strong><br \/>\nNous coop\u00e9rons avec UPS\/DHL\/FEDEX\/DPD, etc. Nous choisirons l'option d'exp\u00e9dition appropri\u00e9e en fonction du pays de livraison pour garantir que vous recevez vos produits le plus rapidement possible.<\/p>\n<p><a href=\"https:\/\/pgvape.com\/fr\/faq\/\">Cliquez ici pour plus de FAQ<\/a><\/p>\n<p>Chers clients, Si vous avez des questions concernant votre commande ou l'arriv\u00e9e des marchandises, n'h\u00e9sitez pas \u00e0 contacter notre service client. Merci !<\/p>\n<h3 data-sourcepos=\"73:1-73:21\"><strong data-sourcepos=\"73:7-73:21\">Contactez-nous<\/strong><\/h3>\n<div id=\"text-2419739398\" class=\"text\">\n<p><strong data-sourcepos=\"75:3-75:12\">E-mail<\/strong>:\u00a0<a href=\"mailto:support@pgvape.com\"><strong>support@pgvape.com<\/strong><\/a><\/p>\n<p><strong data-sourcepos=\"76:3-76:15\">WhatsApp<\/strong>:\u00a0<a href=\"https:\/\/wa.me\/+8618128481258\"><strong>+86 18128481258<\/strong><\/a><br \/>\n<strong>(R\u00e9ponse sous 24h les jours ouvr\u00e9s)<\/strong><\/p>\n<\/div>\n<h3><strong>Merci d'avoir choisi pgvape.com ! .<\/strong><\/h3>\n<\/div>","protected":false},"excerpt":{"rendered":"<p><strong data-sourcepos=\"41:5-41:36\">UZY Quatre Saveurs 100K Puffs<\/strong> \u00c9tablit la nouvelle norme avec <strong data-sourcepos=\"41:64-41:92\">Nombre de bouff\u00e9es sans pr\u00e9c\u00e9dent<\/strong>, <strong data-sourcepos=\"41:94-41:121\">Flexibilit\u00e9 des quatre saveurs<\/strong>, Et <strong data-sourcepos=\"41:127-41:160\">Technologie avanc\u00e9e \u00e0 quatre bobines<\/strong> Pour l'exp\u00e9rience ultime de vape jetable.<\/p>","protected":false},"featured_media":4827,"comment_status":"open","ping_status":"closed","template":"","meta":{"_seopress_robots_primary_cat":"none","_seopress_titles_title":"%%post_title%% %%sep%% %%sitetitle%%","_seopress_titles_desc":"","_seopress_robots_index":""},"product_brand":[516,138],"product_cat":[170,515,27],"product_tag":[395,396,90,397,394,204],"class_list":{"0":"post-4823","1":"product","2":"type-product","3":"status-publish","4":"has-post-thumbnail","6":"product_brand-disposable-vape","7":"product_brand-uzy-crystal-twin-vape","8":"product_cat-100k-puffs-vape","9":"product_cat-disposable-vape","10":"product_cat-uzy-vape","11":"product_tag-100k-puffs-vape","12":"product_tag-crystal-4-in-1-flavors","13":"product_tag-disposable-vape","14":"product_tag-smart-display","15":"product_tag-uzy-four-flavors-100000","16":"product_tag-vape-factory-direct","18":"first","19":"instock","20":"sale","21":"shipping-taxable","22":"purchasable","23":"product-type-variable"},"_links":{"self":[{"href":"https:\/\/pgvape.com\/fr\/wp-json\/wp\/v2\/product\/4823","targetHints":{"allow":["GET"]}}],"collection":[{"href":"https:\/\/pgvape.com\/fr\/wp-json\/wp\/v2\/product"}],"about":[{"href":"https:\/\/pgvape.com\/fr\/wp-json\/wp\/v2\/types\/product"}],"replies":[{"embeddable":true,"href":"https:\/\/pgvape.com\/fr\/wp-json\/wp\/v2\/comments?post=4823"}],"wp:featuredmedia":[{"embeddable":true,"href":"https:\/\/pgvape.com\/fr\/wp-json\/wp\/v2\/media\/4827"}],"wp:attachment":[{"href":"https:\/\/pgvape.com\/fr\/wp-json\/wp\/v2\/media?parent=4823"}],"wp:term":[{"taxonomy":"product_brand","embeddable":true,"href":"https:\/\/pgvape.com\/fr\/wp-json\/wp\/v2\/product_brand?post=4823"},{"taxonomy":"product_cat","embeddable":true,"href":"https:\/\/pgvape.com\/fr\/wp-json\/wp\/v2\/product_cat?post=4823"},{"taxonomy":"product_tag","embeddable":true,"href":"https:\/\/pgvape.com\/fr\/wp-json\/wp\/v2\/product_tag?post=4823"}],"curies":[{"name":"wp","href":"https:\/\/api.w.org\/{rel}","templated":true}]}}