{"id":4766,"date":"2025-10-30T10:40:44","date_gmt":"2025-10-30T10:40:44","guid":{"rendered":"https:\/\/pgvape.com\/?post_type=product&#038;p=4766"},"modified":"2026-01-27T15:40:11","modified_gmt":"2026-01-27T15:40:11","slug":"zooy-shisha-50000-50k-bouffees-vape-jetable-0-2-3-5-nicotine-10-gouts-debit-dair-reglable-affichage-led-intelligent-vape-direct-usine","status":"publish","type":"product","link":"https:\/\/pgvape.com\/fr\/produit\/zooy-shisha-50000-50k-bouffees-vape-jetable-0-2-3-5-nicotine-10-gouts-debit-dair-reglable-affichage-led-intelligent-vape-direct-usine\/","title":{"rendered":"Zooy Shisha 50000 | Vape jetable 50 000 bouff\u00e9es | 0% 2% 3% 5% Nicotine | 10 go\u00fbts | D\u00e9bit d'air r\u00e9glable | Affichage LED intelligent | Vape Factory Direct"},"content":{"rendered":"<p><strong data-sourcepos=\"4:5-4:48\">Zooy Shisha 50000 bouff\u00e9es Vape jetable<\/strong> red\u00e9finit l'endurance de vapotage avec un <strong data-sourcepos=\"4:84-4:117\">50 000 bouff\u00e9es, leader du secteur<\/strong> capacit\u00e9. <strong data-sourcepos=\"4:149-4:168\">Batterie 1400mAh<\/strong> et mettant en vedette un <strong data-sourcepos=\"4:185-4:209\">Bobine \u00e0 quatre mailles de 0,25 \u03a9<\/strong>, il livre <strong data-sourcepos=\"4:223-4:241\">saveur intense<\/strong> et <strong data-sourcepos=\"4:246-4:274\">production massive de cloud<\/strong>. <strong data-sourcepos=\"4:280-4:301\">affichage LED intelligent<\/strong> suit les niveaux de batterie et d'e-liquide, tandis que <strong data-sourcepos=\"4:344-4:368\">\u00c9clairage RVB 8 couleurs<\/strong> ajoute un style dynamique. <strong data-sourcepos=\"4:394-4:422\">40 ml de e-liquide pr\u00e9rempli<\/strong> et <strong data-sourcepos=\"4:427-4:451\">Chargement rapide de type C<\/strong>, c\u2019est le choix ultime pour les amateurs de vapotage DTL (directement vers les poumons).<\/p>\n<p>&nbsp;<\/p>\n<h2><span style=\"font-size: 90%;\">Zooy Shisha 50000 | Vape jetable 50K bouff\u00e9es <strong data-sourcepos=\"10:5-10:31\">Caract\u00e9ristiques<\/strong><\/span><\/h2>\n<p><strong data-sourcepos=\"7:3-7:30\">50 000 bouff\u00e9es ultra longues<\/strong>\u00a0\u2013 Long\u00e9vit\u00e9 de vape in\u00e9gal\u00e9e<\/p>\n<p><strong data-sourcepos=\"8:3-8:27\">Bobine \u00e0 quatre mailles de 0,25 \u03a9<\/strong>\u00a0\u2013 Pour une production maximale de saveur et de vapeur<\/p>\n<p><strong data-sourcepos=\"9:3-9:35\">Batterie rechargeable 1\u00a0400 mAh.<\/strong>\u00a0\u2013 Utilisation prolong\u00e9e entre les charges<\/p>\n<p><strong data-sourcepos=\"10:3-10:24\">Affichage LED intelligent<\/strong>\u00a0\u2013 Surveillance de la batterie et du jus en temps r\u00e9el<\/p>\n<p><strong data-sourcepos=\"11:3-11:25\">D\u00e9bit d'air r\u00e9glable<\/strong>\u00a0\u2013 Personnalisez votre r\u00e9sistance au tirage<\/p>\n<p><strong data-sourcepos=\"12:3-12:27\">\u00c9clairage RVB 8 couleurs<\/strong>\u00a0\u2013 Effets visuels dynamiques<\/p>\n<p><strong data-sourcepos=\"13:3-13:27\">Chargement rapide de type C<\/strong>\u00a0\u2013 Mises sous tension rapides<\/p>\n<p><strong data-sourcepos=\"14:3-14:29\">Capacit\u00e9 e-liquide de 40 ml<\/strong>\u00a0\u2013 Un plaisir longue dur\u00e9e<\/p>\n<p><strong data-sourcepos=\"15:3-15:27\">Conception optimis\u00e9e DTL<\/strong>\u00a0\u2013 Parfait pour la chasse aux nuages<\/p>\n<p>&nbsp;<\/p>\n<h3><span style=\"font-size: 90%;\">Zooy Shisha 50000 | Vape jetable 50K bouff\u00e9es <strong data-sourcepos=\"22:5-22:20\">Liste des saveurs<\/strong><\/span><\/h3>\n<p>1. Glace \u00e0 la past\u00e8que<\/p>\n<p>2. Glace aux bleuets<\/p>\n<p>3.Cerise Razz bleue<\/p>\n<p>4.Red Bull<\/p>\n<p>5. Baies m\u00e9lang\u00e9es<\/p>\n<p>6. Past\u00e8que \u00e0 la mangue et \u00e0 la p\u00eache<\/p>\n<p>7.Kiwi aux fraises<\/p>\n<p>8. Past\u00e8que aux fraises<\/p>\n<p>9.Cerise Fraise Framboise<\/p>\n<p>10. Raisin Fraise<\/p>\n<p>&nbsp;<\/p>\n<h3><span style=\"font-size: 90%;\">Zooy Shisha 50000 | Vape jetable 50K bouff\u00e9es <strong>Vid\u00e9o<\/strong>\uff1a<\/span><\/h3>\n<p>&nbsp;<\/p>\n<h2>FAQ sur la vape jetable Zooy Shisha 50000 | 50 000 bouff\u00e9es<\/h2>\n<p data-sourcepos=\"44:1-45:103\">\u2753 <strong data-sourcepos=\"44:3-44:40\">Comment obtient-on 50 000 bouff\u00e9es ?<\/strong><br \/>\n\u2705 La combinaison de <strong data-sourcepos=\"45:22-45:48\">Capacit\u00e9 de 40 ml d'e-liquide<\/strong> et <strong data-sourcepos=\"45:53-45:82\">bobine quadruple \u00e0 haut rendement<\/strong> maximise la long\u00e9vit\u00e9.<\/p>\n<p data-sourcepos=\"47:1-48:89\">\u2753 <strong data-sourcepos=\"47:3-47:36\">Est-ce bon pour chasser les nuages\u00a0?<\/strong><br \/>\n\u2705Le <strong data-sourcepos=\"48:7-48:31\">Bobine \u00e0 quatre mailles de 0,25 \u03a9<\/strong> et <strong data-sourcepos=\"48:36-48:58\">d\u00e9bit d'air r\u00e9glable<\/strong> cr\u00e9er <strong data-sourcepos=\"48:66-48:88\">nuages \u200b\u200bDTL massifs<\/strong>.<\/p>\n<p data-sourcepos=\"50:1-51:91\">\u2753 <strong data-sourcepos=\"50:3-50:38\">Combien de temps dure la batterie ?<\/strong><br \/>\n\u2705Le <strong data-sourcepos=\"51:7-51:26\">Batterie 1400mAh<\/strong> prend en charge les sessions prolong\u00e9es et se recharge rapidement via <strong data-sourcepos=\"51:80-51:90\">Type-C<\/strong>.<\/p>\n<p data-sourcepos=\"53:1-54:79\">\u2753 <strong data-sourcepos=\"53:3-53:30\">Puis-je surveiller ma consommation ?<\/strong><br \/>\n\u2705Le <strong data-sourcepos=\"54:7-54:24\">affichage intelligent<\/strong> affiche le pourcentage exact de batterie et le e-liquide restant.<\/p>\n<p data-sourcepos=\"56:1-57:90\">\u2753 <strong data-sourcepos=\"56:3-56:31\">Qu\u2019est-ce qui le distingue ?<br \/>\n<\/strong> \u2705 <strong data-sourcepos=\"57:3-57:19\">\u00c9clairage RVB<\/strong>, <strong data-sourcepos=\"57:21-57:46\">qualit\u00e9 de construction haut de gamme<\/strong>, et <strong data-sourcepos=\"57:52-57:76\">nombre de bouff\u00e9es in\u00e9gal\u00e9<\/strong> mettez-le \u00e0 part.<\/p>\n<p>&nbsp;<\/p>\n<h3 id=\"brxe-najhln\" class=\"brxe-heading\">Foire aux questions (FAQ)<\/h3>\n<div id=\"brxe-rajiac\" class=\"brxe-text\">\n<p><strong>Q : Quels modes de paiement acceptez-vous ?<\/strong><br \/>\nR\u00a0: Nous acceptons PayPal, Stripe, les virements bancaires (pris en charge par SEPA), les principales cartes de cr\u00e9dit (Visa, MasterCard, American Express) et les paiements en crypto-monnaie.<\/p>\n<p><strong>Q : Combien de temps prend la pr\u00e9paration d\u2019une commande ?<\/strong><br \/>\nR : La pr\u00e9paration de la commande prend 1 \u00e0 3 jours ouvrables.<\/p>\n<p><strong>Q : Quel est le d\u00e9lai de livraison ?<\/strong><br \/>\nR : Le d\u00e9lai de livraison est de 7 \u00e0 14 jours ouvrables, selon votre emplacement.<\/p>\n<p><strong>Q : Comment puis-je suivre ma commande ?<\/strong><br \/>\nR : Apr\u00e8s l'exp\u00e9dition, vous recevrez un e-mail de confirmation avec un num\u00e9ro de suivi pour un suivi en temps r\u00e9el.<\/p>\n<p><strong>Q : Quelle est votre politique de retour ?<\/strong><br \/>\nR : Nous proposons une politique de retour de 30 jours pour les remboursements ou les \u00e9changes. .<\/p>\n<p><strong>Q : Y aura-t-il des probl\u00e8mes douaniers ?<br \/>\n<\/strong>Nous prenons en charge toutes les proc\u00e9dures de d\u00e9douanement pour vous garantir une exp\u00e9rience sans tracas. .<\/p>\n<p><strong>Q : Quelles m\u00e9thodes d\u2019exp\u00e9dition sont utilis\u00e9es ?<\/strong><br \/>\nNous coop\u00e9rons avec UPS\/DHL\/FEDEX\/DPD, etc. Nous choisirons l'option d'exp\u00e9dition appropri\u00e9e en fonction du pays de livraison pour garantir que vous recevez vos produits le plus rapidement possible.<\/p>\n<p><a href=\"https:\/\/pgvape.com\/fr\/faq\/\">Cliquez ici pour plus de FAQ<\/a><\/p>\n<p>Chers clients, Si vous avez des questions concernant votre commande ou l'arriv\u00e9e des marchandises, n'h\u00e9sitez pas \u00e0 contacter notre service client. Merci !<\/p>\n<h3 data-sourcepos=\"73:1-73:21\"><strong data-sourcepos=\"73:7-73:21\">Contactez-nous<\/strong><\/h3>\n<div id=\"text-2419739398\" class=\"text\">\n<p><strong data-sourcepos=\"75:3-75:12\">E-mail<\/strong>:\u00a0<a href=\"mailto:support@pgvape.com\"><strong>support@pgvape.com<\/strong><\/a><\/p>\n<p><strong data-sourcepos=\"76:3-76:15\">WhatsApp<\/strong>:\u00a0<a href=\"https:\/\/wa.me\/+8618128481258\"><strong>+86 18128481258<\/strong><\/a><br \/>\n<strong>(R\u00e9ponse sous 24h les jours ouvr\u00e9s)<\/strong><\/p>\n<\/div>\n<h3><strong>Merci d'avoir choisi pgvape.com ! .<\/strong><\/h3>\n<\/div>","protected":false},"excerpt":{"rendered":"<p><strong data-sourcepos=\"65:5-65:26\">Chicha Zooy 50000<\/strong> repr\u00e9sente le summum de la technologie de la vape jetable, combinant <strong data-sourcepos=\"65:92-65:113\">long\u00e9vit\u00e9 extr\u00eame<\/strong>, <strong data-sourcepos=\"65:115-65:143\">production cloud premium<\/strong>, et <strong data-sourcepos=\"65:149-65:172\">fonctionnalit\u00e9s innovantes<\/strong> dans un emballage \u00e9l\u00e9gant. <strong data-sourcepos=\"65:269-65:303\">exp\u00e9rience de vapotage in\u00e9gal\u00e9e<\/strong>.<\/p>","protected":false},"featured_media":4770,"comment_status":"open","ping_status":"closed","template":"","meta":{"_seopress_robots_primary_cat":"none","_seopress_titles_title":"%%post_title%% %%sep%% %%sitetitle%%","_seopress_titles_desc":"","_seopress_robots_index":""},"product_brand":[516,291],"product_cat":[61,515,290],"product_tag":[318,135,90,143,204,390],"class_list":{"0":"post-4766","1":"product","2":"type-product","3":"status-publish","4":"has-post-thumbnail","6":"product_brand-disposable-vape","7":"product_brand-zooy-vape","8":"product_cat-50k-puffs-vape","9":"product_cat-disposable-vape","10":"product_cat-zooy-vape","11":"product_tag-50k-puffs-vape","12":"product_tag-adjustable-airflow","13":"product_tag-disposable-vape","14":"product_tag-smart-led-display","15":"product_tag-vape-factory-direct","16":"product_tag-zooy-shisha-50000","18":"first","19":"instock","20":"sale","21":"shipping-taxable","22":"purchasable","23":"product-type-variable"},"_links":{"self":[{"href":"https:\/\/pgvape.com\/fr\/wp-json\/wp\/v2\/product\/4766","targetHints":{"allow":["GET"]}}],"collection":[{"href":"https:\/\/pgvape.com\/fr\/wp-json\/wp\/v2\/product"}],"about":[{"href":"https:\/\/pgvape.com\/fr\/wp-json\/wp\/v2\/types\/product"}],"replies":[{"embeddable":true,"href":"https:\/\/pgvape.com\/fr\/wp-json\/wp\/v2\/comments?post=4766"}],"wp:featuredmedia":[{"embeddable":true,"href":"https:\/\/pgvape.com\/fr\/wp-json\/wp\/v2\/media\/4770"}],"wp:attachment":[{"href":"https:\/\/pgvape.com\/fr\/wp-json\/wp\/v2\/media?parent=4766"}],"wp:term":[{"taxonomy":"product_brand","embeddable":true,"href":"https:\/\/pgvape.com\/fr\/wp-json\/wp\/v2\/product_brand?post=4766"},{"taxonomy":"product_cat","embeddable":true,"href":"https:\/\/pgvape.com\/fr\/wp-json\/wp\/v2\/product_cat?post=4766"},{"taxonomy":"product_tag","embeddable":true,"href":"https:\/\/pgvape.com\/fr\/wp-json\/wp\/v2\/product_tag?post=4766"}],"curies":[{"name":"wp","href":"https:\/\/api.w.org\/{rel}","templated":true}]}}