{"id":4596,"date":"2025-10-26T10:47:58","date_gmt":"2025-10-26T10:47:58","guid":{"rendered":"https:\/\/pgvape.com\/?post_type=product&#038;p=4596"},"modified":"2026-03-25T11:21:08","modified_gmt":"2026-03-25T11:21:08","slug":"boite-elfe-numerique-12000-12k-bouffees-vape-jetable-0-2-3-5-nicotine-20-gouts-affichage-led-rechargeable-vape-direct-usine","status":"publish","type":"product","link":"https:\/\/pgvape.com\/fr\/produit\/boite-elfe-numerique-12000-12k-bouffees-vape-jetable-0-2-3-5-nicotine-20-gouts-affichage-led-rechargeable-vape-direct-usine\/","title":{"rendered":"ELF Box Digital 12000 | Vape jetable 12K Puffs | 0% 2% 3% 5% Nicotine | 20 go\u00fbts | Rechargeable | Affichage LED | Vape Factory Direct"},"content":{"rendered":"<p><strong data-sourcepos=\"4:5-4:59\">ELF Box Digital 12000 Puffs E-Cigarette Jetable<\/strong> Livre <strong data-sourcepos=\"4:69-4:97\">Plaisir de vapotage prolong\u00e9<\/strong> Avec <strong data-sourcepos=\"4:103-4:119\">12 000 bouff\u00e9es<\/strong> Et <strong data-sourcepos=\"4:124-4:150\">Capacit\u00e9 e-liquide de 25 ml<\/strong>. <strong data-sourcepos=\"4:164-4:182\">Bobine de maille de 0,8 \u03a9<\/strong> Pour <strong data-sourcepos=\"4:187-4:204\">Saveur douce<\/strong>, il offre <strong data-sourcepos=\"4:216-4:248\">Options de nicotine 0%\/2%\/3%\/5%<\/strong>. <strong data-sourcepos=\"4:254-4:285\">Batterie rechargeable 500\u00a0MAH<\/strong> Avec <strong data-sourcepos=\"4:291-4:310\">Chargement de type C<\/strong> Et <strong data-sourcepos=\"4:315-4:330\">Affichage LED<\/strong> Assure <strong data-sourcepos=\"4:339-4:370\">Un vapotage pratique et \u00e9clair\u00e9<\/strong>. <strong data-sourcepos=\"4:380-4:387\">82G<\/strong>, C'est <strong data-sourcepos=\"4:394-4:412\">Ultra-portable<\/strong> Avec <strong data-sourcepos=\"4:418-4:447\">20 choix de saveurs haut de gamme<\/strong>.<\/p>\n<p>&nbsp;<\/p>\n<h2><span style=\"font-size: 90%;\">ELF Box Digital 12000 | Vape jetable 12K bouff\u00e9es <strong data-sourcepos=\"10:5-10:31\">Sp\u00e9cifications du produit<\/strong><\/span><\/h2>\n<p><strong data-sourcepos=\"7:3-7:17\">Nombre de bouff\u00e9es<\/strong>:\u00a0<strong data-sourcepos=\"7:19-7:35\">12 000 bouff\u00e9es<\/strong><\/p>\n<p><strong data-sourcepos=\"8:3-8:11\">Bobine<\/strong>:\u00a0<strong data-sourcepos=\"8:13-8:31\">Bobine de maille de 0,8 \u03a9<\/strong><\/p>\n<p><strong data-sourcepos=\"9:3-9:15\">E-Liquide<\/strong>:\u00a0<strong data-sourcepos=\"9:17-9:34\">Capacit\u00e9 25ML<\/strong><\/p>\n<p><strong data-sourcepos=\"10:3-10:15\">Nicotine<\/strong>:\u00a0<strong data-sourcepos=\"10:17-10:38\">0% \/ 2% \/ 3% \/ 5%<\/strong><\/p>\n<p><strong data-sourcepos=\"11:3-11:14\">Batterie<\/strong>:\u00a0<strong data-sourcepos=\"11:16-11:39\">500MAH rechargeable<\/strong><\/p>\n<p><strong data-sourcepos=\"12:3-12:15\">Chargement<\/strong>:\u00a0<strong data-sourcepos=\"12:17-12:32\">Port de type C<\/strong><\/p>\n<p><strong data-sourcepos=\"13:3-13:14\">Afficher<\/strong>:\u00a0<strong data-sourcepos=\"13:16-13:30\">\u00c9cran LED<\/strong><\/p>\n<p><strong data-sourcepos=\"14:3-14:13\">Poids<\/strong>:\u00a0<strong data-sourcepos=\"14:15-14:27\">82 grammes<\/strong><\/p>\n<p><strong data-sourcepos=\"15:3-15:14\">Saveurs<\/strong>:\u00a0<strong data-sourcepos=\"15:16-15:30\">20 options<\/strong><\/p>\n<p>&nbsp;<\/p>\n<h3><span style=\"font-size: 90%;\">ELF Box Digital 12000 | Vape jetable 12K bouff\u00e9es <strong data-sourcepos=\"22:5-22:20\">Liste des saveurs<\/strong><\/span><\/h3>\n<p><strong data-sourcepos=\"18:4-18:22\">1. Glace aux fraises<\/strong><\/p>\n<p><strong data-sourcepos=\"19:4-19:24\">2. Explosion de fraises<\/strong><\/p>\n<p><strong data-sourcepos=\"20:4-20:29\">3. Past\u00e8que aux fraises<\/strong><\/p>\n<p><strong data-sourcepos=\"21:4-21:19\">4. Fruits m\u00e9lang\u00e9s<\/strong><\/p>\n<p><strong data-sourcepos=\"22:4-22:21\">5. Glace Razz bleue<\/strong><\/p>\n<p><strong data-sourcepos=\"23:4-23:32\">6. Framboise aigre-myrtille<\/strong><\/p>\n<p><strong data-sourcepos=\"24:4-24:26\">7.Kiwi Fruit de la Passion<\/strong><\/p>\n<p><strong data-sourcepos=\"25:4-25:20\">8.Double pomme<\/strong><\/p>\n<p><strong data-sourcepos=\"26:4-26:22\">9. Glace \u00e0 la past\u00e8que<\/strong><\/p>\n<p><strong data-sourcepos=\"27:5-27:29\">10. Bubblegum \u00e0 la past\u00e8que<\/strong><\/p>\n<p><strong data-sourcepos=\"28:5-28:22\">11. Melon de noix de coco<\/strong><\/p>\n<p><strong data-sourcepos=\"29:5-29:20\">12. Cola aux cerises<\/strong><\/p>\n<p><strong data-sourcepos=\"30:5-30:18\">13. Glace \u00e0 la p\u00eache<\/strong><\/p>\n<p><strong data-sourcepos=\"31:5-31:26\">14.Fraise Banane<\/strong><\/p>\n<p><strong data-sourcepos=\"32:5-32:16\">15.M. Bleu<\/strong><\/p>\n<p><strong data-sourcepos=\"33:5-33:23\">16.Glace aux m\u00fbres<\/strong><\/p>\n<p><strong data-sourcepos=\"34:5-34:18\">17.Glace \u00e0 la mangue<\/strong><\/p>\n<p><strong data-sourcepos=\"35:5-35:18\">18.Glace aux raisins<\/strong><\/p>\n<p><strong data-sourcepos=\"36:5-36:22\">19. Baies de p\u00eache<\/strong><\/p>\n<p><strong data-sourcepos=\"37:5-37:30\">20.Fraise Kiwi<\/strong><\/p>\n<p>&nbsp;<\/p>\n<h3><span style=\"font-size: 90%;\">ELF Box Digital 12000 | Vape jetable 12K bouff\u00e9es <strong>Vid\u00e9o<\/strong>\uff1a<\/span><\/h3>\n<p>&nbsp;<\/p>\n<h2>FAQ sur la vape jetable ELF Box Digital 12000 | 12 000 bouff\u00e9es<\/h2>\n<p data-sourcepos=\"40:1-41:69\">\u2753 <strong data-sourcepos=\"40:3-40:37\">Combien de temps dure l'appareil ?<\/strong><br \/>\n\u2705 <strong data-sourcepos=\"41:3-41:19\">12 000 bouff\u00e9es<\/strong> Et <strong data-sourcepos=\"41:24-41:41\">Capacit\u00e9 25ML<\/strong> Fournir <strong data-sourcepos=\"41:50-41:66\">Utilisation prolong\u00e9e<\/strong>.<\/p>\n<p data-sourcepos=\"43:1-44:71\">\u2753 <strong data-sourcepos=\"43:3-43:44\">Qu\u2019est-ce qui rend la qualit\u00e9 de la vapeur sp\u00e9ciale\u00a0?<\/strong><br \/>\n\u2705 <strong data-sourcepos=\"44:3-44:21\">Bobine de maille de 0,8 \u03a9<\/strong> Assure <strong data-sourcepos=\"44:30-44:68\">Production de vapeur douce et savoureuse<\/strong>.<\/p>\n<p data-sourcepos=\"46:1-47:64\">\u2753 <strong data-sourcepos=\"46:3-46:35\">Est-il facile de surveiller l\u2019utilisation\u00a0?<\/strong><br \/>\n\u2705 <strong data-sourcepos=\"47:3-47:18\">Affichage LED<\/strong> Spectacles <strong data-sourcepos=\"47:25-47:41\">Autonomie de la batterie<\/strong> Et <strong data-sourcepos=\"47:46-47:61\">Donn\u00e9es de vapotage<\/strong>.<\/p>\n<p data-sourcepos=\"49:1-50:72\">\u2753 <strong data-sourcepos=\"49:3-49:34\">Dans quelle mesure l'appareil est-il portable\u00a0?<\/strong><br \/>\n\u2705 Chez Juste <strong data-sourcepos=\"50:11-50:23\">82 grammes<\/strong>, C'est <strong data-sourcepos=\"50:30-50:45\">L\u00e9ger<\/strong> Et <strong data-sourcepos=\"50:50-50:69\">Facile \u00e0 transporter<\/strong>.<\/p>\n<p data-sourcepos=\"52:1-53:59\">\u2753 <strong data-sourcepos=\"52:3-52:43\">Quelles options de nicotine sont disponibles ?<br \/>\n<\/strong> \u2705 Choisissez parmi <strong data-sourcepos=\"53:15-53:47\">0% (sans Nic), 2%, 3% ou 5%<\/strong> Nicotine.<\/p>\n<p>&nbsp;<\/p>\n<h3 id=\"brxe-najhln\" class=\"brxe-heading\">Foire aux questions (FAQ)<\/h3>\n<div id=\"brxe-rajiac\" class=\"brxe-text\">\n<p><strong>Q : Quels modes de paiement acceptez-vous ?<\/strong><br \/>\nR\u00a0: Nous acceptons PayPal, Stripe, les virements bancaires (pris en charge par SEPA), les principales cartes de cr\u00e9dit (Visa, MasterCard, American Express) et les paiements en crypto-monnaie.<\/p>\n<p><strong>Q : Combien de temps prend la pr\u00e9paration d\u2019une commande ?<\/strong><br \/>\nR : La pr\u00e9paration de la commande prend 1 \u00e0 3 jours ouvrables.<\/p>\n<p><strong>Q : Quel est le d\u00e9lai de livraison ?<\/strong><br \/>\nR : Le d\u00e9lai de livraison est de 7 \u00e0 14 jours ouvrables, selon votre emplacement.<\/p>\n<p><strong>Q : Comment puis-je suivre ma commande ?<\/strong><br \/>\nR : Apr\u00e8s l'exp\u00e9dition, vous recevrez un e-mail de confirmation avec un num\u00e9ro de suivi pour un suivi en temps r\u00e9el.<\/p>\n<p><strong>Q : Quelle est votre politique de retour ?<\/strong><br \/>\nR : Nous proposons une politique de retour de 30 jours pour les remboursements ou les \u00e9changes. .<\/p>\n<p><strong>Q : Y aura-t-il des probl\u00e8mes douaniers ?<br \/>\n<\/strong>Nous prenons en charge toutes les proc\u00e9dures de d\u00e9douanement pour vous garantir une exp\u00e9rience sans tracas. .<\/p>\n<p><strong>Q : Quelles m\u00e9thodes d\u2019exp\u00e9dition sont utilis\u00e9es ?<\/strong><br \/>\nNous coop\u00e9rons avec UPS\/DHL\/FEDEX\/DPD, etc. Nous choisirons l'option d'exp\u00e9dition appropri\u00e9e en fonction du pays de livraison pour garantir que vous recevez vos produits le plus rapidement possible.<\/p>\n<p><a href=\"https:\/\/pgvape.com\/fr\/faq\/\">Cliquez ici pour plus de FAQ<\/a><\/p>\n<p>Chers clients, Si vous avez des questions concernant votre commande ou l'arriv\u00e9e des marchandises, n'h\u00e9sitez pas \u00e0 contacter notre service client. Merci !<\/p>\n<h3 data-sourcepos=\"73:1-73:21\"><strong data-sourcepos=\"73:7-73:21\">Contactez-nous<\/strong><\/h3>\n<div id=\"text-2419739398\" class=\"text\">\n<p><strong data-sourcepos=\"75:3-75:12\">E-mail<\/strong>:\u00a0<a href=\"mailto:support@pgvape.com\"><strong>support@pgvape.com<\/strong><\/a><\/p>\n<p><strong data-sourcepos=\"76:3-76:15\">WhatsApp<\/strong>:\u00a0<a href=\"https:\/\/wa.me\/+8618128481258\"><strong>+86 18128481258<\/strong><\/a><br \/>\n<strong>(R\u00e9ponse sous 24h les jours ouvr\u00e9s)<\/strong><\/p>\n<\/div>\n<h3><strong>Merci d'avoir choisi pgvape.com ! .<\/strong><\/h3>\n<\/div>","protected":false},"excerpt":{"rendered":"<p><strong data-sourcepos=\"56:5-56:36\">ELF Box Num\u00e9rique 12000 Puffs<\/strong> Combine <strong data-sourcepos=\"56:46-56:85\">Haute capacit\u00e9, technologie de bobine de maille<\/strong>, Et <strong data-sourcepos=\"56:91-56:112\">20 options de saveurs<\/strong> Dans un <strong data-sourcepos=\"56:119-56:151\">Jetable ultra-l\u00e9ger<\/strong> Avec <strong data-sourcepos=\"56:157-56:172\">Affichage LED<\/strong> Pour <strong data-sourcepos=\"56:177-56:207\">Commodit\u00e9 de vapotage optimale<\/strong>.<\/p>","protected":false},"featured_media":4612,"comment_status":"open","ping_status":"closed","template":"","meta":{"_seopress_robots_primary_cat":"none","_seopress_titles_title":"%%post_title%% %%sep%% %%sitetitle%%","_seopress_titles_desc":"","_seopress_robots_index":""},"product_brand":[516,126],"product_cat":[147,515,30],"product_tag":[376,90,375,79,81,259],"class_list":{"0":"post-4596","1":"product","2":"type-product","3":"status-publish","4":"has-post-thumbnail","6":"product_brand-disposable-vape","7":"product_brand-elf-box-vape","8":"product_cat-12k-puffs-vape","9":"product_cat-disposable-vape","10":"product_cat-elf-box-vape","11":"product_tag-12k-puffs-vape","12":"product_tag-disposable-vape","13":"product_tag-elf-box-digital-12000","14":"product_tag-led-display","15":"product_tag-mouth-to-lung","16":"product_tag-rechargeable","18":"first","19":"outofstock","20":"sale","21":"shipping-taxable","22":"purchasable","23":"product-type-variable"},"_links":{"self":[{"href":"https:\/\/pgvape.com\/fr\/wp-json\/wp\/v2\/product\/4596","targetHints":{"allow":["GET"]}}],"collection":[{"href":"https:\/\/pgvape.com\/fr\/wp-json\/wp\/v2\/product"}],"about":[{"href":"https:\/\/pgvape.com\/fr\/wp-json\/wp\/v2\/types\/product"}],"replies":[{"embeddable":true,"href":"https:\/\/pgvape.com\/fr\/wp-json\/wp\/v2\/comments?post=4596"}],"wp:featuredmedia":[{"embeddable":true,"href":"https:\/\/pgvape.com\/fr\/wp-json\/wp\/v2\/media\/4612"}],"wp:attachment":[{"href":"https:\/\/pgvape.com\/fr\/wp-json\/wp\/v2\/media?parent=4596"}],"wp:term":[{"taxonomy":"product_brand","embeddable":true,"href":"https:\/\/pgvape.com\/fr\/wp-json\/wp\/v2\/product_brand?post=4596"},{"taxonomy":"product_cat","embeddable":true,"href":"https:\/\/pgvape.com\/fr\/wp-json\/wp\/v2\/product_cat?post=4596"},{"taxonomy":"product_tag","embeddable":true,"href":"https:\/\/pgvape.com\/fr\/wp-json\/wp\/v2\/product_tag?post=4596"}],"curies":[{"name":"wp","href":"https:\/\/api.w.org\/{rel}","templated":true}]}}