{"id":4564,"date":"2025-10-26T08:30:08","date_gmt":"2025-10-26T08:30:08","guid":{"rendered":"https:\/\/pgvape.com\/?post_type=product&#038;p=4564"},"modified":"2026-02-11T01:51:26","modified_gmt":"2026-02-11T01:51:26","slug":"uzy-tornado-20000-20k-bouffees-vape-jetable-0-2-3-5-nicotine-12-gouts-affichage-led-rechargeable-vape-usine-directe","status":"publish","type":"product","link":"https:\/\/pgvape.com\/fr\/produit\/uzy-tornado-20000-20k-bouffees-vape-jetable-0-2-3-5-nicotine-12-gouts-affichage-led-rechargeable-vape-usine-directe\/","title":{"rendered":"UZY Tornado 20000 | 20k Puffs Vape jetable | 0% 2% 3% 5% Nicotine | 12 Go\u00fbts | Rechargeable | Affichage LED | Vape Factory Direct"},"content":{"rendered":"<p><strong data-sourcepos=\"4:5-4:60\">UZY Tornado 20000 bouff\u00e9es Vape jetable \u00e0 affichage LED<\/strong> Livre <strong data-sourcepos=\"4:70-4:102\">Satisfaction prolong\u00e9e du vapotage<\/strong> Avec <strong data-sourcepos=\"4:108-4:135\">20 000 bouff\u00e9es ultra longues<\/strong> Et un <strong data-sourcepos=\"4:142-4:179\">Capacit\u00e9 de e-liquide pr\u00e9-remplie de 28 ml<\/strong>. <strong data-sourcepos=\"4:191-4:223\">Options de nicotine 0%\/2%\/3%\/5%<\/strong>, Un <strong data-sourcepos=\"4:228-4:259\">Batterie rechargeable 850 mAh.<\/strong>, Et <strong data-sourcepos=\"4:265-4:289\">Chargement rapide de type C<\/strong>, il offre <strong data-sourcepos=\"4:301-4:340\">Un vapotage pratique et performant<\/strong>. <strong data-sourcepos=\"4:346-4:361\">Affichage LED<\/strong> Fournit un suivi de l'utilisation en temps r\u00e9el, tandis que <strong data-sourcepos=\"4:403-4:425\">12 saveurs haut de gamme<\/strong> R\u00e9pondez \u00e0 diverses pr\u00e9f\u00e9rences gustatives.<\/p>\n<p>&nbsp;<\/p>\n<h2><span style=\"font-size: 90%;\">UZY Tornado 20000 | Vape jetable 20 000 bouff\u00e9es <strong>Sp\u00e9cification du produit<\/strong><\/span><\/h2>\n<p><strong data-sourcepos=\"7:3-7:17\">Nombre de bouff\u00e9es<\/strong>:\u00a0<strong data-sourcepos=\"7:19-7:35\">20 000 bouff\u00e9es<\/strong><\/p>\n<p><strong data-sourcepos=\"8:3-8:15\">E-Liquide<\/strong>:\u00a0<strong data-sourcepos=\"8:17-8:46\">Cartouche pr\u00e9remplie de 28 ml<\/strong><\/p>\n<p><strong data-sourcepos=\"9:3-9:15\">Nicotine<\/strong>:\u00a0<strong data-sourcepos=\"9:17-9:38\">0% \/ 2% \/ 3% \/ 5%<\/strong><\/p>\n<p><strong data-sourcepos=\"10:3-10:14\">Batterie<\/strong>:\u00a0<strong data-sourcepos=\"10:16-10:39\">850MAH rechargeable<\/strong><\/p>\n<p><strong data-sourcepos=\"11:3-11:15\">Chargement<\/strong>:\u00a0<strong data-sourcepos=\"11:17-11:32\">Port de type C<\/strong><\/p>\n<p><strong data-sourcepos=\"12:3-12:14\">Afficher<\/strong>:\u00a0<strong data-sourcepos=\"12:16-12:30\">\u00c9cran LED<\/strong><\/p>\n<p><strong data-sourcepos=\"13:3-13:14\">Saveurs<\/strong>:\u00a0<strong data-sourcepos=\"13:16-13:30\">12 options<\/strong><\/p>\n<p><strong data-sourcepos=\"14:3-14:13\">Conception<\/strong>:\u00a0<strong data-sourcepos=\"14:15-14:39\">Compact et jetable<\/strong><\/p>\n<p>&nbsp;<\/p>\n<h3><span style=\"font-size: 90%;\">Liste des saveurs de vape jetables UZY Tornado 20000 | 20 000 bouff\u00e9es <strong data-sourcepos=\"22:5-22:20\">Liste des saveurs<\/strong><\/span><\/h3>\n<p><strong data-sourcepos=\"17:4-17:29\">1. Past\u00e8que aux fraises<\/strong><\/p>\n<p><strong data-sourcepos=\"18:4-18:24\">2. Bleuets sur glace<\/strong><\/p>\n<p><strong data-sourcepos=\"19:4-19:29\">3.P\u00eache Mangue Ananas<\/strong><\/p>\n<p><strong data-sourcepos=\"20:4-20:17\">4. Glace au raisin<\/strong><\/p>\n<p><strong data-sourcepos=\"21:4-21:22\">5. Glace \u00e0 la past\u00e8que<\/strong><\/p>\n<p><strong data-sourcepos=\"22:4-22:17\">6. Glace \u00e0 la p\u00eache<\/strong><\/p>\n<p><strong data-sourcepos=\"23:4-23:23\">7.Kiwi aux fraises<\/strong><\/p>\n<p><strong data-sourcepos=\"24:4-24:27\">8. Myrtille Framboise<\/strong><\/p>\n<p><strong data-sourcepos=\"25:4-25:26\">9.Kiwi Fruit de la Passion<\/strong><\/p>\n<p><strong data-sourcepos=\"26:5-26:16\">10.MR Bleu<\/strong><\/p>\n<p><strong data-sourcepos=\"27:5-27:25\">11.Triple glace \u00e0 la mangue<\/strong><\/p>\n<p><strong data-sourcepos=\"28:5-28:23\">12. Glace \u00e9nerg\u00e9tique rouge<br \/>\n<img loading=\"lazy\" decoding=\"async\" class=\"alignnone wp-image-4582 size-full\" src=\"https:\/\/pgvape.com\/wp-content\/uploads\/2025\/10\/pgvape-UZY-Tornado-20000-20k-Puffs-Disposable-Vape-16.png\" alt=\"Rang\u00e9e de treize appareils de vape jetables aux couleurs vives, debout, chacun pr\u00e9sentant une illustration unique d&#039;un singe de dessin anim\u00e9 et un d\u00e9grad\u00e9 de couleurs distinct sur un fond sombre et futuriste \u00e0 motifs circulaires.\" width=\"1500\" height=\"493\" srcset=\"https:\/\/pgvape.com\/wp-content\/uploads\/2025\/10\/pgvape-UZY-Tornado-20000-20k-Puffs-Disposable-Vape-16.png 1500w, https:\/\/pgvape.com\/wp-content\/uploads\/2025\/10\/pgvape-UZY-Tornado-20000-20k-Puffs-Disposable-Vape-16-555x182.png 555w, https:\/\/pgvape.com\/wp-content\/uploads\/2025\/10\/pgvape-UZY-Tornado-20000-20k-Puffs-Disposable-Vape-16-595x196.png 595w, https:\/\/pgvape.com\/wp-content\/uploads\/2025\/10\/pgvape-UZY-Tornado-20000-20k-Puffs-Disposable-Vape-16-400x131.png 400w, https:\/\/pgvape.com\/wp-content\/uploads\/2025\/10\/pgvape-UZY-Tornado-20000-20k-Puffs-Disposable-Vape-16-768x252.png 768w, https:\/\/pgvape.com\/wp-content\/uploads\/2025\/10\/pgvape-UZY-Tornado-20000-20k-Puffs-Disposable-Vape-16-18x6.png 18w, https:\/\/pgvape.com\/wp-content\/uploads\/2025\/10\/pgvape-UZY-Tornado-20000-20k-Puffs-Disposable-Vape-16-600x197.png 600w, https:\/\/pgvape.com\/wp-content\/uploads\/2025\/10\/pgvape-UZY-Tornado-20000-20k-Puffs-Disposable-Vape-16-60x20.png 60w\" sizes=\"auto, (max-width: 1500px) 100vw, 1500px\" \/><br \/>\n<\/strong><\/p>\n<p>&nbsp;<\/p>\n<h3><span style=\"font-size: 90%;\">UZY Tornado 20000 | Vape jetable 20 000 bouff\u00e9es <strong>Vid\u00e9o<\/strong>\uff1a<\/span><\/h3>\n<p>&nbsp;<\/p>\n<h2>FAQ sur la vape jetable UZY Tornado 20000 | 20 000 bouff\u00e9es<\/h2>\n<p data-sourcepos=\"31:1-32:55\">\u2753 <strong data-sourcepos=\"31:3-31:38\">Combien de bouff\u00e9es fournit-il ?<\/strong><br \/>\n\u2705 <strong data-sourcepos=\"32:3-32:19\">20 000 bouff\u00e9es<\/strong> Pour des s\u00e9ances de vapotage de longue dur\u00e9e.<\/p>\n<p data-sourcepos=\"34:1-35:59\">\u2753 <strong data-sourcepos=\"34:3-34:45\">Quels sont les dosages de nicotine disponibles\u00a0?<\/strong><br \/>\n\u2705 Choisissez parmi <strong data-sourcepos=\"35:15-35:47\">0% (sans Nic), 2%, 3% ou 5%<\/strong> Nicotine.<\/p>\n<p data-sourcepos=\"37:1-38:67\">\u2753 <strong data-sourcepos=\"37:3-37:35\">La batterie est-elle rechargeable\u00a0?<\/strong><br \/>\n\u2705 Oui, le <strong data-sourcepos=\"38:12-38:30\">Batterie 850 mAh<\/strong> Caract\u00e9ristiques <strong data-sourcepos=\"38:40-38:64\">Chargement rapide de type C<\/strong>.<\/p>\n<p data-sourcepos=\"40:1-41:64\">\u2753 <strong data-sourcepos=\"40:3-40:30\">Est-ce qu'il a un \u00e9cran ?<\/strong><br \/>\n\u2705Le <strong data-sourcepos=\"41:7-41:21\">\u00c9cran LED<\/strong> Affiche la dur\u00e9e de vie de la batterie et les statistiques d'utilisation.<\/p>\n<p data-sourcepos=\"43:1-44:53\">\u2753 <strong data-sourcepos=\"43:3-43:36\">Combien de saveurs sont propos\u00e9es ?<br \/>\n<\/strong> \u2705 Profitez-en <strong data-sourcepos=\"44:9-44:38\">12 options de saveurs haut de gamme<\/strong> Pour la vari\u00e9t\u00e9.<\/p>\n<p>&nbsp;<\/p>\n<h3 id=\"brxe-najhln\" class=\"brxe-heading\">Foire aux questions (FAQ)<\/h3>\n<div id=\"brxe-rajiac\" class=\"brxe-text\">\n<p><strong>Q : Quels modes de paiement acceptez-vous ?<\/strong><br \/>\nR\u00a0: Nous acceptons PayPal, Stripe, les virements bancaires (pris en charge par SEPA), les principales cartes de cr\u00e9dit (Visa, MasterCard, American Express) et les paiements en crypto-monnaie.<\/p>\n<p><strong>Q : Combien de temps prend la pr\u00e9paration d\u2019une commande ?<\/strong><br \/>\nR : La pr\u00e9paration de la commande prend 1 \u00e0 3 jours ouvrables.<\/p>\n<p><strong>Q : Quel est le d\u00e9lai de livraison ?<\/strong><br \/>\nR : Le d\u00e9lai de livraison est de 7 \u00e0 14 jours ouvrables, selon votre emplacement.<\/p>\n<p><strong>Q : Comment puis-je suivre ma commande ?<\/strong><br \/>\nR : Apr\u00e8s l'exp\u00e9dition, vous recevrez un e-mail de confirmation avec un num\u00e9ro de suivi pour un suivi en temps r\u00e9el.<\/p>\n<p><strong>Q : Quelle est votre politique de retour ?<\/strong><br \/>\nR : Nous proposons une politique de retour de 30 jours pour les remboursements ou les \u00e9changes. .<\/p>\n<p><strong>Q : Y aura-t-il des probl\u00e8mes douaniers ?<br \/>\n<\/strong>Nous prenons en charge toutes les proc\u00e9dures de d\u00e9douanement pour vous garantir une exp\u00e9rience sans tracas. .<\/p>\n<p><strong>Q : Quelles m\u00e9thodes d\u2019exp\u00e9dition sont utilis\u00e9es ?<\/strong><br \/>\nNous coop\u00e9rons avec UPS\/DHL\/FEDEX\/DPD, etc. Nous choisirons l'option d'exp\u00e9dition appropri\u00e9e en fonction du pays de livraison pour garantir que vous recevez vos produits le plus rapidement possible.<\/p>\n<p><a href=\"https:\/\/pgvape.com\/fr\/faq\/\">Cliquez ici pour plus de FAQ<\/a><\/p>\n<p>Chers clients, Si vous avez des questions concernant votre commande ou l'arriv\u00e9e des marchandises, n'h\u00e9sitez pas \u00e0 contacter notre service client. Merci !<\/p>\n<h3 data-sourcepos=\"73:1-73:21\"><strong data-sourcepos=\"73:7-73:21\">Contactez-nous<\/strong><\/h3>\n<div id=\"text-2419739398\" class=\"text\">\n<p><strong data-sourcepos=\"75:3-75:12\">E-mail<\/strong>:\u00a0<a href=\"mailto:support@pgvape.com\"><strong>support@pgvape.com<\/strong><\/a><\/p>\n<p><strong data-sourcepos=\"76:3-76:15\">WhatsApp<\/strong>:\u00a0<a href=\"https:\/\/wa.me\/+8618128481258\"><strong>+86 18128481258<\/strong><\/a><br \/>\n<strong>(R\u00e9ponse sous 24h les jours ouvr\u00e9s)<\/strong><\/p>\n<\/div>\n<h3><strong>Merci d'avoir choisi pgvape.com ! .<\/strong><\/h3>\n<\/div>","protected":false},"excerpt":{"rendered":"<p><strong data-sourcepos=\"47:5-47:32\">UZY Tornado 20000 bouff\u00e9es<\/strong> Combine <strong data-sourcepos=\"47:42-47:80\">Nicotine haute capacit\u00e9 et r\u00e9glable<\/strong>, Et <strong data-sourcepos=\"47:86-47:105\">Saveurs haut de gamme<\/strong> Dans un <strong data-sourcepos=\"47:111-47:152\">Vape jetable compacte et rechargeable<\/strong> Avec <strong data-sourcepos=\"47:158-47:173\">Affichage LED<\/strong> Pour un confort ultime.<\/p>","protected":false},"featured_media":4581,"comment_status":"open","ping_status":"closed","template":"","meta":{"_seopress_robots_primary_cat":"none","_seopress_titles_title":"%%post_title%% %%sep%% %%sitetitle%%","_seopress_titles_desc":"","_seopress_robots_index":""},"product_brand":[516,371],"product_cat":[84,515,27],"product_tag":[367,90,79,81,259,374],"class_list":{"0":"post-4564","1":"product","2":"type-product","3":"status-publish","4":"has-post-thumbnail","6":"product_brand-disposable-vape","7":"product_brand-uzy-vaoe","8":"product_cat-20k-puffs-vape","9":"product_cat-disposable-vape","10":"product_cat-uzy-vape","11":"product_tag-20k-puffs-vape","12":"product_tag-disposable-vape","13":"product_tag-led-display","14":"product_tag-mouth-to-lung","15":"product_tag-rechargeable","16":"product_tag-uzy-tornado-20000","18":"first","19":"instock","20":"sale","21":"shipping-taxable","22":"purchasable","23":"product-type-variable"},"_links":{"self":[{"href":"https:\/\/pgvape.com\/fr\/wp-json\/wp\/v2\/product\/4564","targetHints":{"allow":["GET"]}}],"collection":[{"href":"https:\/\/pgvape.com\/fr\/wp-json\/wp\/v2\/product"}],"about":[{"href":"https:\/\/pgvape.com\/fr\/wp-json\/wp\/v2\/types\/product"}],"replies":[{"embeddable":true,"href":"https:\/\/pgvape.com\/fr\/wp-json\/wp\/v2\/comments?post=4564"}],"wp:featuredmedia":[{"embeddable":true,"href":"https:\/\/pgvape.com\/fr\/wp-json\/wp\/v2\/media\/4581"}],"wp:attachment":[{"href":"https:\/\/pgvape.com\/fr\/wp-json\/wp\/v2\/media?parent=4564"}],"wp:term":[{"taxonomy":"product_brand","embeddable":true,"href":"https:\/\/pgvape.com\/fr\/wp-json\/wp\/v2\/product_brand?post=4564"},{"taxonomy":"product_cat","embeddable":true,"href":"https:\/\/pgvape.com\/fr\/wp-json\/wp\/v2\/product_cat?post=4564"},{"taxonomy":"product_tag","embeddable":true,"href":"https:\/\/pgvape.com\/fr\/wp-json\/wp\/v2\/product_tag?post=4564"}],"curies":[{"name":"wp","href":"https:\/\/api.w.org\/{rel}","templated":true}]}}