{"id":4531,"date":"2025-10-26T07:05:33","date_gmt":"2025-10-26T07:05:33","guid":{"rendered":"https:\/\/pgvape.com\/?post_type=product&#038;p=4531"},"modified":"2025-12-15T12:24:44","modified_gmt":"2025-12-15T12:24:44","slug":"uzy-bang-digital-15000-15k-bouffees-vape-jetable-rechargeable-vape-directe-dusine","status":"publish","type":"product","link":"https:\/\/pgvape.com\/fr\/produit\/uzy-bang-digital-15000-15k-bouffees-vape-jetable-rechargeable-vape-directe-dusine\/","title":{"rendered":"UZY Bang Digital 15000 15K Puffs Vape jetable Vape rechargeable Direct usine"},"content":{"rendered":"<p><strong>UZY Bang num\u00e9rique 15000<\/strong>, une e-cigarette jetable avanc\u00e9e avec une capacit\u00e9 stup\u00e9fiante de 15\u00a0000 bouff\u00e9es et des options de nicotine personnalisables de 0%, 2%, 3% et 5%. .<\/p>\n<p>&nbsp;<\/p>\n<h2><span style=\"font-size: 90%;\">UZY Bang Digital 15000 | 15K Puffs Vape jetable Sp\u00e9cifications du produit<\/span><\/h2>\n<p><strong data-sourcepos=\"6:3-6:30\">15 000 bouff\u00e9es ultra-longues<\/strong>\u00a0\u2013 Satisfaction prolong\u00e9e du vapotage<\/p>\n<p><strong data-sourcepos=\"7:3-7:35\">Niveaux de nicotine personnalisables<\/strong>\u00a0\u2013 0%, 2%, 3% ou 5%<\/p>\n<p><strong data-sourcepos=\"8:3-8:24\">Affichage LED intelligent<\/strong>\u00a0\u2013 Suivi de la batterie et des bouff\u00e9es en temps r\u00e9el<\/p>\n<p><strong data-sourcepos=\"9:3-9:34\">Batterie rechargeable de 850 mAh<\/strong>\u00a0\u2013 Chargement rapide de type C<\/p>\n<p><strong data-sourcepos=\"10:3-10:31\">E-liquide pr\u00e9rempli de 20 ml<\/strong>\u00a0\u2013 Aucune recharge n\u00e9cessaire<\/p>\n<p><strong data-sourcepos=\"11:3-11:25\">12 saveurs haut de gamme<\/strong>\u00a0\u2013 Options riches et rafra\u00eechissantes<\/p>\n<p>&nbsp;<\/p>\n<h3><span style=\"font-size: 90%;\">Liste des saveurs de vape jetables UZY Bang Digital 15000 | 15K Puffs<\/span><\/h3>\n<p><strong data-sourcepos=\"25:4-25:29\">1. Past\u00e8que aux fraises<\/strong><\/p>\n<p><strong data-sourcepos=\"26:4-26:24\">2. Bleuets sur glace<\/strong><\/p>\n<p><strong data-sourcepos=\"27:4-27:29\">3.P\u00eache Mangue Ananas<\/strong><\/p>\n<p><strong data-sourcepos=\"28:4-28:17\">4. Glace au raisin<\/strong><\/p>\n<p><strong data-sourcepos=\"29:4-29:22\">5. Glace \u00e0 la past\u00e8que<\/strong><\/p>\n<p><strong data-sourcepos=\"30:4-30:17\">6. Glace \u00e0 la p\u00eache<\/strong><\/p>\n<p><strong data-sourcepos=\"31:4-31:23\">7.Kiwi aux fraises<\/strong><\/p>\n<p><strong data-sourcepos=\"32:4-32:27\">8. Myrtille Framboise<\/strong><\/p>\n<p><strong data-sourcepos=\"33:4-33:26\">9.Kiwi Fruit de la Passion<\/strong><\/p>\n<p><strong data-sourcepos=\"34:5-34:16\">10.MR Bleu<\/strong><\/p>\n<p><strong data-sourcepos=\"35:5-35:25\">11.Triple glace \u00e0 la mangue<\/strong><\/p>\n<p><strong data-sourcepos=\"36:5-36:23\">12. Glace \u00e9nerg\u00e9tique rouge<br \/>\n<img loading=\"lazy\" decoding=\"async\" class=\"alignnone wp-image-4535 size-full\" src=\"https:\/\/pgvape.com\/wp-content\/uploads\/2025\/10\/pgvape_UZY_Bang_Digital_15000_puffs-2.png\" alt=\"Douze dispositifs de vapotage jetables lumineux et rectangulaires dispos\u00e9s en deux rang\u00e9es sur un fond fum\u00e9, chacun comportant une illustration stylis\u00e9e d&#039;un singe de dessin anim\u00e9, un petit \u00e9cran num\u00e9rique indiquant \u201c 95% \u201d et des noms de saveurs de fruits imprim\u00e9s (myrtille framboise, glace raisin, glace past\u00e8que, glace p\u00eache, p\u00eache mangue ananas, fraise past\u00e8que, Mr Blue, kiwi fruit de la passion, triple glace mangue, myrtille sur glace, glace \u00e9nerg\u00e9tique rouge, fraise kiwi).\" width=\"1500\" height=\"930\" srcset=\"https:\/\/pgvape.com\/wp-content\/uploads\/2025\/10\/pgvape_UZY_Bang_Digital_15000_puffs-2.png 1500w, https:\/\/pgvape.com\/wp-content\/uploads\/2025\/10\/pgvape_UZY_Bang_Digital_15000_puffs-2-555x344.png 555w, https:\/\/pgvape.com\/wp-content\/uploads\/2025\/10\/pgvape_UZY_Bang_Digital_15000_puffs-2-595x369.png 595w, https:\/\/pgvape.com\/wp-content\/uploads\/2025\/10\/pgvape_UZY_Bang_Digital_15000_puffs-2-400x248.png 400w, https:\/\/pgvape.com\/wp-content\/uploads\/2025\/10\/pgvape_UZY_Bang_Digital_15000_puffs-2-768x476.png 768w, https:\/\/pgvape.com\/wp-content\/uploads\/2025\/10\/pgvape_UZY_Bang_Digital_15000_puffs-2-18x12.png 18w, https:\/\/pgvape.com\/wp-content\/uploads\/2025\/10\/pgvape_UZY_Bang_Digital_15000_puffs-2-600x372.png 600w, https:\/\/pgvape.com\/wp-content\/uploads\/2025\/10\/pgvape_UZY_Bang_Digital_15000_puffs-2-60x37.png 60w\" sizes=\"auto, (max-width: 1500px) 100vw, 1500px\" \/><br \/>\n<\/strong><\/p>\n<p>&nbsp;<\/p>\n<h3><span style=\"font-size: 90%;\">Vape jetable UZY Bang Digital 15000 | 15K Puffs <strong>Vid\u00e9o:<\/strong><\/span><\/h3>\n<p>&nbsp;<\/p>\n<h2>FAQ sur la vape jetable UZY Bang Digital 15000 | 15 000 bouff\u00e9es<\/h2>\n<p data-sourcepos=\"49:1-50:47\">\u2753 <strong data-sourcepos=\"49:3-49:35\">Combien de bouff\u00e9es \u00e7a dure ?<\/strong><br \/>\n\u2705 <strong data-sourcepos=\"50:3-50:19\">15 000 bouff\u00e9es<\/strong> \u2013 Un plaisir durable.<\/p>\n<p data-sourcepos=\"52:1-53:58\">\u2753 <strong data-sourcepos=\"52:3-52:32\">Puis-je suivre la dur\u00e9e de vie de la batterie\u00a0?<\/strong><br \/>\n\u2705 <strong data-sourcepos=\"53:3-53:23\">Oui!<\/strong> affiche la batterie et l'utilisation en temps r\u00e9el.<\/p>\n<p data-sourcepos=\"55:1-56:54\">\u2753 <strong data-sourcepos=\"55:3-55:26\">Est-ce rechargeable ?<\/strong><br \/>\n\u2705 <strong data-sourcepos=\"56:3-56:21\">Batterie 850 mAh<\/strong> avec <strong data-sourcepos=\"56:27-56:51\">Chargement rapide de type C<\/strong>.<\/p>\n<p data-sourcepos=\"58:1-59:62\">\u2753 <strong data-sourcepos=\"58:3-58:43\">Quelles options de nicotine sont disponibles ?<\/strong><br \/>\n\u2705 <strong data-sourcepos=\"59:3-59:35\">0% (sans carte r\u00e9seau), 2%, 3% ou 5%<\/strong> pour une satisfaction personnalis\u00e9e.<\/p>\n<p data-sourcepos=\"61:1-62:53\">\u2753 <strong data-sourcepos=\"61:3-61:30\">Les ar\u00f4mes sont-ils pr\u00e9-remplis\u00a0?<\/strong><br \/>\n\u2705 <strong data-sourcepos=\"62:3-62:31\">e-liquide pr\u00e9rempli 20 ml<\/strong> \u2013 Pas de recharges compliqu\u00e9es.<\/p>\n<p>&nbsp;<\/p>\n<h3>Foire aux questions (FAQ)<\/h3>\n<div id=\"brxe-rajiac\" class=\"brxe-text\">\n<p><strong>Q : Quels modes de paiement acceptez-vous ?<\/strong><br \/>\nR\u00a0: Nous acceptons PayPal, Stripe, les virements bancaires (pris en charge par SEPA), les principales cartes de cr\u00e9dit (Visa, MasterCard, American Express) et les paiements en crypto-monnaie.<\/p>\n<p><strong>Q : Combien de temps prend la pr\u00e9paration d\u2019une commande ?<\/strong><br \/>\nR : La pr\u00e9paration de la commande prend 1 \u00e0 3 jours ouvrables.<\/p>\n<p><strong>Q : Quel est le d\u00e9lai de livraison ?<\/strong><br \/>\nR : Le d\u00e9lai de livraison est de 7 \u00e0 14 jours ouvrables, selon votre emplacement.<\/p>\n<p><strong>Q : Comment puis-je suivre ma commande ?<\/strong><br \/>\nR : Apr\u00e8s l'exp\u00e9dition, vous recevrez un e-mail de confirmation avec un num\u00e9ro de suivi pour un suivi en temps r\u00e9el.<\/p>\n<p><strong>Q : Quelle est votre politique de retour ?<\/strong><br \/>\nR : Nous proposons une politique de retour de 30 jours pour les remboursements ou les \u00e9changes. .<\/p>\n<p><strong>Q : Y aura-t-il des probl\u00e8mes douaniers ?<br \/>\n<\/strong>Nous prenons en charge toutes les proc\u00e9dures de d\u00e9douanement pour vous garantir une exp\u00e9rience sans tracas. .<\/p>\n<p><strong>Q : Quelles m\u00e9thodes d\u2019exp\u00e9dition sont utilis\u00e9es ?<\/strong><br \/>\nNous coop\u00e9rons avec UPS\/DHL\/FEDEX\/DPD, etc. Nous choisirons l'option d'exp\u00e9dition appropri\u00e9e en fonction du pays de livraison pour garantir que vous recevez vos produits le plus rapidement possible.<\/p>\n<p><a href=\"https:\/\/pgvape.com\/fr\/faq\/\">Cliquez ici pour plus de FAQ<\/a><\/p>\n<p>Chers clients, Si vous avez des questions concernant votre commande ou l'arriv\u00e9e des marchandises, n'h\u00e9sitez pas \u00e0 contacter notre service client. Merci !<\/p>\n<h3 data-sourcepos=\"73:1-73:21\"><strong data-sourcepos=\"73:7-73:21\">Contactez-nous<\/strong><\/h3>\n<div id=\"text-2419739398\" class=\"text\">\n<p><strong data-sourcepos=\"75:3-75:12\">E-mail<\/strong>:\u00a0<a href=\"mailto:support@pgvape.com\"><strong>support@pgvape.com<\/strong><\/a><\/p>\n<p><strong data-sourcepos=\"76:3-76:15\">WhatsApp<\/strong>:\u00a0<a href=\"https:\/\/wa.me\/+8618128481258\"><strong>+86 18128481258<\/strong><\/a><br \/>\n<strong>(R\u00e9ponse sous 24h les jours ouvr\u00e9s)<\/strong><\/p>\n<\/div>\n<h3><strong>Merci d'avoir choisi pgvape.com ! .<\/strong><\/h3>\n<\/div>","protected":false},"excerpt":{"rendered":"<p>La cigarette \u00e9lectronique UZY Bang Digital 15 000 bouff\u00e9es est la cigarette \u00e9lectronique jetable la plus avanc\u00e9e disponible, un appareil innovant dot\u00e9 d'un \u00e9cran LED qui fournit des informations en temps r\u00e9el pour une exp\u00e9rience de tabagisme personnalis\u00e9e.<\/p>","protected":false},"featured_media":4550,"comment_status":"open","ping_status":"closed","template":"","meta":{"_seopress_robots_primary_cat":"none","_seopress_titles_title":"%%post_title%% %%sep%% %%sitetitle%%","_seopress_titles_desc":"","_seopress_robots_index":""},"product_brand":[516,371],"product_cat":[113,515,27],"product_tag":[373,79,490,59,259,372],"class_list":{"0":"post-4531","1":"product","2":"type-product","3":"status-publish","4":"has-post-thumbnail","6":"product_brand-disposable-vape","7":"product_brand-uzy-vaoe","8":"product_cat-15k-puffs-vape","9":"product_cat-disposable-vape","10":"product_cat-uzy-vape","11":"product_tag-15k-puffs-vape","12":"product_tag-led-display","13":"product_tag-minimum-2-pieces","14":"product_tag-mouth-to-lung-mtl","15":"product_tag-rechargeable","16":"product_tag-uzy-bang-digital-15000","18":"first","19":"instock","20":"sale","21":"shipping-taxable","22":"purchasable","23":"product-type-variable"},"_links":{"self":[{"href":"https:\/\/pgvape.com\/fr\/wp-json\/wp\/v2\/product\/4531","targetHints":{"allow":["GET"]}}],"collection":[{"href":"https:\/\/pgvape.com\/fr\/wp-json\/wp\/v2\/product"}],"about":[{"href":"https:\/\/pgvape.com\/fr\/wp-json\/wp\/v2\/types\/product"}],"replies":[{"embeddable":true,"href":"https:\/\/pgvape.com\/fr\/wp-json\/wp\/v2\/comments?post=4531"}],"wp:featuredmedia":[{"embeddable":true,"href":"https:\/\/pgvape.com\/fr\/wp-json\/wp\/v2\/media\/4550"}],"wp:attachment":[{"href":"https:\/\/pgvape.com\/fr\/wp-json\/wp\/v2\/media?parent=4531"}],"wp:term":[{"taxonomy":"product_brand","embeddable":true,"href":"https:\/\/pgvape.com\/fr\/wp-json\/wp\/v2\/product_brand?post=4531"},{"taxonomy":"product_cat","embeddable":true,"href":"https:\/\/pgvape.com\/fr\/wp-json\/wp\/v2\/product_cat?post=4531"},{"taxonomy":"product_tag","embeddable":true,"href":"https:\/\/pgvape.com\/fr\/wp-json\/wp\/v2\/product_tag?post=4531"}],"curies":[{"name":"wp","href":"https:\/\/api.w.org\/{rel}","templated":true}]}}