{"id":450,"date":"2025-07-16T08:44:31","date_gmt":"2025-07-16T08:44:31","guid":{"rendered":"https:\/\/pgvape.com\/?post_type=product&#038;p=450"},"modified":"2026-01-20T08:48:41","modified_gmt":"2026-01-20T08:48:41","slug":"bang-de-80000-80k-bouffees-3-en-1-vape-jetable-triple-saveur-0-2-3-5-nicotine-12-gouts-affichage-led-intelligent-vape-usine-directe","status":"publish","type":"product","link":"https:\/\/pgvape.com\/fr\/produit\/bang-de-80000-80k-bouffees-3-en-1-vape-jetable-triple-saveur-0-2-3-5-nicotine-12-gouts-affichage-led-intelligent-vape-usine-directe\/","title":{"rendered":"Bang DE 80000 | 80K Puffs | Vape jetable triple saveur 3 en 1 | 0% 2% 3% 5% Nicotine | 12 go\u00fbts | Affichage LED intelligent | Vape Factory Direct"},"content":{"rendered":"<p><strong>Bang DE 80000 80K Puffs Vape jetable 3-en-1<\/strong> est con\u00e7u pour les vapoteurs qui recherchent de la vari\u00e9t\u00e9, de la commodit\u00e9 et une long\u00e9vit\u00e9 remarquable. .<\/p>\n<p>&nbsp;<\/p>\n<h2><span style=\"font-size: 90%;\">Bang DE 80000 | 80K Puffs | Vape jetable triple saveur 3 en 1 Sp\u00e9cifications du produit\u00a0:<\/span><\/h2>\n<p><strong>Capacit\u00e9 de bouff\u00e9e\u00a0:<\/strong>\u00a0Jusqu'\u00e0 80 000 bouff\u00e9es<\/p>\n<p><strong>Capacit\u00e9 e-liquide :<\/strong>\u00a060 ml au total (20 ml par r\u00e9servoir x 3 r\u00e9servoirs)<\/p>\n<p><strong>Type de bobine\u00a0:<\/strong>\u00a0Bobine triple maille 1.0\u03a9<\/p>\n<p><strong>Capacit\u00e9 de la batterie\u00a0:<\/strong>\u00a0650 mAh rechargeable<\/p>\n<p><strong>Port de chargement\u00a0:<\/strong>\u00a0Chargement rapide de type C<\/p>\n<p><strong>Options nicotiniques\u00a0:<\/strong>\u00a00%, 2%, 3%, 5%<\/p>\n<p><strong>Afficher:<\/strong>\u00a0\u00c9cran LED affichant l'\u00e9tat de la batterie et du e-liquide<\/p>\n<p><strong>Syst\u00e8me de saveur\u00a0:<\/strong>\u00a0Syst\u00e8me triple saveur (changez entre 3 saveurs)<\/p>\n<p><strong>Conditionnement:<\/strong>\u00a0Disponible au d\u00e9tail et en gros<\/p>\n<p>&nbsp;<\/p>\n<h3><span style=\"font-size: 90%;\">Bang DE 80000 | 80K Puffs | Liste des saveurs de vape jetables triple saveur 3 en 1\u00a0:<\/span><\/h3>\n<p>1. Glace \u00e0 la past\u00e8que, Red Bull et Fraise Kiwi<\/p>\n<p>2. Glace aux bleuets, fraise, past\u00e8que et citron vert<\/p>\n<p>3. Myrtille Past\u00e8que &amp; Kiwi Fruit de la Passion Goyave &amp; Past\u00e8que Bubble Gum<\/p>\n<p>4. Black Dragon Ice &amp; Sour Mangue Ananas &amp; Red Bull<\/p>\n<p>5. Fraise, past\u00e8que, baies m\u00e9lang\u00e9es et p\u00eache au citron<\/p>\n<p>6.Blueberry Razz &amp; Fraise Banane &amp; Ananas Noix de Coco<\/p>\n<p>7. Glace aux bleuets, triple melon et pomme raisin<\/p>\n<p>8. Past\u00e8que Fruit du Dragon &amp; Mangue P\u00eache &amp; Fraise Kiwi<\/p>\n<p>9. Coke myrtille, framboise, fraise, vanille et baies m\u00e9lang\u00e9es<\/p>\n<p>10.Glace \u00e0 la past\u00e8que et glace \u00e0 la fraise et goyave au fruit de la passion et au kiwi<\/p>\n<p>11.Blueberry Razz &amp; Black Dragon Ice &amp; Fizzy Cherry Ice<\/p>\n<p>12. Glace Cherry Cola &amp; Myrtille Past\u00e8que &amp; Fraise Mangue<\/p>\n<p><img loading=\"lazy\" decoding=\"async\" class=\"alignnone wp-image-457 size-full\" src=\"https:\/\/pgvape.com\/wp-content\/uploads\/2025\/07\/Bang-DE-80000-80K-Puffs-3-In-1-Triple-Flavor-Disposable-Vape-LED-Display-Vape-Factory-Wholesale-5.png\" alt=\"\" width=\"1500\" height=\"1227\" srcset=\"https:\/\/pgvape.com\/wp-content\/uploads\/2025\/07\/Bang-DE-80000-80K-Puffs-3-In-1-Triple-Flavor-Disposable-Vape-LED-Display-Vape-Factory-Wholesale-5.png 1500w, https:\/\/pgvape.com\/wp-content\/uploads\/2025\/07\/Bang-DE-80000-80K-Puffs-3-In-1-Triple-Flavor-Disposable-Vape-LED-Display-Vape-Factory-Wholesale-5-440x360.png 440w, https:\/\/pgvape.com\/wp-content\/uploads\/2025\/07\/Bang-DE-80000-80K-Puffs-3-In-1-Triple-Flavor-Disposable-Vape-LED-Display-Vape-Factory-Wholesale-5-595x487.png 595w, https:\/\/pgvape.com\/wp-content\/uploads\/2025\/07\/Bang-DE-80000-80K-Puffs-3-In-1-Triple-Flavor-Disposable-Vape-LED-Display-Vape-Factory-Wholesale-5-400x327.png 400w, https:\/\/pgvape.com\/wp-content\/uploads\/2025\/07\/Bang-DE-80000-80K-Puffs-3-In-1-Triple-Flavor-Disposable-Vape-LED-Display-Vape-Factory-Wholesale-5-768x628.png 768w, https:\/\/pgvape.com\/wp-content\/uploads\/2025\/07\/Bang-DE-80000-80K-Puffs-3-In-1-Triple-Flavor-Disposable-Vape-LED-Display-Vape-Factory-Wholesale-5-15x12.png 15w, https:\/\/pgvape.com\/wp-content\/uploads\/2025\/07\/Bang-DE-80000-80K-Puffs-3-In-1-Triple-Flavor-Disposable-Vape-LED-Display-Vape-Factory-Wholesale-5-600x491.png 600w, https:\/\/pgvape.com\/wp-content\/uploads\/2025\/07\/Bang-DE-80000-80K-Puffs-3-In-1-Triple-Flavor-Disposable-Vape-LED-Display-Vape-Factory-Wholesale-5-49x40.png 49w\" sizes=\"auto, (max-width: 1500px) 100vw, 1500px\" \/><\/p>\n<p>&nbsp;<\/p>\n<h3><span style=\"font-size: 90%;\">Bang DE 80000 | 80K Puffs | Vape jetable 3 en 1 triple saveur <\/span><strong>Vid\u00e9o<br \/>\n<\/strong><\/h3>\n<p><iframe loading=\"lazy\" title=\"Bang DE 80000 | 80K Puffs | Vape jetable 3 en 1 triple saveur | Vape Factory Direct pgvape\" width=\"1020\" height=\"574\" src=\"https:\/\/www.youtube.com\/embed\/HMc9pNSt3Kg?feature=oembed\" frameborder=\"0\" allow=\"accelerometer; autoplay; clipboard-write; encrypted-media; gyroscope; picture-in-picture; web-share\" referrerpolicy=\"strict-origin-when-cross-origin\" allowfullscreen><\/iframe><\/p>\n<p>&nbsp;<\/p>\n<h2><span style=\"font-size: 90%;\">FAQ sur Bang DE 80000 | 80 000 bouff\u00e9es | Vape jetable 3 en 1 triple saveur<\/span><\/h2>\n<p dir=\"auto\"><strong>Q1\u00a0: Combien de bouff\u00e9es puis-je obtenir avec le Bang DE 80000\u00a0?<\/strong><br \/>\nA1\u00a0:\u00a0Jusqu\u2019\u00e0 80\u00a0000 bouff\u00e9es par appareil.<\/p>\n<p dir=\"auto\"><strong>Q2\u00a0: Comment fonctionne le syst\u00e8me triple saveur\u00a0?<\/strong><br \/>\nA2 : Vous pouvez facilement basculer entre trois saveurs int\u00e9gr\u00e9es diff\u00e9rentes \u00e0 tout moment sans changer d'appareil.<\/p>\n<p dir=\"auto\"><strong>Q3\u00a0: Quels sont les dosages de nicotine disponibles\u00a0?<\/strong><br \/>\nA3 : L'appareil prend en charge les options de nicotine 0%, 2%, 3% et 5%.<\/p>\n<p dir=\"auto\"><strong>Q4 : La batterie est-elle rechargeable ?<\/strong><br \/>\nA4 : Oui, il dispose d\u2019une batterie rechargeable de 650 mAh avec une charge rapide de type C.<\/p>\n<p dir=\"auto\"><strong>Q5 : Quelle est la capacit\u00e9 du e-liquide ?<\/strong><br \/>\nA5 : L'appareil contient 60 ml d'e-liquide, r\u00e9partis uniform\u00e9ment dans trois r\u00e9servoirs de 20 ml.<\/p>\n<p dir=\"auto\"><strong>Q6\u00a0: Comment puis-je surveiller les niveaux de batterie et d\u2019e-liquide\u00a0?<\/strong><br \/>\nA6 : L'\u00e9cran LED affiche l'\u00e9tat de la batterie en temps r\u00e9el et les niveaux d'e-liquide.<\/p>\n<p dir=\"auto\"><strong>Q7\u00a0: Cet appareil est-il portable\u00a0?<\/strong><br \/>\nA7 : Oui, il pr\u00e9sente un design \u00e9l\u00e9gant et ergonomique, parfait pour une utilisation quotidienne et en voyage.<\/p>\n<h2><span style=\"font-size: 90%;\">\u00a0<\/span><\/h2>\n<h3 id=\"brxe-najhln\" class=\"brxe-heading\">Foire aux questions (FAQ)<\/h3>\n<div id=\"brxe-rajiac\" class=\"brxe-text\">\n<p><strong>Q : Quels modes de paiement acceptez-vous ?<\/strong><br \/>\nR\u00a0: Nous acceptons PayPal, Stripe, les virements bancaires (pris en charge par SEPA), les principales cartes de cr\u00e9dit (Visa, MasterCard, American Express) et les paiements en crypto-monnaie.<\/p>\n<p><strong>Q : Combien de temps prend la pr\u00e9paration d\u2019une commande ?<\/strong><br \/>\nR : La pr\u00e9paration de la commande prend 1 \u00e0 3 jours ouvrables.<\/p>\n<p><strong>Q : Quel est le d\u00e9lai de livraison ?<\/strong><br \/>\nR : Le d\u00e9lai de livraison est de 7 \u00e0 14 jours ouvrables, selon votre emplacement.<\/p>\n<p><strong>Q : Comment puis-je suivre ma commande ?<\/strong><br \/>\nR : Apr\u00e8s l'exp\u00e9dition, vous recevrez un e-mail de confirmation avec un num\u00e9ro de suivi pour un suivi en temps r\u00e9el.<\/p>\n<p><strong>Q : Quelle est votre politique de retour ?<\/strong><br \/>\nR : Nous proposons une politique de retour de 30 jours pour les remboursements ou les \u00e9changes. .<\/p>\n<p><strong>Q : Y aura-t-il des probl\u00e8mes douaniers ?<br \/>\n<\/strong>Nous prenons en charge toutes les proc\u00e9dures de d\u00e9douanement pour vous garantir une exp\u00e9rience sans tracas. .<\/p>\n<p><strong>Q : Quelles m\u00e9thodes d\u2019exp\u00e9dition sont utilis\u00e9es ?<\/strong><br \/>\nNous coop\u00e9rons avec UPS\/DHL\/FEDEX\/DPD, etc. Nous choisirons l'option d'exp\u00e9dition appropri\u00e9e en fonction du pays de livraison pour garantir que vous recevez vos produits le plus rapidement possible.<\/p>\n<p><a href=\"https:\/\/pgvape.com\/fr\/faq\/\"><span style=\"font-size: 100%;\">Cliquez ici pour plus de FAQ<\/span><\/a><\/p>\n<p>Chers clients, Si vous avez des questions concernant votre commande ou l'arriv\u00e9e des marchandises, n'h\u00e9sitez pas \u00e0 contacter notre service client. Merci !<\/p>\n<h3 data-sourcepos=\"73:1-73:21\"><span style=\"font-size: 90%;\"><strong data-sourcepos=\"73:7-73:21\">Contactez-nous<\/strong><\/span><\/h3>\n<div id=\"text-2419739398\" class=\"text\">\n<p><strong data-sourcepos=\"75:3-75:12\">E-mail<\/strong>:\u00a0<a href=\"mailto:support@pgvape.com\"><strong>support@pgvape.com<\/strong><\/a><\/p>\n<p><strong data-sourcepos=\"76:3-76:15\">WhatsApp<\/strong>: <a href=\"https:\/\/wa.me\/+8618128481258\"><strong>+86 18128481258<\/strong><\/a><br \/>\n<strong>(R\u00e9ponse sous 24h les jours ouvr\u00e9s)<\/strong><\/p>\n<\/div>\n<h3><strong><span style=\"font-size: 80%;\">Merci d'avoir choisi pgvape.com ! .<\/span><\/strong><\/h3>\n<\/div>","protected":false},"excerpt":{"rendered":"<p dir=\"auto\"><strong>Vape jetable Bang DE 80000<\/strong> offre un incroyable <strong>80 000 bouff\u00e9es<\/strong> avec un <strong>syst\u00e8me de triple saveur<\/strong>, vous permettant de basculer entre trois <strong>saveurs<\/strong> sur un seul appareil. <strong>Mettant en vedette<\/strong> 60 ml d'e-liquide, <strong>650 mAh rechargeable<\/strong> batterie, et <strong>Affichage LED<\/strong>, capacit\u00e9, une bobine triple maille,.<\/p>","protected":false},"featured_media":453,"comment_status":"open","ping_status":"closed","template":"","meta":{"_seopress_robots_primary_cat":"none","_seopress_titles_title":"","_seopress_titles_desc":"","_seopress_robots_index":""},"product_brand":[42,516],"product_cat":[41,34,515],"product_tag":[46,44,45,43,47],"class_list":{"0":"post-450","1":"product","2":"type-product","3":"status-publish","4":"has-post-thumbnail","6":"product_brand-bang-de-vape","7":"product_brand-disposable-vape","8":"product_cat-80k-puffs-vape","9":"product_cat-bang-de-vape","10":"product_cat-disposable-vape","11":"product_tag-3-in-1","12":"product_tag-80k-puffs","13":"product_tag-80k-vape","14":"product_tag-bang-de-80000","15":"product_tag-triple-flavor","17":"first","18":"instock","19":"sale","20":"shipping-taxable","21":"purchasable","22":"product-type-variable"},"_links":{"self":[{"href":"https:\/\/pgvape.com\/fr\/wp-json\/wp\/v2\/product\/450","targetHints":{"allow":["GET"]}}],"collection":[{"href":"https:\/\/pgvape.com\/fr\/wp-json\/wp\/v2\/product"}],"about":[{"href":"https:\/\/pgvape.com\/fr\/wp-json\/wp\/v2\/types\/product"}],"replies":[{"embeddable":true,"href":"https:\/\/pgvape.com\/fr\/wp-json\/wp\/v2\/comments?post=450"}],"wp:featuredmedia":[{"embeddable":true,"href":"https:\/\/pgvape.com\/fr\/wp-json\/wp\/v2\/media\/453"}],"wp:attachment":[{"href":"https:\/\/pgvape.com\/fr\/wp-json\/wp\/v2\/media?parent=450"}],"wp:term":[{"taxonomy":"product_brand","embeddable":true,"href":"https:\/\/pgvape.com\/fr\/wp-json\/wp\/v2\/product_brand?post=450"},{"taxonomy":"product_cat","embeddable":true,"href":"https:\/\/pgvape.com\/fr\/wp-json\/wp\/v2\/product_cat?post=450"},{"taxonomy":"product_tag","embeddable":true,"href":"https:\/\/pgvape.com\/fr\/wp-json\/wp\/v2\/product_tag?post=450"}],"curies":[{"name":"wp","href":"https:\/\/api.w.org\/{rel}","templated":true}]}}