{"id":4487,"date":"2025-10-25T11:42:30","date_gmt":"2025-10-25T11:42:30","guid":{"rendered":"https:\/\/pgvape.com\/?post_type=product&#038;p=4487"},"modified":"2026-01-14T12:56:55","modified_gmt":"2026-01-14T12:56:55","slug":"bang-legend-150000-150k-bouffees-6-en-1-saveurs-vape-jetable-vape-usine-directe","status":"publish","type":"product","link":"https:\/\/pgvape.com\/fr\/produit\/bang-legend-150000-150k-bouffees-6-en-1-saveurs-vape-jetable-vape-usine-directe\/","title":{"rendered":"Bang Legend 150000 150k Puffs 6 en 1 Saveurs Vape-Vape jetables directement en usine"},"content":{"rendered":"<p><strong data-sourcepos=\"4:5-4:47\">Vape jetable Bang Legend 150K Puffs<\/strong> red\u00e9finit l'endurance de vapotage avec <strong data-sourcepos=\"4:80-4:108\">150 000 bouff\u00e9es ultra-longues<\/strong> et <strong data-sourcepos=\"4:113-4:141\">Technologie de saveur 6 en 1<\/strong>. <strong data-sourcepos=\"4:155-4:177\">syst\u00e8me \u00e0 trois r\u00e9servoirs<\/strong>, <strong data-sourcepos=\"4:179-4:197\">Batterie 850 mAh<\/strong>, et <strong data-sourcepos=\"4:203-4:216\">bobine de maille<\/strong>, il propose <strong data-sourcepos=\"4:228-4:257\">Options de nicotine 2%\/3%\/5%<\/strong> et <strong data-sourcepos=\"4:262-4:297\">12 profils de saveurs personnalisables<\/strong>. <strong data-sourcepos=\"4:303-4:318\">Affichage LED<\/strong> suit l'utilisation tout en <strong data-sourcepos=\"4:338-4:357\">Chargement de type C<\/strong> assure des mises sous tension rapides. <strong data-sourcepos=\"4:400-4:415\">passionn\u00e9s<\/strong> et <strong data-sourcepos=\"4:420-4:433\">d\u00e9taillants<\/strong> avec <strong data-sourcepos=\"4:439-4:460\">Conditionnement de 10 unit\u00e9s<\/strong>.<\/p>\n<p>&nbsp;<\/p>\n<h2><span style=\"font-size: 100%;\">Bang Legend 150000 | 150k Puffs 6 en 1 Saveurs Vape jetable <strong data-sourcepos=\"6:5-6:27\">Caract\u00e9ristiques<\/strong><\/span><\/h2>\n<p><strong data-sourcepos=\"7:3-7:17\">Nombre de bouff\u00e9es<\/strong>:\u00a0<strong data-sourcepos=\"7:19-7:36\">150 000 bouff\u00e9es<\/strong><\/p>\n<p><strong data-sourcepos=\"8:3-8:19\">Modes de saveur<\/strong>:\u00a0<strong data-sourcepos=\"8:21-8:39\">6 combinaisons<\/strong>\u00a0(A\/B\/C\/AB\/AC\/BC)<\/p>\n<p><strong data-sourcepos=\"9:3-9:15\">Nicotine<\/strong>:\u00a0<strong data-sourcepos=\"9:17-9:33\">2% \/ 3% \/ 5%<\/strong><\/p>\n<p><strong data-sourcepos=\"10:3-10:12\">R\u00e9servoirs<\/strong>:\u00a0<strong data-sourcepos=\"10:14-10:36\">Syst\u00e8me \u00e0 trois r\u00e9servoirs<\/strong><\/p>\n<p><strong data-sourcepos=\"11:3-11:14\">Batterie<\/strong>:\u00a0<strong data-sourcepos=\"11:16-11:39\">850 mAh rechargeable<\/strong><\/p>\n<p><strong data-sourcepos=\"12:3-12:11\">Bobine<\/strong>:\u00a0<strong data-sourcepos=\"12:13-12:33\">Bobine maill\u00e9e (0,8\u03a9)<\/strong><\/p>\n<p><strong data-sourcepos=\"13:3-13:14\">Afficher<\/strong>:\u00a0<strong data-sourcepos=\"13:16-13:30\">\u00c9cran LED<\/strong><\/p>\n<p><strong data-sourcepos=\"14:3-14:15\">Chargement<\/strong>:\u00a0<strong data-sourcepos=\"14:17-14:41\">Chargement rapide de type C<\/strong><\/p>\n<p><strong data-sourcepos=\"15:3-15:16\">Conditionnement<\/strong>:\u00a0<strong data-sourcepos=\"15:18-15:40\">10 pi\u00e8ces\/bo\u00eete d'affichage<\/strong><\/p>\n<p>&nbsp;<\/p>\n<h3><span style=\"font-size: 100%;\">Bang Legend 150000 | 150k Puffs 6 en 1 Saveurs Vape jetable <strong data-sourcepos=\"22:5-22:25\">S\u00e9lection de saveurs<\/strong><\/span><\/h3>\n<p><strong>1. p\u00eache glace\/mangue p\u00eache\/myrtille p\u00eache\/p\u00eache glace mangue p\u00eache\/p\u00eache glace myrtille p\u00eache\/mangue p\u00eache myrtille p\u00eache<\/strong><\/p>\n<p><strong>2. glace \u00e0 l'ananas\/ananas noix de coco\/kiwi glace \u00e0 l'ananas\/glace \u00e0 l'ananas noix de coco\/ananas glace kiwi glace \u00e0 l'ananas\/ananas noix de coco kiwi glace \u00e0 l'ananas<\/strong><\/p>\n<p><strong>3. Glace aux raisins \/ bubble-gum aux raisins \/ raisins \u00e0 la framboise \/ bubble-gum aux raisins \u00e0 la glace \/ raisins aux raisins \u00e0 la framboise \/ bubble-gum aux raisins aux raisins \u00e0 la framboise<\/strong><\/p>\n<p><strong>4. glace \u00e0 la past\u00e8que\/baies de past\u00e8que\/fraise past\u00e8que\/glace \u00e0 la past\u00e8que baies de past\u00e8que\/glace \u00e0 la past\u00e8que fraise past\u00e8que\/baies de past\u00e8que fraise past\u00e8que<\/strong><\/p>\n<p><strong>5. glace aux myrtilles\/myrtille framboise\/myrtille canneberge cerise\/myrtille glace myrtille framboise\/myrtille glace myrtille canneberge cerise\/myrtille framboise myrtille canneberge cerise<\/strong><\/p>\n<p><strong>6. glace banane\/banane fraise\/acide citrique orange\/banane glace fraise banane\/banane glace acide citrique orange\/fraise banane acide citrique orange<\/strong><\/p>\n<p><strong>7. Glace aux pommes\/raisin de pomme\/raisin de myrtille\/raisin de pomme de glace de pomme\/raisin de myrtille de glace de pomme\/raisin de myrtille de raisin de pomme<\/strong><\/p>\n<p><strong>8. glace \u00e0 la mangue\/p\u00eache mangue past\u00e8que\/ours gommeux\/mangue glace p\u00eache mangue past\u00e8que\/mangue glace ours gommeux\/p\u00eache mangue past\u00e8que ours gommeux<\/strong><\/p>\n<p><strong>9. glace aux cerises\/baies m\u00e9lang\u00e9es\/cola rouge\/glace aux cerises baies m\u00e9lang\u00e9es\/cola rouge glace aux cerises\/cola rouge aux baies m\u00e9lang\u00e9es<\/strong><\/p>\n<p><strong>10.red bull \/ bubble gum past\u00e8que \/ love 66 \/ bubble gum past\u00e8que red bull \/ red bull love 66 \/ bubble gum past\u00e8que love 66<\/strong><\/p>\n<p><strong>11. glace \u00e0 la fraise \/ fraise kiwi \/ fraise litchi \/ fraise glace fraise kiwi \/ fraise glace fraise litchi \/ fraise kiwi fraise litchi<\/strong><\/p>\n<p><strong>12. fruit de la passion passionn\u00e9\/goyave citron vert\/fruit de la passion citron\/fruit de la passion passionn\u00e9 goyave citron vert\/fruit de la passion passionn\u00e9 citron fruit de la passion\/goyave citron vert fruit de la passion citron<\/strong><\/p>\n<p><img loading=\"lazy\" decoding=\"async\" class=\"alignnone wp-image-4493 size-full\" src=\"https:\/\/pgvape.com\/wp-content\/uploads\/2025\/10\/pgvape-Bang-Legend-150000-150k-Puffs-6-in-1-Flavors-Disposable-Vape-4.png\" alt=\"Douze appareils de vape noir brillant dispos\u00e9s dans une grille, chacun \u00e9tiquet\u00e9 avec une illustration vibrante de singe au n\u00e9on, des couleurs distinctes sur le th\u00e8me des fruits et des noms de saveurs, ainsi que de petites ic\u00f4nes et des guides num\u00e9rot\u00e9s de combinaison de saveurs imprim\u00e9s en dessous.\" width=\"1292\" height=\"1500\" srcset=\"https:\/\/pgvape.com\/wp-content\/uploads\/2025\/10\/pgvape-Bang-Legend-150000-150k-Puffs-6-in-1-Flavors-Disposable-Vape-4.png 1292w, https:\/\/pgvape.com\/wp-content\/uploads\/2025\/10\/pgvape-Bang-Legend-150000-150k-Puffs-6-in-1-Flavors-Disposable-Vape-4-310x360.png 310w, https:\/\/pgvape.com\/wp-content\/uploads\/2025\/10\/pgvape-Bang-Legend-150000-150k-Puffs-6-in-1-Flavors-Disposable-Vape-4-595x691.png 595w, https:\/\/pgvape.com\/wp-content\/uploads\/2025\/10\/pgvape-Bang-Legend-150000-150k-Puffs-6-in-1-Flavors-Disposable-Vape-4-345x400.png 345w, https:\/\/pgvape.com\/wp-content\/uploads\/2025\/10\/pgvape-Bang-Legend-150000-150k-Puffs-6-in-1-Flavors-Disposable-Vape-4-768x892.png 768w, https:\/\/pgvape.com\/wp-content\/uploads\/2025\/10\/pgvape-Bang-Legend-150000-150k-Puffs-6-in-1-Flavors-Disposable-Vape-4-10x12.png 10w, https:\/\/pgvape.com\/wp-content\/uploads\/2025\/10\/pgvape-Bang-Legend-150000-150k-Puffs-6-in-1-Flavors-Disposable-Vape-4-600x697.png 600w, https:\/\/pgvape.com\/wp-content\/uploads\/2025\/10\/pgvape-Bang-Legend-150000-150k-Puffs-6-in-1-Flavors-Disposable-Vape-4-34x40.png 34w\" sizes=\"auto, (max-width: 1292px) 100vw, 1292px\" \/><\/p>\n<p>&nbsp;<\/p>\n<h3><span style=\"font-size: 90%;\">Bang Legend 150000 | 150k Puffs 6 en 1 Saveurs Vape jetable <strong>Vid\u00e9o<\/strong>:<\/span><\/h3>\n<p>&nbsp;<\/p>\n<h2><span style=\"font-size: 100%;\">FAQ sur Bang Legend 150000 | 150 000 bouff\u00e9es 6 en 1 saveurs vape jetable<\/span><\/h2>\n<p data-sourcepos=\"25:1-26:100\">\u2753 <strong data-sourcepos=\"25:3-25:35\">Comment fonctionne l'ar\u00f4me 6 en 1 ?<\/strong><br \/>\n\u2705 M\u00e9langer <strong data-sourcepos=\"26:7-26:26\">2-3 saveurs au choix<\/strong> des triples r\u00e9servoirs pour <strong data-sourcepos=\"26:53-26:70\">m\u00e9langes personnalis\u00e9s<\/strong> ou d\u00e9gustez-les individuellement.<\/p>\n<p data-sourcepos=\"28:1-29:88\">\u2753 <strong data-sourcepos=\"28:3-28:31\">Qu'est-ce qui garantit 150 000 bouff\u00e9es\u00a0?<\/strong><br \/>\n\u2705 <strong data-sourcepos=\"29:3-29:35\">Conception optimis\u00e9e \u00e0 trois r\u00e9servoirs<\/strong> + <strong data-sourcepos=\"29:38-29:61\">bobine de maille efficace<\/strong> maximiser l\u2019utilisation du e-liquide.<\/p>\n<p data-sourcepos=\"31:1-32:82\">\u2753 <strong data-sourcepos=\"31:3-31:38\">La production de vapeur est-elle impressionnante ?<\/strong><br \/>\n\u2705 <strong data-sourcepos=\"32:3-32:16\">Bobine de maille<\/strong> livre <strong data-sourcepos=\"32:26-32:47\">40% nuages \u200b\u200bplus denses<\/strong> avec <strong data-sourcepos=\"32:53-32:79\">z\u00e9ro compromis de saveur<\/strong>.<\/p>\n<p data-sourcepos=\"34:1-35:83\">\u2753 <strong data-sourcepos=\"34:3-34:30\">Un emballage pr\u00eat \u00e0 la vente au d\u00e9tail\u00a0?<br \/>\n<\/strong> \u2705 <strong data-sourcepos=\"35:3-35:36\">Pr\u00e9sentoirs accrocheurs de 10 unit\u00e9s<\/strong> avec <strong data-sourcepos=\"35:42-35:66\">guides de matrice de saveurs<\/strong> pour les clients.<\/p>\n<p>&nbsp;<\/p>\n<h3 id=\"brxe-najhln\" class=\"brxe-heading\">Foire aux questions (FAQ)<\/h3>\n<div id=\"brxe-rajiac\" class=\"brxe-text\">\n<p><strong>Q : Quels modes de paiement acceptez-vous ?<\/strong><br \/>\nR\u00a0: Nous acceptons PayPal, Stripe, les virements bancaires (pris en charge par SEPA), les principales cartes de cr\u00e9dit (Visa, MasterCard, American Express) et les paiements en crypto-monnaie.<\/p>\n<p><strong>Q : Combien de temps prend la pr\u00e9paration d\u2019une commande ?<\/strong><br \/>\nR : La pr\u00e9paration de la commande prend 1 \u00e0 3 jours ouvrables.<\/p>\n<p><strong>Q : Quel est le d\u00e9lai de livraison ?<\/strong><br \/>\nR : Le d\u00e9lai de livraison est de 7 \u00e0 14 jours ouvrables, selon votre emplacement.<\/p>\n<p><strong>Q : Comment puis-je suivre ma commande ?<\/strong><br \/>\nR : Apr\u00e8s l'exp\u00e9dition, vous recevrez un e-mail de confirmation avec un num\u00e9ro de suivi pour un suivi en temps r\u00e9el.<\/p>\n<p><strong>Q : Quelle est votre politique de retour ?<\/strong><br \/>\nR : Nous proposons une politique de retour de 30 jours pour les remboursements ou les \u00e9changes. .<\/p>\n<p><strong>Q : Y aura-t-il des probl\u00e8mes douaniers ?<br \/>\n<\/strong>Nous prenons en charge toutes les proc\u00e9dures de d\u00e9douanement pour vous garantir une exp\u00e9rience sans tracas. .<\/p>\n<p><strong>Q : Quelles m\u00e9thodes d\u2019exp\u00e9dition sont utilis\u00e9es ?<\/strong><br \/>\nNous coop\u00e9rons avec UPS\/DHL\/FEDEX\/DPD, etc. Nous choisirons l'option d'exp\u00e9dition appropri\u00e9e en fonction du pays de livraison pour garantir que vous recevez vos produits le plus rapidement possible.<\/p>\n<p><a href=\"https:\/\/pgvape.com\/fr\/faq\/\">Cliquez ici pour plus de FAQ<\/a><\/p>\n<p>Chers clients, Si vous avez des questions concernant votre commande ou l'arriv\u00e9e des marchandises, n'h\u00e9sitez pas \u00e0 contacter notre service client. Merci !<\/p>\n<h3 data-sourcepos=\"73:1-73:21\"><strong data-sourcepos=\"73:7-73:21\">Contactez-nous<\/strong><\/h3>\n<div id=\"text-2419739398\" class=\"text\">\n<p><strong data-sourcepos=\"75:3-75:12\">E-mail<\/strong>:\u00a0<a href=\"mailto:support@pgvape.com\"><strong>support@pgvape.com<\/strong><\/a><\/p>\n<p><strong data-sourcepos=\"76:3-76:15\">WhatsApp<\/strong>: <a href=\"https:\/\/wa.me\/+8618128481258\"><strong>+86 18128481258<\/strong><\/a><br \/>\n<strong>(R\u00e9ponse sous 24h les jours ouvr\u00e9s)<\/strong><\/p>\n<\/div>\n<h3><strong>Merci d'avoir choisi pgvape.com ! .<\/strong><\/h3>\n<\/div>","protected":false},"excerpt":{"rendered":"<p><strong data-sourcepos=\"38:5-38:25\">Bang L\u00e9gende 150K<\/strong> \u00e9tablit la r\u00e9f\u00e9rence avec <strong data-sourcepos=\"38:50-38:77\">in\u00e9gal\u00e9 150 000 bouff\u00e9es<\/strong>, <strong data-sourcepos=\"38:79-38:106\">flexibilit\u00e9 du triple r\u00e9servoir<\/strong>, et <strong data-sourcepos=\"38:112-38:133\">12 syst\u00e8mes de saveurs<\/strong>. . <strong data-sourcepos=\"38:160-38:181\">long\u00e9vit\u00e9 extr\u00eame<\/strong> et <strong data-sourcepos=\"38:186-38:208\">Id\u00e9al pour les vapoteurs souhaitant<\/strong>.<\/p>","protected":false},"featured_media":4491,"comment_status":"open","ping_status":"closed","template":"","meta":{"_seopress_robots_primary_cat":"none","_seopress_titles_title":"%%post_title%% %%sep%% %%sitetitle%%","_seopress_titles_desc":"","_seopress_robots_index":""},"product_brand":[72,516],"product_cat":[368,71,515],"product_tag":[370,253,369,90,59,217],"class_list":{"0":"post-4487","1":"product","2":"type-product","3":"status-publish","4":"has-post-thumbnail","6":"product_brand-bang-legend-vape","7":"product_brand-disposable-vape","8":"product_cat-150k-puffs-vape","9":"product_cat-bang-legend-vape","10":"product_cat-disposable-vape","11":"product_tag-150k-puffs-vape","12":"product_tag-6-in-1-flavors","13":"product_tag-bang-legend-150000","14":"product_tag-disposable-vape","15":"product_tag-mouth-to-lung-mtl","16":"product_tag-smart-display-screen","18":"first","19":"instock","20":"sale","21":"shipping-taxable","22":"purchasable","23":"product-type-variable"},"_links":{"self":[{"href":"https:\/\/pgvape.com\/fr\/wp-json\/wp\/v2\/product\/4487","targetHints":{"allow":["GET"]}}],"collection":[{"href":"https:\/\/pgvape.com\/fr\/wp-json\/wp\/v2\/product"}],"about":[{"href":"https:\/\/pgvape.com\/fr\/wp-json\/wp\/v2\/types\/product"}],"replies":[{"embeddable":true,"href":"https:\/\/pgvape.com\/fr\/wp-json\/wp\/v2\/comments?post=4487"}],"wp:featuredmedia":[{"embeddable":true,"href":"https:\/\/pgvape.com\/fr\/wp-json\/wp\/v2\/media\/4491"}],"wp:attachment":[{"href":"https:\/\/pgvape.com\/fr\/wp-json\/wp\/v2\/media?parent=4487"}],"wp:term":[{"taxonomy":"product_brand","embeddable":true,"href":"https:\/\/pgvape.com\/fr\/wp-json\/wp\/v2\/product_brand?post=4487"},{"taxonomy":"product_cat","embeddable":true,"href":"https:\/\/pgvape.com\/fr\/wp-json\/wp\/v2\/product_cat?post=4487"},{"taxonomy":"product_tag","embeddable":true,"href":"https:\/\/pgvape.com\/fr\/wp-json\/wp\/v2\/product_tag?post=4487"}],"curies":[{"name":"wp","href":"https:\/\/api.w.org\/{rel}","templated":true}]}}