{"id":4174,"date":"2025-10-24T09:20:14","date_gmt":"2025-10-24T09:20:14","guid":{"rendered":"https:\/\/pgvape.com\/?post_type=product&#038;p=4174"},"modified":"2026-03-24T18:10:38","modified_gmt":"2026-03-24T18:10:38","slug":"bang-king-30000-30k-bouffees-double-gout-vape-jetable-vape-usine-directe","status":"publish","type":"product","link":"https:\/\/pgvape.com\/fr\/produit\/bang-king-30000-30k-bouffees-double-gout-vape-jetable-vape-usine-directe\/","title":{"rendered":"Bang King 30000 30K Puffs Double Go\u00fbt Vape-Vape Jetable Direct Usine"},"content":{"rendered":"<p><strong data-sourcepos=\"4:5-4:58\">Bang King 30000Puffs Vape jetable \u00e0 double go\u00fbt<\/strong> livre <strong data-sourcepos=\"4:68-4:96\">plaisir de vapotage prolong\u00e9<\/strong> avec son <strong data-sourcepos=\"4:106-4:128\">syst\u00e8me \u00e0 deux saveurs<\/strong> et <strong data-sourcepos=\"4:133-4:157\">Capacit\u00e9 de 30 000 bouff\u00e9es<\/strong>. <strong data-sourcepos=\"4:171-4:191\">Bobine de maille de 1,0 ohm<\/strong> pour <strong data-sourcepos=\"4:196-4:223\">production de vapeur douce<\/strong> et <strong data-sourcepos=\"4:228-4:254\">Capacit\u00e9 e-liquide 36 ml<\/strong>, il propose <strong data-sourcepos=\"4:266-4:298\">Options de nicotine 0%\/2%\/3%\/5%<\/strong> pour r\u00e9pondre \u00e0 diff\u00e9rentes pr\u00e9f\u00e9rences. <strong data-sourcepos=\"4:334-4:365\">Batterie rechargeable de 550 mAh<\/strong> avec <strong data-sourcepos=\"4:371-4:390\">Chargement de type C<\/strong> et <strong data-sourcepos=\"4:395-4:410\">Affichage LED<\/strong> assure une utilisation pratique.<\/p>\n<p>&nbsp;<\/p>\n<h2><span style=\"font-size: 90%;\">Bang King 30000 | 30K Puffs Vape jetable \u00e0 double go\u00fbt Sp\u00e9cifications du produit<\/span><\/h2>\n<p><strong data-sourcepos=\"7:3-7:17\">Nombre de bouff\u00e9es<\/strong>: 30 000 bouff\u00e9es<\/p>\n<p><strong data-sourcepos=\"8:3-8:11\">Bobine<\/strong>: Bobine de maille de 1,0 ohm<\/p>\n<p><strong data-sourcepos=\"9:3-9:24\">Capacit\u00e9 e-liquide<\/strong>: 36 ml<\/p>\n<p><strong data-sourcepos=\"10:3-10:25\">Points forts de la nicotine<\/strong>: 0%\/2%\/3%\/5%<\/p>\n<p><strong data-sourcepos=\"11:3-11:14\">Batterie<\/strong>: 550mAh rechargeable<\/p>\n<p><strong data-sourcepos=\"12:3-12:15\">Chargement<\/strong>: Port de type C<\/p>\n<p><strong data-sourcepos=\"13:3-13:14\">Afficher<\/strong>: \u00c9cran num\u00e9rique LED<\/p>\n<p><strong data-sourcepos=\"14:3-14:14\">Fonctionnalit\u00e9<\/strong>: Technologie double go\u00fbt<\/p>\n<p><strong data-sourcepos=\"15:3-15:16\">Conditionnement<\/strong>: 10 pi\u00e8ces\/bo\u00eete de pr\u00e9sentation<\/p>\n<p>&nbsp;<\/p>\n<h3><span style=\"font-size: 90%;\">Bang King 30000 | 30K Puffs Combinaisons de saveurs de vape jetables \u00e0 double go\u00fbt<\/span><\/h3>\n<p><strong data-sourcepos=\"18:4-18:39\">1. Glace \u00e0 la past\u00e8que et menthe aux bleuets<\/strong><\/p>\n<p><strong data-sourcepos=\"19:4-19:41\">2. Glace past\u00e8que et fraise mangue<\/strong><\/p>\n<p><strong data-sourcepos=\"20:4-20:56\">3.Fraise, past\u00e8que et kiwi, fruit de la passion, goyave<\/strong><\/p>\n<p><strong data-sourcepos=\"21:4-21:41\">4. Glace \u00e0 la fraise, \u00e0 la past\u00e8que et au raisin<\/strong><\/p>\n<p><strong data-sourcepos=\"22:4-22:40\">5. Glace aux bleuets et glace au dragon noir<\/strong><\/p>\n<p><strong data-sourcepos=\"23:4-23:41\">6. Glace aux bleuets et banane aux fraises<\/strong><\/p>\n<p><strong data-sourcepos=\"24:4-24:39\">7. Past\u00e8que Red Bull et myrtille<\/strong><\/p>\n<p><strong data-sourcepos=\"25:4-25:42\">8. Bonbons \u00e0 bulles Red Bull et past\u00e8que<\/strong><\/p>\n<p><strong data-sourcepos=\"26:4-26:52\">9. Myrtille Framboise &amp; P\u00eache Mangue Past\u00e8que<\/strong><\/p>\n<p><strong data-sourcepos=\"27:5-27:42\">10. Myrtille, Framboise et Fruits M\u00e9lang\u00e9s<\/strong><\/p>\n<p><strong data-sourcepos=\"28:5-28:36\">11. Glace aux fraises, kiwi et p\u00eache<\/strong><\/p>\n<p><strong data-sourcepos=\"29:5-29:47\">12.Fraise Kiwi &amp; Pomme Aigre Framboise<br \/>\n<img loading=\"lazy\" decoding=\"async\" class=\"alignnone wp-image-4182 size-full\" src=\"https:\/\/pgvape.com\/wp-content\/uploads\/2025\/10\/pgvape-Bang-King-30000-Puffs-Double-Taste-Disposable-Vape-2.png\" alt=\"\" width=\"737\" height=\"1200\" srcset=\"https:\/\/pgvape.com\/wp-content\/uploads\/2025\/10\/pgvape-Bang-King-30000-Puffs-Double-Taste-Disposable-Vape-2.png 737w, https:\/\/pgvape.com\/wp-content\/uploads\/2025\/10\/pgvape-Bang-King-30000-Puffs-Double-Taste-Disposable-Vape-2-221x360.png 221w, https:\/\/pgvape.com\/wp-content\/uploads\/2025\/10\/pgvape-Bang-King-30000-Puffs-Double-Taste-Disposable-Vape-2-595x969.png 595w, https:\/\/pgvape.com\/wp-content\/uploads\/2025\/10\/pgvape-Bang-King-30000-Puffs-Double-Taste-Disposable-Vape-2-246x400.png 246w, https:\/\/pgvape.com\/wp-content\/uploads\/2025\/10\/pgvape-Bang-King-30000-Puffs-Double-Taste-Disposable-Vape-2-7x12.png 7w, https:\/\/pgvape.com\/wp-content\/uploads\/2025\/10\/pgvape-Bang-King-30000-Puffs-Double-Taste-Disposable-Vape-2-600x977.png 600w, https:\/\/pgvape.com\/wp-content\/uploads\/2025\/10\/pgvape-Bang-King-30000-Puffs-Double-Taste-Disposable-Vape-2-25x40.png 25w\" sizes=\"auto, (max-width: 737px) 100vw, 737px\" \/><\/strong><\/p>\n<p>&nbsp;<\/p>\n<h3><span style=\"font-size: 90%;\">Vid\u00e9o de vape jetable \u00e0 double go\u00fbt Bang King 30000 | 30 000 bouff\u00e9es\u00a0:<\/span><\/h3>\n<p>&nbsp;<\/p>\n<h2><span style=\"font-size: 90%;\">FAQ sur Bang King 30000 | Vape jetable \u00e0 double go\u00fbt de 30 000 bouff\u00e9es<\/span><\/h2>\n<p data-sourcepos=\"32:1-33:79\">\u2753 <strong data-sourcepos=\"32:3-32:46\">Comment fonctionne la fonction double go\u00fbt\u00a0?<\/strong><br \/>\n\u2705 Basculez facilement entre <strong data-sourcepos=\"33:25-33:50\">deux saveurs diff\u00e9rentes<\/strong> dans un seul appareil pour plus de vari\u00e9t\u00e9.<\/p>\n<p data-sourcepos=\"35:1-36:75\">\u2753 <strong data-sourcepos=\"35:3-35:36\">Combien de temps durera cette vape ?<\/strong><br \/>\n\u2705Avec <strong data-sourcepos=\"36:8-36:24\">30 000 bouff\u00e9es<\/strong> et <strong data-sourcepos=\"36:29-36:46\">Capacit\u00e9 de 36 ml<\/strong>, il permet une utilisation prolong\u00e9e.<\/p>\n<p data-sourcepos=\"38:1-39:73\">\u2753 <strong data-sourcepos=\"38:3-38:41\">Qu\u2019est-ce qui rend la qualit\u00e9 de la vapeur bonne\u00a0?<\/strong><br \/>\n\u2705Le <strong data-sourcepos=\"39:7-39:27\">Bobine de maille de 1,0 ohm<\/strong> assure une production de vapeur douce et savoureuse.<\/p>\n<p data-sourcepos=\"41:1-42:69\">\u2753 <strong data-sourcepos=\"41:3-41:47\">Puis-je v\u00e9rifier les niveaux de batterie et d\u2019e-liquide ?<\/strong><br \/>\n\u2705Le <strong data-sourcepos=\"42:7-42:22\">Affichage LED<\/strong> affiche les niveaux restants de la batterie et du e-liquide.<\/p>\n<p data-sourcepos=\"44:1-45:74\">\u2753 <strong data-sourcepos=\"44:3-44:30\">Est-ce facile de recharger ?<br \/>\n<\/strong> \u2705Le <strong data-sourcepos=\"45:7-45:31\">Port de chargement de type C<\/strong> permet une recharge rapide et pratique.<\/p>\n<p>&nbsp;<\/p>\n<h3 id=\"brxe-najhln\" class=\"brxe-heading\">Foire aux questions (FAQ)<\/h3>\n<div id=\"brxe-rajiac\" class=\"brxe-text\">\n<p><strong>Q : Quels modes de paiement acceptez-vous ?<\/strong><br \/>\nR\u00a0: Nous acceptons PayPal, Stripe, les virements bancaires (pris en charge par SEPA), les principales cartes de cr\u00e9dit (Visa, MasterCard, American Express) et les paiements en crypto-monnaie.<\/p>\n<p><strong>Q : Combien de temps prend la pr\u00e9paration d\u2019une commande ?<\/strong><br \/>\nR : La pr\u00e9paration de la commande prend 1 \u00e0 3 jours ouvrables.<\/p>\n<p><strong>Q : Quel est le d\u00e9lai de livraison ?<\/strong><br \/>\nR : Le d\u00e9lai de livraison est de 7 \u00e0 14 jours ouvrables, selon votre emplacement.<\/p>\n<p><strong>Q : Comment puis-je suivre ma commande ?<\/strong><br \/>\nR : Apr\u00e8s l'exp\u00e9dition, vous recevrez un e-mail de confirmation avec un num\u00e9ro de suivi pour un suivi en temps r\u00e9el.<\/p>\n<p><strong>Q : Quelle est votre politique de retour ?<\/strong><br \/>\nR : Nous proposons une politique de retour de 30 jours pour les remboursements ou les \u00e9changes. .<\/p>\n<p><strong>Q : Y aura-t-il des probl\u00e8mes douaniers ?<br \/>\n<\/strong>Nous prenons en charge toutes les proc\u00e9dures de d\u00e9douanement pour vous garantir une exp\u00e9rience sans tracas. .<\/p>\n<p><strong>Q : Quelles m\u00e9thodes d\u2019exp\u00e9dition sont utilis\u00e9es ?<\/strong><br \/>\nNous coop\u00e9rons avec UPS\/DHL\/FEDEX\/DPD, etc. Nous choisirons l'option d'exp\u00e9dition appropri\u00e9e en fonction du pays de livraison pour garantir que vous recevez vos produits le plus rapidement possible.<\/p>\n<p><a href=\"https:\/\/pgvape.com\/fr\/faq\/\">Cliquez ici pour plus de FAQ<\/a><\/p>\n<p>Chers clients, Si vous avez des questions concernant votre commande ou l'arriv\u00e9e des marchandises, n'h\u00e9sitez pas \u00e0 contacter notre service client. Merci !<\/p>\n<h3 data-sourcepos=\"73:1-73:21\"><strong data-sourcepos=\"73:7-73:21\">Contactez-nous<\/strong><\/h3>\n<div id=\"text-2419739398\" class=\"text\">\n<p><strong data-sourcepos=\"75:3-75:12\">E-mail<\/strong>:\u00a0<a href=\"mailto:support@pgvape.com\"><strong>support@pgvape.com<\/strong><\/a><\/p>\n<p><strong data-sourcepos=\"76:3-76:15\">WhatsApp<\/strong>: <a href=\"https:\/\/wa.me\/+8618128481258\"><strong>+86 18128481258<\/strong><\/a><br \/>\n<strong>(R\u00e9ponse sous 24h les jours ouvr\u00e9s)<\/strong><\/p>\n<\/div>\n<h3><strong>Merci d'avoir choisi pgvape.com ! .<\/strong><\/h3>\n<\/div>","protected":false},"excerpt":{"rendered":"<p><strong data-sourcepos=\"48:5-48:29\">Bang King 30000Puffs<\/strong> offres <strong data-sourcepos=\"48:37-48:64\">polyvalence \u00e0 deux saveurs<\/strong>, <strong data-sourcepos=\"48:66-48:92\">capacit\u00e9 \u00e9tendue de 36 ml<\/strong>, et <strong data-sourcepos=\"48:98-48:122\">technologie de bobine de maille<\/strong> pour une exp\u00e9rience de vape satisfaisante avec <strong data-sourcepos=\"48:163-48:189\">12 combinaisons de saveurs<\/strong> et <strong data-sourcepos=\"48:194-48:223\">plusieurs options de nicotine<\/strong>.<\/p>","protected":false},"featured_media":4183,"comment_status":"open","ping_status":"closed","template":"","meta":{"_seopress_robots_primary_cat":"none","_seopress_titles_title":"%%post_title%% %%sep%% %%sitetitle%%","_seopress_titles_desc":"","_seopress_robots_index":""},"product_brand":[19,516],"product_cat":[35,18,515],"product_tag":[349,348,90,68,79],"class_list":{"0":"post-4174","1":"product","2":"type-product","3":"status-publish","4":"has-post-thumbnail","6":"product_brand-bang-king-vape","7":"product_brand-disposable-vape","8":"product_cat-30k-puffs-vape","9":"product_cat-bang-king-vape","10":"product_cat-disposable-vape","11":"product_tag-30k-puffs-vape","12":"product_tag-bang-king-30000","13":"product_tag-disposable-vape","14":"product_tag-double-taste","15":"product_tag-led-display","17":"first","18":"instock","19":"sale","20":"shipping-taxable","21":"purchasable","22":"product-type-variable"},"_links":{"self":[{"href":"https:\/\/pgvape.com\/fr\/wp-json\/wp\/v2\/product\/4174","targetHints":{"allow":["GET"]}}],"collection":[{"href":"https:\/\/pgvape.com\/fr\/wp-json\/wp\/v2\/product"}],"about":[{"href":"https:\/\/pgvape.com\/fr\/wp-json\/wp\/v2\/types\/product"}],"replies":[{"embeddable":true,"href":"https:\/\/pgvape.com\/fr\/wp-json\/wp\/v2\/comments?post=4174"}],"wp:featuredmedia":[{"embeddable":true,"href":"https:\/\/pgvape.com\/fr\/wp-json\/wp\/v2\/media\/4183"}],"wp:attachment":[{"href":"https:\/\/pgvape.com\/fr\/wp-json\/wp\/v2\/media?parent=4174"}],"wp:term":[{"taxonomy":"product_brand","embeddable":true,"href":"https:\/\/pgvape.com\/fr\/wp-json\/wp\/v2\/product_brand?post=4174"},{"taxonomy":"product_cat","embeddable":true,"href":"https:\/\/pgvape.com\/fr\/wp-json\/wp\/v2\/product_cat?post=4174"},{"taxonomy":"product_tag","embeddable":true,"href":"https:\/\/pgvape.com\/fr\/wp-json\/wp\/v2\/product_tag?post=4174"}],"curies":[{"name":"wp","href":"https:\/\/api.w.org\/{rel}","templated":true}]}}