{"id":4144,"date":"2025-10-24T07:21:17","date_gmt":"2025-10-24T07:21:17","guid":{"rendered":"https:\/\/pgvape.com\/?post_type=product&#038;p=4144"},"modified":"2026-01-27T11:50:07","modified_gmt":"2026-01-27T11:50:07","slug":"bang-king-30000-pro-30k-bouffees-vape-jetable-double-maille-vape-directe-dusine","status":"publish","type":"product","link":"https:\/\/pgvape.com\/fr\/produit\/bang-king-30000-pro-30k-bouffees-vape-jetable-double-maille-vape-directe-dusine\/","title":{"rendered":"Bang King 30000 PRO 30K Puffs Vape jetable double maille Vape usine directe"},"content":{"rendered":"<p><strong data-sourcepos=\"6:5-6:44\">Vape jetable Bang King 30000 PRO<\/strong> Livre <strong data-sourcepos=\"6:54-6:70\">30 000 bouff\u00e9es<\/strong> De <strong data-sourcepos=\"6:74-6:104\">Saveur pure et ininterrompue<\/strong> Gr\u00e2ce \u00e0 son <strong data-sourcepos=\"6:117-6:143\">Capacit\u00e9 e-liquide de 36 ml<\/strong> Et <strong data-sourcepos=\"6:148-6:172\">Syst\u00e8me \u00e0 saveur unique<\/strong>. <strong data-sourcepos=\"6:215-6:245\">Intensit\u00e9 gustative constante<\/strong> De la premi\u00e8re \u00e0 la derni\u00e8re bouff\u00e9e. <strong data-sourcepos=\"6:285-6:308\">Bobine de maille efficace<\/strong> Et <strong data-sourcepos=\"6:313-6:337\">Batterie longue dur\u00e9e<\/strong>, c'est le choix id\u00e9al pour les vapoteurs qui exigent <strong data-sourcepos=\"6:383-6:423\">Profils de saveurs authentiques et durables<\/strong>.<\/p>\n<p>&nbsp;<\/p>\n<h2><span style=\"font-size: 90%;\">Bang King 30000 PRO | Vape jetable 30 000 bouff\u00e9es <strong data-sourcepos=\"10:5-10:31\">Sp\u00e9cifications du produit<\/strong><\/span><\/h2>\n<p><strong data-sourcepos=\"11:3-11:17\">Nombre de bouff\u00e9es<\/strong>:\u00a0<strong data-sourcepos=\"11:19-11:35\">30 000 bouff\u00e9es<\/strong><\/p>\n<p><strong data-sourcepos=\"12:3-12:24\">Capacit\u00e9 e-liquide<\/strong>:\u00a0<strong data-sourcepos=\"12:26-12:46\">R\u00e9servoir unique de 36 ml<\/strong><\/p>\n<p><strong data-sourcepos=\"13:3-13:20\">Syst\u00e8me de saveur<\/strong>:\u00a0<strong data-sourcepos=\"13:22-13:49\">Saveur unique d\u00e9di\u00e9e<\/strong><\/p>\n<p><strong data-sourcepos=\"14:3-14:22\">Technologie de bobine<\/strong>:\u00a0<strong data-sourcepos=\"14:24-14:37\">Bobine de maille<\/strong><\/p>\n<p><strong data-sourcepos=\"15:3-15:14\">Batterie<\/strong>:\u00a0<strong data-sourcepos=\"15:16-15:46\">Rechargeable haute capacit\u00e9<\/strong><\/p>\n<p><strong data-sourcepos=\"16:3-16:24\">Force de la nicotine<\/strong>:\u00a0<strong data-sourcepos=\"16:26-16:39\">5% (50 mg)<\/strong><\/p>\n<p><strong data-sourcepos=\"17:3-17:15\">Chargement<\/strong>:\u00a0<strong data-sourcepos=\"17:17-17:41\">Chargement rapide de type C<\/strong><\/p>\n<p><strong data-sourcepos=\"18:3-18:14\">Emballer<\/strong>:\u00a0<strong data-sourcepos=\"18:16-18:38\">10 pi\u00e8ces\/bo\u00eete d'affichage<\/strong><\/p>\n<p>&nbsp;<\/p>\n<h3><span style=\"font-size: 90%;\">Bang King 30000 PRO | Vape jetable 30 000 bouff\u00e9es <strong data-sourcepos=\"22:5-22:20\">Liste des saveurs<\/strong><\/span><\/h3>\n<p><strong data-sourcepos=\"23:4-23:18\">1. Past\u00e8que<\/strong>\u00a0\u2013 Rafra\u00eechissement juteux classique<\/p>\n<p><strong data-sourcepos=\"24:4-24:27\">2. Myrtille Framboise<\/strong>\u00a0\u2013 Fusion de baies acidul\u00e9es et sucr\u00e9es<\/p>\n<p><strong data-sourcepos=\"25:4-25:23\">3.Kiwi aux fraises<\/strong>\u00a0\u2013 Harmonie des fruits tropicaux<\/p>\n<p><strong data-sourcepos=\"26:4-26:29\">4. Past\u00e8que aux fraises<\/strong>\u00a0\u2013 Double Douceur<\/p>\n<p><strong data-sourcepos=\"27:4-27:22\">5. Razz bleu menthe<\/strong>\u00a0\u2013 Explosion de baies fra\u00eeches<\/p>\n<p><strong data-sourcepos=\"28:4-28:21\">6. Glace aux bleuets<\/strong>\u00a0\u2013 Sensation de baies givr\u00e9es<\/p>\n<p><strong data-sourcepos=\"29:4-29:20\">7.Triple Baie<\/strong>\u00a0\u2013 M\u00e9lange de baies triples<\/p>\n<p><strong data-sourcepos=\"30:4-30:18\">8. Menthe fra\u00eeche<\/strong>\u00a0\u2013 Puret\u00e9 rafra\u00eechissante<\/p>\n<p><strong data-sourcepos=\"31:4-31:25\">9. Cerise past\u00e8que<\/strong>\u00a0\u2013 M\u00e9lange de fruits rouges juteux<\/p>\n<p><strong data-sourcepos=\"32:5-32:25\">10. Raisin Fraise<\/strong>\u00a0\u2013 Combo sucr\u00e9 de vigne<\/p>\n<p><strong data-sourcepos=\"33:5-33:32\">11.\u00c9clat noir framboise<\/strong>\u00a0\u2013 Myst\u00e9rieuse tarte twist<\/p>\n<p><strong data-sourcepos=\"34:5-34:25\">12.Cerise aux bleuets<\/strong>\u00a0\u2013 \u00c9quilibre parfait des baies<\/p>\n<p><img loading=\"lazy\" decoding=\"async\" class=\"alignnone wp-image-4147 size-full\" src=\"https:\/\/pgvape.com\/wp-content\/uploads\/2025\/10\/Bang_King_30000Puffs_Pro_Banner.png\" alt=\"Douze appareils de vapotage jetables Bang King 30K Pro color\u00e9s avec des embouts noirs et des panneaux centraux avec logo noir, dispos\u00e9s en deux rang\u00e9es sous un grand titre &quot; 30 000 PUFFS &quot;.\" width=\"1200\" height=\"1048\" srcset=\"https:\/\/pgvape.com\/wp-content\/uploads\/2025\/10\/Bang_King_30000Puffs_Pro_Banner.png 1200w, https:\/\/pgvape.com\/wp-content\/uploads\/2025\/10\/Bang_King_30000Puffs_Pro_Banner-412x360.png 412w, https:\/\/pgvape.com\/wp-content\/uploads\/2025\/10\/Bang_King_30000Puffs_Pro_Banner-595x520.png 595w, https:\/\/pgvape.com\/wp-content\/uploads\/2025\/10\/Bang_King_30000Puffs_Pro_Banner-400x349.png 400w, https:\/\/pgvape.com\/wp-content\/uploads\/2025\/10\/Bang_King_30000Puffs_Pro_Banner-768x671.png 768w, https:\/\/pgvape.com\/wp-content\/uploads\/2025\/10\/Bang_King_30000Puffs_Pro_Banner-14x12.png 14w, https:\/\/pgvape.com\/wp-content\/uploads\/2025\/10\/Bang_King_30000Puffs_Pro_Banner-600x524.png 600w, https:\/\/pgvape.com\/wp-content\/uploads\/2025\/10\/Bang_King_30000Puffs_Pro_Banner-46x40.png 46w\" sizes=\"auto, (max-width: 1200px) 100vw, 1200px\" \/><\/p>\n<p>&nbsp;<\/p>\n<h3><span style=\"font-size: 90%;\">Vid\u00e9o de vape jetable Bang King 30000 PRO | 30 000 bouff\u00e9es\u00a0:<\/span><\/h3>\n<p>&nbsp;<\/p>\n<h2><span style=\"font-size: 90%;\">FAQ sur la vape jetable Bang King 30000 PRO | 30 000 bouff\u00e9es<\/span><\/h2>\n<p data-sourcepos=\"39:1-40:97\">\u2753 <strong data-sourcepos=\"39:3-39:39\">Pourquoi choisir un syst\u00e8me \u00e0 saveur unique\u00a0?<\/strong><br \/>\n\u2705 <strong data-sourcepos=\"40:3-40:27\">Aucun go\u00fbt compromis<\/strong> \u2013 Profitez de votre saveur pr\u00e9f\u00e9r\u00e9e \u00e0 pleine intensit\u00e9 pendant <strong data-sourcepos=\"40:79-40:95\">30 000 bouff\u00e9es<\/strong><\/p>\n<p data-sourcepos=\"42:1-43:80\">\u2753 <strong data-sourcepos=\"42:3-42:31\">Quelle est la qualit\u00e9 de la vapeur\u00a0?<\/strong><br \/>\n\u2705 <strong data-sourcepos=\"43:3-43:16\">Bobine de maille<\/strong> Livre <strong data-sourcepos=\"43:26-43:52\">30% Plus de puret\u00e9 de saveur<\/strong> Que les produits jetables standards<\/p>\n<p data-sourcepos=\"45:1-46:76\">\u2753 <strong data-sourcepos=\"45:3-45:38\">Combien de temps dure la batterie ?<\/strong><br \/>\n\u2705 <strong data-sourcepos=\"46:3-46:29\">Syst\u00e8me d'alimentation optimis\u00e9<\/strong> Correspond \u00e0 la capacit\u00e9 du e-liquide pour une utilisation compl\u00e8te<\/p>\n<p data-sourcepos=\"48:1-49:64\">\u2753 <strong data-sourcepos=\"48:3-48:32\">La saveur est-elle coh\u00e9rente ?<\/strong><br \/>\n\u2705 <strong data-sourcepos=\"49:3-49:24\">R\u00e9servoir unifi\u00e9 de 36 ml<\/strong> Emp\u00eache la d\u00e9gradation de la saveur au fil du temps<\/p>\n<p data-sourcepos=\"51:1-52:58\">\u2753 <strong data-sourcepos=\"51:3-51:43\">Quelle concentration de nicotine est disponible\u00a0?<\/strong><br \/>\n\u2705 <strong data-sourcepos=\"52:3-52:30\">5% (50 mg) Sel de nicotine<\/strong> Pour un coup de gorge satisfaisant<\/p>\n<p>&nbsp;<\/p>\n<h3 id=\"brxe-najhln\" class=\"brxe-heading\">Foire aux questions (FAQ)<\/h3>\n<div id=\"brxe-rajiac\" class=\"brxe-text\">\n<p><strong>Q : Quels modes de paiement acceptez-vous ?<\/strong><br \/>\nR\u00a0: Nous acceptons PayPal, Stripe, les virements bancaires (pris en charge par SEPA), les principales cartes de cr\u00e9dit (Visa, MasterCard, American Express) et les paiements en crypto-monnaie.<\/p>\n<p><strong>Q : Combien de temps prend la pr\u00e9paration d\u2019une commande ?<\/strong><br \/>\nR : La pr\u00e9paration de la commande prend 1 \u00e0 3 jours ouvrables.<\/p>\n<p><strong>Q : Quel est le d\u00e9lai de livraison ?<\/strong><br \/>\nR : Le d\u00e9lai de livraison est de 7 \u00e0 14 jours ouvrables, selon votre emplacement.<\/p>\n<p><strong>Q : Comment puis-je suivre ma commande ?<\/strong><br \/>\nR : Apr\u00e8s l'exp\u00e9dition, vous recevrez un e-mail de confirmation avec un num\u00e9ro de suivi pour un suivi en temps r\u00e9el.<\/p>\n<p><strong>Q : Quelle est votre politique de retour ?<\/strong><br \/>\nR : Nous proposons une politique de retour de 30 jours pour les remboursements ou les \u00e9changes. .<\/p>\n<p><strong>Q : Y aura-t-il des probl\u00e8mes douaniers ?<br \/>\n<\/strong>Nous prenons en charge toutes les proc\u00e9dures de d\u00e9douanement pour vous garantir une exp\u00e9rience sans tracas. .<\/p>\n<p><strong>Q : Quelles m\u00e9thodes d\u2019exp\u00e9dition sont utilis\u00e9es ?<\/strong><br \/>\nNous coop\u00e9rons avec UPS\/DHL\/FEDEX\/DPD, etc. Nous choisirons l'option d'exp\u00e9dition appropri\u00e9e en fonction du pays de livraison pour garantir que vous recevez vos produits le plus rapidement possible.<\/p>\n<p><a href=\"https:\/\/pgvape.com\/fr\/faq\/\">Cliquez ici pour plus de FAQ<\/a><\/p>\n<p>Chers clients, Si vous avez des questions concernant votre commande ou l'arriv\u00e9e des marchandises, n'h\u00e9sitez pas \u00e0 contacter notre service client. Merci !<\/p>\n<h3 data-sourcepos=\"73:1-73:21\"><strong data-sourcepos=\"73:7-73:21\">Contactez-nous<\/strong><\/h3>\n<div id=\"text-2419739398\" class=\"text\">\n<p><strong data-sourcepos=\"75:3-75:12\">E-mail<\/strong>:\u00a0<a href=\"mailto:support@pgvape.com\"><strong>support@pgvape.com<\/strong><\/a><\/p>\n<p><strong data-sourcepos=\"76:3-76:15\">WhatsApp<\/strong>: <a href=\"https:\/\/wa.me\/+8618128481258\"><strong>+86 18128481258<\/strong><\/a><br \/>\n<strong>(R\u00e9ponse sous 24h les jours ouvr\u00e9s)<\/strong><\/p>\n<\/div>\n<h3><strong>Merci d'avoir choisi pgvape.com ! .<\/strong><\/h3>\n<\/div>","protected":false},"excerpt":{"rendered":"<p><strong data-sourcepos=\"57:5-57:28\">Bang King 30000 PRO<\/strong> Offres <strong data-sourcepos=\"57:36-57:52\">30 000 bouff\u00e9es<\/strong> De <strong data-sourcepos=\"57:56-57:78\">Saveur unique pure<\/strong> Gr\u00e2ce \u00e0 son <strong data-sourcepos=\"57:91-57:108\">Capacit\u00e9 de 36 ml<\/strong> Et <strong data-sourcepos=\"57:113-57:137\">Technologie de bobine de maille<\/strong>. <strong data-sourcepos=\"57:169-57:216\">Exp\u00e9rience gustative coh\u00e9rente et ininterrompue<\/strong>.<\/p>","protected":false},"featured_media":4159,"comment_status":"open","ping_status":"closed","template":"","meta":{"_seopress_robots_primary_cat":"none","_seopress_titles_title":"%%post_title%% %%sep%% %%sitetitle%%","_seopress_titles_desc":"","_seopress_robots_index":""},"product_brand":[19,516],"product_cat":[35,18,515],"product_tag":[38,134,347,90,243],"class_list":{"0":"post-4144","1":"product","2":"type-product","3":"status-publish","4":"has-post-thumbnail","6":"product_brand-bang-king-vape","7":"product_brand-disposable-vape","8":"product_cat-30k-puffs-vape","9":"product_cat-bang-king-vape","10":"product_cat-disposable-vape","11":"product_tag-30k-puffs","12":"product_tag-30k-vape","13":"product_tag-bang-king-30000-pro","14":"product_tag-disposable-vape","15":"product_tag-dual-mesh","17":"first","18":"instock","19":"sale","20":"shipping-taxable","21":"purchasable","22":"product-type-variable"},"_links":{"self":[{"href":"https:\/\/pgvape.com\/fr\/wp-json\/wp\/v2\/product\/4144","targetHints":{"allow":["GET"]}}],"collection":[{"href":"https:\/\/pgvape.com\/fr\/wp-json\/wp\/v2\/product"}],"about":[{"href":"https:\/\/pgvape.com\/fr\/wp-json\/wp\/v2\/types\/product"}],"replies":[{"embeddable":true,"href":"https:\/\/pgvape.com\/fr\/wp-json\/wp\/v2\/comments?post=4144"}],"wp:featuredmedia":[{"embeddable":true,"href":"https:\/\/pgvape.com\/fr\/wp-json\/wp\/v2\/media\/4159"}],"wp:attachment":[{"href":"https:\/\/pgvape.com\/fr\/wp-json\/wp\/v2\/media?parent=4144"}],"wp:term":[{"taxonomy":"product_brand","embeddable":true,"href":"https:\/\/pgvape.com\/fr\/wp-json\/wp\/v2\/product_brand?post=4144"},{"taxonomy":"product_cat","embeddable":true,"href":"https:\/\/pgvape.com\/fr\/wp-json\/wp\/v2\/product_cat?post=4144"},{"taxonomy":"product_tag","embeddable":true,"href":"https:\/\/pgvape.com\/fr\/wp-json\/wp\/v2\/product_tag?post=4144"}],"curies":[{"name":"wp","href":"https:\/\/api.w.org\/{rel}","templated":true}]}}