{"id":409,"date":"2025-07-15T12:40:11","date_gmt":"2025-07-15T12:40:11","guid":{"rendered":"https:\/\/pgvape.com\/?post_type=product&#038;p=409"},"modified":"2026-02-02T08:42:55","modified_gmt":"2026-02-02T08:42:55","slug":"bang-30000-pro-30k-bouffees-double-saveur-vape-jetable-ecran-lcd-usine-en-gros","status":"publish","type":"product","link":"https:\/\/pgvape.com\/fr\/produit\/bang-30000-pro-30k-bouffees-double-saveur-vape-jetable-ecran-lcd-usine-en-gros\/","title":{"rendered":"Bang 30000 PRO | 30K Puffs Vape jetable double saveur | \u00c9cran LCD | Vente en gros d'usine"},"content":{"rendered":"<div style=\"width: 1020px;\" class=\"wp-video\"><video class=\"wp-video-shortcode\" id=\"video-409-1\" width=\"1020\" height=\"574\" preload=\"auto\" controls=\"controls\"><source type=\"video\/mp4\" src=\"https:\/\/pgvape.com\/wp-content\/uploads\/2025\/07\/Bang-30000-PRO-30K-Puffs-Dual-Flavor-Disposable-Vape-LCD-Display-Factory-Wholesale.mp4?_=1\" \/><a href=\"https:\/\/pgvape.com\/wp-content\/uploads\/2025\/07\/Bang-30000-PRO-30K-Puffs-Dual-Flavor-Disposable-Vape-LCD-Display-Factory-Wholesale.mp4\">https:\/\/pgvape.com\/wp-content\/uploads\/2025\/07\/Bang-30000-PRO-30K-Puffs-Dual-Flavor-Disposable-Vape-LCD-Display-Factory-Wholesale.mp4<\/a><\/video><\/div>\n<p><strong><br \/>\nBang 30k Puffs PRO Vape jetable \u00e0 double saveur<\/strong> Pen est con\u00e7u pour les vapoteurs recherchant des performances exceptionnelles et une vari\u00e9t\u00e9 de saveurs. <strong>30 000 bouff\u00e9es<\/strong> et un grand <strong>36 ml d'e-liquide<\/strong> capacit\u00e9, il garantit une satisfaction durable.<strong>0%, 2%, 3%, 5%<\/strong>) selon vos pr\u00e9f\u00e9rences.<\/p>\n<p>&nbsp;<\/p>\n<h2><span style=\"font-size: 90%;\">Bang 30000 PRO | Vape jetable \u00e0 double saveur de 30 000 bouff\u00e9es - Sp\u00e9cifications du produit\u00a0:<br \/>\n<\/span><\/h2>\n<p><strong>Performances durables\u00a0:<\/strong>\u00a0Profitez de jusqu'\u00e0 30 000 bouff\u00e9es, r\u00e9duisant ainsi le besoin de remplacements fr\u00e9quents.<\/p>\n<p><strong>Grande capacit\u00e9 de e-liquide\u00a0:<\/strong>\u00a0Dot\u00e9 d'un r\u00e9servoir de 36 ml pour un plaisir de vape ininterrompu.<\/p>\n<p><strong>Options nicotiniques\u00a0:<\/strong>\u00a0Choisissez parmi diff\u00e9rentes forces (0%, 2%, 3%, 5%) pour correspondre \u00e0 l'exp\u00e9rience souhait\u00e9e.<\/p>\n<p><strong>Batterie 550 mAh\u00a0:<\/strong>\u00a0Alimenter votre appareil tout au long de la journ\u00e9e pour une utilisation ininterrompue.<\/p>\n<p><strong>Syst\u00e8me double saveur\u00a0:<\/strong>\u00a0Basculez en toute transparence entre deux saveurs pour un voyage de vapotage dynamique et personnalis\u00e9.<\/p>\n<p>&nbsp;<\/p>\n<h3><span style=\"font-size: 90%;\">Bang 30000 PRO | Liste des saveurs de vape jetables \u00e0 double saveur de 30 000 bouff\u00e9es\u00a0:<\/span><\/h3>\n<p><span style=\"font-size: 90%;\">1. Past\u00e8que et myrtille menthe<\/span><\/p>\n<p><span style=\"font-size: 90%;\">2. Pomme aigre et framboise myrtille<\/span><\/p>\n<p><span style=\"font-size: 90%;\">3.Red Bull et fraise mangue<\/span><\/p>\n<p><span style=\"font-size: 90%;\">4. Glace au raisin et Cola joyeux<\/span><\/p>\n<p><span style=\"font-size: 90%;\">5. Glace \u00e0 la p\u00eache et past\u00e8que \u00e0 la fraise<\/span><\/p>\n<p><span style=\"font-size: 90%;\">6.Amour 66 et Kiwi Fraise<\/span><\/p>\n<p><span style=\"font-size: 90%;\">7. Raisin Sakura et litchi aux fraises<\/span><\/p>\n<p><span style=\"font-size: 90%;\">8.M\u00e9lange de fruits et glace aux bleuets<\/span><\/p>\n<p><span style=\"font-size: 90%;\">9.Dragon noir et banane fraise<\/span><\/p>\n<p><span style=\"font-size: 90%;\">10. Glace \u00e0 la mangue, \u00e0 la p\u00eache et \u00e0 la banane<\/span><\/p>\n<p><span style=\"font-size: 90%;\">11.Double Pomme &amp; Kiwi Fruit de la Passion Grenade<\/span><\/p>\n<p><span style=\"font-size: 90%;\">12. Glace \u00e0 la menthe poivr\u00e9e et baies triples<\/span><\/p>\n<p><span style=\"font-size: 90%;\">13.Boom aux myrtilles, cerises, canneberges et past\u00e8ques<\/span><\/p>\n<p><span style=\"font-size: 90%;\">14. Fusion glace et bleu ananas<\/span><\/p>\n<p><span style=\"font-size: 90%;\">15.Purple Rain &amp; Fraise Framboise Cerise Glace<\/span><\/p>\n<p><span style=\"font-size: 90%;\">16. Glace Dargon noire et p\u00eache \u00e0 l'ananas et \u00e0 la mangue<\/span><\/p>\n<p>&nbsp;<\/p>\n<h2><span style=\"font-size: 90%;\">FAQ sur Bang 30000 PRO | Vape jetable \u00e0 double saveur de 30 000 bouff\u00e9es<\/span><\/h2>\n<p dir=\"auto\"><strong>Q1\u00a0: Combien de bouff\u00e9es le Bang 30k PRO propose-t-il\u00a0?<\/strong><br \/>\nA1 : Il offre jusqu'\u00e0 30 000 bouff\u00e9es par appareil.<\/p>\n<p dir=\"auto\"><strong>Q2\u00a0:\u00a0Quelles saveurs puis-je choisir\u00a0?<\/strong><br \/>\nA2 : Le Bang 30k PRO propose 16 combinaisons de saveurs doubles, offrant une vari\u00e9t\u00e9 de go\u00fbts \u00e0 explorer.<\/p>\n<p dir=\"auto\"><strong>Q3\u00a0: Puis-je basculer entre deux versions sur le m\u00eame appareil\u00a0?<\/strong><br \/>\nA3 : Oui, l'appareil dispose d'un syst\u00e8me \u00e0 double saveur vous permettant de basculer facilement entre deux saveurs int\u00e9gr\u00e9es.<\/p>\n<p dir=\"auto\"><strong>Q4\u00a0: Quels sont les dosages de nicotine disponibles\u00a0?<\/strong><br \/>\nA4\u00a0:\u00a0L'appareil est disponible dans les options de nicotine 0%, 2%, 3% et 5%.<\/p>\n<p dir=\"auto\"><strong>Q5 : Combien de temps dure la batterie ?<\/strong><br \/>\nA5 : L'appareil dispose d'une batterie de 550 mAh, garantissant des performances durables tout au long de la journ\u00e9e.<\/p>\n<p dir=\"auto\"><strong>Q6 : Quelle est la capacit\u00e9 du e-liquide ?<\/strong><br \/>\nA6 : Le Bang 30k PRO dispose d'un grand r\u00e9servoir d'e-liquide de 36 ml pour des s\u00e9ances de vapotage prolong\u00e9es.<\/p>\n<p dir=\"auto\"><strong>Q7\u00a0: L\u2019exp\u00e9rience de vapotage est-elle personnalisable\u00a0?<\/strong><br \/>\nR7 : Oui, l'appareil offre des niveaux de nicotine personnalisables et une fonction double saveur pour une exp\u00e9rience de vapotage personnalis\u00e9e.<\/p>\n<p>&nbsp;<\/p>\n<h3 id=\"brxe-najhln\" class=\"brxe-heading\">Foire aux questions (FAQ)<\/h3>\n<div id=\"brxe-rajiac\" class=\"brxe-text\">\n<p><strong>Q : Quels modes de paiement acceptez-vous ?<\/strong><br \/>\nR\u00a0: Nous acceptons PayPal, Stripe, les virements bancaires (pris en charge par SEPA), les principales cartes de cr\u00e9dit (Visa, MasterCard, American Express) et les paiements en crypto-monnaie.<\/p>\n<p><strong>Q : Combien de temps prend la pr\u00e9paration d\u2019une commande ?<\/strong><br \/>\nR : La pr\u00e9paration de la commande prend 1 \u00e0 3 jours ouvrables.<\/p>\n<p><strong>Q : Quel est le d\u00e9lai de livraison ?<\/strong><br \/>\nR : Le d\u00e9lai de livraison est de 7 \u00e0 14 jours ouvrables, selon votre emplacement.<\/p>\n<p><strong>Q : Comment puis-je suivre ma commande ?<\/strong><br \/>\nR : Apr\u00e8s l'exp\u00e9dition, vous recevrez un e-mail de confirmation avec un num\u00e9ro de suivi pour un suivi en temps r\u00e9el.<\/p>\n<p><strong>Q : Quelle est votre politique de retour ?<\/strong><br \/>\nR : Nous proposons une politique de retour de 30 jours pour les remboursements ou les \u00e9changes. .<\/p>\n<p><strong>Q : Y aura-t-il des probl\u00e8mes douaniers ?<br \/>\n<\/strong>Nous prenons en charge toutes les proc\u00e9dures de d\u00e9douanement pour vous garantir une exp\u00e9rience sans tracas. .<\/p>\n<p><strong>Q : Quelles m\u00e9thodes d\u2019exp\u00e9dition sont utilis\u00e9es ?<\/strong><br \/>\nNous coop\u00e9rons avec UPS\/DHL\/FEDEX\/DPD, etc. Nous choisirons l'option d'exp\u00e9dition appropri\u00e9e en fonction du pays de livraison pour garantir que vous recevez vos produits le plus rapidement possible.<\/p>\n<p><a href=\"https:\/\/pgvape.com\/fr\/faq\/\"><span style=\"font-size: 100%;\">Cliquez ici pour plus de FAQ<\/span><\/a><\/p>\n<p>Chers clients, Si vous avez des questions concernant votre commande ou l'arriv\u00e9e des marchandises, n'h\u00e9sitez pas \u00e0 contacter notre service client. Merci !<\/p>\n<h3 data-sourcepos=\"73:1-73:21\"><span style=\"font-size: 90%;\"><strong data-sourcepos=\"73:7-73:21\">Contactez-nous<\/strong><\/span><\/h3>\n<div id=\"text-2419739398\" class=\"text\">\n<p><strong data-sourcepos=\"75:3-75:12\">E-mail<\/strong>:\u00a0<a href=\"mailto:support@pgvape.com\"><strong>support@pgvape.com<\/strong><\/a><\/p>\n<p><strong data-sourcepos=\"76:3-76:15\">WhatsApp<\/strong>: <a href=\"https:\/\/wa.me\/+8618128481258\"><strong>+86 18128481258<\/strong><\/a><br \/>\n<strong>(R\u00e9ponse sous 24h les jours ouvr\u00e9s)<\/strong><\/p>\n<\/div>\n<h3><strong><span style=\"font-size: 80%;\">Merci d'avoir choisi pgvape.com ! .<\/span><\/strong><\/h3>\n<\/div>","protected":false},"excerpt":{"rendered":"<p><strong>Vape jetable double saveur Bang 30k PRO<\/strong> Le stylo offre jusqu'\u00e0 <strong>30 000 bouff\u00e9es<\/strong> avec un <strong>36 ml d'e-liquide<\/strong> capacit\u00e9. <strong>double saveur<\/strong> options et concentrations de nicotine r\u00e9glables, c\u2019est le choix ultime pour une exp\u00e9rience de vapotage personnalisable et durable.<\/p>","protected":false},"featured_media":430,"comment_status":"open","ping_status":"closed","template":"","meta":{"_seopress_robots_primary_cat":"none","_seopress_titles_title":"","_seopress_titles_desc":"","_seopress_robots_index":""},"product_brand":[36,516],"product_cat":[35,25,515],"product_tag":[38,37,39],"class_list":{"0":"post-409","1":"product","2":"type-product","3":"status-publish","4":"has-post-thumbnail","6":"product_brand-bang-vape","7":"product_brand-disposable-vape","8":"product_cat-30k-puffs-vape","9":"product_cat-bang-vape","10":"product_cat-disposable-vape","11":"product_tag-30k-puffs","12":"product_tag-bang-30000-pro","13":"product_tag-dual-flavor","15":"first","16":"instock","17":"sale","18":"shipping-taxable","19":"purchasable","20":"product-type-variable"},"_links":{"self":[{"href":"https:\/\/pgvape.com\/fr\/wp-json\/wp\/v2\/product\/409","targetHints":{"allow":["GET"]}}],"collection":[{"href":"https:\/\/pgvape.com\/fr\/wp-json\/wp\/v2\/product"}],"about":[{"href":"https:\/\/pgvape.com\/fr\/wp-json\/wp\/v2\/types\/product"}],"replies":[{"embeddable":true,"href":"https:\/\/pgvape.com\/fr\/wp-json\/wp\/v2\/comments?post=409"}],"wp:featuredmedia":[{"embeddable":true,"href":"https:\/\/pgvape.com\/fr\/wp-json\/wp\/v2\/media\/430"}],"wp:attachment":[{"href":"https:\/\/pgvape.com\/fr\/wp-json\/wp\/v2\/media?parent=409"}],"wp:term":[{"taxonomy":"product_brand","embeddable":true,"href":"https:\/\/pgvape.com\/fr\/wp-json\/wp\/v2\/product_brand?post=409"},{"taxonomy":"product_cat","embeddable":true,"href":"https:\/\/pgvape.com\/fr\/wp-json\/wp\/v2\/product_cat?post=409"},{"taxonomy":"product_tag","embeddable":true,"href":"https:\/\/pgvape.com\/fr\/wp-json\/wp\/v2\/product_tag?post=409"}],"curies":[{"name":"wp","href":"https:\/\/api.w.org\/{rel}","templated":true}]}}