{"id":3889,"date":"2025-10-21T07:44:06","date_gmt":"2025-10-21T07:44:06","guid":{"rendered":"https:\/\/pgvape.com\/?post_type=product&#038;p=3889"},"modified":"2026-01-27T11:54:38","modified_gmt":"2026-01-27T11:54:38","slug":"bang-king-twins-50000-50k-bouffees-double-saveurs-vape-jetable-2-3-5-nicotine-12-gouts-avec-vape-double-maille-directe-dusine","status":"publish","type":"product","link":"https:\/\/pgvape.com\/fr\/produit\/bang-king-twins-50000-50k-bouffees-double-saveurs-vape-jetable-2-3-5-nicotine-12-gouts-avec-vape-double-maille-directe-dusine\/","title":{"rendered":"Bang King Twins 50000 | 50K Puffs Vape jetable double saveurs | 2% 3% 5% Nicotine | 12 go\u00fbts | avec double maille | Vape Factory Direct"},"content":{"rendered":"<p><strong data-sourcepos=\"4:5-4:34\">Bang King Twins 50 000 bouff\u00e9es<\/strong> Est une prime <strong data-sourcepos=\"4:48-4:86\">Dispositif de vape jetable \u00e0 double saveur<\/strong> Con\u00e7u pour une utilisation prolong\u00e9e. <strong data-sourcepos=\"4:138-4:164\">M\u00e9canisme de commutateur \u00e0 glissi\u00e8re<\/strong>, il permet de basculer instantan\u00e9ment entre deux saveurs distinctes. <strong data-sourcepos=\"4:242-4:258\">50 000 bouff\u00e9es<\/strong> Capacit\u00e9 et <strong data-sourcepos=\"4:272-4:297\">Stockage d'e-liquide de 56 ml<\/strong>, Aliment\u00e9 par <strong data-sourcepos=\"4:310-4:334\">Bobines de maillage doubles de 1,0 \u03a9<\/strong>, Il offre une production de vapeur constante et savoureuse. <strong data-sourcepos=\"4:392-4:423\">Batterie rechargeable 650 mAh<\/strong> Avec <strong data-sourcepos=\"4:429-4:453\">Chargement rapide de type C<\/strong> Et <strong data-sourcepos=\"4:458-4:483\">Affichage num\u00e9rique intelligent<\/strong> Garantit des performances pratiques et durables<\/p>\n<p>&nbsp;<\/p>\n<h2><span style=\"font-size: 90%;\">Bang King Twins 50000 | 50K Puffs Vape jetable \u00e0 double saveur <strong data-sourcepos=\"6:5-6:31\">Sp\u00e9cifications du produit<\/strong><\/span><\/h2>\n<p><strong data-sourcepos=\"7:3-7:18\">Type d'appareil<\/strong>:\u00a0<strong data-sourcepos=\"7:20-7:51\">Vape jetable \u00e0 double saveur<\/strong><\/p>\n<p><strong data-sourcepos=\"8:3-8:17\">Nombre de bouff\u00e9es<\/strong>:\u00a0<strong data-sourcepos=\"8:19-8:36\">\u224850 000 bouff\u00e9es<\/strong><\/p>\n<p><strong data-sourcepos=\"9:3-9:24\">Capacit\u00e9 e-liquide<\/strong>:\u00a0<strong data-sourcepos=\"9:26-9:49\">2 \u00d7 28 ml (56 ml au total)<\/strong><\/p>\n<p><strong data-sourcepos=\"10:3-10:23\">Options de nicotine<\/strong>:\u00a0<strong data-sourcepos=\"10:25-10:51\">Sel de nicotine 2%\/3%\/5%<\/strong><\/p>\n<p><strong data-sourcepos=\"11:3-11:18\">Syst\u00e8me de bobine<\/strong>:\u00a0<strong data-sourcepos=\"11:20-11:44\">Bobines de maillage doubles de 1,0 \u03a9<\/strong><\/p>\n<p><strong data-sourcepos=\"12:3-12:14\">Batterie<\/strong>:\u00a0<strong data-sourcepos=\"12:16-12:39\">650mAh rechargeable<\/strong><\/p>\n<p><strong data-sourcepos=\"13:3-13:15\">Chargement<\/strong>:\u00a0<strong data-sourcepos=\"13:17-13:45\">Chargement rapide USB Type-C<\/strong><\/p>\n<p><strong data-sourcepos=\"14:3-14:14\">Afficher<\/strong>:\u00a0<strong data-sourcepos=\"14:16-14:40\">\u00c9cran num\u00e9rique intelligent<\/strong><\/p>\n<p><strong data-sourcepos=\"15:3-15:14\">Emballer<\/strong>:\u00a0<strong data-sourcepos=\"15:16-15:34\">10 appareils\/bo\u00eete<\/strong><\/p>\n<p>&nbsp;<\/p>\n<h3><span style=\"font-size: 90%;\">Bang King Twins 50000 | 50K Puffs Vape jetable \u00e0 double saveur <strong data-sourcepos=\"17:5-17:20\">Liste des saveurs<\/strong><\/span><\/h3>\n<p><strong data-sourcepos=\"18:4-18:37\">1.Love 66 &amp; Citron Fruit de la Passion<\/strong><\/p>\n<p><strong data-sourcepos=\"19:4-19:45\">2. P\u00eache Goyave Fraise &amp; Raisin Sakura<\/strong><\/p>\n<p><strong data-sourcepos=\"20:4-20:38\">3.Fraise Banane &amp; Heisenberg<\/strong><\/p>\n<p><strong data-sourcepos=\"21:4-21:40\">4. Glace Blue Razz et cerise Blue Razz<\/strong><\/p>\n<p><strong data-sourcepos=\"22:4-22:52\">5. Glace \u00e0 la fraise, \u00e0 la past\u00e8que et \u00e0 la fraise<\/strong><\/p>\n<p><strong data-sourcepos=\"23:4-23:47\">6. Glace \u00e0 la past\u00e8que et past\u00e8que Hubba Bubba<\/strong><\/p>\n<p><strong data-sourcepos=\"24:4-24:35\">7. Double citron vert et glace \u00e0 l\u2019aloe vera<\/strong><\/p>\n<p><strong data-sourcepos=\"25:4-25:35\">8. M\u00e9langer les baies et les fraises kiwi<\/strong><\/p>\n<p><strong data-sourcepos=\"26:4-26:36\">9. Litchi super cool et homme rose<\/strong><\/p>\n<p><strong data-sourcepos=\"27:5-27:43\">10.Jus P\u00eache Glace &amp; Fraise Mangue<\/strong><\/p>\n<p><strong data-sourcepos=\"28:5-28:41\">11.Quilles Cola Citron &amp; Fraise<\/strong><\/p>\n<p><strong data-sourcepos=\"29:5-29:50\">12.P\u00eache Mangue Past\u00e8que &amp; Blue Razz<img loading=\"lazy\" decoding=\"async\" class=\"alignnone wp-image-3893 size-full\" src=\"https:\/\/pgvape.com\/wp-content\/uploads\/2025\/10\/Bang-King-Twins-50000-Puffs-Flavors_\u526f\u672c.png\" alt=\"Douze dispositifs de vapotage jetables noirs dispos\u00e9s en deux rang\u00e9es sur un fond d\u00e9grad\u00e9 bleu, chacun comportant une illustration color\u00e9e d&#039;un cr\u00e2ne, la marque &#039; BANGKING TWINS &#039;, une \u00e9tiquette pro\u00e9minente &#039; 5000 &#039; et de petits noms de saveurs imprim\u00e9s en dessous.\" width=\"1920\" height=\"1201\" srcset=\"https:\/\/pgvape.com\/wp-content\/uploads\/2025\/10\/Bang-King-Twins-50000-Puffs-Flavors_\u526f\u672c.png 1920w, https:\/\/pgvape.com\/wp-content\/uploads\/2025\/10\/Bang-King-Twins-50000-Puffs-Flavors_\u526f\u672c-555x347.png 555w, https:\/\/pgvape.com\/wp-content\/uploads\/2025\/10\/Bang-King-Twins-50000-Puffs-Flavors_\u526f\u672c-595x372.png 595w, https:\/\/pgvape.com\/wp-content\/uploads\/2025\/10\/Bang-King-Twins-50000-Puffs-Flavors_\u526f\u672c-400x250.png 400w, https:\/\/pgvape.com\/wp-content\/uploads\/2025\/10\/Bang-King-Twins-50000-Puffs-Flavors_\u526f\u672c-768x480.png 768w, https:\/\/pgvape.com\/wp-content\/uploads\/2025\/10\/Bang-King-Twins-50000-Puffs-Flavors_\u526f\u672c-1536x961.png 1536w, https:\/\/pgvape.com\/wp-content\/uploads\/2025\/10\/Bang-King-Twins-50000-Puffs-Flavors_\u526f\u672c-18x12.png 18w, https:\/\/pgvape.com\/wp-content\/uploads\/2025\/10\/Bang-King-Twins-50000-Puffs-Flavors_\u526f\u672c-600x375.png 600w, https:\/\/pgvape.com\/wp-content\/uploads\/2025\/10\/Bang-King-Twins-50000-Puffs-Flavors_\u526f\u672c-60x38.png 60w\" sizes=\"auto, (max-width: 1920px) 100vw, 1920px\" \/><br \/>\n<\/strong><\/p>\n<p>&nbsp;<\/p>\n<h2>FAQ sur Bang King Twins 50000 | 50K Puffs Vape jetable \u00e0 double saveur<\/h2>\n<p data-sourcepos=\"32:1-33:96\">\u2753 <strong data-sourcepos=\"32:3-32:44\">\u201c\u00a0Comment fonctionne le changement de saveur\u00a0?\u00a0\u201d<\/strong><br \/>\n\u2705 <strong data-sourcepos=\"33:3-33:96\">\u201cL'interrupteur \u00e0 glissi\u00e8re brevet\u00e9 permet de basculer instantan\u00e9ment entre deux chambres de saveurs distinctes.\u201d<\/strong><\/p>\n<p data-sourcepos=\"35:1-36:108\">\u2753 <strong data-sourcepos=\"35:3-35:44\">\u201c\u00a0Qu'est-ce qui fait que cet appareil dure plus longtemps\u00a0?\u00a0\u201d<\/strong><br \/>\n\u2705 <strong data-sourcepos=\"36:3-36:108\">\u201cLa capacit\u00e9 massive d'e-liquide de 56 ml, combin\u00e9e \u00e0 des bobines efficaces \u00e0 double maille, permet une utilisation prolong\u00e9e.\u201d<\/strong><\/p>\n<p data-sourcepos=\"38:1-39:85\">\u2753 <strong data-sourcepos=\"38:3-38:41\">\u201c\u00a0La batterie est-elle rempla\u00e7able par l'utilisateur\u00a0?\u00a0\u201d<\/strong><br \/>\n\u2705 <strong data-sourcepos=\"39:3-39:85\">\u201cNon, la batterie int\u00e9gr\u00e9e de 650 mAh est rechargeable via le c\u00e2ble de type C inclus.\u201d<\/strong><\/p>\n<p data-sourcepos=\"41:1-42:97\">\u2753 <strong data-sourcepos=\"41:3-41:42\">\u201c\u00a0Quelle est la pr\u00e9cision du compteur de bouff\u00e9es\u00a0?\u00a0\u201d<br \/>\n<\/strong> \u2705 <strong data-sourcepos=\"42:3-42:97\">\u201cLa puce intelligente permet une surveillance en temps r\u00e9el des bouff\u00e9es restantes en fonction des mod\u00e8les d'utilisation.\u201d<\/strong><\/p>\n<p>&nbsp;<\/p>\n<h3 id=\"brxe-najhln\" class=\"brxe-heading\">Foire aux questions (FAQ)<\/h3>\n<div id=\"brxe-rajiac\" class=\"brxe-text\">\n<p><strong>Q : Quels modes de paiement acceptez-vous ?<\/strong><br \/>\nR\u00a0: Nous acceptons PayPal, Stripe, les virements bancaires (pris en charge par SEPA), les principales cartes de cr\u00e9dit (Visa, MasterCard, American Express) et les paiements en crypto-monnaie.<\/p>\n<p><strong>Q : Combien de temps prend la pr\u00e9paration d\u2019une commande ?<\/strong><br \/>\nR : La pr\u00e9paration de la commande prend 1 \u00e0 3 jours ouvrables.<\/p>\n<p><strong>Q : Quel est le d\u00e9lai de livraison ?<\/strong><br \/>\nR : Le d\u00e9lai de livraison est de 7 \u00e0 14 jours ouvrables, selon votre emplacement.<\/p>\n<p><strong>Q : Comment puis-je suivre ma commande ?<\/strong><br \/>\nR : Apr\u00e8s l'exp\u00e9dition, vous recevrez un e-mail de confirmation avec un num\u00e9ro de suivi pour un suivi en temps r\u00e9el.<\/p>\n<p><strong>Q : Quelle est votre politique de retour ?<\/strong><br \/>\nR : Nous proposons une politique de retour de 30 jours pour les remboursements ou les \u00e9changes. .<\/p>\n<p><strong>Q : Y aura-t-il des probl\u00e8mes douaniers ?<br \/>\n<\/strong>Nous prenons en charge toutes les proc\u00e9dures de d\u00e9douanement pour vous garantir une exp\u00e9rience sans tracas. .<\/p>\n<p><strong>Q : Quelles m\u00e9thodes d\u2019exp\u00e9dition sont utilis\u00e9es ?<\/strong><br \/>\nNous coop\u00e9rons avec UPS\/DHL\/FEDEX\/DPD, etc. Nous choisirons l'option d'exp\u00e9dition appropri\u00e9e en fonction du pays de livraison pour garantir que vous recevez vos produits le plus rapidement possible.<\/p>\n<p><a href=\"https:\/\/pgvape.com\/fr\/faq\/\">Cliquez ici pour plus de FAQ<\/a><\/p>\n<p>Chers clients, Si vous avez des questions concernant votre commande ou l'arriv\u00e9e des marchandises, n'h\u00e9sitez pas \u00e0 contacter notre service client. Merci !<\/p>\n<h3 data-sourcepos=\"73:1-73:21\"><strong data-sourcepos=\"73:7-73:21\">Contactez-nous<\/strong><\/h3>\n<div id=\"text-2419739398\" class=\"text\">\n<p><strong data-sourcepos=\"75:3-75:12\">E-mail<\/strong>:\u00a0<a href=\"mailto:support@pgvape.com\"><strong>support@pgvape.com<\/strong><\/a><\/p>\n<p><strong data-sourcepos=\"76:3-76:15\">WhatsApp<\/strong>: <a href=\"https:\/\/wa.me\/+8618128481258\"><strong>+86 18128481258<\/strong><\/a><br \/>\n<strong>(R\u00e9ponse sous 24h les jours ouvr\u00e9s)<\/strong><\/p>\n<\/div>\n<h3><strong>Merci d'avoir choisi pgvape.com ! .<br \/>\n<\/strong><\/h3>\n<\/div>","protected":false},"excerpt":{"rendered":"<p><strong data-sourcepos=\"45:1-45:194\">\u201cBang King Twins 50K - Le vape jetable ultime \u00e0 double saveur avec 50 000 bouff\u00e9es, une capacit\u00e9 de 56 ml, un \u00e9cran intelligent et une technologie de bobine de maille haut de gamme pour une saveur et des performances in\u00e9gal\u00e9es.\u201d<\/strong><\/p>","protected":false},"featured_media":3910,"comment_status":"open","ping_status":"closed","template":"","meta":{"_seopress_robots_primary_cat":"none","_seopress_titles_title":"%%post_title%% %%sep%% %%sitetitle%%","_seopress_titles_desc":"","_seopress_robots_index":""},"product_brand":[19,516],"product_cat":[61,18,515],"product_tag":[64,65,332,90,66,204,333],"class_list":{"0":"post-3889","1":"product","2":"type-product","3":"status-publish","4":"has-post-thumbnail","6":"product_brand-bang-king-vape","7":"product_brand-disposable-vape","8":"product_cat-50k-puffs-vape","9":"product_cat-bang-king-vape","10":"product_cat-disposable-vape","11":"product_tag-50k-puffs","12":"product_tag-50k-vape","13":"product_tag-bang-king-twins-50000","14":"product_tag-disposable-vape","15":"product_tag-dual-flavors","16":"product_tag-vape-factory-direct","17":"product_tag-with-dual-mesh","19":"first","20":"instock","21":"sale","22":"shipping-taxable","23":"purchasable","24":"product-type-variable"},"_links":{"self":[{"href":"https:\/\/pgvape.com\/fr\/wp-json\/wp\/v2\/product\/3889","targetHints":{"allow":["GET"]}}],"collection":[{"href":"https:\/\/pgvape.com\/fr\/wp-json\/wp\/v2\/product"}],"about":[{"href":"https:\/\/pgvape.com\/fr\/wp-json\/wp\/v2\/types\/product"}],"replies":[{"embeddable":true,"href":"https:\/\/pgvape.com\/fr\/wp-json\/wp\/v2\/comments?post=3889"}],"wp:featuredmedia":[{"embeddable":true,"href":"https:\/\/pgvape.com\/fr\/wp-json\/wp\/v2\/media\/3910"}],"wp:attachment":[{"href":"https:\/\/pgvape.com\/fr\/wp-json\/wp\/v2\/media?parent=3889"}],"wp:term":[{"taxonomy":"product_brand","embeddable":true,"href":"https:\/\/pgvape.com\/fr\/wp-json\/wp\/v2\/product_brand?post=3889"},{"taxonomy":"product_cat","embeddable":true,"href":"https:\/\/pgvape.com\/fr\/wp-json\/wp\/v2\/product_cat?post=3889"},{"taxonomy":"product_tag","embeddable":true,"href":"https:\/\/pgvape.com\/fr\/wp-json\/wp\/v2\/product_tag?post=3889"}],"curies":[{"name":"wp","href":"https:\/\/api.w.org\/{rel}","templated":true}]}}