{"id":3834,"date":"2025-10-21T06:12:55","date_gmt":"2025-10-21T06:12:55","guid":{"rendered":"https:\/\/pgvape.com\/?post_type=product&#038;p=3834"},"modified":"2026-01-27T11:56:04","modified_gmt":"2026-01-27T11:56:04","slug":"bang-king-crystal-30000-30k-bouffees-vape-jetable-propre-premium-et-elegant-vape-direct-usine","status":"publish","type":"product","link":"https:\/\/pgvape.com\/fr\/produit\/bang-king-crystal-30000-30k-bouffees-vape-jetable-propre-premium-et-elegant-vape-direct-usine\/","title":{"rendered":"Bang King Crystal 30000 30k Puffs Vape jetable propre Premium et \u00e9l\u00e9gant Vape Factory Direct"},"content":{"rendered":"<div class=\"auto-hide-last-sibling-br paragraph-JOTKXA paragraph-element br-paragraph-space\"><strong data-sourcepos=\"4:5-4:54\">Bang King Crystal 30000 bouff\u00e9es Vape jetable<\/strong> Combine hautes performances et plaisir durable. <strong data-sourcepos=\"4:122-4:143\">Bobine de maille de qualit\u00e9 sup\u00e9rieure<\/strong> Pour une vapeur douce et savoureuse, cet appareil offre <strong data-sourcepos=\"4:192-4:214\">Jusqu'\u00e0 30 000 bouff\u00e9es<\/strong> De par sa g\u00e9n\u00e9rosit\u00e9 <strong data-sourcepos=\"4:233-4:254\">Capacit\u00e9 e-liquide<\/strong>. <strong data-sourcepos=\"4:261-4:299\">Options de concentration de nicotine 2%\/3%\/5%<\/strong> Et un <strong data-sourcepos=\"4:306-4:337\">Batterie rechargeable 650 mAh<\/strong> Justificatif <strong data-sourcepos=\"4:349-4:373\">Chargement rapide de type C<\/strong>, il est con\u00e7u pour toute la journ\u00e9e <strong data-sourcepos=\"4:401-4:424\">Satisfaction du vapotage<\/strong>. <strong data-sourcepos=\"4:439-4:461\">12 saveurs haut de gamme<\/strong>, Emball\u00e9 <strong data-sourcepos=\"4:472-4:486\">10 pi\u00e8ces\/bo\u00eete<\/strong> Pour les besoins de vente au d\u00e9tail ou en gros.<img loading=\"lazy\" decoding=\"async\" class=\"alignnone wp-image-3859 size-full\" style=\"color: #555555; font-size: 14.4px;\" src=\"https:\/\/pgvape.com\/wp-content\/uploads\/2025\/10\/pgvape-Bang-King-Crystal-30000-30k-Puffs-Disposable-Vape-3.png\" alt=\"Trois appareils de vapotage jetables Bang King Totem Beast avec des illustrations d&#039;animaux color\u00e9es (hibou, loup, dragon) pr\u00e9sent\u00e9es sur un fond noir et or avec un grand texte &#039; 300 PUFFS &#039; et des ic\u00f4nes indiquant la bobine maill\u00e9e, la charge de type C et la capacit\u00e9 de 650 mAh.\" width=\"1500\" height=\"786\" srcset=\"https:\/\/pgvape.com\/wp-content\/uploads\/2025\/10\/pgvape-Bang-King-Crystal-30000-30k-Puffs-Disposable-Vape-3.png 1500w, https:\/\/pgvape.com\/wp-content\/uploads\/2025\/10\/pgvape-Bang-King-Crystal-30000-30k-Puffs-Disposable-Vape-3-555x291.png 555w, https:\/\/pgvape.com\/wp-content\/uploads\/2025\/10\/pgvape-Bang-King-Crystal-30000-30k-Puffs-Disposable-Vape-3-595x312.png 595w, https:\/\/pgvape.com\/wp-content\/uploads\/2025\/10\/pgvape-Bang-King-Crystal-30000-30k-Puffs-Disposable-Vape-3-400x210.png 400w, https:\/\/pgvape.com\/wp-content\/uploads\/2025\/10\/pgvape-Bang-King-Crystal-30000-30k-Puffs-Disposable-Vape-3-768x402.png 768w, https:\/\/pgvape.com\/wp-content\/uploads\/2025\/10\/pgvape-Bang-King-Crystal-30000-30k-Puffs-Disposable-Vape-3-18x9.png 18w, https:\/\/pgvape.com\/wp-content\/uploads\/2025\/10\/pgvape-Bang-King-Crystal-30000-30k-Puffs-Disposable-Vape-3-600x314.png 600w, https:\/\/pgvape.com\/wp-content\/uploads\/2025\/10\/pgvape-Bang-King-Crystal-30000-30k-Puffs-Disposable-Vape-3-60x31.png 60w\" sizes=\"auto, (max-width: 1500px) 100vw, 1500px\" \/><\/div>\n<div class=\"auto-hide-last-sibling-br paragraph-JOTKXA paragraph-element br-paragraph-space\"><\/div>\n<h2><span style=\"font-size: 90%;\">\u00a0<\/span><\/h2>\n<h3><span style=\"font-size: 90%;\">\u00a0Sp\u00e9cifications de la vape jetable Bang King Crystal 30000 | 30 000 bouff\u00e9es<\/span><\/h3>\n<p><strong>Nom du produit<\/strong>: Bang King Crystal 30000 Puffs Jetable\u00a0<strong>VAPER<\/strong><\/p>\n<p><strong>Nombre de bouff\u00e9es<\/strong>: Jusqu'\u00e0 30 000\u00a0<strong>BOUFF\u00c9ES<\/strong><\/p>\n<p><strong>Type de bobine<\/strong>:\u00a0<strong>BOBINE DE Maille<\/strong>\u00a0(chauffage uniforme, vapeur douce)<\/p>\n<p><strong>Capacit\u00e9 de la BATTERIE<\/strong>: 650mAh rechargeable\u00a0<strong>BATTERIE<\/strong><\/p>\n<p><strong>Port de chargement<\/strong>:\u00a0<strong>Chargement rapide de type C<\/strong>\u00a0(compatibilit\u00e9 universelle)<\/p>\n<p><strong>Points forts de la NICOTINE<\/strong>: 2% \/ 3% \/ 5%<\/p>\n<p><strong>Options de SAVEUR<\/strong>: 12 prime\u00a0<strong>SAVEURS<\/strong><\/p>\n<p><strong>Conditionnement<\/strong>: 10 pi\u00e8ces\/bo\u00eete<\/p>\n<p><strong>Utilisateurs cibles<\/strong>: Occasionnel\u00a0<strong>VAPEURS<\/strong>, exp\u00e9riment\u00e9\u00a0<strong>VAPEURS<\/strong>, vendeurs au d\u00e9tail, acheteurs en gros<\/p>\n<h2><span style=\"font-size: 90%;\">\u00a0<\/span><\/h2>\n<h3><span style=\"font-size: 90%;\">Bang King Crystal 30000 | Liste des saveurs de vape jetables 30 000 bouff\u00e9es<\/span><\/h3>\n<p>1. Past\u00e8que aux fraises<\/p>\n<p>2. Glace bleue Razz<\/p>\n<p>3. Glace aux trois baies<\/p>\n<p>4. Glace \u00e0 la p\u00eache<\/p>\n<p>5.P\u00eache Mangue<\/p>\n<p>6.Double pomme<\/p>\n<p>7.Kiwi aux fraises<\/p>\n<p>8. Raisin d'alo\u00e8s<\/p>\n<p>9. Fruits tropicaux<\/p>\n<p>10.Fraise Banane<\/p>\n<p>11. Goyave Kiwi Fruit de la Passion<\/p>\n<p>12. Glace du dragon noir<img loading=\"lazy\" decoding=\"async\" class=\"alignnone wp-image-3863 size-full\" src=\"https:\/\/pgvape.com\/wp-content\/uploads\/2025\/10\/pgvape-Bang-King-Crystal-30000-30k-Puffs-Disposable-Vape-7.png\" alt=\"\" width=\"1800\" height=\"1210\" srcset=\"https:\/\/pgvape.com\/wp-content\/uploads\/2025\/10\/pgvape-Bang-King-Crystal-30000-30k-Puffs-Disposable-Vape-7.png 1800w, https:\/\/pgvape.com\/wp-content\/uploads\/2025\/10\/pgvape-Bang-King-Crystal-30000-30k-Puffs-Disposable-Vape-7-536x360.png 536w, https:\/\/pgvape.com\/wp-content\/uploads\/2025\/10\/pgvape-Bang-King-Crystal-30000-30k-Puffs-Disposable-Vape-7-595x400.png 595w, https:\/\/pgvape.com\/wp-content\/uploads\/2025\/10\/pgvape-Bang-King-Crystal-30000-30k-Puffs-Disposable-Vape-7-400x269.png 400w, https:\/\/pgvape.com\/wp-content\/uploads\/2025\/10\/pgvape-Bang-King-Crystal-30000-30k-Puffs-Disposable-Vape-7-768x516.png 768w, https:\/\/pgvape.com\/wp-content\/uploads\/2025\/10\/pgvape-Bang-King-Crystal-30000-30k-Puffs-Disposable-Vape-7-1536x1033.png 1536w, https:\/\/pgvape.com\/wp-content\/uploads\/2025\/10\/pgvape-Bang-King-Crystal-30000-30k-Puffs-Disposable-Vape-7-18x12.png 18w, https:\/\/pgvape.com\/wp-content\/uploads\/2025\/10\/pgvape-Bang-King-Crystal-30000-30k-Puffs-Disposable-Vape-7-600x403.png 600w, https:\/\/pgvape.com\/wp-content\/uploads\/2025\/10\/pgvape-Bang-King-Crystal-30000-30k-Puffs-Disposable-Vape-7-60x40.png 60w\" sizes=\"auto, (max-width: 1800px) 100vw, 1800px\" \/><\/p>\n<h2><span style=\"font-size: 90%;\">\u00a0<\/span><\/h2>\n<h3><span style=\"font-size: 90%;\">Vid\u00e9o de vape jetable Bang King Crystal 30000 | 30 000 bouff\u00e9es\u00a0:<br \/>\n<iframe loading=\"lazy\" title=\"Bang King Cristal 30000 |\" width=\"1020\" height=\"574\" src=\"https:\/\/www.youtube.com\/embed\/vJrJNuhD_kE?feature=oembed\" frameborder=\"0\" allow=\"accelerometer; autoplay; clipboard-write; encrypted-media; gyroscope; picture-in-picture; web-share\" referrerpolicy=\"strict-origin-when-cross-origin\" allowfullscreen><\/iframe><br \/>\n<\/span><\/h3>\n<p>&nbsp;<\/p>\n<h2 class=\"header-vfC6AV auto-hide-last-sibling-br\">FAQ sur la vape jetable Bang King Crystal 30000 | 30 000 bouff\u00e9es<\/h2>\n<p data-sourcepos=\"30:1-31:99\">\u2753 <strong data-sourcepos=\"30:3-30:42\">\u201c\u00a0Qu'est-ce qui rend la bobine de maillage sp\u00e9ciale\u00a0?<br \/>\n\u201c<\/strong>\u2705 <strong data-sourcepos=\"31:3-31:97\">\u201cLa bobine de maille avanc\u00e9e assure un chauffage uniforme, une vapeur plus douce et une saveur plus riche.\u201d<\/strong><\/p>\n<p data-sourcepos=\"33:1-34:92\">\u2753 <strong data-sourcepos=\"33:3-33:40\">\u201c Combien de temps dure la batterie ?<br \/>\n\u201c<\/strong>\u2705 <strong data-sourcepos=\"34:3-34:90\">\u201cLa batterie de 650 mAh fournit une alimentation toute la journ\u00e9e, rechargeable via une charge rapide de type C.\u201d<\/strong><\/p>\n<p data-sourcepos=\"36:1-37:90\">\u2753 <strong data-sourcepos=\"36:3-36:49\">\u201c Est-ce adapt\u00e9 \u00e0 un achat en gros ?<br \/>\n\u201c<\/strong> \u2705 <strong data-sourcepos=\"37:3-37:88\">\u201cOui, la bo\u00eete pratique de 10 paquets est id\u00e9ale pour la distribution au d\u00e9tail et en vrac.\u201d<\/strong><\/p>\n<p data-sourcepos=\"39:1-40:88\">\u2753 <strong data-sourcepos=\"39:3-39:44\">\u201c Quels niveaux de nicotine sont disponibles ?<br \/>\n\u201c<\/strong> \u2705 <strong data-sourcepos=\"40:3-40:86\">\u201c\u00a0Choisissez parmi 2% (l\u00e9ger), 3% (moyen) ou 5% (fort) pour correspondre \u00e0 vos pr\u00e9f\u00e9rences.\u00a0\u201d<\/strong><\/p>\n<h2><span style=\"font-size: 90%;\">\u00a0<\/span><\/h2>\n<h3 id=\"brxe-najhln\" class=\"brxe-heading\">Foire aux questions (FAQ)<\/h3>\n<div id=\"brxe-rajiac\" class=\"brxe-text\">\n<p><strong>Q : Quels modes de paiement acceptez-vous ?<\/strong><br \/>\nR\u00a0: Nous acceptons PayPal, Stripe, les virements bancaires (pris en charge par SEPA), les principales cartes de cr\u00e9dit (Visa, MasterCard, American Express) et les paiements en crypto-monnaie.<\/p>\n<p><strong>Q : Combien de temps prend la pr\u00e9paration d\u2019une commande ?<\/strong><br \/>\nR : La pr\u00e9paration de la commande prend 1 \u00e0 3 jours ouvrables.<\/p>\n<p><strong>Q : Quel est le d\u00e9lai de livraison ?<\/strong><br \/>\nR : Le d\u00e9lai de livraison est de 7 \u00e0 14 jours ouvrables, selon votre emplacement.<\/p>\n<p><strong>Q : Comment puis-je suivre ma commande ?<\/strong><br \/>\nR : Apr\u00e8s l'exp\u00e9dition, vous recevrez un e-mail de confirmation avec un num\u00e9ro de suivi pour un suivi en temps r\u00e9el.<\/p>\n<p><strong>Q : Quelle est votre politique de retour ?<\/strong><br \/>\nR : Nous proposons une politique de retour de 30 jours pour les remboursements ou les \u00e9changes. .<\/p>\n<p><strong>Q : Y aura-t-il des probl\u00e8mes douaniers ?<br \/>\n<\/strong>Nous prenons en charge toutes les proc\u00e9dures de d\u00e9douanement pour vous garantir une exp\u00e9rience sans tracas. .<\/p>\n<p><strong>Q : Quelles m\u00e9thodes d\u2019exp\u00e9dition sont utilis\u00e9es ?<\/strong><br \/>\nNous coop\u00e9rons avec UPS\/DHL\/FEDEX\/DPD, etc. Nous choisirons l'option d'exp\u00e9dition appropri\u00e9e en fonction du pays de livraison pour garantir que vous recevez vos produits le plus rapidement possible.<\/p>\n<p><a href=\"https:\/\/pgvape.com\/fr\/faq\/\"><span style=\"font-size: 100%;\">Cliquez ici pour plus de FAQ<\/span><\/a><\/p>\n<p>Chers clients, Si vous avez des questions concernant votre commande ou l'arriv\u00e9e des marchandises, n'h\u00e9sitez pas \u00e0 contacter notre service client. Merci !<\/p>\n<h3 data-sourcepos=\"73:1-73:21\"><span style=\"font-size: 90%;\"><strong data-sourcepos=\"73:7-73:21\">Contactez-nous<\/strong><\/span><\/h3>\n<div id=\"text-2419739398\" class=\"text\">\n<p><strong data-sourcepos=\"75:3-75:12\">E-mail<\/strong>:\u00a0<a href=\"mailto:support@pgvape.com\"><strong>support@pgvape.com<\/strong><\/a><\/p>\n<p><strong data-sourcepos=\"76:3-76:15\">WhatsApp<\/strong>: <a href=\"https:\/\/wa.me\/+8618128481258\"><strong>+86 18128481258<\/strong><\/a><br \/>\n<strong>(R\u00e9ponse sous 24h les jours ouvr\u00e9s)<\/strong><\/p>\n<\/div>\n<h3><strong><span style=\"font-size: 80%;\">Merci d'avoir choisi pgvape.com ! .<\/span><\/strong><\/h3>\n<\/div>\n<div class=\"auto-hide-last-sibling-br paragraph-JOTKXA paragraph-element br-paragraph-space\"><\/div>","protected":false},"excerpt":{"rendered":"<p><strong data-sourcepos=\"43:1-43:200\">\u201cBang King Crystal 30K - Un vapoteur jetable de grande capacit\u00e9 dot\u00e9 de 30 000 bouff\u00e9es, d'une technologie de bobine maill\u00e9e et de 12 saveurs haut de gamme, aliment\u00e9 par une batterie rechargeable de 650 mAh avec une charge rapide de type C.\u201d<\/strong><\/p>","protected":false},"featured_media":3874,"comment_status":"open","ping_status":"closed","template":"","meta":{"_seopress_robots_primary_cat":"none","_seopress_titles_title":"%%post_title%% %%sep%% %%sitetitle%%","_seopress_titles_desc":"","_seopress_robots_index":""},"product_brand":[19,516],"product_cat":[35,18,515],"product_tag":[38,134,330,331,90,204],"class_list":{"0":"post-3834","1":"product","2":"type-product","3":"status-publish","4":"has-post-thumbnail","6":"product_brand-bang-king-vape","7":"product_brand-disposable-vape","8":"product_cat-30k-puffs-vape","9":"product_cat-bang-king-vape","10":"product_cat-disposable-vape","11":"product_tag-30k-puffs","12":"product_tag-30k-vape","13":"product_tag-bang-king-crystal","14":"product_tag-clean-premium-and-stylish","15":"product_tag-disposable-vape","16":"product_tag-vape-factory-direct","18":"first","19":"instock","20":"sale","21":"shipping-taxable","22":"purchasable","23":"product-type-variable"},"_links":{"self":[{"href":"https:\/\/pgvape.com\/fr\/wp-json\/wp\/v2\/product\/3834","targetHints":{"allow":["GET"]}}],"collection":[{"href":"https:\/\/pgvape.com\/fr\/wp-json\/wp\/v2\/product"}],"about":[{"href":"https:\/\/pgvape.com\/fr\/wp-json\/wp\/v2\/types\/product"}],"replies":[{"embeddable":true,"href":"https:\/\/pgvape.com\/fr\/wp-json\/wp\/v2\/comments?post=3834"}],"wp:featuredmedia":[{"embeddable":true,"href":"https:\/\/pgvape.com\/fr\/wp-json\/wp\/v2\/media\/3874"}],"wp:attachment":[{"href":"https:\/\/pgvape.com\/fr\/wp-json\/wp\/v2\/media?parent=3834"}],"wp:term":[{"taxonomy":"product_brand","embeddable":true,"href":"https:\/\/pgvape.com\/fr\/wp-json\/wp\/v2\/product_brand?post=3834"},{"taxonomy":"product_cat","embeddable":true,"href":"https:\/\/pgvape.com\/fr\/wp-json\/wp\/v2\/product_cat?post=3834"},{"taxonomy":"product_tag","embeddable":true,"href":"https:\/\/pgvape.com\/fr\/wp-json\/wp\/v2\/product_tag?post=3834"}],"curies":[{"name":"wp","href":"https:\/\/api.w.org\/{rel}","templated":true}]}}