{"id":3747,"date":"2025-10-19T08:47:49","date_gmt":"2025-10-19T08:47:49","guid":{"rendered":"https:\/\/pgvape.com\/?post_type=product&#038;p=3747"},"modified":"2026-03-05T14:33:29","modified_gmt":"2026-03-05T14:33:29","slug":"mr-goodie-shisha-50000-50k-bouffees-vape-jetable-dtl-mtl-vape-usine-directe","status":"publish","type":"product","link":"https:\/\/pgvape.com\/fr\/produit\/mr-goodie-shisha-50000-50k-bouffees-vape-jetable-dtl-mtl-vape-usine-directe\/","title":{"rendered":"Mr.Goodie Shisha 50000 50K Puffs Vape jetable DTL et MTL Vape Factory Direct"},"content":{"rendered":"<p class=\"auto-hide-last-sibling-br paragraph-JOTKXA paragraph-element br-paragraph-space\"><strong data-sourcepos=\"4:5-4:61\">Mr.Goodie Shisha 50000 bouff\u00e9es DTL\/MTL Vape jetable<\/strong> R\u00e9volutionne le vapotage flexible avec Dual <strong data-sourcepos=\"4:103-4:125\">DTL (30 000 bouff\u00e9es)<\/strong> Et <strong data-sourcepos=\"4:130-4:152\">MTL (50 000 bouff\u00e9es)<\/strong> Modes. <strong data-sourcepos=\"4:172-4:196\">M\u00e9ga affichage num\u00e9rique<\/strong>, <strong data-sourcepos=\"4:198-4:228\">Contr\u00f4le du d\u00e9bit d'air r\u00e9glable<\/strong>, Et puissant <strong data-sourcepos=\"4:243-4:262\">Batterie 1100mAh<\/strong>, il offre une production cloud personnalisable et des tirages fluides. <strong data-sourcepos=\"4:329-4:354\">3 mg\/6 mg de sel de nicotine<\/strong> Options, <strong data-sourcepos=\"4:364-4:390\">Capacit\u00e9 e-liquide de 40 ml<\/strong>, Et <strong data-sourcepos=\"4:396-4:420\">Chargement rapide de type C<\/strong>, cet appareil offre un plaisir prolong\u00e9. <strong data-sourcepos=\"4:473-4:502\">12 profils de saveurs uniques<\/strong> Pour une satisfaction ultime.<\/p>\n<p>&nbsp;<\/p>\n<h2><span style=\"font-size: 90%;\">Sp\u00e9cifications de la vape jetable Mr.Goodie Shisha 50000 | 50K Puffs<\/span><\/h2>\n<p><strong data-sourcepos=\"9:3-9:19\">Modes de vapotage<\/strong>:\u00a0<strong data-sourcepos=\"9:21-9:56\">DTL (0,5\u03a9\/22W) et MTL (0,1\u03a9\/12W)<\/strong><\/p>\n<p><strong data-sourcepos=\"10:3-10:17\">Nombre de bouff\u00e9es<\/strong>:\u00a0<strong data-sourcepos=\"10:19-10:62\">30 000 bouff\u00e9es (DTL) \/ 50 000 bouff\u00e9es (MTL)<\/strong><\/p>\n<p><strong data-sourcepos=\"11:3-11:15\">Nicotine<\/strong>:\u00a0<strong data-sourcepos=\"11:17-11:42\">3 mg\/6 mg de sel de nicotine<\/strong><\/p>\n<p><strong data-sourcepos=\"12:3-12:14\">Batterie<\/strong>:\u00a0<strong data-sourcepos=\"12:16-12:40\">1100mAh rechargeable<\/strong><\/p>\n<p><strong data-sourcepos=\"13:3-13:24\">Capacit\u00e9 e-liquide<\/strong>:\u00a0<strong data-sourcepos=\"13:26-13:34\">40 ml<\/strong><\/p>\n<p><strong data-sourcepos=\"14:3-14:14\">Afficher<\/strong>:\u00a0<strong data-sourcepos=\"14:16-14:39\">M\u00e9ga \u00e9cran num\u00e9rique<\/strong><\/p>\n<p><strong data-sourcepos=\"15:3-15:14\">Flux d'air<\/strong>:\u00a0<strong data-sourcepos=\"15:16-15:43\">Anneau de contr\u00f4le r\u00e9glable<\/strong><\/p>\n<p><strong data-sourcepos=\"16:3-16:15\">Chargement<\/strong>:\u00a0<strong data-sourcepos=\"16:17-16:41\">Chargement rapide de type C<\/strong><\/p>\n<p><strong data-sourcepos=\"17:3-17:14\">Emballer<\/strong>:\u00a0<strong data-sourcepos=\"17:16-17:42\">10 appareils\/bo\u00eete d'affichage<\/strong><\/p>\n<p>&nbsp;<\/p>\n<h3><span style=\"font-size: 90%;\">Mr.Goodie Shisha 50000 | Liste des saveurs de vape jetables 50 000 bouff\u00e9es<\/span><\/h3>\n<p>1.Double pomme<\/p>\n<p>2. Raisin Menthe<\/p>\n<p>3. Myrtille Citron Menthe<\/p>\n<p>4.Amour 66<\/p>\n<p>5.M\u00e9langer les fruits<\/p>\n<p>6. Bubble-gum \u00e0 la past\u00e8que<\/p>\n<p>7. Cola gommeux<\/p>\n<p>8. Bubble-gum aux fruits du dragon<\/p>\n<p>9. Glace au melon miel<\/p>\n<p>10.Fraise Citron<\/p>\n<p>11.Cranberry P. Citron<\/p>\n<p>12.Blue Razz<img loading=\"lazy\" decoding=\"async\" class=\"alignnone wp-image-3767 size-full\" src=\"https:\/\/pgvape.com\/wp-content\/uploads\/2025\/10\/pgvape-Mr.Goodie-Shisha-50000-50K-Puffs-Disposable-Vape-DTLMTL-3-6-Nicotine-12Tastes-LCD-Display-Vape-Factory-Direct-16.png\" alt=\"\" width=\"2000\" height=\"355\" srcset=\"https:\/\/pgvape.com\/wp-content\/uploads\/2025\/10\/pgvape-Mr.Goodie-Shisha-50000-50K-Puffs-Disposable-Vape-DTLMTL-3-6-Nicotine-12Tastes-LCD-Display-Vape-Factory-Direct-16.png 2000w, https:\/\/pgvape.com\/wp-content\/uploads\/2025\/10\/pgvape-Mr.Goodie-Shisha-50000-50K-Puffs-Disposable-Vape-DTLMTL-3-6-Nicotine-12Tastes-LCD-Display-Vape-Factory-Direct-16-555x99.png 555w, https:\/\/pgvape.com\/wp-content\/uploads\/2025\/10\/pgvape-Mr.Goodie-Shisha-50000-50K-Puffs-Disposable-Vape-DTLMTL-3-6-Nicotine-12Tastes-LCD-Display-Vape-Factory-Direct-16-595x106.png 595w, https:\/\/pgvape.com\/wp-content\/uploads\/2025\/10\/pgvape-Mr.Goodie-Shisha-50000-50K-Puffs-Disposable-Vape-DTLMTL-3-6-Nicotine-12Tastes-LCD-Display-Vape-Factory-Direct-16-400x71.png 400w, https:\/\/pgvape.com\/wp-content\/uploads\/2025\/10\/pgvape-Mr.Goodie-Shisha-50000-50K-Puffs-Disposable-Vape-DTLMTL-3-6-Nicotine-12Tastes-LCD-Display-Vape-Factory-Direct-16-768x136.png 768w, https:\/\/pgvape.com\/wp-content\/uploads\/2025\/10\/pgvape-Mr.Goodie-Shisha-50000-50K-Puffs-Disposable-Vape-DTLMTL-3-6-Nicotine-12Tastes-LCD-Display-Vape-Factory-Direct-16-1536x273.png 1536w, https:\/\/pgvape.com\/wp-content\/uploads\/2025\/10\/pgvape-Mr.Goodie-Shisha-50000-50K-Puffs-Disposable-Vape-DTLMTL-3-6-Nicotine-12Tastes-LCD-Display-Vape-Factory-Direct-16-18x3.png 18w, https:\/\/pgvape.com\/wp-content\/uploads\/2025\/10\/pgvape-Mr.Goodie-Shisha-50000-50K-Puffs-Disposable-Vape-DTLMTL-3-6-Nicotine-12Tastes-LCD-Display-Vape-Factory-Direct-16-600x107.png 600w, https:\/\/pgvape.com\/wp-content\/uploads\/2025\/10\/pgvape-Mr.Goodie-Shisha-50000-50K-Puffs-Disposable-Vape-DTLMTL-3-6-Nicotine-12Tastes-LCD-Display-Vape-Factory-Direct-16-60x11.png 60w\" sizes=\"auto, (max-width: 2000px) 100vw, 2000px\" \/><\/p>\n<h2 class=\"header-vfC6AV auto-hide-last-sibling-br\"><\/h2>\n<h3><span style=\"font-size: 90%;\">Vid\u00e9o de vape jetable Mr.Goodie Shisha 50000 | 50 000 bouff\u00e9es\u00a0:<br \/>\n<iframe loading=\"lazy\" title=\"Mr.Goodie Shisha 50000 | Vape jetable 50K Puffs | DTL &amp; MTL | Vape Factory Direct pgvape\" width=\"1020\" height=\"574\" src=\"https:\/\/www.youtube.com\/embed\/LWmPrq8HAiU?feature=oembed\" frameborder=\"0\" allow=\"accelerometer; autoplay; clipboard-write; encrypted-media; gyroscope; picture-in-picture; web-share\" referrerpolicy=\"strict-origin-when-cross-origin\" allowfullscreen><\/iframe><br \/>\n<\/span><\/h3>\n<p>&nbsp;<\/p>\n<h2 class=\"header-vfC6AV auto-hide-last-sibling-br\">FAQ sur Mr.Goodie Shisha 50000 | Vape jetable 50 000 bouff\u00e9es<\/h2>\n<p data-sourcepos=\"38:1-39:134\">\u2753 <strong data-sourcepos=\"38:3-38:44\">\u201c Comment fonctionne le syst\u00e8me bimode ?<br \/>\n\u201c<\/strong> \u2705 <strong data-sourcepos=\"39:3-39:134\">\u201cBasculez entre DTL (Direct-To-Lung) pour la chasse aux nuages \u200b\u200bou MTL (Mouth-To-Lung) pour des tirages plus serr\u00e9s en utilisant le m\u00eame appareil.\u201d<\/strong><\/p>\n<p data-sourcepos=\"41:1-42:125\">\u2753 <strong data-sourcepos=\"41:3-41:47\">\u201c\u00a0Quelle est la particularit\u00e9 du Mega Display\u00a0?<br \/>\n\u201c<\/strong> \u2705 <strong data-sourcepos=\"42:3-42:125\">\u201cL'\u00e9cran surdimensionn\u00e9 affiche clairement le nombre de bouff\u00e9es, la dur\u00e9e de vie de la batterie et la s\u00e9lection du mode pour une surveillance facile.\u201d<\/strong><\/p>\n<p data-sourcepos=\"44:1-45:120\">\u2753 <strong data-sourcepos=\"44:3-44:40\">\u201c Puis-je ajuster la densit\u00e9 de vapeur ?<br \/>\n\u201c<\/strong> \u2705 <strong data-sourcepos=\"45:3-45:120\">\u201cOui, l'anneau de flux d'air r\u00e9glable vous permet de personnaliser l'\u00e9tanch\u00e9it\u00e9 du tirage, du MTL restreint au DTL a\u00e9r\u00e9.\u201d<\/strong><\/p>\n<p data-sourcepos=\"47:1-48:112\">\u2753 <strong data-sourcepos=\"47:3-47:40\">\u201c Combien de temps dure la batterie ?<br \/>\n\u201c<\/strong> \u2705 <strong data-sourcepos=\"48:3-48:112\">\u201cLa batterie de 1 100 mAh offre une utilisation prolong\u00e9e, avec une charge de type C pour un r\u00e9approvisionnement rapide en 1 heure.\u201d<\/strong><\/p>\n<p data-sourcepos=\"50:1-51:117\">\u2753 <strong data-sourcepos=\"50:3-50:45\">\u201c Est-ce adapt\u00e9 aux chasseurs de saveurs ?<br \/>\n\u201c<\/strong> \u2705 <strong data-sourcepos=\"51:3-51:117\">\u201cAbsolument\u00a0! La r\u00e9sistance optimis\u00e9e de la bobine (0,5\u03a9 DTL\/0,1\u03a9 MTL) am\u00e9liore la clart\u00e9 des saveurs dans les deux modes.\u201d<\/strong><\/p>\n<p>&nbsp;<\/p>\n<h3 id=\"brxe-najhln\" class=\"brxe-heading\">Foire aux questions (FAQ)<\/h3>\n<div id=\"brxe-rajiac\" class=\"brxe-text\">\n<p><strong>Q : Quels modes de paiement acceptez-vous ?<\/strong><br \/>\nR\u00a0: Nous acceptons PayPal, Stripe, les virements bancaires (pris en charge par SEPA), les principales cartes de cr\u00e9dit (Visa, MasterCard, American Express) et les paiements en crypto-monnaie.<\/p>\n<p><strong>Q : Combien de temps prend la pr\u00e9paration d\u2019une commande ?<\/strong><br \/>\nR : La pr\u00e9paration de la commande prend 1 \u00e0 3 jours ouvrables.<\/p>\n<p><strong>Q : Quel est le d\u00e9lai de livraison ?<\/strong><br \/>\nR : Le d\u00e9lai de livraison est de 7 \u00e0 14 jours ouvrables, selon votre emplacement.<\/p>\n<p><strong>Q : Comment puis-je suivre ma commande ?<\/strong><br \/>\nR : Apr\u00e8s l'exp\u00e9dition, vous recevrez un e-mail de confirmation avec un num\u00e9ro de suivi pour un suivi en temps r\u00e9el.<\/p>\n<p><strong>Q : Quelle est votre politique de retour ?<\/strong><br \/>\nR : Nous proposons une politique de retour de 30 jours pour les remboursements ou les \u00e9changes. .<\/p>\n<p><strong>Q : Y aura-t-il des probl\u00e8mes douaniers ?<br \/>\n<\/strong>Nous prenons en charge toutes les proc\u00e9dures de d\u00e9douanement pour vous garantir une exp\u00e9rience sans tracas. .<\/p>\n<p><strong>Q : Quelles m\u00e9thodes d\u2019exp\u00e9dition sont utilis\u00e9es ?<\/strong><br \/>\nNous coop\u00e9rons avec UPS\/DHL\/FEDEX\/DPD, etc. Nous choisirons l'option d'exp\u00e9dition appropri\u00e9e en fonction du pays de livraison pour garantir que vous recevez vos produits le plus rapidement possible.<\/p>\n<p><a href=\"https:\/\/pgvape.com\/fr\/faq\/\">Cliquez ici pour plus de FAQ<\/a><\/p>\n<p>Chers clients, Si vous avez des questions concernant votre commande ou l'arriv\u00e9e des marchandises, n'h\u00e9sitez pas \u00e0 contacter notre service client. Merci !<\/p>\n<h3 data-sourcepos=\"73:1-73:21\"><strong data-sourcepos=\"73:7-73:21\">Contactez-nous<\/strong><\/h3>\n<div id=\"text-2419739398\" class=\"text\">\n<p><strong data-sourcepos=\"75:3-75:12\">E-mail<\/strong>:\u00a0<a href=\"mailto:support@pgvape.com\"><strong>support@pgvape.com<\/strong><\/a><\/p>\n<p><strong data-sourcepos=\"76:3-76:15\">WhatsApp<\/strong>: <a href=\"https:\/\/wa.me\/+8618128481258\"><strong>+86 18128481258<\/strong><\/a><br \/>\n<strong>(R\u00e9ponse sous 24h les jours ouvr\u00e9s)<\/strong><\/p>\n<\/div>\n<h3><strong>Merci d'avoir choisi pgvape.com ! .<\/strong><\/h3>\n<\/div>","protected":false},"excerpt":{"rendered":"<p><strong data-sourcepos=\"47:1-47:201\">\u201cMr.Goodie Shisha 50000 - Le vape jetable bimode ultime offrant 30 000 bouff\u00e9es DTL\/50 000 MTL, une capacit\u00e9 de 40 ml, un m\u00e9ga \u00e9cran et 12 saveurs haut de gamme dans un design \u00e9l\u00e9gant rechargeable de type C de 1\u00a0100 mAh. \u201d<\/strong><\/p>","protected":false},"featured_media":3753,"comment_status":"open","ping_status":"closed","template":"","meta":{"_seopress_robots_primary_cat":"none","_seopress_titles_title":"%%post_title%% %%sep%% %%sitetitle%%","_seopress_titles_desc":"","_seopress_robots_index":""},"product_brand":[516,311],"product_cat":[61,515,312],"product_tag":[64,65,90,263,191,325,204],"class_list":{"0":"post-3747","1":"product","2":"type-product","3":"status-publish","4":"has-post-thumbnail","6":"product_brand-disposable-vape","7":"product_brand-mr-goodie-vape","8":"product_cat-50k-puffs-vape","9":"product_cat-disposable-vape","10":"product_cat-mr-goodie-vape","11":"product_tag-50k-puffs","12":"product_tag-50k-vape","13":"product_tag-disposable-vape","14":"product_tag-dtl-mtl","15":"product_tag-lcd-display","16":"product_tag-mr-goodie-shisha","17":"product_tag-vape-factory-direct","19":"first","20":"outofstock","21":"sale","22":"shipping-taxable","23":"purchasable","24":"product-type-variable"},"_links":{"self":[{"href":"https:\/\/pgvape.com\/fr\/wp-json\/wp\/v2\/product\/3747","targetHints":{"allow":["GET"]}}],"collection":[{"href":"https:\/\/pgvape.com\/fr\/wp-json\/wp\/v2\/product"}],"about":[{"href":"https:\/\/pgvape.com\/fr\/wp-json\/wp\/v2\/types\/product"}],"replies":[{"embeddable":true,"href":"https:\/\/pgvape.com\/fr\/wp-json\/wp\/v2\/comments?post=3747"}],"wp:featuredmedia":[{"embeddable":true,"href":"https:\/\/pgvape.com\/fr\/wp-json\/wp\/v2\/media\/3753"}],"wp:attachment":[{"href":"https:\/\/pgvape.com\/fr\/wp-json\/wp\/v2\/media?parent=3747"}],"wp:term":[{"taxonomy":"product_brand","embeddable":true,"href":"https:\/\/pgvape.com\/fr\/wp-json\/wp\/v2\/product_brand?post=3747"},{"taxonomy":"product_cat","embeddable":true,"href":"https:\/\/pgvape.com\/fr\/wp-json\/wp\/v2\/product_cat?post=3747"},{"taxonomy":"product_tag","embeddable":true,"href":"https:\/\/pgvape.com\/fr\/wp-json\/wp\/v2\/product_tag?post=3747"}],"curies":[{"name":"wp","href":"https:\/\/api.w.org\/{rel}","templated":true}]}}