{"id":3706,"date":"2025-10-19T07:07:42","date_gmt":"2025-10-19T07:07:42","guid":{"rendered":"https:\/\/pgvape.com\/?post_type=product&#038;p=3706"},"modified":"2026-03-05T14:33:37","modified_gmt":"2026-03-05T14:33:37","slug":"m-goodie-uwake-30000-30k-bouffees-bouche-nasale-vape-jetable-vape-usine-directe","status":"publish","type":"product","link":"https:\/\/pgvape.com\/fr\/produit\/m-goodie-uwake-30000-30k-bouffees-bouche-nasale-vape-jetable-vape-usine-directe\/","title":{"rendered":"Mr.Goodie UWAKE 30000 30k Puffs Nasal &amp; Bouche Jetable Vape-Vape Direct Usine"},"content":{"rendered":"<div class=\"auto-hide-last-sibling-br paragraph-JOTKXA paragraph-element br-paragraph-space\">\n<p><strong data-sourcepos=\"6:1-6:27\">M. Goodie UWAKE 30000<\/strong> R\u00e9volutionne <strong data-sourcepos=\"6:43-6:53\">Vapoter<\/strong> Avec Le <strong data-sourcepos=\"6:63-6:99\">Le premier syst\u00e8me \u00e0 double inspiration au monde<\/strong> (<strong data-sourcepos=\"6:101-6:118\">Nasal et buccal<\/strong>). <strong data-sourcepos=\"6:132-6:148\">30 000 bouff\u00e9es<\/strong>, <strong data-sourcepos=\"6:150-6:174\">Bobines de maillage doubles de 1,1 \u03a9<\/strong>, Et <strong data-sourcepos=\"6:180-6:206\">Capacit\u00e9 e-liquide de 23 ml<\/strong> Pour une saveur intense et des sessions prolong\u00e9es. <strong data-sourcepos=\"6:256-6:282\">Sel de nicotine 2% ou 5%<\/strong>, soutenu par un <strong data-sourcepos=\"6:296-6:327\">Batterie rechargeable 550 mAh<\/strong>, <strong data-sourcepos=\"6:329-6:353\">Chargement rapide de type C<\/strong>, Et <strong data-sourcepos=\"6:359-6:386\">Surveillance d'\u00e9cran intelligente<\/strong>. .<\/p>\n<p>&nbsp;<\/p>\n<\/div>\n<h2><span style=\"font-size: 90%;\">Sp\u00e9cifications de la vape jetable nasale et buccale Mr.Goodie UWAKE 30000 | 30 000 bouff\u00e9es<\/span><\/h2>\n<p><strong data-sourcepos=\"11:3-11:17\">Inhalation<\/strong>:\u00a0<strong data-sourcepos=\"11:19-11:34\">Double syst\u00e8me<\/strong>\u00a0(<strong data-sourcepos=\"11:36-11:53\">Nasal et buccal<\/strong>)<\/p>\n<p><strong data-sourcepos=\"12:3-12:17\">Nombre de bouff\u00e9es<\/strong>:\u00a0<strong data-sourcepos=\"12:19-12:35\">30 000 bouff\u00e9es<\/strong><\/p>\n<p><strong data-sourcepos=\"13:3-13:15\">Nicotine<\/strong>:\u00a0<strong data-sourcepos=\"13:17-13:42\">Sel de nicotine 2%\/5%<\/strong><\/p>\n<p><strong data-sourcepos=\"14:3-14:11\">Bobine<\/strong>:\u00a0<strong data-sourcepos=\"14:13-14:37\">Bobines de maillage doubles de 1,1 \u03a9<\/strong><\/p>\n<p><strong data-sourcepos=\"15:3-15:15\">E-Liquide<\/strong>:\u00a0<strong data-sourcepos=\"15:17-15:44\">Capacit\u00e9 pr\u00e9remplie de 23 ml<\/strong><\/p>\n<p><strong data-sourcepos=\"16:3-16:14\">Batterie<\/strong>:\u00a0<strong data-sourcepos=\"16:16-16:39\">550mAh rechargeable<\/strong><\/p>\n<p><strong data-sourcepos=\"17:3-17:15\">Chargement<\/strong>:\u00a0<strong data-sourcepos=\"17:17-17:37\">Port rapide de type C<\/strong><\/p>\n<p><strong data-sourcepos=\"18:3-18:14\">Afficher<\/strong>:\u00a0<strong data-sourcepos=\"18:16-18:32\">\u00c9cran intelligent<\/strong>\u00a0(Niveaux de batterie\/e-liquide)<\/p>\n<p><strong data-sourcepos=\"19:3-19:14\">Emballer<\/strong>:\u00a0<strong data-sourcepos=\"19:16-19:33\">5 appareils\/bo\u00eete<\/strong><\/p>\n<h3 id=\"brxe-najhln\" class=\"brxe-heading\"><img loading=\"lazy\" decoding=\"async\" class=\"alignnone wp-image-3725 size-full\" style=\"color: #555555; font-size: 14.4px;\" src=\"https:\/\/pgvape.com\/wp-content\/uploads\/2025\/10\/pgvape-Mr.Goodie-UWAKE-30000-30k-Puffs-Nasal-Mouth-Disposable-Vape-17.png\" alt=\"\" width=\"1920\" height=\"1080\" srcset=\"https:\/\/pgvape.com\/wp-content\/uploads\/2025\/10\/pgvape-Mr.Goodie-UWAKE-30000-30k-Puffs-Nasal-Mouth-Disposable-Vape-17.png 1920w, https:\/\/pgvape.com\/wp-content\/uploads\/2025\/10\/pgvape-Mr.Goodie-UWAKE-30000-30k-Puffs-Nasal-Mouth-Disposable-Vape-17-555x312.png 555w, https:\/\/pgvape.com\/wp-content\/uploads\/2025\/10\/pgvape-Mr.Goodie-UWAKE-30000-30k-Puffs-Nasal-Mouth-Disposable-Vape-17-595x335.png 595w, https:\/\/pgvape.com\/wp-content\/uploads\/2025\/10\/pgvape-Mr.Goodie-UWAKE-30000-30k-Puffs-Nasal-Mouth-Disposable-Vape-17-400x225.png 400w, https:\/\/pgvape.com\/wp-content\/uploads\/2025\/10\/pgvape-Mr.Goodie-UWAKE-30000-30k-Puffs-Nasal-Mouth-Disposable-Vape-17-768x432.png 768w, https:\/\/pgvape.com\/wp-content\/uploads\/2025\/10\/pgvape-Mr.Goodie-UWAKE-30000-30k-Puffs-Nasal-Mouth-Disposable-Vape-17-1536x864.png 1536w, https:\/\/pgvape.com\/wp-content\/uploads\/2025\/10\/pgvape-Mr.Goodie-UWAKE-30000-30k-Puffs-Nasal-Mouth-Disposable-Vape-17-18x10.png 18w, https:\/\/pgvape.com\/wp-content\/uploads\/2025\/10\/pgvape-Mr.Goodie-UWAKE-30000-30k-Puffs-Nasal-Mouth-Disposable-Vape-17-600x338.png 600w, https:\/\/pgvape.com\/wp-content\/uploads\/2025\/10\/pgvape-Mr.Goodie-UWAKE-30000-30k-Puffs-Nasal-Mouth-Disposable-Vape-17-60x34.png 60w\" sizes=\"auto, (max-width: 1920px) 100vw, 1920px\" \/><\/h3>\n<h3><span style=\"font-size: 90%;\">Mr.Goodie UWAKE 30000 | Liste des saveurs de vape jetables nasales et buccales de 30 000 bouff\u00e9es<\/span><\/h3>\n<p>1. Glace \u00e0 la noix de coco<\/p>\n<p>2.Cr\u00e8me \u00e0 la vanille<\/p>\n<p>3.Double pomme<\/p>\n<p>4.Avocat Osmanthus<\/p>\n<p>5. Latt\u00e9<\/p>\n<p>6.Jasmin Rose<\/p>\n<p>7.Rose Litchi<\/p>\n<p>8. Glace au melon<\/p>\n<p>9. Glace aux fraises<\/p>\n<p>10. Feuille de menthe<\/p>\n<p>11. Glace Sakura \u00e0 la p\u00eache blanche<\/p>\n<p>12. Glace \u00e0 la banane<img loading=\"lazy\" decoding=\"async\" class=\"alignnone wp-image-3726 size-full\" src=\"https:\/\/pgvape.com\/wp-content\/uploads\/2025\/10\/pgvape-Mr.Goodie-UWAKE-30000-30k-Puffs-Nasal-Mouth-Disposable-Vape-18.png\" alt=\"\" width=\"1920\" height=\"1267\" srcset=\"https:\/\/pgvape.com\/wp-content\/uploads\/2025\/10\/pgvape-Mr.Goodie-UWAKE-30000-30k-Puffs-Nasal-Mouth-Disposable-Vape-18.png 1920w, https:\/\/pgvape.com\/wp-content\/uploads\/2025\/10\/pgvape-Mr.Goodie-UWAKE-30000-30k-Puffs-Nasal-Mouth-Disposable-Vape-18-546x360.png 546w, https:\/\/pgvape.com\/wp-content\/uploads\/2025\/10\/pgvape-Mr.Goodie-UWAKE-30000-30k-Puffs-Nasal-Mouth-Disposable-Vape-18-595x393.png 595w, https:\/\/pgvape.com\/wp-content\/uploads\/2025\/10\/pgvape-Mr.Goodie-UWAKE-30000-30k-Puffs-Nasal-Mouth-Disposable-Vape-18-400x264.png 400w, https:\/\/pgvape.com\/wp-content\/uploads\/2025\/10\/pgvape-Mr.Goodie-UWAKE-30000-30k-Puffs-Nasal-Mouth-Disposable-Vape-18-768x507.png 768w, https:\/\/pgvape.com\/wp-content\/uploads\/2025\/10\/pgvape-Mr.Goodie-UWAKE-30000-30k-Puffs-Nasal-Mouth-Disposable-Vape-18-1536x1014.png 1536w, https:\/\/pgvape.com\/wp-content\/uploads\/2025\/10\/pgvape-Mr.Goodie-UWAKE-30000-30k-Puffs-Nasal-Mouth-Disposable-Vape-18-18x12.png 18w, https:\/\/pgvape.com\/wp-content\/uploads\/2025\/10\/pgvape-Mr.Goodie-UWAKE-30000-30k-Puffs-Nasal-Mouth-Disposable-Vape-18-600x396.png 600w, https:\/\/pgvape.com\/wp-content\/uploads\/2025\/10\/pgvape-Mr.Goodie-UWAKE-30000-30k-Puffs-Nasal-Mouth-Disposable-Vape-18-60x40.png 60w\" sizes=\"auto, (max-width: 1920px) 100vw, 1920px\" \/><\/p>\n<h2 class=\"header-vfC6AV auto-hide-last-sibling-br\"><\/h2>\n<h3><span style=\"font-size: 90%;\">Vid\u00e9o de vape jetable nasale et buccale Mr.Goodie UWAKE 30000 | 30 000 bouff\u00e9es\u00a0:<\/span><\/h3>\n<h3 id=\"brxe-najhln\" class=\"brxe-heading\"><\/h3>\n<h2 class=\"header-vfC6AV auto-hide-last-sibling-br\">FAQ sur Mr.Goodie UWAKE 30000 | Vape jetable nasale et buccale de 30 000 bouff\u00e9es<\/h2>\n<p data-sourcepos=\"40:1-41:128\">\u2753 <strong data-sourcepos=\"40:3-40:50\">\u201c\u00a0Comment fonctionne le syst\u00e8me \u00e0 double inspiration\u00a0?<br \/>\n\u201c<\/strong> \u2705 <strong data-sourcepos=\"41:3-41:126\">\u201cVapez traditionnellement par la bouche ou utilisez l'inhalation nasale pour une absorption plus rapide de la nicotine et une sensation unique.\u201d<\/strong><\/p>\n<p data-sourcepos=\"43:1-44:101\">\u2753 <strong data-sourcepos=\"43:3-43:47\">\u201c\u00a0Qu'est-ce qui rend les doubles bobines sp\u00e9ciales\u00a0?<br \/>\n\u201c<\/strong> \u2705 <strong data-sourcepos=\"44:3-44:99\">\u201cLes bobines de maillage jumelles de 1,1 \u03a9 offrent une saveur plus riche et une vapeur plus douce des deux r\u00e9servoirs.\u201d<\/strong><\/p>\n<p data-sourcepos=\"46:1-47:98\">\u2753 <strong data-sourcepos=\"46:3-46:44\">\u201c Combien de temps dure la batterie ?<br \/>\n\u201c<\/strong> \u2705 <strong data-sourcepos=\"47:3-47:96\">\u201cLa batterie de 550 mAh prend en charge une utilisation toute la journ\u00e9e\u00a0; la charge de type C fait le plein en 30 minutes.\u201d<\/strong><\/p>\n<p data-sourcepos=\"49:1-50:89\">\u2753 <strong data-sourcepos=\"49:3-49:41\">\u201c Puis-je suivre les niveaux d\u2019e-liquide ?<br \/>\n\u201c<\/strong> \u2705 <strong data-sourcepos=\"50:3-50:87\">\u201cOui, l'\u00e9cran intelligent affiche l'\u00e9tat du e-liquide et de la batterie en temps r\u00e9el.\u201d<\/strong><\/p>\n<p data-sourcepos=\"52:1-53:94\">\u2753 <strong data-sourcepos=\"52:3-52:49\">\u201c\u00a0Des options riches en nicotine sont-elles disponibles\u00a0?<br \/>\n\u201c<\/strong> \u2705 <strong data-sourcepos=\"53:3-53:92\">\u201c\u00a0Choisissez le sel de nicotine 2% (mod\u00e9r\u00e9) ou 5% (fort) pour une intensit\u00e9 personnalis\u00e9e.\u00a0\u201d<\/strong><\/p>\n<p>&nbsp;<\/p>\n<h3 id=\"brxe-najhln\" class=\"brxe-heading\">Foire aux questions (FAQ)<\/h3>\n<div id=\"brxe-rajiac\" class=\"brxe-text\">\n<p><strong>Q : Quels modes de paiement acceptez-vous ?<\/strong><br \/>\nR\u00a0: Nous acceptons PayPal, Stripe, les virements bancaires (pris en charge par SEPA), les principales cartes de cr\u00e9dit (Visa, MasterCard, American Express) et les paiements en crypto-monnaie.<\/p>\n<p><strong>Q : Combien de temps prend la pr\u00e9paration d\u2019une commande ?<\/strong><br \/>\nR : La pr\u00e9paration de la commande prend 1 \u00e0 3 jours ouvrables.<\/p>\n<p><strong>Q : Quel est le d\u00e9lai de livraison ?<\/strong><br \/>\nR : Le d\u00e9lai de livraison est de 7 \u00e0 14 jours ouvrables, selon votre emplacement.<\/p>\n<p><strong>Q : Comment puis-je suivre ma commande ?<\/strong><br \/>\nR : Apr\u00e8s l'exp\u00e9dition, vous recevrez un e-mail de confirmation avec un num\u00e9ro de suivi pour un suivi en temps r\u00e9el.<\/p>\n<p><strong>Q : Quelle est votre politique de retour ?<\/strong><br \/>\nR : Nous proposons une politique de retour de 30 jours pour les remboursements ou les \u00e9changes. .<\/p>\n<p><strong>Q : Y aura-t-il des probl\u00e8mes douaniers ?<br \/>\n<\/strong>Nous prenons en charge toutes les proc\u00e9dures de d\u00e9douanement pour vous garantir une exp\u00e9rience sans tracas. .<\/p>\n<p><strong>Q : Quelles m\u00e9thodes d\u2019exp\u00e9dition sont utilis\u00e9es ?<\/strong><br \/>\nNous coop\u00e9rons avec UPS\/DHL\/FEDEX\/DPD, etc. Nous choisirons l'option d'exp\u00e9dition appropri\u00e9e en fonction du pays de livraison pour garantir que vous recevez vos produits le plus rapidement possible.<\/p>\n<p><a href=\"https:\/\/pgvape.com\/fr\/faq\/\">Cliquez ici pour plus de FAQ<\/a><\/p>\n<p>Chers clients, Si vous avez des questions concernant votre commande ou l'arriv\u00e9e des marchandises, n'h\u00e9sitez pas \u00e0 contacter notre service client. Merci !<\/p>\n<h3 data-sourcepos=\"73:1-73:21\"><strong data-sourcepos=\"73:7-73:21\">Contactez-nous<\/strong><\/h3>\n<div id=\"text-2419739398\" class=\"text\">\n<p><strong data-sourcepos=\"75:3-75:12\">E-mail<\/strong>:\u00a0<a href=\"mailto:support@pgvape.com\"><strong>support@pgvape.com<\/strong><\/a><\/p>\n<p><strong data-sourcepos=\"76:3-76:15\">WhatsApp<\/strong>: <a href=\"https:\/\/wa.me\/+8618128481258\"><strong>+86 18128481258<\/strong><\/a><br \/>\n<strong>(R\u00e9ponse sous 24h les jours ouvr\u00e9s)<\/strong><\/p>\n<\/div>\n<h3><strong>Merci d'avoir choisi pgvape.com ! .<\/strong><\/h3>\n<\/div>","protected":false},"excerpt":{"rendered":"<p><strong data-sourcepos=\"58:1-58:191\">\u201c\u00a0M. Goodie UWAKE 30000\u00a0: le premier vapoteur jetable \u00e0 double inhalation au monde avec 30\u00a0000 bouff\u00e9es, des bobines \u00e0 double maille, un \u00e9cran intelligent et 12 saveurs, aliment\u00e9 par une batterie de 550 mAh.\u201d<\/strong><\/p>","protected":false},"featured_media":3709,"comment_status":"open","ping_status":"closed","template":"","meta":{"_seopress_robots_primary_cat":"none","_seopress_titles_title":"%%post_title%% %%sep%% %%sitetitle%%","_seopress_titles_desc":"","_seopress_robots_index":""},"product_brand":[516,311],"product_cat":[35,515,312],"product_tag":[38,134,90,323,324,136,204],"class_list":{"0":"post-3706","1":"product","2":"type-product","3":"status-publish","4":"has-post-thumbnail","6":"product_brand-disposable-vape","7":"product_brand-mr-goodie-vape","8":"product_cat-30k-puffs-vape","9":"product_cat-disposable-vape","10":"product_cat-mr-goodie-vape","11":"product_tag-30k-puffs","12":"product_tag-30k-vape","13":"product_tag-disposable-vape","14":"product_tag-mr-goodie-uwake","15":"product_tag-nasal-mouth","16":"product_tag-smart-screen","17":"product_tag-vape-factory-direct","19":"first","20":"outofstock","21":"sale","22":"shipping-taxable","23":"purchasable","24":"product-type-variable"},"_links":{"self":[{"href":"https:\/\/pgvape.com\/fr\/wp-json\/wp\/v2\/product\/3706","targetHints":{"allow":["GET"]}}],"collection":[{"href":"https:\/\/pgvape.com\/fr\/wp-json\/wp\/v2\/product"}],"about":[{"href":"https:\/\/pgvape.com\/fr\/wp-json\/wp\/v2\/types\/product"}],"replies":[{"embeddable":true,"href":"https:\/\/pgvape.com\/fr\/wp-json\/wp\/v2\/comments?post=3706"}],"wp:featuredmedia":[{"embeddable":true,"href":"https:\/\/pgvape.com\/fr\/wp-json\/wp\/v2\/media\/3709"}],"wp:attachment":[{"href":"https:\/\/pgvape.com\/fr\/wp-json\/wp\/v2\/media?parent=3706"}],"wp:term":[{"taxonomy":"product_brand","embeddable":true,"href":"https:\/\/pgvape.com\/fr\/wp-json\/wp\/v2\/product_brand?post=3706"},{"taxonomy":"product_cat","embeddable":true,"href":"https:\/\/pgvape.com\/fr\/wp-json\/wp\/v2\/product_cat?post=3706"},{"taxonomy":"product_tag","embeddable":true,"href":"https:\/\/pgvape.com\/fr\/wp-json\/wp\/v2\/product_tag?post=3706"}],"curies":[{"name":"wp","href":"https:\/\/api.w.org\/{rel}","templated":true}]}}