{"id":3657,"date":"2025-10-18T12:41:58","date_gmt":"2025-10-18T12:41:58","guid":{"rendered":"https:\/\/pgvape.com\/?post_type=product&#038;p=3657"},"modified":"2026-03-24T03:16:17","modified_gmt":"2026-03-24T03:16:17","slug":"mr-goodie-20000-20k-bouffees-double-entrepot-vape-jetable-rechargeable-vape-usine-directe","status":"publish","type":"product","link":"https:\/\/pgvape.com\/fr\/produit\/mr-goodie-20000-20k-bouffees-double-entrepot-vape-jetable-rechargeable-vape-usine-directe\/","title":{"rendered":"Mr.Goodie 20000 20K Puffs Double Entrep\u00f4t Vape Jetable Vape Rechargeable Direct Usine"},"content":{"rendered":"<div class=\"auto-hide-last-sibling-br paragraph-JOTKXA paragraph-element br-paragraph-space\">\n<p><strong data-sourcepos=\"4:5-4:67\">Mr.Goodie 20000 Puffs Double Warehouse Vape Pod jetable<\/strong> Livre <strong data-sourcepos=\"4:77-4:99\">Capacit\u00e9 in\u00e9gal\u00e9e<\/strong> Avec <strong data-sourcepos=\"4:105-4:133\">E-liquide pr\u00e9rempli de 40 ml<\/strong> (20ml\u00d72) Et <strong data-sourcepos=\"4:147-4:174\">20 000 bouff\u00e9es ultra longues<\/strong>. <strong data-sourcepos=\"4:188-4:206\">Bobine de maille 1,0 \u03a9<\/strong> Pour une saveur riche et <strong data-sourcepos=\"4:227-4:258\">Batterie rechargeable 650 mAh<\/strong> Avec <strong data-sourcepos=\"4:264-4:283\">Chargement de type C<\/strong>, Il est con\u00e7u pour des performances \u00e9tendues. <strong data-sourcepos=\"4:334-4:360\">Sel de nicotine 2% ou 5%<\/strong> \u00c0 travers <strong data-sourcepos=\"4:368-4:390\">12 saveurs haut de gamme<\/strong> Pour une satisfaction personnalis\u00e9e.<\/p>\n<p>&nbsp;<\/p>\n<h2><span style=\"font-size: 90%; color: #333333;\">Sp\u00e9cifications de la vape jetable \u00e0 double entrep\u00f4t Mr.Goodie 20000 20K Puffs<\/span><\/h2>\n<\/div>\n<p><strong data-sourcepos=\"9:3-9:17\">Nombre de bouff\u00e9es<\/strong>:\u00a0<strong data-sourcepos=\"9:19-9:35\">20 000 bouff\u00e9es<\/strong><\/p>\n<p><strong data-sourcepos=\"10:3-10:15\">E-Liquide<\/strong>:\u00a0<strong data-sourcepos=\"10:17-10:42\">40 ml (deux dosettes de 20 ml)<\/strong><\/p>\n<p><strong data-sourcepos=\"11:3-11:15\">Nicotine<\/strong>:\u00a0<strong data-sourcepos=\"11:17-11:42\">Sel de nicotine 2%\/5%<\/strong><\/p>\n<p><strong data-sourcepos=\"12:3-12:11\">Bobine<\/strong>:\u00a0<strong data-sourcepos=\"12:13-12:31\">Bobine de maille 1,0 \u03a9<\/strong><\/p>\n<p><strong data-sourcepos=\"13:3-13:14\">Batterie<\/strong>:\u00a0<strong data-sourcepos=\"13:16-13:39\">650mAh rechargeable<\/strong><\/p>\n<p><strong data-sourcepos=\"14:3-14:15\">Chargement<\/strong>:\u00a0<strong data-sourcepos=\"14:17-14:37\">Port rapide de type C<\/strong><\/p>\n<p><strong data-sourcepos=\"15:3-15:14\">Emballer<\/strong>:\u00a0<strong data-sourcepos=\"15:16-15:59\">1 Pod + 2 conteneurs TPU + c\u00e2ble Type-C<\/strong><\/p>\n<p>&nbsp;<\/p>\n<h3><span style=\"font-size: 90%;\">Liste des saveurs de vape jetables Mr.Goodie 20000 20K Puffs Double Warehouse<\/span><\/h3>\n<p>1. Menthe lance<\/p>\n<p>2.Citron arc-en-ciel<\/p>\n<p>3.Bonbons \u00e0 l'ours<\/p>\n<p>4. Past\u00e8que congel\u00e9e<\/p>\n<p>5. P\u00eache juteuse<\/p>\n<p>6. Raisin violet<\/p>\n<p>7.Miel de menthe<\/p>\n<p>8.Kiwi aux fraises<\/p>\n<p>9. Pomme Fuji<\/p>\n<p>10.Fraise Banane<\/p>\n<p>11.Blue Razz<\/p>\n<p>12.Cr\u00e8me glac\u00e9e aux fraises<img loading=\"lazy\" decoding=\"async\" class=\"alignnone wp-image-3689 size-full\" src=\"https:\/\/pgvape.com\/wp-content\/uploads\/2025\/10\/Mr.Goodie-20000-20K-Puffs-Double-Warehouse-Disposable-VapeMr.Goodie-20000-20K-Puffs-Double-Warehouse-Disposable-Vape-3_\u526f\u672c.png\" alt=\"Huit dosettes de vape jetables color\u00e9es dispos\u00e9es en deux rang\u00e9es de quatre, chacune avec un dessus blanc arrondi, un logo de chien souriant et l&#039;\u00e9tiquette &quot; mr.goodie 20,000 1 extra pod &quot;\u00a0; .\" width=\"1500\" height=\"1500\" srcset=\"https:\/\/pgvape.com\/wp-content\/uploads\/2025\/10\/Mr.Goodie-20000-20K-Puffs-Double-Warehouse-Disposable-VapeMr.Goodie-20000-20K-Puffs-Double-Warehouse-Disposable-Vape-3_\u526f\u672c.png 1500w, https:\/\/pgvape.com\/wp-content\/uploads\/2025\/10\/Mr.Goodie-20000-20K-Puffs-Double-Warehouse-Disposable-VapeMr.Goodie-20000-20K-Puffs-Double-Warehouse-Disposable-Vape-3_\u526f\u672c-360x360.png 360w, https:\/\/pgvape.com\/wp-content\/uploads\/2025\/10\/Mr.Goodie-20000-20K-Puffs-Double-Warehouse-Disposable-VapeMr.Goodie-20000-20K-Puffs-Double-Warehouse-Disposable-Vape-3_\u526f\u672c-595x595.png 595w, https:\/\/pgvape.com\/wp-content\/uploads\/2025\/10\/Mr.Goodie-20000-20K-Puffs-Double-Warehouse-Disposable-VapeMr.Goodie-20000-20K-Puffs-Double-Warehouse-Disposable-Vape-3_\u526f\u672c-400x400.png 400w, https:\/\/pgvape.com\/wp-content\/uploads\/2025\/10\/Mr.Goodie-20000-20K-Puffs-Double-Warehouse-Disposable-VapeMr.Goodie-20000-20K-Puffs-Double-Warehouse-Disposable-Vape-3_\u526f\u672c-768x768.png 768w, https:\/\/pgvape.com\/wp-content\/uploads\/2025\/10\/Mr.Goodie-20000-20K-Puffs-Double-Warehouse-Disposable-VapeMr.Goodie-20000-20K-Puffs-Double-Warehouse-Disposable-Vape-3_\u526f\u672c-12x12.png 12w, https:\/\/pgvape.com\/wp-content\/uploads\/2025\/10\/Mr.Goodie-20000-20K-Puffs-Double-Warehouse-Disposable-VapeMr.Goodie-20000-20K-Puffs-Double-Warehouse-Disposable-Vape-3_\u526f\u672c-300x300.png 300w, https:\/\/pgvape.com\/wp-content\/uploads\/2025\/10\/Mr.Goodie-20000-20K-Puffs-Double-Warehouse-Disposable-VapeMr.Goodie-20000-20K-Puffs-Double-Warehouse-Disposable-Vape-3_\u526f\u672c-600x600.png 600w, https:\/\/pgvape.com\/wp-content\/uploads\/2025\/10\/Mr.Goodie-20000-20K-Puffs-Double-Warehouse-Disposable-VapeMr.Goodie-20000-20K-Puffs-Double-Warehouse-Disposable-Vape-3_\u526f\u672c-100x100.png 100w, https:\/\/pgvape.com\/wp-content\/uploads\/2025\/10\/Mr.Goodie-20000-20K-Puffs-Double-Warehouse-Disposable-VapeMr.Goodie-20000-20K-Puffs-Double-Warehouse-Disposable-Vape-3_\u526f\u672c-40x40.png 40w\" sizes=\"auto, (max-width: 1500px) 100vw, 1500px\" \/><\/p>\n<p>&nbsp;<\/p>\n<h3 class=\"brxe-heading\"><span style=\"font-size: 90%;\">Vid\u00e9o de vape jetable \u00e0 double entrep\u00f4t Mr.Goodie 20000 20K Puffs\u00a0:<\/span><\/h3>\n<h2 class=\"auto-hide-last-sibling-br paragraph-JOTKXA paragraph-element br-paragraph-space\"><span style=\"font-size: 90%;\"><span style=\"color: #333333;\">FAQ \u00c0 propos <\/span>Mr.Goodie 20000 20K Puffs Double Warehouse Vape jetable<\/span><\/h2>\n<p data-sourcepos=\"36:1-37:108\">\u2753 <strong data-sourcepos=\"36:3-36:55\">\u201c\u00a0Comment fonctionne la conception du double entrep\u00f4t\u00a0?<br \/>\n\u201c<\/strong> \u2705 <strong data-sourcepos=\"37:3-37:106\">\u201cDeux dosettes de 20 ml fournissent 40 ml de e-liquide au total, \u00e9liminant ainsi les recharges fr\u00e9quentes pour une utilisation prolong\u00e9e.\u201d<\/strong><\/p>\n<p data-sourcepos=\"39:1-40:110\">\u2753 <strong data-sourcepos=\"39:3-39:47\">\u201c\u00a0Qu'est-ce qui rend la bobine de maillage sup\u00e9rieure\u00a0?<br \/>\n\u201c<\/strong> \u2705 <strong data-sourcepos=\"40:3-40:108\">\u201cLa bobine maill\u00e9e de 1,0 \u03a9 assure un chauffage uniforme, une vapeur plus dense et une clart\u00e9 de saveur am\u00e9lior\u00e9e.\u201d<\/strong><\/p>\n<p data-sourcepos=\"42:1-43:112\">\u2753 <strong data-sourcepos=\"42:3-42:37\">\u201c La batterie est-elle durable ?<br \/>\n\u201c<\/strong> \u2705 <strong data-sourcepos=\"43:3-43:110\">\u201cLa batterie de 650 mAh prend en charge le vapotage toute la journ\u00e9e\u00a0; la charge de type C r\u00e9tablit l'alimentation en 30 minutes.\u201d<\/strong><\/p>\n<p data-sourcepos=\"45:1-46:101\">\u2753 <strong data-sourcepos=\"45:3-45:44\">\u201c Existe-t-il des options \u00e0 faible teneur en nicotine ?<br \/>\n\u201c<\/strong> \u2705 <strong data-sourcepos=\"46:3-46:99\">\u201cOui\u00a0! Choisissez le sel de nicotine 2% (doux) ou 5% (fort) pour une intensit\u00e9 personnalis\u00e9e.\u201d<\/strong><\/p>\n<p data-sourcepos=\"48:1-49:87\">\u2753 <strong data-sourcepos=\"48:3-48:40\">\u201c Qu\u2019est-ce qui est inclus dans le forfait ?<br \/>\n\u201c<\/strong> \u2705 <strong data-sourcepos=\"49:3-49:85\">\u201c\u00a01 pod pr\u00e9rempli, 2 conteneurs TPU et un c\u00e2ble de type C pour une utilisation imm\u00e9diate.\u00a0\u201d<\/strong><\/p>\n<p>&nbsp;<\/p>\n<h3 id=\"brxe-najhln\" class=\"brxe-heading\">Foire aux questions (FAQ)<\/h3>\n<div id=\"brxe-rajiac\" class=\"brxe-text\">\n<p><strong>Q : Quels modes de paiement acceptez-vous ?<\/strong><br \/>\nR\u00a0: Nous acceptons PayPal, Stripe, les virements bancaires (pris en charge par SEPA), les principales cartes de cr\u00e9dit (Visa, MasterCard, American Express) et les paiements en crypto-monnaie.<\/p>\n<p><strong>Q : Combien de temps prend la pr\u00e9paration d\u2019une commande ?<\/strong><br \/>\nR : La pr\u00e9paration de la commande prend 1 \u00e0 3 jours ouvrables.<\/p>\n<p><strong>Q : Quel est le d\u00e9lai de livraison ?<\/strong><br \/>\nR : Le d\u00e9lai de livraison est de 7 \u00e0 14 jours ouvrables, selon votre emplacement.<\/p>\n<p><strong>Q : Comment puis-je suivre ma commande ?<\/strong><br \/>\nR : Apr\u00e8s l'exp\u00e9dition, vous recevrez un e-mail de confirmation avec un num\u00e9ro de suivi pour un suivi en temps r\u00e9el.<\/p>\n<p><strong>Q : Quelle est votre politique de retour ?<\/strong><br \/>\nR : Nous proposons une politique de retour de 30 jours pour les remboursements ou les \u00e9changes. .<\/p>\n<p><strong>Q : Y aura-t-il des probl\u00e8mes douaniers ?<br \/>\n<\/strong>Nous prenons en charge toutes les proc\u00e9dures de d\u00e9douanement pour vous garantir une exp\u00e9rience sans tracas. .<\/p>\n<p><strong>Q : Quelles m\u00e9thodes d\u2019exp\u00e9dition sont utilis\u00e9es ?<\/strong><br \/>\nNous coop\u00e9rons avec UPS\/DHL\/FEDEX\/DPD, etc. Nous choisirons l'option d'exp\u00e9dition appropri\u00e9e en fonction du pays de livraison pour garantir que vous recevez vos produits le plus rapidement possible.<\/p>\n<p><a href=\"https:\/\/pgvape.com\/fr\/faq\/\">Cliquez ici pour plus de FAQ<\/a><\/p>\n<p>Chers clients, Si vous avez des questions concernant votre commande ou l'arriv\u00e9e des marchandises, n'h\u00e9sitez pas \u00e0 contacter notre service client. Merci !<\/p>\n<h3 data-sourcepos=\"73:1-73:21\"><strong data-sourcepos=\"73:7-73:21\">Contactez-nous<\/strong><\/h3>\n<div id=\"text-2419739398\" class=\"text\">\n<p><strong data-sourcepos=\"75:3-75:12\">E-mail<\/strong>:\u00a0<a href=\"mailto:support@pgvape.com\"><strong>support@pgvape.com<\/strong><\/a><\/p>\n<p><strong data-sourcepos=\"76:3-76:15\">WhatsApp<\/strong>: <a href=\"https:\/\/wa.me\/+8618128481258\"><strong>+86 18128481258<\/strong><\/a><br \/>\n<strong>(R\u00e9ponse sous 24h les jours ouvr\u00e9s)<\/strong><\/p>\n<\/div>\n<h3><strong>Merci d'avoir choisi pgvape.com ! .<\/strong><\/h3>\n<\/div>","protected":false},"excerpt":{"rendered":"<p><strong data-sourcepos=\"54:1-54:186\">\u201cMr.Goodie 20000\u00a0: Pod jetable Double Warehouse avec 40 ml d'e-liquide, 20 000 bouff\u00e9es, bobine de maille de 1,0 \u03a9 et 12 saveurs, aliment\u00e9 par une batterie rechargeable de 650 mAh.\u201d<\/strong><\/p>","protected":false},"featured_media":3683,"comment_status":"open","ping_status":"closed","template":"","meta":{"_seopress_robots_primary_cat":"none","_seopress_titles_title":"%%post_title%% %%sep%% %%sitetitle%%","_seopress_titles_desc":"","_seopress_robots_index":""},"product_brand":[516,311],"product_cat":[84,515,312],"product_tag":[88,89,90,322,321,259],"class_list":{"0":"post-3657","1":"product","2":"type-product","3":"status-publish","4":"has-post-thumbnail","6":"product_brand-disposable-vape","7":"product_brand-mr-goodie-vape","8":"product_cat-20k-puffs-vape","9":"product_cat-disposable-vape","10":"product_cat-mr-goodie-vape","11":"product_tag-20k-puffs","12":"product_tag-20k-vape","13":"product_tag-disposable-vape","14":"product_tag-double-warehouse","15":"product_tag-mr-goodie-20000","16":"product_tag-rechargeable","18":"first","19":"instock","20":"sale","21":"shipping-taxable","22":"purchasable","23":"product-type-variable"},"_links":{"self":[{"href":"https:\/\/pgvape.com\/fr\/wp-json\/wp\/v2\/product\/3657","targetHints":{"allow":["GET"]}}],"collection":[{"href":"https:\/\/pgvape.com\/fr\/wp-json\/wp\/v2\/product"}],"about":[{"href":"https:\/\/pgvape.com\/fr\/wp-json\/wp\/v2\/types\/product"}],"replies":[{"embeddable":true,"href":"https:\/\/pgvape.com\/fr\/wp-json\/wp\/v2\/comments?post=3657"}],"wp:featuredmedia":[{"embeddable":true,"href":"https:\/\/pgvape.com\/fr\/wp-json\/wp\/v2\/media\/3683"}],"wp:attachment":[{"href":"https:\/\/pgvape.com\/fr\/wp-json\/wp\/v2\/media?parent=3657"}],"wp:term":[{"taxonomy":"product_brand","embeddable":true,"href":"https:\/\/pgvape.com\/fr\/wp-json\/wp\/v2\/product_brand?post=3657"},{"taxonomy":"product_cat","embeddable":true,"href":"https:\/\/pgvape.com\/fr\/wp-json\/wp\/v2\/product_cat?post=3657"},{"taxonomy":"product_tag","embeddable":true,"href":"https:\/\/pgvape.com\/fr\/wp-json\/wp\/v2\/product_tag?post=3657"}],"curies":[{"name":"wp","href":"https:\/\/api.w.org\/{rel}","templated":true}]}}