{"id":3618,"date":"2025-10-18T10:11:10","date_gmt":"2025-10-18T10:11:10","guid":{"rendered":"https:\/\/pgvape.com\/?post_type=product&#038;p=3618"},"modified":"2026-03-05T14:33:53","modified_gmt":"2026-03-05T14:33:53","slug":"mr-goodie-double-mode-roi-50000-50k-bouffees-vape-jetable-debit-dair-reglable-plein-ecran-affichage-led-vape-usine-directe","status":"publish","type":"product","link":"https:\/\/pgvape.com\/fr\/produit\/mr-goodie-double-mode-roi-50000-50k-bouffees-vape-jetable-debit-dair-reglable-plein-ecran-affichage-led-vape-usine-directe\/","title":{"rendered":"Mr.Goodie Dual Mode King 50000 50K Puffs Vape jetable D\u00e9bit d'air r\u00e9glable Affichage LED plein \u00e9cran Vape Direct usine"},"content":{"rendered":"<div class=\"auto-hide-last-sibling-br paragraph-JOTKXA paragraph-element br-paragraph-space\"><strong data-sourcepos=\"4:5-4:61\">Mr.Goodie Dual Mode King 50000 bouff\u00e9es de vape jetable<\/strong> Red\u00e9finit la polyvalence avec <strong data-sourcepos=\"4:89-4:119\">Modes ECO\/BOOST commutables<\/strong> (50 000\/25 000 bouff\u00e9es) et <strong data-sourcepos=\"4:140-4:157\">Contr\u00f4le tactile<\/strong>. <strong data-sourcepos=\"4:171-4:189\">Bobine \u00e0 double maille<\/strong>, <strong data-sourcepos=\"4:191-4:217\">Capacit\u00e9 e-liquide de 40 ml<\/strong>, Et <strong data-sourcepos=\"4:223-4:255\">Batterie rechargeable 1000 mAh<\/strong>, il offre des performances in\u00e9gal\u00e9es. <strong data-sourcepos=\"4:323-4:345\">D\u00e9bit d'air r\u00e9glable<\/strong> Et surveillez l'utilisation via <strong data-sourcepos=\"4:368-4:395\">Affichage LED plein \u00e9cran<\/strong>. <strong data-sourcepos=\"4:410-4:433\">Sel de nicotine 2%\/5%<\/strong> Et <strong data-sourcepos=\"4:438-4:460\">10 saveurs haut de gamme<\/strong> Pour une satisfaction sur mesure.<\/div>\n<p>&nbsp;<\/p>\n<h2><span style=\"font-size: 90%;\">Sp\u00e9cifications de la vape jetable Mr.Goodie Dual Mode King 50000 50K Puffs<\/span><\/h2>\n<p><strong data-sourcepos=\"9:3-9:17\">Modes de bouff\u00e9e<\/strong>:\u00a0<strong data-sourcepos=\"9:19-9:64\">ECO (50 000 bouff\u00e9es) \/ BOOST (25 000 bouff\u00e9es)<\/strong><\/p>\n<p><strong data-sourcepos=\"10:3-10:15\">Nicotine<\/strong>:\u00a0<strong data-sourcepos=\"10:17-10:42\">Sel de nicotine 2%\/5%<\/strong><\/p>\n<p><strong data-sourcepos=\"11:3-11:11\">Bobine<\/strong>:\u00a0<strong data-sourcepos=\"11:13-11:32\">Bobines \u00e0 double maille<\/strong><\/p>\n<p><strong data-sourcepos=\"12:3-12:15\">E-Liquide<\/strong>:\u00a0<strong data-sourcepos=\"12:17-12:44\">Capacit\u00e9 pr\u00e9remplie de 40 ml<\/strong><\/p>\n<p><strong data-sourcepos=\"13:3-13:14\">Batterie<\/strong>:\u00a0<strong data-sourcepos=\"13:16-13:40\">1000mAh rechargeable<\/strong><\/p>\n<p><strong data-sourcepos=\"14:3-14:15\">Chargement<\/strong>:\u00a0<strong data-sourcepos=\"14:17-14:41\">Chargement rapide de type C<\/strong><\/p>\n<p><strong data-sourcepos=\"15:3-15:14\">Afficher<\/strong>:\u00a0<strong data-sourcepos=\"15:16-15:61\">LED plein \u00e9cran (nombre de bouff\u00e9es\/batterie\/mode)<\/strong><\/p>\n<p><strong data-sourcepos=\"16:3-16:14\">Flux d'air<\/strong>:\u00a0<strong data-sourcepos=\"16:16-16:38\">Contr\u00f4le r\u00e9glable<\/strong><\/p>\n<p>&nbsp;<\/p>\n<h3><span style=\"font-size: 90%;\">Liste des saveurs de vape jetables Mr.Goodie Dual Mode King 50000 50K Puffs<\/span><\/h3>\n<p>1. Milk-shake aux fraises<\/p>\n<p>2.Blue Razz<\/p>\n<p>3. Glace \u00e0 la past\u00e8que<\/p>\n<p>4. Pomme Cannelle<\/p>\n<p>5. Glace au citron vert<\/p>\n<p>6. Glace \u00e0 la mangue et \u00e0 l'ananas<\/p>\n<p>7. Glace juteuse \u00e0 la p\u00eache<\/p>\n<p>8.Fruit de la passion vanille<\/p>\n<p>9. Glace \u00e0 l'orange sanguine<\/p>\n<p>10.Amour 66<\/p>\n<p>&nbsp;<\/p>\n<h3><span style=\"font-size: 90%;\">Vid\u00e9o de vape jetable Mr.Goodie Dual Mode King 50000 50K Puffs\u00a0:<br \/>\n<iframe loading=\"lazy\" title=\"Mr.Goodie Dual Mode King 50K Puffs Vape jetable | D\u00e9bit d&#039;air r\u00e9glable |Vape Direct d&#039;usine pgvape\" width=\"1020\" height=\"574\" src=\"https:\/\/www.youtube.com\/embed\/j3D2ewBjWaU?feature=oembed\" frameborder=\"0\" allow=\"accelerometer; autoplay; clipboard-write; encrypted-media; gyroscope; picture-in-picture; web-share\" referrerpolicy=\"strict-origin-when-cross-origin\" allowfullscreen><\/iframe><br \/>\n<\/span><\/h3>\n<h3 id=\"brxe-najhln\" class=\"brxe-heading\"><\/h3>\n<h2 class=\"header-vfC6AV auto-hide-last-sibling-br\">FAQ sur la vape jetable Mr.Goodie Dual Mode King 50000 50K Puffs<\/h2>\n<p data-sourcepos=\"35:1-36:115\">\u2753 <strong data-sourcepos=\"35:3-35:50\">\u201c Comment les deux modes am\u00e9liorent-ils le vapotage ?<br \/>\n\u201c<\/strong> \u2705 <strong data-sourcepos=\"36:3-36:113\">\u201cLe mode ECO maximise la long\u00e9vit\u00e9 (50 000 bouff\u00e9es), tandis que le mode BOOST intensifie la saveur\/vapeur (25 000 bouff\u00e9es).\u201d<\/strong><\/p>\n<p data-sourcepos=\"38:1-39:76\">\u2753 <strong data-sourcepos=\"38:3-38:52\">\u201c\u00a0Quelle est la particularit\u00e9 du contr\u00f4le tactile\u00a0?<br \/>\n\u201c<\/strong> \u2705 <strong data-sourcepos=\"39:3-39:74\">\u201cChangez instantan\u00e9ment de mode d'un simple toucher - sans boutons ni param\u00e8tres complexes.\u201d<\/strong><\/p>\n<p data-sourcepos=\"41:1-42:105\">\u2753 <strong data-sourcepos=\"41:3-41:47\">\u201c La bobine maill\u00e9e am\u00e9liore-t-elle la saveur ?<br \/>\n\u201c<\/strong> \u2705 <strong data-sourcepos=\"42:3-42:103\">\u201cLes bobines \u00e0 double maille garantissent un chauffage plus rapide et une saveur plus riche du 20% par rapport aux bobines standard.\u201d<\/strong><\/p>\n<p data-sourcepos=\"44:1-45:113\">\u2753 <strong data-sourcepos=\"44:3-44:44\">\u201c Combien de temps dure la batterie ?<br \/>\n\u201c<\/strong> \u2705 <strong data-sourcepos=\"45:3-45:111\">\u201cLa batterie de 1 000 mAh prend en charge plus de 48 heures en mode ECO\u00a0; la charge de type C fait le plein en 45 minutes.\u201d<\/strong><\/p>\n<p data-sourcepos=\"47:1-48:111\">\u2753 <strong data-sourcepos=\"47:3-47:40\">\u201c Puis-je ajuster la densit\u00e9 de vapeur ?<br \/>\n\u201c<\/strong> \u2705<strong data-sourcepos=\"48:3-48:109\">\u201cOui\u00a0! L'anneau de contr\u00f4le du flux d'air personnalise l'\u00e9tanch\u00e9it\u00e9 du tirage, du MTL restreint au DTL a\u00e9r\u00e9.\u201d<\/strong><\/p>\n<p>&nbsp;<\/p>\n<h3 id=\"brxe-najhln\" class=\"brxe-heading\">Foire aux questions (FAQ)<\/h3>\n<div id=\"brxe-rajiac\" class=\"brxe-text\">\n<p><strong>Q : Quels modes de paiement acceptez-vous ?<\/strong><br \/>\nR\u00a0: Nous acceptons PayPal, Stripe, les virements bancaires (pris en charge par SEPA), les principales cartes de cr\u00e9dit (Visa, MasterCard, American Express) et les paiements en crypto-monnaie.<\/p>\n<p><strong>Q : Combien de temps prend la pr\u00e9paration d\u2019une commande ?<\/strong><br \/>\nR : La pr\u00e9paration de la commande prend 1 \u00e0 3 jours ouvrables.<\/p>\n<p><strong>Q : Quel est le d\u00e9lai de livraison ?<\/strong><br \/>\nR : Le d\u00e9lai de livraison est de 7 \u00e0 14 jours ouvrables, selon votre emplacement.<\/p>\n<p><strong>Q : Comment puis-je suivre ma commande ?<\/strong><br \/>\nR : Apr\u00e8s l'exp\u00e9dition, vous recevrez un e-mail de confirmation avec un num\u00e9ro de suivi pour un suivi en temps r\u00e9el.<\/p>\n<p><strong>Q : Quelle est votre politique de retour ?<\/strong><br \/>\nR : Nous proposons une politique de retour de 30 jours pour les remboursements ou les \u00e9changes. .<\/p>\n<p><strong>Q : Y aura-t-il des probl\u00e8mes douaniers ?<br \/>\n<\/strong>Nous prenons en charge toutes les proc\u00e9dures de d\u00e9douanement pour vous garantir une exp\u00e9rience sans tracas. .<\/p>\n<p><strong>Q : Quelles m\u00e9thodes d\u2019exp\u00e9dition sont utilis\u00e9es ?<\/strong><br \/>\nNous coop\u00e9rons avec UPS\/DHL\/FEDEX\/DPD, etc. Nous choisirons l'option d'exp\u00e9dition appropri\u00e9e en fonction du pays de livraison pour garantir que vous recevez vos produits le plus rapidement possible.<\/p>\n<p><a href=\"https:\/\/pgvape.com\/fr\/faq\/\">Cliquez ici pour plus de FAQ<\/a><\/p>\n<p>Chers clients, Si vous avez des questions concernant votre commande ou l'arriv\u00e9e des marchandises, n'h\u00e9sitez pas \u00e0 contacter notre service client. Merci !<\/p>\n<h3 data-sourcepos=\"73:1-73:21\"><strong data-sourcepos=\"73:7-73:21\">Contactez-nous<\/strong><\/h3>\n<div id=\"text-2419739398\" class=\"text\">\n<p><strong data-sourcepos=\"75:3-75:12\">E-mail<\/strong>:\u00a0<a href=\"mailto:support@pgvape.com\"><strong>support@pgvape.com<\/strong><\/a><\/p>\n<p><strong data-sourcepos=\"76:3-76:15\">WhatsApp<\/strong>: <a href=\"https:\/\/wa.me\/+8618128481258\"><strong>+86 18128481258<\/strong><\/a><br \/>\n<strong>(R\u00e9ponse sous 24h les jours ouvr\u00e9s)<\/strong><\/p>\n<\/div>\n<h3><strong>Merci d'avoir choisi pgvape.com ! .<\/strong><\/h3>\n<\/div>","protected":false},"excerpt":{"rendered":"<p><strong data-sourcepos=\"53:1-53:222\">\u201c\u00a0Mr.Goodie Dual Mode King 50000\u00a0: le vape jetable 2 en 1 ultime avec modes ECO\/BOOST, bobines \u00e0 double maille, capacit\u00e9 de 40 ml et 10 saveurs, aliment\u00e9 par une batterie de 1 000 mAh avec charge de type C.\u00a0\u201d<\/strong><\/p>","protected":false},"featured_media":3631,"comment_status":"open","ping_status":"closed","template":"","meta":{"_seopress_robots_primary_cat":"none","_seopress_titles_title":"%%post_title%% %%sep%% %%sitetitle%%","_seopress_titles_desc":"","_seopress_robots_index":""},"product_brand":[516,311],"product_cat":[61,515,312],"product_tag":[318,135,90,320,319,313,204],"class_list":{"0":"post-3618","1":"product","2":"type-product","3":"status-publish","4":"has-post-thumbnail","6":"product_brand-disposable-vape","7":"product_brand-mr-goodie-vape","8":"product_cat-50k-puffs-vape","9":"product_cat-disposable-vape","10":"product_cat-mr-goodie-vape","11":"product_tag-50k-puffs-vape","12":"product_tag-adjustable-airflow","13":"product_tag-disposable-vape","14":"product_tag-dual-mode-king","15":"product_tag-full-screen-led-display","16":"product_tag-mr-goodie","17":"product_tag-vape-factory-direct","19":"first","20":"outofstock","21":"sale","22":"shipping-taxable","23":"purchasable","24":"product-type-variable"},"_links":{"self":[{"href":"https:\/\/pgvape.com\/fr\/wp-json\/wp\/v2\/product\/3618","targetHints":{"allow":["GET"]}}],"collection":[{"href":"https:\/\/pgvape.com\/fr\/wp-json\/wp\/v2\/product"}],"about":[{"href":"https:\/\/pgvape.com\/fr\/wp-json\/wp\/v2\/types\/product"}],"replies":[{"embeddable":true,"href":"https:\/\/pgvape.com\/fr\/wp-json\/wp\/v2\/comments?post=3618"}],"wp:featuredmedia":[{"embeddable":true,"href":"https:\/\/pgvape.com\/fr\/wp-json\/wp\/v2\/media\/3631"}],"wp:attachment":[{"href":"https:\/\/pgvape.com\/fr\/wp-json\/wp\/v2\/media?parent=3618"}],"wp:term":[{"taxonomy":"product_brand","embeddable":true,"href":"https:\/\/pgvape.com\/fr\/wp-json\/wp\/v2\/product_brand?post=3618"},{"taxonomy":"product_cat","embeddable":true,"href":"https:\/\/pgvape.com\/fr\/wp-json\/wp\/v2\/product_cat?post=3618"},{"taxonomy":"product_tag","embeddable":true,"href":"https:\/\/pgvape.com\/fr\/wp-json\/wp\/v2\/product_tag?post=3618"}],"curies":[{"name":"wp","href":"https:\/\/api.w.org\/{rel}","templated":true}]}}