{"id":3416,"date":"2025-10-14T02:39:58","date_gmt":"2025-10-14T02:39:58","guid":{"rendered":"https:\/\/pgvape.com\/?post_type=product&#038;p=3416"},"modified":"2025-12-15T12:48:27","modified_gmt":"2025-12-15T12:48:27","slug":"zooy-zero-45000-45k-bouffees-de-vape-jetable-controle-agreable-debit-dair-reglable-bobine-a-double-maille-vape-directe-dusine","status":"publish","type":"product","link":"https:\/\/pgvape.com\/fr\/produit\/zooy-zero-45000-45k-bouffees-de-vape-jetable-controle-agreable-debit-dair-reglable-bobine-a-double-maille-vape-directe-dusine\/","title":{"rendered":"ZOOY ZERO 45000 45K bouff\u00e9es Vape jetable Nic &amp; Ice contr\u00f4le d\u00e9bit d'air r\u00e9glable double maille bobine Vape usine directe"},"content":{"rendered":"<div class=\"auto-hide-last-sibling-br paragraph-JOTKXA paragraph-element br-paragraph-space\"><strong data-sourcepos=\"4:5-4:46\">Vape jetable ZOOY ZERO 45000 bouff\u00e9es<\/strong> Red\u00e9finit la personnalisation avec <strong data-sourcepos=\"4:76-4:106\">Contr\u00f4le NIC&amp;ICE r\u00e9glable<\/strong>, <strong data-sourcepos=\"4:108-4:127\">Bobines \u00e0 double maille<\/strong>, Et <strong data-sourcepos=\"4:133-4:150\">Affichage intelligent<\/strong>. <strong data-sourcepos=\"4:164-4:196\">Batterie rechargeable 1000 mAh<\/strong> Et <strong data-sourcepos=\"4:201-4:225\">Chargement rapide de type C<\/strong>, il livre <strong data-sourcepos=\"4:239-4:266\">45 000 bouff\u00e9es ultra longues<\/strong>. <strong data-sourcepos=\"4:301-4:323\">D\u00e9bit d'air r\u00e9glable<\/strong> Et choisissez parmi <strong data-sourcepos=\"4:340-4:362\">10 saveurs haut de gamme<\/strong> Pour une satisfaction sur mesure.<img loading=\"lazy\" decoding=\"async\" class=\"alignnone wp-image-3432 size-full\" style=\"font-size: 14.4px;\" src=\"https:\/\/pgvape.com\/wp-content\/uploads\/2025\/10\/pgvape-ZOOY-ZERO-45000-45k-puffs-NicIce-Control-Disposable-Vape-Factory-Direct-12.png\" alt=\"Banni\u00e8re promotionnelle montrant les appareils de vapotage jetables Zooy Zero 45000 et leur emballage\u00a0: trois appareils color\u00e9s de type pod (bleu, rouge, jaune) avec des \u00e9crans arc-en-ciel circulaires et des bo\u00eetes \u00e9tiquet\u00e9es Watermelon Ice, sur un d\u00e9grad\u00e9 rose \u00e0 bleu avec le grand nom du produit ZOOY ZERO 45000 et des ic\u00f4nes pour le contr\u00f4le NIC&amp;ICE, une bobine \u00e0 double maille et une batterie de 1\u00a0000 mAh.\" width=\"1500\" height=\"312\" srcset=\"https:\/\/pgvape.com\/wp-content\/uploads\/2025\/10\/pgvape-ZOOY-ZERO-45000-45k-puffs-NicIce-Control-Disposable-Vape-Factory-Direct-12.png 1500w, https:\/\/pgvape.com\/wp-content\/uploads\/2025\/10\/pgvape-ZOOY-ZERO-45000-45k-puffs-NicIce-Control-Disposable-Vape-Factory-Direct-12-555x115.png 555w, https:\/\/pgvape.com\/wp-content\/uploads\/2025\/10\/pgvape-ZOOY-ZERO-45000-45k-puffs-NicIce-Control-Disposable-Vape-Factory-Direct-12-595x124.png 595w, https:\/\/pgvape.com\/wp-content\/uploads\/2025\/10\/pgvape-ZOOY-ZERO-45000-45k-puffs-NicIce-Control-Disposable-Vape-Factory-Direct-12-400x83.png 400w, https:\/\/pgvape.com\/wp-content\/uploads\/2025\/10\/pgvape-ZOOY-ZERO-45000-45k-puffs-NicIce-Control-Disposable-Vape-Factory-Direct-12-768x160.png 768w, https:\/\/pgvape.com\/wp-content\/uploads\/2025\/10\/pgvape-ZOOY-ZERO-45000-45k-puffs-NicIce-Control-Disposable-Vape-Factory-Direct-12-18x4.png 18w, https:\/\/pgvape.com\/wp-content\/uploads\/2025\/10\/pgvape-ZOOY-ZERO-45000-45k-puffs-NicIce-Control-Disposable-Vape-Factory-Direct-12-600x125.png 600w, https:\/\/pgvape.com\/wp-content\/uploads\/2025\/10\/pgvape-ZOOY-ZERO-45000-45k-puffs-NicIce-Control-Disposable-Vape-Factory-Direct-12-60x12.png 60w\" sizes=\"auto, (max-width: 1500px) 100vw, 1500px\" \/><\/div>\n<p>&nbsp;<\/p>\n<h3><span style=\"font-size: 90%;\">ZOOY ZERO 45000 | 45K Puffs Control Sp\u00e9cifications de la vape jetable<\/span><\/h3>\n<p><strong data-sourcepos=\"9:3-9:17\">Nombre de bouff\u00e9es<\/strong>:\u00a0<strong data-sourcepos=\"9:19-9:35\">45 000 bouff\u00e9es<\/strong><\/p>\n<p><strong data-sourcepos=\"10:3-10:15\">Nicotine<\/strong>:\u00a0<strong data-sourcepos=\"10:17-10:43\">Contr\u00f4le de carte r\u00e9seau r\u00e9glable<\/strong><\/p>\n<p><strong data-sourcepos=\"11:3-11:14\">Refroidissement<\/strong>:\u00a0<strong data-sourcepos=\"11:16-11:42\">Contr\u00f4le ICE r\u00e9glable<\/strong><\/p>\n<p><strong data-sourcepos=\"12:3-12:11\">Bobine<\/strong>:\u00a0<strong data-sourcepos=\"12:13-12:44\">Bobines \u00e0 double maille 0,6 \u03a9 + 1,5 \u03a9<\/strong><\/p>\n<p><strong data-sourcepos=\"13:3-13:14\">Batterie<\/strong>:\u00a0<strong data-sourcepos=\"13:16-13:40\">1000mAh rechargeable<\/strong><\/p>\n<p><strong data-sourcepos=\"14:3-14:15\">Chargement<\/strong>:\u00a0<strong data-sourcepos=\"14:17-14:41\">Chargement rapide de type C<\/strong><\/p>\n<p><strong data-sourcepos=\"15:3-15:14\">Afficher<\/strong>:\u00a0<strong data-sourcepos=\"15:16-15:62\">\u00c9cran intelligent (nombre de bouff\u00e9es\/batterie\/e-liquide)<\/strong><\/p>\n<p><strong data-sourcepos=\"16:3-16:14\">Flux d'air<\/strong>:\u00a0<strong data-sourcepos=\"16:16-16:40\">R\u00e9glable (MTL\/DTL)<\/strong><\/p>\n<p>&nbsp;<\/p>\n<h3><span style=\"font-size: 90%;\">ZOOY ZERO 45000 | 45K Puffs Control Liste des saveurs de vape jetables<\/span><\/h3>\n<p>1. Glace \u00e0 la past\u00e8que<\/p>\n<p>2. Glace aux bleuets<\/p>\n<p>3. Past\u00e8que aux fraises<\/p>\n<p>4. Cola au citron<\/p>\n<p>5.Kiwi aux fraises<\/p>\n<p>6. Pomme de raisin<\/p>\n<p>7. Pop \u00e0 la fraise et \u00e0 l'orange<\/p>\n<p>8. Glace bleue Razz<\/p>\n<p>9. Past\u00e8que aux bleuets<\/p>\n<p>10. Mangue Passion Goyave<br \/>\n<img loading=\"lazy\" decoding=\"async\" class=\"alignnone wp-image-3430 size-full\" src=\"https:\/\/pgvape.com\/wp-content\/uploads\/2025\/10\/pgvape-ZOOY-ZERO-45000-45k-puffs-NicIce-Control-Disposable-Vape-Factory-Direct-10.png\" alt=\"Dix appareils de vapotage jetables rectangulaires color\u00e9s dispos\u00e9s en deux rang\u00e9es, chacun avec un embout noir, un grand logo ZERO 45000 et de petites illustrations et \u00e9tiquettes de saveur, notamment Strawberry Watermelon, Strawberry Orange Pop, Mango Passion Guava, Blue Razz Ice, Blueberry Watermelon, Blueberry Ice, Lemon Cola, Watermelon Ice, Grape Apple et Strawberry Kiwi.\" width=\"1000\" height=\"1000\" srcset=\"https:\/\/pgvape.com\/wp-content\/uploads\/2025\/10\/pgvape-ZOOY-ZERO-45000-45k-puffs-NicIce-Control-Disposable-Vape-Factory-Direct-10.png 1000w, https:\/\/pgvape.com\/wp-content\/uploads\/2025\/10\/pgvape-ZOOY-ZERO-45000-45k-puffs-NicIce-Control-Disposable-Vape-Factory-Direct-10-360x360.png 360w, https:\/\/pgvape.com\/wp-content\/uploads\/2025\/10\/pgvape-ZOOY-ZERO-45000-45k-puffs-NicIce-Control-Disposable-Vape-Factory-Direct-10-595x595.png 595w, https:\/\/pgvape.com\/wp-content\/uploads\/2025\/10\/pgvape-ZOOY-ZERO-45000-45k-puffs-NicIce-Control-Disposable-Vape-Factory-Direct-10-400x400.png 400w, https:\/\/pgvape.com\/wp-content\/uploads\/2025\/10\/pgvape-ZOOY-ZERO-45000-45k-puffs-NicIce-Control-Disposable-Vape-Factory-Direct-10-768x768.png 768w, https:\/\/pgvape.com\/wp-content\/uploads\/2025\/10\/pgvape-ZOOY-ZERO-45000-45k-puffs-NicIce-Control-Disposable-Vape-Factory-Direct-10-12x12.png 12w, https:\/\/pgvape.com\/wp-content\/uploads\/2025\/10\/pgvape-ZOOY-ZERO-45000-45k-puffs-NicIce-Control-Disposable-Vape-Factory-Direct-10-300x300.png 300w, https:\/\/pgvape.com\/wp-content\/uploads\/2025\/10\/pgvape-ZOOY-ZERO-45000-45k-puffs-NicIce-Control-Disposable-Vape-Factory-Direct-10-600x600.png 600w, https:\/\/pgvape.com\/wp-content\/uploads\/2025\/10\/pgvape-ZOOY-ZERO-45000-45k-puffs-NicIce-Control-Disposable-Vape-Factory-Direct-10-100x100.png 100w, https:\/\/pgvape.com\/wp-content\/uploads\/2025\/10\/pgvape-ZOOY-ZERO-45000-45k-puffs-NicIce-Control-Disposable-Vape-Factory-Direct-10-40x40.png 40w\" sizes=\"auto, (max-width: 1000px) 100vw, 1000px\" \/><\/p>\n<h3><span style=\"font-size: 90%;\">Vid\u00e9o de vape jetable ZOOY ZERO 45000 45K Puffs Nic&amp;Ice Control<strong>\uff1a<\/strong><\/span><\/h3>\n<p>&nbsp;<\/p>\n<h2 class=\"header-vfC6AV auto-hide-last-sibling-br\">FAQ sur la vape jetable de contr\u00f4le ZOOY ZERO 45000 | 45 000 bouff\u00e9es<\/h2>\n<p data-sourcepos=\"35:1-36:129\">\u2753 <strong data-sourcepos=\"35:3-35:47\">\u201c\u00a0Comment fonctionne le contr\u00f4le NIC&amp;ICE\u00a0?<br \/>\n\u201c<\/strong> \u2705 <strong data-sourcepos=\"36:3-36:127\">\u201cAjustez ind\u00e9pendamment la force de la nicotine et le refroidissement du menthol via des commandes intuitives pour un coup de gorge personnalis\u00e9.\u201d<\/strong><\/p>\n<p data-sourcepos=\"38:1-39:115\">\u2753 <strong data-sourcepos=\"38:3-38:54\">\u201c\u00a0Quelle est la particularit\u00e9 des bobines \u00e0 double maille\u00a0?<br \/>\n\u201c<\/strong> \u2705 <strong data-sourcepos=\"39:3-39:113\">\u201cLes bobines 0,6\u03a9 + 1,5\u03a9 optimisent la saveur\/vapeur pour le MTL (tirage plus serr\u00e9) et le DTL (Cloud Chasing).\u201d<\/strong><\/p>\n<p data-sourcepos=\"41:1-42:106\">\u2753 <strong data-sourcepos=\"41:3-41:47\">\u201c\u00a0Quelle est la pr\u00e9cision de l'affichage intelligent\u00a0?<br \/>\n\u201c<\/strong> \u2705 <strong data-sourcepos=\"42:3-42:104\">\u201c\u00a0Suite le nombre de bouff\u00e9es en temps r\u00e9el, la batterie % et les niveaux d'e-liquide pour une surveillance pr\u00e9cise.\u00a0\u201d<\/strong><\/p>\n<p data-sourcepos=\"44:1-45:101\">\u2753 <strong data-sourcepos=\"44:3-44:41\">\u201c La batterie est-elle durable ?<br \/>\n\u201c<\/strong> \u2705 <strong data-sourcepos=\"45:3-45:99\">\u201cLa batterie de 1 000 mAh prend en charge plus de 48 heures\u00a0; la charge de type C fait le plein en 45 minutes.\u201d<\/strong><\/p>\n<p data-sourcepos=\"47:1-48:104\">\u2753 <strong data-sourcepos=\"47:3-47:43\">\u201c Puis-je personnaliser la densit\u00e9 de vapeur ?<br \/>\n\u201c<\/strong> \u2705 <strong data-sourcepos=\"48:3-48:102\">\u201cOui\u00a0! Le d\u00e9bit d'air r\u00e9glable vous permet de choisir entre des tirages MTL restreints ou DTL a\u00e9r\u00e9s.\u201d<\/strong><\/p>\n<p>&nbsp;<\/p>\n<h3 id=\"brxe-najhln\" class=\"brxe-heading\">Foire aux questions (FAQ)<\/h3>\n<div id=\"brxe-rajiac\" class=\"brxe-text\">\n<p><strong>Q : Quels modes de paiement acceptez-vous ?<\/strong><br \/>\nR\u00a0: Nous acceptons PayPal, Stripe, les virements bancaires (pris en charge par SEPA), les principales cartes de cr\u00e9dit (Visa, MasterCard, American Express) et les paiements en crypto-monnaie.<\/p>\n<p><strong>Q : Combien de temps prend la pr\u00e9paration d\u2019une commande ?<\/strong><br \/>\nR : La pr\u00e9paration de la commande prend 1 \u00e0 3 jours ouvrables.<\/p>\n<p><strong>Q : Quel est le d\u00e9lai de livraison ?<\/strong><br \/>\nR : Le d\u00e9lai de livraison est de 7 \u00e0 14 jours ouvrables, selon votre emplacement.<\/p>\n<p><strong>Q : Comment puis-je suivre ma commande ?<\/strong><br \/>\nR : Apr\u00e8s l'exp\u00e9dition, vous recevrez un e-mail de confirmation avec un num\u00e9ro de suivi pour un suivi en temps r\u00e9el.<\/p>\n<p><strong>Q : Quelle est votre politique de retour ?<\/strong><br \/>\nR : Nous proposons une politique de retour de 30 jours pour les remboursements ou les \u00e9changes. .<\/p>\n<p><strong>Q : Y aura-t-il des probl\u00e8mes douaniers ?<br \/>\n<\/strong>Nous prenons en charge toutes les proc\u00e9dures de d\u00e9douanement pour vous garantir une exp\u00e9rience sans tracas. .<\/p>\n<p><strong>Q : Quelles m\u00e9thodes d\u2019exp\u00e9dition sont utilis\u00e9es ?<\/strong><br \/>\nNous coop\u00e9rons avec UPS\/DHL\/FEDEX\/DPD, etc. Nous choisirons l'option d'exp\u00e9dition appropri\u00e9e en fonction du pays de livraison pour garantir que vous recevez vos produits le plus rapidement possible.<\/p>\n<p><a href=\"https:\/\/pgvape.com\/fr\/faq\/\">Cliquez ici pour plus de FAQ<\/a><\/p>\n<p>Chers clients, Si vous avez des questions concernant votre commande ou l'arriv\u00e9e des marchandises, n'h\u00e9sitez pas \u00e0 contacter notre service client. Merci !<\/p>\n<h3 data-sourcepos=\"73:1-73:21\"><strong data-sourcepos=\"73:7-73:21\">Contactez-nous<\/strong><\/h3>\n<div id=\"text-2419739398\" class=\"text\">\n<p><strong data-sourcepos=\"75:3-75:12\">E-mail<\/strong>:\u00a0<a href=\"mailto:support@pgvape.com\"><strong>support@pgvape.com<\/strong><\/a><\/p>\n<p><strong data-sourcepos=\"76:3-76:15\">WhatsApp<\/strong>: <a href=\"https:\/\/wa.me\/+8618128481258\"><strong>+86 18128481258<\/strong><\/a><br \/>\n<strong>(R\u00e9ponse sous 24h les jours ouvr\u00e9s)<\/strong><\/p>\n<\/div>\n<h3><strong>Merci d'avoir choisi pgvape.com ! .<\/strong><\/h3>\n<\/div>","protected":false},"excerpt":{"rendered":"<p><strong data-sourcepos=\"53:1-53:209\">\u201c\u00a0ZOOY ZERO 45000\u00a0:\u00a0la vape jetable personnalisable ultime avec contr\u00f4le NIC&amp;ICE, bobines \u00e0 double maille, \u00e9cran intelligent et 10 saveurs, aliment\u00e9e par une batterie de 1\u00a0000 mAh pour 45\u00a0000 bouff\u00e9es.\u201d<\/strong><\/p>","protected":false},"featured_media":3420,"comment_status":"open","ping_status":"closed","template":"","meta":{"_seopress_robots_primary_cat":"none","_seopress_titles_title":"%%post_title%% %%sep%% %%sitetitle%%","_seopress_titles_desc":"","_seopress_robots_index":""},"product_brand":[516,291],"product_cat":[308,515,290],"product_tag":[310,135,90,257,297,136,309],"class_list":{"0":"post-3416","1":"product","2":"type-product","3":"status-publish","4":"has-post-thumbnail","6":"product_brand-disposable-vape","7":"product_brand-zooy-vape","8":"product_cat-45k-puffs-vape","9":"product_cat-disposable-vape","10":"product_cat-zooy-vape","11":"product_tag-45k-puffs-vape","12":"product_tag-adjustable-airflow","13":"product_tag-disposable-vape","14":"product_tag-dual-mesh-coil","15":"product_tag-nicice-control","16":"product_tag-smart-screen","17":"product_tag-zooy-zero-45000","19":"first","20":"instock","21":"sale","22":"shipping-taxable","23":"purchasable","24":"product-type-variable"},"_links":{"self":[{"href":"https:\/\/pgvape.com\/fr\/wp-json\/wp\/v2\/product\/3416","targetHints":{"allow":["GET"]}}],"collection":[{"href":"https:\/\/pgvape.com\/fr\/wp-json\/wp\/v2\/product"}],"about":[{"href":"https:\/\/pgvape.com\/fr\/wp-json\/wp\/v2\/types\/product"}],"replies":[{"embeddable":true,"href":"https:\/\/pgvape.com\/fr\/wp-json\/wp\/v2\/comments?post=3416"}],"wp:featuredmedia":[{"embeddable":true,"href":"https:\/\/pgvape.com\/fr\/wp-json\/wp\/v2\/media\/3420"}],"wp:attachment":[{"href":"https:\/\/pgvape.com\/fr\/wp-json\/wp\/v2\/media?parent=3416"}],"wp:term":[{"taxonomy":"product_brand","embeddable":true,"href":"https:\/\/pgvape.com\/fr\/wp-json\/wp\/v2\/product_brand?post=3416"},{"taxonomy":"product_cat","embeddable":true,"href":"https:\/\/pgvape.com\/fr\/wp-json\/wp\/v2\/product_cat?post=3416"},{"taxonomy":"product_tag","embeddable":true,"href":"https:\/\/pgvape.com\/fr\/wp-json\/wp\/v2\/product_tag?post=3416"}],"curies":[{"name":"wp","href":"https:\/\/api.w.org\/{rel}","templated":true}]}}