{"id":3387,"date":"2025-10-13T13:49:03","date_gmt":"2025-10-13T13:49:03","guid":{"rendered":"https:\/\/pgvape.com\/?post_type=product&#038;p=3387"},"modified":"2026-01-27T10:30:47","modified_gmt":"2026-01-27T10:30:47","slug":"zooy-twins-35000-35k-bouffees-double-saveurs-vape-jetable-vape-direct-usine","status":"publish","type":"product","link":"https:\/\/pgvape.com\/fr\/produit\/zooy-twins-35000-35k-bouffees-double-saveurs-vape-jetable-vape-direct-usine\/","title":{"rendered":"ZOOY TWINS 35000 35K Puffs Double Saveurs Vape-Vape jetable Direct Usine"},"content":{"rendered":"<p class=\"auto-hide-last-sibling-br paragraph-JOTKXA paragraph-element br-paragraph-space\"><strong data-sourcepos=\"4:5-4:47\">Vape jetable ZOOY TWINS 35000 bouff\u00e9es<\/strong> Livre <strong data-sourcepos=\"4:57-4:83\">Innovation \u00e0 double saveur<\/strong> Avec <strong data-sourcepos=\"4:89-4:116\">35 000 bouff\u00e9es ultra longues<\/strong>. <strong data-sourcepos=\"4:130-4:154\">\u00c9cran num\u00e9rique intelligent<\/strong>, <strong data-sourcepos=\"4:156-4:176\">Bobine \u00e0 double maille<\/strong>, Et <strong data-sourcepos=\"4:182-4:213\">Batterie rechargeable 650 mAh<\/strong>, il offre une polyvalence in\u00e9gal\u00e9e. <strong data-sourcepos=\"4:260-4:284\">0%\/2%\/3%\/5%Nicotine<\/strong> Points forts \u00e0 travers <strong data-sourcepos=\"4:302-4:328\">10 combinaisons de saveurs<\/strong>, Tout Emball\u00e9 <strong data-sourcepos=\"4:343-4:357\">10 pi\u00e8ces\/paquet<\/strong> Pour un maximum de commodit\u00e9. <strong data-sourcepos=\"4:394-4:421\">Changement de saveur 2 en 1<\/strong> Et des performances haut de gamme dans un seul appareil \u00e9l\u00e9gant<\/p>\n<p>&nbsp;<\/p>\n<h2 id=\"brxe-najhln\" class=\"brxe-heading\"><span style=\"font-size: 90%; color: #333333;\">ZOOY TWINS 35000 | 35K Puffs Sp\u00e9cifications de la vape jetable double saveur<\/span><\/h2>\n<p><strong data-sourcepos=\"9:3-9:17\">Nombre de bouff\u00e9es<\/strong>:\u00a0<strong data-sourcepos=\"9:19-9:35\">35 000 bouff\u00e9es<\/strong><\/p>\n<p><strong data-sourcepos=\"10:3-10:15\">Nicotine<\/strong>:\u00a0<strong data-sourcepos=\"10:17-10:40\">Options 0%\/2%\/3%\/5%<\/strong><\/p>\n<p><strong data-sourcepos=\"11:3-11:11\">Bobine<\/strong>:\u00a0<strong data-sourcepos=\"11:13-11:44\">Technologie de bobine \u00e0 double maille<\/strong><\/p>\n<p><strong data-sourcepos=\"12:3-12:14\">Batterie<\/strong>:\u00a0<strong data-sourcepos=\"12:16-12:39\">650mAh rechargeable<\/strong><\/p>\n<p><strong data-sourcepos=\"13:3-13:14\">Afficher<\/strong>:\u00a0<strong data-sourcepos=\"13:16-13:40\">\u00c9cran num\u00e9rique intelligent<\/strong><\/p>\n<p><strong data-sourcepos=\"14:3-14:20\">Syst\u00e8me de saveur<\/strong>:\u00a0<strong data-sourcepos=\"14:22-14:45\">Double saveurs 2 en 1<\/strong><\/p>\n<p><strong data-sourcepos=\"15:3-15:14\">Emballer<\/strong>:\u00a0<strong data-sourcepos=\"15:16-15:34\">10 appareils\/bo\u00eete<\/strong><\/p>\n<p>&nbsp;<\/p>\n<h3><span style=\"font-size: 90%;\">ZOOY TWINS 35000 | 35K Puffs Liste des saveurs de vape jetables \u00e0 double saveur<\/span><\/h3>\n<p>1. Glace aux fraises et limonade rose<\/p>\n<p>2.Love 66 et fraise Red Bull<\/p>\n<p>3. Glace aux bleuets et raisins<\/p>\n<p>4. Fraise, Kiwi et baies m\u00e9lang\u00e9es<\/p>\n<p>5. Past\u00e8que \u00e0 la p\u00eache, \u00e0 la mangue et \u00e0 la glace du dragon noir<\/p>\n<p>6.Blue Razz Citron &amp; Fraise Banane<\/p>\n<p>7. Glace \u00e0 la past\u00e8que et glace au cola<\/p>\n<p>8.Fraise, past\u00e8que et citron vert<\/p>\n<p>9.Mr Blue &amp; Mangue Glace<\/p>\n<p>10.Glace \u00e0 la p\u00eache et past\u00e8que \u00e0 la framboise<img loading=\"lazy\" decoding=\"async\" class=\"alignnone wp-image-3401 size-full\" src=\"https:\/\/pgvape.com\/wp-content\/uploads\/2025\/10\/pgvape-ZOOY-TWINS-35000-35K-Puffs-Dual-Flavors-Disposable-Vape-0-2-3-5-Nicotine-10Tastes-Smart-Screen-Vape-Factory-Direct-11.png\" alt=\"Deux rang\u00e9es de cinq appareils de vapotage jetables \u00e0 double saveur Zooy Twins 35K puffs color\u00e9s avec des corps nervur\u00e9s et des embouts noirs, chacun montrant un panneau de marque noir vertical et un affichage num\u00e9rique sur un fond blanc.\" width=\"1500\" height=\"1500\" srcset=\"https:\/\/pgvape.com\/wp-content\/uploads\/2025\/10\/pgvape-ZOOY-TWINS-35000-35K-Puffs-Dual-Flavors-Disposable-Vape-0-2-3-5-Nicotine-10Tastes-Smart-Screen-Vape-Factory-Direct-11.png 1500w, https:\/\/pgvape.com\/wp-content\/uploads\/2025\/10\/pgvape-ZOOY-TWINS-35000-35K-Puffs-Dual-Flavors-Disposable-Vape-0-2-3-5-Nicotine-10Tastes-Smart-Screen-Vape-Factory-Direct-11-360x360.png 360w, https:\/\/pgvape.com\/wp-content\/uploads\/2025\/10\/pgvape-ZOOY-TWINS-35000-35K-Puffs-Dual-Flavors-Disposable-Vape-0-2-3-5-Nicotine-10Tastes-Smart-Screen-Vape-Factory-Direct-11-595x595.png 595w, https:\/\/pgvape.com\/wp-content\/uploads\/2025\/10\/pgvape-ZOOY-TWINS-35000-35K-Puffs-Dual-Flavors-Disposable-Vape-0-2-3-5-Nicotine-10Tastes-Smart-Screen-Vape-Factory-Direct-11-400x400.png 400w, https:\/\/pgvape.com\/wp-content\/uploads\/2025\/10\/pgvape-ZOOY-TWINS-35000-35K-Puffs-Dual-Flavors-Disposable-Vape-0-2-3-5-Nicotine-10Tastes-Smart-Screen-Vape-Factory-Direct-11-768x768.png 768w, https:\/\/pgvape.com\/wp-content\/uploads\/2025\/10\/pgvape-ZOOY-TWINS-35000-35K-Puffs-Dual-Flavors-Disposable-Vape-0-2-3-5-Nicotine-10Tastes-Smart-Screen-Vape-Factory-Direct-11-12x12.png 12w, https:\/\/pgvape.com\/wp-content\/uploads\/2025\/10\/pgvape-ZOOY-TWINS-35000-35K-Puffs-Dual-Flavors-Disposable-Vape-0-2-3-5-Nicotine-10Tastes-Smart-Screen-Vape-Factory-Direct-11-300x300.png 300w, https:\/\/pgvape.com\/wp-content\/uploads\/2025\/10\/pgvape-ZOOY-TWINS-35000-35K-Puffs-Dual-Flavors-Disposable-Vape-0-2-3-5-Nicotine-10Tastes-Smart-Screen-Vape-Factory-Direct-11-600x600.png 600w, https:\/\/pgvape.com\/wp-content\/uploads\/2025\/10\/pgvape-ZOOY-TWINS-35000-35K-Puffs-Dual-Flavors-Disposable-Vape-0-2-3-5-Nicotine-10Tastes-Smart-Screen-Vape-Factory-Direct-11-100x100.png 100w, https:\/\/pgvape.com\/wp-content\/uploads\/2025\/10\/pgvape-ZOOY-TWINS-35000-35K-Puffs-Dual-Flavors-Disposable-Vape-0-2-3-5-Nicotine-10Tastes-Smart-Screen-Vape-Factory-Direct-11-40x40.png 40w\" sizes=\"auto, (max-width: 1500px) 100vw, 1500px\" \/><\/p>\n<h3><span style=\"font-size: 90%;\">ZOOY TWINS 35000 35K Puffs Vape jetable \u00e0 double saveur\u00a0<strong>Vid\u00e9o:<br \/>\n<iframe loading=\"lazy\" title=\"ZOOY TWINS 35000 35K Puffs Vape jetable \u00e0 double saveur pgvape\" width=\"1020\" height=\"574\" src=\"https:\/\/www.youtube.com\/embed\/f3Tcxv9ih5E?feature=oembed\" frameborder=\"0\" allow=\"accelerometer; autoplay; clipboard-write; encrypted-media; gyroscope; picture-in-picture; web-share\" referrerpolicy=\"strict-origin-when-cross-origin\" allowfullscreen><\/iframe><br \/>\n<\/strong><\/span><\/h3>\n<p>&nbsp;<\/p>\n<h2 class=\"header-vfC6AV auto-hide-last-sibling-br\">FAQ sur ZOOY TWINS 35000 | Vape jetable \u00e0 double saveurs de 35 000 bouff\u00e9es<\/h2>\n<p data-sourcepos=\"34:1-35:110\">\u2753 <strong data-sourcepos=\"34:3-34:52\">\u201c Comment fonctionne le syst\u00e8me de saveurs 2 en 1 ?<br \/>\n\u201c<\/strong> \u2705 <strong data-sourcepos=\"35:3-35:110\">\u201c\u00a0Basculez instantan\u00e9ment entre deux saveurs premium avec un simple ajustement \u2013 \u200b\u200baucune modification d\u2019appareil n\u2019est n\u00e9cessaire.\u00a0\u201d<\/strong><\/p>\n<p data-sourcepos=\"37:1-38:121\">\u2753 <strong data-sourcepos=\"37:3-37:55\">\u201c\u00a0Quelle est la particularit\u00e9 de la bobine \u00e0 double maille\u00a0?<br \/>\n\u201c<\/strong> \u2705 <strong data-sourcepos=\"38:3-38:121\">\u201cLa technologie \u00e0 double bobine am\u00e9liore la clart\u00e9 de la saveur gr\u00e2ce au 40% et fournit une vapeur plus douce que les bobines standard.\u201d<\/strong><\/p>\n<p data-sourcepos=\"40:1-41:110\">\u2753 <strong data-sourcepos=\"40:3-40:53\">\u201c La batterie est-elle adapt\u00e9e \u00e0 une utilisation toute la journ\u00e9e ?<br \/>\n\u201c<\/strong> \u2705 <strong data-sourcepos=\"41:3-41:110\">\u201cLa batterie de 650 mAh offre des performances \u00e9tendues, rechargeable via le port universel de type C.\u201d<\/strong><\/p>\n<p data-sourcepos=\"43:1-44:122\">\u2753 <strong data-sourcepos=\"43:3-43:50\">\u201c \u00c0 qui profite l\u2019option nicotine 0% ?<br \/>\n\u201c<\/strong> \u2705 <strong data-sourcepos=\"44:3-44:122\">\u201cParfait pour les chasseurs de saveurs ou ceux qui passent au vapotage sans nicotine sans sacrifier l'exp\u00e9rience.\u201d<\/strong><\/p>\n<p data-sourcepos=\"46:1-47:111\">\u2753 <strong data-sourcepos=\"46:3-46:39\">\u201c Pourquoi choisir un emballage de 10 pi\u00e8ces ?<br \/>\n\u201c<\/strong> \u2705 <strong data-sourcepos=\"47:3-47:111\">\u201c Id\u00e9al pour les d\u00e9taillants et les vapoteurs fr\u00e9quents \u2013 garantit un approvisionnement constant et une meilleure valeur par unit\u00e9. \u201d<\/strong><\/p>\n<p>&nbsp;<\/p>\n<h3 id=\"brxe-najhln\" class=\"brxe-heading\">Foire aux questions (FAQ)<\/h3>\n<div id=\"brxe-rajiac\" class=\"brxe-text\">\n<p><strong>Q : Quels modes de paiement acceptez-vous ?<\/strong><br \/>\nR\u00a0: Nous acceptons PayPal, Stripe, les virements bancaires (pris en charge par SEPA), les principales cartes de cr\u00e9dit (Visa, MasterCard, American Express) et les paiements en crypto-monnaie.<\/p>\n<p><strong>Q : Combien de temps prend la pr\u00e9paration d\u2019une commande ?<\/strong><br \/>\nR : La pr\u00e9paration de la commande prend 1 \u00e0 3 jours ouvrables.<\/p>\n<p><strong>Q : Quel est le d\u00e9lai de livraison ?<\/strong><br \/>\nR : Le d\u00e9lai de livraison est de 7 \u00e0 14 jours ouvrables, selon votre emplacement.<\/p>\n<p><strong>Q : Comment puis-je suivre ma commande ?<\/strong><br \/>\nR : Apr\u00e8s l'exp\u00e9dition, vous recevrez un e-mail de confirmation avec un num\u00e9ro de suivi pour un suivi en temps r\u00e9el.<\/p>\n<p><strong>Q : Quelle est votre politique de retour ?<\/strong><br \/>\nR : Nous proposons une politique de retour de 30 jours pour les remboursements ou les \u00e9changes. .<\/p>\n<p><strong>Q : Y aura-t-il des probl\u00e8mes douaniers ?<br \/>\n<\/strong>Nous prenons en charge toutes les proc\u00e9dures de d\u00e9douanement pour vous garantir une exp\u00e9rience sans tracas. .<\/p>\n<p><strong>Q : Quelles m\u00e9thodes d\u2019exp\u00e9dition sont utilis\u00e9es ?<\/strong><br \/>\nNous coop\u00e9rons avec UPS\/DHL\/FEDEX\/DPD, etc. Nous choisirons l'option d'exp\u00e9dition appropri\u00e9e en fonction du pays de livraison pour garantir que vous recevez vos produits le plus rapidement possible.<\/p>\n<p><a href=\"https:\/\/pgvape.com\/fr\/faq\/\">Cliquez ici pour plus de FAQ<\/a><\/p>\n<p>Chers clients, Si vous avez des questions concernant votre commande ou l'arriv\u00e9e des marchandises, n'h\u00e9sitez pas \u00e0 contacter notre service client. Merci !<\/p>\n<h3 data-sourcepos=\"73:1-73:21\"><strong data-sourcepos=\"73:7-73:21\">Contactez-nous<\/strong><\/h3>\n<div id=\"text-2419739398\" class=\"text\">\n<p><strong data-sourcepos=\"75:3-75:12\">E-mail<\/strong>:\u00a0<a href=\"mailto:support@pgvape.com\"><strong>support@pgvape.com<\/strong><\/a><\/p>\n<p><strong data-sourcepos=\"76:3-76:15\">WhatsApp<\/strong>: <a href=\"https:\/\/wa.me\/+8618128481258\"><strong>+86 18128481258<\/strong><\/a><br \/>\n<strong>(R\u00e9ponse sous 24h les jours ouvr\u00e9s)<\/strong><\/p>\n<\/div>\n<h3><strong>Merci d'avoir choisi pgvape.com ! .<\/strong><\/h3>\n<\/div>","protected":false},"excerpt":{"rendered":"<p><strong data-sourcepos=\"52:1-52:205\">\u201cZOOY TWINS 35000\u00a0:\u00a0la vape jetable ultime \u00e0 double saveur comprenant 35 000 bouff\u00e9es, un \u00e9cran intelligent, une bobine \u00e0 double maille et 10 paires de saveurs - disponible dans les options de nicotine 0%-5%.\u201d<\/strong><\/p>","protected":false},"featured_media":3403,"comment_status":"open","ping_status":"closed","template":"","meta":{"_seopress_robots_primary_cat":"none","_seopress_titles_title":"%%post_title%% %%sep%% %%sitetitle%%","_seopress_titles_desc":"","_seopress_robots_index":""},"product_brand":[516,291],"product_cat":[197,515,290],"product_tag":[199,200,90,66,136,307],"class_list":{"0":"post-3387","1":"product","2":"type-product","3":"status-publish","4":"has-post-thumbnail","6":"product_brand-disposable-vape","7":"product_brand-zooy-vape","8":"product_cat-35k-puffs-vape","9":"product_cat-disposable-vape","10":"product_cat-zooy-vape","11":"product_tag-35k-puffs","12":"product_tag-35k-vape","13":"product_tag-disposable-vape","14":"product_tag-dual-flavors","15":"product_tag-smart-screen","16":"product_tag-zooy-twins-35000","18":"first","19":"instock","20":"sale","21":"shipping-taxable","22":"purchasable","23":"product-type-variable"},"_links":{"self":[{"href":"https:\/\/pgvape.com\/fr\/wp-json\/wp\/v2\/product\/3387","targetHints":{"allow":["GET"]}}],"collection":[{"href":"https:\/\/pgvape.com\/fr\/wp-json\/wp\/v2\/product"}],"about":[{"href":"https:\/\/pgvape.com\/fr\/wp-json\/wp\/v2\/types\/product"}],"replies":[{"embeddable":true,"href":"https:\/\/pgvape.com\/fr\/wp-json\/wp\/v2\/comments?post=3387"}],"wp:featuredmedia":[{"embeddable":true,"href":"https:\/\/pgvape.com\/fr\/wp-json\/wp\/v2\/media\/3403"}],"wp:attachment":[{"href":"https:\/\/pgvape.com\/fr\/wp-json\/wp\/v2\/media?parent=3387"}],"wp:term":[{"taxonomy":"product_brand","embeddable":true,"href":"https:\/\/pgvape.com\/fr\/wp-json\/wp\/v2\/product_brand?post=3387"},{"taxonomy":"product_cat","embeddable":true,"href":"https:\/\/pgvape.com\/fr\/wp-json\/wp\/v2\/product_cat?post=3387"},{"taxonomy":"product_tag","embeddable":true,"href":"https:\/\/pgvape.com\/fr\/wp-json\/wp\/v2\/product_tag?post=3387"}],"curies":[{"name":"wp","href":"https:\/\/api.w.org\/{rel}","templated":true}]}}