{"id":3328,"date":"2025-10-13T11:16:01","date_gmt":"2025-10-13T11:16:01","guid":{"rendered":"https:\/\/pgvape.com\/?post_type=product&#038;p=3328"},"modified":"2025-12-15T12:49:35","modified_gmt":"2025-12-15T12:49:35","slug":"zooy-shisha-25000-25k-bouffees-vape-jetable-debit-dair-reglable-ecran-anime-vape-usine-directe","status":"publish","type":"product","link":"https:\/\/pgvape.com\/fr\/produit\/zooy-shisha-25000-25k-bouffees-vape-jetable-debit-dair-reglable-ecran-anime-vape-usine-directe\/","title":{"rendered":"ZOOY SHISHA 25000 25K bouff\u00e9es Vape jetable d\u00e9bit d'air r\u00e9glable \u00e9cran anim\u00e9 Vape usine directe"},"content":{"rendered":"<div class=\"auto-hide-last-sibling-br paragraph-JOTKXA paragraph-element br-paragraph-space\"><strong data-sourcepos=\"4:5-4:46\">Vape jetable ZOOY SHISHA 25K bouff\u00e9es<\/strong><span class=\"CustomP_animated_char__m3r9w\">\u00a0<\/span><span class=\"CustomP_animated_char__m3r9w\">Combine<\/span><span class=\"CustomP_animated_char__m3r9w\">\u00a0<\/span><strong data-sourcepos=\"4:56-4:80\">Performances \u00e9tendues<\/strong><span class=\"CustomP_animated_char__m3r9w\">\u00a0<\/span><span class=\"CustomP_animated_char__m3r9w\">Avec<\/span><span class=\"CustomP_animated_char__m3r9w\">\u00a0<\/span><strong data-sourcepos=\"4:86-4:111\">Personnalisation haut de gamme<\/strong><span class=\"CustomP_animated_char__m3r9w\">.<\/span><span class=\"CustomP_animated_char__m3r9w\">\u00a0<\/span><span class=\"CustomP_animated_char__m3r9w\">Mettant en vedette<\/span><span class=\"CustomP_animated_char__m3r9w\">\u00a0<\/span><strong data-sourcepos=\"4:123-4:139\">25 000 bouff\u00e9es<\/strong>, <strong data-sourcepos=\"4:141-4:167\">Capacit\u00e9 e-liquide de 28 ml<\/strong>, Et <strong data-sourcepos=\"4:173-4:191\">Bobine de maille de 0,5 \u03a9<\/strong>, il livre <strong data-sourcepos=\"4:205-4:220\">Saveur riche<\/strong> Et <strong data-sourcepos=\"4:225-4:241\">Vapeur douce<\/strong>. <strong data-sourcepos=\"4:255-4:279\">0%\/2%\/3%\/5%Nicotine<\/strong> Options avec <strong data-sourcepos=\"4:293-4:315\">D\u00e9bit d'air r\u00e9glable<\/strong> Pour <strong data-sourcepos=\"4:320-4:331\">MTL\/DTL<\/strong> Flexibilit\u00e9. <strong data-sourcepos=\"4:349-4:368\">\u00c9cran anim\u00e9<\/strong>, <strong data-sourcepos=\"4:370-4:401\">Batterie rechargeable 650 mAh<\/strong>, Et <strong data-sourcepos=\"4:407-4:426\">Chargement de type C<\/strong> Garantit une utilisation pratique et durable. <strong data-sourcepos=\"4:473-4:490\">Capuchon anti-poussi\u00e8re<\/strong> Et <strong data-sourcepos=\"4:495-4:517\">10 saveurs haut de gamme<\/strong><span class=\"CustomP_animated_char__m3r9w\">\u00a0<\/span><span class=\"CustomP_animated_char__m3r9w\">Pour<\/span><span class=\"CustomP_animated_char__m3r9w\">\u00a0<\/span><span class=\"CustomP_animated_char__m3r9w\">UN<\/span><span class=\"CustomP_animated_char__m3r9w\">\u00a0<\/span><span class=\"CustomP_animated_char__m3r9w\">Sup\u00e9rieur<\/span><span class=\"CustomP_animated_char__m3r9w\">\u00a0<\/span><span class=\"CustomP_animated_char__m3r9w\">Vapoter<\/span><span class=\"CustomP_animated_char__m3r9w\">\u00a0<\/span><span class=\"CustomP_animated_char__m3r9w\">Exp\u00e9rience<\/span><span class=\"CustomP_animated_char__m3r9w\">.<\/span><span style=\"color: #555555; font-size: 14.4px;\">\u00a0<\/span><\/div>\n<p>&nbsp;<\/p>\n<h3><span style=\"font-size: 90%;\">Sp\u00e9cifications de la vape jetable ZOOY SHISHA 25000 | 25 000 bouff\u00e9es<\/span><\/h3>\n<p><strong data-sourcepos=\"9:3-9:17\">Nombre de bouff\u00e9es<\/strong>:\u00a0<strong data-sourcepos=\"9:19-9:35\">25 000 bouff\u00e9es<\/strong><\/p>\n<p><strong data-sourcepos=\"10:3-10:15\">Nicotine<\/strong>:\u00a0<strong data-sourcepos=\"10:17-10:46\">Options 0% \/ 2% \/ 3% \/ 5%<\/strong><\/p>\n<p><strong data-sourcepos=\"11:3-11:15\">E-Liquide<\/strong>:\u00a0<strong data-sourcepos=\"11:17-11:44\">Capacit\u00e9 pr\u00e9remplie de 28 ml<\/strong><\/p>\n<p><strong data-sourcepos=\"12:3-12:11\">Bobine<\/strong>:\u00a0<strong data-sourcepos=\"12:13-12:31\">Bobine de maille de 0,5 \u03a9<\/strong><\/p>\n<p><strong data-sourcepos=\"13:3-13:14\">Batterie<\/strong>:\u00a0<strong data-sourcepos=\"13:16-13:39\">650mAh rechargeable<\/strong><\/p>\n<p><strong data-sourcepos=\"14:3-14:15\">Chargement<\/strong>:\u00a0<strong data-sourcepos=\"14:17-14:41\">Chargement rapide de type C<\/strong><\/p>\n<p><strong data-sourcepos=\"15:3-15:14\">Afficher<\/strong>:\u00a0<strong data-sourcepos=\"15:16-15:41\">\u00c9cran intelligent anim\u00e9<\/strong><\/p>\n<p><strong data-sourcepos=\"16:3-16:14\">Flux d'air<\/strong>:\u00a0<strong data-sourcepos=\"16:16-16:40\">R\u00e9glable (MTL\/DTL)<\/strong><\/p>\n<p><strong data-sourcepos=\"17:3-17:14\">Emballer<\/strong>:\u00a0<strong data-sourcepos=\"17:16-17:42\">Comprend un capuchon anti-poussi\u00e8re<\/strong><\/p>\n<p>&nbsp;<\/p>\n<h3><span style=\"font-size: 90%;\">ZOOY SHISHA 25000 | Liste des saveurs de vape jetables 25K Puffs<\/span><\/h3>\n<p>1. Glace aux fraises<\/p>\n<p>2. Glace \u00e0 la banane<\/p>\n<p>3.Amour 777<\/p>\n<p>4. Glace \u00e0 la mangue<\/p>\n<p>5. Limonade rose<\/p>\n<p>6. Past\u00e8que aux fraises<\/p>\n<p>7.Glace Fraise Framboise<\/p>\n<p>8. Glace aux bleuets<\/p>\n<p>9. Glace \u00e0 la past\u00e8que<\/p>\n<p>10. Baies m\u00e9lang\u00e9es<img loading=\"lazy\" decoding=\"async\" class=\"alignnone wp-image-3346 size-full\" src=\"https:\/\/pgvape.com\/wp-content\/uploads\/2025\/10\/pgvape-ZOOY-SHISHA-25000-25K-Puffs-Disposable-Vape-Airflow-Ajustable-with-Animated-Screen-Vape-Factory-Direct-16.png\" alt=\"Gamme de dispositifs de vapotage jetables cylindriques noirs avec fond translucide, petits \u00e9crans num\u00e9riques, capuchons anti-poussi\u00e8re \u00e0 visser color\u00e9s et boucles de transport assorties affich\u00e9s dans plusieurs variantes de couleurs sur des podiums circulaires, avec un logo ZOOY, des ic\u00f4nes et un grand texte &quot; 2\u00a0500 bouff\u00e9es &quot; en arri\u00e8re-plan.\" width=\"1500\" height=\"1478\" srcset=\"https:\/\/pgvape.com\/wp-content\/uploads\/2025\/10\/pgvape-ZOOY-SHISHA-25000-25K-Puffs-Disposable-Vape-Airflow-Ajustable-with-Animated-Screen-Vape-Factory-Direct-16.png 1500w, https:\/\/pgvape.com\/wp-content\/uploads\/2025\/10\/pgvape-ZOOY-SHISHA-25000-25K-Puffs-Disposable-Vape-Airflow-Ajustable-with-Animated-Screen-Vape-Factory-Direct-16-365x360.png 365w, https:\/\/pgvape.com\/wp-content\/uploads\/2025\/10\/pgvape-ZOOY-SHISHA-25000-25K-Puffs-Disposable-Vape-Airflow-Ajustable-with-Animated-Screen-Vape-Factory-Direct-16-595x586.png 595w, https:\/\/pgvape.com\/wp-content\/uploads\/2025\/10\/pgvape-ZOOY-SHISHA-25000-25K-Puffs-Disposable-Vape-Airflow-Ajustable-with-Animated-Screen-Vape-Factory-Direct-16-400x394.png 400w, https:\/\/pgvape.com\/wp-content\/uploads\/2025\/10\/pgvape-ZOOY-SHISHA-25000-25K-Puffs-Disposable-Vape-Airflow-Ajustable-with-Animated-Screen-Vape-Factory-Direct-16-768x757.png 768w, https:\/\/pgvape.com\/wp-content\/uploads\/2025\/10\/pgvape-ZOOY-SHISHA-25000-25K-Puffs-Disposable-Vape-Airflow-Ajustable-with-Animated-Screen-Vape-Factory-Direct-16-12x12.png 12w, https:\/\/pgvape.com\/wp-content\/uploads\/2025\/10\/pgvape-ZOOY-SHISHA-25000-25K-Puffs-Disposable-Vape-Airflow-Ajustable-with-Animated-Screen-Vape-Factory-Direct-16-600x591.png 600w, https:\/\/pgvape.com\/wp-content\/uploads\/2025\/10\/pgvape-ZOOY-SHISHA-25000-25K-Puffs-Disposable-Vape-Airflow-Ajustable-with-Animated-Screen-Vape-Factory-Direct-16-100x100.png 100w, https:\/\/pgvape.com\/wp-content\/uploads\/2025\/10\/pgvape-ZOOY-SHISHA-25000-25K-Puffs-Disposable-Vape-Airflow-Ajustable-with-Animated-Screen-Vape-Factory-Direct-16-41x40.png 41w\" sizes=\"auto, (max-width: 1500px) 100vw, 1500px\" \/><\/p>\n<h3><span style=\"font-size: 90%;\">Vid\u00e9o de vape jetable ZOOY SHISHA 25000 25K Puffs<strong>\uff1a<\/strong><\/span><\/h3>\n<p>&nbsp;<\/p>\n<h2 class=\"header-vfC6AV auto-hide-last-sibling-br\">FAQ sur la vape jetable ZOOY SHISHA 25000 | 25 000 bouff\u00e9es<\/h2>\n<p data-sourcepos=\"36:1-37:117\">\u2753 <strong data-sourcepos=\"36:3-36:56\">\u201c Comment la bobine maill\u00e9e de 0,5 \u03a9 am\u00e9liore-t-elle la saveur ?<br \/>\n\u201c<\/strong> \u2705 <strong data-sourcepos=\"37:3-37:115\">\u201cLa bobine de maillage de pr\u00e9cision offre au 30% plus de surface pour un go\u00fbt plus riche et des nuages \u200b\u200b\u200b\u200bplus denses.\u201d<\/strong><\/p>\n<p data-sourcepos=\"39:1-40:116\">\u2753 <strong data-sourcepos=\"39:3-39:54\">\u201c Quelle est la particularit\u00e9 de l\u2019\u00e9cran anim\u00e9 ?<br \/>\n\u201c<\/strong> \u2705 <strong data-sourcepos=\"40:3-40:114\">\u201cAffiche le nombre de bouff\u00e9es en temps r\u00e9el, la dur\u00e9e de vie de la batterie et des graphiques \u00e9clatants pour une exp\u00e9rience engageante.\u201d<\/strong><\/p>\n<p data-sourcepos=\"42:1-43:116\">\u2753 <strong data-sourcepos=\"42:3-42:49\">\u201c Puis-je l'utiliser \u00e0 la fois pour MTL et DTL ?<br \/>\n\u201c<\/strong> \u2705 <strong data-sourcepos=\"43:3-43:114\">\u201cOui\u00a0! Le d\u00e9bit d'air r\u00e9glable vous permet de basculer instantan\u00e9ment entre des tirages MTL serr\u00e9s et des nuages \u200b\u200b\u200b\u200bDTL a\u00e9r\u00e9s. \u201d<\/strong><\/p>\n<p data-sourcepos=\"45:1-46:108\">\u2753 <strong data-sourcepos=\"45:3-45:58\">\u201c La capacit\u00e9 de 28 ml est-elle suffisante pour les gros vapoteurs ?<br \/>\n\u201c<\/strong> \u2705 <strong data-sourcepos=\"46:3-46:106\">\u201cCombin\u00e9 \u00e0 25 000 bouff\u00e9es, il est con\u00e7u pour une utilisation prolong\u00e9e sans remplacements fr\u00e9quents.\u201d<\/strong><\/p>\n<p data-sourcepos=\"48:1-49:97\">\u2753 <strong data-sourcepos=\"48:3-48:43\">\u201c\u00a0Pourquoi choisir l'option nicotine 0%\u00a0?<br \/>\n\u201c<\/strong> \u2705 <strong data-sourcepos=\"49:3-49:95\">\u201cParfait pour le vapotage ax\u00e9 sur la saveur ou pour ceux qui r\u00e9duisent progressivement leur consommation de nicotine.\u201d<\/strong><\/p>\n<p>&nbsp;<\/p>\n<h3 id=\"brxe-najhln\" class=\"brxe-heading\">Foire aux questions (FAQ)<\/h3>\n<div id=\"brxe-rajiac\" class=\"brxe-text\">\n<p><strong>Q : Quels modes de paiement acceptez-vous ?<\/strong><br \/>\nR\u00a0: Nous acceptons PayPal, Stripe, les virements bancaires (pris en charge par SEPA), les principales cartes de cr\u00e9dit (Visa, MasterCard, American Express) et les paiements en crypto-monnaie.<\/p>\n<p><strong>Q : Combien de temps prend la pr\u00e9paration d\u2019une commande ?<\/strong><br \/>\nR : La pr\u00e9paration de la commande prend 1 \u00e0 3 jours ouvrables.<\/p>\n<p><strong>Q : Quel est le d\u00e9lai de livraison ?<\/strong><br \/>\nR : Le d\u00e9lai de livraison est de 7 \u00e0 14 jours ouvrables, selon votre emplacement.<\/p>\n<p><strong>Q : Comment puis-je suivre ma commande ?<\/strong><br \/>\nR : Apr\u00e8s l'exp\u00e9dition, vous recevrez un e-mail de confirmation avec un num\u00e9ro de suivi pour un suivi en temps r\u00e9el.<\/p>\n<p><strong>Q : Quelle est votre politique de retour ?<\/strong><br \/>\nR : Nous proposons une politique de retour de 30 jours pour les remboursements ou les \u00e9changes. .<\/p>\n<p><strong>Q : Y aura-t-il des probl\u00e8mes douaniers ?<br \/>\n<\/strong>Nous prenons en charge toutes les proc\u00e9dures de d\u00e9douanement pour vous garantir une exp\u00e9rience sans tracas. .<\/p>\n<p><strong>Q : Quelles m\u00e9thodes d\u2019exp\u00e9dition sont utilis\u00e9es ?<\/strong><br \/>\nNous coop\u00e9rons avec UPS\/DHL\/FEDEX\/DPD, etc. Nous choisirons l'option d'exp\u00e9dition appropri\u00e9e en fonction du pays de livraison pour garantir que vous recevez vos produits le plus rapidement possible.<\/p>\n<p><a href=\"https:\/\/pgvape.com\/fr\/faq\/\">Cliquez ici pour plus de FAQ<\/a><\/p>\n<p>Chers clients, Si vous avez des questions concernant votre commande ou l'arriv\u00e9e des marchandises, n'h\u00e9sitez pas \u00e0 contacter notre service client. Merci !<\/p>\n<h3 data-sourcepos=\"73:1-73:21\"><strong data-sourcepos=\"73:7-73:21\">Contactez-nous<\/strong><\/h3>\n<div id=\"text-2419739398\" class=\"text\">\n<p><strong data-sourcepos=\"75:3-75:12\">E-mail<\/strong>:\u00a0<a href=\"mailto:support@pgvape.com\"><strong>support@pgvape.com<\/strong><\/a><\/p>\n<p><strong data-sourcepos=\"76:3-76:15\">WhatsApp<\/strong>: <a href=\"https:\/\/wa.me\/+8618128481258\"><strong>+86 18128481258<\/strong><\/a><br \/>\n<strong>(R\u00e9ponse sous 24h les jours ouvr\u00e9s)<\/strong><\/p>\n<\/div>\n<h3><strong>Merci d'avoir choisi pgvape.com ! .<\/strong><\/h3>\n<\/div>","protected":false},"excerpt":{"rendered":"<p><strong data-sourcepos=\"54:1-54:213\">\u201c ZOOY SHISHA 25K\u00a0: le vape jetable personnalisable ultime avec 25 000 bouff\u00e9es, une bobine de maille de 0,5 \u03a9, un d\u00e9bit d'air r\u00e9glable et 10 saveurs, aliment\u00e9 par une batterie de 650 mAh avec charge de type C. \u201d<\/strong><\/p>","protected":false},"featured_media":3332,"comment_status":"open","ping_status":"closed","template":"","meta":{"_seopress_robots_primary_cat":"none","_seopress_titles_title":"%%post_title%% %%sep%% %%sitetitle%%","_seopress_titles_desc":"","_seopress_robots_index":""},"product_brand":[516,291],"product_cat":[94,515,290],"product_tag":[96,101,300,301,90,299],"class_list":{"0":"post-3328","1":"product","2":"type-product","3":"status-publish","4":"has-post-thumbnail","6":"product_brand-disposable-vape","7":"product_brand-zooy-vape","8":"product_cat-25k-puffs-vape","9":"product_cat-disposable-vape","10":"product_cat-zooy-vape","11":"product_tag-25k-puffs","12":"product_tag-25k-vape","13":"product_tag-airflow-ajustable","14":"product_tag-animated-screen","15":"product_tag-disposable-vape","16":"product_tag-zooy-shisha-25000","18":"first","19":"instock","20":"sale","21":"shipping-taxable","22":"purchasable","23":"product-type-variable"},"_links":{"self":[{"href":"https:\/\/pgvape.com\/fr\/wp-json\/wp\/v2\/product\/3328","targetHints":{"allow":["GET"]}}],"collection":[{"href":"https:\/\/pgvape.com\/fr\/wp-json\/wp\/v2\/product"}],"about":[{"href":"https:\/\/pgvape.com\/fr\/wp-json\/wp\/v2\/types\/product"}],"replies":[{"embeddable":true,"href":"https:\/\/pgvape.com\/fr\/wp-json\/wp\/v2\/comments?post=3328"}],"wp:featuredmedia":[{"embeddable":true,"href":"https:\/\/pgvape.com\/fr\/wp-json\/wp\/v2\/media\/3332"}],"wp:attachment":[{"href":"https:\/\/pgvape.com\/fr\/wp-json\/wp\/v2\/media?parent=3328"}],"wp:term":[{"taxonomy":"product_brand","embeddable":true,"href":"https:\/\/pgvape.com\/fr\/wp-json\/wp\/v2\/product_brand?post=3328"},{"taxonomy":"product_cat","embeddable":true,"href":"https:\/\/pgvape.com\/fr\/wp-json\/wp\/v2\/product_cat?post=3328"},{"taxonomy":"product_tag","embeddable":true,"href":"https:\/\/pgvape.com\/fr\/wp-json\/wp\/v2\/product_tag?post=3328"}],"curies":[{"name":"wp","href":"https:\/\/api.w.org\/{rel}","templated":true}]}}