{"id":3230,"date":"2025-10-12T14:16:18","date_gmt":"2025-10-12T14:16:18","guid":{"rendered":"https:\/\/pgvape.com\/?post_type=product&#038;p=3230"},"modified":"2026-01-27T10:32:50","modified_gmt":"2026-01-27T10:32:50","slug":"okso-shisha-max-40000-40k-bouffees-vape-jetable-0-2-3-5-nicotine-10-gouts-avec-affichage-led-vape-direct-usine","status":"publish","type":"product","link":"https:\/\/pgvape.com\/fr\/produit\/okso-shisha-max-40000-40k-bouffees-vape-jetable-0-2-3-5-nicotine-10-gouts-avec-affichage-led-vape-direct-usine\/","title":{"rendered":"OKSO Shisha Max 40000 | 40K Puffs Vape jetable | 0% 2% 3% 5% Nicotine | 10 go\u00fbts | avec affichage LED | Vape Factory Direct"},"content":{"rendered":"<p><strong data-sourcepos=\"4:5-4:50\">OKSO Shisha Max 40K Puffs Vape jetable<\/strong> Livre <strong data-sourcepos=\"4:60-4:84\">Performances \u00e9tendues<\/strong> Avec <strong data-sourcepos=\"4:90-4:117\">40 000 bouff\u00e9es ultra longues<\/strong> Et <strong data-sourcepos=\"4:122-4:148\">Capacit\u00e9 e-liquide de 36 ml<\/strong>. <strong data-sourcepos=\"4:164-4:195\">Batterie rechargeable 800 mAh<\/strong> Et <strong data-sourcepos=\"4:200-4:218\">Bobine de maille de 0,6 \u03a9<\/strong>, il assure <strong data-sourcepos=\"4:231-4:247\">Vapeur douce<\/strong> Et <strong data-sourcepos=\"4:252-4:267\">Saveur riche<\/strong>. <strong data-sourcepos=\"4:286-4:308\">D\u00e9bit d'air r\u00e9glable<\/strong>, <strong data-sourcepos=\"4:310-4:327\">Contr\u00f4le de puissance<\/strong>, <strong data-sourcepos=\"4:329-4:344\">Affichage LED<\/strong>, Et <strong data-sourcepos=\"4:350-4:371\">S\u00e9curit\u00e9 de s\u00e9curit\u00e9 pour enfants<\/strong>. <strong data-sourcepos=\"4:386-4:408\">10 saveurs haut de gamme<\/strong> Et <strong data-sourcepos=\"4:413-4:434\">2%\/3%\/5%Nicotine<\/strong> Options, emball\u00e9es <strong data-sourcepos=\"4:453-4:466\">10 pi\u00e8ces\/bo\u00eete<\/strong> Pour la vente au d\u00e9tail\/en gros<\/p>\n<p>&nbsp;<\/p>\n<h2><span style=\"font-size: 90%;\">Sp\u00e9cifications de la vape jetable OKSO Shisha Max 40000 | 40K Puffs<\/span><\/h2>\n<p><strong data-sourcepos=\"9:3-9:17\">Nombre de bouff\u00e9es<\/strong>:\u00a0<strong data-sourcepos=\"9:19-9:35\">40 000 bouff\u00e9es<\/strong><\/p>\n<p><strong data-sourcepos=\"10:3-10:15\">Nicotine<\/strong>:\u00a0<strong data-sourcepos=\"10:17-10:41\">Options 2% \/ 3% \/ 5%<\/strong><\/p>\n<p><strong data-sourcepos=\"11:3-11:15\">E-Liquide<\/strong>:\u00a0<strong data-sourcepos=\"11:17-11:34\">Capacit\u00e9 de 36 ml<\/strong><\/p>\n<p><strong data-sourcepos=\"12:3-12:11\">Bobine<\/strong>:\u00a0<strong data-sourcepos=\"12:13-12:31\">Bobine de maille de 0,6 \u03a9<\/strong><\/p>\n<p><strong data-sourcepos=\"13:3-13:14\">Batterie<\/strong>:\u00a0<strong data-sourcepos=\"13:16-13:39\">800mAh rechargeable<\/strong><\/p>\n<p><strong data-sourcepos=\"14:3-14:15\">Chargement<\/strong>:\u00a0<strong data-sourcepos=\"14:17-14:41\">Chargement rapide de type C<\/strong><\/p>\n<p><strong data-sourcepos=\"15:3-15:14\">Afficher<\/strong>:\u00a0<strong data-sourcepos=\"15:16-15:49\">\u00c9cran LED (Batterie\/E-Liquide)<\/strong><\/p>\n<p><strong data-sourcepos=\"16:3-16:13\">S\u00e9curit\u00e9<\/strong>:\u00a0<strong data-sourcepos=\"16:15-16:37\">Fonction de verrouillage enfant<\/strong><\/p>\n<p><strong data-sourcepos=\"17:3-17:14\">Emballer<\/strong>:\u00a0<strong data-sourcepos=\"17:16-17:34\">10 appareils\/bo\u00eete<br \/>\n<\/strong><\/p>\n<p>&nbsp;<\/p>\n<h3><span style=\"font-size: 90%;\">OKSO Shisha Max 40000 | Liste des saveurs de vape jetables 40K Puffs<\/span><\/h3>\n<p>1.Deux pommes<\/p>\n<p>2. Raisin Menthe<\/p>\n<p>3. F\u00eate des cerises<\/p>\n<p>4. Glace \u00e0 la p\u00eache<\/p>\n<p>5.Amour magique<\/p>\n<p>6. Punch aux fraises<\/p>\n<p>7. Glace bleue Razz<\/p>\n<p>8. Glace luxuriante<\/p>\n<p>9. Past\u00e8que aux fraises<\/p>\n<p>10. Baies de menthe<img loading=\"lazy\" decoding=\"async\" class=\"alignnone wp-image-3243 size-full\" src=\"https:\/\/pgvape.com\/wp-content\/uploads\/2025\/10\/pgvape-OKSO-Shisha-Max-40000-40K-Puffs-Disposable-Vape-With-LED-Display-Airflow-Adjustable-Vape-Factory-Direct-10.png\" alt=\"Banni\u00e8re promotionnelle pour vape jetable OKSO Shisha affichant un grand texte \u201c 40 000 PUFFS \u201d, des dispositifs cylindriques \u00e0 affichage LED color\u00e9s sur deux rang\u00e9es avec les noms de saveurs, les bo\u00eetes de produits et les sp\u00e9cifications cl\u00e9s r\u00e9pertori\u00e9es (e-liquide de 36 ml, batterie de 800 mAh, bobine de maille de 0,6 \u03a9, rechargeable de type C).\" width=\"2000\" height=\"1000\" srcset=\"https:\/\/pgvape.com\/wp-content\/uploads\/2025\/10\/pgvape-OKSO-Shisha-Max-40000-40K-Puffs-Disposable-Vape-With-LED-Display-Airflow-Adjustable-Vape-Factory-Direct-10.png 2000w, https:\/\/pgvape.com\/wp-content\/uploads\/2025\/10\/pgvape-OKSO-Shisha-Max-40000-40K-Puffs-Disposable-Vape-With-LED-Display-Airflow-Adjustable-Vape-Factory-Direct-10-555x278.png 555w, https:\/\/pgvape.com\/wp-content\/uploads\/2025\/10\/pgvape-OKSO-Shisha-Max-40000-40K-Puffs-Disposable-Vape-With-LED-Display-Airflow-Adjustable-Vape-Factory-Direct-10-595x298.png 595w, https:\/\/pgvape.com\/wp-content\/uploads\/2025\/10\/pgvape-OKSO-Shisha-Max-40000-40K-Puffs-Disposable-Vape-With-LED-Display-Airflow-Adjustable-Vape-Factory-Direct-10-400x200.png 400w, https:\/\/pgvape.com\/wp-content\/uploads\/2025\/10\/pgvape-OKSO-Shisha-Max-40000-40K-Puffs-Disposable-Vape-With-LED-Display-Airflow-Adjustable-Vape-Factory-Direct-10-768x384.png 768w, https:\/\/pgvape.com\/wp-content\/uploads\/2025\/10\/pgvape-OKSO-Shisha-Max-40000-40K-Puffs-Disposable-Vape-With-LED-Display-Airflow-Adjustable-Vape-Factory-Direct-10-1536x768.png 1536w, https:\/\/pgvape.com\/wp-content\/uploads\/2025\/10\/pgvape-OKSO-Shisha-Max-40000-40K-Puffs-Disposable-Vape-With-LED-Display-Airflow-Adjustable-Vape-Factory-Direct-10-18x9.png 18w, https:\/\/pgvape.com\/wp-content\/uploads\/2025\/10\/pgvape-OKSO-Shisha-Max-40000-40K-Puffs-Disposable-Vape-With-LED-Display-Airflow-Adjustable-Vape-Factory-Direct-10-600x300.png 600w, https:\/\/pgvape.com\/wp-content\/uploads\/2025\/10\/pgvape-OKSO-Shisha-Max-40000-40K-Puffs-Disposable-Vape-With-LED-Display-Airflow-Adjustable-Vape-Factory-Direct-10-60x30.png 60w\" sizes=\"auto, (max-width: 2000px) 100vw, 2000px\" \/><\/p>\n<h3><\/h3>\n<h3><span style=\"font-size: 90%;\">OKSO Shisha Max 40000 40K bouff\u00e9es Vape jetable\u00a0<strong>Vid\u00e9o:<\/strong><\/span><\/h3>\n<p>&nbsp;<\/p>\n<h2 class=\"header-vfC6AV auto-hide-last-sibling-br\">FAQ sur OKSO Shisha Max 40000 | Vape jetable 40 000 bouff\u00e9es<\/h2>\n<p data-sourcepos=\"36:1-37:88\">\u2753 <strong data-sourcepos=\"36:3-36:56\">Qu'est-ce qui distingue l'OKSO Shisha Max 40K ?<br \/>\n<\/strong> \u2705 <strong data-sourcepos=\"37:3-37:86\">40 000 bouff\u00e9es de pointe avec une capacit\u00e9 de 36 ml pour une long\u00e9vit\u00e9 maximale.<\/strong><\/p>\n<p data-sourcepos=\"39:1-40:100\">\u2753 <strong data-sourcepos=\"39:3-39:54\">Comment la bobine maill\u00e9e am\u00e9liore-t-elle les performances\u00a0?<br \/>\n<\/strong> \u2705 <strong data-sourcepos=\"40:3-40:21\">Bobine de maille de 0,6 \u03a9<\/strong> Fournit <strong data-sourcepos=\"40:31-40:53\">Chauffage plus rapide 20%<\/strong> Et <strong data-sourcepos=\"40:58-40:75\">Saveur plus dense<\/strong> Que les bobines standard.**<\/p>\n<p data-sourcepos=\"42:1-43:97\">\u2753 <strong data-sourcepos=\"42:3-42:35\">L'appareil est-il convivial\u00a0?<\/strong><br \/>\n\u2705 <strong data-sourcepos=\"43:3-43:95\">Oui! .<\/strong><\/p>\n<p data-sourcepos=\"45:1-46:87\">\u2753 <strong data-sourcepos=\"45:3-45:37\">Puis-je ajuster la production de vapeur ?<\/strong><br \/>\n\u2705 <strong data-sourcepos=\"46:3-46:85\">Enti\u00e8rement personnalisable avec des param\u00e8tres de d\u00e9bit d'air et de contr\u00f4le de puissance r\u00e9glables.<\/strong><\/p>\n<p data-sourcepos=\"48:1-49:103\">\u2753 <strong data-sourcepos=\"48:3-48:37\">Pourquoi choisir un emballage de 10 pi\u00e8ces\u00a0?<br \/>\n<\/strong> \u2705 <strong data-sourcepos=\"49:3-49:101\">Id\u00e9al pour les d\u00e9taillants et les vapoteurs fr\u00e9quents \u2013 garantit la disponibilit\u00e9 des stocks et une meilleure valeur.<\/strong><\/p>\n<p>&nbsp;<\/p>\n<h3 id=\"brxe-najhln\" class=\"brxe-heading\">Foire aux questions (FAQ)<\/h3>\n<div id=\"brxe-rajiac\" class=\"brxe-text\">\n<p><strong>Q : Quels modes de paiement acceptez-vous ?<\/strong><br \/>\nR\u00a0: Nous acceptons PayPal, Stripe, les virements bancaires (pris en charge par SEPA), les principales cartes de cr\u00e9dit (Visa, MasterCard, American Express) et les paiements en crypto-monnaie.<\/p>\n<p><strong>Q : Combien de temps prend la pr\u00e9paration d\u2019une commande ?<\/strong><br \/>\nR : La pr\u00e9paration de la commande prend 1 \u00e0 3 jours ouvrables.<\/p>\n<p><strong>Q : Quel est le d\u00e9lai de livraison ?<\/strong><br \/>\nR : Le d\u00e9lai de livraison est de 7 \u00e0 14 jours ouvrables, selon votre emplacement.<\/p>\n<p><strong>Q : Comment puis-je suivre ma commande ?<\/strong><br \/>\nR : Apr\u00e8s l'exp\u00e9dition, vous recevrez un e-mail de confirmation avec un num\u00e9ro de suivi pour un suivi en temps r\u00e9el.<\/p>\n<p><strong>Q : Quelle est votre politique de retour ?<\/strong><br \/>\nR : Nous proposons une politique de retour de 30 jours pour les remboursements ou les \u00e9changes. .<\/p>\n<p><strong>Q : Y aura-t-il des probl\u00e8mes douaniers ?<br \/>\n<\/strong>Nous prenons en charge toutes les proc\u00e9dures de d\u00e9douanement pour vous garantir une exp\u00e9rience sans tracas. .<\/p>\n<p><strong>Q : Quelles m\u00e9thodes d\u2019exp\u00e9dition sont utilis\u00e9es ?<\/strong><br \/>\nNous coop\u00e9rons avec UPS\/DHL\/FEDEX\/DPD, etc. Nous choisirons l'option d'exp\u00e9dition appropri\u00e9e en fonction du pays de livraison pour garantir que vous recevez vos produits le plus rapidement possible.<\/p>\n<p><a href=\"https:\/\/pgvape.com\/fr\/faq\/\">Cliquez ici pour plus de FAQ<\/a><\/p>\n<p>Chers clients, Si vous avez des questions concernant votre commande ou l'arriv\u00e9e des marchandises, n'h\u00e9sitez pas \u00e0 contacter notre service client. Merci !<\/p>\n<h3 data-sourcepos=\"73:1-73:21\"><strong data-sourcepos=\"73:7-73:21\">Contactez-nous<\/strong><\/h3>\n<div id=\"text-2419739398\" class=\"text\">\n<p><strong data-sourcepos=\"75:3-75:12\">E-mail<\/strong>:\u00a0<a href=\"mailto:support@pgvape.com\"><strong>support@pgvape.com<\/strong><\/a><\/p>\n<p><strong data-sourcepos=\"76:3-76:15\">WhatsApp<\/strong>: <a href=\"https:\/\/wa.me\/+8618128481258\"><strong>+86 18128481258<\/strong><\/a><br \/>\n<strong>(R\u00e9ponse sous 24h les jours ouvr\u00e9s)<\/strong><\/p>\n<\/div>\n<h3><strong>Merci d'avoir choisi pgvape.com ! .<\/strong><\/h3>\n<\/div>","protected":false},"excerpt":{"rendered":"<p><strong>OKSO Shisha Max 40K Puffs VAPE jetable red\u00e9finit le VAPING personnalis\u00e9 de style narguil\u00e9<\/strong>\u00a0avec jusqu'\u00e0 40 000\u00a0<strong>BOUFF\u00c9ES<\/strong>, un 36 ml\u00a0<strong>E-LIQUIDE<\/strong>\u00a0capacit\u00e9 et une batterie rechargeable de 800 mAh\u00a0<strong>BATTERIE<\/strong>.\u00a0<strong>BOBINE de maille<\/strong>\u00a0(offre une douceur\u00a0<strong>VAPEUR<\/strong>\u00a0et audacieux\u00a0<strong>SAVEUR<\/strong>), des commandes \u00e0 double r\u00e9glage (d\u00e9bit d'air + puissance), un affichage clair\u00a0<strong>Affichage LED<\/strong>\u00a0(en temps r\u00e9el\u00a0<strong>BATTERIE<\/strong>\/<strong>E-LIQUIDE<\/strong>\u00a0suivi), charge rapide de type C, s\u00e9curit\u00e9 enfant, 2%\/3%\/5%\u00a0<strong>NICOTINE<\/strong>\u00a0points forts et 10 s\u00e9lectionn\u00e9s\u00a0<strong>SAVEURS<\/strong>\u2014 alliant performances durables, exp\u00e9rience personnalisable et s\u00e9curit\u00e9 pour les utilisateurs occasionnels et les acheteurs professionnels.<\/p>","protected":false},"featured_media":3234,"comment_status":"open","ping_status":"closed","template":"","meta":{"_seopress_robots_primary_cat":"none","_seopress_titles_title":"%%post_title%% %%sep%% %%sitetitle%%","_seopress_titles_desc":"","_seopress_robots_index":""},"product_brand":[516,282],"product_cat":[103,515,281],"product_tag":[106,107,90,289,220],"class_list":{"0":"post-3230","1":"product","2":"type-product","3":"status-publish","4":"has-post-thumbnail","6":"product_brand-disposable-vape","7":"product_brand-okso-vape","8":"product_cat-40k-puffs-vape","9":"product_cat-disposable-vape","10":"product_cat-okso-vape","11":"product_tag-40k-puffs","12":"product_tag-40k-vape","13":"product_tag-disposable-vape","14":"product_tag-okso-shisha-max-40000","15":"product_tag-with-led-display","17":"first","18":"instock","19":"sale","20":"shipping-taxable","21":"purchasable","22":"product-type-variable"},"_links":{"self":[{"href":"https:\/\/pgvape.com\/fr\/wp-json\/wp\/v2\/product\/3230","targetHints":{"allow":["GET"]}}],"collection":[{"href":"https:\/\/pgvape.com\/fr\/wp-json\/wp\/v2\/product"}],"about":[{"href":"https:\/\/pgvape.com\/fr\/wp-json\/wp\/v2\/types\/product"}],"replies":[{"embeddable":true,"href":"https:\/\/pgvape.com\/fr\/wp-json\/wp\/v2\/comments?post=3230"}],"wp:featuredmedia":[{"embeddable":true,"href":"https:\/\/pgvape.com\/fr\/wp-json\/wp\/v2\/media\/3234"}],"wp:attachment":[{"href":"https:\/\/pgvape.com\/fr\/wp-json\/wp\/v2\/media?parent=3230"}],"wp:term":[{"taxonomy":"product_brand","embeddable":true,"href":"https:\/\/pgvape.com\/fr\/wp-json\/wp\/v2\/product_brand?post=3230"},{"taxonomy":"product_cat","embeddable":true,"href":"https:\/\/pgvape.com\/fr\/wp-json\/wp\/v2\/product_cat?post=3230"},{"taxonomy":"product_tag","embeddable":true,"href":"https:\/\/pgvape.com\/fr\/wp-json\/wp\/v2\/product_tag?post=3230"}],"curies":[{"name":"wp","href":"https:\/\/api.w.org\/{rel}","templated":true}]}}