{"id":3166,"date":"2025-10-12T11:05:13","date_gmt":"2025-10-12T11:05:13","guid":{"rendered":"https:\/\/pgvape.com\/?post_type=product&#038;p=3166"},"modified":"2026-01-27T10:35:51","modified_gmt":"2026-01-27T10:35:51","slug":"okso-miroir-magique-50000-50k-bouffees-vape-jetable-0-2-3-5-nicotine-10-gouts-led-affichage-miroir-conception-vape-usine-directe","status":"publish","type":"product","link":"https:\/\/pgvape.com\/fr\/produit\/okso-miroir-magique-50000-50k-bouffees-vape-jetable-0-2-3-5-nicotine-10-gouts-led-affichage-miroir-conception-vape-usine-directe\/","title":{"rendered":"OKSO Magic Mirror 50000 | Vape jetable 50 000 bouff\u00e9es | 0% 2% 3% 5% Nicotine | 10 go\u00fbts | Conception de miroir d'affichage LED | Vape Factory Direct"},"content":{"rendered":"<p><strong data-sourcepos=\"4:5-4:54\">OKSO Magic Mirror 50000 bouff\u00e9es Vape jetable<\/strong> Livre <strong data-sourcepos=\"4:64-4:91\">Performances exceptionnelles<\/strong> Avec <strong data-sourcepos=\"4:97-4:124\">50 000 bouff\u00e9es ultra longues<\/strong> Et <strong data-sourcepos=\"4:129-4:155\">Capacit\u00e9 e-liquide de 40 ml<\/strong>. <strong data-sourcepos=\"4:171-4:202\">Batterie rechargeable 850 mAh<\/strong> Et <strong data-sourcepos=\"4:207-4:236\">Technologie de bobine \u00e0 double maille<\/strong><span class=\"CustomP_animated_char__m3r9w\">,<\/span><span class=\"CustomP_animated_char__m3r9w\">\u00a0<\/span><span class=\"CustomP_animated_char__m3r9w\">Il<\/span><span class=\"CustomP_animated_char__m3r9w\">\u00a0<\/span><span class=\"CustomP_animated_char__m3r9w\">Offres<\/span><span class=\"CustomP_animated_char__m3r9w\">\u00a0<\/span><strong data-sourcepos=\"4:248-4:266\">Saveur intense<\/strong> Et <strong data-sourcepos=\"4:271-4:297\">Production de vapeur dense<\/strong><span class=\"CustomP_animated_char__m3r9w\">.<\/span><span class=\"CustomP_animated_char__m3r9w\">\u00a0<\/span><span class=\"CustomP_animated_char__m3r9w\">Caract\u00e9ristiques<\/span><span class=\"CustomP_animated_char__m3r9w\">\u00a0<\/span><span class=\"CustomP_animated_char__m3r9w\">Inclure<\/span><span class=\"CustomP_animated_char__m3r9w\">\u00a0<\/span><strong data-sourcepos=\"4:316-4:333\">Conception de miroir<\/strong>, <strong data-sourcepos=\"4:335-4:355\">\u00c9clairage LED RVB<\/strong><span class=\"CustomP_animated_char__m3r9w\">,<\/span><span class=\"CustomP_animated_char__m3r9w\">\u00a0<\/span><strong data-sourcepos=\"4:357-4:374\">Affichage intelligent<\/strong>, Et <strong data-sourcepos=\"4:380-4:401\">S\u00e9curit\u00e9 de s\u00e9curit\u00e9 pour enfants<\/strong>. <strong data-sourcepos=\"4:416-4:438\">10 saveurs haut de gamme<\/strong> Et <strong data-sourcepos=\"4:443-4:475\">Options de nicotine 0%\/2%\/3%\/5%<\/strong>, Emball\u00e9 <strong data-sourcepos=\"4:486-4:499\">10 pi\u00e8ces\/bo\u00eete<\/strong><span class=\"CustomP_animated_char__m3r9w\">\u00a0<\/span><span class=\"CustomP_animated_char__m3r9w\">Pour<\/span><span class=\"CustomP_animated_char__m3r9w\">\u00a0<\/span><span class=\"CustomP_animated_char__m3r9w\">Vente au d\u00e9tail<\/span><span class=\"CustomP_animated_char__m3r9w\">\/<\/span><span class=\"CustomP_animated_char__m3r9w\">Wh<\/span><span class=\"CustomP_animated_char__m3r9w\">vente aux ench\u00e8res<\/span><span class=\"CustomP_animated_char__m3r9w\">.<\/span><\/p>\n<h2><span style=\"font-size: 90%;\"><br \/>\nSp\u00e9cifications de la vape jetable OKSO Magic Mirror 50000 | 50K Puffs<\/span><\/h2>\n<p><strong data-sourcepos=\"9:3-9:17\">Nombre de bouff\u00e9es<\/strong>:\u00a0<strong data-sourcepos=\"9:19-9:35\">50 000 bouff\u00e9es<\/strong><\/p>\n<p><strong data-sourcepos=\"10:3-10:15\">Nicotine<\/strong>:\u00a0<strong data-sourcepos=\"10:17-10:46\">Options 0% \/ 2% \/ 3% \/ 5%<\/strong><\/p>\n<p><strong data-sourcepos=\"11:3-11:15\">E-Liquide<\/strong>:\u00a0<strong data-sourcepos=\"11:17-11:34\">Capacit\u00e9 de 40 ml<\/strong><\/p>\n<p><strong data-sourcepos=\"12:3-12:11\">Bobine<\/strong>:\u00a0<strong data-sourcepos=\"12:13-12:31\">Bobine \u00e0 double maille<\/strong><\/p>\n<p><strong data-sourcepos=\"13:3-13:14\">Batterie<\/strong>:\u00a0<strong data-sourcepos=\"13:16-13:39\">850mAh rechargeable<\/strong><\/p>\n<p><strong data-sourcepos=\"14:3-14:15\">Chargement<\/strong>:\u00a0<strong data-sourcepos=\"14:17-14:41\">Chargement rapide de type C<\/strong><\/p>\n<p><strong data-sourcepos=\"15:3-15:23\">-C Charge rapide<\/strong><\/p>\n<p><strong data-sourcepos=\"16:3-16:14\">Afficher<\/strong>:\u00a0<strong data-sourcepos=\"16:16-16:49\">\u00c9cran LED (Batterie\/E-Liquide)<\/strong><\/p>\n<p><strong data-sourcepos=\"17:3-17:15\">\u00c9clairage<\/strong>:\u00a0<strong data-sourcepos=\"17:17-17:35\">Syst\u00e8me LED RVB<\/strong><\/p>\n<p><strong data-sourcepos=\"18:3-18:13\">S\u00e9curit\u00e9<\/strong>:\u00a0<strong data-sourcepos=\"18:15-18:37\">Fonction de verrouillage enfant<\/strong><\/p>\n<p><strong data-sourcepos=\"19:3-19:14\">Emballer<\/strong>:\u00a0<strong data-sourcepos=\"19:16-19:34\">10 appareils\/bo\u00eete<\/strong><\/p>\n<h3><span style=\"font-size: 90%;\"><br \/>\nOKSO Magic Mirror 50000 | Liste des saveurs de vape jetables 50K Puffs<\/span><\/h3>\n<p>1. Glace Razz bleue<\/p>\n<p>2. Glace luxuriante<\/p>\n<p>3. Glace aux fraises<\/p>\n<p>4. Glace au raisin<\/p>\n<p>5.Amour 66<\/p>\n<p>6.Dame Killa<\/p>\n<p>7. Glace \u00e0 la menthe<\/p>\n<p>8. Past\u00e8que aux fraises<\/p>\n<p>9.Kiwi Fruit de la Passion<\/p>\n<p>10. Baies m\u00e9lang\u00e9es<img loading=\"lazy\" decoding=\"async\" class=\"alignnone wp-image-3183 size-full\" src=\"https:\/\/pgvape.com\/wp-content\/uploads\/2025\/10\/pgvape-OKSO-Magic-Mirror-50000-50K-Puffs-Disposable-Vape-Vape-Factory-Direct-14.png\" alt=\"Publicit\u00e9 color\u00e9e pour vape OKSO \u201c Magic Mirror \u201d montrant des rang\u00e9es d&#039;appareils rectangulaires bord\u00e9s de n\u00e9on avec des illustrations de personnages et des noms de saveurs, deux appareils agrandis et une unit\u00e9 verte \u00e0 droite, un badge 500 PUFFS et des ic\u00f4nes pour une bobine \u00e0 double maille, une recharge de type C, une batterie de 850 mAh et un e-liquide de 40 ml, le tout sur un fond d&#039;espace \u00e9toil\u00e9 avec des plan\u00e8tes.\" width=\"2000\" height=\"1000\" srcset=\"https:\/\/pgvape.com\/wp-content\/uploads\/2025\/10\/pgvape-OKSO-Magic-Mirror-50000-50K-Puffs-Disposable-Vape-Vape-Factory-Direct-14.png 2000w, https:\/\/pgvape.com\/wp-content\/uploads\/2025\/10\/pgvape-OKSO-Magic-Mirror-50000-50K-Puffs-Disposable-Vape-Vape-Factory-Direct-14-555x278.png 555w, https:\/\/pgvape.com\/wp-content\/uploads\/2025\/10\/pgvape-OKSO-Magic-Mirror-50000-50K-Puffs-Disposable-Vape-Vape-Factory-Direct-14-595x298.png 595w, https:\/\/pgvape.com\/wp-content\/uploads\/2025\/10\/pgvape-OKSO-Magic-Mirror-50000-50K-Puffs-Disposable-Vape-Vape-Factory-Direct-14-400x200.png 400w, https:\/\/pgvape.com\/wp-content\/uploads\/2025\/10\/pgvape-OKSO-Magic-Mirror-50000-50K-Puffs-Disposable-Vape-Vape-Factory-Direct-14-768x384.png 768w, https:\/\/pgvape.com\/wp-content\/uploads\/2025\/10\/pgvape-OKSO-Magic-Mirror-50000-50K-Puffs-Disposable-Vape-Vape-Factory-Direct-14-1536x768.png 1536w, https:\/\/pgvape.com\/wp-content\/uploads\/2025\/10\/pgvape-OKSO-Magic-Mirror-50000-50K-Puffs-Disposable-Vape-Vape-Factory-Direct-14-18x9.png 18w, https:\/\/pgvape.com\/wp-content\/uploads\/2025\/10\/pgvape-OKSO-Magic-Mirror-50000-50K-Puffs-Disposable-Vape-Vape-Factory-Direct-14-600x300.png 600w, https:\/\/pgvape.com\/wp-content\/uploads\/2025\/10\/pgvape-OKSO-Magic-Mirror-50000-50K-Puffs-Disposable-Vape-Vape-Factory-Direct-14-60x30.png 60w\" sizes=\"auto, (max-width: 2000px) 100vw, 2000px\" \/><\/p>\n<h3><span style=\"font-size: 90%;\"><br \/>\nOKSO Magic Mirror 50000 50K bouff\u00e9es Vape jetable\u00a0<strong>Vid\u00e9o:<\/strong><\/span><\/h3>\n<p><iframe loading=\"lazy\" title=\"OKSO Magic Mirror 50K Puffs Vape jetable LED Affichage Miroir Conception | Vape Factory Direct pgvape\" width=\"563\" height=\"1000\" src=\"https:\/\/www.youtube.com\/embed\/orYkYUE5zmo?feature=oembed\" frameborder=\"0\" allow=\"accelerometer; autoplay; clipboard-write; encrypted-media; gyroscope; picture-in-picture; web-share\" referrerpolicy=\"strict-origin-when-cross-origin\" allowfullscreen><\/iframe><\/p>\n<p>&nbsp;<\/p>\n<h2 class=\"header-vfC6AV auto-hide-last-sibling-br\">FAQ sur la vape jetable OKSO Magic Mirror 50000 | 50 000 bouff\u00e9es<\/h2>\n<p data-sourcepos=\"39:1-40:88\">\u2753 <strong data-sourcepos=\"39:3-39:57\">Qu'est-ce qui rend le miroir magique OKSO 50000 unique ?<\/strong><br \/>\n\u2705 <strong data-sourcepos=\"40:3-40:86\">50 000 bouff\u00e9es de pointe avec une capacit\u00e9 de 40 ml pour une long\u00e9vit\u00e9 maximale.<\/strong><\/p>\n<p data-sourcepos=\"42:1-43:100\">\u2753 <strong data-sourcepos=\"42:3-42:59\">Comment la bobine \u00e0 double maille am\u00e9liore-t-elle les performances ?<\/strong><br \/>\n\u2705 <strong data-sourcepos=\"43:3-43:22\">Double bobines de 0,8 \u03a9<\/strong> Fournir <strong data-sourcepos=\"43:31-43:53\">30% Chauffage plus rapide<\/strong> Et <strong data-sourcepos=\"43:58-43:75\">Saveur plus riche<\/strong> Que les bobines standard.**<\/p>\n<p data-sourcepos=\"45:1-46:108\">\u2753 <strong data-sourcepos=\"45:3-45:35\">L'appareil est-il convivial\u00a0?<\/strong><br \/>\n\u2705 <strong data-sourcepos=\"46:3-46:106\">Oui! .<\/strong><\/p>\n<p data-sourcepos=\"48:1-49:105\">\u2753 <strong data-sourcepos=\"48:3-48:40\">La batterie peut-elle durer toute la journ\u00e9e ?<\/strong><br \/>\n\u2705 <strong data-sourcepos=\"49:3-49:22\">Capacit\u00e9 de 850 mAh<\/strong> Fournit <strong data-sourcepos=\"49:32-49:44\">2-3 jours<\/strong> D'utilit\u00e9; <strong data-sourcepos=\"49:53-49:72\">Chargement de type C<\/strong> Restaure rapidement la pleine puissance.**<\/p>\n<p data-sourcepos=\"51:1-52:91\">\u2753 <strong data-sourcepos=\"51:3-51:37\">Pourquoi choisir un emballage de 10 pi\u00e8ces\u00a0?<\/strong><br \/>\n\u2705 <strong data-sourcepos=\"52:3-52:89\">Id\u00e9al pour les d\u00e9taillants \u2013 Produit tr\u00e8s demand\u00e9 avec un excellent potentiel de profit.<\/strong><\/p>\n<p>&nbsp;<\/p>\n<h3 id=\"brxe-najhln\" class=\"brxe-heading\">Foire aux questions (FAQ)<\/h3>\n<div id=\"brxe-rajiac\" class=\"brxe-text\">\n<p><strong>Q : Quels modes de paiement acceptez-vous ?<\/strong><br \/>\nR\u00a0: Nous acceptons PayPal, Stripe, les virements bancaires (pris en charge par SEPA), les principales cartes de cr\u00e9dit (Visa, MasterCard, American Express) et les paiements en crypto-monnaie.<\/p>\n<p><strong>Q : Combien de temps prend la pr\u00e9paration d\u2019une commande ?<\/strong><br \/>\nR : La pr\u00e9paration de la commande prend 1 \u00e0 3 jours ouvrables.<\/p>\n<p><strong>Q : Quel est le d\u00e9lai de livraison ?<\/strong><br \/>\nR : Le d\u00e9lai de livraison est de 7 \u00e0 14 jours ouvrables, selon votre emplacement.<\/p>\n<p><strong>Q : Comment puis-je suivre ma commande ?<\/strong><br \/>\nR : Apr\u00e8s l'exp\u00e9dition, vous recevrez un e-mail de confirmation avec un num\u00e9ro de suivi pour un suivi en temps r\u00e9el.<\/p>\n<p><strong>Q : Quelle est votre politique de retour ?<\/strong><br \/>\nR : Nous proposons une politique de retour de 30 jours pour les remboursements ou les \u00e9changes. .<\/p>\n<p><strong>Q : Y aura-t-il des probl\u00e8mes douaniers ?<br \/>\n<\/strong>Nous prenons en charge toutes les proc\u00e9dures de d\u00e9douanement pour vous garantir une exp\u00e9rience sans tracas. .<\/p>\n<p><strong>Q : Quelles m\u00e9thodes d\u2019exp\u00e9dition sont utilis\u00e9es ?<\/strong><br \/>\nNous coop\u00e9rons avec UPS\/DHL\/FEDEX\/DPD, etc. Nous choisirons l'option d'exp\u00e9dition appropri\u00e9e en fonction du pays de livraison pour garantir que vous recevez vos produits le plus rapidement possible.<\/p>\n<p><a href=\"https:\/\/pgvape.com\/fr\/faq\/\">Cliquez ici pour plus de FAQ<\/a><\/p>\n<p>Chers clients, Si vous avez des questions concernant votre commande ou l'arriv\u00e9e des marchandises, n'h\u00e9sitez pas \u00e0 contacter notre service client. Merci !<\/p>\n<h3 data-sourcepos=\"73:1-73:21\"><strong data-sourcepos=\"73:7-73:21\">Contactez-nous<\/strong><\/h3>\n<div id=\"text-2419739398\" class=\"text\">\n<p><strong data-sourcepos=\"75:3-75:12\">E-mail<\/strong>:\u00a0<a href=\"mailto:support@pgvape.com\"><strong>support@pgvape.com<\/strong><\/a><\/p>\n<p><strong data-sourcepos=\"76:3-76:15\">WhatsApp<\/strong>: <a href=\"https:\/\/wa.me\/+8618128481258\"><strong>+86 18128481258<\/strong><\/a><br \/>\n<strong>(R\u00e9ponse sous 24h les jours ouvr\u00e9s)<\/strong><\/p>\n<\/div>\n<h3><strong>Merci d'avoir choisi pgvape.com ! .<\/strong><\/h3>\n<\/div>","protected":false},"excerpt":{"rendered":"<p><strong data-sourcepos=\"57:1-57:218\">\u201c\u00a0OKSO Magic Mirror 50000\u00a0:\u00a0la vape jetable haut de gamme ultime avec 50 000 bouff\u00e9es, des bobines \u00e0 double maille, une capacit\u00e9 de 40 ml et 10 saveurs, avec un design miroir, un \u00e9clairage RVB et une s\u00e9curit\u00e9 enfant.\u00a0\u201d<\/strong><\/p>","protected":false},"featured_media":3182,"comment_status":"open","ping_status":"closed","template":"","meta":{"_seopress_robots_primary_cat":"none","_seopress_titles_title":"%%post_title%% %%sep%% %%sitetitle%%","_seopress_titles_desc":"","_seopress_robots_index":""},"product_brand":[516,282],"product_cat":[61,515,281],"product_tag":[64,65,90,79,287,285,286],"class_list":{"0":"post-3166","1":"product","2":"type-product","3":"status-publish","4":"has-post-thumbnail","6":"product_brand-disposable-vape","7":"product_brand-okso-vape","8":"product_cat-50k-puffs-vape","9":"product_cat-disposable-vape","10":"product_cat-okso-vape","11":"product_tag-50k-puffs","12":"product_tag-50k-vape","13":"product_tag-disposable-vape","14":"product_tag-led-display","15":"product_tag-mirror-design","16":"product_tag-okso-magic-mirror-50000","17":"product_tag-okso-magic-mirror-vape","19":"first","20":"instock","21":"sale","22":"shipping-taxable","23":"purchasable","24":"product-type-variable"},"_links":{"self":[{"href":"https:\/\/pgvape.com\/fr\/wp-json\/wp\/v2\/product\/3166","targetHints":{"allow":["GET"]}}],"collection":[{"href":"https:\/\/pgvape.com\/fr\/wp-json\/wp\/v2\/product"}],"about":[{"href":"https:\/\/pgvape.com\/fr\/wp-json\/wp\/v2\/types\/product"}],"replies":[{"embeddable":true,"href":"https:\/\/pgvape.com\/fr\/wp-json\/wp\/v2\/comments?post=3166"}],"wp:featuredmedia":[{"embeddable":true,"href":"https:\/\/pgvape.com\/fr\/wp-json\/wp\/v2\/media\/3182"}],"wp:attachment":[{"href":"https:\/\/pgvape.com\/fr\/wp-json\/wp\/v2\/media?parent=3166"}],"wp:term":[{"taxonomy":"product_brand","embeddable":true,"href":"https:\/\/pgvape.com\/fr\/wp-json\/wp\/v2\/product_brand?post=3166"},{"taxonomy":"product_cat","embeddable":true,"href":"https:\/\/pgvape.com\/fr\/wp-json\/wp\/v2\/product_cat?post=3166"},{"taxonomy":"product_tag","embeddable":true,"href":"https:\/\/pgvape.com\/fr\/wp-json\/wp\/v2\/product_tag?post=3166"}],"curies":[{"name":"wp","href":"https:\/\/api.w.org\/{rel}","templated":true}]}}