{"id":3066,"date":"2025-10-12T07:06:17","date_gmt":"2025-10-12T07:06:17","guid":{"rendered":"https:\/\/pgvape.com\/?post_type=product&#038;p=3066"},"modified":"2026-01-27T10:38:59","modified_gmt":"2026-01-27T10:38:59","slug":"fihp-40000-40k-bouffees-double-saveurs-vape-jetable-affichage-led-intelligent-vape-usine-directe","status":"publish","type":"product","link":"https:\/\/pgvape.com\/fr\/produit\/fihp-40000-40k-bouffees-double-saveurs-vape-jetable-affichage-led-intelligent-vape-usine-directe\/","title":{"rendered":"FIHP 40000 40K bouff\u00e9es double saveurs Vape jetable affichage LED intelligent Vape usine directe"},"content":{"rendered":"<div class=\"auto-hide-last-sibling-br paragraph-JOTKXA paragraph-element br-paragraph-space\"><strong data-sourcepos=\"2:5-2:41\">Vape jetable FIHP 40000 bouff\u00e9es<\/strong> Livre <strong data-sourcepos=\"2:51-2:75\">Performances puissantes<\/strong> Avec <strong data-sourcepos=\"2:81-2:108\">40 000 bouff\u00e9es ultra longues<\/strong> Et <strong data-sourcepos=\"2:113-2:139\">Capacit\u00e9 e-liquide de 36 ml<\/strong>. <strong data-sourcepos=\"2:151-2:170\">Bobines \u00e0 double maille<\/strong>, il produit <strong data-sourcepos=\"2:184-2:199\">Saveur riche<\/strong> Et <strong data-sourcepos=\"2:204-2:220\">Nuages \u200b\u200bdenses<\/strong>. <strong data-sourcepos=\"2:226-2:257\">Batterie rechargeable 850 mAh<\/strong> Avec <strong data-sourcepos=\"2:263-2:287\">Chargement rapide de type C<\/strong> Assure <strong data-sourcepos=\"2:296-2:312\">Utilisation prolong\u00e9e<\/strong>, tandis que le <strong data-sourcepos=\"2:324-2:345\">Affichage LED intelligent<\/strong> Fournit <strong data-sourcepos=\"2:355-2:379\">Surveillance en temps r\u00e9el<\/strong>. <strong data-sourcepos=\"2:387-2:410\">Options \u00e0 deux saveurs<\/strong> \u00c0 travers <strong data-sourcepos=\"2:418-2:440\">12 saveurs haut de gamme<\/strong> Pour un <strong data-sourcepos=\"2:447-2:481\">Exp\u00e9rience de vapotage personnalisable<\/strong>.<\/div>\n<p>&nbsp;<\/p>\n<h2><span style=\"font-size: 90%;\">Sp\u00e9cifications de la vape jetable \u00e0 double saveur FIHP 40000 | 40 000 bouff\u00e9es<\/span><\/h2>\n<p><strong data-sourcepos=\"7:3-7:17\">Nombre de bouff\u00e9es<\/strong>:\u00a0<strong data-sourcepos=\"7:19-7:35\">40 000 bouff\u00e9es<\/strong><\/p>\n<p><strong data-sourcepos=\"8:3-8:15\">Nicotine<\/strong>:\u00a0<strong data-sourcepos=\"8:17-8:36\">Options 2%\/5%<\/strong><\/p>\n<p><strong data-sourcepos=\"9:3-9:15\">E-Liquide<\/strong>:\u00a0<strong data-sourcepos=\"9:17-9:34\">Capacit\u00e9 de 36 ml<\/strong><\/p>\n<p><strong data-sourcepos=\"10:3-10:11\">Bobine<\/strong>:\u00a0<strong data-sourcepos=\"10:13-10:31\">Bobine \u00e0 double maille<\/strong><\/p>\n<p><strong data-sourcepos=\"11:3-11:14\">Batterie<\/strong>:\u00a0<strong data-sourcepos=\"11:16-11:39\">850mAh rechargeable<\/strong><\/p>\n<p><strong data-sourcepos=\"12:3-12:15\">Chargement<\/strong>:\u00a0<strong data-sourcepos=\"12:17-12:41\">Chargement rapide de type C<\/strong><\/p>\n<p><strong data-sourcepos=\"13:3-13:14\">Afficher<\/strong>:\u00a0<strong data-sourcepos=\"13:16-13:49\">\u00c9cran LED (Batterie\/E-Liquide)<\/strong><\/p>\n<p><strong data-sourcepos=\"14:3-14:20\">Syst\u00e8me de saveur<\/strong>:\u00a0<strong data-sourcepos=\"14:22-14:44\">Option double saveur<\/strong><\/p>\n<h3><span style=\"font-size: 90%;\"><br \/>\nFIHP 40000 | 40K Puffs Double Saveurs Liste des saveurs de vape jetables<\/span><\/h3>\n<p>1. Glace au citron vert et \u00e0 la past\u00e8que<\/p>\n<p>2. Glace aux raisins et kiwi aux fraises<\/p>\n<p>3.Ananas, noix de coco et fraise-banane<\/p>\n<p>4. Past\u00e8que \u00e0 la mangue et \u00e0 l'orange et glace Red Bull<\/p>\n<p>5.Glace aux bleuets et cerise p\u00e9tillante<\/p>\n<p>6. Glace \u00e0 la p\u00eache et baies m\u00e9lang\u00e9es<\/p>\n<p>7.Double glace aux pommes et amour 666<\/p>\n<p>8. Glace aux fraises, framboises, cerises et fraises<\/p>\n<p>9.Limonade Blue Razz et glace au cola aux cerises<\/p>\n<p>10. Glace p\u00eache, mangue, ananas et cerise<\/p>\n<p>11. Black Dragon Ice &amp; Kiwi Fruit de la Passion Goyave<\/p>\n<p>12. Pomme aigre-framboise et fraise cerise<img loading=\"lazy\" decoding=\"async\" class=\"alignnone wp-image-3074 size-full\" src=\"https:\/\/pgvape.com\/wp-content\/uploads\/2025\/10\/pgvape-FIHP-40000-40K-Puffs-Double-Flavors-Disposable-Flavor-Vape-2-5-Nicotine-12Tastes-Vape-Factory-Direct-5.png\" alt=\"Pr\u00e9sentation de dispositifs de vapotage jetables FiHP color\u00e9s dans des corps rectangulaires pastel pr\u00e9sentant des illustrations de personnages de dessins anim\u00e9s et des noms de saveurs, dispos\u00e9s en rang\u00e9es sous le logo FiHP et un titre &#039; 40 000 bouff\u00e9es double saveur &#039; avec des ic\u00f4nes de sp\u00e9cifications.\" width=\"1200\" height=\"1821\" srcset=\"https:\/\/pgvape.com\/wp-content\/uploads\/2025\/10\/pgvape-FIHP-40000-40K-Puffs-Double-Flavors-Disposable-Flavor-Vape-2-5-Nicotine-12Tastes-Vape-Factory-Direct-5.png 1200w, https:\/\/pgvape.com\/wp-content\/uploads\/2025\/10\/pgvape-FIHP-40000-40K-Puffs-Double-Flavors-Disposable-Flavor-Vape-2-5-Nicotine-12Tastes-Vape-Factory-Direct-5-237x360.png 237w, https:\/\/pgvape.com\/wp-content\/uploads\/2025\/10\/pgvape-FIHP-40000-40K-Puffs-Double-Flavors-Disposable-Flavor-Vape-2-5-Nicotine-12Tastes-Vape-Factory-Direct-5-595x903.png 595w, https:\/\/pgvape.com\/wp-content\/uploads\/2025\/10\/pgvape-FIHP-40000-40K-Puffs-Double-Flavors-Disposable-Flavor-Vape-2-5-Nicotine-12Tastes-Vape-Factory-Direct-5-264x400.png 264w, https:\/\/pgvape.com\/wp-content\/uploads\/2025\/10\/pgvape-FIHP-40000-40K-Puffs-Double-Flavors-Disposable-Flavor-Vape-2-5-Nicotine-12Tastes-Vape-Factory-Direct-5-768x1165.png 768w, https:\/\/pgvape.com\/wp-content\/uploads\/2025\/10\/pgvape-FIHP-40000-40K-Puffs-Double-Flavors-Disposable-Flavor-Vape-2-5-Nicotine-12Tastes-Vape-Factory-Direct-5-1012x1536.png 1012w, https:\/\/pgvape.com\/wp-content\/uploads\/2025\/10\/pgvape-FIHP-40000-40K-Puffs-Double-Flavors-Disposable-Flavor-Vape-2-5-Nicotine-12Tastes-Vape-Factory-Direct-5-8x12.png 8w, https:\/\/pgvape.com\/wp-content\/uploads\/2025\/10\/pgvape-FIHP-40000-40K-Puffs-Double-Flavors-Disposable-Flavor-Vape-2-5-Nicotine-12Tastes-Vape-Factory-Direct-5-600x911.png 600w, https:\/\/pgvape.com\/wp-content\/uploads\/2025\/10\/pgvape-FIHP-40000-40K-Puffs-Double-Flavors-Disposable-Flavor-Vape-2-5-Nicotine-12Tastes-Vape-Factory-Direct-5-26x40.png 26w\" sizes=\"auto, (max-width: 1200px) 100vw, 1200px\" \/><\/p>\n<h3><span style=\"font-size: 90%;\">FIHP 40000 | 40K Puffs Double Saveurs Vape jetable Vid\u00e9o\u00a0:<\/span><\/h3>\n<p><iframe loading=\"lazy\" title=\"FIHP 40000 | 40K Puffs Double Saveurs Vape jetable Affichage LED intelligent | Vape Factory Direct pgvape\" width=\"1020\" height=\"574\" src=\"https:\/\/www.youtube.com\/embed\/InCy8mERutM?feature=oembed\" frameborder=\"0\" allow=\"accelerometer; autoplay; clipboard-write; encrypted-media; gyroscope; picture-in-picture; web-share\" referrerpolicy=\"strict-origin-when-cross-origin\" allowfullscreen><\/iframe><\/p>\n<p>&nbsp;<\/p>\n<h2 class=\"header-vfC6AV auto-hide-last-sibling-br\">FAQ sur la vape jetable \u00e0 double saveur FIHP 40000 | 40 000 bouff\u00e9es<\/h2>\n<p data-sourcepos=\"35:1-36:78\">\u2753 <strong data-sourcepos=\"35:3-35:47\">Qu'est-ce qui distingue le FIHP 40000\u00a0?<\/strong><br \/>\n\u2705 <strong data-sourcepos=\"36:3-36:19\">40 000 bouff\u00e9es<\/strong> Et <strong data-sourcepos=\"36:24-36:46\">Syst\u00e8me \u00e0 double saveur<\/strong> Pour <strong data-sourcepos=\"36:51-36:75\">Vari\u00e9t\u00e9 durable<\/strong>.<\/p>\n<p data-sourcepos=\"38:1-39:81\">\u2753 <strong data-sourcepos=\"38:3-38:54\">Comment la bobine \u00e0 double maille am\u00e9liore-t-elle le vapotage ?<\/strong><br \/>\n\u2705 <strong data-sourcepos=\"39:3-39:17\">Double bobines<\/strong> Fournir <strong data-sourcepos=\"39:26-39:44\">Des tirages plus fluides<\/strong> Et <strong data-sourcepos=\"39:49-39:78\">30% Plus d'intensit\u00e9 de saveur<\/strong>.<\/p>\n<p data-sourcepos=\"41:1-42:82\">\u2753 <strong data-sourcepos=\"41:3-41:39\">La batterie est-elle longue dur\u00e9e\u00a0?<\/strong><br \/>\n\u2705 <strong data-sourcepos=\"42:3-42:22\">Capacit\u00e9 de 850 mAh<\/strong> Offres <strong data-sourcepos=\"42:30-42:42\">2-3 jours<\/strong> \u00c0 utiliser avec <strong data-sourcepos=\"42:55-42:79\">Chargement rapide de type C<\/strong>.<\/p>\n<p data-sourcepos=\"44:1-45:83\">\u2753 <strong data-sourcepos=\"44:3-44:39\">Puis-je suivre les niveaux d\u2019e-liquide ?<\/strong><br \/>\n\u2705 <strong data-sourcepos=\"45:3-45:29\">Oui!<\/strong> Spectacles <strong data-sourcepos=\"45:36-45:57\">Batterie en temps r\u00e9el<\/strong> Et <strong data-sourcepos=\"45:62-45:80\">Statut du jus \u00e9lectronique<\/strong>.<\/p>\n<p data-sourcepos=\"47:1-48:72\">\u2753 <strong data-sourcepos=\"47:3-47:41\">Pourquoi choisir l'option double saveur\u00a0?<\/strong><br \/>\n\u2705 <strong data-sourcepos=\"48:3-48:28\">Changer ou m\u00e9langer les saveurs<\/strong> Pour un <strong data-sourcepos=\"48:35-48:69\">Exp\u00e9rience de vapotage personnalis\u00e9e<\/strong>.<\/p>\n<p>&nbsp;<\/p>\n<h3 id=\"brxe-najhln\" class=\"brxe-heading\">Foire aux questions (FAQ)<\/h3>\n<div id=\"brxe-rajiac\" class=\"brxe-text\">\n<p><strong>Q : Quels modes de paiement acceptez-vous ?<\/strong><br \/>\nR\u00a0: Nous acceptons PayPal, Stripe, les virements bancaires (pris en charge par SEPA), les principales cartes de cr\u00e9dit (Visa, MasterCard, American Express) et les paiements en crypto-monnaie.<\/p>\n<p><strong>Q : Combien de temps prend la pr\u00e9paration d\u2019une commande ?<\/strong><br \/>\nR : La pr\u00e9paration de la commande prend 1 \u00e0 3 jours ouvrables.<\/p>\n<p><strong>Q : Quel est le d\u00e9lai de livraison ?<\/strong><br \/>\nR : Le d\u00e9lai de livraison est de 7 \u00e0 14 jours ouvrables, selon votre emplacement.<\/p>\n<p><strong>Q : Comment puis-je suivre ma commande ?<\/strong><br \/>\nR : Apr\u00e8s l'exp\u00e9dition, vous recevrez un e-mail de confirmation avec un num\u00e9ro de suivi pour un suivi en temps r\u00e9el.<\/p>\n<p><strong>Q : Quelle est votre politique de retour ?<\/strong><br \/>\nR : Nous proposons une politique de retour de 30 jours pour les remboursements ou les \u00e9changes. .<\/p>\n<p><strong>Q : Y aura-t-il des probl\u00e8mes douaniers ?<br \/>\n<\/strong>Nous prenons en charge toutes les proc\u00e9dures de d\u00e9douanement pour vous garantir une exp\u00e9rience sans tracas. .<\/p>\n<p><strong>Q : Quelles m\u00e9thodes d\u2019exp\u00e9dition sont utilis\u00e9es ?<\/strong><br \/>\nNous coop\u00e9rons avec UPS\/DHL\/FEDEX\/DPD, etc. Nous choisirons l'option d'exp\u00e9dition appropri\u00e9e en fonction du pays de livraison pour garantir que vous recevez vos produits le plus rapidement possible.<\/p>\n<p><a href=\"https:\/\/pgvape.com\/fr\/faq\/\">Cliquez ici pour plus de FAQ<\/a><\/p>\n<p>Chers clients, Si vous avez des questions concernant votre commande ou l'arriv\u00e9e des marchandises, n'h\u00e9sitez pas \u00e0 contacter notre service client. Merci !<\/p>\n<h3 data-sourcepos=\"73:1-73:21\"><strong data-sourcepos=\"73:7-73:21\">Contactez-nous<\/strong><\/h3>\n<div id=\"text-2419739398\" class=\"text\">\n<p><strong data-sourcepos=\"75:3-75:12\">E-mail<\/strong>:\u00a0<a href=\"mailto:support@pgvape.com\"><strong>support@pgvape.com<\/strong><\/a><\/p>\n<p><strong data-sourcepos=\"76:3-76:15\">WhatsApp<\/strong>: <a href=\"https:\/\/wa.me\/+8618128481258\"><strong>+86 18128481258<\/strong><\/a><br \/>\n<strong>(R\u00e9ponse sous 24h les jours ouvr\u00e9s)<\/strong><\/p>\n<\/div>\n<h3><strong>Merci d'avoir choisi pgvape.com ! .<\/strong><\/h3>\n<\/div>","protected":false},"excerpt":{"rendered":"<p><strong data-sourcepos=\"53:1-53:212\">\u201c\u00a0FIHP 40000\u00a0:\u00a0la vape jetable ultime \u00e0 double saveur avec 40 000 bouff\u00e9es, une capacit\u00e9 de 36 ml et 12 saveurs haut de gamme, aliment\u00e9e par une batterie de 850\u00a0mAh et des bobines \u00e0 double maille pour des nuages \u200b\u200briches et lisses.\u00a0\u201d<\/strong><\/p>","protected":false},"featured_media":3070,"comment_status":"open","ping_status":"closed","template":"","meta":{"_seopress_robots_primary_cat":"none","_seopress_titles_title":"%%post_title%% %%sep%% %%sitetitle%%","_seopress_titles_desc":"","_seopress_robots_index":""},"product_brand":[516,275],"product_cat":[103,515,274],"product_tag":[106,107,90,278,276,277,143],"class_list":{"0":"post-3066","1":"product","2":"type-product","3":"status-publish","4":"has-post-thumbnail","6":"product_brand-disposable-vape","7":"product_brand-fihp-vape","8":"product_cat-40k-puffs-vape","9":"product_cat-disposable-vape","10":"product_cat-fihp-vape","11":"product_tag-40k-puffs","12":"product_tag-40k-vape","13":"product_tag-disposable-vape","14":"product_tag-double-flavors","15":"product_tag-fihp-40000","16":"product_tag-fihp-vape","17":"product_tag-smart-led-display","19":"first","20":"instock","21":"sale","22":"shipping-taxable","23":"purchasable","24":"product-type-variable"},"_links":{"self":[{"href":"https:\/\/pgvape.com\/fr\/wp-json\/wp\/v2\/product\/3066","targetHints":{"allow":["GET"]}}],"collection":[{"href":"https:\/\/pgvape.com\/fr\/wp-json\/wp\/v2\/product"}],"about":[{"href":"https:\/\/pgvape.com\/fr\/wp-json\/wp\/v2\/types\/product"}],"replies":[{"embeddable":true,"href":"https:\/\/pgvape.com\/fr\/wp-json\/wp\/v2\/comments?post=3066"}],"wp:featuredmedia":[{"embeddable":true,"href":"https:\/\/pgvape.com\/fr\/wp-json\/wp\/v2\/media\/3070"}],"wp:attachment":[{"href":"https:\/\/pgvape.com\/fr\/wp-json\/wp\/v2\/media?parent=3066"}],"wp:term":[{"taxonomy":"product_brand","embeddable":true,"href":"https:\/\/pgvape.com\/fr\/wp-json\/wp\/v2\/product_brand?post=3066"},{"taxonomy":"product_cat","embeddable":true,"href":"https:\/\/pgvape.com\/fr\/wp-json\/wp\/v2\/product_cat?post=3066"},{"taxonomy":"product_tag","embeddable":true,"href":"https:\/\/pgvape.com\/fr\/wp-json\/wp\/v2\/product_tag?post=3066"}],"curies":[{"name":"wp","href":"https:\/\/api.w.org\/{rel}","templated":true}]}}