{"id":3041,"date":"2025-10-11T14:14:39","date_gmt":"2025-10-11T14:14:39","guid":{"rendered":"https:\/\/pgvape.com\/?post_type=product&#038;p=3041"},"modified":"2026-01-27T10:40:13","modified_gmt":"2026-01-27T10:40:13","slug":"atv-warship-60000-60k-bouffees-4-en-1-saveurs-vape-jetable-4-saveurs-reglables-5-nicotine-6-gouts-avec-ecran-daffichage-vape-usine-directe","status":"publish","type":"product","link":"https:\/\/pgvape.com\/fr\/produit\/atv-warship-60000-60k-bouffees-4-en-1-saveurs-vape-jetable-4-saveurs-reglables-5-nicotine-6-gouts-avec-ecran-daffichage-vape-usine-directe\/","title":{"rendered":"ATVS Warship 60000 | 60 000 bouff\u00e9es 4 en 1 saveurs Vape jetable | 4 saveurs r\u00e9glables | 5% Nicotine | 6 go\u00fbts| avec \u00e9cran d'affichage | Vape Factory Direct"},"content":{"rendered":"<div class=\"auto-hide-last-sibling-br paragraph-JOTKXA paragraph-element br-paragraph-space\"><strong data-sourcepos=\"2:5-2:49\">Vape jetable ATVS WARSHIP 60000 bouff\u00e9es<\/strong> Livre <strong data-sourcepos=\"2:59-2:83\">Polyvalence ultime<\/strong> Avec <strong data-sourcepos=\"2:89-2:116\">4 saveurs dans un seul appareil<\/strong> Et <strong data-sourcepos=\"2:121-2:148\">60 000 bouff\u00e9es ultra longues<\/strong>. <strong data-sourcepos=\"2:161-2:185\">Bobines de maille quadruples de 1,0 \u03a9<\/strong> Et <strong data-sourcepos=\"2:190-2:214\">Force nicotinique 5%<\/strong>, il produit <strong data-sourcepos=\"2:228-2:243\">Vapeur dense<\/strong> Et <strong data-sourcepos=\"2:248-2:266\">Saveur intense<\/strong>. <strong data-sourcepos=\"2:285-2:309\">Affichage d'\u00e9cran intelligent<\/strong>, <strong data-sourcepos=\"2:311-2:335\">Chargement rapide de type C<\/strong>, Et <strong data-sourcepos=\"2:341-2:367\">Capacit\u00e9 e-liquide de 36 ml<\/strong>. <strong data-sourcepos=\"2:378-2:390\">6 pi\u00e8ces\/bo\u00eete<\/strong> Avec <strong data-sourcepos=\"2:396-2:429\">6 combinaisons de saveurs haut de gamme<\/strong><span class=\"CustomP_animated_char__m3r9w\">\u00a0<\/span><span class=\"CustomP_animated_char__m3r9w\">Pour<\/span><span class=\"CustomP_animated_char__m3r9w\">\u00a0<\/span><span class=\"CustomP_animated_char__m3r9w\">Vente au d\u00e9tail<\/span><span class=\"CustomP_animated_char__m3r9w\">\/<\/span><span class=\"CustomP_animated_char__m3r9w\">Wh<\/span><span class=\"CustomP_animated_char__m3r9w\">vente aux ench\u00e8res<\/span><span class=\"CustomP_animated_char__m3r9w\">.<\/span><\/div>\n<p>&nbsp;<\/p>\n<h2><span style=\"font-size: 90%;\">ATVS Warship 60000 | 60k Puffs 4 en 1 Saveurs Vape jetable Sp\u00e9cifications<\/span><\/h2>\n<p><strong data-sourcepos=\"7:3-7:17\">Nombre de bouff\u00e9es<\/strong>:\u00a0<strong data-sourcepos=\"7:19-7:35\">60 000 bouff\u00e9es<\/strong><\/p>\n<p><strong data-sourcepos=\"8:3-8:15\">Nicotine<\/strong>:\u00a0<strong data-sourcepos=\"8:17-8:32\">Force 5%<\/strong><\/p>\n<p><strong data-sourcepos=\"9:3-9:15\">E-Liquide<\/strong>:\u00a0<strong data-sourcepos=\"9:17-9:34\">Capacit\u00e9 de 36 ml<\/strong><\/p>\n<p><strong data-sourcepos=\"10:3-10:11\">Bobine<\/strong>:\u00a0<strong data-sourcepos=\"10:13-10:34\">Bobines de maille 1,0\u03a9 \u00d7 4<\/strong><\/p>\n<p><strong data-sourcepos=\"11:3-11:14\">Batterie<\/strong>:\u00a0<strong data-sourcepos=\"11:16-11:39\">650mAh rechargeable<\/strong><\/p>\n<p><strong data-sourcepos=\"12:3-12:15\">Chargement<\/strong>:\u00a0<strong data-sourcepos=\"12:17-12:41\">Chargement rapide de type C<\/strong><\/p>\n<p><strong data-sourcepos=\"13:3-13:14\">Afficher<\/strong>:\u00a0<strong data-sourcepos=\"13:16-13:51\">\u00c9cran intelligent (Batterie\/E-Liquide)<\/strong><\/p>\n<p><strong data-sourcepos=\"14:3-14:20\">Syst\u00e8me de saveur<\/strong>:\u00a0<strong data-sourcepos=\"14:22-14:51\">Saveurs r\u00e9glables 4 en 1<\/strong><\/p>\n<p><strong data-sourcepos=\"15:3-15:14\">Emballer<\/strong>:\u00a0<strong data-sourcepos=\"15:16-15:33\">6 appareils\/bo\u00eete<\/strong><\/p>\n<p>&nbsp;<\/p>\n<h3><span style=\"font-size: 90%;\">ATVS Warship 60000 | 60k Puffs 4 en 1 Saveurs Liste des saveurs de vape jetables<\/span><\/h3>\n<p>1. Glace au citron, menthe et fraise, glace aux myrtilles et past\u00e8que \u00e0 la fraise<\/p>\n<p>2. Glace au cola et glace aux raisins et glace \u00e0 la p\u00eache et glace \u00e0 la past\u00e8que<\/p>\n<p>3.Blue Razz Ice &amp; Rainbow Sugar &amp; Ananas Mangue &amp; Myrtille Framboise Cerise<\/p>\n<p>4. Cola aux cerises p\u00e9tillantes et m\u00e9lange de baies, de fraises, de kiwi et de bubble-gum \u00e0 la past\u00e8que<\/p>\n<p>5. Glace aux pommes et glace \u00e0 la goyave et glace \u00e0 la mangue et glace au cantaloup<\/p>\n<p>6. Glace \u00e0 la banane, Red Bull, fruits m\u00e9lang\u00e9s et citron vert<br \/>\n<img loading=\"lazy\" decoding=\"async\" class=\"alignnone wp-image-3054 size-full\" src=\"https:\/\/pgvape.com\/wp-content\/uploads\/2025\/10\/pgvape-ATVS-WARSHIP-60000-60k-Puffs-4-in-1-Flavors-Disposable-Vape-With-Screen-Display-Vape-Factory-Direct-11.png\" alt=\"Graphique promotionnel intitul\u00e9 &quot; ONE DEVICE FOUR FLAVORS &quot; montrant six appareils de vape cylindriques color\u00e9s dispos\u00e9s dans une grille 3x2, chacun associ\u00e9 \u00e0 de petites illustrations de fruits et de boissons et des listes de noms de saveurs tels que menthe citron, glace \u00e0 la fraise, myrtille, glace \u00e0 la pomme, mangue, cola, p\u00eache, past\u00e8que, baies m\u00e9lang\u00e9es, glace \u00e0 la banane et mangue ananas.\" width=\"1000\" height=\"677\" srcset=\"https:\/\/pgvape.com\/wp-content\/uploads\/2025\/10\/pgvape-ATVS-WARSHIP-60000-60k-Puffs-4-in-1-Flavors-Disposable-Vape-With-Screen-Display-Vape-Factory-Direct-11.png 1000w, https:\/\/pgvape.com\/wp-content\/uploads\/2025\/10\/pgvape-ATVS-WARSHIP-60000-60k-Puffs-4-in-1-Flavors-Disposable-Vape-With-Screen-Display-Vape-Factory-Direct-11-532x360.png 532w, https:\/\/pgvape.com\/wp-content\/uploads\/2025\/10\/pgvape-ATVS-WARSHIP-60000-60k-Puffs-4-in-1-Flavors-Disposable-Vape-With-Screen-Display-Vape-Factory-Direct-11-595x403.png 595w, https:\/\/pgvape.com\/wp-content\/uploads\/2025\/10\/pgvape-ATVS-WARSHIP-60000-60k-Puffs-4-in-1-Flavors-Disposable-Vape-With-Screen-Display-Vape-Factory-Direct-11-400x271.png 400w, https:\/\/pgvape.com\/wp-content\/uploads\/2025\/10\/pgvape-ATVS-WARSHIP-60000-60k-Puffs-4-in-1-Flavors-Disposable-Vape-With-Screen-Display-Vape-Factory-Direct-11-768x520.png 768w, https:\/\/pgvape.com\/wp-content\/uploads\/2025\/10\/pgvape-ATVS-WARSHIP-60000-60k-Puffs-4-in-1-Flavors-Disposable-Vape-With-Screen-Display-Vape-Factory-Direct-11-18x12.png 18w, https:\/\/pgvape.com\/wp-content\/uploads\/2025\/10\/pgvape-ATVS-WARSHIP-60000-60k-Puffs-4-in-1-Flavors-Disposable-Vape-With-Screen-Display-Vape-Factory-Direct-11-600x406.png 600w, https:\/\/pgvape.com\/wp-content\/uploads\/2025\/10\/pgvape-ATVS-WARSHIP-60000-60k-Puffs-4-in-1-Flavors-Disposable-Vape-With-Screen-Display-Vape-Factory-Direct-11-60x40.png 60w\" sizes=\"auto, (max-width: 1000px) 100vw, 1000px\" \/><\/p>\n<p>&nbsp;<\/p>\n<h3><span style=\"font-size: 90%;\">ATVS Warship 60000 | 60k Puffs 4 en 1 Saveurs Vape jetable Vid\u00e9o\u00a0:<\/span><\/h3>\n<p><iframe loading=\"lazy\" title=\"ATVS Warship 60k Puffs 4 en 1 Saveurs Vape jetable | 4 saveurs r\u00e9glables | \u00c9cran d&#039;affichage pgvape\" width=\"563\" height=\"1000\" src=\"https:\/\/www.youtube.com\/embed\/_5U7mH9pKws?feature=oembed\" frameborder=\"0\" allow=\"accelerometer; autoplay; clipboard-write; encrypted-media; gyroscope; picture-in-picture; web-share\" referrerpolicy=\"strict-origin-when-cross-origin\" allowfullscreen><\/iframe><\/p>\n<p>&nbsp;<\/p>\n<h2 class=\"header-vfC6AV auto-hide-last-sibling-br\">FAQ sur l'ATVS Warship 60000 | 60 000 bouff\u00e9es 4 en 1, saveurs vape jetable<\/h2>\n<p data-sourcepos=\"30:1-31:85\">\u2753 <strong data-sourcepos=\"30:3-30:52\">Qu'est-ce qui rend le nombre de 60 000 bouff\u00e9es sp\u00e9cial\u00a0?<\/strong><br \/>\n\u2705 <strong data-sourcepos=\"31:3-31:32\">Capacit\u00e9 de pointe<\/strong> \u2013 Dure <strong data-sourcepos=\"31:41-31:56\">4 \u00e0 5 fois plus longtemps<\/strong> Que les produits jetables standards.<\/p>\n<p data-sourcepos=\"33:1-34:87\">\u2753 <strong data-sourcepos=\"33:3-33:50\">Comment fonctionne le syst\u00e8me de saveurs 4 en 1\u00a0?<br \/>\n<\/strong> \u2705 <strong data-sourcepos=\"34:3-34:85\">Basculez instantan\u00e9ment entre quatre saveurs premium avec des commandes simples.<\/strong><\/p>\n<p data-sourcepos=\"36:1-37:77\">\u2753 <strong data-sourcepos=\"36:3-36:41\">La nicotine 5% est-elle trop forte ?<\/strong><br \/>\n\u2705 <strong data-sourcepos=\"37:3-37:75\">Parfait pour les vapoteurs exp\u00e9riment\u00e9s \u00e0 la recherche de puissants coups de gorge.<\/strong><\/p>\n<p data-sourcepos=\"39:1-40:83\">\u2753 <strong data-sourcepos=\"39:3-39:42\">Puis-je surveiller les statistiques d\u2019utilisation\u00a0?<\/strong><br \/>\n\u2705 <strong data-sourcepos=\"40:3-40:19\">\u00c9cran intelligent<\/strong> Spectacles <strong data-sourcepos=\"40:26-40:55\">Niveaux d'e-liquide en temps r\u00e9el<\/strong> Et <strong data-sourcepos=\"40:60-40:78\">\u00c9tat de la batterie<\/strong>.**<\/p>\n<p data-sourcepos=\"42:1-43:84\">\u2753 <strong data-sourcepos=\"42:3-42:38\">Pourquoi choisir des bobines Quad Mesh\u00a0?<\/strong><br \/>\n\u2705 <strong data-sourcepos=\"43:3-43:22\">Quatre bobines de 1,0 \u03a9<\/strong> Assurer <strong data-sourcepos=\"43:30-43:46\">Chauffage uniforme<\/strong> Et <strong data-sourcepos=\"43:51-43:79\">Livraison de saveurs am\u00e9lior\u00e9e<\/strong>.**<\/p>\n<p>&nbsp;<\/p>\n<h3 id=\"brxe-najhln\" class=\"brxe-heading\">Foire aux questions (FAQ)<\/h3>\n<div id=\"brxe-rajiac\" class=\"brxe-text\">\n<p><strong>Q : Quels modes de paiement acceptez-vous ?<\/strong><br \/>\nR\u00a0: Nous acceptons PayPal, Stripe, les virements bancaires (pris en charge par SEPA), les principales cartes de cr\u00e9dit (Visa, MasterCard, American Express) et les paiements en crypto-monnaie.<\/p>\n<p><strong>Q : Combien de temps prend la pr\u00e9paration d\u2019une commande ?<\/strong><br \/>\nR : La pr\u00e9paration de la commande prend 1 \u00e0 3 jours ouvrables.<\/p>\n<p><strong>Q : Quel est le d\u00e9lai de livraison ?<\/strong><br \/>\nR : Le d\u00e9lai de livraison est de 7 \u00e0 14 jours ouvrables, selon votre emplacement.<\/p>\n<p><strong>Q : Comment puis-je suivre ma commande ?<\/strong><br \/>\nR : Apr\u00e8s l'exp\u00e9dition, vous recevrez un e-mail de confirmation avec un num\u00e9ro de suivi pour un suivi en temps r\u00e9el.<\/p>\n<p><strong>Q : Quelle est votre politique de retour ?<\/strong><br \/>\nR : Nous proposons une politique de retour de 30 jours pour les remboursements ou les \u00e9changes. .<\/p>\n<p><strong>Q : Y aura-t-il des probl\u00e8mes douaniers ?<br \/>\n<\/strong>Nous prenons en charge toutes les proc\u00e9dures de d\u00e9douanement pour vous garantir une exp\u00e9rience sans tracas. .<\/p>\n<p><strong>Q : Quelles m\u00e9thodes d\u2019exp\u00e9dition sont utilis\u00e9es ?<\/strong><br \/>\nNous coop\u00e9rons avec UPS\/DHL\/FEDEX\/DPD, etc. Nous choisirons l'option d'exp\u00e9dition appropri\u00e9e en fonction du pays de livraison pour garantir que vous recevez vos produits le plus rapidement possible.<\/p>\n<p><a href=\"https:\/\/pgvape.com\/fr\/faq\/\">Cliquez ici pour plus de FAQ<\/a><\/p>\n<p>Chers clients, Si vous avez des questions concernant votre commande ou l'arriv\u00e9e des marchandises, n'h\u00e9sitez pas \u00e0 contacter notre service client. Merci !<\/p>\n<h3 data-sourcepos=\"73:1-73:21\"><strong data-sourcepos=\"73:7-73:21\">Contactez-nous<\/strong><\/h3>\n<div id=\"text-2419739398\" class=\"text\">\n<p><strong data-sourcepos=\"75:3-75:12\">E-mail<\/strong>:\u00a0<a href=\"mailto:support@pgvape.com\"><strong>support@pgvape.com<\/strong><\/a><\/p>\n<p><strong data-sourcepos=\"76:3-76:15\">WhatsApp<\/strong>: <a href=\"https:\/\/wa.me\/+8618128481258\"><strong>+86 18128481258<\/strong><\/a><br \/>\n<strong>(R\u00e9ponse sous 24h les jours ouvr\u00e9s)<\/strong><\/p>\n<\/div>\n<h3><strong>Merci d'avoir choisi pgvape.com ! .<\/strong><\/h3>\n<\/div>","protected":false},"excerpt":{"rendered":"<p><strong data-sourcepos=\"48:1-48:235\">\u201c\u00a0ATVS WARSHIP 60000\u00a0:\u00a0la vape jetable ultime \u00e0 saveur 4 en 1 avec 60 000 bouff\u00e9es, une capacit\u00e9 de 36 ml et 6 combinaisons de saveurs, dot\u00e9e d'un \u00e9cran intelligent, d'une charge de type C et de nicotine 5% pour une satisfaction intense.\u201d<\/strong><\/p>","protected":false},"featured_media":3056,"comment_status":"open","ping_status":"closed","template":"","meta":{"_seopress_robots_primary_cat":"none","_seopress_titles_title":"%%post_title%% %%sep%% %%sitetitle%%","_seopress_titles_desc":"","_seopress_robots_index":""},"product_brand":[261,516],"product_cat":[48,260,515],"product_tag":[158,53,51,52,272,269,90,273],"class_list":{"0":"post-3041","1":"product","2":"type-product","3":"status-publish","4":"has-post-thumbnail","6":"product_brand-atvs-vape","7":"product_brand-disposable-vape","8":"product_cat-60k-puffs-vape","9":"product_cat-atvs-vape","10":"product_cat-disposable-vape","11":"product_tag-4-adjustable-flavors","12":"product_tag-4-in-1-flavors","13":"product_tag-60k-puffs","14":"product_tag-60k-vape","15":"product_tag-atvs-warship-60000","16":"product_tag-atvs-warship-vape","17":"product_tag-disposable-vape","18":"product_tag-with-screen-display","20":"first","21":"instock","22":"sale","23":"shipping-taxable","24":"purchasable","25":"product-type-variable"},"_links":{"self":[{"href":"https:\/\/pgvape.com\/fr\/wp-json\/wp\/v2\/product\/3041","targetHints":{"allow":["GET"]}}],"collection":[{"href":"https:\/\/pgvape.com\/fr\/wp-json\/wp\/v2\/product"}],"about":[{"href":"https:\/\/pgvape.com\/fr\/wp-json\/wp\/v2\/types\/product"}],"replies":[{"embeddable":true,"href":"https:\/\/pgvape.com\/fr\/wp-json\/wp\/v2\/comments?post=3041"}],"wp:featuredmedia":[{"embeddable":true,"href":"https:\/\/pgvape.com\/fr\/wp-json\/wp\/v2\/media\/3056"}],"wp:attachment":[{"href":"https:\/\/pgvape.com\/fr\/wp-json\/wp\/v2\/media?parent=3041"}],"wp:term":[{"taxonomy":"product_brand","embeddable":true,"href":"https:\/\/pgvape.com\/fr\/wp-json\/wp\/v2\/product_brand?post=3041"},{"taxonomy":"product_cat","embeddable":true,"href":"https:\/\/pgvape.com\/fr\/wp-json\/wp\/v2\/product_cat?post=3041"},{"taxonomy":"product_tag","embeddable":true,"href":"https:\/\/pgvape.com\/fr\/wp-json\/wp\/v2\/product_tag?post=3041"}],"curies":[{"name":"wp","href":"https:\/\/api.w.org\/{rel}","templated":true}]}}