{"id":2963,"date":"2025-10-11T11:48:34","date_gmt":"2025-10-11T11:48:34","guid":{"rendered":"https:\/\/pgvape.com\/?post_type=product&#038;p=2963"},"modified":"2026-01-27T10:41:38","modified_gmt":"2026-01-27T10:41:38","slug":"atvs-30000-30k-bouffees-vape-jetable-dtl-mtl-avec-debit-dair-reglable-vape-direct-usine","status":"publish","type":"product","link":"https:\/\/pgvape.com\/fr\/produit\/atvs-30000-30k-bouffees-vape-jetable-dtl-mtl-avec-debit-dair-reglable-vape-direct-usine\/","title":{"rendered":"ATVS 30000 30K Puffs Vape jetable DTL\/MTL avec d\u00e9bit d'air r\u00e9glable Vape Direct usine"},"content":{"rendered":"<div class=\"auto-hide-last-sibling-br paragraph-JOTKXA paragraph-element br-paragraph-space\"><strong data-sourcepos=\"2:5-2:49\">ATVS 30000 bouff\u00e9es DTL\/MTL Vape jetable<\/strong> Livre <strong data-sourcepos=\"2:59-2:84\">Polyvalence in\u00e9gal\u00e9e<\/strong> Avec <strong data-sourcepos=\"2:90-2:117\">30 000 bouff\u00e9es ultra longues<\/strong> Et <strong data-sourcepos=\"2:122-2:141\">40 W \u00e0 haut rendement<\/strong>. <strong data-sourcepos=\"2:153-2:175\">D\u00e9bit d'air r\u00e9glable<\/strong> Pour <strong data-sourcepos=\"2:180-2:198\">Styles DTL\/MTL<\/strong>, <strong data-sourcepos=\"2:200-2:218\">Bobine \u00e0 double maille<\/strong>, Et <strong data-sourcepos=\"2:224-2:256\">Batterie rechargeable 1000 mAh<\/strong>, il produit <strong data-sourcepos=\"2:270-2:286\">Vapeur douce<\/strong> Et <strong data-sourcepos=\"2:291-2:306\">Saveur riche<\/strong>. <strong data-sourcepos=\"2:312-2:332\">\u00c9cran LCD intelligent<\/strong> Pistes <strong data-sourcepos=\"2:340-2:351\">Batterie<\/strong>, <strong data-sourcepos=\"2:353-2:364\">Puissance<\/strong>, Et <strong data-sourcepos=\"2:370-2:389\">Niveaux de e-liquide<\/strong>, Alors que <strong data-sourcepos=\"2:397-2:421\">Chargement rapide de type C<\/strong> Assure des mises sous tension rapides. <strong data-sourcepos=\"2:460-2:482\">14 saveurs haut de gamme<\/strong> Avec <strong data-sourcepos=\"2:488-2:514\">Options de nicotine 2%\/5%<\/strong>.<\/div>\n<p>&nbsp;<\/p>\n<h2><span style=\"font-size: 90%;\">Sp\u00e9cifications de la vape jetable ATVS 30000 | 30 000 bouff\u00e9es<\/span><\/h2>\n<p><strong data-sourcepos=\"7:3-7:17\">Nombre de bouff\u00e9es<\/strong>:\u00a0<strong data-sourcepos=\"7:19-7:35\">30 000 bouff\u00e9es<\/strong><\/p>\n<p><strong data-sourcepos=\"8:3-8:15\">Nicotine<\/strong>:\u00a0<strong data-sourcepos=\"8:17-8:36\">Options 2%\/5%<\/strong><\/p>\n<p><strong data-sourcepos=\"9:3-9:15\">E-Liquide<\/strong>:\u00a0<strong data-sourcepos=\"9:17-9:34\">Capacit\u00e9 de 30 ml<\/strong><\/p>\n<p><strong data-sourcepos=\"10:3-10:14\">Batterie<\/strong>:\u00a0<strong data-sourcepos=\"10:16-10:40\">1000mAh rechargeable<\/strong><\/p>\n<p><strong data-sourcepos=\"11:3-11:13\">Sortir<\/strong>:\u00a0<strong data-sourcepos=\"11:15-11:33\">40 W haute puissance<\/strong><\/p>\n<p><strong data-sourcepos=\"12:3-12:17\">R\u00e9sistance<\/strong>:\u00a0<strong data-sourcepos=\"12:19-12:55\">0,4\u03a9 \/ 0,8\u03a9 (DTL\/MTL r\u00e9glable)<\/strong><\/p>\n<p><strong data-sourcepos=\"13:3-13:11\">Bobine<\/strong>:\u00a0<strong data-sourcepos=\"13:13-13:31\">Bobine \u00e0 double maille<\/strong><\/p>\n<p><strong data-sourcepos=\"14:3-14:15\">Chargement<\/strong>:\u00a0<strong data-sourcepos=\"14:17-14:41\">Chargement rapide de type C<\/strong><\/p>\n<p><strong data-sourcepos=\"15:3-15:14\">Afficher<\/strong>:\u00a0<strong data-sourcepos=\"15:16-15:57\">\u00c9cran LCD (Batterie\/Puissance\/E-Liquide)<\/strong><\/p>\n<p><strong data-sourcepos=\"16:3-16:14\">Flux d'air<\/strong>:\u00a0<strong data-sourcepos=\"16:16-16:46\">R\u00e9glable (modes DTL\/MTL)<\/strong><\/p>\n<p><strong data-sourcepos=\"17:3-17:14\">Emballer<\/strong>:\u00a0<strong data-sourcepos=\"17:16-17:35\">Unit\u00e9 individuelle<\/strong><\/p>\n<h3><span style=\"font-size: 90%;\"><br \/>\nListe des saveurs de vape jetables ATVS 30000 | 30 000 bouff\u00e9es<\/span><\/h3>\n<p>1. Glace \u00e0 l'ananas<\/p>\n<p>2. Glace \u00e0 la mangue<\/p>\n<p>3. Glace \u00e0 la banane<\/p>\n<p>4. Fruits m\u00e9lang\u00e9s<\/p>\n<p>5. Glace aux bleuets<\/p>\n<p>6. Glace \u00e0 la goyave<\/p>\n<p>7. Yakult<\/p>\n<p>8. Glace \u00e0 la past\u00e8que<\/p>\n<p>9. Glace au litchi<\/p>\n<p>10. Glace \u00e0 la menthe<\/p>\n<p>11.Cola Glace<\/p>\n<p>12. Glace aux raisins<\/p>\n<p>13. Glace aux fraises<\/p>\n<p>14. Past\u00e8que aux fraises<img loading=\"lazy\" decoding=\"async\" class=\"alignnone wp-image-2985 size-full\" src=\"https:\/\/pgvape.com\/wp-content\/uploads\/2025\/10\/pgvape-ATVS-30000-30K-Puffs-DTLMTL-Disposable-Vape-Adjustable-Airflow-Vape-Factory-Direct-19.png\" alt=\"Grille de cartes de produits color\u00e9es sous le titre Diverses saveurs \u00e0 choisir, montrant deux rang\u00e9es de bo\u00eetes de saveurs \u00e9tiquet\u00e9es\u00a0: glace \u00e0 l&#039;ananas, glace \u00e0 la mangue, glace \u00e0 la banane, fruits m\u00e9lang\u00e9s, glace aux myrtilles, glace \u00e0 la goyave, Yakult, glace \u00e0 la past\u00e8que, glace au litchi, glace \u00e0 la menthe, glace au cola, glace au raisin, glace aux fraises et past\u00e8que aux fraises - chaque carte contenant une petite image d&#039;appareil rectangulaire et des illustrations de fruits assorties.\" width=\"2000\" height=\"885\" srcset=\"https:\/\/pgvape.com\/wp-content\/uploads\/2025\/10\/pgvape-ATVS-30000-30K-Puffs-DTLMTL-Disposable-Vape-Adjustable-Airflow-Vape-Factory-Direct-19.png 2000w, https:\/\/pgvape.com\/wp-content\/uploads\/2025\/10\/pgvape-ATVS-30000-30K-Puffs-DTLMTL-Disposable-Vape-Adjustable-Airflow-Vape-Factory-Direct-19-555x246.png 555w, https:\/\/pgvape.com\/wp-content\/uploads\/2025\/10\/pgvape-ATVS-30000-30K-Puffs-DTLMTL-Disposable-Vape-Adjustable-Airflow-Vape-Factory-Direct-19-595x263.png 595w, https:\/\/pgvape.com\/wp-content\/uploads\/2025\/10\/pgvape-ATVS-30000-30K-Puffs-DTLMTL-Disposable-Vape-Adjustable-Airflow-Vape-Factory-Direct-19-400x177.png 400w, https:\/\/pgvape.com\/wp-content\/uploads\/2025\/10\/pgvape-ATVS-30000-30K-Puffs-DTLMTL-Disposable-Vape-Adjustable-Airflow-Vape-Factory-Direct-19-768x340.png 768w, https:\/\/pgvape.com\/wp-content\/uploads\/2025\/10\/pgvape-ATVS-30000-30K-Puffs-DTLMTL-Disposable-Vape-Adjustable-Airflow-Vape-Factory-Direct-19-1536x680.png 1536w, https:\/\/pgvape.com\/wp-content\/uploads\/2025\/10\/pgvape-ATVS-30000-30K-Puffs-DTLMTL-Disposable-Vape-Adjustable-Airflow-Vape-Factory-Direct-19-18x8.png 18w, https:\/\/pgvape.com\/wp-content\/uploads\/2025\/10\/pgvape-ATVS-30000-30K-Puffs-DTLMTL-Disposable-Vape-Adjustable-Airflow-Vape-Factory-Direct-19-600x266.png 600w, https:\/\/pgvape.com\/wp-content\/uploads\/2025\/10\/pgvape-ATVS-30000-30K-Puffs-DTLMTL-Disposable-Vape-Adjustable-Airflow-Vape-Factory-Direct-19-60x27.png 60w\" sizes=\"auto, (max-width: 2000px) 100vw, 2000px\" \/><\/p>\n<h3><span style=\"font-size: 20.16px;\">Vid\u00e9o sur la vape jetable ATVS 30000 30K Puffs DTL\/MTL<\/span><strong style=\"font-size: 20.16px;\">\uff1a<\/strong><\/h3>\n<p><iframe loading=\"lazy\" title=\"ATVS 30K Puffs Vape jetable DTL\/MTL D\u00e9bit d&#039;air r\u00e9glable \u00c9cran intelligent Vape Factory Direct pgvape\" width=\"1020\" height=\"574\" src=\"https:\/\/www.youtube.com\/embed\/y_aTjoXEX3E?feature=oembed\" frameborder=\"0\" allow=\"accelerometer; autoplay; clipboard-write; encrypted-media; gyroscope; picture-in-picture; web-share\" referrerpolicy=\"strict-origin-when-cross-origin\" allowfullscreen><\/iframe><\/p>\n<p>&nbsp;<\/p>\n<h2 class=\"header-vfC6AV auto-hide-last-sibling-br\">FAQ sur l'ATVS 30000 | Vape jetable 30 000 bouff\u00e9es<\/h2>\n<p data-sourcepos=\"40:1-41:116\">\u2753 <strong data-sourcepos=\"40:3-40:48\">Qu'est-ce qui rend la conception DTL\/MTL unique\u00a0?<\/strong><br \/>\n\u2705 <strong data-sourcepos=\"41:3-41:25\">D\u00e9bit d'air r\u00e9glable<\/strong> Et <strong data-sourcepos=\"41:30-41:61\">Double r\u00e9sistance (0,4 \u03a9\/0,8 \u03a9)<\/strong> Soutien <strong data-sourcepos=\"41:70-41:106\">Direct-poumon et bouche-\u00e0-poumon<\/strong> Styles.<\/p>\n<p data-sourcepos=\"43:1-44:107\">\u2753 <strong data-sourcepos=\"43:3-43:50\">Comment la puissance de 40 W am\u00e9liore-t-elle le vapotage ?<\/strong><br \/>\n\u2705 <strong data-sourcepos=\"44:3-44:19\">Puissance sup\u00e9rieure<\/strong> Livre <strong data-sourcepos=\"44:29-44:46\">Des nuages \u200b\u200bplus denses<\/strong> Et <strong data-sourcepos=\"44:51-44:75\">Des coups de gorge plus forts<\/strong> Pour <strong data-sourcepos=\"44:80-44:104\">Satisfaction intense<\/strong>.<\/p>\n<p data-sourcepos=\"46:1-47:97\">\u2753 <strong data-sourcepos=\"46:3-46:47\">La batterie de 1 000 mAh est-elle durable ?<\/strong><br \/>\n\u2705 <strong data-sourcepos=\"47:3-47:11\">Oui!<\/strong> Fournit <strong data-sourcepos=\"47:21-47:33\">2-3 jours<\/strong> \u00c0 utiliser avec <strong data-sourcepos=\"47:46-47:70\">Chargement rapide de type C<\/strong> Pour un r\u00e9approvisionnement rapide.<\/p>\n<p data-sourcepos=\"49:1-50:73\">\u2753 <strong data-sourcepos=\"49:3-49:50\">Puis-je surveiller la puissance et le e-liquide\u00a0?<\/strong><br \/>\n\u2705 <strong data-sourcepos=\"50:3-50:17\">\u00c9cran LCD<\/strong> Affichages <strong data-sourcepos=\"50:27-50:46\">Statistiques en temps r\u00e9el<\/strong> Pour <strong data-sourcepos=\"50:51-50:70\">Contr\u00f4le pr\u00e9cis<\/strong>.<\/p>\n<p data-sourcepos=\"52:1-53:81\">\u2753 <strong data-sourcepos=\"52:3-52:38\">Pourquoi choisir des bobines \u00e0 double maille\u00a0?<\/strong><br \/>\n\u2705 <strong data-sourcepos=\"53:3-53:30\">Clart\u00e9 de saveur am\u00e9lior\u00e9e<\/strong> Et <strong data-sourcepos=\"53:35-53:53\">Vapeur plus douce<\/strong> Par rapport aux bobines simples.<\/p>\n<p data-sourcepos=\"55:1-56:85\">\u2753 <strong data-sourcepos=\"55:3-55:43\">Les 14 saveurs sont-elles glac\u00e9es ou sucr\u00e9es ?<\/strong><br \/>\n\u2705 <strong data-sourcepos=\"56:3-56:12\">Les deux!<\/strong> Comprend <strong data-sourcepos=\"56:22-56:32\">Fruit\u00e9<\/strong>, <strong data-sourcepos=\"56:34-56:45\">Menthol<\/strong>, Et <strong data-sourcepos=\"56:51-56:82\">M\u00e9langes uniques (comme Yakult)<\/strong>.<\/p>\n<p>&nbsp;<\/p>\n<h3 id=\"brxe-najhln\" class=\"brxe-heading\">Foire aux questions (FAQ)<\/h3>\n<div id=\"brxe-rajiac\" class=\"brxe-text\">\n<p><strong>Q : Quels modes de paiement acceptez-vous ?<\/strong><br \/>\nR\u00a0: Nous acceptons PayPal, Stripe, les virements bancaires (pris en charge par SEPA), les principales cartes de cr\u00e9dit (Visa, MasterCard, American Express) et les paiements en crypto-monnaie.<\/p>\n<p><strong>Q : Combien de temps prend la pr\u00e9paration d\u2019une commande ?<\/strong><br \/>\nR : La pr\u00e9paration de la commande prend 1 \u00e0 3 jours ouvrables.<\/p>\n<p><strong>Q : Quel est le d\u00e9lai de livraison ?<\/strong><br \/>\nR : Le d\u00e9lai de livraison est de 7 \u00e0 14 jours ouvrables, selon votre emplacement.<\/p>\n<p><strong>Q : Comment puis-je suivre ma commande ?<\/strong><br \/>\nR : Apr\u00e8s l'exp\u00e9dition, vous recevrez un e-mail de confirmation avec un num\u00e9ro de suivi pour un suivi en temps r\u00e9el.<\/p>\n<p><strong>Q : Quelle est votre politique de retour ?<\/strong><br \/>\nR : Nous proposons une politique de retour de 30 jours pour les remboursements ou les \u00e9changes. .<\/p>\n<p><strong>Q : Y aura-t-il des probl\u00e8mes douaniers ?<br \/>\n<\/strong>Nous prenons en charge toutes les proc\u00e9dures de d\u00e9douanement pour vous garantir une exp\u00e9rience sans tracas. .<\/p>\n<p><strong>Q : Quelles m\u00e9thodes d\u2019exp\u00e9dition sont utilis\u00e9es ?<\/strong><br \/>\nNous coop\u00e9rons avec UPS\/DHL\/FEDEX\/DPD, etc. Nous choisirons l'option d'exp\u00e9dition appropri\u00e9e en fonction du pays de livraison pour garantir que vous recevez vos produits le plus rapidement possible.<\/p>\n<p><a href=\"https:\/\/pgvape.com\/fr\/faq\/\">Cliquez ici pour plus de FAQ<\/a><\/p>\n<p>Chers clients, Si vous avez des questions concernant votre commande ou l'arriv\u00e9e des marchandises, n'h\u00e9sitez pas \u00e0 contacter notre service client. Merci !<\/p>\n<h3 data-sourcepos=\"73:1-73:21\"><strong data-sourcepos=\"73:7-73:21\">Contactez-nous<\/strong><\/h3>\n<div id=\"text-2419739398\" class=\"text\">\n<p><strong data-sourcepos=\"75:3-75:12\">E-mail<\/strong>:\u00a0<a href=\"mailto:support@pgvape.com\"><strong>support@pgvape.com<\/strong><\/a><\/p>\n<p><strong data-sourcepos=\"76:3-76:15\">WhatsApp<\/strong>: <a href=\"https:\/\/wa.me\/+8618128481258\"><strong>+86 18128481258<\/strong><\/a><br \/>\n<strong>(R\u00e9ponse sous 24h les jours ouvr\u00e9s)<\/strong><\/p>\n<\/div>\n<h3><strong>Merci d'avoir choisi pgvape.com ! .<\/strong><\/h3>\n<\/div>","protected":false},"excerpt":{"rendered":"<p><strong data-sourcepos=\"61:1-61:221\">\u201c\u00a0ATVS 30000\u00a0:\u00a0la vape jetable DTL\/MTL ultime avec 30 000 bouff\u00e9es, une puissance de 40 W et 14 saveurs, dot\u00e9e d'un d\u00e9bit d'air r\u00e9glable, d'un \u00e9cran LCD intelligent et d'une batterie de 1 000 mAh pour une chasse aux nuages \u200b\u200bpersonnalis\u00e9e.\u201d<\/strong><\/p>","protected":false},"featured_media":2967,"comment_status":"open","ping_status":"closed","template":"","meta":{"_seopress_robots_primary_cat":"none","_seopress_titles_title":"%%post_title%% %%sep%% %%sitetitle%%","_seopress_titles_desc":"","_seopress_robots_index":""},"product_brand":[261,516],"product_cat":[35,260,515],"product_tag":[38,134,268,265,90,263,267,266],"class_list":{"0":"post-2963","1":"product","2":"type-product","3":"status-publish","4":"has-post-thumbnail","6":"product_brand-atvs-vape","7":"product_brand-disposable-vape","8":"product_cat-30k-puffs-vape","9":"product_cat-atvs-vape","10":"product_cat-disposable-vape","11":"product_tag-30k-puffs","12":"product_tag-30k-vape","13":"product_tag-atvs-30000","14":"product_tag-atvs-vape","15":"product_tag-disposable-vape","16":"product_tag-dtl-mtl","17":"product_tag-smart-lcd-screen","18":"product_tag-with-adjustable-airflow","20":"first","21":"instock","22":"sale","23":"shipping-taxable","24":"purchasable","25":"product-type-variable"},"_links":{"self":[{"href":"https:\/\/pgvape.com\/fr\/wp-json\/wp\/v2\/product\/2963","targetHints":{"allow":["GET"]}}],"collection":[{"href":"https:\/\/pgvape.com\/fr\/wp-json\/wp\/v2\/product"}],"about":[{"href":"https:\/\/pgvape.com\/fr\/wp-json\/wp\/v2\/types\/product"}],"replies":[{"embeddable":true,"href":"https:\/\/pgvape.com\/fr\/wp-json\/wp\/v2\/comments?post=2963"}],"wp:featuredmedia":[{"embeddable":true,"href":"https:\/\/pgvape.com\/fr\/wp-json\/wp\/v2\/media\/2967"}],"wp:attachment":[{"href":"https:\/\/pgvape.com\/fr\/wp-json\/wp\/v2\/media?parent=2963"}],"wp:term":[{"taxonomy":"product_brand","embeddable":true,"href":"https:\/\/pgvape.com\/fr\/wp-json\/wp\/v2\/product_brand?post=2963"},{"taxonomy":"product_cat","embeddable":true,"href":"https:\/\/pgvape.com\/fr\/wp-json\/wp\/v2\/product_cat?post=2963"},{"taxonomy":"product_tag","embeddable":true,"href":"https:\/\/pgvape.com\/fr\/wp-json\/wp\/v2\/product_tag?post=2963"}],"curies":[{"name":"wp","href":"https:\/\/api.w.org\/{rel}","templated":true}]}}