{"id":2806,"date":"2025-10-10T13:42:18","date_gmt":"2025-10-10T13:42:18","guid":{"rendered":"https:\/\/pgvape.com\/?post_type=product&#038;p=2806"},"modified":"2026-03-30T05:27:18","modified_gmt":"2026-03-30T05:27:18","slug":"fizzy-twins-50000-50k-bouffees-double-saveurs-vape-jetable-2-5-nicotine-12-gouts-affichage-led-intelligent-vape-usine-directe","status":"publish","type":"product","link":"https:\/\/pgvape.com\/fr\/produit\/fizzy-twins-50000-50k-bouffees-double-saveurs-vape-jetable-2-5-nicotine-12-gouts-affichage-led-intelligent-vape-usine-directe\/","title":{"rendered":"Fizzy Twins 50000 | Vape jetable double saveurs 50 000 bouff\u00e9es | 2% 5% Nicotine | 12 go\u00fbts | Affichage LED intelligent | Vape Factory Direct"},"content":{"rendered":"<p><strong data-sourcepos=\"2:5-2:54\">Vape jetable \u00e0 double saveur Twins 50000 Puffs<\/strong> red\u00e9finit le vapotage avec <strong data-sourcepos=\"2:77-2:104\">50 000 bouff\u00e9es ultra-longues<\/strong> et un <strong data-sourcepos=\"2:111-2:136\">Syst\u00e8me \u00e0 double r\u00e9servoir de 50 ml<\/strong>. <strong data-sourcepos=\"2:148-2:167\">bobines \u00e0 double maille<\/strong> pour <strong data-sourcepos=\"2:172-2:190\">vapeur plus douce<\/strong> et <strong data-sourcepos=\"2:195-2:212\">saveur plus riche<\/strong>, cela vous permet <strong data-sourcepos=\"2:226-2:256\">basculer entre deux saveurs<\/strong> sans effort. <strong data-sourcepos=\"2:286-2:301\">Mode normal<\/strong> pour des tirages fluides ou <strong data-sourcepos=\"2:322-2:336\">Mode Boost<\/strong> pour les nuages \u200b\u200bintenses. <strong data-sourcepos=\"2:361-2:378\">affichage intelligent<\/strong> pistes <strong data-sourcepos=\"2:386-2:405\">double niveau d'huile<\/strong>, tandis que le <strong data-sourcepos=\"2:417-2:448\">Batterie rechargeable de 850 mAh<\/strong> avec <strong data-sourcepos=\"2:454-2:473\">Chargement de type C<\/strong> assure <strong data-sourcepos=\"2:482-2:499\">puissance toute la journ\u00e9e<\/strong>. <strong data-sourcepos=\"2:514-2:540\">12 combinaisons de saveurs<\/strong> avec <strong data-sourcepos=\"2:546-2:567\">Nicotine 2% ou 5%<\/strong>, c'est parfait pour les vapoteurs qui ont envie <strong data-sourcepos=\"2:603-2:614\">vari\u00e9t\u00e9<\/strong> et <strong data-sourcepos=\"2:619-2:634\">performance<\/strong>.<\/p>\n<p>&nbsp;<\/p>\n<h2><span style=\"font-size: 90%;\">Sp\u00e9cifications de la vape jetable Fizzy Twins 50000 50k Puffs double saveurs<\/span><\/h2>\n<p><strong data-sourcepos=\"7:3-7:17\">Nombre de bouff\u00e9es<\/strong>:\u00a0<strong data-sourcepos=\"7:19-7:35\">50 000 bouff\u00e9es<\/strong><\/p>\n<p><strong data-sourcepos=\"8:3-8:15\">Nicotine<\/strong>:\u00a0<strong data-sourcepos=\"8:17-8:38\">Force 2% ou 5%<\/strong><\/p>\n<p><strong data-sourcepos=\"9:3-9:15\">E-Liquide<\/strong>:\u00a0<strong data-sourcepos=\"9:17-9:44\">50 ml (syst\u00e8me \u00e0 double r\u00e9servoir)<\/strong><\/p>\n<p><strong data-sourcepos=\"10:3-10:11\">Bobine<\/strong>:\u00a0<strong data-sourcepos=\"10:13-10:32\">Bobines \u00e0 double maille<\/strong><\/p>\n<p><strong data-sourcepos=\"11:3-11:14\">Batterie<\/strong>:\u00a0<strong data-sourcepos=\"11:16-11:39\">850 mAh rechargeable<\/strong><\/p>\n<p><strong data-sourcepos=\"12:3-12:15\">Chargement<\/strong>:\u00a0<strong data-sourcepos=\"12:17-12:41\">Chargement rapide de type C<\/strong><\/p>\n<p><strong data-sourcepos=\"13:3-13:14\">Afficher<\/strong>:\u00a0<strong data-sourcepos=\"13:16-13:42\">Double contr\u00f4leur de niveau d'huile<\/strong><\/p>\n<p><strong data-sourcepos=\"14:3-14:12\">Modes<\/strong>:\u00a0<strong data-sourcepos=\"14:14-14:37\">Mode normal\/boost<\/strong><\/p>\n<p><strong data-sourcepos=\"15:3-15:14\">Saveurs<\/strong>:\u00a0<strong data-sourcepos=\"15:16-15:35\">12 duos dynamiques<\/strong><\/p>\n<p><strong data-sourcepos=\"16:3-16:14\">Emballer<\/strong>:\u00a0<strong data-sourcepos=\"16:16-16:34\">10 appareils\/bo\u00eete<\/strong><\/p>\n<p>&nbsp;<\/p>\n<h3><span style=\"font-size: 90%;\">Fizzy Twins 50000 50k Puffs Liste des saveurs de vape jetables \u00e0 double saveur<\/span><\/h3>\n<p>1. Glace \u00e0 la past\u00e8que et kiwi aux fraises<\/p>\n<p>2. Fraise Kiwi Grenade &amp; Red Bull<\/p>\n<p>3. Glace aux bleuets, noix de coco et raisin<\/p>\n<p>4. Limonade Blue Razz et triple melon<\/p>\n<p>5. Glace aux fraises, past\u00e8que et myrtille<\/p>\n<p>6.P\u00eache Mangue Past\u00e8que &amp; Fraise Banane<\/p>\n<p>7.Framboise, past\u00e8que et kiwi, fruit de la passion, goyave<\/p>\n<p>8.Ananas P\u00eache Fruit de la Passion &amp; Myrtille Framboise<\/p>\n<p>9. Glace \u00e0 la past\u00e8que et citron vert<\/p>\n<p>10. Glace m\u00e9lang\u00e9e aux baies et aux p\u00eaches<\/p>\n<p>11. Glace aux fraises et cerise p\u00e9tillante<\/p>\n<p>12.Limonade aux framboises et glace aux fraises<br \/>\n<img loading=\"lazy\" decoding=\"async\" class=\"alignnone wp-image-2824 size-full\" src=\"https:\/\/pgvape.com\/wp-content\/uploads\/2025\/10\/pgvape-Fizzy-Twins-50000-50k-Puffs-Dual-Flavors-Disposable-Vape-2-5-Nicotine-12Tastes-Smart-LED-Display-Vape-Factory-Direct-16.png\" alt=\"Affiche pr\u00e9sentant douze appareils de vapotage \u00e0 double r\u00e9servoir Fizzy Twins de 5\u00a0000 bouff\u00e9es num\u00e9rot\u00e9s dans des couleurs vives, chacun \u00e9tiquet\u00e9 avec diff\u00e9rentes combinaisons de saveurs et de petites ic\u00f4nes de fruits et de glace, avec une banni\u00e8re faisant la promotion du double r\u00e9servoir X2 et des fonctions de changement de saveur et de d\u00e9bit d&#039;air r\u00e9glable.\" width=\"1015\" height=\"1920\" srcset=\"https:\/\/pgvape.com\/wp-content\/uploads\/2025\/10\/pgvape-Fizzy-Twins-50000-50k-Puffs-Dual-Flavors-Disposable-Vape-2-5-Nicotine-12Tastes-Smart-LED-Display-Vape-Factory-Direct-16.png 1015w, https:\/\/pgvape.com\/wp-content\/uploads\/2025\/10\/pgvape-Fizzy-Twins-50000-50k-Puffs-Dual-Flavors-Disposable-Vape-2-5-Nicotine-12Tastes-Smart-LED-Display-Vape-Factory-Direct-16-190x360.png 190w, https:\/\/pgvape.com\/wp-content\/uploads\/2025\/10\/pgvape-Fizzy-Twins-50000-50k-Puffs-Dual-Flavors-Disposable-Vape-2-5-Nicotine-12Tastes-Smart-LED-Display-Vape-Factory-Direct-16-541x1024.png 541w, https:\/\/pgvape.com\/wp-content\/uploads\/2025\/10\/pgvape-Fizzy-Twins-50000-50k-Puffs-Dual-Flavors-Disposable-Vape-2-5-Nicotine-12Tastes-Smart-LED-Display-Vape-Factory-Direct-16-211x400.png 211w, https:\/\/pgvape.com\/wp-content\/uploads\/2025\/10\/pgvape-Fizzy-Twins-50000-50k-Puffs-Dual-Flavors-Disposable-Vape-2-5-Nicotine-12Tastes-Smart-LED-Display-Vape-Factory-Direct-16-768x1453.png 768w, https:\/\/pgvape.com\/wp-content\/uploads\/2025\/10\/pgvape-Fizzy-Twins-50000-50k-Puffs-Dual-Flavors-Disposable-Vape-2-5-Nicotine-12Tastes-Smart-LED-Display-Vape-Factory-Direct-16-812x1536.png 812w, https:\/\/pgvape.com\/wp-content\/uploads\/2025\/10\/pgvape-Fizzy-Twins-50000-50k-Puffs-Dual-Flavors-Disposable-Vape-2-5-Nicotine-12Tastes-Smart-LED-Display-Vape-Factory-Direct-16-6x12.png 6w, https:\/\/pgvape.com\/wp-content\/uploads\/2025\/10\/pgvape-Fizzy-Twins-50000-50k-Puffs-Dual-Flavors-Disposable-Vape-2-5-Nicotine-12Tastes-Smart-LED-Display-Vape-Factory-Direct-16-600x1135.png 600w, https:\/\/pgvape.com\/wp-content\/uploads\/2025\/10\/pgvape-Fizzy-Twins-50000-50k-Puffs-Dual-Flavors-Disposable-Vape-2-5-Nicotine-12Tastes-Smart-LED-Display-Vape-Factory-Direct-16-21x40.png 21w\" sizes=\"auto, (max-width: 1015px) 100vw, 1015px\" \/><\/p>\n<p>&nbsp;<\/p>\n<h3><span style=\"font-size: 90%;\">Vid\u00e9o de vape jetable Fizzy Twins 50000 | 50 000 bouff\u00e9es \u00e0 double saveur\u00a0:<br \/>\n<\/span><\/h3>\n<p><iframe loading=\"lazy\" title=\"Fizzy Twins 50k Puffs Double saveurs Vape jetable Affichage LED intelligent | Vape Factory Direct phvape\" width=\"1020\" height=\"574\" src=\"https:\/\/www.youtube.com\/embed\/EE-R8Kz-I1Y?feature=oembed\" frameborder=\"0\" allow=\"accelerometer; autoplay; clipboard-write; encrypted-media; gyroscope; picture-in-picture; web-share\" referrerpolicy=\"strict-origin-when-cross-origin\" allowfullscreen><\/iframe><\/p>\n<p>&nbsp;<\/p>\n<h3 class=\"auto-hide-last-sibling-br paragraph-pP9ZLC paragraph-element br-paragraph-space\">Pourquoi choisir l'entrep\u00f4t europ\u00e9en PGVape\u00a0?<\/h3>\n<p>Exp\u00e9dition rapide : livraison dans la plupart des pays de l\u2019UE sous 3 \u00e0 7 jours ouvrables.<\/p>\n<p>Livraison hors taxes : le stock local de l\u2019UE garantit une exp\u00e9dition fluide et hors taxes.<\/p>\n<p>Garantie authentique 100%\u00a0: authentique <b>P\u00e9tillant<\/b>\u00a0cigarettes \u00e9lectroniques provenant de fournisseurs certifi\u00e9s.<\/p>\n<p>Inventaire frais\u00a0: stock\u00e9 dans des conditions contr\u00f4l\u00e9es pour garantir une qualit\u00e9 optimale.<\/p>\n<p>Approuv\u00e9 par les Europ\u00e9ens\u00a0: des milliers de clients b\u00e9n\u00e9ficient des services de cigarettes \u00e9lectroniques rapides et s\u00e9curis\u00e9s de PGVape.<\/p>\n<p>&nbsp;<\/p>\n<h2 class=\"header-vfC6AV auto-hide-last-sibling-br\">FAQ sur la vape jetable Fizzy Twins 50000 50 000 bouff\u00e9es \u00e0 double saveur<\/h2>\n<p data-sourcepos=\"37:1-38:106\">\u2753 <strong data-sourcepos=\"37:3-37:54\">Qu'est-ce qui distingue le nombre de 50 000 bouff\u00e9es\u00a0?<\/strong><br \/>\n\u2705 <strong data-sourcepos=\"38:3-38:23\">Conception \u00e0 double r\u00e9servoir<\/strong> assure <strong data-sourcepos=\"38:32-38:48\">utilisation prolong\u00e9e<\/strong> sans remplacements fr\u00e9quents, parfait pour les gros vapoteurs.<\/p>\n<p data-sourcepos=\"40:1-41:91\">\u2753 <strong data-sourcepos=\"40:3-40:48\">Comment fonctionne le syst\u00e8me bi-saveur ?<\/strong><br \/>\n\u2705 <strong data-sourcepos=\"41:3-41:24\">Changez en toute transparence<\/strong> entre deux saveurs ou m\u00e9langez-les pour un <strong data-sourcepos=\"41:63-41:88\">exp\u00e9rience personnalis\u00e9e<\/strong>.<\/p>\n<p data-sourcepos=\"43:1-44:88\">\u2753 <strong data-sourcepos=\"43:3-43:43\">Pourquoi choisir le mode Normal ou Boost ?<\/strong><br \/>\n\u2705 <strong data-sourcepos=\"44:3-44:22\">Personnalisez votre hit<\/strong>\u2014doux et doux (<strong data-sourcepos=\"44:40-44:50\">Normale<\/strong>) ou dense et puissant (<strong data-sourcepos=\"44:75-44:84\">Booster<\/strong>).<\/p>\n<p data-sourcepos=\"46:1-47:90\">\u2753 <strong data-sourcepos=\"46:3-46:46\">La batterie de 850 mAh est-elle longue dur\u00e9e ?<\/strong><br \/>\n\u2705 <strong data-sourcepos=\"47:3-47:11\">Oui!<\/strong> Prise en charge <strong data-sourcepos=\"47:21-47:39\">vapoter toute la journ\u00e9e<\/strong> avec <strong data-sourcepos=\"47:45-47:69\">Chargement rapide de type C<\/strong> pour des recharges rapides.<\/p>\n<p data-sourcepos=\"49:1-50:103\">\u2753 <strong data-sourcepos=\"49:3-49:51\">Les associations de saveurs sont-elles bien assorties ?<br \/>\n<\/strong> \u2705 <strong data-sourcepos=\"50:3-50:28\">Des duos savamment s\u00e9lectionn\u00e9s<\/strong> \u00e9quilibre <strong data-sourcepos=\"50:37-50:47\">fruit\u00e9<\/strong>, <strong data-sourcepos=\"50:49-50:56\">glac\u00e9<\/strong>, et <strong data-sourcepos=\"50:62-50:78\">saveurs audacieuses<\/strong> pour un plaisir maximum.<\/p>\n<p>&nbsp;<\/p>\n<h3 id=\"brxe-najhln\" class=\"brxe-heading\">Foire aux questions (FAQ)<\/h3>\n<div id=\"brxe-rajiac\" class=\"brxe-text\">\n<p><strong>Q : Quels modes de paiement acceptez-vous ?<\/strong><br \/>\nR\u00a0: Nous acceptons PayPal, Stripe, les virements bancaires (pris en charge par SEPA), les principales cartes de cr\u00e9dit (Visa, MasterCard, American Express) et les paiements en crypto-monnaie.<\/p>\n<p><strong>Q : Combien de temps prend la pr\u00e9paration d\u2019une commande ?<\/strong><br \/>\nR : La pr\u00e9paration de la commande prend 1 \u00e0 3 jours ouvrables.<\/p>\n<p><strong>Q : Quel est le d\u00e9lai de livraison ?<\/strong><br \/>\nR : Le d\u00e9lai de livraison est de 7 \u00e0 14 jours ouvrables, selon votre emplacement.<\/p>\n<p><strong>Q : Comment puis-je suivre ma commande ?<\/strong><br \/>\nR : Apr\u00e8s l'exp\u00e9dition, vous recevrez un e-mail de confirmation avec un num\u00e9ro de suivi pour un suivi en temps r\u00e9el.<\/p>\n<p><strong>Q : Quelle est votre politique de retour ?<\/strong><br \/>\nR : Nous proposons une politique de retour de 30 jours pour les remboursements ou les \u00e9changes. .<\/p>\n<p><strong>Q : Y aura-t-il des probl\u00e8mes douaniers ?<br \/>\n<\/strong>Nous prenons en charge toutes les proc\u00e9dures de d\u00e9douanement pour vous garantir une exp\u00e9rience sans tracas. .<\/p>\n<p><strong>Q : Quelles m\u00e9thodes d\u2019exp\u00e9dition sont utilis\u00e9es ?<\/strong><br \/>\nNous coop\u00e9rons avec UPS\/DHL\/FEDEX\/DPD, etc. Nous choisirons l'option d'exp\u00e9dition appropri\u00e9e en fonction du pays de livraison pour garantir que vous recevez vos produits le plus rapidement possible.<\/p>\n<p><a href=\"https:\/\/pgvape.com\/fr\/faq\/\">Cliquez ici pour plus de FAQ<\/a><\/p>\n<p>Chers clients, Si vous avez des questions concernant votre commande ou l'arriv\u00e9e des marchandises, n'h\u00e9sitez pas \u00e0 contacter notre service client. Merci !<\/p>\n<h3 data-sourcepos=\"73:1-73:21\"><strong data-sourcepos=\"73:7-73:21\">Contactez-nous<\/strong><\/h3>\n<div id=\"text-2419739398\" class=\"text\">\n<p><strong data-sourcepos=\"75:3-75:12\">E-mail<\/strong>:\u00a0<a href=\"mailto:support@pgvape.com\"><strong>support@pgvape.com<\/strong><\/a><\/p>\n<p><strong data-sourcepos=\"76:3-76:15\">WhatsApp<\/strong>: <a href=\"https:\/\/wa.me\/+8618128481258\"><strong>+86 18128481258<\/strong><\/a><br \/>\n<strong>(R\u00e9ponse sous 24h les jours ouvr\u00e9s)<\/strong><\/p>\n<\/div>\n<h3><strong>Merci d'avoir choisi pgvape.com ! .<\/strong><\/h3>\n<\/div>","protected":false},"excerpt":{"rendered":"<p><strong data-sourcepos=\"55:1-55:232\">\u201cTwins 50000 Puffs\u00a0: Le nec plus ultra en mati\u00e8re jetable \u00e0 double saveur avec 50\u00a0000 bouff\u00e9es, une capacit\u00e9 de 50\u00a0mL et 12 paires de saveurs. Comprend des r\u00e9sistances \u00e0 double maille, un affichage intelligent et des modes Normal\/Boost pour un vapotage personnalis\u00e9.\u201d<\/strong><\/p>","protected":false},"featured_media":2809,"comment_status":"open","ping_status":"closed","template":"","meta":{"_seopress_robots_primary_cat":"none","_seopress_titles_title":"%%post_title%% %%sep%% %%sitetitle%%","_seopress_titles_desc":"","_seopress_robots_index":""},"product_brand":[516,251],"product_cat":[61,515,28],"product_tag":[78,64,65,90,66,254,203,143],"class_list":{"0":"post-2806","1":"product","2":"type-product","3":"status-publish","4":"has-post-thumbnail","6":"product_brand-disposable-vape","7":"product_brand-fizzy-vape","8":"product_cat-50k-puffs-vape","9":"product_cat-disposable-vape","10":"product_cat-fizzy-vape","11":"product_tag-12tastes","12":"product_tag-50k-puffs","13":"product_tag-50k-vape","14":"product_tag-disposable-vape","15":"product_tag-dual-flavors","16":"product_tag-fizzy-twins-50000","17":"product_tag-shipment-from-eu","18":"product_tag-smart-led-display","19":"product_shipping_class-overseas-warehouse","21":"first","22":"outofstock","23":"sale","24":"shipping-taxable","25":"purchasable","26":"product-type-variable"},"_links":{"self":[{"href":"https:\/\/pgvape.com\/fr\/wp-json\/wp\/v2\/product\/2806","targetHints":{"allow":["GET"]}}],"collection":[{"href":"https:\/\/pgvape.com\/fr\/wp-json\/wp\/v2\/product"}],"about":[{"href":"https:\/\/pgvape.com\/fr\/wp-json\/wp\/v2\/types\/product"}],"replies":[{"embeddable":true,"href":"https:\/\/pgvape.com\/fr\/wp-json\/wp\/v2\/comments?post=2806"}],"wp:featuredmedia":[{"embeddable":true,"href":"https:\/\/pgvape.com\/fr\/wp-json\/wp\/v2\/media\/2809"}],"wp:attachment":[{"href":"https:\/\/pgvape.com\/fr\/wp-json\/wp\/v2\/media?parent=2806"}],"wp:term":[{"taxonomy":"product_brand","embeddable":true,"href":"https:\/\/pgvape.com\/fr\/wp-json\/wp\/v2\/product_brand?post=2806"},{"taxonomy":"product_cat","embeddable":true,"href":"https:\/\/pgvape.com\/fr\/wp-json\/wp\/v2\/product_cat?post=2806"},{"taxonomy":"product_tag","embeddable":true,"href":"https:\/\/pgvape.com\/fr\/wp-json\/wp\/v2\/product_tag?post=2806"}],"curies":[{"name":"wp","href":"https:\/\/api.w.org\/{rel}","templated":true}]}}