{"id":2766,"date":"2025-10-10T12:06:26","date_gmt":"2025-10-10T12:06:26","guid":{"rendered":"https:\/\/pgvape.com\/?post_type=product&#038;p=2766"},"modified":"2026-01-27T11:18:48","modified_gmt":"2026-01-27T11:18:48","slug":"fizzy-max-iii-60000-60k-bouffees-6-en-1-saveurs-vape-jetable-vape-usine-directe","status":"publish","type":"product","link":"https:\/\/pgvape.com\/fr\/produit\/fizzy-max-iii-60000-60k-bouffees-6-en-1-saveurs-vape-jetable-vape-usine-directe\/","title":{"rendered":"Fizzy Max III 60000 60k Puffs 6 en 1 saveurs Vape-Vape jetables directement en usine"},"content":{"rendered":"<div class=\"auto-hide-last-sibling-br paragraph-JOTKXA paragraph-element br-paragraph-space\">\n<p><strong data-sourcepos=\"4:5-4:50\">Vape jetable Fizzy Max III 60000 bouff\u00e9es<\/strong> r\u00e9volutionne la vape avec <strong data-sourcepos=\"4:78-4:100\">capacit\u00e9 in\u00e9gal\u00e9e<\/strong> \u2013 livrer <strong data-sourcepos=\"4:114-4:130\">60 000 bouff\u00e9es<\/strong> de son <strong data-sourcepos=\"4:140-4:169\">trois r\u00e9servoirs s\u00e9par\u00e9s de 20 ml<\/strong> (60 ml au total). <strong data-sourcepos=\"4:194-4:223\">6 modes de saveur r\u00e9glables<\/strong> (combinaisons A\/B\/C), il est aliment\u00e9 par un <strong data-sourcepos=\"4:265-4:296\">Batterie rechargeable de 850 mAh<\/strong> avec <strong data-sourcepos=\"4:302-4:326\">Chargement rapide de type C<\/strong> et <strong data-sourcepos=\"4:331-4:346\">Affichage LED<\/strong><span class=\"CustomP_animated_char__m3r9w\">\u00a0<\/span><span class=\"CustomP_animated_char__m3r9w\">pour<\/span><span class=\"CustomP_animated_char__m3r9w\">\u00a0<\/span><span class=\"CustomP_animated_char__m3r9w\">r\u00e9el<\/span><span class=\"CustomP_animated_char__m3r9w\">\u2013<\/span><span class=\"CustomP_animated_char__m3r9w\">temps<\/span><span class=\"CustomP_animated_char__m3r9w\">\u00a0<\/span><span class=\"CustomP_animated_char__m3r9w\">surveillance<\/span><span class=\"CustomP_animated_char__m3r9w\">.<\/span><span class=\"CustomP_animated_char__m3r9w\">\u00a0<\/span><span class=\"CustomP_animated_char__m3r9w\">Le<\/span><span class=\"CustomP_animated_char__m3r9w\">\u00a0<\/span><strong data-sourcepos=\"4:377-4:401\">technologie de bobine de maille<\/strong><span class=\"CustomP_animated_char__m3r9w\">\u00a0<\/span><span class=\"CustomP_animated_char__m3r9w\">assure<\/span><span class=\"CustomP_animated_char__m3r9w\">\u00a0<\/span><strong data-sourcepos=\"4:410-4:426\">tirages fluides<\/strong> et <strong data-sourcepos=\"4:431-4:446\">saveur riche<\/strong>, disponible en <strong data-sourcepos=\"4:461-4:492\">Dosages de nicotine 2% ou 5%<\/strong>. <strong data-sourcepos=\"4:499-4:526\">10 trios de saveurs haut de gamme<\/strong><span class=\"CustomP_animated_char__m3r9w\">,<\/span><span class=\"CustomP_animated_char__m3r9w\">\u00a0<\/span><span class=\"CustomP_animated_char__m3r9w\">ce<\/span><span class=\"CustomP_animated_char__m3r9w\">\u00a0<\/span><span class=\"CustomP_animated_char__m3r9w\">appareil<\/span><span class=\"CustomP_animated_char__m3r9w\">\u00a0<\/span><span class=\"CustomP_animated_char__m3r9w\">offres<\/span><span class=\"CustomP_animated_char__m3r9w\">\u00a0<\/span><strong data-sourcepos=\"4:547-4:573\">personnalisation ultime<\/strong><span class=\"CustomP_animated_char__m3r9w\">\u00a0<\/span><span class=\"CustomP_animated_char__m3r9w\">pour<\/span><span class=\"CustomP_animated_char__m3r9w\">\u00a0<\/span><span class=\"CustomP_animated_char__m3r9w\">discernant<\/span><span class=\"CustomP_animated_char__m3r9w\">\u00a0<\/span><span class=\"CustomP_animated_char__m3r9w\">vapoteurs<\/span><span class=\"CustomP_animated_char__m3r9w\">.<\/span><\/p>\n<\/div>\n<p>&nbsp;<\/p>\n<h2><span style=\"font-size: 90%;\">Fizzy Max III 60000 | 60k souffles 6 en 1 saveurs Vape jetable <strong>Caract\u00e9ristiques<\/strong><\/span><\/h2>\n<p><strong data-sourcepos=\"9:3-9:17\">Nombre de bouff\u00e9es<\/strong>:\u00a0<strong data-sourcepos=\"9:19-9:35\">60 000 bouff\u00e9es<\/strong><\/p>\n<p><strong data-sourcepos=\"10:3-10:15\">Nicotine<\/strong>:\u00a0<strong data-sourcepos=\"10:17-10:38\">Force 2% ou 5%<\/strong><\/p>\n<p><strong data-sourcepos=\"11:3-11:15\">E-Liquide<\/strong>:\u00a0<strong data-sourcepos=\"11:17-11:46\">R\u00e9servoirs 3 \u00d7 20 ml (60 ml au total)<\/strong><\/p>\n<p><strong data-sourcepos=\"12:3-12:19\">Modes de saveur<\/strong>:\u00a0<strong data-sourcepos=\"12:21-12:55\">6 combinaisons (A\/B\/C mixables)<\/strong><\/p>\n<p><strong data-sourcepos=\"13:3-13:11\">Bobine<\/strong>:\u00a0<strong data-sourcepos=\"13:13-13:37\">Technologie de bobine de maille<\/strong><\/p>\n<p><strong data-sourcepos=\"14:3-14:14\">Batterie<\/strong>:\u00a0<strong data-sourcepos=\"14:16-14:39\">850 mAh rechargeable<\/strong><\/p>\n<p><strong data-sourcepos=\"15:3-15:15\">Chargement<\/strong>:\u00a0<strong data-sourcepos=\"15:17-15:41\">Chargement rapide de type C<\/strong><\/p>\n<p><strong data-sourcepos=\"16:3-16:14\">Afficher<\/strong>:\u00a0<strong data-sourcepos=\"16:16-16:53\">LED (moniteur de mode batterie\/ar\u00f4me)<\/strong><\/p>\n<p><strong data-sourcepos=\"17:3-17:14\">Emballer<\/strong>:\u00a0<strong data-sourcepos=\"17:16-17:34\">10 appareils\/bo\u00eete<\/strong><\/p>\n<p>&nbsp;<\/p>\n<h3><span style=\"font-size: 90%;\">Fizzy Max III 60000 | 60k souffles 6 en 1 saveurs Vape jetable <strong>Ensembles de saveurs<\/strong><\/span><\/h3>\n<p><strong>1.Fraise, past\u00e8que, citron vert et myrtille, noix de coco<\/strong><\/p>\n<p><strong>2. Glace aux bleuets, cerise p\u00e9tillante et citron framboise<\/strong><\/p>\n<p><strong>3. Glace \u00e0 la past\u00e8que, coca-cola \u00e0 la fraise, \u00e0 la vanille et aux baies m\u00e9lang\u00e9es<\/strong><\/p>\n<p><strong>4.Fruit du dragon aux fraises, Red Bull et past\u00e8que \u00e0 la framboise<\/strong><\/p>\n<p><strong>5.Fraise Framboise &amp; Mangue P\u00eache &amp; Myrtille Past\u00e8que<\/strong><\/p>\n<p><strong>6. Fraise Raisin &amp; Myrtille Noix de Coco &amp; P\u00eache Citron<\/strong><\/p>\n<p><strong>7. Glace aux bleuets, framboises, triple melon et fraise<\/strong><\/p>\n<p><strong>8.M\u00e9lange de baies et de kiwis, de fruits de la passion, de goyave et de fraise et de past\u00e8que<\/strong><\/p>\n<p><strong>9. Glace aux fraises, kiwi, myrtille et glace \u00e0 la past\u00e8que<\/strong><\/p>\n<p><strong>10.Blue Razz Ice &amp; Strawberry Kiwi &amp; Sour Ananas Orange<br \/>\n<img loading=\"lazy\" decoding=\"async\" class=\"alignnone wp-image-2772 size-full\" src=\"https:\/\/pgvape.com\/wp-content\/uploads\/2025\/10\/pgvape-Fizzy-Max-III-60000-60k-Puffs-6-In-1-Flavors-Disposable-Vape-2-5-Nicotine-10Tastes-LED-Display-Vape-Factory-Direct-3.png\" alt=\"Affiche promotionnelle color\u00e9e pour les vapes jetables FIZZY Max III comportant une \u00e9tiquette bien visible &#039; 60K PUFFS &#039; et &#039; 6in1 &#039;, une bo\u00eete de pr\u00e9sentation et plusieurs dispositifs cylindriques aux couleurs vives dispos\u00e9s en rang\u00e9es avec des variantes de saveur num\u00e9rot\u00e9es et un tableau de saveurs d\u00e9taill\u00e9 montrant six combinaisons de saveurs interchangeables, ainsi que de petites ic\u00f4nes pour 60 ml d&#039;e-liquide, des options de r\u00e9servoir d&#039;huile, une charge de type C et un \u00e9cran LED.\" width=\"912\" height=\"2000\" srcset=\"https:\/\/pgvape.com\/wp-content\/uploads\/2025\/10\/pgvape-Fizzy-Max-III-60000-60k-Puffs-6-In-1-Flavors-Disposable-Vape-2-5-Nicotine-10Tastes-LED-Display-Vape-Factory-Direct-3.png 912w, https:\/\/pgvape.com\/wp-content\/uploads\/2025\/10\/pgvape-Fizzy-Max-III-60000-60k-Puffs-6-In-1-Flavors-Disposable-Vape-2-5-Nicotine-10Tastes-LED-Display-Vape-Factory-Direct-3-164x360.png 164w, https:\/\/pgvape.com\/wp-content\/uploads\/2025\/10\/pgvape-Fizzy-Max-III-60000-60k-Puffs-6-In-1-Flavors-Disposable-Vape-2-5-Nicotine-10Tastes-LED-Display-Vape-Factory-Direct-3-467x1024.png 467w, https:\/\/pgvape.com\/wp-content\/uploads\/2025\/10\/pgvape-Fizzy-Max-III-60000-60k-Puffs-6-In-1-Flavors-Disposable-Vape-2-5-Nicotine-10Tastes-LED-Display-Vape-Factory-Direct-3-182x400.png 182w, https:\/\/pgvape.com\/wp-content\/uploads\/2025\/10\/pgvape-Fizzy-Max-III-60000-60k-Puffs-6-In-1-Flavors-Disposable-Vape-2-5-Nicotine-10Tastes-LED-Display-Vape-Factory-Direct-3-768x1684.png 768w, https:\/\/pgvape.com\/wp-content\/uploads\/2025\/10\/pgvape-Fizzy-Max-III-60000-60k-Puffs-6-In-1-Flavors-Disposable-Vape-2-5-Nicotine-10Tastes-LED-Display-Vape-Factory-Direct-3-700x1536.png 700w, https:\/\/pgvape.com\/wp-content\/uploads\/2025\/10\/pgvape-Fizzy-Max-III-60000-60k-Puffs-6-In-1-Flavors-Disposable-Vape-2-5-Nicotine-10Tastes-LED-Display-Vape-Factory-Direct-3-5x12.png 5w, https:\/\/pgvape.com\/wp-content\/uploads\/2025\/10\/pgvape-Fizzy-Max-III-60000-60k-Puffs-6-In-1-Flavors-Disposable-Vape-2-5-Nicotine-10Tastes-LED-Display-Vape-Factory-Direct-3-600x1316.png 600w, https:\/\/pgvape.com\/wp-content\/uploads\/2025\/10\/pgvape-Fizzy-Max-III-60000-60k-Puffs-6-In-1-Flavors-Disposable-Vape-2-5-Nicotine-10Tastes-LED-Display-Vape-Factory-Direct-3-18x40.png 18w\" sizes=\"auto, (max-width: 912px) 100vw, 912px\" \/><\/strong><\/p>\n<p>&nbsp;<\/p>\n<h3 class=\"auto-hide-last-sibling-br paragraph-pP9ZLC paragraph-element br-paragraph-space\">Pourquoi choisir l'entrep\u00f4t europ\u00e9en PGVape\u00a0?<\/h3>\n<p>Exp\u00e9dition rapide : livraison dans la plupart des pays de l\u2019UE sous 3 \u00e0 7 jours ouvrables.<\/p>\n<p>Livraison hors taxes : le stock local de l\u2019UE garantit une exp\u00e9dition fluide et hors taxes.<\/p>\n<p>Garantie authentique 100%\u00a0: authentique <strong>P\u00e9tillant<\/strong> cigarettes \u00e9lectroniques provenant de fournisseurs certifi\u00e9s.<\/p>\n<p>Inventaire frais\u00a0: stock\u00e9 dans des conditions contr\u00f4l\u00e9es pour garantir une qualit\u00e9 optimale.<\/p>\n<p>Approuv\u00e9 par les Europ\u00e9ens\u00a0: des milliers de clients b\u00e9n\u00e9ficient des services de cigarettes \u00e9lectroniques rapides et s\u00e9curis\u00e9s de PGVape.<\/p>\n<p>&nbsp;<\/p>\n<h2 class=\"header-vfC6AV auto-hide-last-sibling-br\">FAQ sur Fizzy Max III 60000 | 60 000 bouff\u00e9es 6 en 1 saveurs vape jetable<\/h2>\n<p data-sourcepos=\"36:1-37:80\">\u2753 <strong data-sourcepos=\"36:3-36:56\">Qu\u2019est-ce qui rend le nombre de bouff\u00e9es de 60 000 exceptionnel ?<\/strong><br \/>\n\u2705 <strong data-sourcepos=\"37:3-37:24\">Syst\u00e8me \u00e0 trois r\u00e9servoirs<\/strong> fournit <strong data-sourcepos=\"37:34-37:54\">mois de vape<\/strong> avec <strong data-sourcepos=\"37:60-37:80\">z\u00e9ro entretien<\/strong><\/p>\n<p data-sourcepos=\"39:1-40:85\">\u2753 <strong data-sourcepos=\"39:3-39:43\">Comment fonctionne le m\u00e9lange des ar\u00f4mes ?<\/strong><br \/>\n\u2705 <strong data-sourcepos=\"40:3-40:28\">Six modes de combinaison<\/strong> laissez-vous <strong data-sourcepos=\"40:37-40:54\">m\u00e9langer les saveurs<\/strong> ou profitez-en <strong data-sourcepos=\"40:69-40:85\">individuellement<\/strong><\/p>\n<p data-sourcepos=\"42:1-43:77\">\u2753 <strong data-sourcepos=\"42:3-42:44\">La batterie de 850 mAh est-elle suffisante ?<br \/>\n<\/strong>\u2705 <strong data-sourcepos=\"43:3-43:28\">Performances optimis\u00e9es<\/strong> dure <strong data-sourcepos=\"43:35-43:47\">2-3 jours<\/strong> avec <strong data-sourcepos=\"43:53-43:77\">Chargement rapide de type C<\/strong><\/p>\n<p data-sourcepos=\"45:1-46:70\">\u2753 <strong data-sourcepos=\"45:3-45:49\">Pourquoi choisir entre la nicotine 2% et la 5% ?<\/strong><br \/>\n\u2705 <strong data-sourcepos=\"46:3-46:26\">Satisfaction personnalis\u00e9e<\/strong> pour <strong data-sourcepos=\"46:31-46:41\">occasionnel<\/strong> et <strong data-sourcepos=\"46:46-46:64\">forte nicotine<\/strong> utilisateurs<\/p>\n<p data-sourcepos=\"48:1-49:67\">\u2753 <strong data-sourcepos=\"48:3-48:46\">Les trios de saveurs sont-ils bien \u00e9quilibr\u00e9s ?<\/strong><br \/>\n\u2705 <strong data-sourcepos=\"49:3-49:36\">Des combinaisons savamment s\u00e9lectionn\u00e9es<\/strong> pour <strong data-sourcepos=\"49:41-49:67\">harmonie parfaite des saveurs<\/strong><\/p>\n<p>&nbsp;<\/p>\n<h3 id=\"brxe-najhln\" class=\"brxe-heading\">Foire aux questions (FAQ)<\/h3>\n<div id=\"brxe-rajiac\" class=\"brxe-text\">\n<p><strong>Q : Quels modes de paiement acceptez-vous ?<\/strong><br \/>\nR\u00a0: Nous acceptons PayPal, Stripe, les virements bancaires (pris en charge par SEPA), les principales cartes de cr\u00e9dit (Visa, MasterCard, American Express) et les paiements en crypto-monnaie.<\/p>\n<p><strong>Q : Combien de temps prend la pr\u00e9paration d\u2019une commande ?<\/strong><br \/>\nR : La pr\u00e9paration de la commande prend 1 \u00e0 3 jours ouvrables.<\/p>\n<p><strong>Q : Quel est le d\u00e9lai de livraison ?<\/strong><br \/>\nR : Le d\u00e9lai de livraison est de 7 \u00e0 14 jours ouvrables, selon votre emplacement.<\/p>\n<p><strong>Q : Comment puis-je suivre ma commande ?<\/strong><br \/>\nR : Apr\u00e8s l'exp\u00e9dition, vous recevrez un e-mail de confirmation avec un num\u00e9ro de suivi pour un suivi en temps r\u00e9el.<\/p>\n<p><strong>Q : Quelle est votre politique de retour ?<\/strong><br \/>\nR : Nous proposons une politique de retour de 30 jours pour les remboursements ou les \u00e9changes. .<\/p>\n<p><strong>Q : Y aura-t-il des probl\u00e8mes douaniers ?<br \/>\n<\/strong>Nous prenons en charge toutes les proc\u00e9dures de d\u00e9douanement pour vous garantir une exp\u00e9rience sans tracas. .<\/p>\n<p><strong>Q : Quelles m\u00e9thodes d\u2019exp\u00e9dition sont utilis\u00e9es ?<\/strong><br \/>\nNous coop\u00e9rons avec UPS\/DHL\/FEDEX\/DPD, etc. Nous choisirons l'option d'exp\u00e9dition appropri\u00e9e en fonction du pays de livraison pour garantir que vous recevez vos produits le plus rapidement possible.<\/p>\n<p><a href=\"https:\/\/pgvape.com\/fr\/faq\/\">Cliquez ici pour plus de FAQ<\/a><\/p>\n<p>Chers clients, Si vous avez des questions concernant votre commande ou l'arriv\u00e9e des marchandises, n'h\u00e9sitez pas \u00e0 contacter notre service client. Merci !<\/p>\n<h3 data-sourcepos=\"73:1-73:21\"><strong data-sourcepos=\"73:7-73:21\">Contactez-nous<\/strong><\/h3>\n<div id=\"text-2419739398\" class=\"text\">\n<p><strong data-sourcepos=\"75:3-75:12\">E-mail<\/strong>:\u00a0<a href=\"mailto:support@pgvape.com\"><strong>support@pgvape.com<\/strong><\/a><\/p>\n<p><strong data-sourcepos=\"76:3-76:15\">WhatsApp<\/strong>: <a href=\"https:\/\/wa.me\/+8618128481258\"><strong>+86 18128481258<\/strong><\/a><br \/>\n<strong>(R\u00e9ponse sous 24h les jours ouvr\u00e9s)<\/strong><\/p>\n<\/div>\n<h3><strong>Merci d'avoir choisi pgvape.com ! .<\/strong><\/h3>\n<\/div>","protected":false},"excerpt":{"rendered":"<p>\u201c<strong data-sourcepos=\"54:2-54:23\">Fizzy Max III 60K<\/strong>: Le <strong data-sourcepos=\"54:29-54:66\">m\u00e9lange de saveurs ultime jetable<\/strong> avec <strong data-sourcepos=\"54:72-54:88\">60 000 bouff\u00e9es<\/strong>, <strong data-sourcepos=\"54:90-54:110\">trois r\u00e9servoirs de 20 ml<\/strong>, et <strong data-sourcepos=\"54:116-54:135\">10 trios de saveurs<\/strong>. . <strong data-sourcepos=\"54:146-54:164\">Batterie 850 mAh<\/strong>, <strong data-sourcepos=\"54:166-54:179\">bobine de maille<\/strong>, et <strong data-sourcepos=\"54:185-54:205\">six modes de mixage<\/strong> pour <strong data-sourcepos=\"54:210-54:242\">possibilit\u00e9s de vapotage infinies<\/strong>.\u201d<\/p>","protected":false},"featured_media":2770,"comment_status":"open","ping_status":"closed","template":"","meta":{"_seopress_robots_primary_cat":"none","_seopress_titles_title":"%%post_title%% %%sep%% %%sitetitle%%","_seopress_titles_desc":"","_seopress_robots_index":""},"product_brand":[516,251],"product_cat":[48,515,28],"product_tag":[169,253,51,52,90,252,79,203],"class_list":{"0":"post-2766","1":"product","2":"type-product","3":"status-publish","4":"has-post-thumbnail","6":"product_brand-disposable-vape","7":"product_brand-fizzy-vape","8":"product_cat-60k-puffs-vape","9":"product_cat-disposable-vape","10":"product_cat-fizzy-vape","11":"product_tag-10tastes","12":"product_tag-6-in-1-flavors","13":"product_tag-60k-puffs","14":"product_tag-60k-vape","15":"product_tag-disposable-vape","16":"product_tag-fizzy-max-iii-60000","17":"product_tag-led-display","18":"product_tag-shipment-from-eu","20":"first","21":"instock","22":"sale","23":"shipping-taxable","24":"purchasable","25":"product-type-variable"},"_links":{"self":[{"href":"https:\/\/pgvape.com\/fr\/wp-json\/wp\/v2\/product\/2766","targetHints":{"allow":["GET"]}}],"collection":[{"href":"https:\/\/pgvape.com\/fr\/wp-json\/wp\/v2\/product"}],"about":[{"href":"https:\/\/pgvape.com\/fr\/wp-json\/wp\/v2\/types\/product"}],"replies":[{"embeddable":true,"href":"https:\/\/pgvape.com\/fr\/wp-json\/wp\/v2\/comments?post=2766"}],"wp:featuredmedia":[{"embeddable":true,"href":"https:\/\/pgvape.com\/fr\/wp-json\/wp\/v2\/media\/2770"}],"wp:attachment":[{"href":"https:\/\/pgvape.com\/fr\/wp-json\/wp\/v2\/media?parent=2766"}],"wp:term":[{"taxonomy":"product_brand","embeddable":true,"href":"https:\/\/pgvape.com\/fr\/wp-json\/wp\/v2\/product_brand?post=2766"},{"taxonomy":"product_cat","embeddable":true,"href":"https:\/\/pgvape.com\/fr\/wp-json\/wp\/v2\/product_cat?post=2766"},{"taxonomy":"product_tag","embeddable":true,"href":"https:\/\/pgvape.com\/fr\/wp-json\/wp\/v2\/product_tag?post=2766"}],"curies":[{"name":"wp","href":"https:\/\/api.w.org\/{rel}","templated":true}]}}