{"id":2727,"date":"2025-10-10T08:48:31","date_gmt":"2025-10-10T08:48:31","guid":{"rendered":"https:\/\/pgvape.com\/?post_type=product&#038;p=2727"},"modified":"2025-12-15T12:56:20","modified_gmt":"2025-12-15T12:56:20","slug":"jnr-tank-pro-33000-33k-bouffees-vape-jetable-vape-directe-dusine","status":"publish","type":"product","link":"https:\/\/pgvape.com\/fr\/produit\/jnr-tank-pro-33000-33k-bouffees-vape-jetable-vape-directe-dusine\/","title":{"rendered":"JNR Tank Pro 33000 33K Puffs Vape-Vape jetable directement en usine"},"content":{"rendered":"<p dir=\"auto\"><strong data-sourcepos=\"8:5-8:27\">R\u00e9servoir JNR Pro 33000<\/strong> red\u00e9finit le vapotage longue dur\u00e9e avec <strong data-sourcepos=\"8:63-8:92\">33 000 bouff\u00e9es ultra douces<\/strong> de son <strong data-sourcepos=\"8:102-8:136\">capacit\u00e9 massive d'e-liquide de 28 ml<\/strong>. <strong data-sourcepos=\"8:154-8:183\">technologie de bobine \u00e0 double maille<\/strong>, il livre <strong data-sourcepos=\"8:197-8:218\">30% saveur plus riche<\/strong> et <strong data-sourcepos=\"8:223-8:242\">z\u00e9ro coup br\u00fbl\u00e9<\/strong>, tandis que le <strong data-sourcepos=\"8:254-8:285\">Batterie rechargeable de 850 mAh<\/strong> assure <strong data-sourcepos=\"8:294-8:311\">puissance toute la journ\u00e9e<\/strong>. <strong data-sourcepos=\"8:317-8:342\">affichage num\u00e9rique intelligent<\/strong> suit l'utilisation, et <strong data-sourcepos=\"8:361-8:397\">modes boost r\u00e9glables (15W\/20W)<\/strong> vous permettent de personnaliser l'intensit\u00e9 de la vapeur. <strong data-sourcepos=\"8:438-8:453\">2%nicotine<\/strong> et <strong data-sourcepos=\"8:458-8:480\">15 saveurs haut de gamme<\/strong>, il est con\u00e7u pour les vapoteurs qui refusent de faire des compromis.<\/p>\n<p>&nbsp;<\/p>\n<h2><span style=\"font-size: 90%;\">Sp\u00e9cifications de la vape jetable JNR Tank Pro 33000 33K Puffs\u00a0:<\/span><\/h2>\n<p><strong>Capacit\u00e9 de bouff\u00e9e<\/strong>: Env.\u00a0<strong>33 000 bouff\u00e9es<\/strong><\/p>\n<p><strong>Force de la nicotine<\/strong>:\u00a0<strong>2%<\/strong><\/p>\n<p><strong>Capacit\u00e9 e-liquide<\/strong>:\u00a0<strong>28 ml<\/strong><\/p>\n<p><strong>Type de bobine<\/strong>:\u00a0<strong>Bobine \u00e0 double maille<\/strong><\/p>\n<p><strong>Capacit\u00e9 de la batterie<\/strong>:\u00a0<strong>850 mAh rechargeable<\/strong><\/p>\n<p><strong>Afficher<\/strong>:\u00a0<strong>\u00c9cran num\u00e9rique<\/strong>\u00a0pour les informations sur la batterie et l'utilisation<\/p>\n<p><strong>Port de chargement<\/strong>:\u00a0<strong>Chargement rapide de type C<\/strong><\/p>\n<p><strong>Modes d'alimentation<\/strong>:\u00a0<strong>Modes Boost \u00e0 15W et 20W<\/strong><\/p>\n<p><strong>Conditionnement<\/strong>: G\u00e9n\u00e9ralement pr\u00eat pour la vente en gros\/au d\u00e9tail (d\u00e9tails d'emballage sur demande)<\/p>\n<p><strong>Nombre de saveurs<\/strong>: 15 saveurs disponibles<\/p>\n<p>&nbsp;<\/p>\n<h3><span style=\"font-size: 90%;\">Liste des saveurs de vape jetables JNR Tank Pro 33000 33K Puffs\u00a0:<\/span><\/h3>\n<p><strong>1. Past\u00e8que aux fraises<\/strong><\/p>\n<p><strong>2. Glace \u00e0 la past\u00e8que<\/strong><\/p>\n<p><strong>3.Fraise Banane<\/strong><\/p>\n<p><strong>4.Cr\u00e8me glac\u00e9e aux fraises<\/strong><\/p>\n<p><strong>5. Glace \u00e0 la menthe<\/strong><\/p>\n<p><strong>6. Baies m\u00e9lang\u00e9es<\/strong><\/p>\n<p><strong>7. Pomme aigre<\/strong><\/p>\n<p><strong>8.Mangue P\u00eache<\/strong><\/p>\n<p><strong>9. Glace aux raisins Sakura<\/strong><\/p>\n<p><strong>10. Glace aux bleuets<\/strong><\/p>\n<p><strong>11.Cola Glace<\/strong><\/p>\n<p><strong>12.Kiwi aux fraises<img loading=\"lazy\" decoding=\"async\" class=\"alignnone wp-image-2732 size-full\" src=\"https:\/\/pgvape.com\/wp-content\/uploads\/2025\/10\/pgvape-JNR-Tank-Pro-33000-33K-Puffs-Disposable-Vape-2-Nicotine-12Tastes-LED-Digital-Display-Vape-Factory-Direct-3.png\" alt=\"Grille de plusieurs appareils de vape jetables TANK pro 33000 et de leurs bo\u00eetes color\u00e9es dispos\u00e9es en rang\u00e9es sur des banni\u00e8res bleues, avec le logo JNR &quot; Just No Reason &quot; dans le coin inf\u00e9rieur droit.\" width=\"1800\" height=\"1800\" srcset=\"https:\/\/pgvape.com\/wp-content\/uploads\/2025\/10\/pgvape-JNR-Tank-Pro-33000-33K-Puffs-Disposable-Vape-2-Nicotine-12Tastes-LED-Digital-Display-Vape-Factory-Direct-3.png 1800w, https:\/\/pgvape.com\/wp-content\/uploads\/2025\/10\/pgvape-JNR-Tank-Pro-33000-33K-Puffs-Disposable-Vape-2-Nicotine-12Tastes-LED-Digital-Display-Vape-Factory-Direct-3-360x360.png 360w, https:\/\/pgvape.com\/wp-content\/uploads\/2025\/10\/pgvape-JNR-Tank-Pro-33000-33K-Puffs-Disposable-Vape-2-Nicotine-12Tastes-LED-Digital-Display-Vape-Factory-Direct-3-595x595.png 595w, https:\/\/pgvape.com\/wp-content\/uploads\/2025\/10\/pgvape-JNR-Tank-Pro-33000-33K-Puffs-Disposable-Vape-2-Nicotine-12Tastes-LED-Digital-Display-Vape-Factory-Direct-3-400x400.png 400w, https:\/\/pgvape.com\/wp-content\/uploads\/2025\/10\/pgvape-JNR-Tank-Pro-33000-33K-Puffs-Disposable-Vape-2-Nicotine-12Tastes-LED-Digital-Display-Vape-Factory-Direct-3-768x768.png 768w, https:\/\/pgvape.com\/wp-content\/uploads\/2025\/10\/pgvape-JNR-Tank-Pro-33000-33K-Puffs-Disposable-Vape-2-Nicotine-12Tastes-LED-Digital-Display-Vape-Factory-Direct-3-1536x1536.png 1536w, https:\/\/pgvape.com\/wp-content\/uploads\/2025\/10\/pgvape-JNR-Tank-Pro-33000-33K-Puffs-Disposable-Vape-2-Nicotine-12Tastes-LED-Digital-Display-Vape-Factory-Direct-3-12x12.png 12w, https:\/\/pgvape.com\/wp-content\/uploads\/2025\/10\/pgvape-JNR-Tank-Pro-33000-33K-Puffs-Disposable-Vape-2-Nicotine-12Tastes-LED-Digital-Display-Vape-Factory-Direct-3-300x300.png 300w, https:\/\/pgvape.com\/wp-content\/uploads\/2025\/10\/pgvape-JNR-Tank-Pro-33000-33K-Puffs-Disposable-Vape-2-Nicotine-12Tastes-LED-Digital-Display-Vape-Factory-Direct-3-600x600.png 600w, https:\/\/pgvape.com\/wp-content\/uploads\/2025\/10\/pgvape-JNR-Tank-Pro-33000-33K-Puffs-Disposable-Vape-2-Nicotine-12Tastes-LED-Digital-Display-Vape-Factory-Direct-3-100x100.png 100w, https:\/\/pgvape.com\/wp-content\/uploads\/2025\/10\/pgvape-JNR-Tank-Pro-33000-33K-Puffs-Disposable-Vape-2-Nicotine-12Tastes-LED-Digital-Display-Vape-Factory-Direct-3-40x40.png 40w\" sizes=\"auto, (max-width: 1800px) 100vw, 1800px\" \/><\/strong><\/p>\n<p>&nbsp;<\/p>\n<h3><span style=\"font-size: 90%;\">Vid\u00e9o de vape jetable JNR Tank Pro 33000 33K Puffs<strong>\uff1a<\/strong><\/span><\/h3>\n<p>&nbsp;<\/p>\n<h2 class=\"header-vfC6AV auto-hide-last-sibling-br\">FAQ sur la vape jetable JNR Mega Box 25K Puffs<\/h2>\n<p data-sourcepos=\"47:1-48:88\">\u2753 <strong data-sourcepos=\"47:3-47:59\">Comment la bobine \u00e0 double maille emp\u00eache-t-elle le go\u00fbt de br\u00fbl\u00e9 ?<\/strong><br \/>\n\u2705 <strong data-sourcepos=\"48:3-48:30\">M\u00eame la technologie du chauffage<\/strong> \u00e9limine les bouff\u00e9es s\u00e8ches : la saveur reste pure jusqu'\u00e0 la derni\u00e8re bouff\u00e9e.<\/p>\n<p data-sourcepos=\"50:1-50:43\">\u2753 <strong data-sourcepos=\"50:3-50:41\">Quand dois-je utiliser les modes boost ?<\/strong><\/p>\n<p><strong data-sourcepos=\"51:3-51:10\">\u270515W<\/strong>: Saveur\/vapeur \u00e9quilibr\u00e9e (utilisation toute la journ\u00e9e)<\/p>\n<p><strong data-sourcepos=\"52:3-52:10\">\u270520W<\/strong>: Nuages \u200b\u200bintenses (quand vous voulez des hits plus gros)<\/p>\n<p data-sourcepos=\"54:1-55:82\">\u2753 <strong data-sourcepos=\"54:3-54:46\">Le nombre de 33 000 bouff\u00e9es est-il r\u00e9aliste\u00a0?<\/strong><br \/>\n\u2705 <strong data-sourcepos=\"55:3-55:17\">Test\u00e9 en laboratoire<\/strong> avec <strong data-sourcepos=\"55:23-55:40\">28 ml d'e-liquide<\/strong>-dure <strong data-sourcepos=\"55:47-55:60\">3-4 semaines<\/strong> pour les vapoteurs moyens.<\/p>\n<p data-sourcepos=\"57:1-58:77\">\u2753 <strong data-sourcepos=\"57:3-57:40\">Quelle est la dur\u00e9e de vie de la batterie\u00a0?<\/strong><br \/>\n\u2705 <strong data-sourcepos=\"58:3-58:13\">850mAh<\/strong> + <strong data-sourcepos=\"58:16-58:35\">Chargement de type C<\/strong> = <strong data-sourcepos=\"58:38-58:50\">Journ\u00e9e compl\u00e8te<\/strong> d'utilisation intensive par charge.<\/p>\n<p data-sourcepos=\"60:1-62:50\">\u2753 <strong data-sourcepos=\"60:3-60:38\">La meilleure saveur pour les amateurs de desserts ?<\/strong><br \/>\n\u2714 <strong data-sourcepos=\"61:3-61:28\">G\u00e2teau Au Fromage Aux Fraises<\/strong> (favori du client) \u2714 <strong data-sourcepos=\"62:3-62:26\">P\u00e9pites de chocolat \u00e0 la menthe<\/strong> (uniquement rafra\u00eechissant)<\/p>\n<p>&nbsp;<\/p>\n<h3 id=\"brxe-najhln\" class=\"brxe-heading\">Foire aux questions (FAQ)<\/h3>\n<div id=\"brxe-rajiac\" class=\"brxe-text\">\n<p><strong>Q : Quels modes de paiement acceptez-vous ?<\/strong><br \/>\nR\u00a0: Nous acceptons PayPal, Stripe, les virements bancaires (pris en charge par SEPA), les principales cartes de cr\u00e9dit (Visa, MasterCard, American Express) et les paiements en crypto-monnaie.<\/p>\n<p><strong>Q : Combien de temps prend la pr\u00e9paration d\u2019une commande ?<\/strong><br \/>\nR : La pr\u00e9paration de la commande prend 1 \u00e0 3 jours ouvrables.<\/p>\n<p><strong>Q : Quel est le d\u00e9lai de livraison ?<\/strong><br \/>\nR : Le d\u00e9lai de livraison est de 7 \u00e0 14 jours ouvrables, selon votre emplacement.<\/p>\n<p><strong>Q : Comment puis-je suivre ma commande ?<\/strong><br \/>\nR : Apr\u00e8s l'exp\u00e9dition, vous recevrez un e-mail de confirmation avec un num\u00e9ro de suivi pour un suivi en temps r\u00e9el.<\/p>\n<p><strong>Q : Quelle est votre politique de retour ?<\/strong><br \/>\nR : Nous proposons une politique de retour de 30 jours pour les remboursements ou les \u00e9changes. .<\/p>\n<p><strong>Q : Y aura-t-il des probl\u00e8mes douaniers ?<br \/>\n<\/strong>Nous prenons en charge toutes les proc\u00e9dures de d\u00e9douanement pour vous garantir une exp\u00e9rience sans tracas. .<\/p>\n<p><strong>Q : Quelles m\u00e9thodes d\u2019exp\u00e9dition sont utilis\u00e9es ?<\/strong><br \/>\nNous coop\u00e9rons avec UPS\/DHL\/FEDEX\/DPD, etc. Nous choisirons l'option d'exp\u00e9dition appropri\u00e9e en fonction du pays de livraison pour garantir que vous recevez vos produits le plus rapidement possible.<\/p>\n<p><a href=\"https:\/\/pgvape.com\/fr\/faq\/\">Cliquez ici pour plus de FAQ<\/a><\/p>\n<p>Chers clients, Si vous avez des questions concernant votre commande ou l'arriv\u00e9e des marchandises, n'h\u00e9sitez pas \u00e0 contacter notre service client. Merci !<\/p>\n<h3 data-sourcepos=\"73:1-73:21\"><strong data-sourcepos=\"73:7-73:21\">Contactez-nous<\/strong><\/h3>\n<div id=\"text-2419739398\" class=\"text\">\n<p><strong data-sourcepos=\"75:3-75:12\">E-mail<\/strong>:\u00a0<a href=\"mailto:support@pgvape.com\"><strong>support@pgvape.com<\/strong><\/a><\/p>\n<p><strong data-sourcepos=\"76:3-76:15\">WhatsApp<\/strong>: <a href=\"https:\/\/wa.me\/+8618128481258\"><strong>+86 18128481258<\/strong><\/a><br \/>\n<strong>(R\u00e9ponse sous 24h les jours ouvr\u00e9s)<\/strong><\/p>\n<\/div>\n<h3><strong>Merci d'avoir choisi pgvape.com ! .<\/strong><\/h3>\n<\/div>","protected":false},"excerpt":{"rendered":"<p><strong data-sourcepos=\"67:1-67:221\">\u201cJNR Tank Pro 33000\u00a0: Le jetable haute capacit\u00e9 avec 33 000 bouff\u00e9es, 28 ml de jus et des bobines \u00e0 double maille. Comprend des modes boost r\u00e9glables, un affichage num\u00e9rique et 15 saveurs pour un vapotage sans arr\u00eat. \u201d<\/strong><\/p>","protected":false},"featured_media":2730,"comment_status":"open","ping_status":"closed","template":"","meta":{"_seopress_robots_primary_cat":"none","_seopress_titles_title":"%%post_title%% %%sep%% %%sitetitle%%","_seopress_titles_desc":"","_seopress_robots_index":""},"product_brand":[516,228],"product_cat":[246,515,29],"product_tag":[78,248,249,90,247,250],"class_list":{"0":"post-2727","1":"product","2":"type-product","3":"status-publish","4":"has-post-thumbnail","6":"product_brand-disposable-vape","7":"product_brand-jnr-vape","8":"product_cat-33k-puffs-vape","9":"product_cat-disposable-vape","10":"product_cat-jnr-vape","11":"product_tag-12tastes","12":"product_tag-33k-puffs","13":"product_tag-33k-vape","14":"product_tag-disposable-vape","15":"product_tag-jnr-tank-pro-33000","16":"product_tag-led-digital-display","18":"first","19":"instock","20":"sale","21":"shipping-taxable","22":"purchasable","23":"product-type-variable"},"_links":{"self":[{"href":"https:\/\/pgvape.com\/fr\/wp-json\/wp\/v2\/product\/2727","targetHints":{"allow":["GET"]}}],"collection":[{"href":"https:\/\/pgvape.com\/fr\/wp-json\/wp\/v2\/product"}],"about":[{"href":"https:\/\/pgvape.com\/fr\/wp-json\/wp\/v2\/types\/product"}],"replies":[{"embeddable":true,"href":"https:\/\/pgvape.com\/fr\/wp-json\/wp\/v2\/comments?post=2727"}],"wp:featuredmedia":[{"embeddable":true,"href":"https:\/\/pgvape.com\/fr\/wp-json\/wp\/v2\/media\/2730"}],"wp:attachment":[{"href":"https:\/\/pgvape.com\/fr\/wp-json\/wp\/v2\/media?parent=2727"}],"wp:term":[{"taxonomy":"product_brand","embeddable":true,"href":"https:\/\/pgvape.com\/fr\/wp-json\/wp\/v2\/product_brand?post=2727"},{"taxonomy":"product_cat","embeddable":true,"href":"https:\/\/pgvape.com\/fr\/wp-json\/wp\/v2\/product_cat?post=2727"},{"taxonomy":"product_tag","embeddable":true,"href":"https:\/\/pgvape.com\/fr\/wp-json\/wp\/v2\/product_tag?post=2727"}],"curies":[{"name":"wp","href":"https:\/\/api.w.org\/{rel}","templated":true}]}}