{"id":2641,"date":"2025-10-09T12:44:23","date_gmt":"2025-10-09T12:44:23","guid":{"rendered":"https:\/\/pgvape.com\/?post_type=product&#038;p=2641"},"modified":"2025-12-15T12:57:13","modified_gmt":"2025-12-15T12:57:13","slug":"jnr-mega-box-25000-25k-bouffees-vape-jetable-charge-rapide-vape-directe-dusine","status":"publish","type":"product","link":"https:\/\/pgvape.com\/fr\/produit\/jnr-mega-box-25000-25k-bouffees-vape-jetable-charge-rapide-vape-directe-dusine\/","title":{"rendered":"JNR Mega Box 25000 25K Puffs Vape jetable \u00e0 charge rapide Vape Factory Direct"},"content":{"rendered":"<p id=\"brxe-najhln\" class=\"brxe-heading\"><strong data-sourcepos=\"4:5-4:33\">JNR M\u00e9ga Bo\u00eete 25000 Puffs<\/strong> livre <strong data-sourcepos=\"4:43-4:72\">satisfaction durable<\/strong> avec <strong data-sourcepos=\"4:78-4:101\">25 000 bouff\u00e9es douces<\/strong> de son <strong data-sourcepos=\"4:111-4:137\">Capacit\u00e9 e-liquide de 30 ml<\/strong>. <strong data-sourcepos=\"4:153-4:184\">Batterie rechargeable de 850 mAh<\/strong> et <strong data-sourcepos=\"4:189-4:218\">technologie de bobine \u00e0 double maille<\/strong>, il assure <strong data-sourcepos=\"4:231-4:246\">saveur riche<\/strong> et <strong data-sourcepos=\"4:251-4:277\">production de vapeur dense<\/strong>. <strong data-sourcepos=\"4:284-4:308\">Force nicotinique 2%<\/strong> et <strong data-sourcepos=\"4:313-4:337\">Chargement rapide de type C<\/strong>, cette vape jetable est parfaite pour les vapoteurs qui veulent <strong data-sourcepos=\"4:391-4:415\">performances \u00e9tendues<\/strong> sans compromis.<\/p>\n<p>&nbsp;<\/p>\n<h2><span style=\"font-size: 90%;\">Vape jetable de JNR Mega Box 25K Puffs <strong>Sp\u00e9cification<\/strong><\/span><\/h2>\n<p><strong data-sourcepos=\"9:3-9:17\">Nombre de bouff\u00e9es<\/strong>:\u00a0<strong data-sourcepos=\"9:19-9:35\">25 000 bouff\u00e9es<\/strong><\/p>\n<p><strong data-sourcepos=\"10:3-10:24\">Capacit\u00e9 e-liquide<\/strong>:\u00a0<strong data-sourcepos=\"10:26-10:34\">30 ml<\/strong><\/p>\n<p><strong data-sourcepos=\"11:3-11:11\">Bobine<\/strong>:\u00a0<strong data-sourcepos=\"11:13-11:31\">Bobine \u00e0 double maille<\/strong><\/p>\n<p><strong data-sourcepos=\"12:3-12:14\">Batterie<\/strong>:\u00a0<strong data-sourcepos=\"12:16-12:39\">850mAh rechargeable<\/strong><\/p>\n<p><strong data-sourcepos=\"13:3-13:15\">Chargement<\/strong>:\u00a0<strong data-sourcepos=\"13:17-13:41\">Chargement rapide de type C<\/strong><\/p>\n<p><strong data-sourcepos=\"14:3-14:24\">Force de la nicotine<\/strong>:\u00a0<strong data-sourcepos=\"14:26-14:32\">2%<\/strong><\/p>\n<p><strong data-sourcepos=\"15:3-15:21\">Options de saveur<\/strong>:\u00a0<strong data-sourcepos=\"15:23-15:45\">16 choix premium<\/strong><\/p>\n<p>&nbsp;<\/p>\n<h3><span style=\"font-size: 90%;\">Vape jetable de JNR Mega Box 25K Puffs <strong>Liste des saveurs<\/strong><\/span><\/h3>\n<p>1. Fraise, myrtille, framboise aigre<\/p>\n<p>2.Cerise Razz bleue<\/p>\n<p>3. P\u00eache juteuse<\/p>\n<p>4. Baies de cerise<\/p>\n<p>5. Cola p\u00e9tillant aux cerises<\/p>\n<p>6.Citron et citron vert<\/p>\n<p>7. Baies m\u00e9lang\u00e9es<\/p>\n<p>8.M. Bleu<\/p>\n<p>9.Glace Fraise Framboise Cerise<\/p>\n<p>10. Glace aux fraises<\/p>\n<p>11.Glace aux bleuets<\/p>\n<p>12. Glace \u00e0 la past\u00e8que<\/p>\n<p>13.Fraise Banane<\/p>\n<p>14. Bubblegum aux bleuets<\/p>\n<p>15. Past\u00e8que Kiwi Sur Glace<\/p>\n<p>16.Triple Mangue<\/p>\n<p>17. Past\u00e8que Framboise<\/p>\n<p>18.Glace Fraise Framboise<\/p>\n<p>19. Menthe fra\u00eeche<\/p>\n<p>20. Pomme aigre<img loading=\"lazy\" decoding=\"async\" class=\"alignnone wp-image-2667 size-full\" src=\"https:\/\/pgvape.com\/wp-content\/uploads\/2025\/10\/pgvape-JNR-Mega-Box-25000-25K-Puffs-Disposable-Vape-Dual-Mesh-2-Nicotine-20Tastes-Vape-Factory-Direct-24.png\" alt=\"Grille de 25 panneaux de produits color\u00e9s montrant des appareils de vapotage jetables de marque JNR\u00a0: chaque panneau comprend deux appareils rectangulaires avec des panneaux m\u00e9talliques en relief sur des fonds vifs, des noms de saveurs et des illustrations de fruits ou de bonbons assortis (par exemple, myrtille, cerise, p\u00eache, citron et citron vert, baies m\u00e9lang\u00e9es, past\u00e8que, quilles, mangue et plus encore).\" width=\"2000\" height=\"2000\" srcset=\"https:\/\/pgvape.com\/wp-content\/uploads\/2025\/10\/pgvape-JNR-Mega-Box-25000-25K-Puffs-Disposable-Vape-Dual-Mesh-2-Nicotine-20Tastes-Vape-Factory-Direct-24.png 2000w, https:\/\/pgvape.com\/wp-content\/uploads\/2025\/10\/pgvape-JNR-Mega-Box-25000-25K-Puffs-Disposable-Vape-Dual-Mesh-2-Nicotine-20Tastes-Vape-Factory-Direct-24-360x360.png 360w, https:\/\/pgvape.com\/wp-content\/uploads\/2025\/10\/pgvape-JNR-Mega-Box-25000-25K-Puffs-Disposable-Vape-Dual-Mesh-2-Nicotine-20Tastes-Vape-Factory-Direct-24-595x595.png 595w, https:\/\/pgvape.com\/wp-content\/uploads\/2025\/10\/pgvape-JNR-Mega-Box-25000-25K-Puffs-Disposable-Vape-Dual-Mesh-2-Nicotine-20Tastes-Vape-Factory-Direct-24-400x400.png 400w, https:\/\/pgvape.com\/wp-content\/uploads\/2025\/10\/pgvape-JNR-Mega-Box-25000-25K-Puffs-Disposable-Vape-Dual-Mesh-2-Nicotine-20Tastes-Vape-Factory-Direct-24-768x768.png 768w, https:\/\/pgvape.com\/wp-content\/uploads\/2025\/10\/pgvape-JNR-Mega-Box-25000-25K-Puffs-Disposable-Vape-Dual-Mesh-2-Nicotine-20Tastes-Vape-Factory-Direct-24-1536x1536.png 1536w, https:\/\/pgvape.com\/wp-content\/uploads\/2025\/10\/pgvape-JNR-Mega-Box-25000-25K-Puffs-Disposable-Vape-Dual-Mesh-2-Nicotine-20Tastes-Vape-Factory-Direct-24-12x12.png 12w, https:\/\/pgvape.com\/wp-content\/uploads\/2025\/10\/pgvape-JNR-Mega-Box-25000-25K-Puffs-Disposable-Vape-Dual-Mesh-2-Nicotine-20Tastes-Vape-Factory-Direct-24-300x300.png 300w, https:\/\/pgvape.com\/wp-content\/uploads\/2025\/10\/pgvape-JNR-Mega-Box-25000-25K-Puffs-Disposable-Vape-Dual-Mesh-2-Nicotine-20Tastes-Vape-Factory-Direct-24-600x600.png 600w, https:\/\/pgvape.com\/wp-content\/uploads\/2025\/10\/pgvape-JNR-Mega-Box-25000-25K-Puffs-Disposable-Vape-Dual-Mesh-2-Nicotine-20Tastes-Vape-Factory-Direct-24-100x100.png 100w, https:\/\/pgvape.com\/wp-content\/uploads\/2025\/10\/pgvape-JNR-Mega-Box-25000-25K-Puffs-Disposable-Vape-Dual-Mesh-2-Nicotine-20Tastes-Vape-Factory-Direct-24-40x40.png 40w\" sizes=\"auto, (max-width: 2000px) 100vw, 2000px\" \/><\/p>\n<p>&nbsp;<\/p>\n<h3><span style=\"font-size: 90%;\">Vid\u00e9o de vape jetable \u00e0 double maille JNR Mega Box 25000 25 000 bouff\u00e9es\u00a0:<\/span><\/h3>\n<p><iframe loading=\"lazy\" title=\"JNR Mega Box 25K Puffs Vape jetable |Dual Mesh |20Go\u00fbts Vape \u00e0 charge rapide Direct d&#039;usine pgvape\" width=\"563\" height=\"1000\" src=\"https:\/\/www.youtube.com\/embed\/2drnytO8g4U?feature=oembed\" frameborder=\"0\" allow=\"accelerometer; autoplay; clipboard-write; encrypted-media; gyroscope; picture-in-picture; web-share\" referrerpolicy=\"strict-origin-when-cross-origin\" allowfullscreen><\/iframe><\/p>\n<p>&nbsp;<\/p>\n<h2 class=\"header-vfC6AV auto-hide-last-sibling-br\">FAQ sur la vape jetable JNR Mega Box 25K Puffs<\/h2>\n<div class=\"auto-hide-last-sibling-br paragraph-JOTKXA paragraph-element br-paragraph-space\">\n<p data-sourcepos=\"42:1-43:102\">\u2753 <strong data-sourcepos=\"42:3-42:54\">Comment la bobine \u00e0 double maille am\u00e9liore-t-elle le vapotage ?<\/strong><br \/>\n\u2705 <strong data-sourcepos=\"43:3-43:28\">\u00c9l\u00e9ments chauffants doubles<\/strong> fournir <strong data-sourcepos=\"43:37-43:56\">40% plus de saveur<\/strong> et <strong data-sourcepos=\"43:61-43:79\">nuages \u200b\u200b\u200b\u200bplus \u00e9pais<\/strong> que les bobines standards.<\/p>\n<p data-sourcepos=\"45:1-46:97\">\u2753 <strong data-sourcepos=\"45:3-45:46\">Le nombre de 25 000 bouff\u00e9es est-il r\u00e9aliste\u00a0?<\/strong><br \/>\n\u2705 <strong data-sourcepos=\"46:3-46:39\">Capacit\u00e9 e-liquide optimis\u00e9e de 30 ml<\/strong> assure <strong data-sourcepos=\"46:48-46:64\">semaines d'utilisation<\/strong> sans remplacements fr\u00e9quents.<\/p>\n<p data-sourcepos=\"48:1-49:67\">\u2753 <strong data-sourcepos=\"48:3-48:49\">Combien de temps dure la batterie de 850 mAh ?<\/strong><br \/>\n\u2705 <strong data-sourcepos=\"49:3-49:26\">Des performances toute la journ\u00e9e<\/strong> avec <strong data-sourcepos=\"49:32-49:56\">chargement rapide de type C<\/strong> soutien.<\/p>\n<p data-sourcepos=\"51:1-54:44\">\u2753 <strong data-sourcepos=\"51:3-51:38\">Quelles saveurs sont les plus populaires ?<br \/>\n<\/strong> \u2714 <strong data-sourcepos=\"52:3-52:23\">Cerise Razz bleue<\/strong> (piquant et sucr\u00e9) \u2714 <strong data-sourcepos=\"53:3-53:38\">Glace Fraise Framboise Cerise<\/strong> (audacieux et glac\u00e9) \u2714 <strong data-sourcepos=\"54:3-54:21\">Glace \u00e0 la past\u00e8que<\/strong> (rafra\u00eechissant et juteux)<\/p>\n<\/div>\n<p>&nbsp;<\/p>\n<h3 id=\"brxe-najhln\" class=\"brxe-heading\">Foire aux questions (FAQ)<\/h3>\n<div id=\"brxe-rajiac\" class=\"brxe-text\">\n<p><strong>Q : Quels modes de paiement acceptez-vous ?<\/strong><br \/>\nR\u00a0: Nous acceptons PayPal, Stripe, les virements bancaires (pris en charge par SEPA), les principales cartes de cr\u00e9dit (Visa, MasterCard, American Express) et les paiements en crypto-monnaie.<\/p>\n<p><strong>Q : Combien de temps prend la pr\u00e9paration d\u2019une commande ?<\/strong><br \/>\nR : La pr\u00e9paration de la commande prend 1 \u00e0 3 jours ouvrables.<\/p>\n<p><strong>Q : Quel est le d\u00e9lai de livraison ?<\/strong><br \/>\nR : Le d\u00e9lai de livraison est de 7 \u00e0 14 jours ouvrables, selon votre emplacement.<\/p>\n<p><strong>Q : Comment puis-je suivre ma commande ?<\/strong><br \/>\nR : Apr\u00e8s l'exp\u00e9dition, vous recevrez un e-mail de confirmation avec un num\u00e9ro de suivi pour un suivi en temps r\u00e9el.<\/p>\n<p><strong>Q : Quelle est votre politique de retour ?<\/strong><br \/>\nR : Nous proposons une politique de retour de 30 jours pour les remboursements ou les \u00e9changes. .<\/p>\n<p><strong>Q : Y aura-t-il des probl\u00e8mes douaniers ?<br \/>\n<\/strong>Nous prenons en charge toutes les proc\u00e9dures de d\u00e9douanement pour vous garantir une exp\u00e9rience sans tracas. .<\/p>\n<p><strong>Q : Quelles m\u00e9thodes d\u2019exp\u00e9dition sont utilis\u00e9es ?<\/strong><br \/>\nNous coop\u00e9rons avec UPS\/DHL\/FEDEX\/DPD, etc. Nous choisirons l'option d'exp\u00e9dition appropri\u00e9e en fonction du pays de livraison pour garantir que vous recevez vos produits le plus rapidement possible.<\/p>\n<p><a href=\"https:\/\/pgvape.com\/fr\/faq\/\">Cliquez ici pour plus de FAQ<\/a><\/p>\n<p>Chers clients, Si vous avez des questions concernant votre commande ou l'arriv\u00e9e des marchandises, n'h\u00e9sitez pas \u00e0 contacter notre service client. Merci !<\/p>\n<h3 data-sourcepos=\"73:1-73:21\"><strong data-sourcepos=\"73:7-73:21\">Contactez-nous<\/strong><\/h3>\n<div id=\"text-2419739398\" class=\"text\">\n<p><strong data-sourcepos=\"75:3-75:12\">E-mail<\/strong>:\u00a0<a href=\"mailto:support@pgvape.com\"><strong>support@pgvape.com<\/strong><\/a><\/p>\n<p><strong data-sourcepos=\"76:3-76:15\">WhatsApp<\/strong>: <a href=\"https:\/\/wa.me\/+8618128481258\"><strong>+86 18128481258<\/strong><\/a><br \/>\n<strong>(R\u00e9ponse sous 24h les jours ouvr\u00e9s)<\/strong><\/p>\n<\/div>\n<h3><strong>Merci d'avoir choisi pgvape.com ! .<\/strong><\/h3>\n<\/div>\n<h2 class=\"header-vfC6AV auto-hide-last-sibling-br\"><\/h2>","protected":false},"excerpt":{"rendered":"<p><strong data-sourcepos=\"59:1-59:233\">\u201cJNR Mega Box 25000\u00a0:\u00a0la vape jetable haute capacit\u00e9 avec 25 000 bouff\u00e9es, 30 ml d'e-liquide et des bobines \u00e0 double maille. Comprend de la nicotine 2%, une batterie de 850 mAh et une charge de type C pour une satisfaction durable. \u201d<\/strong><\/p>","protected":false},"featured_media":2644,"comment_status":"open","ping_status":"closed","template":"","meta":{"_seopress_robots_primary_cat":"none","_seopress_titles_title":"","_seopress_titles_desc":"","_seopress_robots_index":""},"product_brand":[516,228],"product_cat":[94,515,29],"product_tag":[187,242,96,101,90,243,241],"class_list":{"0":"post-2641","1":"product","2":"type-product","3":"status-publish","4":"has-post-thumbnail","6":"product_brand-disposable-vape","7":"product_brand-jnr-vape","8":"product_cat-25k-puffs-vape","9":"product_cat-disposable-vape","10":"product_cat-jnr-vape","11":"product_tag-20tastes","12":"product_tag-242","13":"product_tag-25k-puffs","14":"product_tag-25k-vape","15":"product_tag-disposable-vape","16":"product_tag-dual-mesh","17":"product_tag-jnr-mega-box","19":"first","20":"instock","21":"sale","22":"shipping-taxable","23":"purchasable","24":"product-type-variable"},"_links":{"self":[{"href":"https:\/\/pgvape.com\/fr\/wp-json\/wp\/v2\/product\/2641","targetHints":{"allow":["GET"]}}],"collection":[{"href":"https:\/\/pgvape.com\/fr\/wp-json\/wp\/v2\/product"}],"about":[{"href":"https:\/\/pgvape.com\/fr\/wp-json\/wp\/v2\/types\/product"}],"replies":[{"embeddable":true,"href":"https:\/\/pgvape.com\/fr\/wp-json\/wp\/v2\/comments?post=2641"}],"wp:featuredmedia":[{"embeddable":true,"href":"https:\/\/pgvape.com\/fr\/wp-json\/wp\/v2\/media\/2644"}],"wp:attachment":[{"href":"https:\/\/pgvape.com\/fr\/wp-json\/wp\/v2\/media?parent=2641"}],"wp:term":[{"taxonomy":"product_brand","embeddable":true,"href":"https:\/\/pgvape.com\/fr\/wp-json\/wp\/v2\/product_brand?post=2641"},{"taxonomy":"product_cat","embeddable":true,"href":"https:\/\/pgvape.com\/fr\/wp-json\/wp\/v2\/product_cat?post=2641"},{"taxonomy":"product_tag","embeddable":true,"href":"https:\/\/pgvape.com\/fr\/wp-json\/wp\/v2\/product_tag?post=2641"}],"curies":[{"name":"wp","href":"https:\/\/api.w.org\/{rel}","templated":true}]}}