{"id":2507,"date":"2025-10-09T09:37:50","date_gmt":"2025-10-09T09:37:50","guid":{"rendered":"https:\/\/pgvape.com\/?post_type=product&#038;p=2507"},"modified":"2025-12-15T12:58:04","modified_gmt":"2025-12-15T12:58:04","slug":"jnr-falon-16000-16k-bouffees-vape-jetable-edition-originale-vape-rechargeable-directe-dusine","status":"publish","type":"product","link":"https:\/\/pgvape.com\/fr\/produit\/jnr-falon-16000-16k-bouffees-vape-jetable-edition-originale-vape-rechargeable-directe-dusine\/","title":{"rendered":"JNR FALON 16000 16K Puffs Vape jetable \u00c9dition originale Vape rechargeable Direct usine"},"content":{"rendered":"<p><strong data-sourcepos=\"8:5-8:31\">JNR Falcon 16000 Puffs<\/strong> combine <strong data-sourcepos=\"8:41-8:68\">vape performante<\/strong> avec <strong data-sourcepos=\"8:74-8:104\">design \u00e9l\u00e9gant en cristal<\/strong>, livrant <strong data-sourcepos=\"8:117-8:146\">16 000 bouff\u00e9es ultra douces<\/strong> de son <strong data-sourcepos=\"8:156-8:182\">Capacit\u00e9 e-liquide de 22 ml<\/strong>. <strong data-sourcepos=\"8:198-8:229\">Batterie rechargeable de 850 mAh<\/strong> et <strong data-sourcepos=\"8:234-8:255\">Bobine double maille 1\u03a9<\/strong>, il produit <strong data-sourcepos=\"8:269-8:290\">30% saveur plus riche<\/strong> et <strong data-sourcepos=\"8:295-8:312\">nuages \u200b\u200b\u200b\u200bplus denses<\/strong>. <strong data-sourcepos=\"8:318-8:340\">d\u00e9bit d'air r\u00e9glable<\/strong> permet des tirages personnalis\u00e9s, tandis que le <strong data-sourcepos=\"8:376-8:401\">coque en cristal de qualit\u00e9 sup\u00e9rieure<\/strong> ajoute du luxe. <strong data-sourcepos=\"8:420-8:435\">2%nicotine<\/strong> et <strong data-sourcepos=\"8:440-8:461\">25 saveurs exotiques<\/strong>, c'est parfait pour les vapoteurs qui appr\u00e9cient <strong data-sourcepos=\"8:497-8:506\">style<\/strong> et <strong data-sourcepos=\"8:511-8:524\">substance<\/strong><\/p>\n<p>&nbsp;<\/p>\n<h2><span style=\"font-size: 90%;\">Sp\u00e9cifications de la vape jetable JNR FALON 16K Puffs<\/span><\/h2>\n<p><strong data-sourcepos=\"13:3-13:17\">Nombre de bouff\u00e9es<\/strong>:\u00a0<strong data-sourcepos=\"13:19-13:35\">16 000 bouff\u00e9es<\/strong><\/p>\n<p><strong data-sourcepos=\"14:3-14:15\">E-Liquide<\/strong>:\u00a0<strong data-sourcepos=\"14:17-14:25\">22 ml<\/strong><\/p>\n<p><strong data-sourcepos=\"15:3-15:11\">Bobine<\/strong>:\u00a0<strong data-sourcepos=\"15:13-15:34\">Bobine \u00e0 double maille 1\u03a9<\/strong><\/p>\n<p><strong data-sourcepos=\"16:3-16:14\">Batterie<\/strong>:\u00a0<strong data-sourcepos=\"16:16-16:39\">850mAh rechargeable<\/strong><\/p>\n<p><strong data-sourcepos=\"17:3-17:14\">Flux d'air<\/strong>:\u00a0<strong data-sourcepos=\"17:16-17:40\">R\u00e9glable (MTL\/RDL)<\/strong><\/p>\n<p><strong data-sourcepos=\"18:3-18:13\">Conception<\/strong>:\u00a0<strong data-sourcepos=\"18:15-18:38\">Coquille artisanale en cristal<\/strong><\/p>\n<p><strong data-sourcepos=\"19:3-19:15\">Nicotine<\/strong>:\u00a0<strong data-sourcepos=\"19:17-19:23\">2%<\/strong><\/p>\n<p><strong data-sourcepos=\"20:3-20:14\">Saveurs<\/strong>:\u00a0<strong data-sourcepos=\"20:16-20:38\">25 options premium<\/strong><\/p>\n<p>&nbsp;<\/p>\n<h3><span style=\"font-size: 90%;\">Liste des saveurs de vape jetables JNR FALON 16K Puffs<\/span><\/h3>\n<p><strong data-sourcepos=\"25:4-25:32\">1.M\u00fbre Framboise Rouge<\/strong><\/p>\n<p><strong data-sourcepos=\"26:4-26:21\">2. Glace bleue Razz<\/strong><\/p>\n<p><strong data-sourcepos=\"27:4-27:33\">3. Glace aux bleuets et \u00e0 la grenade<\/strong><\/p>\n<p><strong data-sourcepos=\"28:4-28:31\">4. Myrtille Rouge Framboise<\/strong><\/p>\n<p><strong data-sourcepos=\"29:4-29:27\">5.Fruit de la passion mangue<\/strong><\/p>\n<p><strong data-sourcepos=\"30:4-30:26\">6.Kiwi aux fruits de la passion<\/strong><\/p>\n<p><strong data-sourcepos=\"31:4-31:20\">7. Raisin Sakura<\/strong><\/p>\n<p><strong data-sourcepos=\"32:4-32:23\">8.Kiwi aux fraises<\/strong><\/p>\n<p><strong data-sourcepos=\"33:4-33:33\">9. Glace \u00e0 la fraise et \u00e0 la past\u00e8que<\/strong><\/p>\n<p><strong data-sourcepos=\"34:5-34:31\">10. Past\u00e8que Mangue P\u00eache<\/strong><\/p>\n<p><strong data-sourcepos=\"35:5-35:23\">11. Glace \u00e0 la past\u00e8que<\/strong><\/p>\n<p><strong data-sourcepos=\"36:5-36:20\">12.\u00c9clatement de baies<\/strong><\/p>\n<p><strong data-sourcepos=\"37:5-37:25\">13. Razz \u00e0 la p\u00eache blanche<\/strong><\/p>\n<p><strong data-sourcepos=\"38:5-38:31\">14.Hubba Bubba Fraise<\/strong><\/p>\n<p><strong data-sourcepos=\"39:5-39:35\">15. Myrtille Framboise Cerise<\/strong><\/p>\n<p><strong data-sourcepos=\"40:5-40:21\">16. Baies de cerise<\/strong><\/p>\n<p><strong data-sourcepos=\"41:5-41:23\">17. Glace aux fraises<\/strong><\/p>\n<p><strong data-sourcepos=\"42:5-42:22\">18. Baies m\u00e9lang\u00e9es<\/strong><\/p>\n<p><strong data-sourcepos=\"43:5-43:29\">19. Bubblegum \u00e0 la past\u00e8que<\/strong><\/p>\n<p><strong data-sourcepos=\"44:5-44:26\">20.Fraise Banane<\/strong><\/p>\n<p><strong data-sourcepos=\"45:5-45:17\">21.Cola Glace<\/strong><\/p>\n<p><strong data-sourcepos=\"46:5-46:23\">22.Kiwi aux bleuets<\/strong><\/p>\n<p><strong data-sourcepos=\"47:5-47:25\">23.Cerise Razz Bleue<\/strong><\/p>\n<p><strong data-sourcepos=\"48:5-48:33\">24. Gel de past\u00e8que et cerise<\/strong><\/p>\n<p><strong data-sourcepos=\"49:5-49:26\">25. Cola p\u00e9tillant aux cerises<\/strong><\/p>\n<p><strong data-sourcepos=\"50:5-50:22\">26. P\u00eaches juteuses<\/strong><\/p>\n<p><strong data-sourcepos=\"51:5-51:20\">27.P\u00eache Baie<\/strong><\/p>\n<p><strong data-sourcepos=\"52:5-52:33\">28.Kiwi Passion Fruit Goyave<\/strong><\/p>\n<p>&nbsp;<\/p>\n<p>&nbsp;<\/p>\n<h2 class=\"header-vfC6AV auto-hide-last-sibling-br\">FAQ sur la vape jetable JNR FALON 16K Puffs<\/h2>\n<p data-sourcepos=\"57:1-58:92\">\u2753 <strong data-sourcepos=\"57:3-57:50\">Qu\u2019est-ce qui rend la bobine \u00e0 double maille sup\u00e9rieure\u00a0?<\/strong><br \/>\n\u2705 <strong data-sourcepos=\"58:3-58:20\">R\u00e9sistance 1\u03a9<\/strong> optimise <strong data-sourcepos=\"58:31-58:49\">clart\u00e9 de la saveur<\/strong> et <strong data-sourcepos=\"58:54-58:71\">densit\u00e9 de vapeur<\/strong> pour des frappes plus douces.<\/p>\n<p data-sourcepos=\"60:1-61:71\">\u2753 <strong data-sourcepos=\"60:3-60:44\">Comment fonctionne le d\u00e9bit d\u2019air r\u00e9glable ?<\/strong><br \/>\n\u2705 Serrez pour <strong data-sourcepos=\"61:15-61:34\">tirages serr\u00e9s de MTL<\/strong> ou desserrer pour <strong data-sourcepos=\"61:49-61:68\">nuages \u200b\u200bRDL a\u00e9r\u00e9s<\/strong>.<\/p>\n<p data-sourcepos=\"63:1-64:69\">\u2753 <strong data-sourcepos=\"63:3-63:46\">Le nombre de 16 000 bouff\u00e9es est-il r\u00e9aliste\u00a0?<\/strong><br \/>\n\u2705 <strong data-sourcepos=\"64:3-64:20\">Capacit\u00e9 de 22 ml<\/strong> + <strong data-sourcepos=\"64:23-64:41\">bobine efficace<\/strong> assure <strong data-sourcepos=\"64:50-64:66\">semaines d'utilisation<\/strong>.<\/p>\n<p data-sourcepos=\"66:1-67:70\">\u2753 <strong data-sourcepos=\"66:3-66:51\">Quelle est la particularit\u00e9 du design en cristal ?<\/strong><br \/>\n\u2705 <strong data-sourcepos=\"67:3-67:28\">Coque en acrylique haut de gamme<\/strong> avec <strong data-sourcepos=\"67:34-67:49\">Accents LED<\/strong> pour une sensation de luxe.<\/p>\n<p data-sourcepos=\"69:1-72:50\">\u2753 <strong data-sourcepos=\"69:3-69:38\">Quelles saveurs sont les plus populaires ?<\/strong><br \/>\n\u2714 <strong data-sourcepos=\"70:3-70:20\">Glace Razz bleue<\/strong> (piquant et glac\u00e9) \u2714 <strong data-sourcepos=\"71:3-71:32\">Glace \u00e0 la fraise et \u00e0 la past\u00e8que<\/strong> (juteux et frais) \u2714 <strong data-sourcepos=\"72:3-72:31\">Kiwi Fruit de la Passion Goyave<\/strong> (punch tropical)<\/p>\n<p>&nbsp;<\/p>\n<h3 id=\"brxe-najhln\" class=\"brxe-heading\">Foire aux questions (FAQ)<\/h3>\n<div id=\"brxe-rajiac\" class=\"brxe-text\">\n<p><strong>Q : Quels modes de paiement acceptez-vous ?<\/strong><br \/>\nR\u00a0: Nous acceptons PayPal, Stripe, les virements bancaires (pris en charge par SEPA), les principales cartes de cr\u00e9dit (Visa, MasterCard, American Express) et les paiements en crypto-monnaie.<\/p>\n<p><strong>Q : Combien de temps prend la pr\u00e9paration d\u2019une commande ?<\/strong><br \/>\nR : La pr\u00e9paration de la commande prend 1 \u00e0 3 jours ouvrables.<\/p>\n<p><strong>Q : Quel est le d\u00e9lai de livraison ?<\/strong><br \/>\nR : Le d\u00e9lai de livraison est de 7 \u00e0 14 jours ouvrables, selon votre emplacement.<\/p>\n<p><strong>Q : Comment puis-je suivre ma commande ?<\/strong><br \/>\nR : Apr\u00e8s l'exp\u00e9dition, vous recevrez un e-mail de confirmation avec un num\u00e9ro de suivi pour un suivi en temps r\u00e9el.<\/p>\n<p><strong>Q : Quelle est votre politique de retour ?<\/strong><br \/>\nR : Nous proposons une politique de retour de 30 jours pour les remboursements ou les \u00e9changes. .<\/p>\n<p><strong>Q : Y aura-t-il des probl\u00e8mes douaniers ?<br \/>\n<\/strong>Nous prenons en charge toutes les proc\u00e9dures de d\u00e9douanement pour vous garantir une exp\u00e9rience sans tracas. .<\/p>\n<p><strong>Q : Quelles m\u00e9thodes d\u2019exp\u00e9dition sont utilis\u00e9es ?<\/strong><br \/>\nNous coop\u00e9rons avec UPS\/DHL\/FEDEX\/DPD, etc. Nous choisirons l'option d'exp\u00e9dition appropri\u00e9e en fonction du pays de livraison pour garantir que vous recevez vos produits le plus rapidement possible.<\/p>\n<p><a href=\"https:\/\/pgvape.com\/fr\/faq\/\">Cliquez ici pour plus de FAQ<\/a><\/p>\n<p>Chers clients, Si vous avez des questions concernant votre commande ou l'arriv\u00e9e des marchandises, n'h\u00e9sitez pas \u00e0 contacter notre service client. Merci !<\/p>\n<h3 data-sourcepos=\"73:1-73:21\"><strong data-sourcepos=\"73:7-73:21\">Contactez-nous<\/strong><\/h3>\n<div id=\"text-2419739398\" class=\"text\">\n<p><strong data-sourcepos=\"75:3-75:12\">E-mail<\/strong>:\u00a0<a href=\"mailto:support@pgvape.com\"><strong>support@pgvape.com<\/strong><\/a><\/p>\n<p><strong data-sourcepos=\"76:3-76:15\">WhatsApp<\/strong>: <a href=\"https:\/\/wa.me\/+8618128481258\"><strong>+86 18128481258<\/strong><\/a><br \/>\n<strong>(R\u00e9ponse sous 24h les jours ouvr\u00e9s)<\/strong><\/p>\n<\/div>\n<h3><strong>Merci d'avoir choisi pgvape.com ! .<\/strong><\/h3>\n<\/div>","protected":false},"excerpt":{"rendered":"<p><strong data-sourcepos=\"77:1-77:224\">\u201cJNR Falcon 16000\u00a0:\u00a0la vape jetable de luxe avec 16 000 bouff\u00e9es, un design en cristal et 25 saveurs. Comprend des bobines \u00e0 double maille de 1 \u03a9, un d\u00e9bit d'air r\u00e9glable et une batterie de 850 mAh pour des performances haut de gamme. \u201d<\/strong><\/p>","protected":false},"featured_media":2510,"comment_status":"open","ping_status":"closed","template":"","meta":{"_seopress_robots_primary_cat":"none","_seopress_titles_title":"%%post_title%% %%sep%% %%sitetitle%%","_seopress_titles_desc":"","_seopress_robots_index":""},"product_brand":[516,228],"product_cat":[229,515,29],"product_tag":[232,233,235,90,231,234,136],"class_list":{"0":"post-2507","1":"product","2":"type-product","3":"status-publish","4":"has-post-thumbnail","6":"product_brand-disposable-vape","7":"product_brand-jnr-vape","8":"product_cat-16k-puffs-vape","9":"product_cat-disposable-vape","10":"product_cat-jnr-vape","11":"product_tag-16k-puffs","12":"product_tag-16k-vape","13":"product_tag-28tastes","14":"product_tag-disposable-vape","15":"product_tag-jnr-falon-16000","16":"product_tag-original-edition-rechargeable","17":"product_tag-smart-screen","19":"first","20":"instock","21":"sale","22":"shipping-taxable","23":"purchasable","24":"product-type-variable"},"_links":{"self":[{"href":"https:\/\/pgvape.com\/fr\/wp-json\/wp\/v2\/product\/2507","targetHints":{"allow":["GET"]}}],"collection":[{"href":"https:\/\/pgvape.com\/fr\/wp-json\/wp\/v2\/product"}],"about":[{"href":"https:\/\/pgvape.com\/fr\/wp-json\/wp\/v2\/types\/product"}],"replies":[{"embeddable":true,"href":"https:\/\/pgvape.com\/fr\/wp-json\/wp\/v2\/comments?post=2507"}],"wp:featuredmedia":[{"embeddable":true,"href":"https:\/\/pgvape.com\/fr\/wp-json\/wp\/v2\/media\/2510"}],"wp:attachment":[{"href":"https:\/\/pgvape.com\/fr\/wp-json\/wp\/v2\/media?parent=2507"}],"wp:term":[{"taxonomy":"product_brand","embeddable":true,"href":"https:\/\/pgvape.com\/fr\/wp-json\/wp\/v2\/product_brand?post=2507"},{"taxonomy":"product_cat","embeddable":true,"href":"https:\/\/pgvape.com\/fr\/wp-json\/wp\/v2\/product_cat?post=2507"},{"taxonomy":"product_tag","embeddable":true,"href":"https:\/\/pgvape.com\/fr\/wp-json\/wp\/v2\/product_tag?post=2507"}],"curies":[{"name":"wp","href":"https:\/\/api.w.org\/{rel}","templated":true}]}}