{"id":2456,"date":"2025-10-09T07:42:52","date_gmt":"2025-10-09T07:42:52","guid":{"rendered":"https:\/\/pgvape.com\/?post_type=product&#038;p=2456"},"modified":"2026-01-27T10:05:16","modified_gmt":"2026-01-27T10:05:16","slug":"jnr-falcon-pro-28000-28k-bouffees-vape-jetable-2-nicotine-20-gouts-double-bobines-de-maille-ecran-intelligent-vape-usine-directe","status":"publish","type":"product","link":"https:\/\/pgvape.com\/fr\/produit\/jnr-falcon-pro-28000-28k-bouffees-vape-jetable-2-nicotine-20-gouts-double-bobines-de-maille-ecran-intelligent-vape-usine-directe\/","title":{"rendered":"JNR Falcon Pro 28000 | Vape jetable 28 000 bouff\u00e9es | 2% Nicotine | 20 go\u00fbts | Bobines \u00e0 double maille | \u00c9cran intelligent | Vape Factory Direct"},"content":{"rendered":"<p><strong data-sourcepos=\"6:5-6:35\">JNR Falcon Pro 28000 bouff\u00e9es<\/strong><span class=\"CustomP_animated_char__m3r9w\">\u00a0<\/span><span class=\"CustomP_animated_char__m3r9w\">red\u00e9finit<\/span><span class=\"CustomP_animated_char__m3r9w\">\u00a0<\/span><span class=\"CustomP_animated_char__m3r9w\">jetable<\/span><span class=\"CustomP_animated_char__m3r9w\">\u00a0<\/span><span class=\"CustomP_animated_char__m3r9w\">vapoter<\/span><span class=\"CustomP_animated_char__m3r9w\">\u00a0<\/span><span class=\"CustomP_animated_char__m3r9w\">avec<\/span><span class=\"CustomP_animated_char__m3r9w\">\u00a0<\/span><strong data-sourcepos=\"6:69-6:93\">performances \u00e9tendues<\/strong><span class=\"CustomP_animated_char__m3r9w\">\u00a0<\/span><span class=\"CustomP_animated_char__m3r9w\">et<\/span><span class=\"CustomP_animated_char__m3r9w\">\u00a0<\/span><strong data-sourcepos=\"6:98-6:125\">livraison de saveurs intenses<\/strong>. <strong data-sourcepos=\"6:139-6:179\">batterie rechargeable puissante de 950 mAh<\/strong> et <strong data-sourcepos=\"6:184-6:210\">Capacit\u00e9 e-liquide de 30 ml<\/strong>, cet appareil offre <strong data-sourcepos=\"6:233-6:262\">jusqu'\u00e0 28 000 bouff\u00e9es douces<\/strong>. <strong data-sourcepos=\"6:268-6:293\">syst\u00e8me de bobine \u00e0 double maille<\/strong> assure <strong data-sourcepos=\"6:302-6:318\">vapeur plus dense<\/strong> et <strong data-sourcepos=\"6:323-6:339\">go\u00fbt plus riche<\/strong>, tandis que le <strong data-sourcepos=\"6:351-6:367\">\u00e9cran intelligent<\/strong> vous tient inform\u00e9 avec <strong data-sourcepos=\"6:392-6:433\">surveillance en temps r\u00e9el de la batterie et des bouff\u00e9es<\/strong>. <strong data-sourcepos=\"6:440-6:464\">Chargement rapide de type C<\/strong> et <strong data-sourcepos=\"6:469-6:498\">20 options de saveurs haut de gamme<\/strong>, c'est le choix parfait pour les vapoteurs recherchant <strong data-sourcepos=\"6:543-6:572\">satisfaction durable<\/strong> et <strong data-sourcepos=\"6:577-6:600\">performances haut de gamme<\/strong><span class=\"CustomP_animated_char__m3r9w\">.<\/span><\/p>\n<p>&nbsp;<\/p>\n<h2><span style=\"font-size: 90%;\">Sp\u00e9cifications de la vape jetable JNR Falcon Pro28000 | 28 000 bouff\u00e9es<\/span><\/h2>\n<p><strong data-sourcepos=\"11:3-11:17\">Nombre de bouff\u00e9es<\/strong>:\u00a0<strong data-sourcepos=\"11:19-11:35\">28 000 bouff\u00e9es<\/strong><\/p>\n<p><strong data-sourcepos=\"12:3-12:24\">Capacit\u00e9 e-liquide<\/strong>:\u00a0<strong data-sourcepos=\"12:26-12:34\">30 ml<\/strong><\/p>\n<p><strong data-sourcepos=\"13:3-13:11\">Bobine<\/strong>:ml**<\/p>\n<p><strong data-sourcepos=\"14:3-14:11\">Bobine<\/strong>:\u00a0<strong data-sourcepos=\"14:13-14:31\">Bobine \u00e0 double maille<\/strong><\/p>\n<p><strong data-sourcepos=\"15:3-15:14\">Batterie<\/strong>:\u00a0<strong data-sourcepos=\"15:16-15:39\">950mAh rechargeable<\/strong><\/p>\n<p><strong data-sourcepos=\"16:3-16:15\">Chargement<\/strong>:\u00a0<strong data-sourcepos=\"16:17-16:41\">Chargement rapide de type C<\/strong><\/p>\n<p><strong data-sourcepos=\"17:3-17:14\">Afficher<\/strong>:\u00a0<strong data-sourcepos=\"17:16-17:53\">\u00c9cran intelligent (nombre de batteries\/bouff\u00e9es)<\/strong><\/p>\n<p><strong data-sourcepos=\"18:3-18:15\">Nicotine<\/strong>:\u00a0<strong data-sourcepos=\"18:17-18:23\">2%<\/strong><\/p>\n<p><strong data-sourcepos=\"19:3-19:14\">Saveurs<\/strong>:\u00a0<strong data-sourcepos=\"19:16-19:38\">20 options premium<\/strong><\/p>\n<p><strong data-sourcepos=\"20:3-20:16\">Conditionnement<\/strong>:\u00a0<strong data-sourcepos=\"20:18-20:36\">5 appareils\/paquet<\/strong><\/p>\n<p>&nbsp;<\/p>\n<h3><span style=\"font-size: 90%;\">Liste des saveurs de vape jetables JNR Falcon Pro28000 | 28 000 bouff\u00e9es<\/span><\/h3>\n<p><strong data-sourcepos=\"25:4-25:22\">1. Glace aux fraises<\/strong><\/p>\n<p><strong data-sourcepos=\"26:4-26:19\">2. Cola aux cerises<\/strong><\/p>\n<p><strong data-sourcepos=\"27:4-27:22\">3. Glace \u00e0 la past\u00e8que<\/strong><\/p>\n<p><strong data-sourcepos=\"28:4-28:24\">4.Cerise Razz bleue<\/strong><\/p>\n<p><strong data-sourcepos=\"29:4-29:23\">5.Kiwi aux fraises<\/strong><\/p>\n<p><strong data-sourcepos=\"30:4-30:34\">6. Myrtille Framboise Cerise<\/strong><\/p>\n<p><strong data-sourcepos=\"31:4-31:33\">7. Glace \u00e0 la fraise et \u00e0 la past\u00e8que<\/strong><\/p>\n<p><strong data-sourcepos=\"32:4-32:27\">8. Glace \u00e0 la past\u00e8que et au kiwi<\/strong><\/p>\n<p><strong data-sourcepos=\"33:4-33:21\">9. Baies m\u00e9lang\u00e9es<\/strong><\/p>\n<p><strong data-sourcepos=\"34:5-34:22\">10. P\u00eaches juteuses<\/strong><\/p>\n<p><strong data-sourcepos=\"35:5-35:22\">11.Glace aux bleuets<\/strong><\/p>\n<p><strong data-sourcepos=\"36:5-36:33\">12. Framboise aigre-myrtille<\/strong><\/p>\n<p><strong data-sourcepos=\"37:5-37:25\">13. Razz \u00e0 la p\u00eache blanche<\/strong><\/p>\n<p><strong data-sourcepos=\"38:5-38:28\">14.Fruit de la passion mangue<\/strong><\/p>\n<p><strong data-sourcepos=\"39:5-39:31\">15.P\u00eache Mangue Past\u00e8que<\/strong><\/p>\n<p><strong data-sourcepos=\"40:5-40:29\">16. Bubblegum \u00e0 la past\u00e8que<\/strong><\/p>\n<p><strong data-sourcepos=\"41:5-41:26\">17.Fraise Banane<\/strong><\/p>\n<p><strong data-sourcepos=\"42:5-42:21\">18.Double pomme<\/strong><\/p>\n<p><strong data-sourcepos=\"43:5-43:27\">19. Goyave Kiwi Passion<\/strong><\/p>\n<p><strong data-sourcepos=\"44:5-44:21\">20.Cerise Berry<\/strong><\/p>\n<p><img loading=\"lazy\" decoding=\"async\" class=\"alignnone wp-image-2476 size-full\" src=\"https:\/\/pgvape.com\/wp-content\/uploads\/2025\/10\/pgvape-pgvape-JNR-Falcon-Pro-28K-Puffs-Disposable-Vape-2-Nicotine-20Tastes-Dual-Mesh-Coils-Smart-Screen-Vape-Factory-Direct-18.png\" alt=\"\" width=\"1920\" height=\"1080\" srcset=\"https:\/\/pgvape.com\/wp-content\/uploads\/2025\/10\/pgvape-pgvape-JNR-Falcon-Pro-28K-Puffs-Disposable-Vape-2-Nicotine-20Tastes-Dual-Mesh-Coils-Smart-Screen-Vape-Factory-Direct-18.png 1920w, https:\/\/pgvape.com\/wp-content\/uploads\/2025\/10\/pgvape-pgvape-JNR-Falcon-Pro-28K-Puffs-Disposable-Vape-2-Nicotine-20Tastes-Dual-Mesh-Coils-Smart-Screen-Vape-Factory-Direct-18-555x312.png 555w, https:\/\/pgvape.com\/wp-content\/uploads\/2025\/10\/pgvape-pgvape-JNR-Falcon-Pro-28K-Puffs-Disposable-Vape-2-Nicotine-20Tastes-Dual-Mesh-Coils-Smart-Screen-Vape-Factory-Direct-18-595x335.png 595w, https:\/\/pgvape.com\/wp-content\/uploads\/2025\/10\/pgvape-pgvape-JNR-Falcon-Pro-28K-Puffs-Disposable-Vape-2-Nicotine-20Tastes-Dual-Mesh-Coils-Smart-Screen-Vape-Factory-Direct-18-400x225.png 400w, https:\/\/pgvape.com\/wp-content\/uploads\/2025\/10\/pgvape-pgvape-JNR-Falcon-Pro-28K-Puffs-Disposable-Vape-2-Nicotine-20Tastes-Dual-Mesh-Coils-Smart-Screen-Vape-Factory-Direct-18-768x432.png 768w, https:\/\/pgvape.com\/wp-content\/uploads\/2025\/10\/pgvape-pgvape-JNR-Falcon-Pro-28K-Puffs-Disposable-Vape-2-Nicotine-20Tastes-Dual-Mesh-Coils-Smart-Screen-Vape-Factory-Direct-18-1536x864.png 1536w, https:\/\/pgvape.com\/wp-content\/uploads\/2025\/10\/pgvape-pgvape-JNR-Falcon-Pro-28K-Puffs-Disposable-Vape-2-Nicotine-20Tastes-Dual-Mesh-Coils-Smart-Screen-Vape-Factory-Direct-18-18x10.png 18w, https:\/\/pgvape.com\/wp-content\/uploads\/2025\/10\/pgvape-pgvape-JNR-Falcon-Pro-28K-Puffs-Disposable-Vape-2-Nicotine-20Tastes-Dual-Mesh-Coils-Smart-Screen-Vape-Factory-Direct-18-600x338.png 600w, https:\/\/pgvape.com\/wp-content\/uploads\/2025\/10\/pgvape-pgvape-JNR-Falcon-Pro-28K-Puffs-Disposable-Vape-2-Nicotine-20Tastes-Dual-Mesh-Coils-Smart-Screen-Vape-Factory-Direct-18-60x34.png 60w\" sizes=\"auto, (max-width: 1920px) 100vw, 1920px\" \/><\/p>\n<h2 class=\"header-vfC6AV auto-hide-last-sibling-br\">FAQ sur la vape jetable JNR Falcon Pro28000 | 28 000 bouff\u00e9es<\/h2>\n<p data-sourcepos=\"49:1-50:103\">\u2753 <strong data-sourcepos=\"49:3-49:54\">Qu'est-ce qui distingue le nombre de 28 000 bouff\u00e9es\u00a0?<br \/>\n<\/strong> \u2705 <strong data-sourcepos=\"50:3-50:30\">Capacit\u00e9 optimis\u00e9e de 30 ml<\/strong> et <strong data-sourcepos=\"50:35-50:63\">bobine efficace \u00e0 double maille<\/strong> livrer <strong data-sourcepos=\"50:72-50:100\">s\u00e9ances de vapotage prolong\u00e9es<\/strong>.<\/p>\n<p data-sourcepos=\"52:1-53:102\">\u2753 <strong data-sourcepos=\"52:3-52:62\">Comment la bobine \u00e0 double maille am\u00e9liore-t-elle l\u2019exp\u00e9rience ?<\/strong><br \/>\n\u2705 <strong data-sourcepos=\"53:3-53:28\">\u00c9l\u00e9ments chauffants doubles<\/strong> fournir <strong data-sourcepos=\"53:37-53:56\">40% plus de saveur<\/strong> et <strong data-sourcepos=\"53:61-53:79\">nuages \u200b\u200b\u200b\u200bplus \u00e9pais<\/strong> que les bobines standards.<\/p>\n<p data-sourcepos=\"55:1-56:78\">\u2753 <strong data-sourcepos=\"55:3-55:44\">La batterie de 950 mAh est-elle suffisante ?<\/strong><br \/>\n\u2705 <strong data-sourcepos=\"56:3-56:11\">Oui!<\/strong> Offres <strong data-sourcepos=\"56:19-56:42\">performance toute la journ\u00e9e<\/strong> avec <strong data-sourcepos=\"56:48-56:75\">recharge rapide de type C<\/strong>.<\/p>\n<p data-sourcepos=\"58:1-59:29\">\u2753 <strong data-sourcepos=\"58:3-58:30\">Puis-je surveiller ma consommation ?<\/strong><br \/>\n\u2705 <strong data-sourcepos=\"59:3-59:20\">Affichage intelligent<\/strong> montre\u00a0:<strong data-sourcepos=\"60:3-60:24\">Batterie restante <\/strong><strong data-sourcepos=\"61:3-61:17\">Nombre de bouff\u00e9es <\/strong><strong data-sourcepos=\"62:3-62:20\">Statut de vapotage<\/strong><\/p>\n<p data-sourcepos=\"64:1-67:42\">\u2753 <strong data-sourcepos=\"64:3-64:34\">Pour qui cette vape est-elle id\u00e9ale ?<\/strong><br \/>\n\u2714 <strong data-sourcepos=\"65:3-65:28\">Des vapoteurs ax\u00e9s sur la saveur<\/strong> \u2714 <strong data-sourcepos=\"66:3-66:18\">Gros utilisateurs<\/strong> n\u00e9cessitant une longue dur\u00e9e de vie de la batterie \u2714 <strong data-sourcepos=\"67:3-67:20\">Chasseurs de nuages<\/strong> vouloir une vapeur dense<\/p>\n<p>&nbsp;<\/p>\n<h3 id=\"brxe-najhln\" class=\"brxe-heading\">Foire aux questions (FAQ)<\/h3>\n<div id=\"brxe-rajiac\" class=\"brxe-text\">\n<p><strong>Q : Quels modes de paiement acceptez-vous ?<\/strong><br \/>\nR\u00a0: Nous acceptons PayPal, Stripe, les virements bancaires (pris en charge par SEPA), les principales cartes de cr\u00e9dit (Visa, MasterCard, American Express) et les paiements en crypto-monnaie.<\/p>\n<p><strong>Q : Combien de temps prend la pr\u00e9paration d\u2019une commande ?<\/strong><br \/>\nR : La pr\u00e9paration de la commande prend 1 \u00e0 3 jours ouvrables.<\/p>\n<p><strong>Q : Quel est le d\u00e9lai de livraison ?<\/strong><br \/>\nR : Le d\u00e9lai de livraison est de 7 \u00e0 14 jours ouvrables, selon votre emplacement.<\/p>\n<p><strong>Q : Comment puis-je suivre ma commande ?<\/strong><br \/>\nR : Apr\u00e8s l'exp\u00e9dition, vous recevrez un e-mail de confirmation avec un num\u00e9ro de suivi pour un suivi en temps r\u00e9el.<\/p>\n<p><strong>Q : Quelle est votre politique de retour ?<\/strong><br \/>\nR : Nous proposons une politique de retour de 30 jours pour les remboursements ou les \u00e9changes. .<\/p>\n<p><strong>Q : Y aura-t-il des probl\u00e8mes douaniers ?<br \/>\n<\/strong>Nous prenons en charge toutes les proc\u00e9dures de d\u00e9douanement pour vous garantir une exp\u00e9rience sans tracas. .<\/p>\n<p><strong>Q : Quelles m\u00e9thodes d\u2019exp\u00e9dition sont utilis\u00e9es ?<\/strong><br \/>\nNous coop\u00e9rons avec UPS\/DHL\/FEDEX\/DPD, etc. Nous choisirons l'option d'exp\u00e9dition appropri\u00e9e en fonction du pays de livraison pour garantir que vous recevez vos produits le plus rapidement possible.<\/p>\n<p><a href=\"https:\/\/pgvape.com\/fr\/faq\/\">Cliquez ici pour plus de FAQ<\/a><\/p>\n<p>Chers clients, Si vous avez des questions concernant votre commande ou l'arriv\u00e9e des marchandises, n'h\u00e9sitez pas \u00e0 contacter notre service client. Merci !<\/p>\n<h3 data-sourcepos=\"73:1-73:21\"><strong data-sourcepos=\"73:7-73:21\">Contactez-nous<\/strong><\/h3>\n<div id=\"text-2419739398\" class=\"text\">\n<p><strong data-sourcepos=\"75:3-75:12\">E-mail<\/strong>:\u00a0<a href=\"mailto:support@pgvape.com\"><strong>support@pgvape.com<\/strong><\/a><\/p>\n<p><strong data-sourcepos=\"76:3-76:15\">WhatsApp<\/strong>: <a href=\"https:\/\/wa.me\/+8618128481258\"><strong>+86 18128481258<\/strong><\/a><br \/>\n<strong>(R\u00e9ponse sous 24h les jours ouvr\u00e9s)<\/strong><\/p>\n<\/div>\n<h3><strong>Merci d'avoir choisi pgvape.com ! .<\/strong><\/h3>\n<\/div>","protected":false},"excerpt":{"rendered":"<p><strong data-sourcepos=\"72:1-72:234\">\u201cJNR Falcon Pro 28000\u00a0: Le jetable haute performance avec 28 000 bouff\u00e9es, une capacit\u00e9 de 30 ml et des bobines \u00e0 double maille. Comprend un \u00e9cran intelligent, une charge de type C et 20 saveurs pour une satisfaction de vapotage ultime. \u201d<\/strong><\/p>","protected":false},"featured_media":2483,"comment_status":"open","ping_status":"closed","template":"","meta":{"_seopress_robots_primary_cat":"none","_seopress_titles_title":"%%post_title%% %%sep%% %%sitetitle%%","_seopress_titles_desc":"","_seopress_robots_index":""},"product_brand":[516,228],"product_cat":[227,515,29],"product_tag":[187,225,226,90,179,224,136],"class_list":{"0":"post-2456","1":"product","2":"type-product","3":"status-publish","4":"has-post-thumbnail","6":"product_brand-disposable-vape","7":"product_brand-jnr-vape","8":"product_cat-28k-puffs-vape","9":"product_cat-disposable-vape","10":"product_cat-jnr-vape","11":"product_tag-20tastes","12":"product_tag-28k-puffs","13":"product_tag-28k-vape","14":"product_tag-disposable-vape","15":"product_tag-dual-mesh-coils","16":"product_tag-jnr-falcon-pro","17":"product_tag-smart-screen","19":"first","20":"instock","21":"sale","22":"shipping-taxable","23":"purchasable","24":"product-type-variable"},"_links":{"self":[{"href":"https:\/\/pgvape.com\/fr\/wp-json\/wp\/v2\/product\/2456","targetHints":{"allow":["GET"]}}],"collection":[{"href":"https:\/\/pgvape.com\/fr\/wp-json\/wp\/v2\/product"}],"about":[{"href":"https:\/\/pgvape.com\/fr\/wp-json\/wp\/v2\/types\/product"}],"replies":[{"embeddable":true,"href":"https:\/\/pgvape.com\/fr\/wp-json\/wp\/v2\/comments?post=2456"}],"wp:featuredmedia":[{"embeddable":true,"href":"https:\/\/pgvape.com\/fr\/wp-json\/wp\/v2\/media\/2483"}],"wp:attachment":[{"href":"https:\/\/pgvape.com\/fr\/wp-json\/wp\/v2\/media?parent=2456"}],"wp:term":[{"taxonomy":"product_brand","embeddable":true,"href":"https:\/\/pgvape.com\/fr\/wp-json\/wp\/v2\/product_brand?post=2456"},{"taxonomy":"product_cat","embeddable":true,"href":"https:\/\/pgvape.com\/fr\/wp-json\/wp\/v2\/product_cat?post=2456"},{"taxonomy":"product_tag","embeddable":true,"href":"https:\/\/pgvape.com\/fr\/wp-json\/wp\/v2\/product_tag?post=2456"}],"curies":[{"name":"wp","href":"https:\/\/api.w.org\/{rel}","templated":true}]}}