{"id":2302,"date":"2025-10-03T06:06:11","date_gmt":"2025-10-03T06:06:11","guid":{"rendered":"https:\/\/pgvape.com\/?post_type=product&#038;p=2302"},"modified":"2026-01-27T10:11:46","modified_gmt":"2026-01-27T10:11:46","slug":"uwin-tornado-triple-60000-60k-bouffees-3-en-1-saveurs-vape-jetable-3-saveurs-reglables-affichage-led-intelligent-vape-directe-dusine","status":"publish","type":"product","link":"https:\/\/pgvape.com\/fr\/produit\/uwin-tornado-triple-60000-60k-bouffees-3-en-1-saveurs-vape-jetable-3-saveurs-reglables-affichage-led-intelligent-vape-directe-dusine\/","title":{"rendered":"Uwin Tornado Triple 60000 60K Puffs 3 en 1 Saveurs Vape jetable 3 Saveurs r\u00e9glables Affichage LED intelligent Vape Direct usine"},"content":{"rendered":"<p class=\"header-vfC6AV auto-hide-last-sibling-br\"><strong data-sourcepos=\"2:5-2:56\">Vape jetable Uwin Tornado Triple 60000 bouff\u00e9es<\/strong> \u00c9tablit une nouvelle norme avec <strong data-sourcepos=\"2:82-2:109\">60 000 bouff\u00e9es ultra longues<\/strong> Et <strong data-sourcepos=\"2:114-2:138\">3 saveurs r\u00e9glables<\/strong> Dans un seul appareil. <strong data-sourcepos=\"2:164-2:193\">Options de nicotine 2%\/3%\/5%<\/strong>, UN <strong data-sourcepos=\"2:197-2:228\">Batterie rechargeable 650 mAh<\/strong>, Et <strong data-sourcepos=\"2:234-2:254\">Bobine \u00e0 triple maille<\/strong>, il livre <strong data-sourcepos=\"2:268-2:283\">Vapeur dense<\/strong> Et <strong data-sourcepos=\"2:288-2:303\">Saveur pure<\/strong>. <strong data-sourcepos=\"2:309-2:330\">Affichage LED intelligent<\/strong> Pistes <strong data-sourcepos=\"2:338-2:354\">Autonomie de la batterie<\/strong> Et <strong data-sourcepos=\"2:359-2:374\">Mode saveur<\/strong>, Alors que <strong data-sourcepos=\"2:382-2:406\">Chargement rapide de type C<\/strong> Assure des mises sous tension rapides. <strong data-sourcepos=\"2:445-2:479\">12 combinaisons de saveurs haut de gamme<\/strong>, Emball\u00e9 <strong data-sourcepos=\"2:490-2:503\">10 pi\u00e8ces\/bo\u00eete<\/strong> Pour la vente au d\u00e9tail\/en gros.<\/p>\n<p>&nbsp;<\/p>\n<h2><span style=\"font-size: 90%;\">Uwin Tornado Triple 60K Puffs 3 en 1 Saveurs Vape jetable Sp\u00e9cifications<\/span><\/h2>\n<p><strong data-sourcepos=\"7:3-7:17\">Nombre de bouff\u00e9es<\/strong>:\u00a0<strong data-sourcepos=\"7:19-7:35\">60 000 bouff\u00e9es<\/strong><\/p>\n<p><strong data-sourcepos=\"8:3-8:15\">Nicotine<\/strong>:\u00a0<strong data-sourcepos=\"8:17-8:41\">Options 2% \/ 3% \/ 5%<\/strong><\/p>\n<p><strong data-sourcepos=\"9:3-9:15\">E-Liquide<\/strong>:\u00a0<strong data-sourcepos=\"9:17-9:43\">Chambres \u00e0 triple saveur<\/strong><\/p>\n<p><strong data-sourcepos=\"10:3-10:11\">Bobine<\/strong>:\u00a0<strong data-sourcepos=\"10:13-10:33\">Bobine \u00e0 triple maille<\/strong><\/p>\n<p><strong data-sourcepos=\"11:3-11:14\">Batterie<\/strong>:\u00a0<strong data-sourcepos=\"11:16-11:39\">650mAh rechargeable<\/strong><\/p>\n<p><strong data-sourcepos=\"12:3-12:15\">Chargement<\/strong>:\u00a0<strong data-sourcepos=\"12:17-12:41\">Chargement rapide de type C<\/strong><\/p>\n<p><strong data-sourcepos=\"13:3-13:14\">Afficher<\/strong>:\u00a0<strong data-sourcepos=\"13:16-13:52\">\u00c9cran LED (mode batterie\/saveur)<\/strong><\/p>\n<p><strong data-sourcepos=\"14:3-14:20\">Syst\u00e8me de saveur<\/strong>:\u00a0<strong data-sourcepos=\"14:22-14:51\">Saveurs r\u00e9glables 3 en 1<\/strong><\/p>\n<p><strong data-sourcepos=\"15:3-15:14\">Emballer<\/strong>:\u00a0<strong data-sourcepos=\"15:16-15:34\">10 appareils\/bo\u00eete<\/strong><\/p>\n<p>&nbsp;<\/p>\n<h3><span style=\"font-size: 90%;\">Uwin Tornado Triple 60K Puffs 3 en 1 Liste des saveurs de vape jetables<\/span><\/h3>\n<p><strong data-sourcepos=\"20:4-20:62\">1. Glace aux cerises + Fraise Red Bull + Myrtille Framboise<\/strong><\/p>\n<p><strong data-sourcepos=\"21:4-21:79\">2. Glace aux bleuets + past\u00e8que aux fraises + glace aux fraises, aux framboises et aux cerises<\/strong><\/p>\n<p><strong data-sourcepos=\"22:4-22:64\">3. Limonade rose + glace vanille + bonbons fraise framboise<\/strong><\/p>\n<p><strong data-sourcepos=\"23:4-23:71\">4. Fraise Kiwi + Love 66 (Melon Fruit de la Passion) + Blue Razz Ice<\/strong><\/p>\n<p><strong data-sourcepos=\"24:4-24:52\">5. Citron Lime + Fraise Banane + Fruits M\u00e9lang\u00e9s<\/strong><\/p>\n<p><strong data-sourcepos=\"25:4-25:43\">6. Glace past\u00e8que + Glace Cola + Mr Blue<\/strong><\/p>\n<p><strong data-sourcepos=\"26:4-26:68\">7. Glace \u00e0 la p\u00eache d'\u00e9t\u00e9 + myrtille framboise + fraise Red Bull<\/strong><\/p>\n<p><strong data-sourcepos=\"27:4-27:69\">8.Kiwi Passion Goyave + P\u00eache Mangue + Framboise Past\u00e8que<\/strong><\/p>\n<p><strong data-sourcepos=\"28:4-28:42\">9.Red Bull + Glace Cerise + Citron Lime<\/strong><\/p>\n<p><strong data-sourcepos=\"29:5-29:54\">10. Glace aux fraises + glace \u00e0 la p\u00eache d'\u00e9t\u00e9 + glace aux raisins<\/strong><\/p>\n<p><strong data-sourcepos=\"30:5-30:73\">11. M\u00e9lange de baies + glace aux fruits du dragon + bubblegum \u00e0 la fraise et \u00e0 la past\u00e8que<\/strong><\/p>\n<p><strong data-sourcepos=\"31:5-31:60\">12. Cola cerise + Cola fraise vanille + Baies de raisin<\/strong><\/p>\n<p>&nbsp;<\/p>\n<h3 class=\"brxe-heading\"><span style=\"font-size: 90%;\">Vid\u00e9o de vape jetable Uwin Tornado Triple 60K Puffs 3 en 1\u00a0:<br \/>\n<\/span><\/h3>\n<p><iframe loading=\"lazy\" title=\"Uwin Tornado Triple 60K Puffs 3in1 Saveurs Vape jetable 3 Saveurs r\u00e9glables Factory Direct pgvape\" width=\"563\" height=\"1000\" src=\"https:\/\/www.youtube.com\/embed\/9Mn3oeU0jVg?feature=oembed\" frameborder=\"0\" allow=\"accelerometer; autoplay; clipboard-write; encrypted-media; gyroscope; picture-in-picture; web-share\" referrerpolicy=\"strict-origin-when-cross-origin\" allowfullscreen><\/iframe><\/p>\n<p>&nbsp;<\/p>\n<h2 class=\"header-vfC6AV auto-hide-last-sibling-br\">FAQ sur la vape jetable \u00e0 saveurs 3 en 1 Uwin Tornado Triple 60K Puffs<\/h2>\n<p data-sourcepos=\"36:1-37:85\">\u2753 <strong data-sourcepos=\"36:3-36:52\">Qu'est-ce qui rend le nombre de 60 000 bouff\u00e9es sp\u00e9cial\u00a0?<\/strong><br \/>\n\u2705 <strong data-sourcepos=\"37:3-37:32\">Capacit\u00e9 de pointe<\/strong> \u2013 Dure <strong data-sourcepos=\"37:41-37:56\">5 \u00e0 6 fois plus longtemps<\/strong> Que les produits jetables standards.<\/p>\n<p data-sourcepos=\"39:1-40:88\">\u2753 <strong data-sourcepos=\"39:3-39:50\">Comment fonctionne le syst\u00e8me triple saveur ?<\/strong><br \/>\n\u2705 <strong data-sourcepos=\"40:3-40:86\">Basculez instantan\u00e9ment entre trois saveurs haut de gamme gr\u00e2ce \u00e0 des commandes simples.<\/strong><\/p>\n<p data-sourcepos=\"42:1-43:94\">\u2753 <strong data-sourcepos=\"42:3-42:58\">La bobine triple maille est-elle meilleure que les bobines doubles ?<\/strong><br \/>\n\u2705 <strong data-sourcepos=\"43:3-43:11\">Oui!<\/strong> Fournit <strong data-sourcepos=\"43:21-43:43\">30% Chauffage plus rapide<\/strong> Et <strong data-sourcepos=\"43:48-43:68\">50% Vapeur plus dense<\/strong> Pour <strong data-sourcepos=\"43:73-43:89\">Go\u00fbt plus riche<\/strong>.**<\/p>\n<p data-sourcepos=\"45:1-46:85\">\u2753 <strong data-sourcepos=\"45:3-45:45\">Puis-je surveiller facilement la dur\u00e9e de vie de la batterie\u00a0?<br \/>\n<\/strong> \u2705 <strong data-sourcepos=\"46:3-46:18\">Affichage LED<\/strong> Spectacles <strong data-sourcepos=\"46:25-46:53\">\u00c9tat de la batterie en temps r\u00e9el<\/strong> Et <strong data-sourcepos=\"46:58-46:80\">Mode saveur active<\/strong>.**<\/p>\n<p data-sourcepos=\"48:1-49:86\">\u2753 <strong data-sourcepos=\"48:3-48:37\">Pourquoi choisir une batterie de 650 mAh ?<\/strong><br \/>\n\u2705 <strong data-sourcepos=\"49:3-49:31\">Optimis\u00e9 pour l'efficacit\u00e9<\/strong> \u2013 Dure <strong data-sourcepos=\"49:40-49:51\">2+ jours<\/strong> Avec <strong data-sourcepos=\"49:57-49:81\">Chargement rapide de type C<\/strong>.**<\/p>\n<p data-sourcepos=\"51:1-52:95\">\u2753 <strong data-sourcepos=\"51:3-51:44\">Les 12 saveurs sont-elles fruit\u00e9es ou glac\u00e9es ?<br \/>\n<\/strong> \u2705 <strong data-sourcepos=\"52:3-52:12\">Les deux!<\/strong> Comprend <strong data-sourcepos=\"52:22-52:38\">M\u00e9langes de fruits<\/strong>, <strong data-sourcepos=\"52:40-52:57\">Boissons \u00e9nergisantes<\/strong>, Et <strong data-sourcepos=\"52:63-52:90\">Variantes de glace rafra\u00eechissante<\/strong>.**<\/p>\n<p>&nbsp;<\/p>\n<h3 id=\"brxe-najhln\" class=\"brxe-heading\">Foire aux questions (FAQ)<\/h3>\n<div id=\"brxe-rajiac\" class=\"brxe-text\">\n<p><strong>Q : Quels modes de paiement acceptez-vous ?<\/strong><br \/>\nR\u00a0: Nous acceptons PayPal, Stripe, les virements bancaires (pris en charge par SEPA), les principales cartes de cr\u00e9dit (Visa, MasterCard, American Express) et les paiements en crypto-monnaie.<\/p>\n<p><strong>Q : Combien de temps prend la pr\u00e9paration d\u2019une commande ?<\/strong><br \/>\nR : La pr\u00e9paration de la commande prend 1 \u00e0 3 jours ouvrables.<\/p>\n<p><strong>Q : Quel est le d\u00e9lai de livraison ?<\/strong><br \/>\nR : Le d\u00e9lai de livraison est de 7 \u00e0 14 jours ouvrables, selon votre emplacement.<\/p>\n<p><strong>Q : Comment puis-je suivre ma commande ?<\/strong><br \/>\nR : Apr\u00e8s l'exp\u00e9dition, vous recevrez un e-mail de confirmation avec un num\u00e9ro de suivi pour un suivi en temps r\u00e9el.<\/p>\n<p><strong>Q : Quelle est votre politique de retour ?<\/strong><br \/>\nR : Nous proposons une politique de retour de 30 jours pour les remboursements ou les \u00e9changes. .<\/p>\n<p><strong>Q : Y aura-t-il des probl\u00e8mes douaniers ?<br \/>\n<\/strong>Nous prenons en charge toutes les proc\u00e9dures de d\u00e9douanement pour vous garantir une exp\u00e9rience sans tracas. .<\/p>\n<p><strong>Q : Quelles m\u00e9thodes d\u2019exp\u00e9dition sont utilis\u00e9es ?<\/strong><br \/>\nNous coop\u00e9rons avec UPS\/DHL\/FEDEX\/DPD, etc. Nous choisirons l'option d'exp\u00e9dition appropri\u00e9e en fonction du pays de livraison pour garantir que vous recevez vos produits le plus rapidement possible.<\/p>\n<p><a href=\"https:\/\/pgvape.com\/fr\/faq\/\">Cliquez ici pour plus de FAQ<\/a><\/p>\n<p>Chers clients, Si vous avez des questions concernant votre commande ou l'arriv\u00e9e des marchandises, n'h\u00e9sitez pas \u00e0 contacter notre service client. Merci !<\/p>\n<h3 data-sourcepos=\"73:1-73:21\"><strong data-sourcepos=\"73:7-73:21\">Contactez-nous<\/strong><\/h3>\n<div id=\"text-2419739398\" class=\"text\">\n<p><strong data-sourcepos=\"75:3-75:12\">E-mail<\/strong>:\u00a0<a href=\"mailto:support@pgvape.com\"><strong>support@pgvape.com<\/strong><\/a><\/p>\n<p><strong data-sourcepos=\"76:3-76:15\">WhatsApp<\/strong>: <a href=\"https:\/\/wa.me\/+8618128481258\"><strong>+86 18128481258<\/strong><\/a><br \/>\n<strong>(R\u00e9ponse sous 24h les jours ouvr\u00e9s)<\/strong><\/p>\n<\/div>\n<h3><strong>Merci d'avoir choisi pgvape.com ! .<\/strong><\/h3>\n<\/div>","protected":false},"excerpt":{"rendered":"<p><strong data-sourcepos=\"57:1-57:264\">\u201cUwin Tornado Triple 60000\u00a0:\u00a0la vape jetable ultime \u00e0 saveur 3 en 1 avec 60 000 bouff\u00e9es, des bobines \u00e0 triple maille et 12 combinaisons de saveurs, avec un \u00e9cran LED intelligent, une charge de type C et 3 concentrations de nicotine pour une satisfaction personnalis\u00e9e.\u201d<\/strong><\/p>","protected":false},"featured_media":2307,"comment_status":"open","ping_status":"closed","template":"","meta":{"_seopress_robots_primary_cat":"none","_seopress_titles_title":"%%post_title%% %%sep%% %%sitetitle%%","_seopress_titles_desc":"","_seopress_robots_index":""},"product_brand":[516,207],"product_cat":[48,515,205],"product_tag":[78,215,24,51,52,90,143,214,204],"class_list":{"0":"post-2302","1":"product","2":"type-product","3":"status-publish","4":"has-post-thumbnail","6":"product_brand-disposable-vape","7":"product_brand-uwin-vape","8":"product_cat-60k-puffs-vape","9":"product_cat-disposable-vape","10":"product_cat-uwin-vape","11":"product_tag-12tastes","12":"product_tag-3-adjustable-flavors","13":"product_tag-3-in-1-flavors","14":"product_tag-60k-puffs","15":"product_tag-60k-vape","16":"product_tag-disposable-vape","17":"product_tag-smart-led-display","18":"product_tag-uwin-tornado-triple-60000","19":"product_tag-vape-factory-direct","21":"first","22":"instock","23":"sale","24":"shipping-taxable","25":"purchasable","26":"product-type-variable"},"_links":{"self":[{"href":"https:\/\/pgvape.com\/fr\/wp-json\/wp\/v2\/product\/2302","targetHints":{"allow":["GET"]}}],"collection":[{"href":"https:\/\/pgvape.com\/fr\/wp-json\/wp\/v2\/product"}],"about":[{"href":"https:\/\/pgvape.com\/fr\/wp-json\/wp\/v2\/types\/product"}],"replies":[{"embeddable":true,"href":"https:\/\/pgvape.com\/fr\/wp-json\/wp\/v2\/comments?post=2302"}],"wp:featuredmedia":[{"embeddable":true,"href":"https:\/\/pgvape.com\/fr\/wp-json\/wp\/v2\/media\/2307"}],"wp:attachment":[{"href":"https:\/\/pgvape.com\/fr\/wp-json\/wp\/v2\/media?parent=2302"}],"wp:term":[{"taxonomy":"product_brand","embeddable":true,"href":"https:\/\/pgvape.com\/fr\/wp-json\/wp\/v2\/product_brand?post=2302"},{"taxonomy":"product_cat","embeddable":true,"href":"https:\/\/pgvape.com\/fr\/wp-json\/wp\/v2\/product_cat?post=2302"},{"taxonomy":"product_tag","embeddable":true,"href":"https:\/\/pgvape.com\/fr\/wp-json\/wp\/v2\/product_tag?post=2302"}],"curies":[{"name":"wp","href":"https:\/\/api.w.org\/{rel}","templated":true}]}}