{"id":1941,"date":"2025-09-30T08:30:26","date_gmt":"2025-09-30T08:30:26","guid":{"rendered":"https:\/\/pgvape.com\/?post_type=product&#038;p=1941"},"modified":"2026-04-06T07:40:49","modified_gmt":"2026-04-06T07:40:49","slug":"bang-de-60000-60k-bouffees-3-en-1-triple-saveurs-vape-jetable-ecran-intelligent-affichage-vape-usine-directe","status":"publish","type":"product","link":"https:\/\/pgvape.com\/fr\/produit\/bang-de-60000-60k-bouffees-3-en-1-triple-saveurs-vape-jetable-ecran-intelligent-affichage-vape-usine-directe\/","title":{"rendered":"Bang DE 60000 60k Puffs 3 en 1 Triple saveurs Vape jetable \u00c9cran intelligent Vape Factory Direct"},"content":{"rendered":"<p class=\"brxe-heading\"><strong data-sourcepos=\"6:5-6:44\">Vape jetable Bang DE 60000 bouff\u00e9es<\/strong> livre <strong data-sourcepos=\"6:54-6:81\">60 000 bouff\u00e9es ultra-longues<\/strong> avec <strong data-sourcepos=\"6:87-6:115\">Technologie de saveur 3 en 1<\/strong><span class=\"CustomP_animated_char__m3r9w\">\u00a0<\/span><span class=\"CustomP_animated_char__m3r9w\">(<\/span><span class=\"CustomP_animated_char__m3r9w\">UN<\/span><span class=\"CustomP_animated_char__m3r9w\">\/<\/span><span class=\"CustomP_animated_char__m3r9w\">B<\/span><span class=\"CustomP_animated_char__m3r9w\">\/<\/span><span class=\"CustomP_animated_char__m3r9w\">AB<\/span><span class=\"CustomP_animated_char__m3r9w\">\u00a0<\/span><span class=\"CustomP_animated_char__m3r9w\">Modes<\/span><span class=\"CustomP_animated_char__m3r9w\">)<\/span><span class=\"CustomP_animated_char__m3r9w\">\u00a0<\/span><span class=\"CustomP_animated_char__m3r9w\">pour<\/span><span class=\"CustomP_animated_char__m3r9w\">\u00a0<\/span><span class=\"CustomP_animated_char__m3r9w\">personnalisable<\/span><span class=\"CustomP_animated_char__m3r9w\">\u00a0<\/span><span class=\"CustomP_animated_char__m3r9w\">go\u00fbt<\/span><span class=\"CustomP_animated_char__m3r9w\">\u00a0<\/span><span class=\"CustomP_animated_char__m3r9w\">exp\u00e9riences<\/span><span class=\"CustomP_animated_char__m3r9w\">.<\/span><span class=\"CustomP_animated_char__m3r9w\">\u00a0<\/span><span class=\"CustomP_animated_char__m3r9w\">Aliment\u00e9<\/span><span class=\"CustomP_animated_char__m3r9w\">\u00a0<\/span><span class=\"CustomP_animated_char__m3r9w\">par<\/span><span class=\"CustomP_animated_char__m3r9w\">\u00a0<\/span><strong data-sourcepos=\"6:178-6:192\">double bobines<\/strong> et un <strong data-sourcepos=\"6:200-6:231\">Batterie rechargeable de 850 mAh<\/strong><span class=\"CustomP_animated_char__m3r9w\">\u00a0<\/span><span class=\"CustomP_animated_char__m3r9w\">avec<\/span><span class=\"CustomP_animated_char__m3r9w\">\u00a0<\/span><strong data-sourcepos=\"6:237-6:261\">Chargement rapide de type C<\/strong>, il comporte un <strong data-sourcepos=\"6:277-6:302\">affichage num\u00e9rique intelligent<\/strong><span class=\"CustomP_animated_char__m3r9w\">\u00a0<\/span><span class=\"CustomP_animated_char__m3r9w\">montrant<\/span><span class=\"CustomP_animated_char__m3r9w\">\u00a0<\/span><span class=\"CustomP_animated_char__m3r9w\">r\u00e9el<\/span><span class=\"CustomP_animated_char__m3r9w\">\u2013<\/span><span class=\"CustomP_animated_char__m3r9w\">temps<\/span><span class=\"CustomP_animated_char__m3r9w\">\u00a0<\/span><span class=\"CustomP_animated_char__m3r9w\">bouff\u00e9e<\/span><span class=\"CustomP_animated_char__m3r9w\">\u00a0<\/span><span class=\"CustomP_animated_char__m3r9w\">compter<\/span><span class=\"CustomP_animated_char__m3r9w\">,<\/span><span class=\"CustomP_animated_char__m3r9w\">\u00a0<\/span><span class=\"CustomP_animated_char__m3r9w\">e<\/span><span class=\"CustomP_animated_char__m3r9w\">\u2013<\/span><span class=\"CustomP_animated_char__m3r9w\">liquide<\/span><span class=\"CustomP_animated_char__m3r9w\">\u00a0<\/span><span class=\"CustomP_animated_char__m3r9w\">niveau<\/span><span class=\"CustomP_animated_char__m3r9w\">,<\/span><span class=\"CustomP_animated_char__m3r9w\">\u00a0<\/span><span class=\"CustomP_animated_char__m3r9w\">et<\/span><span class=\"CustomP_animated_char__m3r9w\">\u00a0<\/span><span class=\"CustomP_animated_char__m3r9w\">batterie<\/span><span class=\"CustomP_animated_char__m3r9w\">\u00a0<\/span><span class=\"CustomP_animated_char__m3r9w\">statut<\/span><span class=\"CustomP_animated_char__m3r9w\">.<\/span><span class=\"CustomP_animated_char__m3r9w\">\u00a0<\/span><span class=\"CustomP_animated_char__m3r9w\">Avec<\/span><span class=\"CustomP_animated_char__m3r9w\">\u00a0<\/span><strong data-sourcepos=\"6:374-6:408\">12 combinaisons de saveurs haut de gamme<\/strong> et <strong data-sourcepos=\"6:413-6:445\">Options de nicotine 0%\/2%\/3%\/5%<\/strong><span class=\"CustomP_animated_char__m3r9w\">,<\/span><span class=\"CustomP_animated_char__m3r9w\">\u00a0<\/span><span class=\"CustomP_animated_char__m3r9w\">ce<\/span><span class=\"CustomP_animated_char__m3r9w\">\u00a0<\/span><span class=\"CustomP_animated_char__m3r9w\">appareil<\/span><span class=\"CustomP_animated_char__m3r9w\">\u00a0<\/span><span class=\"CustomP_animated_char__m3r9w\">s'adresse<\/span><span class=\"CustomP_animated_char__m3r9w\">\u00a0<\/span><span class=\"CustomP_animated_char__m3r9w\">\u00e0<\/span><span class=\"CustomP_animated_char__m3r9w\">\u00a0<\/span><span class=\"CustomP_animated_char__m3r9w\">tous<\/span><span class=\"CustomP_animated_char__m3r9w\">\u00a0<\/span><span class=\"CustomP_animated_char__m3r9w\">vapoteurs<\/span><span class=\"CustomP_animated_char__m3r9w\">\u00a0<\/span><span class=\"CustomP_animated_char__m3r9w\">en cherchant<\/span><span class=\"CustomP_animated_char__m3r9w\">\u00a0<\/span><span class=\"CustomP_animated_char__m3r9w\">performance<\/span><span class=\"CustomP_animated_char__m3r9w\">\u00a0<\/span><span class=\"CustomP_animated_char__m3r9w\">et<\/span><span class=\"CustomP_animated_char__m3r9w\">\u00a0<\/span><span class=\"CustomP_animated_char__m3r9w\">versatilit\u00e9<\/span><span class=\"CustomP_animated_char__m3r9w\">.<\/span><\/p>\n<p>&nbsp;<\/p>\n<h2><span style=\"font-size: 90%;\">Bang DE 60000 | 60k Puffs 3 en 1 Vape jetable triple saveurs Sp\u00e9cifications du produit<\/span><\/h2>\n<p><strong data-sourcepos=\"11:3-11:18\">Nombre de bouff\u00e9es\u00a0:<\/strong>\u00a0<strong data-sourcepos=\"11:19-11:35\">60 000 bouff\u00e9es<\/strong>\u00a0(Capacit\u00e9 de pointe du secteur)<\/p>\n<p><strong data-sourcepos=\"12:3-12:26\">Points forts de la nicotine\u00a0:<\/strong>\u00a0<strong data-sourcepos=\"12:27-12:48\">0% \/ 2% \/ 3% \/ 5%<\/strong>\u00a0(De z\u00e9ro-nic \u00e0 un coup fort)<\/p>\n<p><strong data-sourcepos=\"13:3-13:21\">Syst\u00e8me de saveur\u00a0:<\/strong><strong data-sourcepos=\"14:5-14:17\">3 modes\u00a0:<\/strong>\u00a0<strong data-sourcepos=\"14:18-14:34\">A (saveur 1)<\/strong>,\u00a0<strong data-sourcepos=\"14:36-14:52\">B (saveur 2)<\/strong>,\u00a0<strong data-sourcepos=\"14:54-14:66\">AB (M\u00e9lange)<\/strong><\/p>\n<p><strong data-sourcepos=\"15:5-15:30\">12 combos \u00e0 deux saveurs<\/strong>\u00a0(Changer ou m\u00e9langer les go\u00fbts)<\/p>\n<p><strong data-sourcepos=\"16:3-16:12\">Bobine:<\/strong>\u00a0<strong data-sourcepos=\"16:13-16:26\">Double bobine<\/strong>\u00a0(Vapeur plus dense et saveur intensifi\u00e9e)<\/p>\n<p><strong data-sourcepos=\"17:3-17:15\">Batterie:<\/strong>\u00a0<strong data-sourcepos=\"17:16-17:39\">850mAh rechargeable<\/strong>\u00a0+\u00a0<strong data-sourcepos=\"17:42-17:61\">Chargement de type C<\/strong><\/p>\n<p><strong data-sourcepos=\"18:3-18:15\">Afficher:<\/strong>\u00a0<strong data-sourcepos=\"18:16-18:32\">\u00c9cran intelligent<\/strong>\u00a0(Niveau d'huile, batterie, nombre de bouff\u00e9es)<\/p>\n<p><strong data-sourcepos=\"19:3-19:17\">Conditionnement:<\/strong>\u00a0<strong data-sourcepos=\"19:18-19:32\">10 pi\u00e8ces\/bo\u00eete<\/strong>\u00a0(Pr\u00eat pour la vente au d\u00e9tail\/en gros)<\/p>\n<p>&nbsp;<\/p>\n<h3><span style=\"font-size: 90%;\">Bang DE 60000 | 60k Puffs 3 en 1 Triple Saveurs Liste des saveurs de vape jetables<\/span><\/h3>\n<p>1. Glace \u00e0 la past\u00e8que et menthe aux bleuets<\/p>\n<p>2. Glace \u00e0 la past\u00e8que et cerise aux myrtilles<\/p>\n<p>3. Glace aux bleuets et past\u00e8que \u00e0 la p\u00eache et \u00e0 la mangue<\/p>\n<p>4. Glace aux bleuets et glace \u00e0 la p\u00eache<\/p>\n<p>5. Myrtille, Framboise et Baies m\u00e9lang\u00e9es<\/p>\n<p>6. Glace aux bleuets, framboises et raisins<\/p>\n<p>7.Red Bull &amp; Fraise Banane<\/p>\n<p>8. Past\u00e8que Red Bull et myrtille<\/p>\n<p>9. Bubble Gum Fraise Mangue &amp; Past\u00e8que<\/p>\n<p>10.Fraise Mangue &amp; Fraise Kiwi<\/p>\n<p>11. Past\u00e8que aux fraises et glace au dragon noir<\/p>\n<p>12.Fraise, past\u00e8que et kiwi, fruit de la passion, goyave<\/p>\n<p><img loading=\"lazy\" decoding=\"async\" class=\"alignnone wp-image-1948 size-full\" src=\"https:\/\/pgvape.com\/wp-content\/uploads\/2025\/09\/Pgvape-Bang-DE-60k-Puffs-Disposable-Vape-3-in-1-Triple-Flavors-0-2-3-5-Nicotine-12Tastes-Smart-Screen-Display-Vape-Factory-Direct-2.png\" alt=\"Douze appareils de vapotage jetables Bang DE color\u00e9s affich\u00e9s sous une banni\u00e8re violette indiquant &quot; 12 OPTIONS DE SAVEURS &quot;, chacun \u00e9tiquet\u00e9 avec diff\u00e9rents noms et ic\u00f4nes de saveurs \u00e0 base de fruits, avec une marque annon\u00e7ant 60 000 bouff\u00e9es et une fonction de saveurs r\u00e9glables 3 en 1.\" width=\"1900\" height=\"1900\" srcset=\"https:\/\/pgvape.com\/wp-content\/uploads\/2025\/09\/Pgvape-Bang-DE-60k-Puffs-Disposable-Vape-3-in-1-Triple-Flavors-0-2-3-5-Nicotine-12Tastes-Smart-Screen-Display-Vape-Factory-Direct-2.png 1900w, https:\/\/pgvape.com\/wp-content\/uploads\/2025\/09\/Pgvape-Bang-DE-60k-Puffs-Disposable-Vape-3-in-1-Triple-Flavors-0-2-3-5-Nicotine-12Tastes-Smart-Screen-Display-Vape-Factory-Direct-2-360x360.png 360w, https:\/\/pgvape.com\/wp-content\/uploads\/2025\/09\/Pgvape-Bang-DE-60k-Puffs-Disposable-Vape-3-in-1-Triple-Flavors-0-2-3-5-Nicotine-12Tastes-Smart-Screen-Display-Vape-Factory-Direct-2-595x595.png 595w, https:\/\/pgvape.com\/wp-content\/uploads\/2025\/09\/Pgvape-Bang-DE-60k-Puffs-Disposable-Vape-3-in-1-Triple-Flavors-0-2-3-5-Nicotine-12Tastes-Smart-Screen-Display-Vape-Factory-Direct-2-400x400.png 400w, https:\/\/pgvape.com\/wp-content\/uploads\/2025\/09\/Pgvape-Bang-DE-60k-Puffs-Disposable-Vape-3-in-1-Triple-Flavors-0-2-3-5-Nicotine-12Tastes-Smart-Screen-Display-Vape-Factory-Direct-2-768x768.png 768w, https:\/\/pgvape.com\/wp-content\/uploads\/2025\/09\/Pgvape-Bang-DE-60k-Puffs-Disposable-Vape-3-in-1-Triple-Flavors-0-2-3-5-Nicotine-12Tastes-Smart-Screen-Display-Vape-Factory-Direct-2-1536x1536.png 1536w, https:\/\/pgvape.com\/wp-content\/uploads\/2025\/09\/Pgvape-Bang-DE-60k-Puffs-Disposable-Vape-3-in-1-Triple-Flavors-0-2-3-5-Nicotine-12Tastes-Smart-Screen-Display-Vape-Factory-Direct-2-12x12.png 12w, https:\/\/pgvape.com\/wp-content\/uploads\/2025\/09\/Pgvape-Bang-DE-60k-Puffs-Disposable-Vape-3-in-1-Triple-Flavors-0-2-3-5-Nicotine-12Tastes-Smart-Screen-Display-Vape-Factory-Direct-2-300x300.png 300w, https:\/\/pgvape.com\/wp-content\/uploads\/2025\/09\/Pgvape-Bang-DE-60k-Puffs-Disposable-Vape-3-in-1-Triple-Flavors-0-2-3-5-Nicotine-12Tastes-Smart-Screen-Display-Vape-Factory-Direct-2-600x600.png 600w, https:\/\/pgvape.com\/wp-content\/uploads\/2025\/09\/Pgvape-Bang-DE-60k-Puffs-Disposable-Vape-3-in-1-Triple-Flavors-0-2-3-5-Nicotine-12Tastes-Smart-Screen-Display-Vape-Factory-Direct-2-100x100.png 100w, https:\/\/pgvape.com\/wp-content\/uploads\/2025\/09\/Pgvape-Bang-DE-60k-Puffs-Disposable-Vape-3-in-1-Triple-Flavors-0-2-3-5-Nicotine-12Tastes-Smart-Screen-Display-Vape-Factory-Direct-2-40x40.png 40w\" sizes=\"auto, (max-width: 1900px) 100vw, 1900px\" \/><\/p>\n<p>&nbsp;<\/p>\n<h3 id=\"brxe-najhln\" class=\"brxe-heading\">Bang DE 60000 | 60k Puffs 3 en 1 Triple saveurs Vape jetable Vid\u00e9o\u00a0:<\/h3>\n<p><iframe loading=\"lazy\" title=\"Bang DE 60000 | 60k Puffs 3 en 1 Vape jetable triple saveurs 12 Go\u00fbts \u00c9cran intelligent Affichage pgvape\" width=\"563\" height=\"1000\" src=\"https:\/\/www.youtube.com\/embed\/Vc5XxnhXQzw?feature=oembed\" frameborder=\"0\" allow=\"accelerometer; autoplay; clipboard-write; encrypted-media; gyroscope; picture-in-picture; web-share\" referrerpolicy=\"strict-origin-when-cross-origin\" allowfullscreen><\/iframe><\/p>\n<p>&nbsp;<\/p>\n<h2 class=\"header-vfC6AV auto-hide-last-sibling-br\">FAQ sur Bang DE 60000 | 60k Puffs 3 en 1 Vape jetable triple saveurs<\/h2>\n<p data-sourcepos=\"40:1-41:119\">\u2753 <strong data-sourcepos=\"40:3-40:46\">Comment fonctionne le syst\u00e8me d'ar\u00f4mes 3 en 1 ?<\/strong><br \/>\n\u2705 Basculer entre <strong data-sourcepos=\"41:18-41:30\">Saveur A<\/strong>, <strong data-sourcepos=\"41:32-41:44\">Saveur B<\/strong>, ou <strong data-sourcepos=\"41:49-41:59\">M\u00e9lange AB<\/strong> (par exemple, <strong data-sourcepos=\"41:67-41:115\">M\u00e9lange Glace aux Myrtilles + P\u00eache Mangue Past\u00e8que<\/strong>).<\/p>\n<p data-sourcepos=\"43:1-44:86\">\u2753 <strong data-sourcepos=\"43:3-43:41\">Qu\u2019est-ce qui garantit une qualit\u00e9 de vapeur douce ?<\/strong><br \/>\n\u2705 <strong data-sourcepos=\"44:3-44:17\">Double bobines<\/strong> fournir <strong data-sourcepos=\"44:26-44:55\">20% plus d'intensit\u00e9 de saveur<\/strong> par rapport aux produits jetables \u00e0 simple bobine.<\/p>\n<p data-sourcepos=\"46:1-47:96\">\u2753 <strong data-sourcepos=\"46:3-46:36\">La dur\u00e9e de vie de la batterie est-elle fiable ?<br \/>\n<\/strong> \u2705Le <strong data-sourcepos=\"47:7-47:25\">Batterie 850 mAh<\/strong> dure des jours par charge, avec <strong data-sourcepos=\"47:54-47:64\">Type-C<\/strong> faire le plein <strong data-sourcepos=\"47:78-47:93\">~30 minutes<\/strong>.<\/p>\n<p data-sourcepos=\"49:1-50:95\">\u2753 <strong data-sourcepos=\"49:3-49:29\">\u00c0 qui s\u2019adresse cet id\u00e9al ?<\/strong><br \/>\n\u2705 <strong data-sourcepos=\"50:3-50:28\">Des vapoteurs en qu\u00eate de saveurs<\/strong> vouloir de la vari\u00e9t\u00e9 + <strong data-sourcepos=\"50:47-50:60\">d\u00e9taillants<\/strong> \u00e0 la recherche de produits jetables \u00e0 forte marge.<\/p>\n<p>&nbsp;<\/p>\n<h3 id=\"brxe-najhln\" class=\"brxe-heading\">Foire aux questions (FAQ)<\/h3>\n<div id=\"brxe-rajiac\" class=\"brxe-text\">\n<p><strong>Q : Quels modes de paiement acceptez-vous ?<\/strong><br \/>\nR\u00a0: Nous acceptons PayPal, Stripe, les virements bancaires (pris en charge par SEPA), les principales cartes de cr\u00e9dit (Visa, MasterCard, American Express) et les paiements en crypto-monnaie.<\/p>\n<p><strong>Q : Combien de temps prend la pr\u00e9paration d\u2019une commande ?<\/strong><br \/>\nR : La pr\u00e9paration de la commande prend 1 \u00e0 3 jours ouvrables.<\/p>\n<p><strong>Q : Quel est le d\u00e9lai de livraison ?<\/strong><br \/>\nR : Le d\u00e9lai de livraison est de 7 \u00e0 14 jours ouvrables, selon votre emplacement.<\/p>\n<p><strong>Q : Comment puis-je suivre ma commande ?<\/strong><br \/>\nR : Apr\u00e8s l'exp\u00e9dition, vous recevrez un e-mail de confirmation avec un num\u00e9ro de suivi pour un suivi en temps r\u00e9el.<\/p>\n<p><strong>Q : Quelle est votre politique de retour ?<\/strong><br \/>\nR : Nous proposons une politique de retour de 30 jours pour les remboursements ou les \u00e9changes. .<\/p>\n<p><strong>Q : Y aura-t-il des probl\u00e8mes douaniers ?<br \/>\n<\/strong>Nous prenons en charge toutes les proc\u00e9dures de d\u00e9douanement pour vous garantir une exp\u00e9rience sans tracas. .<\/p>\n<p><strong>Q : Quelles m\u00e9thodes d\u2019exp\u00e9dition sont utilis\u00e9es ?<\/strong><br \/>\nNous coop\u00e9rons avec UPS\/DHL\/FEDEX\/DPD, etc. Nous choisirons l'option d'exp\u00e9dition appropri\u00e9e en fonction du pays de livraison pour garantir que vous recevez vos produits le plus rapidement possible.<\/p>\n<p><a href=\"https:\/\/pgvape.com\/fr\/faq\/\">Cliquez ici pour plus de FAQ<\/a><\/p>\n<p>Chers clients, Si vous avez des questions concernant votre commande ou l'arriv\u00e9e des marchandises, n'h\u00e9sitez pas \u00e0 contacter notre service client. Merci !<\/p>\n<h3 data-sourcepos=\"73:1-73:21\"><strong data-sourcepos=\"73:7-73:21\">Contactez-nous<\/strong><\/h3>\n<div id=\"text-2419739398\" class=\"text\">\n<p><strong data-sourcepos=\"75:3-75:12\">E-mail<\/strong>:\u00a0<a href=\"mailto:support@pgvape.com\"><strong>support@pgvape.com<\/strong><\/a><\/p>\n<p><strong data-sourcepos=\"76:3-76:15\">WhatsApp<\/strong>: <a href=\"https:\/\/wa.me\/+8618128481258\"><strong>+86 18128481258<\/strong><\/a><br \/>\n<strong>(R\u00e9ponse sous 24h les jours ouvr\u00e9s)<\/strong><\/p>\n<\/div>\n<h3><strong>Merci d'avoir choisi pgvape.com ! .<\/strong><\/h3>\n<\/div>","protected":false},"excerpt":{"rendered":"<p>Avec <strong data-sourcepos=\"55:6-55:19\">60 000 bouff\u00e9es<\/strong>, <strong data-sourcepos=\"55:21-55:50\">flexibilit\u00e9 triple saveur<\/strong>, et <strong data-sourcepos=\"55:56-55:82\">suivi num\u00e9rique intelligent<\/strong>, le <strong data-sourcepos=\"55:88-55:105\">Bang DE 60000<\/strong> domine le march\u00e9 du jetable haut de gamme. <strong data-sourcepos=\"55:147-55:166\">12 paires de saveurs<\/strong> et <strong data-sourcepos=\"55:171-55:197\">personnalisation de la nicotine<\/strong> r\u00e9pondre \u00e0 toutes les pr\u00e9f\u00e9rences.<\/p>","protected":false},"featured_media":1947,"comment_status":"open","ping_status":"closed","template":"","meta":{"_seopress_robots_primary_cat":"none","_seopress_titles_title":"%%post_title%% %%sep%% %%sitetitle%%","_seopress_titles_desc":"","_seopress_robots_index":""},"product_brand":[42,516],"product_cat":[48,34,515],"product_tag":[78,46,146,51,174,108,77,60,175,109],"class_list":{"0":"post-1941","1":"product","2":"type-product","3":"status-publish","4":"has-post-thumbnail","6":"product_brand-bang-de-vape","7":"product_brand-disposable-vape","8":"product_cat-60k-puffs-vape","9":"product_cat-bang-de-vape","10":"product_cat-disposable-vape","11":"product_tag-12tastes","12":"product_tag-3-in-1","13":"product_tag-146","14":"product_tag-60k-puffs","15":"product_tag-bang-de","16":"product_tag-disposable","17":"product_tag-flavors","18":"product_tag-smart-screen-display","19":"product_tag-triple","20":"product_tag-vape","22":"first","23":"instock","24":"sale","25":"shipping-taxable","26":"purchasable","27":"product-type-variable"},"_links":{"self":[{"href":"https:\/\/pgvape.com\/fr\/wp-json\/wp\/v2\/product\/1941","targetHints":{"allow":["GET"]}}],"collection":[{"href":"https:\/\/pgvape.com\/fr\/wp-json\/wp\/v2\/product"}],"about":[{"href":"https:\/\/pgvape.com\/fr\/wp-json\/wp\/v2\/types\/product"}],"replies":[{"embeddable":true,"href":"https:\/\/pgvape.com\/fr\/wp-json\/wp\/v2\/comments?post=1941"}],"wp:featuredmedia":[{"embeddable":true,"href":"https:\/\/pgvape.com\/fr\/wp-json\/wp\/v2\/media\/1947"}],"wp:attachment":[{"href":"https:\/\/pgvape.com\/fr\/wp-json\/wp\/v2\/media?parent=1941"}],"wp:term":[{"taxonomy":"product_brand","embeddable":true,"href":"https:\/\/pgvape.com\/fr\/wp-json\/wp\/v2\/product_brand?post=1941"},{"taxonomy":"product_cat","embeddable":true,"href":"https:\/\/pgvape.com\/fr\/wp-json\/wp\/v2\/product_cat?post=1941"},{"taxonomy":"product_tag","embeddable":true,"href":"https:\/\/pgvape.com\/fr\/wp-json\/wp\/v2\/product_tag?post=1941"}],"curies":[{"name":"wp","href":"https:\/\/api.w.org\/{rel}","templated":true}]}}