{"id":1912,"date":"2025-09-29T14:18:33","date_gmt":"2025-09-29T14:18:33","guid":{"rendered":"https:\/\/pgvape.com\/?post_type=product&#038;p=1912"},"modified":"2025-12-31T16:11:05","modified_gmt":"2025-12-31T16:11:05","slug":"bang-blaze-100000-100k-bouffees-6-en-1-saveurs-vape-jetable-6-saveurs-reglables-led-ecran-intelligent-vape-usine-directe","status":"publish","type":"product","link":"https:\/\/pgvape.com\/fr\/produit\/bang-blaze-100000-100k-bouffees-6-en-1-saveurs-vape-jetable-6-saveurs-reglables-led-ecran-intelligent-vape-usine-directe\/","title":{"rendered":"Bang Blaze 100000 100k Puffs 6 en 1 Saveurs Vape jetable 6 Saveurs r\u00e9glables LED \u00c9cran intelligent Vape Direct usine"},"content":{"rendered":"<p class=\"auto-hide-last-sibling-br paragraph-JOTKXA paragraph-element br-paragraph-space\"><strong data-sourcepos=\"6:5-6:46\">Vape jetable Bang Blaze 100 000 bouff\u00e9es<\/strong> \u00e9tablit une nouvelle norme industrielle avec un niveau sans pr\u00e9c\u00e9dent <strong data-sourcepos=\"6:98-6:120\">100 000 bouff\u00e9es<\/strong>, propuls\u00e9 par un syst\u00e8me innovant <strong data-sourcepos=\"6:147-6:169\">syst\u00e8me \u00e0 trois r\u00e9servoirs<\/strong> et <strong data-sourcepos=\"6:174-6:194\">bobine \u00e0 triple maille<\/strong> technologie. <strong data-sourcepos=\"6:217-6:248\">6 modes de saveur personnalisables<\/strong> (saveurs individuelles ou combin\u00e9es), <strong data-sourcepos=\"6:283-6:312\">Options de nicotine 2%\/3%\/5%<\/strong>, et un <strong data-sourcepos=\"6:321-6:352\">Batterie rechargeable de 850 mAh<\/strong> avec <strong data-sourcepos=\"6:358-6:382\">Chargement rapide de type C<\/strong>, cet appareil offre une polyvalence ultime. <strong data-sourcepos=\"6:431-6:452\">\u00e9cran LED lumineux<\/strong> fournit une surveillance en temps r\u00e9el de la batterie, du nombre de bouff\u00e9es et du mode saveur, tout en <strong data-sourcepos=\"6:530-6:564\">10 combinaisons de saveurs haut de gamme<\/strong> satisfaire tous les palais. <strong data-sourcepos=\"6:597-6:618\">10 pi\u00e8ces par bo\u00eete<\/strong>, il est id\u00e9al pour les d\u00e9taillants et les amateurs de vape<\/p>\n<p>&nbsp;<\/p>\n<h2><span style=\"font-size: 90%;\">Bang Blaze 100000 | 100k Puffs 6 en 1 Saveurs Vape jetable Sp\u00e9cifications du produit<\/span><\/h2>\n<p><strong data-sourcepos=\"11:3-11:18\">Nombre de bouff\u00e9es\u00a0:<\/strong>\u00a0<strong data-sourcepos=\"11:19-11:36\">100 000 bouff\u00e9es<\/strong>\u00a0(Long\u00e9vit\u00e9 in\u00e9gal\u00e9e)<\/p>\n<p><strong data-sourcepos=\"12:3-12:16\">Nicotine:<\/strong>\u00a0<strong data-sourcepos=\"12:17-12:33\">2% \/ 3% \/ 5%<\/strong>\u00a0(Intensit\u00e9 personnalisable)<\/p>\n<p><strong data-sourcepos=\"13:3-13:21\">Syst\u00e8me de saveur\u00a0: <\/strong><strong data-sourcepos=\"14:5-14:17\">6 modes\u00a0:<\/strong>\u00a0<strong data-sourcepos=\"14:18-14:44\">A, B, C, A+B, A+C, B+C<\/strong>\u00a0(M\u00e9langer et assortir les saveurs)<\/p>\n<p><strong data-sourcepos=\"15:5-15:25\">R\u00e9servoirs d'huile triples<\/strong>\u00a0(Prend en charge les combinaisons multi-saveurs)<\/p>\n<p><strong data-sourcepos=\"16:3-16:12\">Bobine:<\/strong>\u00a0<strong data-sourcepos=\"16:13-16:28\">Triple maille<\/strong>\u00a0(Chauffage plus rapide, 30% plus d'intensit\u00e9 de saveur)<\/p>\n<p><strong data-sourcepos=\"17:3-17:15\">Batterie:<\/strong>\u00a0<strong data-sourcepos=\"17:16-17:39\">850mAh rechargeable<\/strong>\u00a0+\u00a0<strong data-sourcepos=\"17:42-17:66\">Chargement rapide de type C<\/strong><\/p>\n<p><strong data-sourcepos=\"18:3-18:15\">Afficher:<\/strong>\u00a0<strong data-sourcepos=\"18:16-18:30\">\u00c9cran LED<\/strong>\u00a0(Suivi de l'utilisation en temps r\u00e9el)<\/p>\n<p><strong data-sourcepos=\"19:3-19:17\">Conditionnement:<\/strong>\u00a0<strong data-sourcepos=\"19:18-19:32\">10 pi\u00e8ces\/bo\u00eete<\/strong>\u00a0(Pr\u00eat pour la vente au d\u00e9tail)<\/p>\n<h3><span style=\"font-size: 90%;\"><br \/>\nBang Blaze 100000 | 100 000 bouff\u00e9es 6 en 1, liste des saveurs de vape jetables<\/span><\/h3>\n<p data-start=\"2919\" data-end=\"3091\">1.<strong>Past\u00e8que Glace &amp; Fraise Mamba &amp; Fraise Past\u00e8que<\/strong><br data-start=\"2978\" data-end=\"2981\" \/>Past\u00e8que Glac\u00e9e Fraise Mamba &amp; Fraise Past\u00e8que Fraise Mamba &amp; Fraise Past\u00e8que Fraise Mamba<\/p>\n<p data-start=\"3096\" data-end=\"3248\"><strong>2.Fuji Ice &amp; Apple Raisin &amp; Cherry Grenade<\/strong><br data-start=\"3141\" data-end=\"3144\" \/>Fuji Ice Apple Raisin &amp; Cerise Grenade Fuji Ice &amp; Cherry Pomme Grenade Raisin<\/p>\n<p data-start=\"3253\" data-end=\"3401\"><strong>3.Glace aux bleuets et bubblegum \u00e0 la framboise, au citron et \u00e0 la past\u00e8que<\/strong><br data-start=\"3309\" data-end=\"3312\" \/>Glace aux myrtilles Bubblegum framboise citron &amp; past\u00e8que Glace aux myrtilles &amp; bubblegum past\u00e8que framboise citron<\/p>\n<p data-start=\"3406\" data-end=\"3572\"><strong>4. Bleuets, Framboises et Ananas aigres Oranges et Framboises Past\u00e8ques<\/strong><br data-start=\"3483\" data-end=\"3486\" \/>Myrtilles Framboises Ananas aigres Oranges et myrtilles Framboises Framboises Past\u00e8ques et Ananas aigres Oranges Framboises Past\u00e8que<\/p>\n<p data-start=\"3577\" data-end=\"3717\"><strong>5. Raisin Glace &amp; Mangue P\u00eache &amp; Myrtille Past\u00e8que<\/strong><br data-start=\"3625\" data-end=\"3628\" \/>Raisin Glace Mangue P\u00eache &amp; Myrtille Past\u00e8que Raisin Glace &amp; Myrtille Past\u00e8que &amp; Mangue P\u00eache<\/p>\n<p data-start=\"3722\" data-end=\"3874\"><strong>6.Fraise Glace &amp; P\u00eache Citron &amp; Kiwi Fruit de la Passion Goyave<\/strong><br data-start=\"3779\" data-end=\"3782\" \/>Glace Fraise P\u00eache Citron &amp; Kiwi Fruit de la Passion Goyave Glace Fraise &amp; Kiwi Fruit de la Passion Goyave &amp; P\u00eache Citron<\/p>\n<p data-start=\"3879\" data-end=\"4025\"><strong>7. Ananas, noix de coco et myrtille Red Bull et glace \u00e0 la past\u00e8que<\/strong><br \/>\nGlace Ananas Coco Myrtille Red Bull &amp; Past\u00e8que Glace Ananas Coco &amp; Past\u00e8que Myrtille Red Bull<\/p>\n<p data-start=\"4030\" data-end=\"4162\"><strong>8. Fraise, Kiwi, Myrtille, Noix de coco et Baies m\u00e9lang\u00e9es<\/strong><br \/>\nFraise Kiwi Myrtille Noix De Coco Et Baies Mixtes Fraise Kiwi Et Baies Mixtes Myrtille Noix De Coco<\/p>\n<p data-start=\"4167\" data-end=\"4306\"><strong>9. Romance au Citron &amp; Myrtille Framboise &amp; P\u00eache Menthol<\/strong><br \/>\nRomance Citron Myrtille Framboise &amp; P\u00eache Menthol Romance Citron &amp; P\u00eache Menthol Myrtille Framboise<\/p>\n<p data-start=\"4312\" data-end=\"4462\"><strong>10.Glace P\u00eache &amp; Glace Ananas Cassis &amp; Pomme Verte Kiwi<\/strong><br \/>\nGlace P\u00eache Glace Ananas Cassis &amp; Pomme Verte Glace Kiwi Glace P\u00eache &amp; Pomme Verte Glace Kiwi &amp; Cassis Ananas<\/p>\n<p><img loading=\"lazy\" decoding=\"async\" class=\"alignnone wp-image-1919 size-full\" src=\"https:\/\/pgvape.com\/wp-content\/uploads\/2025\/09\/Bang-Blaze-100k-Puffs-6-in-1-Flavors-Disposable-Vape-6-Adjustable-Flavors-0-2-3-5-Nicotine-10Tastes-LED-Smart-Screen-Vape-Factory-Direct-5.png\" alt=\"Grille de style affiche de douze appareils de vape jetables \u00e0 d\u00e9grad\u00e9 color\u00e9 sur fond bleu clair, chacun comportant une t\u00eate de singe de dessin anim\u00e9 stylis\u00e9e, une \u00e9tiquette &quot; 6 en 1 &quot; pro\u00e9minente, des ic\u00f4nes indicatrices de style num\u00e9rique pr\u00e8s de la base et de petites listes imprim\u00e9es de six noms de saveurs sous chaque appareil.\" width=\"1400\" height=\"1900\" srcset=\"https:\/\/pgvape.com\/wp-content\/uploads\/2025\/09\/Bang-Blaze-100k-Puffs-6-in-1-Flavors-Disposable-Vape-6-Adjustable-Flavors-0-2-3-5-Nicotine-10Tastes-LED-Smart-Screen-Vape-Factory-Direct-5.png 1400w, https:\/\/pgvape.com\/wp-content\/uploads\/2025\/09\/Bang-Blaze-100k-Puffs-6-in-1-Flavors-Disposable-Vape-6-Adjustable-Flavors-0-2-3-5-Nicotine-10Tastes-LED-Smart-Screen-Vape-Factory-Direct-5-265x360.png 265w, https:\/\/pgvape.com\/wp-content\/uploads\/2025\/09\/Bang-Blaze-100k-Puffs-6-in-1-Flavors-Disposable-Vape-6-Adjustable-Flavors-0-2-3-5-Nicotine-10Tastes-LED-Smart-Screen-Vape-Factory-Direct-5-595x808.png 595w, https:\/\/pgvape.com\/wp-content\/uploads\/2025\/09\/Bang-Blaze-100k-Puffs-6-in-1-Flavors-Disposable-Vape-6-Adjustable-Flavors-0-2-3-5-Nicotine-10Tastes-LED-Smart-Screen-Vape-Factory-Direct-5-295x400.png 295w, https:\/\/pgvape.com\/wp-content\/uploads\/2025\/09\/Bang-Blaze-100k-Puffs-6-in-1-Flavors-Disposable-Vape-6-Adjustable-Flavors-0-2-3-5-Nicotine-10Tastes-LED-Smart-Screen-Vape-Factory-Direct-5-768x1042.png 768w, https:\/\/pgvape.com\/wp-content\/uploads\/2025\/09\/Bang-Blaze-100k-Puffs-6-in-1-Flavors-Disposable-Vape-6-Adjustable-Flavors-0-2-3-5-Nicotine-10Tastes-LED-Smart-Screen-Vape-Factory-Direct-5-1132x1536.png 1132w, https:\/\/pgvape.com\/wp-content\/uploads\/2025\/09\/Bang-Blaze-100k-Puffs-6-in-1-Flavors-Disposable-Vape-6-Adjustable-Flavors-0-2-3-5-Nicotine-10Tastes-LED-Smart-Screen-Vape-Factory-Direct-5-9x12.png 9w, https:\/\/pgvape.com\/wp-content\/uploads\/2025\/09\/Bang-Blaze-100k-Puffs-6-in-1-Flavors-Disposable-Vape-6-Adjustable-Flavors-0-2-3-5-Nicotine-10Tastes-LED-Smart-Screen-Vape-Factory-Direct-5-600x814.png 600w, https:\/\/pgvape.com\/wp-content\/uploads\/2025\/09\/Bang-Blaze-100k-Puffs-6-in-1-Flavors-Disposable-Vape-6-Adjustable-Flavors-0-2-3-5-Nicotine-10Tastes-LED-Smart-Screen-Vape-Factory-Direct-5-29x40.png 29w\" sizes=\"auto, (max-width: 1400px) 100vw, 1400px\" \/><\/p>\n<p>&nbsp;<\/p>\n<h3><span style=\"font-size: 90%;\">Bang Blaze 100000 | 100 000 bouff\u00e9es 6 en 1, saveurs jetables, vid\u00e9o sur vape\u00a0:<br \/>\n<iframe loading=\"lazy\" title=\"Bang Blaze 100000 | 100k Puffs 6 en 1 Saveurs Vape jetable | 6 Saveurs r\u00e9glables pgvape\" width=\"563\" height=\"1000\" src=\"https:\/\/www.youtube.com\/embed\/snQfI0OQlIA?feature=oembed\" frameborder=\"0\" allow=\"accelerometer; autoplay; clipboard-write; encrypted-media; gyroscope; picture-in-picture; web-share\" referrerpolicy=\"strict-origin-when-cross-origin\" allowfullscreen><\/iframe><br \/>\n<\/span><\/h3>\n<p>&nbsp;<\/p>\n<h2 class=\"header-vfC6AV auto-hide-last-sibling-br\">FAQ sur Bang Blaze 100000 | 100 000 bouff\u00e9es 6 en 1 saveurs vape jetable<\/h2>\n<p data-sourcepos=\"38:1-39:82\">\u2753 <strong data-sourcepos=\"38:3-38:38\">Comment obtient-il 100\u00a0000 bouff\u00e9es\u00a0?<\/strong><br \/>\n\u2705 <strong data-sourcepos=\"39:3-39:27\">Capacit\u00e9 de trois r\u00e9servoirs<\/strong> + <strong data-sourcepos=\"39:30-39:61\">bobines efficaces \u00e0 triple maille<\/strong> maximiser la dur\u00e9e de vie.<\/p>\n<p data-sourcepos=\"41:1-42:93\">\u2753 <strong data-sourcepos=\"41:3-41:41\">Puis-je cr\u00e9er des m\u00e9langes de saveurs personnalis\u00e9s\u00a0?<\/strong><br \/>\n\u2705 M\u00e9langer <strong data-sourcepos=\"42:7-42:26\">2-3 saveurs au choix<\/strong> des r\u00e9servoirs (par ex., <strong data-sourcepos=\"42:49-42:89\">Glace aux bleuets + Bubblegum \u00e0 la past\u00e8que<\/strong>).<\/p>\n<p data-sourcepos=\"44:1-45:102\">\u2753 <strong data-sourcepos=\"44:3-44:43\">La production de vapeur est-elle exceptionnelle ?<\/strong><br \/>\n\u2705 <strong data-sourcepos=\"45:3-45:24\">Bobines \u00e0 triple maille<\/strong> livrer <strong data-sourcepos=\"45:33-45:50\">nuages \u200b\u200b\u200b\u200bplus denses<\/strong> et <strong data-sourcepos=\"45:55-45:74\">40% plus de saveur<\/strong> par rapport aux produits jetables standards.<\/p>\n<p data-sourcepos=\"47:1-48:71\">\u2753 <strong data-sourcepos=\"47:3-47:31\">\u00c0 quelle vitesse se charge-t-il ?<\/strong><br \/>\n\u2705 <strong data-sourcepos=\"48:3-48:18\">Port de type C<\/strong> fait le plein de <strong data-sourcepos=\"48:31-48:49\">Batterie 850 mAh<\/strong> dans <strong data-sourcepos=\"48:53-48:68\">~40 minutes<\/strong>.<\/p>\n<p data-sourcepos=\"50:1-51:93\">\u2753 <strong data-sourcepos=\"50:3-50:26\">Pour qui est-ce le mieux ?<br \/>\n<\/strong> \u2705 <strong data-sourcepos=\"51:3-51:20\">Chasseurs de nuages<\/strong> vouloir une long\u00e9vit\u00e9 extr\u00eame + <strong data-sourcepos=\"51:49-51:62\">d\u00e9taillants<\/strong> \u00e0 la recherche de produits jetables haut de gamme<\/p>\n<p>&nbsp;<\/p>\n<h3 id=\"brxe-najhln\" class=\"brxe-heading\">Foire aux questions (FAQ)<\/h3>\n<div id=\"brxe-rajiac\" class=\"brxe-text\">\n<p><strong>Q : Quels modes de paiement acceptez-vous ?<\/strong><br \/>\nR\u00a0: Nous acceptons PayPal, Stripe, les virements bancaires (pris en charge par SEPA), les principales cartes de cr\u00e9dit (Visa, MasterCard, American Express) et les paiements en crypto-monnaie.<\/p>\n<p><strong>Q : Combien de temps prend la pr\u00e9paration d\u2019une commande ?<\/strong><br \/>\nR : La pr\u00e9paration de la commande prend 1 \u00e0 3 jours ouvrables.<\/p>\n<p><strong>Q : Quel est le d\u00e9lai de livraison ?<\/strong><br \/>\nR : Le d\u00e9lai de livraison est de 7 \u00e0 14 jours ouvrables, selon votre emplacement.<\/p>\n<p><strong>Q : Comment puis-je suivre ma commande ?<\/strong><br \/>\nR : Apr\u00e8s l'exp\u00e9dition, vous recevrez un e-mail de confirmation avec un num\u00e9ro de suivi pour un suivi en temps r\u00e9el.<\/p>\n<p><strong>Q : Quelle est votre politique de retour ?<\/strong><br \/>\nR : Nous proposons une politique de retour de 30 jours pour les remboursements ou les \u00e9changes. .<\/p>\n<p><strong>Q : Y aura-t-il des probl\u00e8mes douaniers ?<br \/>\n<\/strong>Nous prenons en charge toutes les proc\u00e9dures de d\u00e9douanement pour vous garantir une exp\u00e9rience sans tracas. .<\/p>\n<p><strong>Q : Quelles m\u00e9thodes d\u2019exp\u00e9dition sont utilis\u00e9es ?<\/strong><br \/>\nNous coop\u00e9rons avec UPS\/DHL\/FEDEX\/DPD, etc. Nous choisirons l'option d'exp\u00e9dition appropri\u00e9e en fonction du pays de livraison pour garantir que vous recevez vos produits le plus rapidement possible.<\/p>\n<p><a href=\"https:\/\/pgvape.com\/fr\/faq\/\">Cliquez ici pour plus de FAQ<\/a><\/p>\n<p>Chers clients, Si vous avez des questions concernant votre commande ou l'arriv\u00e9e des marchandises, n'h\u00e9sitez pas \u00e0 contacter notre service client. Merci !<\/p>\n<h3 data-sourcepos=\"73:1-73:21\"><strong data-sourcepos=\"73:7-73:21\">Contactez-nous<\/strong><\/h3>\n<div id=\"text-2419739398\" class=\"text\">\n<p><strong data-sourcepos=\"75:3-75:12\">E-mail<\/strong>:\u00a0<a href=\"mailto:support@pgvape.com\"><strong>support@pgvape.com<\/strong><\/a><\/p>\n<p><strong data-sourcepos=\"76:3-76:15\">WhatsApp<\/strong>: <a href=\"https:\/\/wa.me\/+8618128481258\"><strong>+86 18128481258<\/strong><\/a><br \/>\n<strong>(R\u00e9ponse sous 24h les jours ouvr\u00e9s)<\/strong><\/p>\n<\/div>\n<h3><strong>Merci d'avoir choisi pgvape.com ! .<\/strong><\/h3>\n<\/div>","protected":false},"excerpt":{"rendered":"<p>Avec <strong data-sourcepos=\"56:6-56:20\">100 000 bouff\u00e9es<\/strong>, <strong data-sourcepos=\"56:22-56:40\">6 modes de saveur<\/strong>, et <strong data-sourcepos=\"56:46-56:72\">technologie \u00e0 trois r\u00e9servoirs<\/strong>, le <strong data-sourcepos=\"56:78-56:97\">Bang Blaze 100K<\/strong> domine le march\u00e9 du jetable haut de gamme. <strong data-sourcepos=\"56:140-56:159\">10 trios de saveurs<\/strong> et <strong data-sourcepos=\"56:164-56:186\">suivi intelligent des LED<\/strong> offrent une personnalisation in\u00e9gal\u00e9e.<\/p>","protected":false},"featured_media":1915,"comment_status":"open","ping_status":"closed","template":"","meta":{"_seopress_robots_primary_cat":"none","_seopress_titles_title":"%%post_title%% %%sep%% %%sitetitle%%","_seopress_titles_desc":"","_seopress_robots_index":""},"product_brand":[49,516],"product_cat":[170,33,515],"product_tag":[171,169,172,122,163,108,77,173,167,109],"class_list":{"0":"post-1912","1":"product","2":"type-product","3":"status-publish","4":"has-post-thumbnail","6":"product_brand-bang-blaze-vape","7":"product_brand-disposable-vape","8":"product_cat-100k-puffs-vape","9":"product_cat-bang-blaze-vape","10":"product_cat-disposable-vape","11":"product_tag-100k","12":"product_tag-10tastes","13":"product_tag-6-adjustable-flavors","14":"product_tag-6-in-1","15":"product_tag-bang-blaze","16":"product_tag-disposable","17":"product_tag-flavors","18":"product_tag-led-smart-screen","19":"product_tag-puffs","20":"product_tag-vape","22":"first","23":"instock","24":"sale","25":"shipping-taxable","26":"purchasable","27":"product-type-variable"},"_links":{"self":[{"href":"https:\/\/pgvape.com\/fr\/wp-json\/wp\/v2\/product\/1912","targetHints":{"allow":["GET"]}}],"collection":[{"href":"https:\/\/pgvape.com\/fr\/wp-json\/wp\/v2\/product"}],"about":[{"href":"https:\/\/pgvape.com\/fr\/wp-json\/wp\/v2\/types\/product"}],"replies":[{"embeddable":true,"href":"https:\/\/pgvape.com\/fr\/wp-json\/wp\/v2\/comments?post=1912"}],"wp:featuredmedia":[{"embeddable":true,"href":"https:\/\/pgvape.com\/fr\/wp-json\/wp\/v2\/media\/1915"}],"wp:attachment":[{"href":"https:\/\/pgvape.com\/fr\/wp-json\/wp\/v2\/media?parent=1912"}],"wp:term":[{"taxonomy":"product_brand","embeddable":true,"href":"https:\/\/pgvape.com\/fr\/wp-json\/wp\/v2\/product_brand?post=1912"},{"taxonomy":"product_cat","embeddable":true,"href":"https:\/\/pgvape.com\/fr\/wp-json\/wp\/v2\/product_cat?post=1912"},{"taxonomy":"product_tag","embeddable":true,"href":"https:\/\/pgvape.com\/fr\/wp-json\/wp\/v2\/product_tag?post=1912"}],"curies":[{"name":"wp","href":"https:\/\/api.w.org\/{rel}","templated":true}]}}