{"id":1650,"date":"2025-09-28T14:42:20","date_gmt":"2025-09-28T14:42:20","guid":{"rendered":"https:\/\/pgvape.com\/?post_type=product&#038;p=1650"},"modified":"2025-12-15T13:23:31","modified_gmt":"2025-12-15T13:23:31","slug":"randm-digital-box-12000-12k-bouffees-jetables-vape-affichage-led-vape-direct-usine","status":"publish","type":"product","link":"https:\/\/pgvape.com\/fr\/produit\/randm-digital-box-12000-12k-bouffees-jetables-vape-affichage-led-vape-direct-usine\/","title":{"rendered":"RandM Digital Box 12000 12K Puffs Vape jetable Affichage LED Vape Direct Usine"},"content":{"rendered":"<div class=\"auto-hide-last-sibling-br paragraph-JOTKXA paragraph-element br-paragraph-space\"><strong data-sourcepos=\"6:5-6:32\">Bo\u00eete num\u00e9rique RandM 12000<\/strong> red\u00e9finit le vapotage avec <strong data-sourcepos=\"6:55-6:71\">12 000 bouff\u00e9es<\/strong>, un <strong data-sourcepos=\"6:75-6:101\">Capacit\u00e9 de 20 ml d'e-liquide<\/strong>, et <strong data-sourcepos=\"6:107-6:147\">surveillance en temps r\u00e9el de la batterie\/du jus \u00e9lectronique<\/strong> via son <strong data-sourcepos=\"6:156-6:175\">affichage num\u00e9rique<\/strong>. <strong data-sourcepos=\"6:213-6:242\">Sel de nicotine 0%\/2%\/3%\/5%<\/strong> options et <strong data-sourcepos=\"6:255-6:269\">40 saveurs<\/strong>, aliment\u00e9 par un <strong data-sourcepos=\"6:285-6:316\">Batterie rechargeable de 850 mAh<\/strong> avec <strong data-sourcepos=\"6:322-6:341\">Chargement de type C<\/strong>. <strong data-sourcepos=\"6:355-6:381\">Bo\u00eetes de pr\u00e9sentation de 10 pi\u00e8ces<\/strong> (ou <strong data-sourcepos=\"6:386-6:406\">Cartons de 200 unit\u00e9s<\/strong><span class=\"CustomP_animated_char__m3r9w\">)<\/span><span class=\"CustomP_animated_char__m3r9w\">,<\/span><span class=\"CustomP_animated_char__m3r9w\">\u00a0<\/span><span class=\"CustomP_animated_char__m3r9w\">il<\/span><span class=\"CustomP_animated_char__m3r9w\">\u2019<\/span><span class=\"CustomP_animated_char__m3r9w\">s<\/span><span class=\"CustomP_animated_char__m3r9w\">\u00a0<\/span><span class=\"CustomP_animated_char__m3r9w\">id\u00e9al<\/span><span class=\"CustomP_animated_char__m3r9w\">\u00a0<\/span><span class=\"CustomP_animated_char__m3r9w\">pour<\/span><span class=\"CustomP_animated_char__m3r9w\">\u00a0<\/span><span class=\"CustomP_animated_char__m3r9w\">les deux<\/span><span class=\"CustomP_animated_char__m3r9w\">\u00a0<\/span><span class=\"CustomP_animated_char__m3r9w\">personnel<\/span><span class=\"CustomP_animated_char__m3r9w\">\u00a0<\/span><span class=\"CustomP_animated_char__m3r9w\">utiliser<\/span><span class=\"CustomP_animated_char__m3r9w\">\u00a0<\/span><span class=\"CustomP_animated_char__m3r9w\">et<\/span><span class=\"CustomP_animated_char__m3r9w\">\u00a0<\/span><span class=\"CustomP_animated_char__m3r9w\">en gros<\/span><span class=\"CustomP_animated_char__m3r9w\">\u00a0<\/span><span class=\"CustomP_animated_char__m3r9w\">ventes<\/span><span class=\"CustomP_animated_char__m3r9w\">.<\/span><\/div>\n<p>&nbsp;<\/p>\n<h2><span style=\"font-size: 90%;\">RandM Digital Box 12000 | 12K bouff\u00e9es Vape jetable Sp\u00e9cifications du produit<\/span><\/h2>\n<p><strong data-sourcepos=\"11:3-11:25\">Force de la nicotine\u00a0:<\/strong>\u00a0<strong data-sourcepos=\"11:26-11:47\">0% \/ 2% \/ 3% \/ 5%<\/strong>\u00a0(De z\u00e9ro-nic \u00e0 un fort coup de gorge)<\/p>\n<p><strong data-sourcepos=\"12:3-12:25\">Capacit\u00e9 e-liquide\u00a0:<\/strong>\u00a0<strong data-sourcepos=\"12:26-12:34\">20 ml<\/strong>\u00a0(Utilisation prolong\u00e9e entre les recharges)<\/p>\n<p><strong data-sourcepos=\"13:3-13:18\">Nombre de bouff\u00e9es\u00a0:<\/strong>\u00a0<strong data-sourcepos=\"13:19-13:35\">12 000 bouff\u00e9es<\/strong>\u00a0(Dur\u00e9e de vie plus longue que les produits jetables standards)<\/p>\n<p><strong data-sourcepos=\"14:3-14:15\">Afficher:<\/strong>\u00a0<strong data-sourcepos=\"14:16-14:54\">Indicateurs de niveau de batterie et de jus \u00e9lectronique<\/strong>\u00a0(Suivi de pr\u00e9cision)<\/p>\n<p><strong data-sourcepos=\"15:3-15:15\">Batterie:<\/strong>\u00a0<strong data-sourcepos=\"15:16-15:39\">850mAh rechargeable<\/strong>\u00a0(Rapide\u00a0<strong data-sourcepos=\"15:46-15:56\">Type-C<\/strong>\u00a0chargement)<\/p>\n<p><strong data-sourcepos=\"16:3-16:22\">Options de saveur\u00a0:<\/strong>\u00a0<strong data-sourcepos=\"16:23-16:39\">40 vari\u00e9t\u00e9s<\/strong>\u00a0(M\u00e9langes fruit\u00e9s, glac\u00e9s, desserts et exotiques)<\/p>\n<p><strong data-sourcepos=\"17:3-17:17\">Conditionnement:<\/strong>Vente au d\u00e9tail:\u00a0<strong data-sourcepos=\"18:13-18:34\">10 pi\u00e8ces\/bo\u00eete d'affichage <\/strong>De gros:\u00a0<strong data-sourcepos=\"19:16-19:33\">200 pi\u00e8ces\/carton<\/strong><\/p>\n<p>&nbsp;<\/p>\n<h3><span style=\"font-size: 90%;\">RandM Digital Box 12000 | Liste des saveurs de vape jetables de 12 000 bouff\u00e9es<\/span><\/h3>\n<p>1. Menthe fra\u00eeche<\/p>\n<p>2. Glace \u00e0 la past\u00e8que<\/p>\n<p>3. Glace au raisin<\/p>\n<p>4. Myrtille Framboise<\/p>\n<p>5. Past\u00e8que aux fraises<\/p>\n<p>6.Fraise Banane<\/p>\n<p>7. Glace luxuriante<\/p>\n<p>8. Cerise<\/p>\n<p>9. Glace aux fraises<\/p>\n<p>10. Glace glac\u00e9e<\/p>\n<p>11. Limonade rose<\/p>\n<p>12.Mangue sur glace<\/p>\n<p>13. Baies m\u00e9lang\u00e9es<\/p>\n<p>14. Beignet aux fraises<\/p>\n<p>15. Raisin Fraise<\/p>\n<p>16. Cola aux cerises<\/p>\n<p>17.Dr Bleu<\/p>\n<p>18. Bleuets sur glace<\/p>\n<p>19. Goyave Kiwi Fruit de la Passion<\/p>\n<p>20.Kiwi aux fraises<\/p>\n<p>21.P\u00eache Mangue<\/p>\n<p>22. Glace \u00e0 la p\u00eache<\/p>\n<p>23.Glace aux pommes rouges<\/p>\n<p>24.Bubblegum aux bleuets<\/p>\n<p>25.Limonade aux baies<\/p>\n<p>26.Limonade Blue Razz<\/p>\n<p>27. Framboise aigre bleue<\/p>\n<p>28.Fraise Red Bull<\/p>\n<p>29.Explosion de pommes et de baies<\/p>\n<p>30. Bubble-gum \u00e0 la past\u00e8que<\/p>\n<p>31. Past\u00e8que Framboise<\/p>\n<p>32.Glace Noire<\/p>\n<p>33.Blueberry Cerise Canneberge<\/p>\n<p>34.Pompe aux fraises<\/p>\n<p>35.Vimto<\/p>\n<p>36.Cerise Berry<\/p>\n<p>37.Citron &amp; Lime<\/p>\n<p>38.Bingo-Crush<\/p>\n<p>39.Kiwi aux bleuets<\/p>\n<p>40. Pomme Cannelle<\/p>\n<p>&nbsp;<\/p>\n<p><img loading=\"lazy\" decoding=\"async\" class=\"alignnone wp-image-1670 size-full\" src=\"https:\/\/pgvape.com\/wp-content\/uploads\/2025\/09\/Pgvape-RandM-Digital-Box-12K-puffs-Disposable-Vape-0-2-3-5-Nicotin-LED-Display-Vape-Factory-Direct-18.png\" alt=\"Une grille de dosettes jetables aux couleurs vives sur un fond pastel doux, chaque dosette montrant un portrait de singe stylis\u00e9 et des noms de saveurs imprim\u00e9s comme Lush Ice, Strawberry Banana, Blueberry Raspberry, Cherry Cola et Peach Mango.\" width=\"2000\" height=\"1041\" srcset=\"https:\/\/pgvape.com\/wp-content\/uploads\/2025\/09\/Pgvape-RandM-Digital-Box-12K-puffs-Disposable-Vape-0-2-3-5-Nicotin-LED-Display-Vape-Factory-Direct-18.png 2000w, https:\/\/pgvape.com\/wp-content\/uploads\/2025\/09\/Pgvape-RandM-Digital-Box-12K-puffs-Disposable-Vape-0-2-3-5-Nicotin-LED-Display-Vape-Factory-Direct-18-555x289.png 555w, https:\/\/pgvape.com\/wp-content\/uploads\/2025\/09\/Pgvape-RandM-Digital-Box-12K-puffs-Disposable-Vape-0-2-3-5-Nicotin-LED-Display-Vape-Factory-Direct-18-595x310.png 595w, https:\/\/pgvape.com\/wp-content\/uploads\/2025\/09\/Pgvape-RandM-Digital-Box-12K-puffs-Disposable-Vape-0-2-3-5-Nicotin-LED-Display-Vape-Factory-Direct-18-400x208.png 400w, https:\/\/pgvape.com\/wp-content\/uploads\/2025\/09\/Pgvape-RandM-Digital-Box-12K-puffs-Disposable-Vape-0-2-3-5-Nicotin-LED-Display-Vape-Factory-Direct-18-768x400.png 768w, https:\/\/pgvape.com\/wp-content\/uploads\/2025\/09\/Pgvape-RandM-Digital-Box-12K-puffs-Disposable-Vape-0-2-3-5-Nicotin-LED-Display-Vape-Factory-Direct-18-1536x799.png 1536w, https:\/\/pgvape.com\/wp-content\/uploads\/2025\/09\/Pgvape-RandM-Digital-Box-12K-puffs-Disposable-Vape-0-2-3-5-Nicotin-LED-Display-Vape-Factory-Direct-18-18x9.png 18w, https:\/\/pgvape.com\/wp-content\/uploads\/2025\/09\/Pgvape-RandM-Digital-Box-12K-puffs-Disposable-Vape-0-2-3-5-Nicotin-LED-Display-Vape-Factory-Direct-18-600x312.png 600w, https:\/\/pgvape.com\/wp-content\/uploads\/2025\/09\/Pgvape-RandM-Digital-Box-12K-puffs-Disposable-Vape-0-2-3-5-Nicotin-LED-Display-Vape-Factory-Direct-18-60x31.png 60w\" sizes=\"auto, (max-width: 2000px) 100vw, 2000px\" \/><\/p>\n<p>&nbsp;<\/p>\n<h3><span style=\"font-size: 90%;\">RandM Digital Box 12000 | Vape jetable 12 000 bouff\u00e9es <\/span><strong>Vid\u00e9o:<br \/>\n<iframe loading=\"lazy\" title=\"RandM Digital Box 12000 | 12K bouff\u00e9es Vape jetable | 40 saveurs | Vape Factory Direct pgvape\" width=\"1020\" height=\"574\" src=\"https:\/\/www.youtube.com\/embed\/7AnaUnaG0uQ?feature=oembed\" frameborder=\"0\" allow=\"accelerometer; autoplay; clipboard-write; encrypted-media; gyroscope; picture-in-picture; web-share\" referrerpolicy=\"strict-origin-when-cross-origin\" allowfullscreen><\/iframe><br \/>\n<\/strong><\/h3>\n<p>&nbsp;<\/p>\n<h2 class=\"header-vfC6AV auto-hide-last-sibling-br\"><span style=\"font-size: 90%;\">FAQ sur la RandM Digital Box 12000 | Vape jetable de 12 000 bouff\u00e9es<\/span><\/h2>\n<p data-sourcepos=\"82:1-83:90\">\u2753 <strong data-sourcepos=\"82:3-82:48\">Comment l\u2019affichage am\u00e9liore-t-il le confort\u00a0?<\/strong><br \/>\n\u2705Le <strong data-sourcepos=\"83:7-83:25\">\u00e9cran num\u00e9rique<\/strong> montre exactement <strong data-sourcepos=\"83:38-83:64\">niveaux de jus \u00e9lectronique\/batterie<\/strong>, \u00e9liminant les conjectures.<\/p>\n<p data-sourcepos=\"85:1-86:51\">\u2753 <strong data-sourcepos=\"85:3-85:46\">Quelle option sans nicotine est disponible ?<\/strong><br \/>\n\u2705 Choisissez <strong data-sourcepos=\"86:10-86:25\">0%nicotine<\/strong> pour un vapotage uniquement aromatis\u00e9.<\/p>\n<p data-sourcepos=\"88:1-89:73\">\u2753 <strong data-sourcepos=\"88:3-88:37\">Combien de temps dure l'appareil ?<\/strong><br \/>\n\u2705 <strong data-sourcepos=\"89:3-89:19\">12 000 bouff\u00e9es<\/strong> et <strong data-sourcepos=\"89:24-89:41\">Capacit\u00e9 de 20 ml<\/strong> garantir des semaines d\u2019utilisation mod\u00e9r\u00e9e.<\/p>\n<p data-sourcepos=\"91:1-92:104\">\u2753 <strong data-sourcepos=\"91:3-91:46\">Les saveurs conviennent-elles \u00e0 toutes les pr\u00e9f\u00e9rences ?<\/strong><br \/>\n\u2705 <strong data-sourcepos=\"92:3-92:18\">40+ options<\/strong> port\u00e9e <strong data-sourcepos=\"92:24-92:34\">fruits<\/strong>, <strong data-sourcepos=\"92:36-92:47\">menthol<\/strong>, <strong data-sourcepos=\"92:49-92:61\">desserts<\/strong>, et <strong data-sourcepos=\"92:67-92:84\">des m\u00e9langes uniques<\/strong> comme <strong data-sourcepos=\"92:90-92:101\">Amour 66<\/strong>.<\/p>\n<p data-sourcepos=\"94:1-95:69\">\u2753 <strong data-sourcepos=\"94:3-94:39\">L\u2019achat en gros est-il rentable ?<\/strong><br \/>\n\u2705Oui ! <strong data-sourcepos=\"95:8-95:28\">Cartons de 200 unit\u00e9s<\/strong> offrir des \u00e9conomies de gros aux d\u00e9taillants.<\/p>\n<p data-sourcepos=\"97:1-98:71\">\u2753 <strong data-sourcepos=\"97:3-97:42\">\u00c0 quelle vitesse la batterie se recharge-t-elle ?<br \/>\n<\/strong> \u2705 <strong data-sourcepos=\"98:3-98:18\">Port de type C<\/strong> fait le plein de <strong data-sourcepos=\"98:31-98:49\">Batterie 850 mAh<\/strong> dans <strong data-sourcepos=\"98:53-98:68\">~45 minutes<\/strong>.<\/p>\n<p>&nbsp;<\/p>\n<h3 id=\"brxe-najhln\" class=\"brxe-heading\">Foire aux questions (FAQ)<\/h3>\n<div id=\"brxe-rajiac\" class=\"brxe-text\">\n<p><strong>Q : Quels modes de paiement acceptez-vous ?<\/strong><br \/>\nR\u00a0: Nous acceptons PayPal, Stripe, les virements bancaires (pris en charge par SEPA), les principales cartes de cr\u00e9dit (Visa, MasterCard, American Express) et les paiements en crypto-monnaie.<\/p>\n<p><strong>Q : Combien de temps prend la pr\u00e9paration d\u2019une commande ?<\/strong><br \/>\nR : La pr\u00e9paration de la commande prend 1 \u00e0 3 jours ouvrables.<\/p>\n<p><strong>Q : Quel est le d\u00e9lai de livraison ?<\/strong><br \/>\nR : Le d\u00e9lai de livraison est de 7 \u00e0 14 jours ouvrables, selon votre emplacement.<\/p>\n<p><strong>Q : Comment puis-je suivre ma commande ?<\/strong><br \/>\nR : Apr\u00e8s l'exp\u00e9dition, vous recevrez un e-mail de confirmation avec un num\u00e9ro de suivi pour un suivi en temps r\u00e9el.<\/p>\n<p><strong>Q : Quelle est votre politique de retour ?<\/strong><br \/>\nR : Nous proposons une politique de retour de 30 jours pour les remboursements ou les \u00e9changes. .<\/p>\n<p><strong>Q : Y aura-t-il des probl\u00e8mes douaniers ?<br \/>\n<\/strong>Nous prenons en charge toutes les proc\u00e9dures de d\u00e9douanement pour vous garantir une exp\u00e9rience sans tracas. .<\/p>\n<p><strong>Q : Quelles m\u00e9thodes d\u2019exp\u00e9dition sont utilis\u00e9es ?<\/strong><br \/>\nNous coop\u00e9rons avec UPS\/DHL\/FEDEX\/DPD, etc. Nous choisirons l'option d'exp\u00e9dition appropri\u00e9e en fonction du pays de livraison pour garantir que vous recevez vos produits le plus rapidement possible.<\/p>\n<p><a href=\"https:\/\/pgvape.com\/fr\/faq\/\">Cliquez ici pour plus de FAQ<\/a><\/p>\n<p>Chers clients, Si vous avez des questions concernant votre commande ou l'arriv\u00e9e des marchandises, n'h\u00e9sitez pas \u00e0 contacter notre service client. Merci !<\/p>\n<h3 data-sourcepos=\"73:1-73:21\"><strong data-sourcepos=\"73:7-73:21\">Contactez-nous<\/strong><\/h3>\n<div id=\"text-2419739398\" class=\"text\">\n<p><strong data-sourcepos=\"75:3-75:12\">E-mail<\/strong>:\u00a0<a href=\"mailto:support@pgvape.com\"><strong>support@pgvape.com<\/strong><\/a><\/p>\n<p><strong data-sourcepos=\"76:3-76:15\">WhatsApp<\/strong>: <a href=\"https:\/\/wa.me\/+8618128481258\"><strong>+86 18128481258<\/strong><\/a><br \/>\n<strong>(R\u00e9ponse sous 24h les jours ouvr\u00e9s)<\/strong><\/p>\n<\/div>\n<h3><strong>Merci d'avoir choisi pgvape.com ! .<\/strong><\/h3>\n<\/div>","protected":false},"excerpt":{"rendered":"<p><strong data-sourcepos=\"103:5-103:32\">Bo\u00eete num\u00e9rique RandM 12000<\/strong> fusionne <strong data-sourcepos=\"103:40-103:64\">vapotage de grande capacit\u00e9<\/strong> (12 000 bouff\u00e9es, 20 ml) avec <strong data-sourcepos=\"103:88-103:108\">technologie intelligente<\/strong> (affichage num\u00e9rique, chargement de type C). <strong data-sourcepos=\"103:150-103:174\">0%\/2%\/3%\/5%nicotine<\/strong> et <strong data-sourcepos=\"103:179-103:194\">40+ saveurs<\/strong>, il s'adresse \u00e0 tous les vapoteurs.<strong data-sourcepos=\"103:250-103:269\">10 pi\u00e8ces ou 200 pi\u00e8ces<\/strong>) en fait un atout commercial.<\/p>","protected":false},"featured_media":1653,"comment_status":"open","ping_status":"closed","template":"","meta":{"_seopress_robots_primary_cat":"none","_seopress_titles_title":"%%post_title%% %%sep%% %%sitetitle%%","_seopress_titles_desc":"","_seopress_robots_index":""},"product_brand":[516,148],"product_cat":[147,515,26],"product_tag":[151,152,153,150,108,79,490,149,109],"class_list":{"0":"post-1650","1":"product","2":"type-product","3":"status-publish","4":"has-post-thumbnail","6":"product_brand-disposable-vape","7":"product_brand-randm-digital-vape","8":"product_cat-12k-puffs-vape","9":"product_cat-disposable-vape","10":"product_cat-fumot-vape","11":"product_tag-12k-puffs","12":"product_tag-12k-vape","13":"product_tag-40-flavors-for","14":"product_tag-digital-box","15":"product_tag-disposable","16":"product_tag-led-display","17":"product_tag-minimum-2-pieces","18":"product_tag-randm","19":"product_tag-vape","21":"first","22":"instock","23":"sale","24":"shipping-taxable","25":"purchasable","26":"product-type-variable"},"_links":{"self":[{"href":"https:\/\/pgvape.com\/fr\/wp-json\/wp\/v2\/product\/1650","targetHints":{"allow":["GET"]}}],"collection":[{"href":"https:\/\/pgvape.com\/fr\/wp-json\/wp\/v2\/product"}],"about":[{"href":"https:\/\/pgvape.com\/fr\/wp-json\/wp\/v2\/types\/product"}],"replies":[{"embeddable":true,"href":"https:\/\/pgvape.com\/fr\/wp-json\/wp\/v2\/comments?post=1650"}],"wp:featuredmedia":[{"embeddable":true,"href":"https:\/\/pgvape.com\/fr\/wp-json\/wp\/v2\/media\/1653"}],"wp:attachment":[{"href":"https:\/\/pgvape.com\/fr\/wp-json\/wp\/v2\/media?parent=1650"}],"wp:term":[{"taxonomy":"product_brand","embeddable":true,"href":"https:\/\/pgvape.com\/fr\/wp-json\/wp\/v2\/product_brand?post=1650"},{"taxonomy":"product_cat","embeddable":true,"href":"https:\/\/pgvape.com\/fr\/wp-json\/wp\/v2\/product_cat?post=1650"},{"taxonomy":"product_tag","embeddable":true,"href":"https:\/\/pgvape.com\/fr\/wp-json\/wp\/v2\/product_tag?post=1650"}],"curies":[{"name":"wp","href":"https:\/\/api.w.org\/{rel}","templated":true}]}}